{"id":1202,"date":"2022-03-18T13:21:38","date_gmt":"2022-03-18T13:21:38","guid":{"rendered":"https:\/\/fabricair.com\/de\/?page_id=1202"},"modified":"2026-03-13T08:56:28","modified_gmt":"2026-03-13T08:56:28","slug":"anwendungen","status":"publish","type":"page","link":"https:\/\/www.fabricair.com\/de\/anwendungen\/","title":{"rendered":"Anwendungen"},"content":{"rendered":"","protected":false},"excerpt":{"rendered":"","protected":false},"author":1,"featured_media":5872,"parent":0,"menu_order":31,"comment_status":"closed","ping_status":"closed","template":"","meta":{"_acf_changed":false,"inline_featured_image":false,"footnotes":""},"class_list":["post-1202","page","type-page","status-publish","has-post-thumbnail","hentry"],"acf":[],"yoast_head":"<!-- This site is optimized with the Yoast SEO plugin v27.3 - https:\/\/yoast.com\/product\/yoast-seo-wordpress\/ -->\n<title>Anwendungen | Germany FabricAir<\/title>\n<meta name=\"description\" content=\"Effiziente Textilkanal-L\u00f6sungen f\u00fcr optimale Luftverteilung, einfache Montage und hygienische L\u00fcftungssysteme.\" \/>\n<meta name=\"robots\" content=\"index, follow, max-snippet:-1, max-image-preview:large, max-video-preview:-1\" \/>\n<link rel=\"canonical\" href=\"https:\/\/www.fabricair.com\/de\/wp-json\/wp\/v2\/pages\/1202\/\" \/>\n<meta property=\"og:locale\" content=\"en_US\" \/>\n<meta property=\"og:type\" content=\"article\" \/>\n<meta property=\"og:title\" content=\"Anwendungen - Germany FabricAir\" \/>\n<meta property=\"og:description\" content=\"Effiziente Textilkanal-L\u00f6sungen f\u00fcr optimale Luftverteilung, einfache Montage und hygienische L\u00fcftungssysteme.\" \/>\n<meta property=\"og:url\" content=\"https:\/\/www.fabricair.com\/de\/anwendungen\/\" \/>\n<meta property=\"og:site_name\" content=\"Germany FabricAir\" \/>\n<meta property=\"article:modified_time\" content=\"2026-03-13T08:56:28+00:00\" \/>\n<meta property=\"og:image\" content=\"https:\/\/www.fabricair.com\/de\/wp-content\/uploads\/sites\/21\/2022\/04\/FabricAir_wide_firestinephotography-Ji-Roz-Restaurant-26-1-1024x683.png\" \/>\n\t<meta property=\"og:image:width\" content=\"1024\" \/>\n\t<meta property=\"og:image:height\" content=\"683\" \/>\n\t<meta property=\"og:image:type\" content=\"image\/png\" \/>\n<meta name=\"twitter:card\" content=\"summary_large_image\" \/>\n<meta name=\"twitter:label1\" content=\"Est. reading time\" \/>\n\t<meta name=\"twitter:data1\" content=\"1 minute\" \/>\n<script type=\"application\/ld+json\" class=\"yoast-schema-graph\">{\"@context\":\"https:\\\/\\\/schema.org\",\"@graph\":[{\"@type\":\"WebPage\",\"@id\":\"https:\\\/\\\/www.fabricair.com\\\/de\\\/anwendungen\\\/\",\"url\":\"https:\\\/\\\/www.fabricair.com\\\/de\\\/anwendungen\\\/\",\"name\":\"Anwendungen - Germany FabricAir\",\"isPartOf\":{\"@id\":\"https:\\\/\\\/www.fabricair.com\\\/de\\\/#website\"},\"primaryImageOfPage\":{\"@id\":\"https:\\\/\\\/www.fabricair.com\\\/de\\\/anwendungen\\\/#primaryimage\"},\"image\":{\"@id\":\"https:\\\/\\\/www.fabricair.com\\\/de\\\/anwendungen\\\/#primaryimage\"},\"thumbnailUrl\":\"https:\\\/\\\/www.fabricair.com\\\/de\\\/wp-content\\\/uploads\\\/sites\\\/21\\\/2022\\\/04\\\/FabricAir_wide_firestinephotography-Ji-Roz-Restaurant-26-1.png\",\"datePublished\":\"2022-03-18T13:21:38+00:00\",\"dateModified\":\"2026-03-13T08:56:28+00:00\",\"description\":\"Effiziente Textilkanal-L\u00f6sungen f\u00fcr optimale Luftverteilung, einfache Montage und hygienische L\u00fcftungssysteme.\",\"breadcrumb\":{\"@id\":\"https:\\\/\\\/www.fabricair.com\\\/de\\\/anwendungen\\\/#breadcrumb\"},\"inLanguage\":\"en-US\",\"potentialAction\":[{\"@type\":\"ReadAction\",\"target\":[\"https:\\\/\\\/www.fabricair.com\\\/de\\\/anwendungen\\\/\"]}]},{\"@type\":\"ImageObject\",\"inLanguage\":\"en-US\",\"@id\":\"https:\\\/\\\/www.fabricair.com\\\/de\\\/anwendungen\\\/#primaryimage\",\"url\":\"https:\\\/\\\/www.fabricair.com\\\/de\\\/wp-content\\\/uploads\\\/sites\\\/21\\\/2022\\\/04\\\/FabricAir_wide_firestinephotography-Ji-Roz-Restaurant-26-1.png\",\"contentUrl\":\"https:\\\/\\\/www.fabricair.com\\\/de\\\/wp-content\\\/uploads\\\/sites\\\/21\\\/2022\\\/04\\\/FabricAir_wide_firestinephotography-Ji-Roz-Restaurant-26-1.png\",\"width\":1440,\"height\":960,\"caption\":\"Modernes Restaurantinterieur mit sichtbaren textilkanale unter der Decke und stilvoller Beleuchtung \u00fcber Sitzbereichen\"},{\"@type\":\"BreadcrumbList\",\"@id\":\"https:\\\/\\\/www.fabricair.com\\\/de\\\/anwendungen\\\/#breadcrumb\",\"itemListElement\":[{\"@type\":\"ListItem\",\"position\":1,\"name\":\"Home\",\"item\":\"https:\\\/\\\/www.fabricair.com\\\/de\\\/\"},{\"@type\":\"ListItem\",\"position\":2,\"name\":\"Anwendungen\"}]},{\"@type\":\"WebSite\",\"@id\":\"https:\\\/\\\/www.fabricair.com\\\/de\\\/#website\",\"url\":\"https:\\\/\\\/www.fabricair.com\\\/de\\\/\",\"name\":\"Germany FabricAir\",\"description\":\"\",\"potentialAction\":[{\"@type\":\"SearchAction\",\"target\":{\"@type\":\"EntryPoint\",\"urlTemplate\":\"https:\\\/\\\/www.fabricair.com\\\/de\\\/?s={search_term_string}\"},\"query-input\":{\"@type\":\"PropertyValueSpecification\",\"valueRequired\":true,\"valueName\":\"search_term_string\"}}],\"inLanguage\":\"en-US\"}]}<\/script>\n<!-- \/ Yoast SEO plugin. -->","yoast_head_json":{"title":"Anwendungen | Germany FabricAir","description":"Effiziente Textilkanal-L\u00f6sungen f\u00fcr optimale Luftverteilung, einfache Montage und hygienische L\u00fcftungssysteme.","robots":{"index":"index","follow":"follow","max-snippet":"max-snippet:-1","max-image-preview":"max-image-preview:large","max-video-preview":"max-video-preview:-1"},"canonical":"https:\/\/www.fabricair.com\/de\/wp-json\/wp\/v2\/pages\/1202\/","og_locale":"en_US","og_type":"article","og_title":"Anwendungen - Germany FabricAir","og_description":"Effiziente Textilkanal-L\u00f6sungen f\u00fcr optimale Luftverteilung, einfache Montage und hygienische L\u00fcftungssysteme.","og_url":"https:\/\/www.fabricair.com\/de\/anwendungen\/","og_site_name":"Germany FabricAir","article_modified_time":"2026-03-13T08:56:28+00:00","og_image":[{"width":1024,"height":683,"url":"https:\/\/www.fabricair.com\/de\/wp-content\/uploads\/sites\/21\/2022\/04\/FabricAir_wide_firestinephotography-Ji-Roz-Restaurant-26-1-1024x683.png","type":"image\/png"}],"twitter_card":"summary_large_image","twitter_misc":{"Est. reading time":"1 minute"},"schema":{"@context":"https:\/\/schema.org","@graph":[{"@type":"WebPage","@id":"https:\/\/www.fabricair.com\/de\/anwendungen\/","url":"https:\/\/www.fabricair.com\/de\/anwendungen\/","name":"Anwendungen - Germany FabricAir","isPartOf":{"@id":"https:\/\/www.fabricair.com\/de\/#website"},"primaryImageOfPage":{"@id":"https:\/\/www.fabricair.com\/de\/anwendungen\/#primaryimage"},"image":{"@id":"https:\/\/www.fabricair.com\/de\/anwendungen\/#primaryimage"},"thumbnailUrl":"https:\/\/www.fabricair.com\/de\/wp-content\/uploads\/sites\/21\/2022\/04\/FabricAir_wide_firestinephotography-Ji-Roz-Restaurant-26-1.png","datePublished":"2022-03-18T13:21:38+00:00","dateModified":"2026-03-13T08:56:28+00:00","description":"Effiziente Textilkanal-L\u00f6sungen f\u00fcr optimale Luftverteilung, einfache Montage und hygienische L\u00fcftungssysteme.","breadcrumb":{"@id":"https:\/\/www.fabricair.com\/de\/anwendungen\/#breadcrumb"},"inLanguage":"en-US","potentialAction":[{"@type":"ReadAction","target":["https:\/\/www.fabricair.com\/de\/anwendungen\/"]}]},{"@type":"ImageObject","inLanguage":"en-US","@id":"https:\/\/www.fabricair.com\/de\/anwendungen\/#primaryimage","url":"https:\/\/www.fabricair.com\/de\/wp-content\/uploads\/sites\/21\/2022\/04\/FabricAir_wide_firestinephotography-Ji-Roz-Restaurant-26-1.png","contentUrl":"https:\/\/www.fabricair.com\/de\/wp-content\/uploads\/sites\/21\/2022\/04\/FabricAir_wide_firestinephotography-Ji-Roz-Restaurant-26-1.png","width":1440,"height":960,"caption":"Modernes Restaurantinterieur mit sichtbaren textilkanale unter der Decke und stilvoller Beleuchtung \u00fcber Sitzbereichen"},{"@type":"BreadcrumbList","@id":"https:\/\/www.fabricair.com\/de\/anwendungen\/#breadcrumb","itemListElement":[{"@type":"ListItem","position":1,"name":"Home","item":"https:\/\/www.fabricair.com\/de\/"},{"@type":"ListItem","position":2,"name":"Anwendungen"}]},{"@type":"WebSite","@id":"https:\/\/www.fabricair.com\/de\/#website","url":"https:\/\/www.fabricair.com\/de\/","name":"Germany FabricAir","description":"","potentialAction":[{"@type":"SearchAction","target":{"@type":"EntryPoint","urlTemplate":"https:\/\/www.fabricair.com\/de\/?s={search_term_string}"},"query-input":{"@type":"PropertyValueSpecification","valueRequired":true,"valueName":"search_term_string"}}],"inLanguage":"en-US"}]}},"_links":{"self":[{"href":"https:\/\/www.fabricair.com\/de\/wp-json\/wp\/v2\/pages\/1202","targetHints":{"allow":["GET"]}}],"collection":[{"href":"https:\/\/www.fabricair.com\/de\/wp-json\/wp\/v2\/pages"}],"about":[{"href":"https:\/\/www.fabricair.com\/de\/wp-json\/wp\/v2\/types\/page"}],"author":[{"embeddable":true,"href":"https:\/\/www.fabricair.com\/de\/wp-json\/wp\/v2\/users\/1"}],"replies":[{"embeddable":true,"href":"https:\/\/www.fabricair.com\/de\/wp-json\/wp\/v2\/comments?post=1202"}],"version-history":[{"count":41,"href":"https:\/\/www.fabricair.com\/de\/wp-json\/wp\/v2\/pages\/1202\/revisions"}],"predecessor-version":[{"id":8609,"href":"https:\/\/www.fabricair.com\/de\/wp-json\/wp\/v2\/pages\/1202\/revisions\/8609"}],"wp:featuredmedia":[{"embeddable":true,"href":"https:\/\/www.fabricair.com\/de\/wp-json\/wp\/v2\/media\/5872"}],"wp:attachment":[{"href":"https:\/\/www.fabricair.com\/de\/wp-json\/wp\/v2\/media?parent=1202"}],"curies":[{"name":"wp","href":"https:\/\/api.w.org\/{rel}","templated":true}]}}