{"id":2931,"date":"2022-03-30T09:23:19","date_gmt":"2022-03-30T09:23:19","guid":{"rendered":"https:\/\/fabricair.com\/de\/?page_id=2931"},"modified":"2026-01-21T07:46:45","modified_gmt":"2026-01-21T07:46:45","slug":"ahr-in-mexiko","status":"publish","type":"page","link":"https:\/\/www.fabricair.com\/de\/bildergalerie\/veranstaltungsbilder\/ahr-in-mexiko\/","title":{"rendered":"AHR in Mexiko, 2021"},"content":{"rendered":"","protected":false},"excerpt":{"rendered":"","protected":false},"author":1,"featured_media":2904,"parent":2916,"menu_order":17,"comment_status":"closed","ping_status":"closed","template":"page-gallery.php","meta":{"_acf_changed":false,"inline_featured_image":false,"footnotes":""},"class_list":["post-2931","page","type-page","status-publish","has-post-thumbnail","hentry"],"acf":[],"yoast_head":"<!-- This site is optimized with the Yoast SEO plugin v27.3 - https:\/\/yoast.com\/product\/yoast-seo-wordpress\/ -->\n<title>AHR in Mexiko, 2021 | Germany FabricAir<\/title>\n<meta name=\"description\" content=\"Das gr\u00f6\u00dfte HLK-Event in S\u00fcdamerika: Auf der AHR Mexiko 2021 hat unser Team in S\u00fcdamerika interessierten Kund:innen die neuesten Produkte gezeigt.\" \/>\n<meta name=\"robots\" content=\"noindex, follow\" \/>\n<meta property=\"og:locale\" content=\"en_US\" \/>\n<meta property=\"og:type\" content=\"article\" \/>\n<meta property=\"og:title\" content=\"AHR in Mexiko, 2021 - Germany FabricAir\" \/>\n<meta property=\"og:description\" content=\"Das gr\u00f6\u00dfte HLK-Event in S\u00fcdamerika: Auf der AHR Mexiko 2021 hat unser Team in S\u00fcdamerika interessierten Kund:innen die neuesten Produkte gezeigt.\" \/>\n<meta property=\"og:url\" content=\"https:\/\/www.fabricair.com\/de\/bildergalerie\/veranstaltungsbilder\/ahr-in-mexiko\/\" \/>\n<meta property=\"og:site_name\" content=\"Germany FabricAir\" \/>\n<meta property=\"article:modified_time\" content=\"2026-01-21T07:46:45+00:00\" \/>\n<meta property=\"og:image\" content=\"https:\/\/www.fabricair.com\/de\/wp-content\/uploads\/sites\/21\/2022\/03\/FabricAir_AHR_Mexico_2.jpg\" \/>\n\t<meta property=\"og:image:width\" content=\"1200\" \/>\n\t<meta property=\"og:image:height\" content=\"1600\" \/>\n\t<meta property=\"og:image:type\" content=\"image\/jpeg\" \/>\n<meta name=\"twitter:card\" content=\"summary_large_image\" \/>\n<meta name=\"twitter:label1\" content=\"Est. reading time\" \/>\n\t<meta name=\"twitter:data1\" content=\"1 minute\" \/>\n<script type=\"application\/ld+json\" class=\"yoast-schema-graph\">{\"@context\":\"https:\\\/\\\/schema.org\",\"@graph\":[{\"@type\":\"WebPage\",\"@id\":\"https:\\\/\\\/www.fabricair.com\\\/de\\\/bildergalerie\\\/veranstaltungsbilder\\\/ahr-in-mexiko\\\/\",\"url\":\"https:\\\/\\\/www.fabricair.com\\\/de\\\/bildergalerie\\\/veranstaltungsbilder\\\/ahr-in-mexiko\\\/\",\"name\":\"AHR in Mexiko, 2021 - Germany FabricAir\",\"isPartOf\":{\"@id\":\"https:\\\/\\\/www.fabricair.com\\\/de\\\/#website\"},\"primaryImageOfPage\":{\"@id\":\"https:\\\/\\\/www.fabricair.com\\\/de\\\/bildergalerie\\\/veranstaltungsbilder\\\/ahr-in-mexiko\\\/#primaryimage\"},\"image\":{\"@id\":\"https:\\\/\\\/www.fabricair.com\\\/de\\\/bildergalerie\\\/veranstaltungsbilder\\\/ahr-in-mexiko\\\/#primaryimage\"},\"thumbnailUrl\":\"https:\\\/\\\/www.fabricair.com\\\/de\\\/wp-content\\\/uploads\\\/sites\\\/21\\\/2022\\\/03\\\/FabricAir_AHR_Mexico_2.jpg\",\"datePublished\":\"2022-03-30T09:23:19+00:00\",\"dateModified\":\"2026-01-21T07:46:45+00:00\",\"description\":\"Das gr\u00f6\u00dfte HLK-Event in S\u00fcdamerika: Auf der AHR Mexiko 2021 hat unser Team in S\u00fcdamerika interessierten Kund:innen die neuesten Produkte gezeigt.\",\"breadcrumb\":{\"@id\":\"https:\\\/\\\/www.fabricair.com\\\/de\\\/bildergalerie\\\/veranstaltungsbilder\\\/ahr-in-mexiko\\\/#breadcrumb\"},\"inLanguage\":\"en-US\",\"potentialAction\":[{\"@type\":\"ReadAction\",\"target\":[\"https:\\\/\\\/www.fabricair.com\\\/de\\\/bildergalerie\\\/veranstaltungsbilder\\\/ahr-in-mexiko\\\/\"]}]},{\"@type\":\"ImageObject\",\"inLanguage\":\"en-US\",\"@id\":\"https:\\\/\\\/www.fabricair.com\\\/de\\\/bildergalerie\\\/veranstaltungsbilder\\\/ahr-in-mexiko\\\/#primaryimage\",\"url\":\"https:\\\/\\\/www.fabricair.com\\\/de\\\/wp-content\\\/uploads\\\/sites\\\/21\\\/2022\\\/03\\\/FabricAir_AHR_Mexico_2.jpg\",\"contentUrl\":\"https:\\\/\\\/www.fabricair.com\\\/de\\\/wp-content\\\/uploads\\\/sites\\\/21\\\/2022\\\/03\\\/FabricAir_AHR_Mexico_2.jpg\",\"width\":1200,\"height\":1600,\"caption\":\"FabricAir auf der AHR Expo Mexiko.\"},{\"@type\":\"BreadcrumbList\",\"@id\":\"https:\\\/\\\/www.fabricair.com\\\/de\\\/bildergalerie\\\/veranstaltungsbilder\\\/ahr-in-mexiko\\\/#breadcrumb\",\"itemListElement\":[{\"@type\":\"ListItem\",\"position\":1,\"name\":\"Home\",\"item\":\"https:\\\/\\\/www.fabricair.com\\\/de\\\/\"},{\"@type\":\"ListItem\",\"position\":2,\"name\":\"Bildergalerie\",\"item\":\"https:\\\/\\\/www.fabricair.com\\\/de\\\/bildergalerie\\\/\"},{\"@type\":\"ListItem\",\"position\":3,\"name\":\"Veranstaltungsbilder\",\"item\":\"https:\\\/\\\/www.fabricair.com\\\/de\\\/bildergalerie\\\/veranstaltungsbilder\\\/\"},{\"@type\":\"ListItem\",\"position\":4,\"name\":\"AHR in Mexiko, 2021\"}]},{\"@type\":\"WebSite\",\"@id\":\"https:\\\/\\\/www.fabricair.com\\\/de\\\/#website\",\"url\":\"https:\\\/\\\/www.fabricair.com\\\/de\\\/\",\"name\":\"Germany FabricAir\",\"description\":\"\",\"potentialAction\":[{\"@type\":\"SearchAction\",\"target\":{\"@type\":\"EntryPoint\",\"urlTemplate\":\"https:\\\/\\\/www.fabricair.com\\\/de\\\/?s={search_term_string}\"},\"query-input\":{\"@type\":\"PropertyValueSpecification\",\"valueRequired\":true,\"valueName\":\"search_term_string\"}}],\"inLanguage\":\"en-US\"}]}<\/script>\n<!-- \/ Yoast SEO plugin. -->","yoast_head_json":{"title":"AHR in Mexiko, 2021 | Germany FabricAir","description":"Das gr\u00f6\u00dfte HLK-Event in S\u00fcdamerika: Auf der AHR Mexiko 2021 hat unser Team in S\u00fcdamerika interessierten Kund:innen die neuesten Produkte gezeigt.","robots":{"index":"noindex","follow":"follow"},"og_locale":"en_US","og_type":"article","og_title":"AHR in Mexiko, 2021 - Germany FabricAir","og_description":"Das gr\u00f6\u00dfte HLK-Event in S\u00fcdamerika: Auf der AHR Mexiko 2021 hat unser Team in S\u00fcdamerika interessierten Kund:innen die neuesten Produkte gezeigt.","og_url":"https:\/\/www.fabricair.com\/de\/bildergalerie\/veranstaltungsbilder\/ahr-in-mexiko\/","og_site_name":"Germany FabricAir","article_modified_time":"2026-01-21T07:46:45+00:00","og_image":[{"width":1200,"height":1600,"url":"https:\/\/www.fabricair.com\/de\/wp-content\/uploads\/sites\/21\/2022\/03\/FabricAir_AHR_Mexico_2.jpg","type":"image\/jpeg"}],"twitter_card":"summary_large_image","twitter_misc":{"Est. reading time":"1 minute"},"schema":{"@context":"https:\/\/schema.org","@graph":[{"@type":"WebPage","@id":"https:\/\/www.fabricair.com\/de\/bildergalerie\/veranstaltungsbilder\/ahr-in-mexiko\/","url":"https:\/\/www.fabricair.com\/de\/bildergalerie\/veranstaltungsbilder\/ahr-in-mexiko\/","name":"AHR in Mexiko, 2021 - Germany FabricAir","isPartOf":{"@id":"https:\/\/www.fabricair.com\/de\/#website"},"primaryImageOfPage":{"@id":"https:\/\/www.fabricair.com\/de\/bildergalerie\/veranstaltungsbilder\/ahr-in-mexiko\/#primaryimage"},"image":{"@id":"https:\/\/www.fabricair.com\/de\/bildergalerie\/veranstaltungsbilder\/ahr-in-mexiko\/#primaryimage"},"thumbnailUrl":"https:\/\/www.fabricair.com\/de\/wp-content\/uploads\/sites\/21\/2022\/03\/FabricAir_AHR_Mexico_2.jpg","datePublished":"2022-03-30T09:23:19+00:00","dateModified":"2026-01-21T07:46:45+00:00","description":"Das gr\u00f6\u00dfte HLK-Event in S\u00fcdamerika: Auf der AHR Mexiko 2021 hat unser Team in S\u00fcdamerika interessierten Kund:innen die neuesten Produkte gezeigt.","breadcrumb":{"@id":"https:\/\/www.fabricair.com\/de\/bildergalerie\/veranstaltungsbilder\/ahr-in-mexiko\/#breadcrumb"},"inLanguage":"en-US","potentialAction":[{"@type":"ReadAction","target":["https:\/\/www.fabricair.com\/de\/bildergalerie\/veranstaltungsbilder\/ahr-in-mexiko\/"]}]},{"@type":"ImageObject","inLanguage":"en-US","@id":"https:\/\/www.fabricair.com\/de\/bildergalerie\/veranstaltungsbilder\/ahr-in-mexiko\/#primaryimage","url":"https:\/\/www.fabricair.com\/de\/wp-content\/uploads\/sites\/21\/2022\/03\/FabricAir_AHR_Mexico_2.jpg","contentUrl":"https:\/\/www.fabricair.com\/de\/wp-content\/uploads\/sites\/21\/2022\/03\/FabricAir_AHR_Mexico_2.jpg","width":1200,"height":1600,"caption":"FabricAir auf der AHR Expo Mexiko."},{"@type":"BreadcrumbList","@id":"https:\/\/www.fabricair.com\/de\/bildergalerie\/veranstaltungsbilder\/ahr-in-mexiko\/#breadcrumb","itemListElement":[{"@type":"ListItem","position":1,"name":"Home","item":"https:\/\/www.fabricair.com\/de\/"},{"@type":"ListItem","position":2,"name":"Bildergalerie","item":"https:\/\/www.fabricair.com\/de\/bildergalerie\/"},{"@type":"ListItem","position":3,"name":"Veranstaltungsbilder","item":"https:\/\/www.fabricair.com\/de\/bildergalerie\/veranstaltungsbilder\/"},{"@type":"ListItem","position":4,"name":"AHR in Mexiko, 2021"}]},{"@type":"WebSite","@id":"https:\/\/www.fabricair.com\/de\/#website","url":"https:\/\/www.fabricair.com\/de\/","name":"Germany FabricAir","description":"","potentialAction":[{"@type":"SearchAction","target":{"@type":"EntryPoint","urlTemplate":"https:\/\/www.fabricair.com\/de\/?s={search_term_string}"},"query-input":{"@type":"PropertyValueSpecification","valueRequired":true,"valueName":"search_term_string"}}],"inLanguage":"en-US"}]}},"_links":{"self":[{"href":"https:\/\/www.fabricair.com\/de\/wp-json\/wp\/v2\/pages\/2931","targetHints":{"allow":["GET"]}}],"collection":[{"href":"https:\/\/www.fabricair.com\/de\/wp-json\/wp\/v2\/pages"}],"about":[{"href":"https:\/\/www.fabricair.com\/de\/wp-json\/wp\/v2\/types\/page"}],"author":[{"embeddable":true,"href":"https:\/\/www.fabricair.com\/de\/wp-json\/wp\/v2\/users\/1"}],"replies":[{"embeddable":true,"href":"https:\/\/www.fabricair.com\/de\/wp-json\/wp\/v2\/comments?post=2931"}],"version-history":[{"count":7,"href":"https:\/\/www.fabricair.com\/de\/wp-json\/wp\/v2\/pages\/2931\/revisions"}],"predecessor-version":[{"id":6908,"href":"https:\/\/www.fabricair.com\/de\/wp-json\/wp\/v2\/pages\/2931\/revisions\/6908"}],"up":[{"embeddable":true,"href":"https:\/\/www.fabricair.com\/de\/wp-json\/wp\/v2\/pages\/2916"}],"wp:featuredmedia":[{"embeddable":true,"href":"https:\/\/www.fabricair.com\/de\/wp-json\/wp\/v2\/media\/2904"}],"wp:attachment":[{"href":"https:\/\/www.fabricair.com\/de\/wp-json\/wp\/v2\/media?parent=2931"}],"curies":[{"name":"wp","href":"https:\/\/api.w.org\/{rel}","templated":true}]}}