{"id":5,"date":"2022-02-03T09:48:33","date_gmt":"2022-02-03T09:48:33","guid":{"rendered":"https:\/\/fabricair.com\/de\/?page_id=5"},"modified":"2026-03-17T09:19:34","modified_gmt":"2026-03-17T09:19:34","slug":"gewebekanale-fuhrender-produzent","status":"publish","type":"page","link":"https:\/\/www.fabricair.com\/de\/","title":{"rendered":"Gewebekan\u00e4le F\u00fchrender Produzent"},"content":{"rendered":"","protected":false},"excerpt":{"rendered":"","protected":false},"author":1,"featured_media":5979,"parent":0,"menu_order":35,"comment_status":"closed","ping_status":"closed","template":"","meta":{"_acf_changed":false,"inline_featured_image":false,"footnotes":""},"class_list":["post-5","page","type-page","status-publish","has-post-thumbnail","hentry"],"acf":[],"yoast_head":"<!-- This site is optimized with the Yoast SEO plugin v27.3 - https:\/\/yoast.com\/product\/yoast-seo-wordpress\/ -->\n<title>Gewebekan\u00e4le F\u00fchrender Produzent | Germany FabricAir<\/title>\n<meta name=\"description\" content=\"Wir sind der weltweit f\u00fchrende Produzent f\u00fcr Gewebekan\u00e4le. Entdecken Sie unsere hochwertigen Luftverteilsysteme und lassen Sie sich beraten!\" \/>\n<meta name=\"robots\" content=\"index, follow, max-snippet:-1, max-image-preview:large, max-video-preview:-1\" \/>\n<link rel=\"canonical\" href=\"https:\/\/www.fabricair.com\/de\/wp-json\/wp\/v2\/pages\/5\/\" \/>\n<meta property=\"og:locale\" content=\"en_US\" \/>\n<meta property=\"og:type\" content=\"article\" \/>\n<meta property=\"og:title\" content=\"Gewebekan\u00e4le F\u00fchrender Produzent - Germany FabricAir\" \/>\n<meta property=\"og:description\" content=\"Wir sind der weltweit f\u00fchrende Produzent f\u00fcr Gewebekan\u00e4le. Entdecken Sie unsere hochwertigen Luftverteilsysteme und lassen Sie sich beraten!\" \/>\n<meta property=\"og:url\" content=\"https:\/\/www.fabricair.com\/de\/\" \/>\n<meta property=\"og:site_name\" content=\"Germany FabricAir\" \/>\n<meta property=\"article:modified_time\" content=\"2026-03-17T09:19:34+00:00\" \/>\n<meta property=\"og:image\" content=\"https:\/\/www.fabricair.com\/de\/wp-content\/uploads\/sites\/21\/2022\/04\/danfoss-002-scaled.jpg\" \/>\n\t<meta property=\"og:image:width\" content=\"2560\" \/>\n\t<meta property=\"og:image:height\" content=\"1669\" \/>\n\t<meta property=\"og:image:type\" content=\"image\/jpeg\" \/>\n<meta name=\"twitter:card\" content=\"summary_large_image\" \/>\n<meta name=\"twitter:label1\" content=\"Est. reading time\" \/>\n\t<meta name=\"twitter:data1\" content=\"1 minute\" \/>\n<script type=\"application\/ld+json\" class=\"yoast-schema-graph\">{\"@context\":\"https:\\\/\\\/schema.org\",\"@graph\":[{\"@type\":\"WebPage\",\"@id\":\"https:\\\/\\\/www.fabricair.com\\\/de\\\/\",\"url\":\"https:\\\/\\\/www.fabricair.com\\\/de\\\/\",\"name\":\"Gewebekan\u00e4le F\u00fchrender Produzent - Germany FabricAir\",\"isPartOf\":{\"@id\":\"https:\\\/\\\/www.fabricair.com\\\/de\\\/#website\"},\"primaryImageOfPage\":{\"@id\":\"https:\\\/\\\/www.fabricair.com\\\/de\\\/#primaryimage\"},\"image\":{\"@id\":\"https:\\\/\\\/www.fabricair.com\\\/de\\\/#primaryimage\"},\"thumbnailUrl\":\"https:\\\/\\\/www.fabricair.com\\\/de\\\/wp-content\\\/uploads\\\/sites\\\/21\\\/2022\\\/04\\\/danfoss-002-scaled.jpg\",\"datePublished\":\"2022-02-03T09:48:33+00:00\",\"dateModified\":\"2026-03-17T09:19:34+00:00\",\"description\":\"Wir sind der weltweit f\u00fchrende Produzent f\u00fcr Gewebekan\u00e4le. Entdecken Sie unsere hochwertigen Luftverteilsysteme und lassen Sie sich beraten!\",\"breadcrumb\":{\"@id\":\"https:\\\/\\\/www.fabricair.com\\\/de\\\/#breadcrumb\"},\"inLanguage\":\"en-US\",\"potentialAction\":[{\"@type\":\"ReadAction\",\"target\":[\"https:\\\/\\\/www.fabricair.com\\\/de\\\/\"]}]},{\"@type\":\"ImageObject\",\"inLanguage\":\"en-US\",\"@id\":\"https:\\\/\\\/www.fabricair.com\\\/de\\\/#primaryimage\",\"url\":\"https:\\\/\\\/www.fabricair.com\\\/de\\\/wp-content\\\/uploads\\\/sites\\\/21\\\/2022\\\/04\\\/danfoss-002-scaled.jpg\",\"contentUrl\":\"https:\\\/\\\/www.fabricair.com\\\/de\\\/wp-content\\\/uploads\\\/sites\\\/21\\\/2022\\\/04\\\/danfoss-002-scaled.jpg\",\"width\":2560,\"height\":1669,\"caption\":\"Gewebekan\u00e4le F\u00fchrender Produzent\"},{\"@type\":\"BreadcrumbList\",\"@id\":\"https:\\\/\\\/www.fabricair.com\\\/de\\\/#breadcrumb\",\"itemListElement\":[{\"@type\":\"ListItem\",\"position\":1,\"name\":\"Home\",\"item\":\"https:\\\/\\\/www.fabricair.com\\\/de\\\/\"},{\"@type\":\"ListItem\",\"position\":2,\"name\":\"Gewebekan\u00e4le F\u00fchrender Produzent\"}]},{\"@type\":\"WebSite\",\"@id\":\"https:\\\/\\\/www.fabricair.com\\\/de\\\/#website\",\"url\":\"https:\\\/\\\/www.fabricair.com\\\/de\\\/\",\"name\":\"Germany FabricAir\",\"description\":\"\",\"potentialAction\":[{\"@type\":\"SearchAction\",\"target\":{\"@type\":\"EntryPoint\",\"urlTemplate\":\"https:\\\/\\\/www.fabricair.com\\\/de\\\/?s={search_term_string}\"},\"query-input\":{\"@type\":\"PropertyValueSpecification\",\"valueRequired\":true,\"valueName\":\"search_term_string\"}}],\"inLanguage\":\"en-US\"}]}<\/script>\n<!-- \/ Yoast SEO plugin. -->","yoast_head_json":{"title":"Gewebekan\u00e4le F\u00fchrender Produzent | Germany FabricAir","description":"Wir sind der weltweit f\u00fchrende Produzent f\u00fcr Gewebekan\u00e4le. Entdecken Sie unsere hochwertigen Luftverteilsysteme und lassen Sie sich beraten!","robots":{"index":"index","follow":"follow","max-snippet":"max-snippet:-1","max-image-preview":"max-image-preview:large","max-video-preview":"max-video-preview:-1"},"canonical":"https:\/\/www.fabricair.com\/de\/wp-json\/wp\/v2\/pages\/5\/","og_locale":"en_US","og_type":"article","og_title":"Gewebekan\u00e4le F\u00fchrender Produzent - Germany FabricAir","og_description":"Wir sind der weltweit f\u00fchrende Produzent f\u00fcr Gewebekan\u00e4le. Entdecken Sie unsere hochwertigen Luftverteilsysteme und lassen Sie sich beraten!","og_url":"https:\/\/www.fabricair.com\/de\/","og_site_name":"Germany FabricAir","article_modified_time":"2026-03-17T09:19:34+00:00","og_image":[{"width":2560,"height":1669,"url":"https:\/\/www.fabricair.com\/de\/wp-content\/uploads\/sites\/21\/2022\/04\/danfoss-002-scaled.jpg","type":"image\/jpeg"}],"twitter_card":"summary_large_image","twitter_misc":{"Est. reading time":"1 minute"},"schema":{"@context":"https:\/\/schema.org","@graph":[{"@type":"WebPage","@id":"https:\/\/www.fabricair.com\/de\/","url":"https:\/\/www.fabricair.com\/de\/","name":"Gewebekan\u00e4le F\u00fchrender Produzent - Germany FabricAir","isPartOf":{"@id":"https:\/\/www.fabricair.com\/de\/#website"},"primaryImageOfPage":{"@id":"https:\/\/www.fabricair.com\/de\/#primaryimage"},"image":{"@id":"https:\/\/www.fabricair.com\/de\/#primaryimage"},"thumbnailUrl":"https:\/\/www.fabricair.com\/de\/wp-content\/uploads\/sites\/21\/2022\/04\/danfoss-002-scaled.jpg","datePublished":"2022-02-03T09:48:33+00:00","dateModified":"2026-03-17T09:19:34+00:00","description":"Wir sind der weltweit f\u00fchrende Produzent f\u00fcr Gewebekan\u00e4le. Entdecken Sie unsere hochwertigen Luftverteilsysteme und lassen Sie sich beraten!","breadcrumb":{"@id":"https:\/\/www.fabricair.com\/de\/#breadcrumb"},"inLanguage":"en-US","potentialAction":[{"@type":"ReadAction","target":["https:\/\/www.fabricair.com\/de\/"]}]},{"@type":"ImageObject","inLanguage":"en-US","@id":"https:\/\/www.fabricair.com\/de\/#primaryimage","url":"https:\/\/www.fabricair.com\/de\/wp-content\/uploads\/sites\/21\/2022\/04\/danfoss-002-scaled.jpg","contentUrl":"https:\/\/www.fabricair.com\/de\/wp-content\/uploads\/sites\/21\/2022\/04\/danfoss-002-scaled.jpg","width":2560,"height":1669,"caption":"Gewebekan\u00e4le F\u00fchrender Produzent"},{"@type":"BreadcrumbList","@id":"https:\/\/www.fabricair.com\/de\/#breadcrumb","itemListElement":[{"@type":"ListItem","position":1,"name":"Home","item":"https:\/\/www.fabricair.com\/de\/"},{"@type":"ListItem","position":2,"name":"Gewebekan\u00e4le F\u00fchrender Produzent"}]},{"@type":"WebSite","@id":"https:\/\/www.fabricair.com\/de\/#website","url":"https:\/\/www.fabricair.com\/de\/","name":"Germany FabricAir","description":"","potentialAction":[{"@type":"SearchAction","target":{"@type":"EntryPoint","urlTemplate":"https:\/\/www.fabricair.com\/de\/?s={search_term_string}"},"query-input":{"@type":"PropertyValueSpecification","valueRequired":true,"valueName":"search_term_string"}}],"inLanguage":"en-US"}]}},"_links":{"self":[{"href":"https:\/\/www.fabricair.com\/de\/wp-json\/wp\/v2\/pages\/5","targetHints":{"allow":["GET"]}}],"collection":[{"href":"https:\/\/www.fabricair.com\/de\/wp-json\/wp\/v2\/pages"}],"about":[{"href":"https:\/\/www.fabricair.com\/de\/wp-json\/wp\/v2\/types\/page"}],"author":[{"embeddable":true,"href":"https:\/\/www.fabricair.com\/de\/wp-json\/wp\/v2\/users\/1"}],"replies":[{"embeddable":true,"href":"https:\/\/www.fabricair.com\/de\/wp-json\/wp\/v2\/comments?post=5"}],"version-history":[{"count":91,"href":"https:\/\/www.fabricair.com\/de\/wp-json\/wp\/v2\/pages\/5\/revisions"}],"predecessor-version":[{"id":8616,"href":"https:\/\/www.fabricair.com\/de\/wp-json\/wp\/v2\/pages\/5\/revisions\/8616"}],"wp:featuredmedia":[{"embeddable":true,"href":"https:\/\/www.fabricair.com\/de\/wp-json\/wp\/v2\/media\/5979"}],"wp:attachment":[{"href":"https:\/\/www.fabricair.com\/de\/wp-json\/wp\/v2\/media?parent=5"}],"curies":[{"name":"wp","href":"https:\/\/api.w.org\/{rel}","templated":true}]}}