{"id":7772,"date":"2023-11-10T20:38:10","date_gmt":"2023-11-10T20:38:10","guid":{"rendered":"https:\/\/www.fabricair.com\/de\/?page_id=7772"},"modified":"2026-01-27T10:57:50","modified_gmt":"2026-01-27T10:57:50","slug":"ahr-mexico-2023","status":"publish","type":"page","link":"https:\/\/www.fabricair.com\/de\/bildergalerie\/veranstaltungsbilder\/ahr-mexico-2023\/","title":{"rendered":"AHR in Mexico, 2023"},"content":{"rendered":"","protected":false},"excerpt":{"rendered":"","protected":false},"author":28,"featured_media":7773,"parent":2916,"menu_order":0,"comment_status":"closed","ping_status":"closed","template":"page-gallery.php","meta":{"_acf_changed":false,"inline_featured_image":false,"footnotes":""},"class_list":["post-7772","page","type-page","status-publish","has-post-thumbnail","hentry"],"acf":[],"yoast_head":"<!-- This site is optimized with the Yoast SEO plugin v27.3 - https:\/\/yoast.com\/product\/yoast-seo-wordpress\/ -->\n<title>AHR in Mexico, 2023 | Germany FabricAir<\/title>\n<meta name=\"description\" content=\"Impressionen der AHR M\u00e9xico 2023: Unsere textilkanal-L\u00f6sungen live im Einsatz f\u00fcr moderne L\u00fcftungssysteme.\" \/>\n<meta name=\"robots\" content=\"noindex, follow\" \/>\n<meta property=\"og:locale\" content=\"en_US\" \/>\n<meta property=\"og:type\" content=\"article\" \/>\n<meta property=\"og:title\" content=\"AHR in Mexico, 2023 - Germany FabricAir\" \/>\n<meta property=\"og:description\" content=\"Impressionen der AHR M\u00e9xico 2023: Unsere textilkanal-L\u00f6sungen live im Einsatz f\u00fcr moderne L\u00fcftungssysteme.\" \/>\n<meta property=\"og:url\" content=\"https:\/\/www.fabricair.com\/de\/bildergalerie\/veranstaltungsbilder\/ahr-mexico-2023\/\" \/>\n<meta property=\"og:site_name\" content=\"Germany FabricAir\" \/>\n<meta property=\"article:modified_time\" content=\"2026-01-27T10:57:50+00:00\" \/>\n<meta property=\"og:image\" content=\"https:\/\/www.fabricair.com\/de\/wp-content\/uploads\/sites\/21\/2023\/11\/AHR-Mexico_day-1-3-jpeg.webp\" \/>\n\t<meta property=\"og:image:width\" content=\"2420\" \/>\n\t<meta property=\"og:image:height\" content=\"1816\" \/>\n\t<meta property=\"og:image:type\" content=\"image\/webp\" \/>\n<meta name=\"twitter:card\" content=\"summary_large_image\" \/>\n<meta name=\"twitter:label1\" content=\"Est. reading time\" \/>\n\t<meta name=\"twitter:data1\" content=\"1 minute\" \/>\n<script type=\"application\/ld+json\" class=\"yoast-schema-graph\">{\"@context\":\"https:\\\/\\\/schema.org\",\"@graph\":[{\"@type\":\"WebPage\",\"@id\":\"https:\\\/\\\/www.fabricair.com\\\/de\\\/bildergalerie\\\/veranstaltungsbilder\\\/ahr-mexico-2023\\\/\",\"url\":\"https:\\\/\\\/www.fabricair.com\\\/de\\\/bildergalerie\\\/veranstaltungsbilder\\\/ahr-mexico-2023\\\/\",\"name\":\"AHR in Mexico, 2023 - Germany FabricAir\",\"isPartOf\":{\"@id\":\"https:\\\/\\\/www.fabricair.com\\\/de\\\/#website\"},\"primaryImageOfPage\":{\"@id\":\"https:\\\/\\\/www.fabricair.com\\\/de\\\/bildergalerie\\\/veranstaltungsbilder\\\/ahr-mexico-2023\\\/#primaryimage\"},\"image\":{\"@id\":\"https:\\\/\\\/www.fabricair.com\\\/de\\\/bildergalerie\\\/veranstaltungsbilder\\\/ahr-mexico-2023\\\/#primaryimage\"},\"thumbnailUrl\":\"https:\\\/\\\/www.fabricair.com\\\/de\\\/wp-content\\\/uploads\\\/sites\\\/21\\\/2023\\\/11\\\/AHR-Mexico_day-1-3-jpeg.webp\",\"datePublished\":\"2023-11-10T20:38:10+00:00\",\"dateModified\":\"2026-01-27T10:57:50+00:00\",\"description\":\"Impressionen der AHR M\u00e9xico 2023: Unsere textilkanal-L\u00f6sungen live im Einsatz f\u00fcr moderne L\u00fcftungssysteme.\",\"breadcrumb\":{\"@id\":\"https:\\\/\\\/www.fabricair.com\\\/de\\\/bildergalerie\\\/veranstaltungsbilder\\\/ahr-mexico-2023\\\/#breadcrumb\"},\"inLanguage\":\"en-US\",\"potentialAction\":[{\"@type\":\"ReadAction\",\"target\":[\"https:\\\/\\\/www.fabricair.com\\\/de\\\/bildergalerie\\\/veranstaltungsbilder\\\/ahr-mexico-2023\\\/\"]}]},{\"@type\":\"ImageObject\",\"inLanguage\":\"en-US\",\"@id\":\"https:\\\/\\\/www.fabricair.com\\\/de\\\/bildergalerie\\\/veranstaltungsbilder\\\/ahr-mexico-2023\\\/#primaryimage\",\"url\":\"https:\\\/\\\/www.fabricair.com\\\/de\\\/wp-content\\\/uploads\\\/sites\\\/21\\\/2023\\\/11\\\/AHR-Mexico_day-1-3-jpeg.webp\",\"contentUrl\":\"https:\\\/\\\/www.fabricair.com\\\/de\\\/wp-content\\\/uploads\\\/sites\\\/21\\\/2023\\\/11\\\/AHR-Mexico_day-1-3-jpeg.webp\",\"width\":2420,\"height\":1816,\"caption\":\"The FabricAir Mexico team attended the 2023 AHR Mexico exhibition in Mexico City, September 19-21.\"},{\"@type\":\"BreadcrumbList\",\"@id\":\"https:\\\/\\\/www.fabricair.com\\\/de\\\/bildergalerie\\\/veranstaltungsbilder\\\/ahr-mexico-2023\\\/#breadcrumb\",\"itemListElement\":[{\"@type\":\"ListItem\",\"position\":1,\"name\":\"Home\",\"item\":\"https:\\\/\\\/www.fabricair.com\\\/de\\\/\"},{\"@type\":\"ListItem\",\"position\":2,\"name\":\"Bildergalerie\",\"item\":\"https:\\\/\\\/www.fabricair.com\\\/de\\\/bildergalerie\\\/\"},{\"@type\":\"ListItem\",\"position\":3,\"name\":\"Veranstaltungsbilder\",\"item\":\"https:\\\/\\\/www.fabricair.com\\\/de\\\/bildergalerie\\\/veranstaltungsbilder\\\/\"},{\"@type\":\"ListItem\",\"position\":4,\"name\":\"AHR in Mexico, 2023\"}]},{\"@type\":\"WebSite\",\"@id\":\"https:\\\/\\\/www.fabricair.com\\\/de\\\/#website\",\"url\":\"https:\\\/\\\/www.fabricair.com\\\/de\\\/\",\"name\":\"Germany FabricAir\",\"description\":\"\",\"potentialAction\":[{\"@type\":\"SearchAction\",\"target\":{\"@type\":\"EntryPoint\",\"urlTemplate\":\"https:\\\/\\\/www.fabricair.com\\\/de\\\/?s={search_term_string}\"},\"query-input\":{\"@type\":\"PropertyValueSpecification\",\"valueRequired\":true,\"valueName\":\"search_term_string\"}}],\"inLanguage\":\"en-US\"}]}<\/script>\n<!-- \/ Yoast SEO plugin. -->","yoast_head_json":{"title":"AHR in Mexico, 2023 | Germany FabricAir","description":"Impressionen der AHR M\u00e9xico 2023: Unsere textilkanal-L\u00f6sungen live im Einsatz f\u00fcr moderne L\u00fcftungssysteme.","robots":{"index":"noindex","follow":"follow"},"og_locale":"en_US","og_type":"article","og_title":"AHR in Mexico, 2023 - Germany FabricAir","og_description":"Impressionen der AHR M\u00e9xico 2023: Unsere textilkanal-L\u00f6sungen live im Einsatz f\u00fcr moderne L\u00fcftungssysteme.","og_url":"https:\/\/www.fabricair.com\/de\/bildergalerie\/veranstaltungsbilder\/ahr-mexico-2023\/","og_site_name":"Germany FabricAir","article_modified_time":"2026-01-27T10:57:50+00:00","og_image":[{"width":2420,"height":1816,"url":"https:\/\/www.fabricair.com\/de\/wp-content\/uploads\/sites\/21\/2023\/11\/AHR-Mexico_day-1-3-jpeg.webp","type":"image\/webp"}],"twitter_card":"summary_large_image","twitter_misc":{"Est. reading time":"1 minute"},"schema":{"@context":"https:\/\/schema.org","@graph":[{"@type":"WebPage","@id":"https:\/\/www.fabricair.com\/de\/bildergalerie\/veranstaltungsbilder\/ahr-mexico-2023\/","url":"https:\/\/www.fabricair.com\/de\/bildergalerie\/veranstaltungsbilder\/ahr-mexico-2023\/","name":"AHR in Mexico, 2023 - Germany FabricAir","isPartOf":{"@id":"https:\/\/www.fabricair.com\/de\/#website"},"primaryImageOfPage":{"@id":"https:\/\/www.fabricair.com\/de\/bildergalerie\/veranstaltungsbilder\/ahr-mexico-2023\/#primaryimage"},"image":{"@id":"https:\/\/www.fabricair.com\/de\/bildergalerie\/veranstaltungsbilder\/ahr-mexico-2023\/#primaryimage"},"thumbnailUrl":"https:\/\/www.fabricair.com\/de\/wp-content\/uploads\/sites\/21\/2023\/11\/AHR-Mexico_day-1-3-jpeg.webp","datePublished":"2023-11-10T20:38:10+00:00","dateModified":"2026-01-27T10:57:50+00:00","description":"Impressionen der AHR M\u00e9xico 2023: Unsere textilkanal-L\u00f6sungen live im Einsatz f\u00fcr moderne L\u00fcftungssysteme.","breadcrumb":{"@id":"https:\/\/www.fabricair.com\/de\/bildergalerie\/veranstaltungsbilder\/ahr-mexico-2023\/#breadcrumb"},"inLanguage":"en-US","potentialAction":[{"@type":"ReadAction","target":["https:\/\/www.fabricair.com\/de\/bildergalerie\/veranstaltungsbilder\/ahr-mexico-2023\/"]}]},{"@type":"ImageObject","inLanguage":"en-US","@id":"https:\/\/www.fabricair.com\/de\/bildergalerie\/veranstaltungsbilder\/ahr-mexico-2023\/#primaryimage","url":"https:\/\/www.fabricair.com\/de\/wp-content\/uploads\/sites\/21\/2023\/11\/AHR-Mexico_day-1-3-jpeg.webp","contentUrl":"https:\/\/www.fabricair.com\/de\/wp-content\/uploads\/sites\/21\/2023\/11\/AHR-Mexico_day-1-3-jpeg.webp","width":2420,"height":1816,"caption":"The FabricAir Mexico team attended the 2023 AHR Mexico exhibition in Mexico City, September 19-21."},{"@type":"BreadcrumbList","@id":"https:\/\/www.fabricair.com\/de\/bildergalerie\/veranstaltungsbilder\/ahr-mexico-2023\/#breadcrumb","itemListElement":[{"@type":"ListItem","position":1,"name":"Home","item":"https:\/\/www.fabricair.com\/de\/"},{"@type":"ListItem","position":2,"name":"Bildergalerie","item":"https:\/\/www.fabricair.com\/de\/bildergalerie\/"},{"@type":"ListItem","position":3,"name":"Veranstaltungsbilder","item":"https:\/\/www.fabricair.com\/de\/bildergalerie\/veranstaltungsbilder\/"},{"@type":"ListItem","position":4,"name":"AHR in Mexico, 2023"}]},{"@type":"WebSite","@id":"https:\/\/www.fabricair.com\/de\/#website","url":"https:\/\/www.fabricair.com\/de\/","name":"Germany FabricAir","description":"","potentialAction":[{"@type":"SearchAction","target":{"@type":"EntryPoint","urlTemplate":"https:\/\/www.fabricair.com\/de\/?s={search_term_string}"},"query-input":{"@type":"PropertyValueSpecification","valueRequired":true,"valueName":"search_term_string"}}],"inLanguage":"en-US"}]}},"_links":{"self":[{"href":"https:\/\/www.fabricair.com\/de\/wp-json\/wp\/v2\/pages\/7772","targetHints":{"allow":["GET"]}}],"collection":[{"href":"https:\/\/www.fabricair.com\/de\/wp-json\/wp\/v2\/pages"}],"about":[{"href":"https:\/\/www.fabricair.com\/de\/wp-json\/wp\/v2\/types\/page"}],"author":[{"embeddable":true,"href":"https:\/\/www.fabricair.com\/de\/wp-json\/wp\/v2\/users\/28"}],"replies":[{"embeddable":true,"href":"https:\/\/www.fabricair.com\/de\/wp-json\/wp\/v2\/comments?post=7772"}],"version-history":[{"count":1,"href":"https:\/\/www.fabricair.com\/de\/wp-json\/wp\/v2\/pages\/7772\/revisions"}],"predecessor-version":[{"id":7781,"href":"https:\/\/www.fabricair.com\/de\/wp-json\/wp\/v2\/pages\/7772\/revisions\/7781"}],"up":[{"embeddable":true,"href":"https:\/\/www.fabricair.com\/de\/wp-json\/wp\/v2\/pages\/2916"}],"wp:featuredmedia":[{"embeddable":true,"href":"https:\/\/www.fabricair.com\/de\/wp-json\/wp\/v2\/media\/7773"}],"wp:attachment":[{"href":"https:\/\/www.fabricair.com\/de\/wp-json\/wp\/v2\/media?parent=7772"}],"curies":[{"name":"wp","href":"https:\/\/api.w.org\/{rel}","templated":true}]}}