{"id":8037,"date":"2024-09-06T11:57:25","date_gmt":"2024-09-06T11:57:25","guid":{"rendered":"https:\/\/www.fabricair.com\/de\/artwork-logos-lettering\/"},"modified":"2025-09-12T11:31:17","modified_gmt":"2025-09-12T11:31:17","slug":"kunstwerke-logos-sdchriftzuge","status":"publish","type":"page","link":"https:\/\/www.fabricair.com\/de\/bildergalerie\/produktfotos\/kunstwerke-logos-sdchriftzuge\/","title":{"rendered":"Kunstwerke, Logos und Schriftz\u00fcge"},"content":{"rendered":"","protected":false},"excerpt":{"rendered":"","protected":false},"author":8,"featured_media":8038,"parent":2922,"menu_order":8,"comment_status":"closed","ping_status":"closed","template":"page-gallery.php","meta":{"_acf_changed":false,"inline_featured_image":false,"footnotes":""},"class_list":["post-8037","page","type-page","status-publish","has-post-thumbnail","hentry"],"acf":[],"yoast_head":"<!-- This site is optimized with the Yoast SEO plugin v27.3 - https:\/\/yoast.com\/product\/yoast-seo-wordpress\/ -->\n<title>Kunstwerke, Logos und Schriftz\u00fcge | Germany FabricAir<\/title>\n<meta name=\"description\" content=\"FabricAir-Fotos aus verschiedenen Branchen mit Gewebekan\u00e4len, Logos und Beschriftungen.\" \/>\n<meta name=\"robots\" content=\"index, follow, max-snippet:-1, max-image-preview:large, max-video-preview:-1\" \/>\n<link rel=\"canonical\" href=\"https:\/\/www.fabricair.com\/de\/wp-json\/wp\/v2\/pages\/8037\/\" \/>\n<meta property=\"og:locale\" content=\"en_US\" \/>\n<meta property=\"og:type\" content=\"article\" \/>\n<meta property=\"og:title\" content=\"Kunstwerke, Logos und Schriftz\u00fcge - Germany FabricAir\" \/>\n<meta property=\"og:description\" content=\"FabricAir-Fotos aus verschiedenen Branchen mit Gewebekan\u00e4len, Logos und Beschriftungen.\" \/>\n<meta property=\"og:url\" content=\"https:\/\/www.fabricair.com\/de\/bildergalerie\/produktfotos\/kunstwerke-logos-sdchriftzuge\/\" \/>\n<meta property=\"og:site_name\" content=\"Germany FabricAir\" \/>\n<meta property=\"article:modified_time\" content=\"2025-09-12T11:31:17+00:00\" \/>\n<meta property=\"og:image\" content=\"https:\/\/www.fabricair.com\/de\/wp-content\/uploads\/sites\/21\/2024\/09\/5-Mittels-individuell-gestalteter-Perforation-des-textilen-Luftschlauchs-wurde-die-Einblasgeschwindigkeit-und-Wurfweite-individuell-an-die-Arb-scaled.jpg\" \/>\n\t<meta property=\"og:image:width\" content=\"2560\" \/>\n\t<meta property=\"og:image:height\" content=\"1707\" \/>\n\t<meta property=\"og:image:type\" content=\"image\/jpeg\" \/>\n<meta name=\"twitter:card\" content=\"summary_large_image\" \/>\n<meta name=\"twitter:label1\" content=\"Est. reading time\" \/>\n\t<meta name=\"twitter:data1\" content=\"1 minute\" \/>\n<script type=\"application\/ld+json\" class=\"yoast-schema-graph\">{\"@context\":\"https:\\\/\\\/schema.org\",\"@graph\":[{\"@type\":\"WebPage\",\"@id\":\"https:\\\/\\\/www.fabricair.com\\\/de\\\/bildergalerie\\\/produktfotos\\\/kunstwerke-logos-sdchriftzuge\\\/\",\"url\":\"https:\\\/\\\/www.fabricair.com\\\/de\\\/bildergalerie\\\/produktfotos\\\/kunstwerke-logos-sdchriftzuge\\\/\",\"name\":\"Kunstwerke, Logos und Schriftz\u00fcge - Germany FabricAir\",\"isPartOf\":{\"@id\":\"https:\\\/\\\/www.fabricair.com\\\/de\\\/#website\"},\"primaryImageOfPage\":{\"@id\":\"https:\\\/\\\/www.fabricair.com\\\/de\\\/bildergalerie\\\/produktfotos\\\/kunstwerke-logos-sdchriftzuge\\\/#primaryimage\"},\"image\":{\"@id\":\"https:\\\/\\\/www.fabricair.com\\\/de\\\/bildergalerie\\\/produktfotos\\\/kunstwerke-logos-sdchriftzuge\\\/#primaryimage\"},\"thumbnailUrl\":\"https:\\\/\\\/www.fabricair.com\\\/de\\\/wp-content\\\/uploads\\\/sites\\\/21\\\/2024\\\/09\\\/5-Mittels-individuell-gestalteter-Perforation-des-textilen-Luftschlauchs-wurde-die-Einblasgeschwindigkeit-und-Wurfweite-individuell-an-die-Arb-scaled.jpg\",\"datePublished\":\"2024-09-06T11:57:25+00:00\",\"dateModified\":\"2025-09-12T11:31:17+00:00\",\"description\":\"FabricAir-Fotos aus verschiedenen Branchen mit Gewebekan\u00e4len, Logos und Beschriftungen.\",\"breadcrumb\":{\"@id\":\"https:\\\/\\\/www.fabricair.com\\\/de\\\/bildergalerie\\\/produktfotos\\\/kunstwerke-logos-sdchriftzuge\\\/#breadcrumb\"},\"inLanguage\":\"en-US\",\"potentialAction\":[{\"@type\":\"ReadAction\",\"target\":[\"https:\\\/\\\/www.fabricair.com\\\/de\\\/bildergalerie\\\/produktfotos\\\/kunstwerke-logos-sdchriftzuge\\\/\"]}]},{\"@type\":\"ImageObject\",\"inLanguage\":\"en-US\",\"@id\":\"https:\\\/\\\/www.fabricair.com\\\/de\\\/bildergalerie\\\/produktfotos\\\/kunstwerke-logos-sdchriftzuge\\\/#primaryimage\",\"url\":\"https:\\\/\\\/www.fabricair.com\\\/de\\\/wp-content\\\/uploads\\\/sites\\\/21\\\/2024\\\/09\\\/5-Mittels-individuell-gestalteter-Perforation-des-textilen-Luftschlauchs-wurde-die-Einblasgeschwindigkeit-und-Wurfweite-individuell-an-die-Arb-scaled.jpg\",\"contentUrl\":\"https:\\\/\\\/www.fabricair.com\\\/de\\\/wp-content\\\/uploads\\\/sites\\\/21\\\/2024\\\/09\\\/5-Mittels-individuell-gestalteter-Perforation-des-textilen-Luftschlauchs-wurde-die-Einblasgeschwindigkeit-und-Wurfweite-individuell-an-die-Arb-scaled.jpg\",\"width\":2560,\"height\":1707,\"caption\":\"Wei\u00dfer textilkanal mit Logos von Infranorm und Magna als Teil eines industriellen L\u00fcftungssystems mit textilschlauch Luftverteilung in einer Produktionshalle, \u00d6sterreich\"},{\"@type\":\"BreadcrumbList\",\"@id\":\"https:\\\/\\\/www.fabricair.com\\\/de\\\/bildergalerie\\\/produktfotos\\\/kunstwerke-logos-sdchriftzuge\\\/#breadcrumb\",\"itemListElement\":[{\"@type\":\"ListItem\",\"position\":1,\"name\":\"Home\",\"item\":\"https:\\\/\\\/www.fabricair.com\\\/de\\\/\"},{\"@type\":\"ListItem\",\"position\":2,\"name\":\"Bildergalerie\",\"item\":\"https:\\\/\\\/www.fabricair.com\\\/de\\\/bildergalerie\\\/\"},{\"@type\":\"ListItem\",\"position\":3,\"name\":\"Produktfotos\",\"item\":\"https:\\\/\\\/www.fabricair.com\\\/de\\\/bildergalerie\\\/produktfotos\\\/\"},{\"@type\":\"ListItem\",\"position\":4,\"name\":\"Kunstwerke, Logos und Schriftz\u00fcge\"}]},{\"@type\":\"WebSite\",\"@id\":\"https:\\\/\\\/www.fabricair.com\\\/de\\\/#website\",\"url\":\"https:\\\/\\\/www.fabricair.com\\\/de\\\/\",\"name\":\"Germany FabricAir\",\"description\":\"\",\"potentialAction\":[{\"@type\":\"SearchAction\",\"target\":{\"@type\":\"EntryPoint\",\"urlTemplate\":\"https:\\\/\\\/www.fabricair.com\\\/de\\\/?s={search_term_string}\"},\"query-input\":{\"@type\":\"PropertyValueSpecification\",\"valueRequired\":true,\"valueName\":\"search_term_string\"}}],\"inLanguage\":\"en-US\"}]}<\/script>\n<!-- \/ Yoast SEO plugin. -->","yoast_head_json":{"title":"Kunstwerke, Logos und Schriftz\u00fcge | Germany FabricAir","description":"FabricAir-Fotos aus verschiedenen Branchen mit Gewebekan\u00e4len, Logos und Beschriftungen.","robots":{"index":"index","follow":"follow","max-snippet":"max-snippet:-1","max-image-preview":"max-image-preview:large","max-video-preview":"max-video-preview:-1"},"canonical":"https:\/\/www.fabricair.com\/de\/wp-json\/wp\/v2\/pages\/8037\/","og_locale":"en_US","og_type":"article","og_title":"Kunstwerke, Logos und Schriftz\u00fcge - Germany FabricAir","og_description":"FabricAir-Fotos aus verschiedenen Branchen mit Gewebekan\u00e4len, Logos und Beschriftungen.","og_url":"https:\/\/www.fabricair.com\/de\/bildergalerie\/produktfotos\/kunstwerke-logos-sdchriftzuge\/","og_site_name":"Germany FabricAir","article_modified_time":"2025-09-12T11:31:17+00:00","og_image":[{"width":2560,"height":1707,"url":"https:\/\/www.fabricair.com\/de\/wp-content\/uploads\/sites\/21\/2024\/09\/5-Mittels-individuell-gestalteter-Perforation-des-textilen-Luftschlauchs-wurde-die-Einblasgeschwindigkeit-und-Wurfweite-individuell-an-die-Arb-scaled.jpg","type":"image\/jpeg"}],"twitter_card":"summary_large_image","twitter_misc":{"Est. reading time":"1 minute"},"schema":{"@context":"https:\/\/schema.org","@graph":[{"@type":"WebPage","@id":"https:\/\/www.fabricair.com\/de\/bildergalerie\/produktfotos\/kunstwerke-logos-sdchriftzuge\/","url":"https:\/\/www.fabricair.com\/de\/bildergalerie\/produktfotos\/kunstwerke-logos-sdchriftzuge\/","name":"Kunstwerke, Logos und Schriftz\u00fcge - Germany FabricAir","isPartOf":{"@id":"https:\/\/www.fabricair.com\/de\/#website"},"primaryImageOfPage":{"@id":"https:\/\/www.fabricair.com\/de\/bildergalerie\/produktfotos\/kunstwerke-logos-sdchriftzuge\/#primaryimage"},"image":{"@id":"https:\/\/www.fabricair.com\/de\/bildergalerie\/produktfotos\/kunstwerke-logos-sdchriftzuge\/#primaryimage"},"thumbnailUrl":"https:\/\/www.fabricair.com\/de\/wp-content\/uploads\/sites\/21\/2024\/09\/5-Mittels-individuell-gestalteter-Perforation-des-textilen-Luftschlauchs-wurde-die-Einblasgeschwindigkeit-und-Wurfweite-individuell-an-die-Arb-scaled.jpg","datePublished":"2024-09-06T11:57:25+00:00","dateModified":"2025-09-12T11:31:17+00:00","description":"FabricAir-Fotos aus verschiedenen Branchen mit Gewebekan\u00e4len, Logos und Beschriftungen.","breadcrumb":{"@id":"https:\/\/www.fabricair.com\/de\/bildergalerie\/produktfotos\/kunstwerke-logos-sdchriftzuge\/#breadcrumb"},"inLanguage":"en-US","potentialAction":[{"@type":"ReadAction","target":["https:\/\/www.fabricair.com\/de\/bildergalerie\/produktfotos\/kunstwerke-logos-sdchriftzuge\/"]}]},{"@type":"ImageObject","inLanguage":"en-US","@id":"https:\/\/www.fabricair.com\/de\/bildergalerie\/produktfotos\/kunstwerke-logos-sdchriftzuge\/#primaryimage","url":"https:\/\/www.fabricair.com\/de\/wp-content\/uploads\/sites\/21\/2024\/09\/5-Mittels-individuell-gestalteter-Perforation-des-textilen-Luftschlauchs-wurde-die-Einblasgeschwindigkeit-und-Wurfweite-individuell-an-die-Arb-scaled.jpg","contentUrl":"https:\/\/www.fabricair.com\/de\/wp-content\/uploads\/sites\/21\/2024\/09\/5-Mittels-individuell-gestalteter-Perforation-des-textilen-Luftschlauchs-wurde-die-Einblasgeschwindigkeit-und-Wurfweite-individuell-an-die-Arb-scaled.jpg","width":2560,"height":1707,"caption":"Wei\u00dfer textilkanal mit Logos von Infranorm und Magna als Teil eines industriellen L\u00fcftungssystems mit textilschlauch Luftverteilung in einer Produktionshalle, \u00d6sterreich"},{"@type":"BreadcrumbList","@id":"https:\/\/www.fabricair.com\/de\/bildergalerie\/produktfotos\/kunstwerke-logos-sdchriftzuge\/#breadcrumb","itemListElement":[{"@type":"ListItem","position":1,"name":"Home","item":"https:\/\/www.fabricair.com\/de\/"},{"@type":"ListItem","position":2,"name":"Bildergalerie","item":"https:\/\/www.fabricair.com\/de\/bildergalerie\/"},{"@type":"ListItem","position":3,"name":"Produktfotos","item":"https:\/\/www.fabricair.com\/de\/bildergalerie\/produktfotos\/"},{"@type":"ListItem","position":4,"name":"Kunstwerke, Logos und Schriftz\u00fcge"}]},{"@type":"WebSite","@id":"https:\/\/www.fabricair.com\/de\/#website","url":"https:\/\/www.fabricair.com\/de\/","name":"Germany FabricAir","description":"","potentialAction":[{"@type":"SearchAction","target":{"@type":"EntryPoint","urlTemplate":"https:\/\/www.fabricair.com\/de\/?s={search_term_string}"},"query-input":{"@type":"PropertyValueSpecification","valueRequired":true,"valueName":"search_term_string"}}],"inLanguage":"en-US"}]}},"_links":{"self":[{"href":"https:\/\/www.fabricair.com\/de\/wp-json\/wp\/v2\/pages\/8037","targetHints":{"allow":["GET"]}}],"collection":[{"href":"https:\/\/www.fabricair.com\/de\/wp-json\/wp\/v2\/pages"}],"about":[{"href":"https:\/\/www.fabricair.com\/de\/wp-json\/wp\/v2\/types\/page"}],"author":[{"embeddable":true,"href":"https:\/\/www.fabricair.com\/de\/wp-json\/wp\/v2\/users\/8"}],"replies":[{"embeddable":true,"href":"https:\/\/www.fabricair.com\/de\/wp-json\/wp\/v2\/comments?post=8037"}],"version-history":[{"count":5,"href":"https:\/\/www.fabricair.com\/de\/wp-json\/wp\/v2\/pages\/8037\/revisions"}],"predecessor-version":[{"id":8270,"href":"https:\/\/www.fabricair.com\/de\/wp-json\/wp\/v2\/pages\/8037\/revisions\/8270"}],"up":[{"embeddable":true,"href":"https:\/\/www.fabricair.com\/de\/wp-json\/wp\/v2\/pages\/2922"}],"wp:featuredmedia":[{"embeddable":true,"href":"https:\/\/www.fabricair.com\/de\/wp-json\/wp\/v2\/media\/8038"}],"wp:attachment":[{"href":"https:\/\/www.fabricair.com\/de\/wp-json\/wp\/v2\/media?parent=8037"}],"curies":[{"name":"wp","href":"https:\/\/api.w.org\/{rel}","templated":true}]}}