{"id":8108,"date":"2025-09-03T07:34:34","date_gmt":"2025-09-03T07:34:34","guid":{"rendered":"https:\/\/www.fabricair.com\/dk\/?post_type=application&#038;p=8108"},"modified":"2026-03-05T11:12:51","modified_gmt":"2026-03-05T11:12:51","slug":"gartnerier-vaeksthuse","status":"publish","type":"page","link":"https:\/\/www.fabricair.com\/dk\/applikationer\/industrielle-ventilationskanaler\/gartnerier-vaeksthuse\/","title":{"rendered":"Gartnerier \/ V\u00e6ksthuse"},"content":{"rendered":"","protected":false},"excerpt":{"rendered":"","protected":false},"author":37,"featured_media":1668,"parent":8121,"menu_order":16,"comment_status":"closed","ping_status":"closed","template":"","meta":{"_acf_changed":false,"inline_featured_image":false,"footnotes":""},"class_list":["post-8108","page","type-page","status-publish","has-post-thumbnail","hentry"],"acf":[],"yoast_head":"<!-- This site is optimized with the Yoast SEO plugin v27.3 - https:\/\/yoast.com\/product\/yoast-seo-wordpress\/ -->\n<title>Gartnerier \/ V\u00e6ksthuse | Denmark FabricAir<\/title>\n<meta name=\"description\" content=\"Optimal luftfordeling til gartnerier og v\u00e6ksthuse. Skab stabile forhold, undg\u00e5 mikroklimaer og giv dine planter de bedste v\u00e6kstbetingelser.\" \/>\n<meta name=\"robots\" content=\"index, follow, max-snippet:-1, max-image-preview:large, max-video-preview:-1\" \/>\n<link rel=\"canonical\" href=\"https:\/\/www.fabricair.com\/dk\/wp-json\/wp\/v2\/pages\/8108\/\" \/>\n<meta property=\"og:locale\" content=\"en_US\" \/>\n<meta property=\"og:type\" content=\"article\" \/>\n<meta property=\"og:title\" content=\"Gartnerier \/ V\u00e6ksthuse - Denmark FabricAir\" \/>\n<meta property=\"og:description\" content=\"Optimal luftfordeling til gartnerier og v\u00e6ksthuse. Skab stabile forhold, undg\u00e5 mikroklimaer og giv dine planter de bedste v\u00e6kstbetingelser.\" \/>\n<meta property=\"og:url\" content=\"https:\/\/www.fabricair.com\/dk\/applikationer\/industrielle-ventilationskanaler\/gartnerier-vaeksthuse\/\" \/>\n<meta property=\"og:site_name\" content=\"Denmark FabricAir\" \/>\n<meta property=\"article:modified_time\" content=\"2026-03-05T11:12:51+00:00\" \/>\n<meta property=\"og:image\" content=\"https:\/\/www.fabricair.com\/dk\/wp-content\/uploads\/sites\/19\/2022\/03\/DSC00407.jpg\" \/>\n\t<meta property=\"og:image:width\" content=\"2000\" \/>\n\t<meta property=\"og:image:height\" content=\"1127\" \/>\n\t<meta property=\"og:image:type\" content=\"image\/jpeg\" \/>\n<meta name=\"twitter:card\" content=\"summary_large_image\" \/>\n<meta name=\"twitter:label1\" content=\"Est. reading time\" \/>\n\t<meta name=\"twitter:data1\" content=\"1 minute\" \/>\n<script type=\"application\/ld+json\" class=\"yoast-schema-graph\">{\"@context\":\"https:\\\/\\\/schema.org\",\"@graph\":[{\"@type\":\"WebPage\",\"@id\":\"https:\\\/\\\/www.fabricair.com\\\/dk\\\/applikationer\\\/industrielle-ventilationskanaler\\\/gartnerier-vaeksthuse\\\/\",\"url\":\"https:\\\/\\\/www.fabricair.com\\\/dk\\\/applikationer\\\/industrielle-ventilationskanaler\\\/gartnerier-vaeksthuse\\\/\",\"name\":\"Gartnerier \\\/ V\u00e6ksthuse - Denmark FabricAir\",\"isPartOf\":{\"@id\":\"https:\\\/\\\/www.fabricair.com\\\/dk\\\/#website\"},\"primaryImageOfPage\":{\"@id\":\"https:\\\/\\\/www.fabricair.com\\\/dk\\\/applikationer\\\/industrielle-ventilationskanaler\\\/gartnerier-vaeksthuse\\\/#primaryimage\"},\"image\":{\"@id\":\"https:\\\/\\\/www.fabricair.com\\\/dk\\\/applikationer\\\/industrielle-ventilationskanaler\\\/gartnerier-vaeksthuse\\\/#primaryimage\"},\"thumbnailUrl\":\"https:\\\/\\\/www.fabricair.com\\\/dk\\\/wp-content\\\/uploads\\\/sites\\\/19\\\/2022\\\/03\\\/DSC00407.jpg\",\"datePublished\":\"2025-09-03T07:34:34+00:00\",\"dateModified\":\"2026-03-05T11:12:51+00:00\",\"description\":\"Optimal luftfordeling til gartnerier og v\u00e6ksthuse. Skab stabile forhold, undg\u00e5 mikroklimaer og giv dine planter de bedste v\u00e6kstbetingelser.\",\"breadcrumb\":{\"@id\":\"https:\\\/\\\/www.fabricair.com\\\/dk\\\/applikationer\\\/industrielle-ventilationskanaler\\\/gartnerier-vaeksthuse\\\/#breadcrumb\"},\"inLanguage\":\"en-US\",\"potentialAction\":[{\"@type\":\"ReadAction\",\"target\":[\"https:\\\/\\\/www.fabricair.com\\\/dk\\\/applikationer\\\/industrielle-ventilationskanaler\\\/gartnerier-vaeksthuse\\\/\"]}]},{\"@type\":\"ImageObject\",\"inLanguage\":\"en-US\",\"@id\":\"https:\\\/\\\/www.fabricair.com\\\/dk\\\/applikationer\\\/industrielle-ventilationskanaler\\\/gartnerier-vaeksthuse\\\/#primaryimage\",\"url\":\"https:\\\/\\\/www.fabricair.com\\\/dk\\\/wp-content\\\/uploads\\\/sites\\\/19\\\/2022\\\/03\\\/DSC00407.jpg\",\"contentUrl\":\"https:\\\/\\\/www.fabricair.com\\\/dk\\\/wp-content\\\/uploads\\\/sites\\\/19\\\/2022\\\/03\\\/DSC00407.jpg\",\"width\":2000,\"height\":1127},{\"@type\":\"BreadcrumbList\",\"@id\":\"https:\\\/\\\/www.fabricair.com\\\/dk\\\/applikationer\\\/industrielle-ventilationskanaler\\\/gartnerier-vaeksthuse\\\/#breadcrumb\",\"itemListElement\":[{\"@type\":\"ListItem\",\"position\":1,\"name\":\"Home\",\"item\":\"https:\\\/\\\/www.fabricair.com\\\/dk\\\/\"},{\"@type\":\"ListItem\",\"position\":2,\"name\":\"Applikationer\",\"item\":\"https:\\\/\\\/www.fabricair.com\\\/dk\\\/applikationer\\\/\"},{\"@type\":\"ListItem\",\"position\":3,\"name\":\"Industrielle ventilationskanaler designet med henblik p\u00e5 ydeevne og holdbarhed\",\"item\":\"https:\\\/\\\/www.fabricair.com\\\/dk\\\/applikationer\\\/industrielle-ventilationskanaler\\\/\"},{\"@type\":\"ListItem\",\"position\":4,\"name\":\"Gartnerier \\\/ V\u00e6ksthuse\"}]},{\"@type\":\"WebSite\",\"@id\":\"https:\\\/\\\/www.fabricair.com\\\/dk\\\/#website\",\"url\":\"https:\\\/\\\/www.fabricair.com\\\/dk\\\/\",\"name\":\"Denmark FabricAir\",\"description\":\"\",\"potentialAction\":[{\"@type\":\"SearchAction\",\"target\":{\"@type\":\"EntryPoint\",\"urlTemplate\":\"https:\\\/\\\/www.fabricair.com\\\/dk\\\/?s={search_term_string}\"},\"query-input\":{\"@type\":\"PropertyValueSpecification\",\"valueRequired\":true,\"valueName\":\"search_term_string\"}}],\"inLanguage\":\"en-US\"}]}<\/script>\n<!-- \/ Yoast SEO plugin. -->","yoast_head_json":{"title":"Gartnerier \/ V\u00e6ksthuse | Denmark FabricAir","description":"Optimal luftfordeling til gartnerier og v\u00e6ksthuse. Skab stabile forhold, undg\u00e5 mikroklimaer og giv dine planter de bedste v\u00e6kstbetingelser.","robots":{"index":"index","follow":"follow","max-snippet":"max-snippet:-1","max-image-preview":"max-image-preview:large","max-video-preview":"max-video-preview:-1"},"canonical":"https:\/\/www.fabricair.com\/dk\/wp-json\/wp\/v2\/pages\/8108\/","og_locale":"en_US","og_type":"article","og_title":"Gartnerier \/ V\u00e6ksthuse - Denmark FabricAir","og_description":"Optimal luftfordeling til gartnerier og v\u00e6ksthuse. Skab stabile forhold, undg\u00e5 mikroklimaer og giv dine planter de bedste v\u00e6kstbetingelser.","og_url":"https:\/\/www.fabricair.com\/dk\/applikationer\/industrielle-ventilationskanaler\/gartnerier-vaeksthuse\/","og_site_name":"Denmark FabricAir","article_modified_time":"2026-03-05T11:12:51+00:00","og_image":[{"width":2000,"height":1127,"url":"https:\/\/www.fabricair.com\/dk\/wp-content\/uploads\/sites\/19\/2022\/03\/DSC00407.jpg","type":"image\/jpeg"}],"twitter_card":"summary_large_image","twitter_misc":{"Est. reading time":"1 minute"},"schema":{"@context":"https:\/\/schema.org","@graph":[{"@type":"WebPage","@id":"https:\/\/www.fabricair.com\/dk\/applikationer\/industrielle-ventilationskanaler\/gartnerier-vaeksthuse\/","url":"https:\/\/www.fabricair.com\/dk\/applikationer\/industrielle-ventilationskanaler\/gartnerier-vaeksthuse\/","name":"Gartnerier \/ V\u00e6ksthuse - Denmark FabricAir","isPartOf":{"@id":"https:\/\/www.fabricair.com\/dk\/#website"},"primaryImageOfPage":{"@id":"https:\/\/www.fabricair.com\/dk\/applikationer\/industrielle-ventilationskanaler\/gartnerier-vaeksthuse\/#primaryimage"},"image":{"@id":"https:\/\/www.fabricair.com\/dk\/applikationer\/industrielle-ventilationskanaler\/gartnerier-vaeksthuse\/#primaryimage"},"thumbnailUrl":"https:\/\/www.fabricair.com\/dk\/wp-content\/uploads\/sites\/19\/2022\/03\/DSC00407.jpg","datePublished":"2025-09-03T07:34:34+00:00","dateModified":"2026-03-05T11:12:51+00:00","description":"Optimal luftfordeling til gartnerier og v\u00e6ksthuse. Skab stabile forhold, undg\u00e5 mikroklimaer og giv dine planter de bedste v\u00e6kstbetingelser.","breadcrumb":{"@id":"https:\/\/www.fabricair.com\/dk\/applikationer\/industrielle-ventilationskanaler\/gartnerier-vaeksthuse\/#breadcrumb"},"inLanguage":"en-US","potentialAction":[{"@type":"ReadAction","target":["https:\/\/www.fabricair.com\/dk\/applikationer\/industrielle-ventilationskanaler\/gartnerier-vaeksthuse\/"]}]},{"@type":"ImageObject","inLanguage":"en-US","@id":"https:\/\/www.fabricair.com\/dk\/applikationer\/industrielle-ventilationskanaler\/gartnerier-vaeksthuse\/#primaryimage","url":"https:\/\/www.fabricair.com\/dk\/wp-content\/uploads\/sites\/19\/2022\/03\/DSC00407.jpg","contentUrl":"https:\/\/www.fabricair.com\/dk\/wp-content\/uploads\/sites\/19\/2022\/03\/DSC00407.jpg","width":2000,"height":1127},{"@type":"BreadcrumbList","@id":"https:\/\/www.fabricair.com\/dk\/applikationer\/industrielle-ventilationskanaler\/gartnerier-vaeksthuse\/#breadcrumb","itemListElement":[{"@type":"ListItem","position":1,"name":"Home","item":"https:\/\/www.fabricair.com\/dk\/"},{"@type":"ListItem","position":2,"name":"Applikationer","item":"https:\/\/www.fabricair.com\/dk\/applikationer\/"},{"@type":"ListItem","position":3,"name":"Industrielle ventilationskanaler designet med henblik p\u00e5 ydeevne og holdbarhed","item":"https:\/\/www.fabricair.com\/dk\/applikationer\/industrielle-ventilationskanaler\/"},{"@type":"ListItem","position":4,"name":"Gartnerier \/ V\u00e6ksthuse"}]},{"@type":"WebSite","@id":"https:\/\/www.fabricair.com\/dk\/#website","url":"https:\/\/www.fabricair.com\/dk\/","name":"Denmark FabricAir","description":"","potentialAction":[{"@type":"SearchAction","target":{"@type":"EntryPoint","urlTemplate":"https:\/\/www.fabricair.com\/dk\/?s={search_term_string}"},"query-input":{"@type":"PropertyValueSpecification","valueRequired":true,"valueName":"search_term_string"}}],"inLanguage":"en-US"}]}},"_links":{"self":[{"href":"https:\/\/www.fabricair.com\/dk\/wp-json\/wp\/v2\/pages\/8108","targetHints":{"allow":["GET"]}}],"collection":[{"href":"https:\/\/www.fabricair.com\/dk\/wp-json\/wp\/v2\/pages"}],"about":[{"href":"https:\/\/www.fabricair.com\/dk\/wp-json\/wp\/v2\/types\/page"}],"author":[{"embeddable":true,"href":"https:\/\/www.fabricair.com\/dk\/wp-json\/wp\/v2\/users\/37"}],"replies":[{"embeddable":true,"href":"https:\/\/www.fabricair.com\/dk\/wp-json\/wp\/v2\/comments?post=8108"}],"version-history":[{"count":1,"href":"https:\/\/www.fabricair.com\/dk\/wp-json\/wp\/v2\/pages\/8108\/revisions"}],"predecessor-version":[{"id":8621,"href":"https:\/\/www.fabricair.com\/dk\/wp-json\/wp\/v2\/pages\/8108\/revisions\/8621"}],"up":[{"embeddable":true,"href":"https:\/\/www.fabricair.com\/dk\/wp-json\/wp\/v2\/pages\/8121"}],"wp:featuredmedia":[{"embeddable":true,"href":"https:\/\/www.fabricair.com\/dk\/wp-json\/wp\/v2\/media\/1668"}],"wp:attachment":[{"href":"https:\/\/www.fabricair.com\/dk\/wp-json\/wp\/v2\/media?parent=8108"}],"curies":[{"name":"wp","href":"https:\/\/api.w.org\/{rel}","templated":true}]}}