{"id":8153,"date":"2025-09-15T06:47:52","date_gmt":"2025-09-15T06:47:52","guid":{"rendered":"https:\/\/www.fabricair.com\/dk\/?page_id=8153"},"modified":"2026-03-05T11:34:32","modified_gmt":"2026-03-05T11:34:32","slug":"sport-underholdning","status":"publish","type":"page","link":"https:\/\/www.fabricair.com\/dk\/applikationer\/sport-underholdning\/","title":{"rendered":"Sport og underholdning"},"content":{"rendered":"<p>Tekstilkanaler til sport og underholdning giver en effektiv ventilation med j\u00e6vn fordeling af luften. Det betyder bedre luftcirkulation, mindre st\u00f8j og et sundere indeklima.<\/p>\n","protected":false},"excerpt":{"rendered":"<p>Tekstilkanaler til sport og underholdning giver en effektiv ventilation med j\u00e6vn fordeling af luften. Det betyder bedre luftcirkulation, mindre st\u00f8j og et sundere indeklima.<\/p>\n","protected":false},"author":3,"featured_media":8154,"parent":1202,"menu_order":0,"comment_status":"closed","ping_status":"closed","template":"","meta":{"_acf_changed":false,"inline_featured_image":false,"footnotes":""},"class_list":["post-8153","page","type-page","status-publish","has-post-thumbnail","hentry"],"acf":[],"yoast_head":"<!-- This site is optimized with the Yoast SEO plugin v27.3 - https:\/\/yoast.com\/product\/yoast-seo-wordpress\/ -->\n<title>Sport og underholdning | Denmark FabricAir<\/title>\n<meta name=\"description\" content=\"Tekstilkanaler til sport og underholdning sikrer j\u00e6vn luftfordeling, godt indeklima og h\u00f8j komfort i haller, arenaer, sv\u00f8mmehaller og teatre.\" \/>\n<meta name=\"robots\" content=\"index, follow, max-snippet:-1, max-image-preview:large, max-video-preview:-1, noarchive\" \/>\n<link rel=\"canonical\" href=\"https:\/\/www.fabricair.com\/dk\/wp-json\/wp\/v2\/pages\/8153\/\" \/>\n<meta property=\"og:locale\" content=\"en_US\" \/>\n<meta property=\"og:type\" content=\"article\" \/>\n<meta property=\"og:title\" content=\"Sport og underholdning - Denmark FabricAir\" \/>\n<meta property=\"og:description\" content=\"Tekstilkanaler til sport og underholdning sikrer j\u00e6vn luftfordeling, godt indeklima og h\u00f8j komfort i haller, arenaer, sv\u00f8mmehaller og teatre.\" \/>\n<meta property=\"og:url\" content=\"https:\/\/www.fabricair.com\/dk\/applikationer\/sport-underholdning\/\" \/>\n<meta property=\"og:site_name\" content=\"Denmark FabricAir\" \/>\n<meta property=\"article:modified_time\" content=\"2026-03-05T11:34:32+00:00\" \/>\n<meta property=\"og:image\" content=\"https:\/\/www.fabricair.com\/dk\/wp-content\/uploads\/sites\/19\/2025\/09\/Marion-Aquatic-Centre-SA-muted-jpg.webp\" \/>\n\t<meta property=\"og:image:width\" content=\"1280\" \/>\n\t<meta property=\"og:image:height\" content=\"854\" \/>\n\t<meta property=\"og:image:type\" content=\"image\/webp\" \/>\n<meta name=\"twitter:card\" content=\"summary_large_image\" \/>\n<meta name=\"twitter:label1\" content=\"Est. reading time\" \/>\n\t<meta name=\"twitter:data1\" content=\"1 minute\" \/>\n<script type=\"application\/ld+json\" class=\"yoast-schema-graph\">{\"@context\":\"https:\\\/\\\/schema.org\",\"@graph\":[{\"@type\":\"WebPage\",\"@id\":\"https:\\\/\\\/www.fabricair.com\\\/dk\\\/applikationer\\\/sport-underholdning\\\/\",\"url\":\"https:\\\/\\\/www.fabricair.com\\\/dk\\\/applikationer\\\/sport-underholdning\\\/\",\"name\":\"Sport og underholdning - Denmark FabricAir\",\"isPartOf\":{\"@id\":\"https:\\\/\\\/www.fabricair.com\\\/dk\\\/#website\"},\"primaryImageOfPage\":{\"@id\":\"https:\\\/\\\/www.fabricair.com\\\/dk\\\/applikationer\\\/sport-underholdning\\\/#primaryimage\"},\"image\":{\"@id\":\"https:\\\/\\\/www.fabricair.com\\\/dk\\\/applikationer\\\/sport-underholdning\\\/#primaryimage\"},\"thumbnailUrl\":\"https:\\\/\\\/www.fabricair.com\\\/dk\\\/wp-content\\\/uploads\\\/sites\\\/19\\\/2025\\\/09\\\/Marion-Aquatic-Centre-SA-muted-jpg.webp\",\"datePublished\":\"2025-09-15T06:47:52+00:00\",\"dateModified\":\"2026-03-05T11:34:32+00:00\",\"description\":\"Tekstilkanaler til sport og underholdning sikrer j\u00e6vn luftfordeling, godt indeklima og h\u00f8j komfort i haller, arenaer, sv\u00f8mmehaller og teatre.\",\"breadcrumb\":{\"@id\":\"https:\\\/\\\/www.fabricair.com\\\/dk\\\/applikationer\\\/sport-underholdning\\\/#breadcrumb\"},\"inLanguage\":\"en-US\",\"potentialAction\":[{\"@type\":\"ReadAction\",\"target\":[\"https:\\\/\\\/www.fabricair.com\\\/dk\\\/applikationer\\\/sport-underholdning\\\/\"]}]},{\"@type\":\"ImageObject\",\"inLanguage\":\"en-US\",\"@id\":\"https:\\\/\\\/www.fabricair.com\\\/dk\\\/applikationer\\\/sport-underholdning\\\/#primaryimage\",\"url\":\"https:\\\/\\\/www.fabricair.com\\\/dk\\\/wp-content\\\/uploads\\\/sites\\\/19\\\/2025\\\/09\\\/Marion-Aquatic-Centre-SA-muted-jpg.webp\",\"contentUrl\":\"https:\\\/\\\/www.fabricair.com\\\/dk\\\/wp-content\\\/uploads\\\/sites\\\/19\\\/2025\\\/09\\\/Marion-Aquatic-Centre-SA-muted-jpg.webp\",\"width\":1280,\"height\":854,\"caption\":\"Indbl\u00e6sningsposer skaber godt indeklima i sv\u00f8mmehaller\"},{\"@type\":\"BreadcrumbList\",\"@id\":\"https:\\\/\\\/www.fabricair.com\\\/dk\\\/applikationer\\\/sport-underholdning\\\/#breadcrumb\",\"itemListElement\":[{\"@type\":\"ListItem\",\"position\":1,\"name\":\"Home\",\"item\":\"https:\\\/\\\/www.fabricair.com\\\/dk\\\/\"},{\"@type\":\"ListItem\",\"position\":2,\"name\":\"Applikationer\",\"item\":\"https:\\\/\\\/www.fabricair.com\\\/dk\\\/applikationer\\\/\"},{\"@type\":\"ListItem\",\"position\":3,\"name\":\"HVAC-kanaler til sports- og underholdningsfaciliteter\"}]},{\"@type\":\"WebSite\",\"@id\":\"https:\\\/\\\/www.fabricair.com\\\/dk\\\/#website\",\"url\":\"https:\\\/\\\/www.fabricair.com\\\/dk\\\/\",\"name\":\"Denmark FabricAir\",\"description\":\"\",\"potentialAction\":[{\"@type\":\"SearchAction\",\"target\":{\"@type\":\"EntryPoint\",\"urlTemplate\":\"https:\\\/\\\/www.fabricair.com\\\/dk\\\/?s={search_term_string}\"},\"query-input\":{\"@type\":\"PropertyValueSpecification\",\"valueRequired\":true,\"valueName\":\"search_term_string\"}}],\"inLanguage\":\"en-US\"}]}<\/script>\n<!-- \/ Yoast SEO plugin. -->","yoast_head_json":{"title":"Sport og underholdning | Denmark FabricAir","description":"Tekstilkanaler til sport og underholdning sikrer j\u00e6vn luftfordeling, godt indeklima og h\u00f8j komfort i haller, arenaer, sv\u00f8mmehaller og teatre.","robots":{"index":"index","follow":"follow","max-snippet":"max-snippet:-1","max-image-preview":"max-image-preview:large","max-video-preview":"max-video-preview:-1","archive":"noarchive"},"canonical":"https:\/\/www.fabricair.com\/dk\/wp-json\/wp\/v2\/pages\/8153\/","og_locale":"en_US","og_type":"article","og_title":"Sport og underholdning - Denmark FabricAir","og_description":"Tekstilkanaler til sport og underholdning sikrer j\u00e6vn luftfordeling, godt indeklima og h\u00f8j komfort i haller, arenaer, sv\u00f8mmehaller og teatre.","og_url":"https:\/\/www.fabricair.com\/dk\/applikationer\/sport-underholdning\/","og_site_name":"Denmark FabricAir","article_modified_time":"2026-03-05T11:34:32+00:00","og_image":[{"width":1280,"height":854,"url":"https:\/\/www.fabricair.com\/dk\/wp-content\/uploads\/sites\/19\/2025\/09\/Marion-Aquatic-Centre-SA-muted-jpg.webp","type":"image\/webp"}],"twitter_card":"summary_large_image","twitter_misc":{"Est. reading time":"1 minute"},"schema":{"@context":"https:\/\/schema.org","@graph":[{"@type":"WebPage","@id":"https:\/\/www.fabricair.com\/dk\/applikationer\/sport-underholdning\/","url":"https:\/\/www.fabricair.com\/dk\/applikationer\/sport-underholdning\/","name":"Sport og underholdning - Denmark FabricAir","isPartOf":{"@id":"https:\/\/www.fabricair.com\/dk\/#website"},"primaryImageOfPage":{"@id":"https:\/\/www.fabricair.com\/dk\/applikationer\/sport-underholdning\/#primaryimage"},"image":{"@id":"https:\/\/www.fabricair.com\/dk\/applikationer\/sport-underholdning\/#primaryimage"},"thumbnailUrl":"https:\/\/www.fabricair.com\/dk\/wp-content\/uploads\/sites\/19\/2025\/09\/Marion-Aquatic-Centre-SA-muted-jpg.webp","datePublished":"2025-09-15T06:47:52+00:00","dateModified":"2026-03-05T11:34:32+00:00","description":"Tekstilkanaler til sport og underholdning sikrer j\u00e6vn luftfordeling, godt indeklima og h\u00f8j komfort i haller, arenaer, sv\u00f8mmehaller og teatre.","breadcrumb":{"@id":"https:\/\/www.fabricair.com\/dk\/applikationer\/sport-underholdning\/#breadcrumb"},"inLanguage":"en-US","potentialAction":[{"@type":"ReadAction","target":["https:\/\/www.fabricair.com\/dk\/applikationer\/sport-underholdning\/"]}]},{"@type":"ImageObject","inLanguage":"en-US","@id":"https:\/\/www.fabricair.com\/dk\/applikationer\/sport-underholdning\/#primaryimage","url":"https:\/\/www.fabricair.com\/dk\/wp-content\/uploads\/sites\/19\/2025\/09\/Marion-Aquatic-Centre-SA-muted-jpg.webp","contentUrl":"https:\/\/www.fabricair.com\/dk\/wp-content\/uploads\/sites\/19\/2025\/09\/Marion-Aquatic-Centre-SA-muted-jpg.webp","width":1280,"height":854,"caption":"Indbl\u00e6sningsposer skaber godt indeklima i sv\u00f8mmehaller"},{"@type":"BreadcrumbList","@id":"https:\/\/www.fabricair.com\/dk\/applikationer\/sport-underholdning\/#breadcrumb","itemListElement":[{"@type":"ListItem","position":1,"name":"Home","item":"https:\/\/www.fabricair.com\/dk\/"},{"@type":"ListItem","position":2,"name":"Applikationer","item":"https:\/\/www.fabricair.com\/dk\/applikationer\/"},{"@type":"ListItem","position":3,"name":"HVAC-kanaler til sports- og underholdningsfaciliteter"}]},{"@type":"WebSite","@id":"https:\/\/www.fabricair.com\/dk\/#website","url":"https:\/\/www.fabricair.com\/dk\/","name":"Denmark FabricAir","description":"","potentialAction":[{"@type":"SearchAction","target":{"@type":"EntryPoint","urlTemplate":"https:\/\/www.fabricair.com\/dk\/?s={search_term_string}"},"query-input":{"@type":"PropertyValueSpecification","valueRequired":true,"valueName":"search_term_string"}}],"inLanguage":"en-US"}]}},"_links":{"self":[{"href":"https:\/\/www.fabricair.com\/dk\/wp-json\/wp\/v2\/pages\/8153","targetHints":{"allow":["GET"]}}],"collection":[{"href":"https:\/\/www.fabricair.com\/dk\/wp-json\/wp\/v2\/pages"}],"about":[{"href":"https:\/\/www.fabricair.com\/dk\/wp-json\/wp\/v2\/types\/page"}],"author":[{"embeddable":true,"href":"https:\/\/www.fabricair.com\/dk\/wp-json\/wp\/v2\/users\/3"}],"replies":[{"embeddable":true,"href":"https:\/\/www.fabricair.com\/dk\/wp-json\/wp\/v2\/comments?post=8153"}],"version-history":[{"count":16,"href":"https:\/\/www.fabricair.com\/dk\/wp-json\/wp\/v2\/pages\/8153\/revisions"}],"predecessor-version":[{"id":8629,"href":"https:\/\/www.fabricair.com\/dk\/wp-json\/wp\/v2\/pages\/8153\/revisions\/8629"}],"up":[{"embeddable":true,"href":"https:\/\/www.fabricair.com\/dk\/wp-json\/wp\/v2\/pages\/1202"}],"wp:featuredmedia":[{"embeddable":true,"href":"https:\/\/www.fabricair.com\/dk\/wp-json\/wp\/v2\/media\/8154"}],"wp:attachment":[{"href":"https:\/\/www.fabricair.com\/dk\/wp-json\/wp\/v2\/media?parent=8153"}],"curies":[{"name":"wp","href":"https:\/\/api.w.org\/{rel}","templated":true}]}}