{"id":8362,"date":"2026-01-14T13:00:58","date_gmt":"2026-01-14T13:00:58","guid":{"rendered":"https:\/\/www.fabricair.com\/dk\/?page_id=8362"},"modified":"2026-03-26T11:40:21","modified_gmt":"2026-03-26T11:40:21","slug":"ordliste-over-fagudtryk","status":"publish","type":"page","link":"https:\/\/www.fabricair.com\/dk\/ordliste-over-fagudtryk\/","title":{"rendered":"Ordliste over fagudtryk"},"content":{"rendered":"<p>En ordliste med HVAC-termer, der bruges p\u00e5 FabricAirs hjemmeside, for at give bes\u00f8gende en bedre forst\u00e5else af de specifikke udtryk.<\/p>\n","protected":false},"excerpt":{"rendered":"<p>En ordliste med HVAC-termer, der bruges p\u00e5 FabricAirs hjemmeside, for at give bes\u00f8gende en bedre forst\u00e5else af de specifikke udtryk.<\/p>\n","protected":false},"author":3,"featured_media":8034,"parent":0,"menu_order":0,"comment_status":"closed","ping_status":"closed","template":"","meta":{"_acf_changed":false,"inline_featured_image":false,"footnotes":""},"class_list":["post-8362","page","type-page","status-publish","has-post-thumbnail","hentry"],"acf":[],"yoast_head":"<!-- This site is optimized with the Yoast SEO plugin v27.4 - https:\/\/yoast.com\/product\/yoast-seo-wordpress\/ -->\n<title>Ordliste over fagudtryk | Denmark FabricAir<\/title>\n<meta name=\"description\" content=\"En ordliste med HVAC-termer, der bruges i s\u00f8gemaskiner og p\u00e5 andre hjemmesider, for at hj\u00e6lpe bes\u00f8gende med at forst\u00e5 de tekniske detaljer.\" \/>\n<meta name=\"robots\" content=\"index, follow, max-snippet:-1, max-image-preview:large, max-video-preview:-1, noarchive\" \/>\n<link rel=\"canonical\" href=\"https:\/\/www.fabricair.com\/dk\/wp-json\/wp\/v2\/pages\/8362\/\" \/>\n<meta property=\"og:locale\" content=\"en_US\" \/>\n<meta property=\"og:type\" content=\"article\" \/>\n<meta property=\"og:title\" content=\"Ordliste over fagudtryk - Denmark FabricAir\" \/>\n<meta property=\"og:description\" content=\"En ordliste med HVAC-termer, der bruges i s\u00f8gemaskiner og p\u00e5 andre hjemmesider, for at hj\u00e6lpe bes\u00f8gende med at forst\u00e5 de tekniske detaljer.\" \/>\n<meta property=\"og:url\" content=\"https:\/\/www.fabricair.com\/dk\/ordliste-over-fagudtryk\/\" \/>\n<meta property=\"og:site_name\" content=\"Denmark FabricAir\" \/>\n<meta property=\"article:publisher\" content=\"https:\/\/www.facebook.com\/FabricAir\" \/>\n<meta property=\"article:modified_time\" content=\"2026-03-26T11:40:21+00:00\" \/>\n<meta property=\"og:image\" content=\"https:\/\/www.fabricair.com\/dk\/wp-content\/uploads\/sites\/19\/2025\/07\/FabricAir-10-lrg-jpg.webp\" \/>\n\t<meta property=\"og:image:width\" content=\"1\" \/>\n\t<meta property=\"og:image:height\" content=\"1\" \/>\n\t<meta property=\"og:image:type\" content=\"image\/webp\" \/>\n<meta name=\"twitter:card\" content=\"summary_large_image\" \/>\n<meta name=\"twitter:site\" content=\"@FabricAir\" \/>\n<meta name=\"twitter:label1\" content=\"Est. reading time\" \/>\n\t<meta name=\"twitter:data1\" content=\"1 minute\" \/>\n<script type=\"application\/ld+json\" class=\"yoast-schema-graph\">{\"@context\":\"https:\\\/\\\/schema.org\",\"@graph\":[{\"@type\":\"WebPage\",\"@id\":\"https:\\\/\\\/www.fabricair.com\\\/dk\\\/ordliste-over-fagudtryk\\\/\",\"url\":\"https:\\\/\\\/www.fabricair.com\\\/dk\\\/ordliste-over-fagudtryk\\\/\",\"name\":\"Ordliste over fagudtryk - Denmark FabricAir\",\"isPartOf\":{\"@id\":\"https:\\\/\\\/www.fabricair.com\\\/dk\\\/#website\"},\"primaryImageOfPage\":{\"@id\":\"https:\\\/\\\/www.fabricair.com\\\/dk\\\/ordliste-over-fagudtryk\\\/#primaryimage\"},\"image\":{\"@id\":\"https:\\\/\\\/www.fabricair.com\\\/dk\\\/ordliste-over-fagudtryk\\\/#primaryimage\"},\"thumbnailUrl\":\"https:\\\/\\\/www.fabricair.com\\\/dk\\\/wp-content\\\/uploads\\\/sites\\\/19\\\/2025\\\/07\\\/FabricAir-10-lrg-jpg.webp\",\"datePublished\":\"2026-01-14T13:00:58+00:00\",\"dateModified\":\"2026-03-26T11:40:21+00:00\",\"description\":\"En ordliste med HVAC-termer, der bruges i s\u00f8gemaskiner og p\u00e5 andre hjemmesider, for at hj\u00e6lpe bes\u00f8gende med at forst\u00e5 de tekniske detaljer.\",\"breadcrumb\":{\"@id\":\"https:\\\/\\\/www.fabricair.com\\\/dk\\\/ordliste-over-fagudtryk\\\/#breadcrumb\"},\"inLanguage\":\"da\",\"potentialAction\":[{\"@type\":\"ReadAction\",\"target\":[\"https:\\\/\\\/www.fabricair.com\\\/dk\\\/ordliste-over-fagudtryk\\\/\"]}]},{\"@type\":\"ImageObject\",\"inLanguage\":\"da\",\"@id\":\"https:\\\/\\\/www.fabricair.com\\\/dk\\\/ordliste-over-fagudtryk\\\/#primaryimage\",\"url\":\"https:\\\/\\\/www.fabricair.com\\\/dk\\\/wp-content\\\/uploads\\\/sites\\\/19\\\/2025\\\/07\\\/FabricAir-10-lrg-jpg.webp\",\"contentUrl\":\"https:\\\/\\\/www.fabricair.com\\\/dk\\\/wp-content\\\/uploads\\\/sites\\\/19\\\/2025\\\/07\\\/FabricAir-10-lrg-jpg.webp\",\"caption\":\"Duct socks\"},{\"@type\":\"BreadcrumbList\",\"@id\":\"https:\\\/\\\/www.fabricair.com\\\/dk\\\/ordliste-over-fagudtryk\\\/#breadcrumb\",\"itemListElement\":[{\"@type\":\"ListItem\",\"position\":1,\"name\":\"Home\",\"item\":\"https:\\\/\\\/www.fabricair.com\\\/dk\\\/\"},{\"@type\":\"ListItem\",\"position\":2,\"name\":\"Glossary of HVAC terms\"}]}]}<\/script>\n<!-- \/ Yoast SEO plugin. -->","yoast_head_json":{"title":"Ordliste over fagudtryk | Denmark FabricAir","description":"En ordliste med HVAC-termer, der bruges i s\u00f8gemaskiner og p\u00e5 andre hjemmesider, for at hj\u00e6lpe bes\u00f8gende med at forst\u00e5 de tekniske detaljer.","robots":{"index":"index","follow":"follow","max-snippet":"max-snippet:-1","max-image-preview":"max-image-preview:large","max-video-preview":"max-video-preview:-1","archive":"noarchive"},"canonical":"https:\/\/www.fabricair.com\/dk\/wp-json\/wp\/v2\/pages\/8362\/","og_locale":"en_US","og_type":"article","og_title":"Ordliste over fagudtryk - Denmark FabricAir","og_description":"En ordliste med HVAC-termer, der bruges i s\u00f8gemaskiner og p\u00e5 andre hjemmesider, for at hj\u00e6lpe bes\u00f8gende med at forst\u00e5 de tekniske detaljer.","og_url":"https:\/\/www.fabricair.com\/dk\/ordliste-over-fagudtryk\/","og_site_name":"Denmark FabricAir","article_publisher":"https:\/\/www.facebook.com\/FabricAir","article_modified_time":"2026-03-26T11:40:21+00:00","og_image":[{"url":"https:\/\/www.fabricair.com\/dk\/wp-content\/uploads\/sites\/19\/2025\/07\/FabricAir-10-lrg-jpg.webp","width":1,"height":1,"type":"image\/webp"}],"twitter_card":"summary_large_image","twitter_site":"@FabricAir","twitter_misc":{"Est. reading time":"1 minute"},"schema":{"@context":"https:\/\/schema.org","@graph":[{"@type":"WebPage","@id":"https:\/\/www.fabricair.com\/dk\/ordliste-over-fagudtryk\/","url":"https:\/\/www.fabricair.com\/dk\/ordliste-over-fagudtryk\/","name":"Ordliste over fagudtryk - Denmark FabricAir","isPartOf":{"@id":"https:\/\/www.fabricair.com\/dk\/#website"},"primaryImageOfPage":{"@id":"https:\/\/www.fabricair.com\/dk\/ordliste-over-fagudtryk\/#primaryimage"},"image":{"@id":"https:\/\/www.fabricair.com\/dk\/ordliste-over-fagudtryk\/#primaryimage"},"thumbnailUrl":"https:\/\/www.fabricair.com\/dk\/wp-content\/uploads\/sites\/19\/2025\/07\/FabricAir-10-lrg-jpg.webp","datePublished":"2026-01-14T13:00:58+00:00","dateModified":"2026-03-26T11:40:21+00:00","description":"En ordliste med HVAC-termer, der bruges i s\u00f8gemaskiner og p\u00e5 andre hjemmesider, for at hj\u00e6lpe bes\u00f8gende med at forst\u00e5 de tekniske detaljer.","breadcrumb":{"@id":"https:\/\/www.fabricair.com\/dk\/ordliste-over-fagudtryk\/#breadcrumb"},"inLanguage":"da","potentialAction":[{"@type":"ReadAction","target":["https:\/\/www.fabricair.com\/dk\/ordliste-over-fagudtryk\/"]}]},{"@type":"ImageObject","inLanguage":"da","@id":"https:\/\/www.fabricair.com\/dk\/ordliste-over-fagudtryk\/#primaryimage","url":"https:\/\/www.fabricair.com\/dk\/wp-content\/uploads\/sites\/19\/2025\/07\/FabricAir-10-lrg-jpg.webp","contentUrl":"https:\/\/www.fabricair.com\/dk\/wp-content\/uploads\/sites\/19\/2025\/07\/FabricAir-10-lrg-jpg.webp","caption":"Duct socks"},{"@type":"BreadcrumbList","@id":"https:\/\/www.fabricair.com\/dk\/ordliste-over-fagudtryk\/#breadcrumb","itemListElement":[{"@type":"ListItem","position":1,"name":"Home","item":"https:\/\/www.fabricair.com\/dk\/"},{"@type":"ListItem","position":2,"name":"Glossary of HVAC terms"}]}]}},"_links":{"self":[{"href":"https:\/\/www.fabricair.com\/dk\/wp-json\/wp\/v2\/pages\/8362","targetHints":{"allow":["GET"]}}],"collection":[{"href":"https:\/\/www.fabricair.com\/dk\/wp-json\/wp\/v2\/pages"}],"about":[{"href":"https:\/\/www.fabricair.com\/dk\/wp-json\/wp\/v2\/types\/page"}],"author":[{"embeddable":true,"href":"https:\/\/www.fabricair.com\/dk\/wp-json\/wp\/v2\/users\/3"}],"replies":[{"embeddable":true,"href":"https:\/\/www.fabricair.com\/dk\/wp-json\/wp\/v2\/comments?post=8362"}],"version-history":[{"count":36,"href":"https:\/\/www.fabricair.com\/dk\/wp-json\/wp\/v2\/pages\/8362\/revisions"}],"predecessor-version":[{"id":8563,"href":"https:\/\/www.fabricair.com\/dk\/wp-json\/wp\/v2\/pages\/8362\/revisions\/8563"}],"wp:featuredmedia":[{"embeddable":true,"href":"https:\/\/www.fabricair.com\/dk\/wp-json\/wp\/v2\/media\/8034"}],"wp:attachment":[{"href":"https:\/\/www.fabricair.com\/dk\/wp-json\/wp\/v2\/media?parent=8362"}],"curies":[{"name":"wp","href":"https:\/\/api.w.org\/{rel}","templated":true}]}}