{"id":8405,"date":"2026-03-13T09:15:40","date_gmt":"2026-03-13T09:15:40","guid":{"rendered":"https:\/\/www.fabricair.com\/dk\/?post_type=application&#038;p=8405"},"modified":"2026-03-13T10:25:58","modified_gmt":"2026-03-13T10:25:58","slug":"ventilation-husdyrproduktion","status":"publish","type":"page","link":"https:\/\/www.fabricair.com\/dk\/applikationer\/industrielle-ventilationskanaler\/ventilation-husdyrproduktion\/","title":{"rendered":"Ventilation til husdyrproduktion"},"content":{"rendered":"","protected":false},"excerpt":{"rendered":"<p>ClimaBarn er et intelligent tekstilbaseret ventilationssystem udviklet til kv\u00e6gstalde. Det tilpasser sig enhver staldindretning og sikrer en j\u00e6vn, behovsstyret luftstr\u00f8m, der holder k\u00f8erne komfortable \u00e5ret rundt. Ved at reducere varmestress og fugtighed fremmer systemet bedre sundhed, foderoptag og m\u00e6lkeydelse, samtidig med at det minimerer patogener og lugtgener. ClimaBarn hj\u00e6lper dig med at opretholde et stabilt og sundt staldklima for optimal bes\u00e6tningsperformance i alle s\u00e6soner.<\/p>\n","protected":false},"author":3,"featured_media":8401,"parent":8121,"menu_order":0,"comment_status":"closed","ping_status":"closed","template":"","meta":{"_acf_changed":false,"inline_featured_image":false,"footnotes":""},"class_list":["post-8405","page","type-page","status-publish","has-post-thumbnail","hentry"],"acf":[],"yoast_head":"<!-- This site is optimized with the Yoast SEO plugin v27.3 - https:\/\/yoast.com\/product\/yoast-seo-wordpress\/ -->\n<title>Ventilation til husdyrproduktion | Denmark FabricAir<\/title>\n<meta name=\"description\" content=\"Smart tekstilventilation til kv\u00e6gstalde \u2014 forbedrer luftkvaliteten, reducerer varmestress og holder k\u00f8erne komfortable hele \u00e5ret.\" \/>\n<meta name=\"robots\" content=\"index, follow, max-snippet:-1, max-image-preview:large, max-video-preview:-1\" \/>\n<link rel=\"canonical\" href=\"https:\/\/www.fabricair.com\/dk\/wp-json\/wp\/v2\/pages\/8405\/\" \/>\n<meta property=\"og:locale\" content=\"en_US\" \/>\n<meta property=\"og:type\" content=\"article\" \/>\n<meta property=\"og:title\" content=\"Ventilation til husdyrproduktion - Denmark FabricAir\" \/>\n<meta property=\"og:description\" content=\"Smart tekstilventilation til kv\u00e6gstalde \u2014 forbedrer luftkvaliteten, reducerer varmestress og holder k\u00f8erne komfortable hele \u00e5ret.\" \/>\n<meta property=\"og:url\" content=\"https:\/\/www.fabricair.com\/dk\/applikationer\/industrielle-ventilationskanaler\/ventilation-husdyrproduktion\/\" \/>\n<meta property=\"og:site_name\" content=\"Denmark FabricAir\" \/>\n<meta property=\"article:modified_time\" content=\"2026-03-13T10:25:58+00:00\" \/>\n<meta property=\"og:image\" content=\"https:\/\/www.fabricair.com\/dk\/wp-content\/uploads\/sites\/19\/2025\/12\/iamge.webp\" \/>\n\t<meta property=\"og:image:width\" content=\"961\" \/>\n\t<meta property=\"og:image:height\" content=\"721\" \/>\n\t<meta property=\"og:image:type\" content=\"image\/webp\" \/>\n<meta name=\"twitter:card\" content=\"summary_large_image\" \/>\n<meta name=\"twitter:label1\" content=\"Est. reading time\" \/>\n\t<meta name=\"twitter:data1\" content=\"1 minute\" \/>\n<script type=\"application\/ld+json\" class=\"yoast-schema-graph\">{\"@context\":\"https:\\\/\\\/schema.org\",\"@graph\":[{\"@type\":\"WebPage\",\"@id\":\"https:\\\/\\\/www.fabricair.com\\\/dk\\\/applikationer\\\/industrielle-ventilationskanaler\\\/ventilation-husdyrproduktion\\\/\",\"url\":\"https:\\\/\\\/www.fabricair.com\\\/dk\\\/applikationer\\\/industrielle-ventilationskanaler\\\/ventilation-husdyrproduktion\\\/\",\"name\":\"Ventilation til husdyrproduktion - Denmark FabricAir\",\"isPartOf\":{\"@id\":\"https:\\\/\\\/www.fabricair.com\\\/dk\\\/#website\"},\"primaryImageOfPage\":{\"@id\":\"https:\\\/\\\/www.fabricair.com\\\/dk\\\/applikationer\\\/industrielle-ventilationskanaler\\\/ventilation-husdyrproduktion\\\/#primaryimage\"},\"image\":{\"@id\":\"https:\\\/\\\/www.fabricair.com\\\/dk\\\/applikationer\\\/industrielle-ventilationskanaler\\\/ventilation-husdyrproduktion\\\/#primaryimage\"},\"thumbnailUrl\":\"https:\\\/\\\/www.fabricair.com\\\/dk\\\/wp-content\\\/uploads\\\/sites\\\/19\\\/2025\\\/12\\\/iamge.webp\",\"datePublished\":\"2026-03-13T09:15:40+00:00\",\"dateModified\":\"2026-03-13T10:25:58+00:00\",\"description\":\"Smart tekstilventilation til kv\u00e6gstalde \u2014 forbedrer luftkvaliteten, reducerer varmestress og holder k\u00f8erne komfortable hele \u00e5ret.\",\"breadcrumb\":{\"@id\":\"https:\\\/\\\/www.fabricair.com\\\/dk\\\/applikationer\\\/industrielle-ventilationskanaler\\\/ventilation-husdyrproduktion\\\/#breadcrumb\"},\"inLanguage\":\"en-US\",\"potentialAction\":[{\"@type\":\"ReadAction\",\"target\":[\"https:\\\/\\\/www.fabricair.com\\\/dk\\\/applikationer\\\/industrielle-ventilationskanaler\\\/ventilation-husdyrproduktion\\\/\"]}]},{\"@type\":\"ImageObject\",\"inLanguage\":\"en-US\",\"@id\":\"https:\\\/\\\/www.fabricair.com\\\/dk\\\/applikationer\\\/industrielle-ventilationskanaler\\\/ventilation-husdyrproduktion\\\/#primaryimage\",\"url\":\"https:\\\/\\\/www.fabricair.com\\\/dk\\\/wp-content\\\/uploads\\\/sites\\\/19\\\/2025\\\/12\\\/iamge.webp\",\"contentUrl\":\"https:\\\/\\\/www.fabricair.com\\\/dk\\\/wp-content\\\/uploads\\\/sites\\\/19\\\/2025\\\/12\\\/iamge.webp\",\"width\":961,\"height\":721,\"caption\":\"Yellow fabric duct for cows barns\"},{\"@type\":\"BreadcrumbList\",\"@id\":\"https:\\\/\\\/www.fabricair.com\\\/dk\\\/applikationer\\\/industrielle-ventilationskanaler\\\/ventilation-husdyrproduktion\\\/#breadcrumb\",\"itemListElement\":[{\"@type\":\"ListItem\",\"position\":1,\"name\":\"Home\",\"item\":\"https:\\\/\\\/www.fabricair.com\\\/dk\\\/\"},{\"@type\":\"ListItem\",\"position\":2,\"name\":\"Applikationer\",\"item\":\"https:\\\/\\\/www.fabricair.com\\\/dk\\\/applikationer\\\/\"},{\"@type\":\"ListItem\",\"position\":3,\"name\":\"Industrielle ventilationskanaler designet med henblik p\u00e5 ydeevne og holdbarhed\",\"item\":\"https:\\\/\\\/www.fabricair.com\\\/dk\\\/applikationer\\\/industrielle-ventilationskanaler\\\/\"},{\"@type\":\"ListItem\",\"position\":4,\"name\":\"Ventilation til husdyrproduktion\"}]},{\"@type\":\"WebSite\",\"@id\":\"https:\\\/\\\/www.fabricair.com\\\/dk\\\/#website\",\"url\":\"https:\\\/\\\/www.fabricair.com\\\/dk\\\/\",\"name\":\"Denmark FabricAir\",\"description\":\"\",\"potentialAction\":[{\"@type\":\"SearchAction\",\"target\":{\"@type\":\"EntryPoint\",\"urlTemplate\":\"https:\\\/\\\/www.fabricair.com\\\/dk\\\/?s={search_term_string}\"},\"query-input\":{\"@type\":\"PropertyValueSpecification\",\"valueRequired\":true,\"valueName\":\"search_term_string\"}}],\"inLanguage\":\"en-US\"}]}<\/script>\n<!-- \/ Yoast SEO plugin. -->","yoast_head_json":{"title":"Ventilation til husdyrproduktion | Denmark FabricAir","description":"Smart tekstilventilation til kv\u00e6gstalde \u2014 forbedrer luftkvaliteten, reducerer varmestress og holder k\u00f8erne komfortable hele \u00e5ret.","robots":{"index":"index","follow":"follow","max-snippet":"max-snippet:-1","max-image-preview":"max-image-preview:large","max-video-preview":"max-video-preview:-1"},"canonical":"https:\/\/www.fabricair.com\/dk\/wp-json\/wp\/v2\/pages\/8405\/","og_locale":"en_US","og_type":"article","og_title":"Ventilation til husdyrproduktion - Denmark FabricAir","og_description":"Smart tekstilventilation til kv\u00e6gstalde \u2014 forbedrer luftkvaliteten, reducerer varmestress og holder k\u00f8erne komfortable hele \u00e5ret.","og_url":"https:\/\/www.fabricair.com\/dk\/applikationer\/industrielle-ventilationskanaler\/ventilation-husdyrproduktion\/","og_site_name":"Denmark FabricAir","article_modified_time":"2026-03-13T10:25:58+00:00","og_image":[{"width":961,"height":721,"url":"https:\/\/www.fabricair.com\/dk\/wp-content\/uploads\/sites\/19\/2025\/12\/iamge.webp","type":"image\/webp"}],"twitter_card":"summary_large_image","twitter_misc":{"Est. reading time":"1 minute"},"schema":{"@context":"https:\/\/schema.org","@graph":[{"@type":"WebPage","@id":"https:\/\/www.fabricair.com\/dk\/applikationer\/industrielle-ventilationskanaler\/ventilation-husdyrproduktion\/","url":"https:\/\/www.fabricair.com\/dk\/applikationer\/industrielle-ventilationskanaler\/ventilation-husdyrproduktion\/","name":"Ventilation til husdyrproduktion - Denmark FabricAir","isPartOf":{"@id":"https:\/\/www.fabricair.com\/dk\/#website"},"primaryImageOfPage":{"@id":"https:\/\/www.fabricair.com\/dk\/applikationer\/industrielle-ventilationskanaler\/ventilation-husdyrproduktion\/#primaryimage"},"image":{"@id":"https:\/\/www.fabricair.com\/dk\/applikationer\/industrielle-ventilationskanaler\/ventilation-husdyrproduktion\/#primaryimage"},"thumbnailUrl":"https:\/\/www.fabricair.com\/dk\/wp-content\/uploads\/sites\/19\/2025\/12\/iamge.webp","datePublished":"2026-03-13T09:15:40+00:00","dateModified":"2026-03-13T10:25:58+00:00","description":"Smart tekstilventilation til kv\u00e6gstalde \u2014 forbedrer luftkvaliteten, reducerer varmestress og holder k\u00f8erne komfortable hele \u00e5ret.","breadcrumb":{"@id":"https:\/\/www.fabricair.com\/dk\/applikationer\/industrielle-ventilationskanaler\/ventilation-husdyrproduktion\/#breadcrumb"},"inLanguage":"en-US","potentialAction":[{"@type":"ReadAction","target":["https:\/\/www.fabricair.com\/dk\/applikationer\/industrielle-ventilationskanaler\/ventilation-husdyrproduktion\/"]}]},{"@type":"ImageObject","inLanguage":"en-US","@id":"https:\/\/www.fabricair.com\/dk\/applikationer\/industrielle-ventilationskanaler\/ventilation-husdyrproduktion\/#primaryimage","url":"https:\/\/www.fabricair.com\/dk\/wp-content\/uploads\/sites\/19\/2025\/12\/iamge.webp","contentUrl":"https:\/\/www.fabricair.com\/dk\/wp-content\/uploads\/sites\/19\/2025\/12\/iamge.webp","width":961,"height":721,"caption":"Yellow fabric duct for cows barns"},{"@type":"BreadcrumbList","@id":"https:\/\/www.fabricair.com\/dk\/applikationer\/industrielle-ventilationskanaler\/ventilation-husdyrproduktion\/#breadcrumb","itemListElement":[{"@type":"ListItem","position":1,"name":"Home","item":"https:\/\/www.fabricair.com\/dk\/"},{"@type":"ListItem","position":2,"name":"Applikationer","item":"https:\/\/www.fabricair.com\/dk\/applikationer\/"},{"@type":"ListItem","position":3,"name":"Industrielle ventilationskanaler designet med henblik p\u00e5 ydeevne og holdbarhed","item":"https:\/\/www.fabricair.com\/dk\/applikationer\/industrielle-ventilationskanaler\/"},{"@type":"ListItem","position":4,"name":"Ventilation til husdyrproduktion"}]},{"@type":"WebSite","@id":"https:\/\/www.fabricair.com\/dk\/#website","url":"https:\/\/www.fabricair.com\/dk\/","name":"Denmark FabricAir","description":"","potentialAction":[{"@type":"SearchAction","target":{"@type":"EntryPoint","urlTemplate":"https:\/\/www.fabricair.com\/dk\/?s={search_term_string}"},"query-input":{"@type":"PropertyValueSpecification","valueRequired":true,"valueName":"search_term_string"}}],"inLanguage":"en-US"}]}},"_links":{"self":[{"href":"https:\/\/www.fabricair.com\/dk\/wp-json\/wp\/v2\/pages\/8405","targetHints":{"allow":["GET"]}}],"collection":[{"href":"https:\/\/www.fabricair.com\/dk\/wp-json\/wp\/v2\/pages"}],"about":[{"href":"https:\/\/www.fabricair.com\/dk\/wp-json\/wp\/v2\/types\/page"}],"author":[{"embeddable":true,"href":"https:\/\/www.fabricair.com\/dk\/wp-json\/wp\/v2\/users\/3"}],"replies":[{"embeddable":true,"href":"https:\/\/www.fabricair.com\/dk\/wp-json\/wp\/v2\/comments?post=8405"}],"version-history":[{"count":2,"href":"https:\/\/www.fabricair.com\/dk\/wp-json\/wp\/v2\/pages\/8405\/revisions"}],"predecessor-version":[{"id":8722,"href":"https:\/\/www.fabricair.com\/dk\/wp-json\/wp\/v2\/pages\/8405\/revisions\/8722"}],"up":[{"embeddable":true,"href":"https:\/\/www.fabricair.com\/dk\/wp-json\/wp\/v2\/pages\/8121"}],"wp:featuredmedia":[{"embeddable":true,"href":"https:\/\/www.fabricair.com\/dk\/wp-json\/wp\/v2\/media\/8401"}],"wp:attachment":[{"href":"https:\/\/www.fabricair.com\/dk\/wp-json\/wp\/v2\/media?parent=8405"}],"curies":[{"name":"wp","href":"https:\/\/api.w.org\/{rel}","templated":true}]}}