{"id":1220,"date":"2022-03-28T13:14:37","date_gmt":"2022-03-28T13:14:37","guid":{"rendered":"https:\/\/fabricair.com\/es\/?page_id=1220"},"modified":"2025-08-22T13:03:50","modified_gmt":"2025-08-22T13:03:50","slug":"acerca-de-fabricair","status":"publish","type":"page","link":"https:\/\/www.fabricair.com\/es\/acerca-de-fabricair\/","title":{"rendered":"Acerca de"},"content":{"rendered":"<h1>Sobre Nosotros<\/h1>\n<p>&nbsp;<\/p>\n<h2 data-start=\"878\" data-end=\"953\">L\u00edder mundial en soluciones textiles para la difusi\u00f3n de aire<\/h2>\n<p data-start=\"955\" data-end=\"1288\"><strong data-start=\"955\" data-end=\"968\">FabricAir<\/strong> es una empresa danesa pionera y referente mundial en el dise\u00f1o y fabricaci\u00f3n de sistemas de difusi\u00f3n de aire basados en textil. Desde que desarrollamos esta tecnolog\u00eda en 1973, nos hemos consolidado como l\u00edderes del sector HVAC, ofreciendo soluciones eficientes, higi\u00e9nicas y sostenibles para todo tipo de aplicaciones.<\/p>\n<p data-start=\"1290\" data-end=\"1544\">Hoy, <strong data-start=\"1295\" data-end=\"1308\">FabricAir<\/strong> est\u00e1 presente en m\u00e1s de 120 pa\u00edses a trav\u00e9s de una red global de distribuidores y 18 filiales propias. Esta estructura nos permite mantener un enfoque cercano y adaptado a las necesidades locales, sin perder nuestra perspectiva global.<\/p>\n<p>&nbsp;<\/p>\n<h2 data-start=\"1551\" data-end=\"1621\">En FabricAir no solo fabricamos productos, desarrollamos soluciones<\/h2>\n<p data-start=\"1623\" data-end=\"1886\">En <strong data-start=\"1626\" data-end=\"1639\">FabricAir<\/strong> entendemos que la calidad del aire interior es un factor clave para el confort, la salud y la eficiencia energ\u00e9tica. Por eso, no nos limitamos a fabricar conductos textiles: ofrecemos soluciones completas y personalizadas de distribuci\u00f3n de aire.<\/p>\n<p data-start=\"1888\" data-end=\"2227\">Nuestra experiencia de m\u00e1s de 50 a\u00f1os en el mercado HVAC nos permite dise\u00f1ar sistemas adaptados a cada proyecto, con un enfoque centrado en la eficiencia, la facilidad de instalaci\u00f3n y el rendimiento a largo plazo. Cada soluci\u00f3n de <strong data-start=\"2120\" data-end=\"2133\">FabricAir<\/strong> combina ingenier\u00eda de precisi\u00f3n, conocimiento aplicado y materiales textiles de alta calidad.<\/p>\n<p>&nbsp;<\/p>\n<h2 data-start=\"2841\" data-end=\"2872\">Personas detr\u00e1s de FabricAir<\/h2>\n<p data-start=\"2874\" data-end=\"3271\">El equipo de <strong data-start=\"2887\" data-end=\"2900\">FabricAir<\/strong> est\u00e1 formado por profesionales altamente cualificados que impulsan la evoluci\u00f3n de la industria HVAC en todo el mundo. Cada uno de nuestros expertos entiende que detr\u00e1s de cada producto hay personas, espacios y necesidades reales. Nos enorgullece contar con un equipo comprometido, que trabaja con pasi\u00f3n y rigor t\u00e9cnico para ofrecer soluciones que marcan la diferencia.<\/p>\n","protected":false},"excerpt":{"rendered":"<p>Sobre Nosotros &nbsp; L\u00edder mundial en soluciones textiles para la difusi\u00f3n de aire FabricAir es una empresa danesa pionera y referente mundial en el dise\u00f1o y fabricaci\u00f3n de sistemas de difusi\u00f3n de aire basados en textil. Desde que desarrollamos esta tecnolog\u00eda en 1973, nos hemos consolidado como l\u00edderes del sector HVAC, ofreciendo soluciones eficientes, higi\u00e9nicas [&hellip;]<\/p>\n","protected":false},"author":1,"featured_media":2437,"parent":0,"menu_order":29,"comment_status":"closed","ping_status":"closed","template":"","meta":{"_acf_changed":false,"inline_featured_image":false,"footnotes":""},"class_list":["post-1220","page","type-page","status-publish","has-post-thumbnail","hentry"],"acf":[],"yoast_head":"<!-- This site is optimized with the Yoast SEO plugin v27.3 - https:\/\/yoast.com\/product\/yoast-seo-wordpress\/ -->\n<title>Acerca de | Spain FabricAir<\/title>\n<meta name=\"description\" content=\"FabricAir es l\u00edder global en difusi\u00f3n de aire mediante conductos textiles. Fundada en Dinamarca en 1973, cuenta con presencia en m\u00e1s de 120 pa\u00edses y 18 filiales.\" \/>\n<meta name=\"robots\" content=\"index, follow, max-snippet:-1, max-image-preview:large, max-video-preview:-1\" \/>\n<link rel=\"canonical\" href=\"https:\/\/www.fabricair.com\/es\/wp-json\/wp\/v2\/pages\/1220\/\" \/>\n<meta property=\"og:locale\" content=\"en_US\" \/>\n<meta property=\"og:type\" content=\"article\" \/>\n<meta property=\"og:title\" content=\"FabricAir | Soluciones textiles para difusi\u00f3n de aire desde 1973\" \/>\n<meta property=\"og:description\" content=\"FabricAir es l\u00edder global en difusi\u00f3n de aire mediante conductos textiles. Fundada en Dinamarca en 1973, cuenta con presencia en m\u00e1s de 120 pa\u00edses y 18 filiales.\" \/>\n<meta property=\"og:url\" content=\"https:\/\/www.fabricair.com\/es\/acerca-de-fabricair\/\" \/>\n<meta property=\"og:site_name\" content=\"Spain FabricAir\" \/>\n<meta property=\"article:modified_time\" content=\"2025-08-22T13:03:50+00:00\" \/>\n<meta property=\"og:image\" content=\"https:\/\/www.fabricair.com\/es\/wp-content\/uploads\/sites\/27\/2022\/03\/20200901_FabricAir_Bergsteen-Timber_004.jpg\" \/>\n\t<meta property=\"og:image:width\" content=\"1000\" \/>\n\t<meta property=\"og:image:height\" content=\"667\" \/>\n\t<meta property=\"og:image:type\" content=\"image\/jpeg\" \/>\n<meta name=\"twitter:card\" content=\"summary_large_image\" \/>\n<meta name=\"twitter:label1\" content=\"Est. reading time\" \/>\n\t<meta name=\"twitter:data1\" content=\"2 minutes\" \/>\n<script type=\"application\/ld+json\" class=\"yoast-schema-graph\">{\"@context\":\"https:\\\/\\\/schema.org\",\"@graph\":[{\"@type\":\"WebPage\",\"@id\":\"https:\\\/\\\/www.fabricair.com\\\/es\\\/acerca-de-fabricair\\\/\",\"url\":\"https:\\\/\\\/www.fabricair.com\\\/es\\\/acerca-de-fabricair\\\/\",\"name\":\"FabricAir | Soluciones textiles para difusi\u00f3n de aire desde 1973\",\"isPartOf\":{\"@id\":\"https:\\\/\\\/www.fabricair.com\\\/es\\\/#website\"},\"primaryImageOfPage\":{\"@id\":\"https:\\\/\\\/www.fabricair.com\\\/es\\\/acerca-de-fabricair\\\/#primaryimage\"},\"image\":{\"@id\":\"https:\\\/\\\/www.fabricair.com\\\/es\\\/acerca-de-fabricair\\\/#primaryimage\"},\"thumbnailUrl\":\"https:\\\/\\\/www.fabricair.com\\\/es\\\/wp-content\\\/uploads\\\/sites\\\/27\\\/2022\\\/03\\\/20200901_FabricAir_Bergsteen-Timber_004.jpg\",\"datePublished\":\"2022-03-28T13:14:37+00:00\",\"dateModified\":\"2025-08-22T13:03:50+00:00\",\"description\":\"FabricAir es l\u00edder global en difusi\u00f3n de aire mediante conductos textiles. Fundada en Dinamarca en 1973, cuenta con presencia en m\u00e1s de 120 pa\u00edses y 18 filiales.\",\"breadcrumb\":{\"@id\":\"https:\\\/\\\/www.fabricair.com\\\/es\\\/acerca-de-fabricair\\\/#breadcrumb\"},\"inLanguage\":\"en-US\",\"potentialAction\":[{\"@type\":\"ReadAction\",\"target\":[\"https:\\\/\\\/www.fabricair.com\\\/es\\\/acerca-de-fabricair\\\/\"]}]},{\"@type\":\"ImageObject\",\"inLanguage\":\"en-US\",\"@id\":\"https:\\\/\\\/www.fabricair.com\\\/es\\\/acerca-de-fabricair\\\/#primaryimage\",\"url\":\"https:\\\/\\\/www.fabricair.com\\\/es\\\/wp-content\\\/uploads\\\/sites\\\/27\\\/2022\\\/03\\\/20200901_FabricAir_Bergsteen-Timber_004.jpg\",\"contentUrl\":\"https:\\\/\\\/www.fabricair.com\\\/es\\\/wp-content\\\/uploads\\\/sites\\\/27\\\/2022\\\/03\\\/20200901_FabricAir_Bergsteen-Timber_004.jpg\",\"width\":1000,\"height\":667,\"caption\":\"Vista general de una instalaci\u00f3n con conductos textiles FabricAir, reflejando su alcance global e innovaci\u00f3n en climatizaci\u00f3n\"},{\"@type\":\"BreadcrumbList\",\"@id\":\"https:\\\/\\\/www.fabricair.com\\\/es\\\/acerca-de-fabricair\\\/#breadcrumb\",\"itemListElement\":[{\"@type\":\"ListItem\",\"position\":1,\"name\":\"Home\",\"item\":\"https:\\\/\\\/www.fabricair.com\\\/es\\\/\"},{\"@type\":\"ListItem\",\"position\":2,\"name\":\"Acerca de\"}]},{\"@type\":\"WebSite\",\"@id\":\"https:\\\/\\\/www.fabricair.com\\\/es\\\/#website\",\"url\":\"https:\\\/\\\/www.fabricair.com\\\/es\\\/\",\"name\":\"Spain FabricAir\",\"description\":\"\",\"publisher\":{\"@id\":\"https:\\\/\\\/www.fabricair.com\\\/es\\\/#organization\"},\"potentialAction\":[{\"@type\":\"SearchAction\",\"target\":{\"@type\":\"EntryPoint\",\"urlTemplate\":\"https:\\\/\\\/www.fabricair.com\\\/es\\\/?s={search_term_string}\"},\"query-input\":{\"@type\":\"PropertyValueSpecification\",\"valueRequired\":true,\"valueName\":\"search_term_string\"}}],\"inLanguage\":\"en-US\"},{\"@type\":\"Organization\",\"@id\":\"https:\\\/\\\/www.fabricair.com\\\/es\\\/#organization\",\"name\":\"Spain FabricAir\",\"url\":\"https:\\\/\\\/www.fabricair.com\\\/es\\\/\",\"logo\":{\"@type\":\"ImageObject\",\"inLanguage\":\"en-US\",\"@id\":\"https:\\\/\\\/www.fabricair.com\\\/es\\\/#\\\/schema\\\/logo\\\/image\\\/\",\"url\":\"https:\\\/\\\/www.fabricair.com\\\/es\\\/wp-content\\\/uploads\\\/sites\\\/27\\\/2024\\\/03\\\/A01-FabricAir-logo-blue.png\",\"contentUrl\":\"https:\\\/\\\/www.fabricair.com\\\/es\\\/wp-content\\\/uploads\\\/sites\\\/27\\\/2024\\\/03\\\/A01-FabricAir-logo-blue.png\",\"width\":2087,\"height\":366,\"caption\":\"Spain FabricAir\"},\"image\":{\"@id\":\"https:\\\/\\\/www.fabricair.com\\\/es\\\/#\\\/schema\\\/logo\\\/image\\\/\"},\"sameAs\":[\"https:\\\/\\\/www.linkedin.com\\\/company\\\/fabricair-a-s\\\/?originalSubdomain=es\"]}]}<\/script>\n<!-- \/ Yoast SEO plugin. -->","yoast_head_json":{"title":"Acerca de | Spain FabricAir","description":"FabricAir es l\u00edder global en difusi\u00f3n de aire mediante conductos textiles. Fundada en Dinamarca en 1973, cuenta con presencia en m\u00e1s de 120 pa\u00edses y 18 filiales.","robots":{"index":"index","follow":"follow","max-snippet":"max-snippet:-1","max-image-preview":"max-image-preview:large","max-video-preview":"max-video-preview:-1"},"canonical":"https:\/\/www.fabricair.com\/es\/wp-json\/wp\/v2\/pages\/1220\/","og_locale":"en_US","og_type":"article","og_title":"FabricAir | Soluciones textiles para difusi\u00f3n de aire desde 1973","og_description":"FabricAir es l\u00edder global en difusi\u00f3n de aire mediante conductos textiles. Fundada en Dinamarca en 1973, cuenta con presencia en m\u00e1s de 120 pa\u00edses y 18 filiales.","og_url":"https:\/\/www.fabricair.com\/es\/acerca-de-fabricair\/","og_site_name":"Spain FabricAir","article_modified_time":"2025-08-22T13:03:50+00:00","og_image":[{"width":1000,"height":667,"url":"https:\/\/www.fabricair.com\/es\/wp-content\/uploads\/sites\/27\/2022\/03\/20200901_FabricAir_Bergsteen-Timber_004.jpg","type":"image\/jpeg"}],"twitter_card":"summary_large_image","twitter_misc":{"Est. reading time":"2 minutes"},"schema":{"@context":"https:\/\/schema.org","@graph":[{"@type":"WebPage","@id":"https:\/\/www.fabricair.com\/es\/acerca-de-fabricair\/","url":"https:\/\/www.fabricair.com\/es\/acerca-de-fabricair\/","name":"FabricAir | Soluciones textiles para difusi\u00f3n de aire desde 1973","isPartOf":{"@id":"https:\/\/www.fabricair.com\/es\/#website"},"primaryImageOfPage":{"@id":"https:\/\/www.fabricair.com\/es\/acerca-de-fabricair\/#primaryimage"},"image":{"@id":"https:\/\/www.fabricair.com\/es\/acerca-de-fabricair\/#primaryimage"},"thumbnailUrl":"https:\/\/www.fabricair.com\/es\/wp-content\/uploads\/sites\/27\/2022\/03\/20200901_FabricAir_Bergsteen-Timber_004.jpg","datePublished":"2022-03-28T13:14:37+00:00","dateModified":"2025-08-22T13:03:50+00:00","description":"FabricAir es l\u00edder global en difusi\u00f3n de aire mediante conductos textiles. Fundada en Dinamarca en 1973, cuenta con presencia en m\u00e1s de 120 pa\u00edses y 18 filiales.","breadcrumb":{"@id":"https:\/\/www.fabricair.com\/es\/acerca-de-fabricair\/#breadcrumb"},"inLanguage":"en-US","potentialAction":[{"@type":"ReadAction","target":["https:\/\/www.fabricair.com\/es\/acerca-de-fabricair\/"]}]},{"@type":"ImageObject","inLanguage":"en-US","@id":"https:\/\/www.fabricair.com\/es\/acerca-de-fabricair\/#primaryimage","url":"https:\/\/www.fabricair.com\/es\/wp-content\/uploads\/sites\/27\/2022\/03\/20200901_FabricAir_Bergsteen-Timber_004.jpg","contentUrl":"https:\/\/www.fabricair.com\/es\/wp-content\/uploads\/sites\/27\/2022\/03\/20200901_FabricAir_Bergsteen-Timber_004.jpg","width":1000,"height":667,"caption":"Vista general de una instalaci\u00f3n con conductos textiles FabricAir, reflejando su alcance global e innovaci\u00f3n en climatizaci\u00f3n"},{"@type":"BreadcrumbList","@id":"https:\/\/www.fabricair.com\/es\/acerca-de-fabricair\/#breadcrumb","itemListElement":[{"@type":"ListItem","position":1,"name":"Home","item":"https:\/\/www.fabricair.com\/es\/"},{"@type":"ListItem","position":2,"name":"Acerca de"}]},{"@type":"WebSite","@id":"https:\/\/www.fabricair.com\/es\/#website","url":"https:\/\/www.fabricair.com\/es\/","name":"Spain FabricAir","description":"","publisher":{"@id":"https:\/\/www.fabricair.com\/es\/#organization"},"potentialAction":[{"@type":"SearchAction","target":{"@type":"EntryPoint","urlTemplate":"https:\/\/www.fabricair.com\/es\/?s={search_term_string}"},"query-input":{"@type":"PropertyValueSpecification","valueRequired":true,"valueName":"search_term_string"}}],"inLanguage":"en-US"},{"@type":"Organization","@id":"https:\/\/www.fabricair.com\/es\/#organization","name":"Spain FabricAir","url":"https:\/\/www.fabricair.com\/es\/","logo":{"@type":"ImageObject","inLanguage":"en-US","@id":"https:\/\/www.fabricair.com\/es\/#\/schema\/logo\/image\/","url":"https:\/\/www.fabricair.com\/es\/wp-content\/uploads\/sites\/27\/2024\/03\/A01-FabricAir-logo-blue.png","contentUrl":"https:\/\/www.fabricair.com\/es\/wp-content\/uploads\/sites\/27\/2024\/03\/A01-FabricAir-logo-blue.png","width":2087,"height":366,"caption":"Spain FabricAir"},"image":{"@id":"https:\/\/www.fabricair.com\/es\/#\/schema\/logo\/image\/"},"sameAs":["https:\/\/www.linkedin.com\/company\/fabricair-a-s\/?originalSubdomain=es"]}]}},"_links":{"self":[{"href":"https:\/\/www.fabricair.com\/es\/wp-json\/wp\/v2\/pages\/1220","targetHints":{"allow":["GET"]}}],"collection":[{"href":"https:\/\/www.fabricair.com\/es\/wp-json\/wp\/v2\/pages"}],"about":[{"href":"https:\/\/www.fabricair.com\/es\/wp-json\/wp\/v2\/types\/page"}],"author":[{"embeddable":true,"href":"https:\/\/www.fabricair.com\/es\/wp-json\/wp\/v2\/users\/1"}],"replies":[{"embeddable":true,"href":"https:\/\/www.fabricair.com\/es\/wp-json\/wp\/v2\/comments?post=1220"}],"version-history":[{"count":48,"href":"https:\/\/www.fabricair.com\/es\/wp-json\/wp\/v2\/pages\/1220\/revisions"}],"predecessor-version":[{"id":8931,"href":"https:\/\/www.fabricair.com\/es\/wp-json\/wp\/v2\/pages\/1220\/revisions\/8931"}],"wp:featuredmedia":[{"embeddable":true,"href":"https:\/\/www.fabricair.com\/es\/wp-json\/wp\/v2\/media\/2437"}],"wp:attachment":[{"href":"https:\/\/www.fabricair.com\/es\/wp-json\/wp\/v2\/media?parent=1220"}],"curies":[{"name":"wp","href":"https:\/\/api.w.org\/{rel}","templated":true}]}}