{"id":2485,"date":"2022-03-28T14:38:00","date_gmt":"2022-03-28T14:38:00","guid":{"rendered":"https:\/\/fabricair.com\/es\/?page_id=2485"},"modified":"2025-07-25T08:28:28","modified_gmt":"2025-07-25T08:28:28","slug":"historia-de-fabricair","status":"publish","type":"page","link":"https:\/\/www.fabricair.com\/es\/acerca-de-fabricair\/historia-de-fabricair\/","title":{"rendered":"Historia"},"content":{"rendered":"<h1 data-start=\"678\" data-end=\"744\"><strong data-start=\"681\" data-end=\"744\">FabricAir: una trayectoria que transforma la industria HVAC<\/strong><\/h1>\n<p data-start=\"989\" data-end=\"1307\">La <strong data-start=\"896\" data-end=\"921\">historia de FabricAir<\/strong> es la de una peque\u00f1a empresa danesa que, con una visi\u00f3n clara y compromiso con la innovaci\u00f3n, se ha convertido en l\u00edder mundial en soluciones de difusi\u00f3n de aire textil. Hoy, FabricAir tiene clientes en todo el mundo y presencia comercial a trav\u00e9s de filiales y distribuidores en las principales regiones globales.<\/p>\n<p>&nbsp;<\/p>\n<h2 data-start=\"1112\" data-end=\"1155\"><strong data-start=\"1115\" data-end=\"1155\">Nuestra filosof\u00eda desde el liderazgo<\/strong><\/h2>\n<p>&#8220;Desde <strong data-start=\"1209\" data-end=\"1217\">1973<\/strong>, hemos perfeccionado nuestra tecnolog\u00eda con dos ideas en mente: <strong data-start=\"1282\" data-end=\"1311\">mejorarla y simplificarla<\/strong>. Nuestros sistemas son <strong data-start=\"1335\" data-end=\"1355\">f\u00e1ciles de pedir<\/strong> y <strong data-start=\"1358\" data-end=\"1381\">f\u00e1ciles de instalar<\/strong>, raz\u00f3n por la que nuestros clientes consideran que trabajar con nosotros es <strong data-start=\"1458\" data-end=\"1479\">f\u00e1cil y confiable<\/strong>.&#8221; &#8211;\u00a0 <strong data-start=\"1157\" data-end=\"1198\">Brian Refsgaard, CEO de FabricAir Group.<\/strong><\/p>\n<p>&nbsp;<\/p>\n<h2 data-start=\"1488\" data-end=\"1539\"><strong data-start=\"1491\" data-end=\"1539\">El origen textil de la historia de FabricAir<\/strong><\/h2>\n<p data-start=\"1667\" data-end=\"2060\">La era de los <strong data-start=\"1624\" data-end=\"1655\">conductos textiles modernos<\/strong> comienza en <strong data-start=\"1668\" data-end=\"1681\">Dinamarca<\/strong> como una colaboraci\u00f3n entre el <strong data-start=\"1713\" data-end=\"1747\">Danish Meat Research Institute<\/strong> y la empresa <strong data-start=\"1761\" data-end=\"1789\">IPS Dansk Presenning A\/S<\/strong> del Grupo <strong data-start=\"1800\" data-end=\"1814\">Electrolux<\/strong>, especializada en lonas. De all\u00ed nace <strong data-start=\"1853\" data-end=\"1872\">IPS Ventilation<\/strong>, que con el tiempo se convierte en <strong data-start=\"1908\" data-end=\"1921\">FabricAir<\/strong>.<\/p>\n<h3>1973<\/h3>\n<h4><strong data-start=\"2109\" data-end=\"2174\">Primer conducto textil moderno instalado en un matadero dan\u00e9s<\/strong><\/h4>\n<p>El objetivo era eliminar las corrientes de aire que causaban molestias y enfermedades a los trabajadores. Los conductos textiles demostraron ser lavables, higi\u00e9nicos y sin condensaci\u00f3n, una clara mejora frente a los met\u00e1licos.<\/p>\n<h3>1973-1979<\/h3>\n<h4><strong data-start=\"2424\" data-end=\"2499\">La tecnolog\u00eda textil empieza a utilizarse fuera de la industria c\u00e1rnica<\/strong><\/h4>\n<p>Durante la segunda mitad de la d\u00e9cada, la <strong data-start=\"2544\" data-end=\"2571\">difusi\u00f3n de aire textil<\/strong> empieza a aplicarse en otras industrias, ganando tracci\u00f3n internacional como soluci\u00f3n vers\u00e1til y eficaz.<\/p>\n<p>&nbsp;<\/p>\n<h2 data-start=\"2711\" data-end=\"2750\">El nacimiento de una empresa global<\/h2>\n<p>Los ingenieros desarrollan <strong data-start=\"2779\" data-end=\"2807\">nuevos patrones de flujo<\/strong>, <strong data-start=\"2809\" data-end=\"2826\">tipos de tela<\/strong> y <strong data-start=\"2829\" data-end=\"2857\">soluciones de suspensi\u00f3n<\/strong>. Se crea <strong data-start=\"2867\" data-end=\"2890\">IPS Ventilation A\/S<\/strong>, subsidiaria de Electrolux y base de la futura FabricAir. La expansi\u00f3n internacional comienza, especialmente hacia el mercado estadounidense.<\/p>\n<h3>1980<\/h3>\n<h4>IPS VentilactionA\/S lanza el primer modelo de flujo avanzado, NozzFlow.<\/h4>\n<p>Este sistema introduce boquillas c\u00f3nicas de pl\u00e1stico para dirigir el aire con precisi\u00f3n hacia zonas ocupadas, mejorando la mezcla t\u00e9rmica sin generar corrientes de aire.<\/p>\n<p>&nbsp;<\/p>\n<h2 data-start=\"3290\" data-end=\"3339\">Expansi\u00f3n, innovaci\u00f3n y maduraci\u00f3n empresarial<\/h2>\n<p>En los a\u00f1os 90, <strong data-start=\"3410\" data-end=\"3429\">IPS Ventilation<\/strong> vive una etapa de expansi\u00f3n, con nuevos tejidos y modelos de flujo, y avances en investigaci\u00f3n y desarrollo. La empresa madura a nivel corporativo, con cambios de propiedad y el inicio de operaciones en nuevos mercados.<\/p>\n<h3>1990<\/h3>\n<h4><strong data-start=\"3665\" data-end=\"3731\">Brian Refsgaard se une como l\u00edder clave en ventas y desarrollo<\/strong><\/h4>\n<div class=\"description\">\n<p>El actual CEO impulsa la estrategia de innovaci\u00f3n y expansi\u00f3n internacional. Se establece la <strong data-start=\"3827\" data-end=\"3868\">primera subsidiaria en Estados Unidos<\/strong>. Se logra la certificaci\u00f3n ISO 9001, la obtenci\u00f3n de esta certificaci\u00f3n demuestra la capacidad de FabricAir para ofrecer productos y servicios que cumplen los requisitos normativos y del cliente.<\/p>\n<\/div>\n<p>&nbsp;<\/p>\n<h2 data-start=\"4132\" data-end=\"4172\">Reinvenci\u00f3n tras la crisis financiera<\/h2>\n<p>Con el cambio de milenio, <strong data-start=\"4272\" data-end=\"4291\">IPS Ventilation<\/strong> sigue creciendo, con nuevas filiales, cambio de estructura y foco en la expansi\u00f3n tecnol\u00f3gica y geogr\u00e1fica.<\/p>\n<h3>2003<\/h3>\n<h4><strong data-start=\"4415\" data-end=\"4463\">Traslado de la producci\u00f3n a Alytus, Lituania<\/strong><\/h4>\n<div class=\"description\">\n<p>Debido a las limitaciones en Dinamarca, FabricAir se muda a una zona con fuerte tradici\u00f3n textil y capacidad productiva optimizada.<\/p>\n<h3>2008<\/h3>\n<h4><strong data-start=\"4811\" data-end=\"4885\">Crisis econ\u00f3mica global impulsa las soluciones econ\u00f3micas y eficientes<\/strong><\/h4>\n<div class=\"description\">\n<p>Despu\u00e9s de que <strong data-start=\"4664\" data-end=\"4683\">Brian Refsgaard<\/strong> compre la empresa y le de su identidad global actual, los conductos textiles FabricAir se posicionan como una alternativa m\u00e1s r\u00e1pida de instalar, econ\u00f3mica y energ\u00e9ticamente eficiente frente a los conductos met\u00e1licos.<\/p>\n<\/div>\n<\/div>\n<p>&nbsp;<\/p>\n<div class=\"left-side\">\n<h2 data-start=\"5058\" data-end=\"5108\">Consolidaci\u00f3n como referente tecnol\u00f3gico global<\/h2>\n<p data-start=\"5110\" data-end=\"5142\">Durante esta d\u00e9cada, FabricAir introduce avances clave como los modelos de flujo <strong data-start=\"199\" data-end=\"212\">MicroFlow<\/strong> y <strong data-start=\"215\" data-end=\"226\">JetFlow<\/strong>, junto con soluciones especializadas como <strong data-start=\"269\" data-end=\"285\">Defrost Duct<\/strong> y <strong data-start=\"288\" data-end=\"301\">VarioDuct<\/strong>. La incorporaci\u00f3n de <strong data-start=\"323\" data-end=\"349\">colores personalizados<\/strong> y <strong data-start=\"352\" data-end=\"374\">telas sin costuras<\/strong> ampl\u00eda las posibilidades de dise\u00f1o textil. Al mismo tiempo, la planta de producci\u00f3n en <strong data-start=\"462\" data-end=\"472\">Alytus<\/strong> incrementa su capacidad en un <strong data-start=\"503\" data-end=\"511\">30\u202f%<\/strong>, y se crean el <strong data-start=\"527\" data-end=\"550\">departamento de I+D<\/strong> y el laboratorio <strong data-start=\"568\" data-end=\"578\">AirLab<\/strong>, reforzando el desarrollo de nuevos productos. La expansi\u00f3n internacional contin\u00faa con nuevas filiales en <strong data-start=\"685\" data-end=\"696\">Noruega<\/strong>, <strong data-start=\"698\" data-end=\"714\">Pa\u00edses Bajos<\/strong>, <strong data-start=\"716\" data-end=\"725\">China<\/strong>, <strong data-start=\"727\" data-end=\"737\">Espa\u00f1a<\/strong> y <strong data-start=\"740\" data-end=\"750\">Suecia<\/strong>.<\/p>\n<\/div>\n<div class=\"left-side\">\n<h2><\/h2>\n<h2 class=\"title\">Presente: La innovaci\u00f3n y la expansi\u00f3n contin\u00faan<\/h2>\n<p data-start=\"153\" data-end=\"520\">La d\u00e9cada actual ha comenzado con importantes innovaciones, como los <strong data-start=\"222\" data-end=\"254\">difusores de techo FabricAir<\/strong>, que garantizan un clima interior sin corrientes gracias a su dise\u00f1o flexible, f\u00e1cil instalaci\u00f3n y enfoque ecol\u00f3gico. Tambi\u00e9n se ha lanzado el <strong data-start=\"398\" data-end=\"418\">Rack Flow System<\/strong>, una soluci\u00f3n para el cultivo de cannabis que mejora la uniformidad t\u00e9rmica y aumenta el rendimiento.<\/p>\n<p data-start=\"522\" data-end=\"683\">En <strong data-start=\"525\" data-end=\"533\">2022<\/strong>, la presencia global de FabricAir se ampl\u00eda con la apertura de nuevas sedes, alcanzando <strong data-start=\"622\" data-end=\"658\">15 filiales en cinco continentes<\/strong>, incluida <strong data-start=\"669\" data-end=\"680\">Polonia<\/strong>.<\/p>\n<h3>2023<\/h3>\n<h4>FabricAir celebra 50 a\u00f1os de innovaci\u00f3n HVAC<\/h4>\n<div class=\"description\">\n<p>la empresa celebra <strong data-start=\"717\" data-end=\"742\">50 a\u00f1os de innovaci\u00f3n<\/strong> desde la creaci\u00f3n del primer sistema de difusi\u00f3n de aire textil en 1973. Hoy, <strong data-start=\"821\" data-end=\"834\">FabricAir<\/strong> ofrece una amplia gama de materiales, modelos de flujo y sistemas de suspensi\u00f3n desde su sede en <strong data-start=\"932\" data-end=\"945\">Dinamarca<\/strong>, con producci\u00f3n en <strong data-start=\"965\" data-end=\"977\">Lituania<\/strong> y presencia en m\u00e1s de <strong data-start=\"1000\" data-end=\"1014\">120 pa\u00edses<\/strong>.<\/p>\n<h3>2023<\/h3>\n<h4>BorealisWind se incorpora a la l\u00ednea de productos FabricAir<\/h4>\n<div class=\"description\">\n<p>Ese mismo a\u00f1o, <strong data-start=\"1032\" data-end=\"1067\">FabricAir adquiere BorealisWind<\/strong>, una empresa canadiense de tecnolog\u00eda limpia. Su sistema equipa aerogeneradores con <strong data-start=\"1152\" data-end=\"1185\">conductos textiles anti-hielo<\/strong>, mejorando su eficiencia y seguridad en entornos fr\u00edos, y ampliando las aplicaciones de la tecnolog\u00eda FabricAir a las energ\u00edas renovables.<\/p>\n<\/div>\n<\/div>\n<\/div>\n","protected":false},"excerpt":{"rendered":"<p>FabricAir: una trayectoria que transforma la industria HVAC La historia de FabricAir es la de una peque\u00f1a empresa danesa que, con una visi\u00f3n clara y compromiso con la innovaci\u00f3n, se ha convertido en l\u00edder mundial en soluciones de difusi\u00f3n de aire textil. Hoy, FabricAir tiene clientes en todo el mundo y presencia comercial a trav\u00e9s [&hellip;]<\/p>\n","protected":false},"author":1,"featured_media":2486,"parent":1220,"menu_order":28,"comment_status":"closed","ping_status":"closed","template":"","meta":{"_acf_changed":false,"inline_featured_image":false,"footnotes":""},"class_list":["post-2485","page","type-page","status-publish","has-post-thumbnail","hentry"],"acf":[],"yoast_head":"<!-- This site is optimized with the Yoast SEO plugin v27.3 - https:\/\/yoast.com\/product\/yoast-seo-wordpress\/ -->\n<title>Historia | Spain FabricAir<\/title>\n<meta name=\"description\" content=\"Conoce la historia de FabricAir: desde la creaci\u00f3n del primer conducto textil en 1973 hasta convertirse en referente mundial en soluciones HVAC eficientes y sostenibles.\" \/>\n<meta name=\"robots\" content=\"index, follow, max-snippet:-1, max-image-preview:large, max-video-preview:-1\" \/>\n<link rel=\"canonical\" href=\"https:\/\/www.fabricair.com\/es\/wp-json\/wp\/v2\/pages\/2485\/\" \/>\n<meta property=\"og:locale\" content=\"en_US\" \/>\n<meta property=\"og:type\" content=\"article\" \/>\n<meta property=\"og:title\" content=\"Historia de FabricAir | 50 a\u00f1os de liderazgo en climatizaci\u00f3n textil\" \/>\n<meta property=\"og:description\" content=\"Conoce la historia de FabricAir: desde la creaci\u00f3n del primer conducto textil en 1973 hasta convertirse en referente mundial en soluciones HVAC eficientes y sostenibles.\" \/>\n<meta property=\"og:url\" content=\"https:\/\/www.fabricair.com\/es\/acerca-de-fabricair\/historia-de-fabricair\/\" \/>\n<meta property=\"og:site_name\" content=\"Spain FabricAir\" \/>\n<meta property=\"article:modified_time\" content=\"2025-07-25T08:28:28+00:00\" \/>\n<meta property=\"og:image\" content=\"https:\/\/www.fabricair.com\/es\/wp-content\/uploads\/sites\/27\/2022\/03\/000017.jpg\" \/>\n\t<meta property=\"og:image:width\" content=\"1505\" \/>\n\t<meta property=\"og:image:height\" content=\"1484\" \/>\n\t<meta property=\"og:image:type\" content=\"image\/jpeg\" \/>\n<meta name=\"twitter:card\" content=\"summary_large_image\" \/>\n<meta name=\"twitter:label1\" content=\"Est. reading time\" \/>\n\t<meta name=\"twitter:data1\" content=\"4 minutes\" \/>\n<script type=\"application\/ld+json\" class=\"yoast-schema-graph\">{\"@context\":\"https:\\\/\\\/schema.org\",\"@graph\":[{\"@type\":\"WebPage\",\"@id\":\"https:\\\/\\\/www.fabricair.com\\\/es\\\/acerca-de-fabricair\\\/historia-de-fabricair\\\/\",\"url\":\"https:\\\/\\\/www.fabricair.com\\\/es\\\/acerca-de-fabricair\\\/historia-de-fabricair\\\/\",\"name\":\"Historia de FabricAir | 50 a\u00f1os de liderazgo en climatizaci\u00f3n textil\",\"isPartOf\":{\"@id\":\"https:\\\/\\\/www.fabricair.com\\\/es\\\/#website\"},\"primaryImageOfPage\":{\"@id\":\"https:\\\/\\\/www.fabricair.com\\\/es\\\/acerca-de-fabricair\\\/historia-de-fabricair\\\/#primaryimage\"},\"image\":{\"@id\":\"https:\\\/\\\/www.fabricair.com\\\/es\\\/acerca-de-fabricair\\\/historia-de-fabricair\\\/#primaryimage\"},\"thumbnailUrl\":\"https:\\\/\\\/www.fabricair.com\\\/es\\\/wp-content\\\/uploads\\\/sites\\\/27\\\/2022\\\/03\\\/000017.jpg\",\"datePublished\":\"2022-03-28T14:38:00+00:00\",\"dateModified\":\"2025-07-25T08:28:28+00:00\",\"description\":\"Conoce la historia de FabricAir: desde la creaci\u00f3n del primer conducto textil en 1973 hasta convertirse en referente mundial en soluciones HVAC eficientes y sostenibles.\",\"breadcrumb\":{\"@id\":\"https:\\\/\\\/www.fabricair.com\\\/es\\\/acerca-de-fabricair\\\/historia-de-fabricair\\\/#breadcrumb\"},\"inLanguage\":\"en-US\",\"potentialAction\":[{\"@type\":\"ReadAction\",\"target\":[\"https:\\\/\\\/www.fabricair.com\\\/es\\\/acerca-de-fabricair\\\/historia-de-fabricair\\\/\"]}]},{\"@type\":\"ImageObject\",\"inLanguage\":\"en-US\",\"@id\":\"https:\\\/\\\/www.fabricair.com\\\/es\\\/acerca-de-fabricair\\\/historia-de-fabricair\\\/#primaryimage\",\"url\":\"https:\\\/\\\/www.fabricair.com\\\/es\\\/wp-content\\\/uploads\\\/sites\\\/27\\\/2022\\\/03\\\/000017.jpg\",\"contentUrl\":\"https:\\\/\\\/www.fabricair.com\\\/es\\\/wp-content\\\/uploads\\\/sites\\\/27\\\/2022\\\/03\\\/000017.jpg\",\"width\":1505,\"height\":1484,\"caption\":\"Vista general de sistemas de difusi\u00f3n de aire textil de FabricAir instalados en diferentes industrias alrededor del mundo\"},{\"@type\":\"BreadcrumbList\",\"@id\":\"https:\\\/\\\/www.fabricair.com\\\/es\\\/acerca-de-fabricair\\\/historia-de-fabricair\\\/#breadcrumb\",\"itemListElement\":[{\"@type\":\"ListItem\",\"position\":1,\"name\":\"Home\",\"item\":\"https:\\\/\\\/www.fabricair.com\\\/es\\\/\"},{\"@type\":\"ListItem\",\"position\":2,\"name\":\"Acerca de\",\"item\":\"https:\\\/\\\/www.fabricair.com\\\/es\\\/acerca-de-fabricair\\\/\"},{\"@type\":\"ListItem\",\"position\":3,\"name\":\"Historia\"}]},{\"@type\":\"WebSite\",\"@id\":\"https:\\\/\\\/www.fabricair.com\\\/es\\\/#website\",\"url\":\"https:\\\/\\\/www.fabricair.com\\\/es\\\/\",\"name\":\"Spain FabricAir\",\"description\":\"\",\"publisher\":{\"@id\":\"https:\\\/\\\/www.fabricair.com\\\/es\\\/#organization\"},\"potentialAction\":[{\"@type\":\"SearchAction\",\"target\":{\"@type\":\"EntryPoint\",\"urlTemplate\":\"https:\\\/\\\/www.fabricair.com\\\/es\\\/?s={search_term_string}\"},\"query-input\":{\"@type\":\"PropertyValueSpecification\",\"valueRequired\":true,\"valueName\":\"search_term_string\"}}],\"inLanguage\":\"en-US\"},{\"@type\":\"Organization\",\"@id\":\"https:\\\/\\\/www.fabricair.com\\\/es\\\/#organization\",\"name\":\"Spain FabricAir\",\"url\":\"https:\\\/\\\/www.fabricair.com\\\/es\\\/\",\"logo\":{\"@type\":\"ImageObject\",\"inLanguage\":\"en-US\",\"@id\":\"https:\\\/\\\/www.fabricair.com\\\/es\\\/#\\\/schema\\\/logo\\\/image\\\/\",\"url\":\"https:\\\/\\\/www.fabricair.com\\\/es\\\/wp-content\\\/uploads\\\/sites\\\/27\\\/2024\\\/03\\\/A01-FabricAir-logo-blue.png\",\"contentUrl\":\"https:\\\/\\\/www.fabricair.com\\\/es\\\/wp-content\\\/uploads\\\/sites\\\/27\\\/2024\\\/03\\\/A01-FabricAir-logo-blue.png\",\"width\":2087,\"height\":366,\"caption\":\"Spain FabricAir\"},\"image\":{\"@id\":\"https:\\\/\\\/www.fabricair.com\\\/es\\\/#\\\/schema\\\/logo\\\/image\\\/\"},\"sameAs\":[\"https:\\\/\\\/www.linkedin.com\\\/company\\\/fabricair-a-s\\\/?originalSubdomain=es\"]}]}<\/script>\n<!-- \/ Yoast SEO plugin. -->","yoast_head_json":{"title":"Historia | Spain FabricAir","description":"Conoce la historia de FabricAir: desde la creaci\u00f3n del primer conducto textil en 1973 hasta convertirse en referente mundial en soluciones HVAC eficientes y sostenibles.","robots":{"index":"index","follow":"follow","max-snippet":"max-snippet:-1","max-image-preview":"max-image-preview:large","max-video-preview":"max-video-preview:-1"},"canonical":"https:\/\/www.fabricair.com\/es\/wp-json\/wp\/v2\/pages\/2485\/","og_locale":"en_US","og_type":"article","og_title":"Historia de FabricAir | 50 a\u00f1os de liderazgo en climatizaci\u00f3n textil","og_description":"Conoce la historia de FabricAir: desde la creaci\u00f3n del primer conducto textil en 1973 hasta convertirse en referente mundial en soluciones HVAC eficientes y sostenibles.","og_url":"https:\/\/www.fabricair.com\/es\/acerca-de-fabricair\/historia-de-fabricair\/","og_site_name":"Spain FabricAir","article_modified_time":"2025-07-25T08:28:28+00:00","og_image":[{"width":1505,"height":1484,"url":"https:\/\/www.fabricair.com\/es\/wp-content\/uploads\/sites\/27\/2022\/03\/000017.jpg","type":"image\/jpeg"}],"twitter_card":"summary_large_image","twitter_misc":{"Est. reading time":"4 minutes"},"schema":{"@context":"https:\/\/schema.org","@graph":[{"@type":"WebPage","@id":"https:\/\/www.fabricair.com\/es\/acerca-de-fabricair\/historia-de-fabricair\/","url":"https:\/\/www.fabricair.com\/es\/acerca-de-fabricair\/historia-de-fabricair\/","name":"Historia de FabricAir | 50 a\u00f1os de liderazgo en climatizaci\u00f3n textil","isPartOf":{"@id":"https:\/\/www.fabricair.com\/es\/#website"},"primaryImageOfPage":{"@id":"https:\/\/www.fabricair.com\/es\/acerca-de-fabricair\/historia-de-fabricair\/#primaryimage"},"image":{"@id":"https:\/\/www.fabricair.com\/es\/acerca-de-fabricair\/historia-de-fabricair\/#primaryimage"},"thumbnailUrl":"https:\/\/www.fabricair.com\/es\/wp-content\/uploads\/sites\/27\/2022\/03\/000017.jpg","datePublished":"2022-03-28T14:38:00+00:00","dateModified":"2025-07-25T08:28:28+00:00","description":"Conoce la historia de FabricAir: desde la creaci\u00f3n del primer conducto textil en 1973 hasta convertirse en referente mundial en soluciones HVAC eficientes y sostenibles.","breadcrumb":{"@id":"https:\/\/www.fabricair.com\/es\/acerca-de-fabricair\/historia-de-fabricair\/#breadcrumb"},"inLanguage":"en-US","potentialAction":[{"@type":"ReadAction","target":["https:\/\/www.fabricair.com\/es\/acerca-de-fabricair\/historia-de-fabricair\/"]}]},{"@type":"ImageObject","inLanguage":"en-US","@id":"https:\/\/www.fabricair.com\/es\/acerca-de-fabricair\/historia-de-fabricair\/#primaryimage","url":"https:\/\/www.fabricair.com\/es\/wp-content\/uploads\/sites\/27\/2022\/03\/000017.jpg","contentUrl":"https:\/\/www.fabricair.com\/es\/wp-content\/uploads\/sites\/27\/2022\/03\/000017.jpg","width":1505,"height":1484,"caption":"Vista general de sistemas de difusi\u00f3n de aire textil de FabricAir instalados en diferentes industrias alrededor del mundo"},{"@type":"BreadcrumbList","@id":"https:\/\/www.fabricair.com\/es\/acerca-de-fabricair\/historia-de-fabricair\/#breadcrumb","itemListElement":[{"@type":"ListItem","position":1,"name":"Home","item":"https:\/\/www.fabricair.com\/es\/"},{"@type":"ListItem","position":2,"name":"Acerca de","item":"https:\/\/www.fabricair.com\/es\/acerca-de-fabricair\/"},{"@type":"ListItem","position":3,"name":"Historia"}]},{"@type":"WebSite","@id":"https:\/\/www.fabricair.com\/es\/#website","url":"https:\/\/www.fabricair.com\/es\/","name":"Spain FabricAir","description":"","publisher":{"@id":"https:\/\/www.fabricair.com\/es\/#organization"},"potentialAction":[{"@type":"SearchAction","target":{"@type":"EntryPoint","urlTemplate":"https:\/\/www.fabricair.com\/es\/?s={search_term_string}"},"query-input":{"@type":"PropertyValueSpecification","valueRequired":true,"valueName":"search_term_string"}}],"inLanguage":"en-US"},{"@type":"Organization","@id":"https:\/\/www.fabricair.com\/es\/#organization","name":"Spain FabricAir","url":"https:\/\/www.fabricair.com\/es\/","logo":{"@type":"ImageObject","inLanguage":"en-US","@id":"https:\/\/www.fabricair.com\/es\/#\/schema\/logo\/image\/","url":"https:\/\/www.fabricair.com\/es\/wp-content\/uploads\/sites\/27\/2024\/03\/A01-FabricAir-logo-blue.png","contentUrl":"https:\/\/www.fabricair.com\/es\/wp-content\/uploads\/sites\/27\/2024\/03\/A01-FabricAir-logo-blue.png","width":2087,"height":366,"caption":"Spain FabricAir"},"image":{"@id":"https:\/\/www.fabricair.com\/es\/#\/schema\/logo\/image\/"},"sameAs":["https:\/\/www.linkedin.com\/company\/fabricair-a-s\/?originalSubdomain=es"]}]}},"_links":{"self":[{"href":"https:\/\/www.fabricair.com\/es\/wp-json\/wp\/v2\/pages\/2485","targetHints":{"allow":["GET"]}}],"collection":[{"href":"https:\/\/www.fabricair.com\/es\/wp-json\/wp\/v2\/pages"}],"about":[{"href":"https:\/\/www.fabricair.com\/es\/wp-json\/wp\/v2\/types\/page"}],"author":[{"embeddable":true,"href":"https:\/\/www.fabricair.com\/es\/wp-json\/wp\/v2\/users\/1"}],"replies":[{"embeddable":true,"href":"https:\/\/www.fabricair.com\/es\/wp-json\/wp\/v2\/comments?post=2485"}],"version-history":[{"count":42,"href":"https:\/\/www.fabricair.com\/es\/wp-json\/wp\/v2\/pages\/2485\/revisions"}],"predecessor-version":[{"id":8926,"href":"https:\/\/www.fabricair.com\/es\/wp-json\/wp\/v2\/pages\/2485\/revisions\/8926"}],"up":[{"embeddable":true,"href":"https:\/\/www.fabricair.com\/es\/wp-json\/wp\/v2\/pages\/1220"}],"wp:featuredmedia":[{"embeddable":true,"href":"https:\/\/www.fabricair.com\/es\/wp-json\/wp\/v2\/media\/2486"}],"wp:attachment":[{"href":"https:\/\/www.fabricair.com\/es\/wp-json\/wp\/v2\/media?parent=2485"}],"curies":[{"name":"wp","href":"https:\/\/api.w.org\/{rel}","templated":true}]}}