{"id":2524,"date":"2022-03-28T16:48:26","date_gmt":"2022-03-28T16:48:26","guid":{"rendered":"https:\/\/fabricair.com\/es\/?page_id=2524"},"modified":"2025-07-25T08:48:03","modified_gmt":"2025-07-25T08:48:03","slug":"innovacion-hvac","status":"publish","type":"page","link":"https:\/\/www.fabricair.com\/es\/acerca-de-fabricair\/innovacion-hvac\/","title":{"rendered":"Innovaci\u00f3n HVAC"},"content":{"rendered":"<h1 data-pm-slice=\"1 1 []\">L\u00edderes en Innovaci\u00f3n HVAC y difusi\u00f3n de aire textil<\/h1>\n<p data-pm-slice=\"1 1 []\">En FabricAir, damos forma al futuro de la difusi\u00f3n de aire con soluciones textiles basadas en nuestra innovaci\u00f3n HVAC. Con m\u00e1s de 50 a\u00f1os de experiencia, seguimos marcando el camino en la <strong>industria HVAC<\/strong>, ofreciendo productos personalizados y altamente eficientes para mejorar la <strong>climatizaci\u00f3n<\/strong> en todo tipo de espacios.<\/p>\n<h2>Investigaci\u00f3n HVAC al servicio de la calidad del aire<\/h2>\n<p data-pm-slice=\"1 1 []\">Nuestra prioridad es clara: mejorar la vida de las personas mediante una <strong>distribuci\u00f3n de aire<\/strong> saludable, sostenible y adaptada a cada entorno. Dise\u00f1amos soluciones para nuevos edificios y para la renovaci\u00f3n de espacios existentes, como oficinas, escuelas, plantas industriales o instalaciones deportivas.<\/p>\n<p>Exploramos constantemente nuevas formas de innovar, demostrando los beneficios de aplicar tecnolog\u00eda textil en los <strong>sistemas HVAC<\/strong> modernos.<\/p>\n<div>\n<h2 data-pm-slice=\"1 1 []\"><\/h2>\n<h2 data-pm-slice=\"1 1 []\">Pioneros en la innovaci\u00f3n HVAC desde 1973<\/h2>\n<p><strong>FabricAir<\/strong> fue el primer fabricante en introducir los <strong>conductos textiles<\/strong> en la industria HVAC. Lo que comenz\u00f3 en la industria alimentaria, pronto se expandi\u00f3 a sectores como el educativo, industrial, log\u00edstico o comercial.<\/p>\n<p>Hoy, nuestras soluciones est\u00e1n presentes en m\u00e1s de 120 pa\u00edses, aportando eficiencia, sostenibilidad y confort t\u00e9rmico en cualquier aplicaci\u00f3n.<\/p>\n<div><\/div>\n<h2>Colaboraci\u00f3n con instituciones cient\u00edficas<\/h2>\n<p>La <strong>innovaci\u00f3n HVAC<\/strong> requiere respaldo cient\u00edfico. Por eso colaboramos activamente con universidades e institutos t\u00e9cnicos de Europa:<\/p>\n<ul data-spread=\"false\">\n<li>Universidad T\u00e9cnica de Dinamarca (DTU)<\/li>\n<li>Universidad Tecnol\u00f3gica de Kaunas (KTU)<\/li>\n<li>Instituto Tecnol\u00f3gico de Galicia (ITG)<\/li>\n<\/ul>\n<p>Tambi\u00e9n somos miembros fundadores del <strong>Cl\u00faster de Calidad del Aire Interior<\/strong> en Espa\u00f1a. Nuestros productos se prueban en laboratorios externos certificados y por investigadores independientes.<\/p>\n<div><\/div>\n<h2>I+D interno: experiencia, ciencia y resultados en innovaci\u00f3n HVAC<\/h2>\n<p>Contamos con un equipo interno de I+D formado por ingenieros, cient\u00edficos y doctores en ciencias. M\u00e1s del 70% de nuestros profesionales tienen titulaci\u00f3n doctoral y est\u00e1n activos en la comunidad cient\u00edfica internacional.<\/p>\n<p>Su objetivo: desarrollar soluciones textiles para <strong>sistemas de ventilaci\u00f3n<\/strong> cada vez m\u00e1s eficientes y sostenibles.<\/p>\n<div><\/div>\n<h2>Laboratorio de investigaci\u00f3n y desarrollo para la innovaci\u00f3n HVAC<\/h2>\n<p>Nuestra sede cuenta con un laboratorio HVAC de \u00faltima generaci\u00f3n, donde realizamos pruebas exhaustivas:<\/p>\n<ul data-spread=\"false\">\n<li>Medici\u00f3n de caudal, presi\u00f3n, temperatura y campos de velocidad<\/li>\n<li>Visualizaci\u00f3n de flujo de aire con tecnolog\u00eda l\u00e1ser y humo<\/li>\n<li>Impresi\u00f3n 3D para prototipado r\u00e1pido<\/li>\n<\/ul>\n<p>Este entorno de prueba nos permite transformar ideas en soluciones reales con rapidez y precisi\u00f3n.<\/p>\n<p>&nbsp;<\/p>\n<h2>Laboratorio de pruebas de materiales<\/h2>\n<p>Nuestro laboratorio de materiales garantiza el <strong>control de calidad<\/strong> y eval\u00faa constantemente nuevos textiles. Realizamos pruebas f\u00edsicas y mec\u00e1nicas como:<\/p>\n<ul data-spread=\"false\">\n<li>Resistencia, desgarro, estallido<\/li>\n<li>Permeabilidad al aire<\/li>\n<li>Inflamabilidad y seguridad<\/li>\n<\/ul>\n<p>Estas pruebas establecen nuestros est\u00e1ndares de calidad y aseguran un rendimiento excelente en cada instalaci\u00f3n.<\/p>\n<\/div>\n","protected":false},"excerpt":{"rendered":"<p>L\u00edderes en Innovaci\u00f3n HVAC y difusi\u00f3n de aire textil En FabricAir, damos forma al futuro de la difusi\u00f3n de aire con soluciones textiles basadas en nuestra innovaci\u00f3n HVAC. Con m\u00e1s de 50 a\u00f1os de experiencia, seguimos marcando el camino en la industria HVAC, ofreciendo productos personalizados y altamente eficientes para mejorar la climatizaci\u00f3n en todo [&hellip;]<\/p>\n","protected":false},"author":1,"featured_media":2557,"parent":1220,"menu_order":27,"comment_status":"closed","ping_status":"closed","template":"","meta":{"_acf_changed":false,"inline_featured_image":false,"footnotes":""},"class_list":["post-2524","page","type-page","status-publish","has-post-thumbnail","hentry"],"acf":[],"yoast_head":"<!-- This site is optimized with the Yoast SEO plugin v27.3 - https:\/\/yoast.com\/product\/yoast-seo-wordpress\/ -->\n<title>Innovaci\u00f3n HVAC | Spain FabricAir<\/title>\n<meta name=\"description\" content=\"FabricAIr es l\u00edder en innovaci\u00f3n HVAC mediante soluciones textiles pensadas para las personas y respaldadas por investigaci\u00f3n real.\" \/>\n<meta name=\"robots\" content=\"index, follow, max-snippet:-1, max-image-preview:large, max-video-preview:-1\" \/>\n<link rel=\"canonical\" href=\"https:\/\/www.fabricair.com\/es\/wp-json\/wp\/v2\/pages\/2524\/\" \/>\n<meta property=\"og:locale\" content=\"en_US\" \/>\n<meta property=\"og:type\" content=\"article\" \/>\n<meta property=\"og:title\" content=\"FabricAir | L\u00edderes en innovaci\u00f3n HVAC y climatizaci\u00f3n\" \/>\n<meta property=\"og:description\" content=\"FabricAIr es l\u00edder en innovaci\u00f3n HVAC mediante soluciones textiles pensadas para las personas y respaldadas por investigaci\u00f3n real.\" \/>\n<meta property=\"og:url\" content=\"https:\/\/www.fabricair.com\/es\/acerca-de-fabricair\/innovacion-hvac\/\" \/>\n<meta property=\"og:site_name\" content=\"Spain FabricAir\" \/>\n<meta property=\"article:modified_time\" content=\"2025-07-25T08:48:03+00:00\" \/>\n<meta property=\"og:image\" content=\"https:\/\/www.fabricair.com\/es\/wp-content\/uploads\/sites\/27\/2022\/03\/danfoss-001.jpg\" \/>\n\t<meta property=\"og:image:width\" content=\"1000\" \/>\n\t<meta property=\"og:image:height\" content=\"667\" \/>\n\t<meta property=\"og:image:type\" content=\"image\/jpeg\" \/>\n<meta name=\"twitter:card\" content=\"summary_large_image\" \/>\n<meta name=\"twitter:label1\" content=\"Est. reading time\" \/>\n\t<meta name=\"twitter:data1\" content=\"3 minutes\" \/>\n<script type=\"application\/ld+json\" class=\"yoast-schema-graph\">{\"@context\":\"https:\\\/\\\/schema.org\",\"@graph\":[{\"@type\":\"WebPage\",\"@id\":\"https:\\\/\\\/www.fabricair.com\\\/es\\\/acerca-de-fabricair\\\/innovacion-hvac\\\/\",\"url\":\"https:\\\/\\\/www.fabricair.com\\\/es\\\/acerca-de-fabricair\\\/innovacion-hvac\\\/\",\"name\":\"FabricAir | L\u00edderes en innovaci\u00f3n HVAC y climatizaci\u00f3n\",\"isPartOf\":{\"@id\":\"https:\\\/\\\/www.fabricair.com\\\/es\\\/#website\"},\"primaryImageOfPage\":{\"@id\":\"https:\\\/\\\/www.fabricair.com\\\/es\\\/acerca-de-fabricair\\\/innovacion-hvac\\\/#primaryimage\"},\"image\":{\"@id\":\"https:\\\/\\\/www.fabricair.com\\\/es\\\/acerca-de-fabricair\\\/innovacion-hvac\\\/#primaryimage\"},\"thumbnailUrl\":\"https:\\\/\\\/www.fabricair.com\\\/es\\\/wp-content\\\/uploads\\\/sites\\\/27\\\/2022\\\/03\\\/danfoss-001.jpg\",\"datePublished\":\"2022-03-28T16:48:26+00:00\",\"dateModified\":\"2025-07-25T08:48:03+00:00\",\"description\":\"FabricAIr es l\u00edder en innovaci\u00f3n HVAC mediante soluciones textiles pensadas para las personas y respaldadas por investigaci\u00f3n real.\",\"breadcrumb\":{\"@id\":\"https:\\\/\\\/www.fabricair.com\\\/es\\\/acerca-de-fabricair\\\/innovacion-hvac\\\/#breadcrumb\"},\"inLanguage\":\"en-US\",\"potentialAction\":[{\"@type\":\"ReadAction\",\"target\":[\"https:\\\/\\\/www.fabricair.com\\\/es\\\/acerca-de-fabricair\\\/innovacion-hvac\\\/\"]}]},{\"@type\":\"ImageObject\",\"inLanguage\":\"en-US\",\"@id\":\"https:\\\/\\\/www.fabricair.com\\\/es\\\/acerca-de-fabricair\\\/innovacion-hvac\\\/#primaryimage\",\"url\":\"https:\\\/\\\/www.fabricair.com\\\/es\\\/wp-content\\\/uploads\\\/sites\\\/27\\\/2022\\\/03\\\/danfoss-001.jpg\",\"contentUrl\":\"https:\\\/\\\/www.fabricair.com\\\/es\\\/wp-content\\\/uploads\\\/sites\\\/27\\\/2022\\\/03\\\/danfoss-001.jpg\",\"width\":1000,\"height\":667,\"caption\":\"Conductos textiles FabricAir instalados como parte de innovaci\u00f3n HVAC\"},{\"@type\":\"BreadcrumbList\",\"@id\":\"https:\\\/\\\/www.fabricair.com\\\/es\\\/acerca-de-fabricair\\\/innovacion-hvac\\\/#breadcrumb\",\"itemListElement\":[{\"@type\":\"ListItem\",\"position\":1,\"name\":\"Home\",\"item\":\"https:\\\/\\\/www.fabricair.com\\\/es\\\/\"},{\"@type\":\"ListItem\",\"position\":2,\"name\":\"Acerca de\",\"item\":\"https:\\\/\\\/www.fabricair.com\\\/es\\\/acerca-de-fabricair\\\/\"},{\"@type\":\"ListItem\",\"position\":3,\"name\":\"Innovaci\u00f3n HVAC\"}]},{\"@type\":\"WebSite\",\"@id\":\"https:\\\/\\\/www.fabricair.com\\\/es\\\/#website\",\"url\":\"https:\\\/\\\/www.fabricair.com\\\/es\\\/\",\"name\":\"Spain FabricAir\",\"description\":\"\",\"publisher\":{\"@id\":\"https:\\\/\\\/www.fabricair.com\\\/es\\\/#organization\"},\"potentialAction\":[{\"@type\":\"SearchAction\",\"target\":{\"@type\":\"EntryPoint\",\"urlTemplate\":\"https:\\\/\\\/www.fabricair.com\\\/es\\\/?s={search_term_string}\"},\"query-input\":{\"@type\":\"PropertyValueSpecification\",\"valueRequired\":true,\"valueName\":\"search_term_string\"}}],\"inLanguage\":\"en-US\"},{\"@type\":\"Organization\",\"@id\":\"https:\\\/\\\/www.fabricair.com\\\/es\\\/#organization\",\"name\":\"Spain FabricAir\",\"url\":\"https:\\\/\\\/www.fabricair.com\\\/es\\\/\",\"logo\":{\"@type\":\"ImageObject\",\"inLanguage\":\"en-US\",\"@id\":\"https:\\\/\\\/www.fabricair.com\\\/es\\\/#\\\/schema\\\/logo\\\/image\\\/\",\"url\":\"https:\\\/\\\/www.fabricair.com\\\/es\\\/wp-content\\\/uploads\\\/sites\\\/27\\\/2024\\\/03\\\/A01-FabricAir-logo-blue.png\",\"contentUrl\":\"https:\\\/\\\/www.fabricair.com\\\/es\\\/wp-content\\\/uploads\\\/sites\\\/27\\\/2024\\\/03\\\/A01-FabricAir-logo-blue.png\",\"width\":2087,\"height\":366,\"caption\":\"Spain FabricAir\"},\"image\":{\"@id\":\"https:\\\/\\\/www.fabricair.com\\\/es\\\/#\\\/schema\\\/logo\\\/image\\\/\"},\"sameAs\":[\"https:\\\/\\\/www.linkedin.com\\\/company\\\/fabricair-a-s\\\/?originalSubdomain=es\"]}]}<\/script>\n<!-- \/ Yoast SEO plugin. -->","yoast_head_json":{"title":"Innovaci\u00f3n HVAC | Spain FabricAir","description":"FabricAIr es l\u00edder en innovaci\u00f3n HVAC mediante soluciones textiles pensadas para las personas y respaldadas por investigaci\u00f3n real.","robots":{"index":"index","follow":"follow","max-snippet":"max-snippet:-1","max-image-preview":"max-image-preview:large","max-video-preview":"max-video-preview:-1"},"canonical":"https:\/\/www.fabricair.com\/es\/wp-json\/wp\/v2\/pages\/2524\/","og_locale":"en_US","og_type":"article","og_title":"FabricAir | L\u00edderes en innovaci\u00f3n HVAC y climatizaci\u00f3n","og_description":"FabricAIr es l\u00edder en innovaci\u00f3n HVAC mediante soluciones textiles pensadas para las personas y respaldadas por investigaci\u00f3n real.","og_url":"https:\/\/www.fabricair.com\/es\/acerca-de-fabricair\/innovacion-hvac\/","og_site_name":"Spain FabricAir","article_modified_time":"2025-07-25T08:48:03+00:00","og_image":[{"width":1000,"height":667,"url":"https:\/\/www.fabricair.com\/es\/wp-content\/uploads\/sites\/27\/2022\/03\/danfoss-001.jpg","type":"image\/jpeg"}],"twitter_card":"summary_large_image","twitter_misc":{"Est. reading time":"3 minutes"},"schema":{"@context":"https:\/\/schema.org","@graph":[{"@type":"WebPage","@id":"https:\/\/www.fabricair.com\/es\/acerca-de-fabricair\/innovacion-hvac\/","url":"https:\/\/www.fabricair.com\/es\/acerca-de-fabricair\/innovacion-hvac\/","name":"FabricAir | L\u00edderes en innovaci\u00f3n HVAC y climatizaci\u00f3n","isPartOf":{"@id":"https:\/\/www.fabricair.com\/es\/#website"},"primaryImageOfPage":{"@id":"https:\/\/www.fabricair.com\/es\/acerca-de-fabricair\/innovacion-hvac\/#primaryimage"},"image":{"@id":"https:\/\/www.fabricair.com\/es\/acerca-de-fabricair\/innovacion-hvac\/#primaryimage"},"thumbnailUrl":"https:\/\/www.fabricair.com\/es\/wp-content\/uploads\/sites\/27\/2022\/03\/danfoss-001.jpg","datePublished":"2022-03-28T16:48:26+00:00","dateModified":"2025-07-25T08:48:03+00:00","description":"FabricAIr es l\u00edder en innovaci\u00f3n HVAC mediante soluciones textiles pensadas para las personas y respaldadas por investigaci\u00f3n real.","breadcrumb":{"@id":"https:\/\/www.fabricair.com\/es\/acerca-de-fabricair\/innovacion-hvac\/#breadcrumb"},"inLanguage":"en-US","potentialAction":[{"@type":"ReadAction","target":["https:\/\/www.fabricair.com\/es\/acerca-de-fabricair\/innovacion-hvac\/"]}]},{"@type":"ImageObject","inLanguage":"en-US","@id":"https:\/\/www.fabricair.com\/es\/acerca-de-fabricair\/innovacion-hvac\/#primaryimage","url":"https:\/\/www.fabricair.com\/es\/wp-content\/uploads\/sites\/27\/2022\/03\/danfoss-001.jpg","contentUrl":"https:\/\/www.fabricair.com\/es\/wp-content\/uploads\/sites\/27\/2022\/03\/danfoss-001.jpg","width":1000,"height":667,"caption":"Conductos textiles FabricAir instalados como parte de innovaci\u00f3n HVAC"},{"@type":"BreadcrumbList","@id":"https:\/\/www.fabricair.com\/es\/acerca-de-fabricair\/innovacion-hvac\/#breadcrumb","itemListElement":[{"@type":"ListItem","position":1,"name":"Home","item":"https:\/\/www.fabricair.com\/es\/"},{"@type":"ListItem","position":2,"name":"Acerca de","item":"https:\/\/www.fabricair.com\/es\/acerca-de-fabricair\/"},{"@type":"ListItem","position":3,"name":"Innovaci\u00f3n HVAC"}]},{"@type":"WebSite","@id":"https:\/\/www.fabricair.com\/es\/#website","url":"https:\/\/www.fabricair.com\/es\/","name":"Spain FabricAir","description":"","publisher":{"@id":"https:\/\/www.fabricair.com\/es\/#organization"},"potentialAction":[{"@type":"SearchAction","target":{"@type":"EntryPoint","urlTemplate":"https:\/\/www.fabricair.com\/es\/?s={search_term_string}"},"query-input":{"@type":"PropertyValueSpecification","valueRequired":true,"valueName":"search_term_string"}}],"inLanguage":"en-US"},{"@type":"Organization","@id":"https:\/\/www.fabricair.com\/es\/#organization","name":"Spain FabricAir","url":"https:\/\/www.fabricair.com\/es\/","logo":{"@type":"ImageObject","inLanguage":"en-US","@id":"https:\/\/www.fabricair.com\/es\/#\/schema\/logo\/image\/","url":"https:\/\/www.fabricair.com\/es\/wp-content\/uploads\/sites\/27\/2024\/03\/A01-FabricAir-logo-blue.png","contentUrl":"https:\/\/www.fabricair.com\/es\/wp-content\/uploads\/sites\/27\/2024\/03\/A01-FabricAir-logo-blue.png","width":2087,"height":366,"caption":"Spain FabricAir"},"image":{"@id":"https:\/\/www.fabricair.com\/es\/#\/schema\/logo\/image\/"},"sameAs":["https:\/\/www.linkedin.com\/company\/fabricair-a-s\/?originalSubdomain=es"]}]}},"_links":{"self":[{"href":"https:\/\/www.fabricair.com\/es\/wp-json\/wp\/v2\/pages\/2524","targetHints":{"allow":["GET"]}}],"collection":[{"href":"https:\/\/www.fabricair.com\/es\/wp-json\/wp\/v2\/pages"}],"about":[{"href":"https:\/\/www.fabricair.com\/es\/wp-json\/wp\/v2\/types\/page"}],"author":[{"embeddable":true,"href":"https:\/\/www.fabricair.com\/es\/wp-json\/wp\/v2\/users\/1"}],"replies":[{"embeddable":true,"href":"https:\/\/www.fabricair.com\/es\/wp-json\/wp\/v2\/comments?post=2524"}],"version-history":[{"count":23,"href":"https:\/\/www.fabricair.com\/es\/wp-json\/wp\/v2\/pages\/2524\/revisions"}],"predecessor-version":[{"id":8928,"href":"https:\/\/www.fabricair.com\/es\/wp-json\/wp\/v2\/pages\/2524\/revisions\/8928"}],"up":[{"embeddable":true,"href":"https:\/\/www.fabricair.com\/es\/wp-json\/wp\/v2\/pages\/1220"}],"wp:featuredmedia":[{"embeddable":true,"href":"https:\/\/www.fabricair.com\/es\/wp-json\/wp\/v2\/media\/2557"}],"wp:attachment":[{"href":"https:\/\/www.fabricair.com\/es\/wp-json\/wp\/v2\/media?parent=2524"}],"curies":[{"name":"wp","href":"https:\/\/api.w.org\/{rel}","templated":true}]}}