{"id":2729,"date":"2022-03-29T11:59:56","date_gmt":"2022-03-29T11:59:56","guid":{"rendered":"https:\/\/fabricair.com\/es\/?page_id=2729"},"modified":"2025-07-25T08:52:33","modified_gmt":"2025-07-25T08:52:33","slug":"noticias","status":"publish","type":"page","link":"https:\/\/www.fabricair.com\/es\/acerca-de-fabricair\/noticias\/","title":{"rendered":"Noticias"},"content":{"rendered":"<h1 data-start=\"138\" data-end=\"161\">Noticias FabricAir<\/h1>\n<h2 data-start=\"162\" data-end=\"207\"><strong data-start=\"162\" data-end=\"207\">Noticias, actualidad, innovaci\u00f3n y expansi\u00f3n global<\/strong><\/h2>\n<p data-start=\"209\" data-end=\"633\">En esta secci\u00f3n encontrar\u00e1s las \u00faltimas <strong data-start=\"249\" data-end=\"274\">noticias de FabricAir<\/strong>, incluyendo lanzamientos de productos, desarrollos tecnol\u00f3gicos, casos de \u00e9xito, presencia en ferias internacionales, nuevas filiales y colaboraciones estrat\u00e9gicas. Nuestro objetivo es mantenerte informado sobre c\u00f3mo seguimos impulsando la <strong data-start=\"515\" data-end=\"534\">innovaci\u00f3n HVAC<\/strong> a trav\u00e9s de soluciones textiles eficientes, sostenibles y adaptadas a las necesidades del mercado.<\/p>\n<p data-start=\"635\" data-end=\"778\">Desde hitos corporativos hasta avances en I+D, aqu\u00ed reunimos todo lo que est\u00e1 marcando el presente y el futuro de <strong data-start=\"749\" data-end=\"777\">FabricAir a nivel global<\/strong>.<\/p>\n<p data-start=\"635\" data-end=\"778\">\n<h2 data-start=\"787\" data-end=\"839\">Un espacio para inspirar y compartir conocimiento<\/h2>\n<p data-start=\"841\" data-end=\"1154\">Adem\u00e1s de novedades corporativas, la secci\u00f3n de noticias incluye contenido que refleja el valor humano y t\u00e9cnico de nuestro trabajo: entrevistas con expertos, an\u00e1lisis de tendencias en <strong data-start=\"1026\" data-end=\"1050\">climatizaci\u00f3n textil<\/strong>, informes sobre sostenibilidad y tecnolog\u00eda, y el impacto de nuestras soluciones en proyectos reales.<\/p>\n<p data-start=\"1156\" data-end=\"1334\">Esta p\u00e1gina es tambi\u00e9n una ventana para clientes, colaboradores y profesionales del sector que buscan estar al d\u00eda con lo \u00faltimo en <strong data-start=\"1288\" data-end=\"1333\">difusi\u00f3n de aire textil e innovaci\u00f3n HVAC<\/strong>.<\/p>\n<p data-start=\"1156\" data-end=\"1334\">\n<h2 data-start=\"192\" data-end=\"223\">Conectados con el mundo HVAC<\/h2>\n<p data-start=\"225\" data-end=\"565\">La p\u00e1gina de <strong data-start=\"238\" data-end=\"263\">noticias de FabricAir<\/strong> tambi\u00e9n refleja nuestro compromiso con la evoluci\u00f3n del sector HVAC a nivel internacional. Desde nuestra participaci\u00f3n en ferias como AHR Expo o ISH, hasta colaboraciones con universidades y centros de investigaci\u00f3n, aqu\u00ed documentamos c\u00f3mo contribuimos activamente al avance de la <strong data-start=\"545\" data-end=\"564\">innovaci\u00f3n HVAC<\/strong>.<\/p>\n<p data-start=\"567\" data-end=\"882\">Cada noticia es una muestra de c\u00f3mo los <strong data-start=\"607\" data-end=\"639\">conductos textiles FabricAir<\/strong> est\u00e1n presentes en soluciones reales, adaptadas a industrias tan diversas como la alimentaria, la deportiva, la log\u00edstica o la farmac\u00e9utica. Porque m\u00e1s que comunicar novedades, buscamos compartir c\u00f3mo transformamos espacios a trav\u00e9s del aire.<\/p>\n","protected":false},"excerpt":{"rendered":"<p>Noticias FabricAir Noticias, actualidad, innovaci\u00f3n y expansi\u00f3n global En esta secci\u00f3n encontrar\u00e1s las \u00faltimas noticias de FabricAir, incluyendo lanzamientos de productos, desarrollos tecnol\u00f3gicos, casos de \u00e9xito, presencia en ferias internacionales, nuevas filiales y colaboraciones estrat\u00e9gicas. Nuestro objetivo es mantenerte informado sobre c\u00f3mo seguimos impulsando la innovaci\u00f3n HVAC a trav\u00e9s de soluciones textiles eficientes, sostenibles y [&hellip;]<\/p>\n","protected":false},"author":1,"featured_media":2437,"parent":1220,"menu_order":0,"comment_status":"closed","ping_status":"closed","template":"","meta":{"_acf_changed":false,"inline_featured_image":false,"footnotes":""},"class_list":["post-2729","page","type-page","status-publish","has-post-thumbnail","hentry"],"acf":[],"yoast_head":"<!-- This site is optimized with the Yoast SEO plugin v27.3 - https:\/\/yoast.com\/product\/yoast-seo-wordpress\/ -->\n<title>Noticias | Spain FabricAir<\/title>\n<meta name=\"description\" content=\"Descubre las \u00faltimas noticias de FabricAir: lanzamientos de productos, avances en innovaci\u00f3n HVAC y expansi\u00f3n global en climatizaci\u00f3n textil.\" \/>\n<meta name=\"robots\" content=\"index, follow, max-snippet:-1, max-image-preview:large, max-video-preview:-1\" \/>\n<link rel=\"canonical\" href=\"https:\/\/www.fabricair.com\/es\/wp-json\/wp\/v2\/pages\/2729\/\" \/>\n<meta property=\"og:locale\" content=\"en_US\" \/>\n<meta property=\"og:type\" content=\"article\" \/>\n<meta property=\"og:title\" content=\"Noticias FabricAir | Innovaci\u00f3n HVAC y actualidad sobre soluciones textiles\" \/>\n<meta property=\"og:description\" content=\"Descubre las \u00faltimas noticias de FabricAir: lanzamientos de productos, avances en innovaci\u00f3n HVAC y expansi\u00f3n global en climatizaci\u00f3n textil.\" \/>\n<meta property=\"og:url\" content=\"https:\/\/www.fabricair.com\/es\/acerca-de-fabricair\/noticias\/\" \/>\n<meta property=\"og:site_name\" content=\"Spain FabricAir\" \/>\n<meta property=\"article:modified_time\" content=\"2025-07-25T08:52:33+00:00\" \/>\n<meta property=\"og:image\" content=\"https:\/\/www.fabricair.com\/es\/wp-content\/uploads\/sites\/27\/2022\/03\/20200901_FabricAir_Bergsteen-Timber_004.jpg\" \/>\n\t<meta property=\"og:image:width\" content=\"1000\" \/>\n\t<meta property=\"og:image:height\" content=\"667\" \/>\n\t<meta property=\"og:image:type\" content=\"image\/jpeg\" \/>\n<meta name=\"twitter:card\" content=\"summary_large_image\" \/>\n<meta name=\"twitter:label1\" content=\"Est. reading time\" \/>\n\t<meta name=\"twitter:data1\" content=\"2 minutes\" \/>\n<script type=\"application\/ld+json\" class=\"yoast-schema-graph\">{\"@context\":\"https:\\\/\\\/schema.org\",\"@graph\":[{\"@type\":\"WebPage\",\"@id\":\"https:\\\/\\\/www.fabricair.com\\\/es\\\/acerca-de-fabricair\\\/noticias\\\/\",\"url\":\"https:\\\/\\\/www.fabricair.com\\\/es\\\/acerca-de-fabricair\\\/noticias\\\/\",\"name\":\"Noticias FabricAir | Innovaci\u00f3n HVAC y actualidad sobre soluciones textiles\",\"isPartOf\":{\"@id\":\"https:\\\/\\\/www.fabricair.com\\\/es\\\/#website\"},\"primaryImageOfPage\":{\"@id\":\"https:\\\/\\\/www.fabricair.com\\\/es\\\/acerca-de-fabricair\\\/noticias\\\/#primaryimage\"},\"image\":{\"@id\":\"https:\\\/\\\/www.fabricair.com\\\/es\\\/acerca-de-fabricair\\\/noticias\\\/#primaryimage\"},\"thumbnailUrl\":\"https:\\\/\\\/www.fabricair.com\\\/es\\\/wp-content\\\/uploads\\\/sites\\\/27\\\/2022\\\/03\\\/20200901_FabricAir_Bergsteen-Timber_004.jpg\",\"datePublished\":\"2022-03-29T11:59:56+00:00\",\"dateModified\":\"2025-07-25T08:52:33+00:00\",\"description\":\"Descubre las \u00faltimas noticias de FabricAir: lanzamientos de productos, avances en innovaci\u00f3n HVAC y expansi\u00f3n global en climatizaci\u00f3n textil.\",\"breadcrumb\":{\"@id\":\"https:\\\/\\\/www.fabricair.com\\\/es\\\/acerca-de-fabricair\\\/noticias\\\/#breadcrumb\"},\"inLanguage\":\"en-US\",\"potentialAction\":[{\"@type\":\"ReadAction\",\"target\":[\"https:\\\/\\\/www.fabricair.com\\\/es\\\/acerca-de-fabricair\\\/noticias\\\/\"]}]},{\"@type\":\"ImageObject\",\"inLanguage\":\"en-US\",\"@id\":\"https:\\\/\\\/www.fabricair.com\\\/es\\\/acerca-de-fabricair\\\/noticias\\\/#primaryimage\",\"url\":\"https:\\\/\\\/www.fabricair.com\\\/es\\\/wp-content\\\/uploads\\\/sites\\\/27\\\/2022\\\/03\\\/20200901_FabricAir_Bergsteen-Timber_004.jpg\",\"contentUrl\":\"https:\\\/\\\/www.fabricair.com\\\/es\\\/wp-content\\\/uploads\\\/sites\\\/27\\\/2022\\\/03\\\/20200901_FabricAir_Bergsteen-Timber_004.jpg\",\"width\":1000,\"height\":667,\"caption\":\"Vista general de una instalaci\u00f3n con conductos textiles FabricAir, reflejando su alcance global e innovaci\u00f3n en climatizaci\u00f3n\"},{\"@type\":\"BreadcrumbList\",\"@id\":\"https:\\\/\\\/www.fabricair.com\\\/es\\\/acerca-de-fabricair\\\/noticias\\\/#breadcrumb\",\"itemListElement\":[{\"@type\":\"ListItem\",\"position\":1,\"name\":\"Home\",\"item\":\"https:\\\/\\\/www.fabricair.com\\\/es\\\/\"},{\"@type\":\"ListItem\",\"position\":2,\"name\":\"Acerca de\",\"item\":\"https:\\\/\\\/www.fabricair.com\\\/es\\\/acerca-de-fabricair\\\/\"},{\"@type\":\"ListItem\",\"position\":3,\"name\":\"Noticias\"}]},{\"@type\":\"WebSite\",\"@id\":\"https:\\\/\\\/www.fabricair.com\\\/es\\\/#website\",\"url\":\"https:\\\/\\\/www.fabricair.com\\\/es\\\/\",\"name\":\"Spain FabricAir\",\"description\":\"\",\"publisher\":{\"@id\":\"https:\\\/\\\/www.fabricair.com\\\/es\\\/#organization\"},\"potentialAction\":[{\"@type\":\"SearchAction\",\"target\":{\"@type\":\"EntryPoint\",\"urlTemplate\":\"https:\\\/\\\/www.fabricair.com\\\/es\\\/?s={search_term_string}\"},\"query-input\":{\"@type\":\"PropertyValueSpecification\",\"valueRequired\":true,\"valueName\":\"search_term_string\"}}],\"inLanguage\":\"en-US\"},{\"@type\":\"Organization\",\"@id\":\"https:\\\/\\\/www.fabricair.com\\\/es\\\/#organization\",\"name\":\"Spain FabricAir\",\"url\":\"https:\\\/\\\/www.fabricair.com\\\/es\\\/\",\"logo\":{\"@type\":\"ImageObject\",\"inLanguage\":\"en-US\",\"@id\":\"https:\\\/\\\/www.fabricair.com\\\/es\\\/#\\\/schema\\\/logo\\\/image\\\/\",\"url\":\"https:\\\/\\\/www.fabricair.com\\\/es\\\/wp-content\\\/uploads\\\/sites\\\/27\\\/2024\\\/03\\\/A01-FabricAir-logo-blue.png\",\"contentUrl\":\"https:\\\/\\\/www.fabricair.com\\\/es\\\/wp-content\\\/uploads\\\/sites\\\/27\\\/2024\\\/03\\\/A01-FabricAir-logo-blue.png\",\"width\":2087,\"height\":366,\"caption\":\"Spain FabricAir\"},\"image\":{\"@id\":\"https:\\\/\\\/www.fabricair.com\\\/es\\\/#\\\/schema\\\/logo\\\/image\\\/\"},\"sameAs\":[\"https:\\\/\\\/www.linkedin.com\\\/company\\\/fabricair-a-s\\\/?originalSubdomain=es\"]}]}<\/script>\n<!-- \/ Yoast SEO plugin. -->","yoast_head_json":{"title":"Noticias | Spain FabricAir","description":"Descubre las \u00faltimas noticias de FabricAir: lanzamientos de productos, avances en innovaci\u00f3n HVAC y expansi\u00f3n global en climatizaci\u00f3n textil.","robots":{"index":"index","follow":"follow","max-snippet":"max-snippet:-1","max-image-preview":"max-image-preview:large","max-video-preview":"max-video-preview:-1"},"canonical":"https:\/\/www.fabricair.com\/es\/wp-json\/wp\/v2\/pages\/2729\/","og_locale":"en_US","og_type":"article","og_title":"Noticias FabricAir | Innovaci\u00f3n HVAC y actualidad sobre soluciones textiles","og_description":"Descubre las \u00faltimas noticias de FabricAir: lanzamientos de productos, avances en innovaci\u00f3n HVAC y expansi\u00f3n global en climatizaci\u00f3n textil.","og_url":"https:\/\/www.fabricair.com\/es\/acerca-de-fabricair\/noticias\/","og_site_name":"Spain FabricAir","article_modified_time":"2025-07-25T08:52:33+00:00","og_image":[{"width":1000,"height":667,"url":"https:\/\/www.fabricair.com\/es\/wp-content\/uploads\/sites\/27\/2022\/03\/20200901_FabricAir_Bergsteen-Timber_004.jpg","type":"image\/jpeg"}],"twitter_card":"summary_large_image","twitter_misc":{"Est. reading time":"2 minutes"},"schema":{"@context":"https:\/\/schema.org","@graph":[{"@type":"WebPage","@id":"https:\/\/www.fabricair.com\/es\/acerca-de-fabricair\/noticias\/","url":"https:\/\/www.fabricair.com\/es\/acerca-de-fabricair\/noticias\/","name":"Noticias FabricAir | Innovaci\u00f3n HVAC y actualidad sobre soluciones textiles","isPartOf":{"@id":"https:\/\/www.fabricair.com\/es\/#website"},"primaryImageOfPage":{"@id":"https:\/\/www.fabricair.com\/es\/acerca-de-fabricair\/noticias\/#primaryimage"},"image":{"@id":"https:\/\/www.fabricair.com\/es\/acerca-de-fabricair\/noticias\/#primaryimage"},"thumbnailUrl":"https:\/\/www.fabricair.com\/es\/wp-content\/uploads\/sites\/27\/2022\/03\/20200901_FabricAir_Bergsteen-Timber_004.jpg","datePublished":"2022-03-29T11:59:56+00:00","dateModified":"2025-07-25T08:52:33+00:00","description":"Descubre las \u00faltimas noticias de FabricAir: lanzamientos de productos, avances en innovaci\u00f3n HVAC y expansi\u00f3n global en climatizaci\u00f3n textil.","breadcrumb":{"@id":"https:\/\/www.fabricair.com\/es\/acerca-de-fabricair\/noticias\/#breadcrumb"},"inLanguage":"en-US","potentialAction":[{"@type":"ReadAction","target":["https:\/\/www.fabricair.com\/es\/acerca-de-fabricair\/noticias\/"]}]},{"@type":"ImageObject","inLanguage":"en-US","@id":"https:\/\/www.fabricair.com\/es\/acerca-de-fabricair\/noticias\/#primaryimage","url":"https:\/\/www.fabricair.com\/es\/wp-content\/uploads\/sites\/27\/2022\/03\/20200901_FabricAir_Bergsteen-Timber_004.jpg","contentUrl":"https:\/\/www.fabricair.com\/es\/wp-content\/uploads\/sites\/27\/2022\/03\/20200901_FabricAir_Bergsteen-Timber_004.jpg","width":1000,"height":667,"caption":"Vista general de una instalaci\u00f3n con conductos textiles FabricAir, reflejando su alcance global e innovaci\u00f3n en climatizaci\u00f3n"},{"@type":"BreadcrumbList","@id":"https:\/\/www.fabricair.com\/es\/acerca-de-fabricair\/noticias\/#breadcrumb","itemListElement":[{"@type":"ListItem","position":1,"name":"Home","item":"https:\/\/www.fabricair.com\/es\/"},{"@type":"ListItem","position":2,"name":"Acerca de","item":"https:\/\/www.fabricair.com\/es\/acerca-de-fabricair\/"},{"@type":"ListItem","position":3,"name":"Noticias"}]},{"@type":"WebSite","@id":"https:\/\/www.fabricair.com\/es\/#website","url":"https:\/\/www.fabricair.com\/es\/","name":"Spain FabricAir","description":"","publisher":{"@id":"https:\/\/www.fabricair.com\/es\/#organization"},"potentialAction":[{"@type":"SearchAction","target":{"@type":"EntryPoint","urlTemplate":"https:\/\/www.fabricair.com\/es\/?s={search_term_string}"},"query-input":{"@type":"PropertyValueSpecification","valueRequired":true,"valueName":"search_term_string"}}],"inLanguage":"en-US"},{"@type":"Organization","@id":"https:\/\/www.fabricair.com\/es\/#organization","name":"Spain FabricAir","url":"https:\/\/www.fabricair.com\/es\/","logo":{"@type":"ImageObject","inLanguage":"en-US","@id":"https:\/\/www.fabricair.com\/es\/#\/schema\/logo\/image\/","url":"https:\/\/www.fabricair.com\/es\/wp-content\/uploads\/sites\/27\/2024\/03\/A01-FabricAir-logo-blue.png","contentUrl":"https:\/\/www.fabricair.com\/es\/wp-content\/uploads\/sites\/27\/2024\/03\/A01-FabricAir-logo-blue.png","width":2087,"height":366,"caption":"Spain FabricAir"},"image":{"@id":"https:\/\/www.fabricair.com\/es\/#\/schema\/logo\/image\/"},"sameAs":["https:\/\/www.linkedin.com\/company\/fabricair-a-s\/?originalSubdomain=es"]}]}},"_links":{"self":[{"href":"https:\/\/www.fabricair.com\/es\/wp-json\/wp\/v2\/pages\/2729","targetHints":{"allow":["GET"]}}],"collection":[{"href":"https:\/\/www.fabricair.com\/es\/wp-json\/wp\/v2\/pages"}],"about":[{"href":"https:\/\/www.fabricair.com\/es\/wp-json\/wp\/v2\/types\/page"}],"author":[{"embeddable":true,"href":"https:\/\/www.fabricair.com\/es\/wp-json\/wp\/v2\/users\/1"}],"replies":[{"embeddable":true,"href":"https:\/\/www.fabricair.com\/es\/wp-json\/wp\/v2\/comments?post=2729"}],"version-history":[{"count":20,"href":"https:\/\/www.fabricair.com\/es\/wp-json\/wp\/v2\/pages\/2729\/revisions"}],"predecessor-version":[{"id":8929,"href":"https:\/\/www.fabricair.com\/es\/wp-json\/wp\/v2\/pages\/2729\/revisions\/8929"}],"up":[{"embeddable":true,"href":"https:\/\/www.fabricair.com\/es\/wp-json\/wp\/v2\/pages\/1220"}],"wp:featuredmedia":[{"embeddable":true,"href":"https:\/\/www.fabricair.com\/es\/wp-json\/wp\/v2\/media\/2437"}],"wp:attachment":[{"href":"https:\/\/www.fabricair.com\/es\/wp-json\/wp\/v2\/media?parent=2729"}],"curies":[{"name":"wp","href":"https:\/\/api.w.org\/{rel}","templated":true}]}}