{"id":2771,"date":"2022-03-29T13:32:57","date_gmt":"2022-03-29T13:32:57","guid":{"rendered":"https:\/\/fabricair.com\/es\/?page_id=2771"},"modified":"2026-02-12T08:09:40","modified_gmt":"2026-02-12T08:09:40","slug":"faqs","status":"publish","type":"page","link":"https:\/\/www.fabricair.com\/es\/faqs\/","title":{"rendered":"FAQs"},"content":{"rendered":"<p>Encuentra en esta pagina de FAQs, respuesta a las preguntas m\u00e1s comunes que suelen tener nuestros nuevos clientes, que facilitaran la comprensi\u00f3n de nuestros productos FabricAir.<\/p>\n<p><strong>Sistema de conductos &#8211; FAQs<\/strong><\/p>\n<p>El sistema de conductos est\u00e1 dise\u00f1ado a medida para crear el ajuste ideal para los requisitos espec\u00edficos de cada aplicaci\u00f3n. A trav\u00e9s de a\u00f1os de extensa investigaci\u00f3n y trabajo, hemos acumulado una enorme experiencia en estas aplicaciones. Echa un vistazo a nuestras sugerencias para conseguir una perfecta difusi\u00f3n del aire en tus instalaciones.<\/p>\n<p><strong>Difusi\u00f3n de aire uniforme<\/strong><\/p>\n<p>Distribuye el aire de manera uniforme en todas las salas.<\/p>\n<p><strong>Operaci\u00f3n higi\u00e9nica<\/strong><\/p>\n<p>Los tejidos antimicrobianos eliminan los riesgos para la salud y los conductos se lavan f\u00e1cilmente.<\/p>\n<p><strong>Sencilla instalaci\u00f3n<\/strong><\/p>\n<p>Lo m\u00e1s simple posible; no se necesita maquinaria pesada.<\/p>\n<p><strong>Larga vida \u00fatil<\/strong><\/p>\n<p>Durabilidad comprobada en las pr\u00f3ximas d\u00e9cadas.<\/p>\n<p><strong>Resistente a la corrosi\u00f3n<\/strong><\/p>\n<p>El tejido no se oxida, eliminando as\u00ed el riesgo de corrosi\u00f3n.<\/p>\n<p><strong>Alta calidad del aire interior<\/strong><\/p>\n<p>Crea un entorno perfecto y sin corrientes de aire para todos los empleados.<\/p>\n<p><strong>Palacio de Larrinaga, Spain<\/strong><\/p>\n<p>&#8220;Nuestros clientes son conscientes de la calidad; debemos minimizar las corrientes de aire y el nivel sonoro, manteniendo siempre la temperatura adecuada.<\/p>\n<p>El a\u00f1o pasado instalamos soluciones FabricAir en otras instalaciones de nuestro grupo y funcionan muy bien. En este espacio hemos querido integrar un dise\u00f1o elegante y un confort \u00f3ptimo. En los meses de verano, las temperaturas son altas en Zaragoza y el aire acondicionado ha funcionado bien, no hemos tenido ninguna queja.<\/p>\n<p>Estamos muy satisfechos con la soluci\u00f3n de dispersi\u00f3n de FabricAir y los recomendamos.&#8221;<\/p>\n<p><strong>Luis Catalan, Grupo El Cachirulo, Technical Manager of Maintenance<\/strong><\/p>\n","protected":false},"excerpt":{"rendered":"<p>Encuentra en esta pagina de FAQs, respuesta a las preguntas m\u00e1s comunes que suelen tener nuestros nuevos clientes, que facilitaran la comprensi\u00f3n de nuestros productos FabricAir. Sistema de conductos &#8211; FAQs El sistema de conductos est\u00e1 dise\u00f1ado a medida para crear el ajuste ideal para los requisitos espec\u00edficos de cada aplicaci\u00f3n. A trav\u00e9s de a\u00f1os [&hellip;]<\/p>\n","protected":false},"author":1,"featured_media":2772,"parent":0,"menu_order":22,"comment_status":"closed","ping_status":"closed","template":"","meta":{"_acf_changed":false,"inline_featured_image":false,"footnotes":""},"class_list":["post-2771","page","type-page","status-publish","has-post-thumbnail","hentry"],"acf":[],"yoast_head":"<!-- This site is optimized with the Yoast SEO plugin v27.3 - https:\/\/yoast.com\/product\/yoast-seo-wordpress\/ -->\n<title>FAQs | Spain FabricAir<\/title>\n<meta name=\"description\" content=\"Encuentra en esta pagina de FAQs, respuesta a las preguntas que m\u00e1s comunes que suelen tener nuestros nuevos clientes.\" \/>\n<meta name=\"robots\" content=\"index, follow, max-snippet:-1, max-image-preview:large, max-video-preview:-1\" \/>\n<link rel=\"canonical\" href=\"https:\/\/www.fabricair.com\/es\/wp-json\/wp\/v2\/pages\/2771\/\" \/>\n<meta property=\"og:locale\" content=\"en_US\" \/>\n<meta property=\"og:type\" content=\"article\" \/>\n<meta property=\"og:title\" content=\"FAQs - Spain FabricAir\" \/>\n<meta property=\"og:description\" content=\"Encuentra en esta pagina de FAQs, respuesta a las preguntas que m\u00e1s comunes que suelen tener nuestros nuevos clientes.\" \/>\n<meta property=\"og:url\" content=\"https:\/\/www.fabricair.com\/es\/faqs\/\" \/>\n<meta property=\"og:site_name\" content=\"Spain FabricAir\" \/>\n<meta property=\"article:modified_time\" content=\"2026-02-12T08:09:40+00:00\" \/>\n<meta property=\"og:image\" content=\"https:\/\/www.fabricair.com\/es\/wp-content\/uploads\/sites\/27\/2022\/03\/unsplash_VOXoOCAjhVY.png\" \/>\n\t<meta property=\"og:image:width\" content=\"1440\" \/>\n\t<meta property=\"og:image:height\" content=\"480\" \/>\n\t<meta property=\"og:image:type\" content=\"image\/png\" \/>\n<meta name=\"twitter:card\" content=\"summary_large_image\" \/>\n<meta name=\"twitter:label1\" content=\"Est. reading time\" \/>\n\t<meta name=\"twitter:data1\" content=\"2 minutes\" \/>\n<script type=\"application\/ld+json\" class=\"yoast-schema-graph\">{\"@context\":\"https:\\\/\\\/schema.org\",\"@graph\":[{\"@type\":\"WebPage\",\"@id\":\"https:\\\/\\\/www.fabricair.com\\\/es\\\/faqs\\\/\",\"url\":\"https:\\\/\\\/www.fabricair.com\\\/es\\\/faqs\\\/\",\"name\":\"FAQs - Spain FabricAir\",\"isPartOf\":{\"@id\":\"https:\\\/\\\/www.fabricair.com\\\/es\\\/#website\"},\"primaryImageOfPage\":{\"@id\":\"https:\\\/\\\/www.fabricair.com\\\/es\\\/faqs\\\/#primaryimage\"},\"image\":{\"@id\":\"https:\\\/\\\/www.fabricair.com\\\/es\\\/faqs\\\/#primaryimage\"},\"thumbnailUrl\":\"https:\\\/\\\/www.fabricair.com\\\/es\\\/wp-content\\\/uploads\\\/sites\\\/27\\\/2022\\\/03\\\/unsplash_VOXoOCAjhVY.png\",\"datePublished\":\"2022-03-29T13:32:57+00:00\",\"dateModified\":\"2026-02-12T08:09:40+00:00\",\"description\":\"Encuentra en esta pagina de FAQs, respuesta a las preguntas que m\u00e1s comunes que suelen tener nuestros nuevos clientes.\",\"breadcrumb\":{\"@id\":\"https:\\\/\\\/www.fabricair.com\\\/es\\\/faqs\\\/#breadcrumb\"},\"inLanguage\":\"en-US\",\"potentialAction\":[{\"@type\":\"ReadAction\",\"target\":[\"https:\\\/\\\/www.fabricair.com\\\/es\\\/faqs\\\/\"]}]},{\"@type\":\"ImageObject\",\"inLanguage\":\"en-US\",\"@id\":\"https:\\\/\\\/www.fabricair.com\\\/es\\\/faqs\\\/#primaryimage\",\"url\":\"https:\\\/\\\/www.fabricair.com\\\/es\\\/wp-content\\\/uploads\\\/sites\\\/27\\\/2022\\\/03\\\/unsplash_VOXoOCAjhVY.png\",\"contentUrl\":\"https:\\\/\\\/www.fabricair.com\\\/es\\\/wp-content\\\/uploads\\\/sites\\\/27\\\/2022\\\/03\\\/unsplash_VOXoOCAjhVY.png\",\"width\":1440,\"height\":480,\"caption\":\"FAQs\"},{\"@type\":\"BreadcrumbList\",\"@id\":\"https:\\\/\\\/www.fabricair.com\\\/es\\\/faqs\\\/#breadcrumb\",\"itemListElement\":[{\"@type\":\"ListItem\",\"position\":1,\"name\":\"Home\",\"item\":\"https:\\\/\\\/www.fabricair.com\\\/es\\\/\"},{\"@type\":\"ListItem\",\"position\":2,\"name\":\"FAQs\"}]},{\"@type\":\"WebSite\",\"@id\":\"https:\\\/\\\/www.fabricair.com\\\/es\\\/#website\",\"url\":\"https:\\\/\\\/www.fabricair.com\\\/es\\\/\",\"name\":\"Spain FabricAir\",\"description\":\"\",\"publisher\":{\"@id\":\"https:\\\/\\\/www.fabricair.com\\\/es\\\/#organization\"},\"potentialAction\":[{\"@type\":\"SearchAction\",\"target\":{\"@type\":\"EntryPoint\",\"urlTemplate\":\"https:\\\/\\\/www.fabricair.com\\\/es\\\/?s={search_term_string}\"},\"query-input\":{\"@type\":\"PropertyValueSpecification\",\"valueRequired\":true,\"valueName\":\"search_term_string\"}}],\"inLanguage\":\"en-US\"},{\"@type\":\"Organization\",\"@id\":\"https:\\\/\\\/www.fabricair.com\\\/es\\\/#organization\",\"name\":\"Spain FabricAir\",\"url\":\"https:\\\/\\\/www.fabricair.com\\\/es\\\/\",\"logo\":{\"@type\":\"ImageObject\",\"inLanguage\":\"en-US\",\"@id\":\"https:\\\/\\\/www.fabricair.com\\\/es\\\/#\\\/schema\\\/logo\\\/image\\\/\",\"url\":\"https:\\\/\\\/www.fabricair.com\\\/es\\\/wp-content\\\/uploads\\\/sites\\\/27\\\/2024\\\/03\\\/A01-FabricAir-logo-blue.png\",\"contentUrl\":\"https:\\\/\\\/www.fabricair.com\\\/es\\\/wp-content\\\/uploads\\\/sites\\\/27\\\/2024\\\/03\\\/A01-FabricAir-logo-blue.png\",\"width\":2087,\"height\":366,\"caption\":\"Spain FabricAir\"},\"image\":{\"@id\":\"https:\\\/\\\/www.fabricair.com\\\/es\\\/#\\\/schema\\\/logo\\\/image\\\/\"},\"sameAs\":[\"https:\\\/\\\/www.linkedin.com\\\/company\\\/fabricair-a-s\\\/?originalSubdomain=es\"]}]}<\/script>\n<!-- \/ Yoast SEO plugin. -->","yoast_head_json":{"title":"FAQs | Spain FabricAir","description":"Encuentra en esta pagina de FAQs, respuesta a las preguntas que m\u00e1s comunes que suelen tener nuestros nuevos clientes.","robots":{"index":"index","follow":"follow","max-snippet":"max-snippet:-1","max-image-preview":"max-image-preview:large","max-video-preview":"max-video-preview:-1"},"canonical":"https:\/\/www.fabricair.com\/es\/wp-json\/wp\/v2\/pages\/2771\/","og_locale":"en_US","og_type":"article","og_title":"FAQs - Spain FabricAir","og_description":"Encuentra en esta pagina de FAQs, respuesta a las preguntas que m\u00e1s comunes que suelen tener nuestros nuevos clientes.","og_url":"https:\/\/www.fabricair.com\/es\/faqs\/","og_site_name":"Spain FabricAir","article_modified_time":"2026-02-12T08:09:40+00:00","og_image":[{"width":1440,"height":480,"url":"https:\/\/www.fabricair.com\/es\/wp-content\/uploads\/sites\/27\/2022\/03\/unsplash_VOXoOCAjhVY.png","type":"image\/png"}],"twitter_card":"summary_large_image","twitter_misc":{"Est. reading time":"2 minutes"},"schema":{"@context":"https:\/\/schema.org","@graph":[{"@type":"WebPage","@id":"https:\/\/www.fabricair.com\/es\/faqs\/","url":"https:\/\/www.fabricair.com\/es\/faqs\/","name":"FAQs - Spain FabricAir","isPartOf":{"@id":"https:\/\/www.fabricair.com\/es\/#website"},"primaryImageOfPage":{"@id":"https:\/\/www.fabricair.com\/es\/faqs\/#primaryimage"},"image":{"@id":"https:\/\/www.fabricair.com\/es\/faqs\/#primaryimage"},"thumbnailUrl":"https:\/\/www.fabricair.com\/es\/wp-content\/uploads\/sites\/27\/2022\/03\/unsplash_VOXoOCAjhVY.png","datePublished":"2022-03-29T13:32:57+00:00","dateModified":"2026-02-12T08:09:40+00:00","description":"Encuentra en esta pagina de FAQs, respuesta a las preguntas que m\u00e1s comunes que suelen tener nuestros nuevos clientes.","breadcrumb":{"@id":"https:\/\/www.fabricair.com\/es\/faqs\/#breadcrumb"},"inLanguage":"en-US","potentialAction":[{"@type":"ReadAction","target":["https:\/\/www.fabricair.com\/es\/faqs\/"]}]},{"@type":"ImageObject","inLanguage":"en-US","@id":"https:\/\/www.fabricair.com\/es\/faqs\/#primaryimage","url":"https:\/\/www.fabricair.com\/es\/wp-content\/uploads\/sites\/27\/2022\/03\/unsplash_VOXoOCAjhVY.png","contentUrl":"https:\/\/www.fabricair.com\/es\/wp-content\/uploads\/sites\/27\/2022\/03\/unsplash_VOXoOCAjhVY.png","width":1440,"height":480,"caption":"FAQs"},{"@type":"BreadcrumbList","@id":"https:\/\/www.fabricair.com\/es\/faqs\/#breadcrumb","itemListElement":[{"@type":"ListItem","position":1,"name":"Home","item":"https:\/\/www.fabricair.com\/es\/"},{"@type":"ListItem","position":2,"name":"FAQs"}]},{"@type":"WebSite","@id":"https:\/\/www.fabricair.com\/es\/#website","url":"https:\/\/www.fabricair.com\/es\/","name":"Spain FabricAir","description":"","publisher":{"@id":"https:\/\/www.fabricair.com\/es\/#organization"},"potentialAction":[{"@type":"SearchAction","target":{"@type":"EntryPoint","urlTemplate":"https:\/\/www.fabricair.com\/es\/?s={search_term_string}"},"query-input":{"@type":"PropertyValueSpecification","valueRequired":true,"valueName":"search_term_string"}}],"inLanguage":"en-US"},{"@type":"Organization","@id":"https:\/\/www.fabricair.com\/es\/#organization","name":"Spain FabricAir","url":"https:\/\/www.fabricair.com\/es\/","logo":{"@type":"ImageObject","inLanguage":"en-US","@id":"https:\/\/www.fabricair.com\/es\/#\/schema\/logo\/image\/","url":"https:\/\/www.fabricair.com\/es\/wp-content\/uploads\/sites\/27\/2024\/03\/A01-FabricAir-logo-blue.png","contentUrl":"https:\/\/www.fabricair.com\/es\/wp-content\/uploads\/sites\/27\/2024\/03\/A01-FabricAir-logo-blue.png","width":2087,"height":366,"caption":"Spain FabricAir"},"image":{"@id":"https:\/\/www.fabricair.com\/es\/#\/schema\/logo\/image\/"},"sameAs":["https:\/\/www.linkedin.com\/company\/fabricair-a-s\/?originalSubdomain=es"]}]}},"_links":{"self":[{"href":"https:\/\/www.fabricair.com\/es\/wp-json\/wp\/v2\/pages\/2771","targetHints":{"allow":["GET"]}}],"collection":[{"href":"https:\/\/www.fabricair.com\/es\/wp-json\/wp\/v2\/pages"}],"about":[{"href":"https:\/\/www.fabricair.com\/es\/wp-json\/wp\/v2\/types\/page"}],"author":[{"embeddable":true,"href":"https:\/\/www.fabricair.com\/es\/wp-json\/wp\/v2\/users\/1"}],"replies":[{"embeddable":true,"href":"https:\/\/www.fabricair.com\/es\/wp-json\/wp\/v2\/comments?post=2771"}],"version-history":[{"count":13,"href":"https:\/\/www.fabricair.com\/es\/wp-json\/wp\/v2\/pages\/2771\/revisions"}],"predecessor-version":[{"id":9386,"href":"https:\/\/www.fabricair.com\/es\/wp-json\/wp\/v2\/pages\/2771\/revisions\/9386"}],"wp:featuredmedia":[{"embeddable":true,"href":"https:\/\/www.fabricair.com\/es\/wp-json\/wp\/v2\/media\/2772"}],"wp:attachment":[{"href":"https:\/\/www.fabricair.com\/es\/wp-json\/wp\/v2\/media?parent=2771"}],"curies":[{"name":"wp","href":"https:\/\/api.w.org\/{rel}","templated":true}]}}