{"id":2922,"date":"2022-03-30T08:42:38","date_gmt":"2022-03-30T08:42:38","guid":{"rendered":"https:\/\/fabricair.com\/es\/?page_id=2922"},"modified":"2024-09-06T12:19:08","modified_gmt":"2024-09-06T12:19:08","slug":"productos","status":"publish","type":"page","link":"https:\/\/www.fabricair.com\/es\/galeria\/productos\/","title":{"rendered":"Productos"},"content":{"rendered":"<h1><strong>Productos\u00a0<\/strong><\/h1>\n<p>La p\u00e1gina de FabricAir ofrece una amplia gama de productos, desde sistemas de conductos textiles hasta difusores de techo y productos especiales. Los sistemas de conductos textiles de FabricAir son innovadores y eficientes.<\/p>\n<p>Proporcionan una distribuci\u00f3n uniforme del aire en todo el espacio. Est\u00e1n dise\u00f1ados para adaptarse a una variedad de aplicaciones, desde edificios comerciales hasta instalaciones industriales. Los difusores de techo de FabricAir son elegantes y funcionales. Proporcionan una excelente difusi\u00f3n del aire y se integran perfectamente en cualquier dise\u00f1o de interiores. Son ideales para espacios como oficinas, tiendas minoristas y hoteles.<\/p>\n<p>Adem\u00e1s, FabricAir ofrece una variedad de productos especiales para satisfacer las necesidades espec\u00edficas de sus clientes. Estos productos incluyen soluciones personalizadas para aplicaciones \u00fanicas. FabricAir se compromete a proporcionar productos de alta calidad que cumplan con los est\u00e1ndares m\u00e1s exigentes de la industria.<\/p>\n<p>Su equipo de expertos trabaja en estrecha colaboraci\u00f3n con los clientes para entender sus necesidades y desarrollar soluciones a medida que se ajusten a sus requisitos. La p\u00e1gina de productos de FabricAir proporciona informaci\u00f3n detallada sobre cada uno de sus productos. Incluye especificaciones t\u00e9cnicas, caracter\u00edsticas principales y aplicaciones recomendadas.<\/p>\n<p>Tambi\u00e9n ofrece im\u00e1genes y videos para ayudar a los clientes a visualizar c\u00f3mo se ven los productos en el mundo real. Los clientes pueden explorar f\u00e1cilmente la gama completa de productos de FabricAir y encontrar la soluci\u00f3n perfecta para sus necesidades de HVAC. Con su enfoque en la innovaci\u00f3n y la calidad, FabricAir contin\u00faa siendo l\u00edder en el mercado de sistemas de conductos textiles y difusores de techo.<\/p>\n<h2>Caracter\u00edsticas de nuestros productos<\/h2>\n<h3><strong>Difusi\u00f3n de aire uniforme<\/strong><\/h3>\n<p>Nuestros productos destacan por su capacidad para proporcionar una difusi\u00f3n de aire uniforme en todas las \u00e1reas, eliminando los puntos calientes y creando un ambiente interior confortable y saludable. Adem\u00e1s, nuestros tejidos antimicrobianos garantizan una operaci\u00f3n higi\u00e9nica, eliminando cualquier riesgo para la salud y facilitando el mantenimiento con una sencilla instalaci\u00f3n que no requiere maquinaria pesada.<\/p>\n<h3><strong>Operaci\u00f3n higi\u00e9nica<\/strong><\/h3>\n<p>Los tejidos antimicrobianos eliminan los riesgos para la salud y los conductos se lavan f\u00e1cilmente.<\/p>\n<h3><strong>Sencilla instalaci\u00f3n<\/strong><\/h3>\n<p>Lo m\u00e1s simple posible; no se necesita maquinaria pesada.<\/p>\n<h3><strong>Larga vida \u00fatil<\/strong><\/h3>\n<p>La durabilidad y resistencia de nuestros productos est\u00e1n comprobadas para las pr\u00f3ximas d\u00e9cadas, con tejidos resistentes a la corrosi\u00f3n que eliminan el riesgo de deterioro y mantienen un alto nivel de calidad del aire interior. Esto se refleja en el testimonio de Luis Catalan, del Grupo El Cachirulo, quien elogia la eficacia y el confort proporcionados por nuestras soluciones en el Palacio de Larrinaga, en Espa\u00f1a.<\/p>\n<h3><strong>Resistente a la corrosi\u00f3n<\/strong><\/h3>\n<p>El tejido no se oxida, eliminando as\u00ed el riesgo de corrosi\u00f3n.<\/p>\n<h3><strong>Alta calidad del aire interior<\/strong><\/h3>\n<p>Crea un entorno perfecto y sin corrientes de aire para todos los empleados.<\/p>\n<p>&nbsp;<\/p>\n","protected":false},"excerpt":{"rendered":"<p>Productos\u00a0 La p\u00e1gina de FabricAir ofrece una amplia gama de productos, desde sistemas de conductos textiles hasta difusores de techo y productos especiales. Los sistemas de conductos textiles de FabricAir son innovadores y eficientes. Proporcionan una distribuci\u00f3n uniforme del aire en todo el espacio. Est\u00e1n dise\u00f1ados para adaptarse a una variedad de aplicaciones, desde edificios [&hellip;]<\/p>\n","protected":false},"author":1,"featured_media":2572,"parent":2899,"menu_order":3,"comment_status":"closed","ping_status":"closed","template":"","meta":{"_acf_changed":false,"inline_featured_image":false,"footnotes":""},"class_list":["post-2922","page","type-page","status-publish","has-post-thumbnail","hentry"],"acf":[],"yoast_head":"<!-- This site is optimized with the Yoast SEO plugin v27.3 - https:\/\/yoast.com\/product\/yoast-seo-wordpress\/ -->\n<title>Productos | Spain FabricAir<\/title>\n<meta name=\"description\" content=\"Explora nuestra galer\u00eda de productos FabricAir para descubrir ejemplos inspiradores de instalaciones de conductos textiles.\" \/>\n<meta name=\"robots\" content=\"index, follow, max-snippet:-1, max-image-preview:large, max-video-preview:-1\" \/>\n<link rel=\"canonical\" href=\"https:\/\/www.fabricair.com\/es\/wp-json\/wp\/v2\/pages\/2922\/\" \/>\n<meta property=\"og:locale\" content=\"en_US\" \/>\n<meta property=\"og:type\" content=\"article\" \/>\n<meta property=\"og:title\" content=\"Productos - Spain FabricAir\" \/>\n<meta property=\"og:description\" content=\"Explora nuestra galer\u00eda de productos FabricAir para descubrir ejemplos inspiradores de instalaciones de conductos textiles.\" \/>\n<meta property=\"og:url\" content=\"https:\/\/www.fabricair.com\/es\/galeria\/productos\/\" \/>\n<meta property=\"og:site_name\" content=\"Spain FabricAir\" \/>\n<meta property=\"article:modified_time\" content=\"2024-09-06T12:19:08+00:00\" \/>\n<meta property=\"og:image\" content=\"https:\/\/www.fabricair.com\/es\/wp-content\/uploads\/sites\/27\/2022\/03\/FabricAir_danfoss-002.jpg\" \/>\n\t<meta property=\"og:image:width\" content=\"1000\" \/>\n\t<meta property=\"og:image:height\" content=\"652\" \/>\n\t<meta property=\"og:image:type\" content=\"image\/jpeg\" \/>\n<meta name=\"twitter:card\" content=\"summary_large_image\" \/>\n<meta name=\"twitter:label1\" content=\"Est. reading time\" \/>\n\t<meta name=\"twitter:data1\" content=\"3 minutes\" \/>\n<script type=\"application\/ld+json\" class=\"yoast-schema-graph\">{\"@context\":\"https:\\\/\\\/schema.org\",\"@graph\":[{\"@type\":\"WebPage\",\"@id\":\"https:\\\/\\\/www.fabricair.com\\\/es\\\/galeria\\\/productos\\\/\",\"url\":\"https:\\\/\\\/www.fabricair.com\\\/es\\\/galeria\\\/productos\\\/\",\"name\":\"Productos - Spain FabricAir\",\"isPartOf\":{\"@id\":\"https:\\\/\\\/www.fabricair.com\\\/es\\\/#website\"},\"primaryImageOfPage\":{\"@id\":\"https:\\\/\\\/www.fabricair.com\\\/es\\\/galeria\\\/productos\\\/#primaryimage\"},\"image\":{\"@id\":\"https:\\\/\\\/www.fabricair.com\\\/es\\\/galeria\\\/productos\\\/#primaryimage\"},\"thumbnailUrl\":\"https:\\\/\\\/www.fabricair.com\\\/es\\\/wp-content\\\/uploads\\\/sites\\\/27\\\/2022\\\/03\\\/FabricAir_danfoss-002.jpg\",\"datePublished\":\"2022-03-30T08:42:38+00:00\",\"dateModified\":\"2024-09-06T12:19:08+00:00\",\"description\":\"Explora nuestra galer\u00eda de productos FabricAir para descubrir ejemplos inspiradores de instalaciones de conductos textiles.\",\"breadcrumb\":{\"@id\":\"https:\\\/\\\/www.fabricair.com\\\/es\\\/galeria\\\/productos\\\/#breadcrumb\"},\"inLanguage\":\"en-US\",\"potentialAction\":[{\"@type\":\"ReadAction\",\"target\":[\"https:\\\/\\\/www.fabricair.com\\\/es\\\/galeria\\\/productos\\\/\"]}]},{\"@type\":\"ImageObject\",\"inLanguage\":\"en-US\",\"@id\":\"https:\\\/\\\/www.fabricair.com\\\/es\\\/galeria\\\/productos\\\/#primaryimage\",\"url\":\"https:\\\/\\\/www.fabricair.com\\\/es\\\/wp-content\\\/uploads\\\/sites\\\/27\\\/2022\\\/03\\\/FabricAir_danfoss-002.jpg\",\"contentUrl\":\"https:\\\/\\\/www.fabricair.com\\\/es\\\/wp-content\\\/uploads\\\/sites\\\/27\\\/2022\\\/03\\\/FabricAir_danfoss-002.jpg\",\"width\":1000,\"height\":652,\"caption\":\"productos fabricair\"},{\"@type\":\"BreadcrumbList\",\"@id\":\"https:\\\/\\\/www.fabricair.com\\\/es\\\/galeria\\\/productos\\\/#breadcrumb\",\"itemListElement\":[{\"@type\":\"ListItem\",\"position\":1,\"name\":\"Home\",\"item\":\"https:\\\/\\\/www.fabricair.com\\\/es\\\/\"},{\"@type\":\"ListItem\",\"position\":2,\"name\":\"Galer\u00eda\",\"item\":\"https:\\\/\\\/www.fabricair.com\\\/es\\\/galeria\\\/\"},{\"@type\":\"ListItem\",\"position\":3,\"name\":\"Productos\"}]},{\"@type\":\"WebSite\",\"@id\":\"https:\\\/\\\/www.fabricair.com\\\/es\\\/#website\",\"url\":\"https:\\\/\\\/www.fabricair.com\\\/es\\\/\",\"name\":\"Spain FabricAir\",\"description\":\"\",\"publisher\":{\"@id\":\"https:\\\/\\\/www.fabricair.com\\\/es\\\/#organization\"},\"potentialAction\":[{\"@type\":\"SearchAction\",\"target\":{\"@type\":\"EntryPoint\",\"urlTemplate\":\"https:\\\/\\\/www.fabricair.com\\\/es\\\/?s={search_term_string}\"},\"query-input\":{\"@type\":\"PropertyValueSpecification\",\"valueRequired\":true,\"valueName\":\"search_term_string\"}}],\"inLanguage\":\"en-US\"},{\"@type\":\"Organization\",\"@id\":\"https:\\\/\\\/www.fabricair.com\\\/es\\\/#organization\",\"name\":\"Spain FabricAir\",\"url\":\"https:\\\/\\\/www.fabricair.com\\\/es\\\/\",\"logo\":{\"@type\":\"ImageObject\",\"inLanguage\":\"en-US\",\"@id\":\"https:\\\/\\\/www.fabricair.com\\\/es\\\/#\\\/schema\\\/logo\\\/image\\\/\",\"url\":\"https:\\\/\\\/www.fabricair.com\\\/es\\\/wp-content\\\/uploads\\\/sites\\\/27\\\/2024\\\/03\\\/A01-FabricAir-logo-blue.png\",\"contentUrl\":\"https:\\\/\\\/www.fabricair.com\\\/es\\\/wp-content\\\/uploads\\\/sites\\\/27\\\/2024\\\/03\\\/A01-FabricAir-logo-blue.png\",\"width\":2087,\"height\":366,\"caption\":\"Spain FabricAir\"},\"image\":{\"@id\":\"https:\\\/\\\/www.fabricair.com\\\/es\\\/#\\\/schema\\\/logo\\\/image\\\/\"},\"sameAs\":[\"https:\\\/\\\/www.linkedin.com\\\/company\\\/fabricair-a-s\\\/?originalSubdomain=es\"]}]}<\/script>\n<!-- \/ Yoast SEO plugin. -->","yoast_head_json":{"title":"Productos | Spain FabricAir","description":"Explora nuestra galer\u00eda de productos FabricAir para descubrir ejemplos inspiradores de instalaciones de conductos textiles.","robots":{"index":"index","follow":"follow","max-snippet":"max-snippet:-1","max-image-preview":"max-image-preview:large","max-video-preview":"max-video-preview:-1"},"canonical":"https:\/\/www.fabricair.com\/es\/wp-json\/wp\/v2\/pages\/2922\/","og_locale":"en_US","og_type":"article","og_title":"Productos - Spain FabricAir","og_description":"Explora nuestra galer\u00eda de productos FabricAir para descubrir ejemplos inspiradores de instalaciones de conductos textiles.","og_url":"https:\/\/www.fabricair.com\/es\/galeria\/productos\/","og_site_name":"Spain FabricAir","article_modified_time":"2024-09-06T12:19:08+00:00","og_image":[{"width":1000,"height":652,"url":"https:\/\/www.fabricair.com\/es\/wp-content\/uploads\/sites\/27\/2022\/03\/FabricAir_danfoss-002.jpg","type":"image\/jpeg"}],"twitter_card":"summary_large_image","twitter_misc":{"Est. reading time":"3 minutes"},"schema":{"@context":"https:\/\/schema.org","@graph":[{"@type":"WebPage","@id":"https:\/\/www.fabricair.com\/es\/galeria\/productos\/","url":"https:\/\/www.fabricair.com\/es\/galeria\/productos\/","name":"Productos - Spain FabricAir","isPartOf":{"@id":"https:\/\/www.fabricair.com\/es\/#website"},"primaryImageOfPage":{"@id":"https:\/\/www.fabricair.com\/es\/galeria\/productos\/#primaryimage"},"image":{"@id":"https:\/\/www.fabricair.com\/es\/galeria\/productos\/#primaryimage"},"thumbnailUrl":"https:\/\/www.fabricair.com\/es\/wp-content\/uploads\/sites\/27\/2022\/03\/FabricAir_danfoss-002.jpg","datePublished":"2022-03-30T08:42:38+00:00","dateModified":"2024-09-06T12:19:08+00:00","description":"Explora nuestra galer\u00eda de productos FabricAir para descubrir ejemplos inspiradores de instalaciones de conductos textiles.","breadcrumb":{"@id":"https:\/\/www.fabricair.com\/es\/galeria\/productos\/#breadcrumb"},"inLanguage":"en-US","potentialAction":[{"@type":"ReadAction","target":["https:\/\/www.fabricair.com\/es\/galeria\/productos\/"]}]},{"@type":"ImageObject","inLanguage":"en-US","@id":"https:\/\/www.fabricair.com\/es\/galeria\/productos\/#primaryimage","url":"https:\/\/www.fabricair.com\/es\/wp-content\/uploads\/sites\/27\/2022\/03\/FabricAir_danfoss-002.jpg","contentUrl":"https:\/\/www.fabricair.com\/es\/wp-content\/uploads\/sites\/27\/2022\/03\/FabricAir_danfoss-002.jpg","width":1000,"height":652,"caption":"productos fabricair"},{"@type":"BreadcrumbList","@id":"https:\/\/www.fabricair.com\/es\/galeria\/productos\/#breadcrumb","itemListElement":[{"@type":"ListItem","position":1,"name":"Home","item":"https:\/\/www.fabricair.com\/es\/"},{"@type":"ListItem","position":2,"name":"Galer\u00eda","item":"https:\/\/www.fabricair.com\/es\/galeria\/"},{"@type":"ListItem","position":3,"name":"Productos"}]},{"@type":"WebSite","@id":"https:\/\/www.fabricair.com\/es\/#website","url":"https:\/\/www.fabricair.com\/es\/","name":"Spain FabricAir","description":"","publisher":{"@id":"https:\/\/www.fabricair.com\/es\/#organization"},"potentialAction":[{"@type":"SearchAction","target":{"@type":"EntryPoint","urlTemplate":"https:\/\/www.fabricair.com\/es\/?s={search_term_string}"},"query-input":{"@type":"PropertyValueSpecification","valueRequired":true,"valueName":"search_term_string"}}],"inLanguage":"en-US"},{"@type":"Organization","@id":"https:\/\/www.fabricair.com\/es\/#organization","name":"Spain FabricAir","url":"https:\/\/www.fabricair.com\/es\/","logo":{"@type":"ImageObject","inLanguage":"en-US","@id":"https:\/\/www.fabricair.com\/es\/#\/schema\/logo\/image\/","url":"https:\/\/www.fabricair.com\/es\/wp-content\/uploads\/sites\/27\/2024\/03\/A01-FabricAir-logo-blue.png","contentUrl":"https:\/\/www.fabricair.com\/es\/wp-content\/uploads\/sites\/27\/2024\/03\/A01-FabricAir-logo-blue.png","width":2087,"height":366,"caption":"Spain FabricAir"},"image":{"@id":"https:\/\/www.fabricair.com\/es\/#\/schema\/logo\/image\/"},"sameAs":["https:\/\/www.linkedin.com\/company\/fabricair-a-s\/?originalSubdomain=es"]}]}},"_links":{"self":[{"href":"https:\/\/www.fabricair.com\/es\/wp-json\/wp\/v2\/pages\/2922","targetHints":{"allow":["GET"]}}],"collection":[{"href":"https:\/\/www.fabricair.com\/es\/wp-json\/wp\/v2\/pages"}],"about":[{"href":"https:\/\/www.fabricair.com\/es\/wp-json\/wp\/v2\/types\/page"}],"author":[{"embeddable":true,"href":"https:\/\/www.fabricair.com\/es\/wp-json\/wp\/v2\/users\/1"}],"replies":[{"embeddable":true,"href":"https:\/\/www.fabricair.com\/es\/wp-json\/wp\/v2\/comments?post=2922"}],"version-history":[{"count":19,"href":"https:\/\/www.fabricair.com\/es\/wp-json\/wp\/v2\/pages\/2922\/revisions"}],"predecessor-version":[{"id":8547,"href":"https:\/\/www.fabricair.com\/es\/wp-json\/wp\/v2\/pages\/2922\/revisions\/8547"}],"up":[{"embeddable":true,"href":"https:\/\/www.fabricair.com\/es\/wp-json\/wp\/v2\/pages\/2899"}],"wp:featuredmedia":[{"embeddable":true,"href":"https:\/\/www.fabricair.com\/es\/wp-json\/wp\/v2\/media\/2572"}],"wp:attachment":[{"href":"https:\/\/www.fabricair.com\/es\/wp-json\/wp\/v2\/media?parent=2922"}],"curies":[{"name":"wp","href":"https:\/\/api.w.org\/{rel}","templated":true}]}}