{"id":2931,"date":"2022-03-30T09:23:19","date_gmt":"2022-03-30T09:23:19","guid":{"rendered":"https:\/\/fabricair.com\/es\/?page_id=2931"},"modified":"2026-01-21T08:17:12","modified_gmt":"2026-01-21T08:17:12","slug":"ahr-en-mexico-2021","status":"publish","type":"page","link":"https:\/\/www.fabricair.com\/es\/galeria\/eventos-galeria\/ahr-en-mexico-2021\/","title":{"rendered":"AHR en M\u00e9xico, 2021"},"content":{"rendered":"","protected":false},"excerpt":{"rendered":"","protected":false},"author":1,"featured_media":2904,"parent":2916,"menu_order":17,"comment_status":"closed","ping_status":"closed","template":"page-gallery.php","meta":{"_acf_changed":false,"inline_featured_image":false,"footnotes":""},"class_list":["post-2931","page","type-page","status-publish","has-post-thumbnail","hentry"],"acf":[],"yoast_head":"<!-- This site is optimized with the Yoast SEO plugin v27.3 - https:\/\/yoast.com\/product\/yoast-seo-wordpress\/ -->\n<title>AHR en M\u00e9xico, 2021 | Spain FabricAir<\/title>\n<meta name=\"description\" content=\"Galer\u00eda de fotos AHR M\u00e9xico 2021: Revive la participaci\u00f3n de FabricAir en la feria. Descubre nuestros innovadores conductos textiles y sistemas HVAC.\" \/>\n<meta name=\"robots\" content=\"noindex, follow\" \/>\n<meta property=\"og:locale\" content=\"en_US\" \/>\n<meta property=\"og:type\" content=\"article\" \/>\n<meta property=\"og:title\" content=\"AHR en M\u00e9xico, 2021 - Spain FabricAir\" \/>\n<meta property=\"og:description\" content=\"Galer\u00eda de fotos AHR M\u00e9xico 2021: Revive la participaci\u00f3n de FabricAir en la feria. Descubre nuestros innovadores conductos textiles y sistemas HVAC.\" \/>\n<meta property=\"og:url\" content=\"https:\/\/www.fabricair.com\/es\/galeria\/eventos-galeria\/ahr-en-mexico-2021\/\" \/>\n<meta property=\"og:site_name\" content=\"Spain FabricAir\" \/>\n<meta property=\"article:modified_time\" content=\"2026-01-21T08:17:12+00:00\" \/>\n<meta property=\"og:image\" content=\"https:\/\/www.fabricair.com\/es\/wp-content\/uploads\/sites\/27\/2022\/03\/FabricAir_AHR_Mexico_2.jpg\" \/>\n\t<meta property=\"og:image:width\" content=\"1200\" \/>\n\t<meta property=\"og:image:height\" content=\"1600\" \/>\n\t<meta property=\"og:image:type\" content=\"image\/jpeg\" \/>\n<meta name=\"twitter:card\" content=\"summary_large_image\" \/>\n<meta name=\"twitter:label1\" content=\"Est. reading time\" \/>\n\t<meta name=\"twitter:data1\" content=\"1 minute\" \/>\n<script type=\"application\/ld+json\" class=\"yoast-schema-graph\">{\"@context\":\"https:\\\/\\\/schema.org\",\"@graph\":[{\"@type\":\"WebPage\",\"@id\":\"https:\\\/\\\/www.fabricair.com\\\/es\\\/galeria\\\/eventos-galeria\\\/ahr-en-mexico-2021\\\/\",\"url\":\"https:\\\/\\\/www.fabricair.com\\\/es\\\/galeria\\\/eventos-galeria\\\/ahr-en-mexico-2021\\\/\",\"name\":\"AHR en M\u00e9xico, 2021 - Spain FabricAir\",\"isPartOf\":{\"@id\":\"https:\\\/\\\/www.fabricair.com\\\/es\\\/#website\"},\"primaryImageOfPage\":{\"@id\":\"https:\\\/\\\/www.fabricair.com\\\/es\\\/galeria\\\/eventos-galeria\\\/ahr-en-mexico-2021\\\/#primaryimage\"},\"image\":{\"@id\":\"https:\\\/\\\/www.fabricair.com\\\/es\\\/galeria\\\/eventos-galeria\\\/ahr-en-mexico-2021\\\/#primaryimage\"},\"thumbnailUrl\":\"https:\\\/\\\/www.fabricair.com\\\/es\\\/wp-content\\\/uploads\\\/sites\\\/27\\\/2022\\\/03\\\/FabricAir_AHR_Mexico_2.jpg\",\"datePublished\":\"2022-03-30T09:23:19+00:00\",\"dateModified\":\"2026-01-21T08:17:12+00:00\",\"description\":\"Galer\u00eda de fotos AHR M\u00e9xico 2021: Revive la participaci\u00f3n de FabricAir en la feria. Descubre nuestros innovadores conductos textiles y sistemas HVAC.\",\"breadcrumb\":{\"@id\":\"https:\\\/\\\/www.fabricair.com\\\/es\\\/galeria\\\/eventos-galeria\\\/ahr-en-mexico-2021\\\/#breadcrumb\"},\"inLanguage\":\"en-US\",\"potentialAction\":[{\"@type\":\"ReadAction\",\"target\":[\"https:\\\/\\\/www.fabricair.com\\\/es\\\/galeria\\\/eventos-galeria\\\/ahr-en-mexico-2021\\\/\"]}]},{\"@type\":\"ImageObject\",\"inLanguage\":\"en-US\",\"@id\":\"https:\\\/\\\/www.fabricair.com\\\/es\\\/galeria\\\/eventos-galeria\\\/ahr-en-mexico-2021\\\/#primaryimage\",\"url\":\"https:\\\/\\\/www.fabricair.com\\\/es\\\/wp-content\\\/uploads\\\/sites\\\/27\\\/2022\\\/03\\\/FabricAir_AHR_Mexico_2.jpg\",\"contentUrl\":\"https:\\\/\\\/www.fabricair.com\\\/es\\\/wp-content\\\/uploads\\\/sites\\\/27\\\/2022\\\/03\\\/FabricAir_AHR_Mexico_2.jpg\",\"width\":1200,\"height\":1600},{\"@type\":\"BreadcrumbList\",\"@id\":\"https:\\\/\\\/www.fabricair.com\\\/es\\\/galeria\\\/eventos-galeria\\\/ahr-en-mexico-2021\\\/#breadcrumb\",\"itemListElement\":[{\"@type\":\"ListItem\",\"position\":1,\"name\":\"Home\",\"item\":\"https:\\\/\\\/www.fabricair.com\\\/es\\\/\"},{\"@type\":\"ListItem\",\"position\":2,\"name\":\"Galer\u00eda\",\"item\":\"https:\\\/\\\/www.fabricair.com\\\/es\\\/galeria\\\/\"},{\"@type\":\"ListItem\",\"position\":3,\"name\":\"Eventos\",\"item\":\"https:\\\/\\\/www.fabricair.com\\\/es\\\/galeria\\\/eventos-galeria\\\/\"},{\"@type\":\"ListItem\",\"position\":4,\"name\":\"AHR en M\u00e9xico, 2021\"}]},{\"@type\":\"WebSite\",\"@id\":\"https:\\\/\\\/www.fabricair.com\\\/es\\\/#website\",\"url\":\"https:\\\/\\\/www.fabricair.com\\\/es\\\/\",\"name\":\"Spain FabricAir\",\"description\":\"\",\"publisher\":{\"@id\":\"https:\\\/\\\/www.fabricair.com\\\/es\\\/#organization\"},\"potentialAction\":[{\"@type\":\"SearchAction\",\"target\":{\"@type\":\"EntryPoint\",\"urlTemplate\":\"https:\\\/\\\/www.fabricair.com\\\/es\\\/?s={search_term_string}\"},\"query-input\":{\"@type\":\"PropertyValueSpecification\",\"valueRequired\":true,\"valueName\":\"search_term_string\"}}],\"inLanguage\":\"en-US\"},{\"@type\":\"Organization\",\"@id\":\"https:\\\/\\\/www.fabricair.com\\\/es\\\/#organization\",\"name\":\"Spain FabricAir\",\"url\":\"https:\\\/\\\/www.fabricair.com\\\/es\\\/\",\"logo\":{\"@type\":\"ImageObject\",\"inLanguage\":\"en-US\",\"@id\":\"https:\\\/\\\/www.fabricair.com\\\/es\\\/#\\\/schema\\\/logo\\\/image\\\/\",\"url\":\"https:\\\/\\\/www.fabricair.com\\\/es\\\/wp-content\\\/uploads\\\/sites\\\/27\\\/2024\\\/03\\\/A01-FabricAir-logo-blue.png\",\"contentUrl\":\"https:\\\/\\\/www.fabricair.com\\\/es\\\/wp-content\\\/uploads\\\/sites\\\/27\\\/2024\\\/03\\\/A01-FabricAir-logo-blue.png\",\"width\":2087,\"height\":366,\"caption\":\"Spain FabricAir\"},\"image\":{\"@id\":\"https:\\\/\\\/www.fabricair.com\\\/es\\\/#\\\/schema\\\/logo\\\/image\\\/\"},\"sameAs\":[\"https:\\\/\\\/www.linkedin.com\\\/company\\\/fabricair-a-s\\\/?originalSubdomain=es\"]}]}<\/script>\n<!-- \/ Yoast SEO plugin. -->","yoast_head_json":{"title":"AHR en M\u00e9xico, 2021 | Spain FabricAir","description":"Galer\u00eda de fotos AHR M\u00e9xico 2021: Revive la participaci\u00f3n de FabricAir en la feria. Descubre nuestros innovadores conductos textiles y sistemas HVAC.","robots":{"index":"noindex","follow":"follow"},"og_locale":"en_US","og_type":"article","og_title":"AHR en M\u00e9xico, 2021 - Spain FabricAir","og_description":"Galer\u00eda de fotos AHR M\u00e9xico 2021: Revive la participaci\u00f3n de FabricAir en la feria. Descubre nuestros innovadores conductos textiles y sistemas HVAC.","og_url":"https:\/\/www.fabricair.com\/es\/galeria\/eventos-galeria\/ahr-en-mexico-2021\/","og_site_name":"Spain FabricAir","article_modified_time":"2026-01-21T08:17:12+00:00","og_image":[{"width":1200,"height":1600,"url":"https:\/\/www.fabricair.com\/es\/wp-content\/uploads\/sites\/27\/2022\/03\/FabricAir_AHR_Mexico_2.jpg","type":"image\/jpeg"}],"twitter_card":"summary_large_image","twitter_misc":{"Est. reading time":"1 minute"},"schema":{"@context":"https:\/\/schema.org","@graph":[{"@type":"WebPage","@id":"https:\/\/www.fabricair.com\/es\/galeria\/eventos-galeria\/ahr-en-mexico-2021\/","url":"https:\/\/www.fabricair.com\/es\/galeria\/eventos-galeria\/ahr-en-mexico-2021\/","name":"AHR en M\u00e9xico, 2021 - Spain FabricAir","isPartOf":{"@id":"https:\/\/www.fabricair.com\/es\/#website"},"primaryImageOfPage":{"@id":"https:\/\/www.fabricair.com\/es\/galeria\/eventos-galeria\/ahr-en-mexico-2021\/#primaryimage"},"image":{"@id":"https:\/\/www.fabricair.com\/es\/galeria\/eventos-galeria\/ahr-en-mexico-2021\/#primaryimage"},"thumbnailUrl":"https:\/\/www.fabricair.com\/es\/wp-content\/uploads\/sites\/27\/2022\/03\/FabricAir_AHR_Mexico_2.jpg","datePublished":"2022-03-30T09:23:19+00:00","dateModified":"2026-01-21T08:17:12+00:00","description":"Galer\u00eda de fotos AHR M\u00e9xico 2021: Revive la participaci\u00f3n de FabricAir en la feria. Descubre nuestros innovadores conductos textiles y sistemas HVAC.","breadcrumb":{"@id":"https:\/\/www.fabricair.com\/es\/galeria\/eventos-galeria\/ahr-en-mexico-2021\/#breadcrumb"},"inLanguage":"en-US","potentialAction":[{"@type":"ReadAction","target":["https:\/\/www.fabricair.com\/es\/galeria\/eventos-galeria\/ahr-en-mexico-2021\/"]}]},{"@type":"ImageObject","inLanguage":"en-US","@id":"https:\/\/www.fabricair.com\/es\/galeria\/eventos-galeria\/ahr-en-mexico-2021\/#primaryimage","url":"https:\/\/www.fabricair.com\/es\/wp-content\/uploads\/sites\/27\/2022\/03\/FabricAir_AHR_Mexico_2.jpg","contentUrl":"https:\/\/www.fabricair.com\/es\/wp-content\/uploads\/sites\/27\/2022\/03\/FabricAir_AHR_Mexico_2.jpg","width":1200,"height":1600},{"@type":"BreadcrumbList","@id":"https:\/\/www.fabricair.com\/es\/galeria\/eventos-galeria\/ahr-en-mexico-2021\/#breadcrumb","itemListElement":[{"@type":"ListItem","position":1,"name":"Home","item":"https:\/\/www.fabricair.com\/es\/"},{"@type":"ListItem","position":2,"name":"Galer\u00eda","item":"https:\/\/www.fabricair.com\/es\/galeria\/"},{"@type":"ListItem","position":3,"name":"Eventos","item":"https:\/\/www.fabricair.com\/es\/galeria\/eventos-galeria\/"},{"@type":"ListItem","position":4,"name":"AHR en M\u00e9xico, 2021"}]},{"@type":"WebSite","@id":"https:\/\/www.fabricair.com\/es\/#website","url":"https:\/\/www.fabricair.com\/es\/","name":"Spain FabricAir","description":"","publisher":{"@id":"https:\/\/www.fabricair.com\/es\/#organization"},"potentialAction":[{"@type":"SearchAction","target":{"@type":"EntryPoint","urlTemplate":"https:\/\/www.fabricair.com\/es\/?s={search_term_string}"},"query-input":{"@type":"PropertyValueSpecification","valueRequired":true,"valueName":"search_term_string"}}],"inLanguage":"en-US"},{"@type":"Organization","@id":"https:\/\/www.fabricair.com\/es\/#organization","name":"Spain FabricAir","url":"https:\/\/www.fabricair.com\/es\/","logo":{"@type":"ImageObject","inLanguage":"en-US","@id":"https:\/\/www.fabricair.com\/es\/#\/schema\/logo\/image\/","url":"https:\/\/www.fabricair.com\/es\/wp-content\/uploads\/sites\/27\/2024\/03\/A01-FabricAir-logo-blue.png","contentUrl":"https:\/\/www.fabricair.com\/es\/wp-content\/uploads\/sites\/27\/2024\/03\/A01-FabricAir-logo-blue.png","width":2087,"height":366,"caption":"Spain FabricAir"},"image":{"@id":"https:\/\/www.fabricair.com\/es\/#\/schema\/logo\/image\/"},"sameAs":["https:\/\/www.linkedin.com\/company\/fabricair-a-s\/?originalSubdomain=es"]}]}},"_links":{"self":[{"href":"https:\/\/www.fabricair.com\/es\/wp-json\/wp\/v2\/pages\/2931","targetHints":{"allow":["GET"]}}],"collection":[{"href":"https:\/\/www.fabricair.com\/es\/wp-json\/wp\/v2\/pages"}],"about":[{"href":"https:\/\/www.fabricair.com\/es\/wp-json\/wp\/v2\/types\/page"}],"author":[{"embeddable":true,"href":"https:\/\/www.fabricair.com\/es\/wp-json\/wp\/v2\/users\/1"}],"replies":[{"embeddable":true,"href":"https:\/\/www.fabricair.com\/es\/wp-json\/wp\/v2\/comments?post=2931"}],"version-history":[{"count":7,"href":"https:\/\/www.fabricair.com\/es\/wp-json\/wp\/v2\/pages\/2931\/revisions"}],"predecessor-version":[{"id":6774,"href":"https:\/\/www.fabricair.com\/es\/wp-json\/wp\/v2\/pages\/2931\/revisions\/6774"}],"up":[{"embeddable":true,"href":"https:\/\/www.fabricair.com\/es\/wp-json\/wp\/v2\/pages\/2916"}],"wp:featuredmedia":[{"embeddable":true,"href":"https:\/\/www.fabricair.com\/es\/wp-json\/wp\/v2\/media\/2904"}],"wp:attachment":[{"href":"https:\/\/www.fabricair.com\/es\/wp-json\/wp\/v2\/media?parent=2931"}],"curies":[{"name":"wp","href":"https:\/\/api.w.org\/{rel}","templated":true}]}}