{"id":5,"date":"2022-02-03T09:48:33","date_gmt":"2022-02-03T09:48:33","guid":{"rendered":"https:\/\/fabricair.com\/es\/?page_id=5"},"modified":"2026-03-17T09:21:03","modified_gmt":"2026-03-17T09:21:03","slug":"home-page","status":"publish","type":"page","link":"https:\/\/www.fabricair.com\/es\/","title":{"rendered":"Conductos textiles para climatizaci\u00f3n y ventilaci\u00f3n"},"content":{"rendered":"<h1 data-start=\"522\" data-end=\"587\"><strong data-start=\"522\" data-end=\"587\">Conductos textiles para climatizaci\u00f3n y ventilaci\u00f3n<\/strong><\/h1>\n<h2 data-start=\"1001\" data-end=\"1043\"><strong data-start=\"1001\" data-end=\"1043\">Innovando la industria HVAC desde 1973<\/strong><\/h2>\n<p data-start=\"1045\" data-end=\"1403\">En FabricAir somos pioneros en soluciones de difusi\u00f3n de aire mediante conductos textiles. Desde 1973, hemos transformado la industria HVAC con sistemas que priorizan la <strong data-start=\"1219\" data-end=\"1233\">innovaci\u00f3n<\/strong>, la <strong data-start=\"1238\" data-end=\"1263\">eficiencia energ\u00e9tica<\/strong> y la <strong data-start=\"1269\" data-end=\"1297\">facilidad de instalaci\u00f3n<\/strong>. M\u00e1s del 95 % de nuestros clientes siguen confiando en <strong data-start=\"1353\" data-end=\"1366\">FabricAir<\/strong> para sus proyectos de climatizaci\u00f3n.<\/p>\n<h2 data-start=\"1410\" data-end=\"1428\"><\/h2>\n<h2 data-start=\"1410\" data-end=\"1428\">Qui\u00e9nes somos<\/h2>\n<p data-start=\"1430\" data-end=\"1691\">Dise\u00f1amos y fabricamos <strong data-start=\"1453\" data-end=\"1485\">conductos textiles<\/strong>\u00a0adaptados a cualquier necesidad. Desde el dise\u00f1o inicial hasta la entrega final, nuestros sistemas destacan por su <strong data-start=\"1601\" data-end=\"1622\">montaje intuitivo<\/strong>, su <strong data-start=\"1627\" data-end=\"1647\">alto rendimiento<\/strong> y su <strong data-start=\"1653\" data-end=\"1668\">durabilidad<\/strong> en entornos exigentes.<\/p>\n<p data-start=\"1693\" data-end=\"1979\">Nuestra estructura organizativa flexible y centrada en la innovaci\u00f3n nos permite expandirnos globalmente sin perder el enfoque local. Contamos con instalaciones de producci\u00f3n propias que garantizan productos competitivos en precio, con los <strong data-start=\"1933\" data-end=\"1978\">plazos de entrega m\u00e1s r\u00e1pidos del mercado<\/strong>.<\/p>\n<h2 data-start=\"1986\" data-end=\"2022\"><\/h2>\n<h2 data-start=\"1986\" data-end=\"2022\">Visi\u00f3n global, soluciones locales<\/h2>\n<p data-start=\"2024\" data-end=\"2153\">Gracias a nuestras 18 filiales y a una s\u00f3lida red de socios, <strong data-start=\"2085\" data-end=\"2152\">suministramos conductos textiles en m\u00e1s de 120 pa\u00edses<\/strong>.<\/p>\n<h2 data-start=\"2160\" data-end=\"2183\"><\/h2>\n<h2 data-start=\"2160\" data-end=\"2183\">Enfoque innovador<\/h2>\n<p data-start=\"2185\" data-end=\"2336\">Nuestro departamento de I+D se involucra en<strong> relaciones universitarias estrat\u00e9gicas<\/strong> para garantizar que nuestro compromiso con la innovaci\u00f3n en la industria HVAC contin\u00fae prosperando.<\/p>\n<h2 data-start=\"2343\" data-end=\"2366\"><\/h2>\n<h2 data-start=\"2343\" data-end=\"2366\">Productos de confianza y clientes que conf\u00edan<\/h2>\n<p data-start=\"2368\" data-end=\"2497\">M\u00e1s del <strong data-start=\"2376\" data-end=\"2413\">95 % de nuestros clientes repiten<\/strong>, reflejo de la calidad y fiabilidad de nuestros <strong data-start=\"2462\" data-end=\"2496\">sistemas de conductos textiles<\/strong>.<\/p>\n<h2 data-start=\"2368\" data-end=\"2497\"><\/h2>\n<h2 data-start=\"2368\" data-end=\"2497\">Ventajas de los conductos textiles FabricAir<\/h2>\n<h3>Difusi\u00f3n de aire homog\u00e9nea y controlada<\/h3>\n<p>Gracias a una <strong data-start=\"772\" data-end=\"799\">difusi\u00f3n de aire textil<\/strong> mediante microperforaci\u00f3n, el aire se reparte de forma uniforme, evitando corrientes molestas y mejorando el confort t\u00e9rmico en todo el espacio.<\/p>\n<h3>Instalaci\u00f3n r\u00e1pida y estructura ligera<\/h3>\n<p>Los <a href=\"https:\/\/www.fabricair.com\/es\/productos\/conductos-textiles\/\">conductos textiles<\/a> destacan por su bajo peso y por un sistema de suspensi\u00f3n sencillo, lo que permite una instalaci\u00f3n r\u00e1pida y reduce las cargas sobre la estructura del edificio.<\/p>\n<h3>Higiene y facilidad de mantenimiento<\/h3>\n<p>Al poder desmontarse y lavarse, los <strong data-start=\"1493\" data-end=\"1514\">conductos de tela<\/strong> contribuyen a mantener una mejor <strong data-start=\"1548\" data-end=\"1577\">calidad del aire interior<\/strong>, especialmente en entornos donde la higiene es prioritaria.<\/p>\n<h3>Alta eficiencia energ\u00e9tica<\/h3>\n<p>Una distribuci\u00f3n eficiente del aire reduce la estratificaci\u00f3n t\u00e9rmica y optimiza el rendimiento del sistema de climatizaci\u00f3n. Sistemas como <a href=\"https:\/\/www.fabricair.com\/es\/productos\/varioduct\/\">VarioDuct<\/a> permiten adaptar la difusi\u00f3n del aire a las condiciones de uso durante todo el a\u00f1o.<\/p>\n<h3>Soluciones a medida para cada aplicaci\u00f3n<\/h3>\n<p>Cada proyecto se dise\u00f1a a medida seg\u00fan las necesidades del espacio y del sector. En funci\u00f3n de la aplicaci\u00f3n, el sistema puede complementarse con <a href=\"https:\/\/www.fabricair.com\/es\/productos\/difusores-de-techo\/\">difusores de techo textiles<\/a> para optimizar la climatizaci\u00f3n en zonas concretas.<\/p>\n<h3>Rendimiento \u00f3ptimo en entornos de fr\u00edo industrial<\/h3>\n<p>En entornos de <strong data-start=\"155\" data-end=\"174\">fr\u00edo industrial<\/strong>, una distribuci\u00f3n eficiente del aire ayuda a evitar la formaci\u00f3n de hielo y a mantener la estabilidad t\u00e9rmica. Sistemas como <a href=\"https:\/\/www.fabricair.com\/es\/productos\/defrostduct\/\">DefrostDuct<\/a> est\u00e1n dise\u00f1ados espec\u00edficamente para c\u00e1maras frigor\u00edficas.<\/p>\n<p>&nbsp;<\/p>\n<h2 data-start=\"2504\" data-end=\"2550\">Casos de estudio en instalaciones reales<\/h2>\n<p data-start=\"2552\" data-end=\"2889\">Descubre c\u00f3mo aplicamos nuestros sistemas de <strong>conductos textiles<\/strong> FabricAir en proyectos reales de climatizaci\u00f3n y ventilaci\u00f3n en sectores como industria, deporte, log\u00edstica y alimentaci\u00f3n.<\/p>\n<h3 data-start=\"1005\" data-end=\"1045\"><\/h3>\n<h2 data-start=\"1432\" data-end=\"1501\"><strong data-start=\"1436\" data-end=\"1499\">Preguntas frecuentes sobre los conductos textiles FabricAir<\/strong><\/h2>\n<h3 data-start=\"1005\" data-end=\"1045\"><strong data-start=\"1009\" data-end=\"1045\">\u00bfQu\u00e9 son los conductos textiles?<\/strong><\/h3>\n<p data-start=\"1046\" data-end=\"1337\">Los <strong data-start=\"1050\" data-end=\"1072\">conductos textiles<\/strong> son sistemas de distribuci\u00f3n de aire fabricados en tejido t\u00e9cnico que permiten una <strong data-start=\"1156\" data-end=\"1186\">difusi\u00f3n de aire homog\u00e9nea<\/strong> en aplicaciones de <strong data-start=\"1206\" data-end=\"1237\">climatizaci\u00f3n y ventilaci\u00f3n<\/strong>. A diferencia de los sistemas tradicionales, se dise\u00f1an a medida seg\u00fan las necesidades del espacio.<\/p>\n<h3 data-start=\"1665\" data-end=\"1727\"><strong data-start=\"1669\" data-end=\"1727\">\u00bfQu\u00e9 ventajas tienen los conductos textiles frente a los conductos met\u00e1licos?<\/strong><\/h3>\n<p data-start=\"1728\" data-end=\"1991\">Los conductos textiles destacan por su <strong data-start=\"1767\" data-end=\"1779\">ligereza<\/strong>, una <strong data-start=\"1785\" data-end=\"1811\">instalaci\u00f3n m\u00e1s r\u00e1pida<\/strong>, facilidad de mantenimiento y una <strong data-start=\"1846\" data-end=\"1884\">distribuci\u00f3n del aire m\u00e1s uniforme<\/strong>. Todo ello contribuye a optimizar el rendimiento del sistema y la eficiencia energ\u00e9tica de la instalaci\u00f3n.<\/p>\n<h3 data-start=\"1998\" data-end=\"2072\"><strong data-start=\"2002\" data-end=\"2072\">\u00bfEn qu\u00e9 tipos de instalaciones se utilizan los conductos textiles?<\/strong><\/h3>\n<p data-start=\"2073\" data-end=\"2287\">Se utilizan en una amplia variedad de sectores, como <strong data-start=\"2126\" data-end=\"2139\">industria<\/strong>, <strong data-start=\"2141\" data-end=\"2154\">log\u00edstica<\/strong>, <strong data-start=\"2156\" data-end=\"2169\">gimnasios<\/strong>, <strong data-start=\"2171\" data-end=\"2183\">piscinas<\/strong>, <strong data-start=\"2185\" data-end=\"2201\">alimentaci\u00f3n<\/strong> y <strong data-start=\"2204\" data-end=\"2228\">c\u00e1maras frigor\u00edficas<\/strong>, adapt\u00e1ndose a los requisitos espec\u00edficos de cada entorno.<\/p>\n<h3 data-start=\"2294\" data-end=\"2354\"><strong data-start=\"2298\" data-end=\"2354\">\u00bfQu\u00e9 mantenimiento requieren los conductos textiles?<\/strong><\/h3>\n<p data-start=\"2355\" data-end=\"2553\">Los conductos textiles pueden desmontarse y lavarse, lo que facilita el mantenimiento peri\u00f3dico. Esto ayuda a mantener una buena <strong data-start=\"2484\" data-end=\"2513\">calidad del aire interior<\/strong> y a prolongar la vida \u00fatil del sistema.<\/p>\n","protected":false},"excerpt":{"rendered":"<p>Conductos textiles para climatizaci\u00f3n y ventilaci\u00f3n Innovando la industria HVAC desde 1973 En FabricAir somos pioneros en soluciones de difusi\u00f3n de aire mediante conductos textiles. Desde 1973, hemos transformado la industria HVAC con sistemas que priorizan la innovaci\u00f3n, la eficiencia energ\u00e9tica y la facilidad de instalaci\u00f3n. M\u00e1s del 95 % de nuestros clientes siguen confiando [&hellip;]<\/p>\n","protected":false},"author":1,"featured_media":3515,"parent":0,"menu_order":35,"comment_status":"closed","ping_status":"closed","template":"","meta":{"_acf_changed":false,"inline_featured_image":false,"footnotes":""},"class_list":["post-5","page","type-page","status-publish","has-post-thumbnail","hentry"],"acf":[],"yoast_head":"<!-- This site is optimized with the Yoast SEO plugin v27.3 - https:\/\/yoast.com\/product\/yoast-seo-wordpress\/ -->\n<title>Conductos textiles para climatizaci\u00f3n y ventilaci\u00f3n | Spain FabricAir<\/title>\n<meta name=\"description\" content=\"FabricAir dise\u00f1a conductos textiles para climatizaci\u00f3n y ventilaci\u00f3n con difusi\u00f3n de aire homog\u00e9nea, higi\u00e9nica y eficiente en multitud de aplicaciones.\" \/>\n<meta name=\"robots\" content=\"index, follow, max-snippet:-1, max-image-preview:large, max-video-preview:-1\" \/>\n<link rel=\"canonical\" href=\"https:\/\/www.fabricair.com\/es\/wp-json\/wp\/v2\/pages\/5\/\" \/>\n<meta property=\"og:locale\" content=\"en_US\" \/>\n<meta property=\"og:type\" content=\"article\" \/>\n<meta property=\"og:title\" content=\"Conductos textiles FabricAir | Sistemas de climatizaci\u00f3n textil\" \/>\n<meta property=\"og:description\" content=\"FabricAir dise\u00f1a conductos textiles para climatizaci\u00f3n y ventilaci\u00f3n con difusi\u00f3n de aire homog\u00e9nea, higi\u00e9nica y eficiente en multitud de aplicaciones.\" \/>\n<meta property=\"og:url\" content=\"https:\/\/www.fabricair.com\/es\/\" \/>\n<meta property=\"og:site_name\" content=\"Spain FabricAir\" \/>\n<meta property=\"article:modified_time\" content=\"2026-03-17T09:21:03+00:00\" \/>\n<meta property=\"og:image\" content=\"https:\/\/www.fabricair.com\/es\/wp-content\/uploads\/sites\/27\/2022\/03\/shutterstock_1515843725.png\" \/>\n\t<meta property=\"og:image:width\" content=\"660\" \/>\n\t<meta property=\"og:image:height\" content=\"600\" \/>\n\t<meta property=\"og:image:type\" content=\"image\/png\" \/>\n<meta name=\"twitter:card\" content=\"summary_large_image\" \/>\n<meta name=\"twitter:label1\" content=\"Est. reading time\" \/>\n\t<meta name=\"twitter:data1\" content=\"4 minutes\" \/>\n<script type=\"application\/ld+json\" class=\"yoast-schema-graph\">{\"@context\":\"https:\\\/\\\/schema.org\",\"@graph\":[{\"@type\":\"WebPage\",\"@id\":\"https:\\\/\\\/www.fabricair.com\\\/es\\\/\",\"url\":\"https:\\\/\\\/www.fabricair.com\\\/es\\\/\",\"name\":\"Conductos textiles FabricAir | Sistemas de climatizaci\u00f3n textil\",\"isPartOf\":{\"@id\":\"https:\\\/\\\/www.fabricair.com\\\/es\\\/#website\"},\"primaryImageOfPage\":{\"@id\":\"https:\\\/\\\/www.fabricair.com\\\/es\\\/#primaryimage\"},\"image\":{\"@id\":\"https:\\\/\\\/www.fabricair.com\\\/es\\\/#primaryimage\"},\"thumbnailUrl\":\"https:\\\/\\\/www.fabricair.com\\\/es\\\/wp-content\\\/uploads\\\/sites\\\/27\\\/2022\\\/03\\\/shutterstock_1515843725.png\",\"datePublished\":\"2022-02-03T09:48:33+00:00\",\"dateModified\":\"2026-03-17T09:21:03+00:00\",\"description\":\"FabricAir dise\u00f1a conductos textiles para climatizaci\u00f3n y ventilaci\u00f3n con difusi\u00f3n de aire homog\u00e9nea, higi\u00e9nica y eficiente en multitud de aplicaciones.\",\"breadcrumb\":{\"@id\":\"https:\\\/\\\/www.fabricair.com\\\/es\\\/#breadcrumb\"},\"inLanguage\":\"en-US\",\"potentialAction\":[{\"@type\":\"ReadAction\",\"target\":[\"https:\\\/\\\/www.fabricair.com\\\/es\\\/\"]}]},{\"@type\":\"ImageObject\",\"inLanguage\":\"en-US\",\"@id\":\"https:\\\/\\\/www.fabricair.com\\\/es\\\/#primaryimage\",\"url\":\"https:\\\/\\\/www.fabricair.com\\\/es\\\/wp-content\\\/uploads\\\/sites\\\/27\\\/2022\\\/03\\\/shutterstock_1515843725.png\",\"contentUrl\":\"https:\\\/\\\/www.fabricair.com\\\/es\\\/wp-content\\\/uploads\\\/sites\\\/27\\\/2022\\\/03\\\/shutterstock_1515843725.png\",\"width\":660,\"height\":600,\"caption\":\"Equipo de I+D de FabricAir trabajando en el dise\u00f1o de conductos textiles para sistemas HVAC\"},{\"@type\":\"BreadcrumbList\",\"@id\":\"https:\\\/\\\/www.fabricair.com\\\/es\\\/#breadcrumb\",\"itemListElement\":[{\"@type\":\"ListItem\",\"position\":1,\"name\":\"Home\",\"item\":\"https:\\\/\\\/www.fabricair.com\\\/es\\\/\"},{\"@type\":\"ListItem\",\"position\":2,\"name\":\"Conductos textiles para climatizaci\u00f3n y ventilaci\u00f3n\"}]},{\"@type\":\"WebSite\",\"@id\":\"https:\\\/\\\/www.fabricair.com\\\/es\\\/#website\",\"url\":\"https:\\\/\\\/www.fabricair.com\\\/es\\\/\",\"name\":\"Spain FabricAir\",\"description\":\"\",\"publisher\":{\"@id\":\"https:\\\/\\\/www.fabricair.com\\\/es\\\/#organization\"},\"potentialAction\":[{\"@type\":\"SearchAction\",\"target\":{\"@type\":\"EntryPoint\",\"urlTemplate\":\"https:\\\/\\\/www.fabricair.com\\\/es\\\/?s={search_term_string}\"},\"query-input\":{\"@type\":\"PropertyValueSpecification\",\"valueRequired\":true,\"valueName\":\"search_term_string\"}}],\"inLanguage\":\"en-US\"},{\"@type\":\"Organization\",\"@id\":\"https:\\\/\\\/www.fabricair.com\\\/es\\\/#organization\",\"name\":\"Spain FabricAir\",\"url\":\"https:\\\/\\\/www.fabricair.com\\\/es\\\/\",\"logo\":{\"@type\":\"ImageObject\",\"inLanguage\":\"en-US\",\"@id\":\"https:\\\/\\\/www.fabricair.com\\\/es\\\/#\\\/schema\\\/logo\\\/image\\\/\",\"url\":\"https:\\\/\\\/www.fabricair.com\\\/es\\\/wp-content\\\/uploads\\\/sites\\\/27\\\/2024\\\/03\\\/A01-FabricAir-logo-blue.png\",\"contentUrl\":\"https:\\\/\\\/www.fabricair.com\\\/es\\\/wp-content\\\/uploads\\\/sites\\\/27\\\/2024\\\/03\\\/A01-FabricAir-logo-blue.png\",\"width\":2087,\"height\":366,\"caption\":\"Spain FabricAir\"},\"image\":{\"@id\":\"https:\\\/\\\/www.fabricair.com\\\/es\\\/#\\\/schema\\\/logo\\\/image\\\/\"},\"sameAs\":[\"https:\\\/\\\/www.linkedin.com\\\/company\\\/fabricair-a-s\\\/?originalSubdomain=es\"]}]}<\/script>\n<!-- \/ Yoast SEO plugin. -->","yoast_head_json":{"title":"Conductos textiles para climatizaci\u00f3n y ventilaci\u00f3n | Spain FabricAir","description":"FabricAir dise\u00f1a conductos textiles para climatizaci\u00f3n y ventilaci\u00f3n con difusi\u00f3n de aire homog\u00e9nea, higi\u00e9nica y eficiente en multitud de aplicaciones.","robots":{"index":"index","follow":"follow","max-snippet":"max-snippet:-1","max-image-preview":"max-image-preview:large","max-video-preview":"max-video-preview:-1"},"canonical":"https:\/\/www.fabricair.com\/es\/wp-json\/wp\/v2\/pages\/5\/","og_locale":"en_US","og_type":"article","og_title":"Conductos textiles FabricAir | Sistemas de climatizaci\u00f3n textil","og_description":"FabricAir dise\u00f1a conductos textiles para climatizaci\u00f3n y ventilaci\u00f3n con difusi\u00f3n de aire homog\u00e9nea, higi\u00e9nica y eficiente en multitud de aplicaciones.","og_url":"https:\/\/www.fabricair.com\/es\/","og_site_name":"Spain FabricAir","article_modified_time":"2026-03-17T09:21:03+00:00","og_image":[{"width":660,"height":600,"url":"https:\/\/www.fabricair.com\/es\/wp-content\/uploads\/sites\/27\/2022\/03\/shutterstock_1515843725.png","type":"image\/png"}],"twitter_card":"summary_large_image","twitter_misc":{"Est. reading time":"4 minutes"},"schema":{"@context":"https:\/\/schema.org","@graph":[{"@type":"WebPage","@id":"https:\/\/www.fabricair.com\/es\/","url":"https:\/\/www.fabricair.com\/es\/","name":"Conductos textiles FabricAir | Sistemas de climatizaci\u00f3n textil","isPartOf":{"@id":"https:\/\/www.fabricair.com\/es\/#website"},"primaryImageOfPage":{"@id":"https:\/\/www.fabricair.com\/es\/#primaryimage"},"image":{"@id":"https:\/\/www.fabricair.com\/es\/#primaryimage"},"thumbnailUrl":"https:\/\/www.fabricair.com\/es\/wp-content\/uploads\/sites\/27\/2022\/03\/shutterstock_1515843725.png","datePublished":"2022-02-03T09:48:33+00:00","dateModified":"2026-03-17T09:21:03+00:00","description":"FabricAir dise\u00f1a conductos textiles para climatizaci\u00f3n y ventilaci\u00f3n con difusi\u00f3n de aire homog\u00e9nea, higi\u00e9nica y eficiente en multitud de aplicaciones.","breadcrumb":{"@id":"https:\/\/www.fabricair.com\/es\/#breadcrumb"},"inLanguage":"en-US","potentialAction":[{"@type":"ReadAction","target":["https:\/\/www.fabricair.com\/es\/"]}]},{"@type":"ImageObject","inLanguage":"en-US","@id":"https:\/\/www.fabricair.com\/es\/#primaryimage","url":"https:\/\/www.fabricair.com\/es\/wp-content\/uploads\/sites\/27\/2022\/03\/shutterstock_1515843725.png","contentUrl":"https:\/\/www.fabricair.com\/es\/wp-content\/uploads\/sites\/27\/2022\/03\/shutterstock_1515843725.png","width":660,"height":600,"caption":"Equipo de I+D de FabricAir trabajando en el dise\u00f1o de conductos textiles para sistemas HVAC"},{"@type":"BreadcrumbList","@id":"https:\/\/www.fabricair.com\/es\/#breadcrumb","itemListElement":[{"@type":"ListItem","position":1,"name":"Home","item":"https:\/\/www.fabricair.com\/es\/"},{"@type":"ListItem","position":2,"name":"Conductos textiles para climatizaci\u00f3n y ventilaci\u00f3n"}]},{"@type":"WebSite","@id":"https:\/\/www.fabricair.com\/es\/#website","url":"https:\/\/www.fabricair.com\/es\/","name":"Spain FabricAir","description":"","publisher":{"@id":"https:\/\/www.fabricair.com\/es\/#organization"},"potentialAction":[{"@type":"SearchAction","target":{"@type":"EntryPoint","urlTemplate":"https:\/\/www.fabricair.com\/es\/?s={search_term_string}"},"query-input":{"@type":"PropertyValueSpecification","valueRequired":true,"valueName":"search_term_string"}}],"inLanguage":"en-US"},{"@type":"Organization","@id":"https:\/\/www.fabricair.com\/es\/#organization","name":"Spain FabricAir","url":"https:\/\/www.fabricair.com\/es\/","logo":{"@type":"ImageObject","inLanguage":"en-US","@id":"https:\/\/www.fabricair.com\/es\/#\/schema\/logo\/image\/","url":"https:\/\/www.fabricair.com\/es\/wp-content\/uploads\/sites\/27\/2024\/03\/A01-FabricAir-logo-blue.png","contentUrl":"https:\/\/www.fabricair.com\/es\/wp-content\/uploads\/sites\/27\/2024\/03\/A01-FabricAir-logo-blue.png","width":2087,"height":366,"caption":"Spain FabricAir"},"image":{"@id":"https:\/\/www.fabricair.com\/es\/#\/schema\/logo\/image\/"},"sameAs":["https:\/\/www.linkedin.com\/company\/fabricair-a-s\/?originalSubdomain=es"]}]}},"_links":{"self":[{"href":"https:\/\/www.fabricair.com\/es\/wp-json\/wp\/v2\/pages\/5","targetHints":{"allow":["GET"]}}],"collection":[{"href":"https:\/\/www.fabricair.com\/es\/wp-json\/wp\/v2\/pages"}],"about":[{"href":"https:\/\/www.fabricair.com\/es\/wp-json\/wp\/v2\/types\/page"}],"author":[{"embeddable":true,"href":"https:\/\/www.fabricair.com\/es\/wp-json\/wp\/v2\/users\/1"}],"replies":[{"embeddable":true,"href":"https:\/\/www.fabricair.com\/es\/wp-json\/wp\/v2\/comments?post=5"}],"version-history":[{"count":140,"href":"https:\/\/www.fabricair.com\/es\/wp-json\/wp\/v2\/pages\/5\/revisions"}],"predecessor-version":[{"id":9476,"href":"https:\/\/www.fabricair.com\/es\/wp-json\/wp\/v2\/pages\/5\/revisions\/9476"}],"wp:featuredmedia":[{"embeddable":true,"href":"https:\/\/www.fabricair.com\/es\/wp-json\/wp\/v2\/media\/3515"}],"wp:attachment":[{"href":"https:\/\/www.fabricair.com\/es\/wp-json\/wp\/v2\/media?parent=5"}],"curies":[{"name":"wp","href":"https:\/\/api.w.org\/{rel}","templated":true}]}}