{"id":75,"date":"2022-02-04T07:56:24","date_gmt":"2022-02-04T07:56:24","guid":{"rendered":"https:\/\/fabricair.com\/es\/?page_id=75"},"modified":"2025-10-01T09:42:21","modified_gmt":"2025-10-01T09:42:21","slug":"servicios","status":"publish","type":"page","link":"https:\/\/www.fabricair.com\/es\/servicios\/","title":{"rendered":"Servicios"},"content":{"rendered":"<h1>Servicios FabricAir: soporte integral para un rendimiento duradero<\/h1>\n<p data-start=\"933\" data-end=\"1338\">Los <strong data-start=\"937\" data-end=\"960\">servicios FabricAir<\/strong> est\u00e1n dise\u00f1ados para acompa\u00f1ar al cliente en cada etapa del proyecto, desde el dise\u00f1o inicial hasta el mantenimiento y optimizaci\u00f3n continua de sus sistemas de conductos textiles. Nuestro compromiso con la calidad va m\u00e1s all\u00e1 del producto: ofrecemos un soporte t\u00e9cnico especializado que asegura el funcionamiento eficiente, higi\u00e9nico y personalizado de cada soluci\u00f3n instalada.<\/p>\n<p data-start=\"1340\" data-end=\"1568\">Ya sea validando el dise\u00f1o con an\u00e1lisis CFD, realizando limpieza certificada o reparaciones puntuales, los servicios FabricAir se adaptan a las necesidades reales de cada instalaci\u00f3n para garantizar su rendimiento a largo plazo.<\/p>\n<p>&nbsp;<\/p>\n<h2>Dise\u00f1o personalizado de soluciones<\/h2>\n<p data-start=\"1614\" data-end=\"1948\">En FabricAir comenzamos cada proyecto escuchando los requisitos del cliente. Dise\u00f1amos soluciones a medida que cumplen con sus expectativas t\u00e9cnicas, est\u00e9ticas y operativas. Si se requiere, tambi\u00e9n ofrecemos recomendaciones expertas basadas en d\u00e9cadas de experiencia en aplicaciones industriales, deportivas, comerciales y sanitarias.<\/p>\n<p data-start=\"1950\" data-end=\"2098\">Cada propuesta est\u00e1 respaldada por nuestro equipo de ingenier\u00eda, que garantiza la compatibilidad entre dise\u00f1o, rendimiento y entorno de instalaci\u00f3n.<\/p>\n<h2>Servicios de reparaci\u00f3n y mantenimiento<\/h2>\n<p data-start=\"2149\" data-end=\"2510\">Incluso los sistemas m\u00e1s robustos pueden requerir ajustes. Por eso, uno de los pilares de los <strong data-start=\"2243\" data-end=\"2266\">servicios FabricAir<\/strong> es la atenci\u00f3n postventa. Nuestro equipo t\u00e9cnico est\u00e1 preparado para realizar reparaciones en conductos textiles da\u00f1ados, modificarlos seg\u00fan nuevos requisitos o sustituir tramos espec\u00edficos para garantizar la continuidad operativa del sistema.<\/p>\n<p data-start=\"2512\" data-end=\"2670\">Ofrecemos intervenciones r\u00e1pidas, fiables y alineadas con las condiciones reales de uso, minimizando tiempos de parada y asegurando la eficiencia del sistema.<\/p>\n<p>&nbsp;<\/p>\n<h2>Servicios de lavander\u00eda certificados<\/h2>\n<p data-start=\"2718\" data-end=\"2992\">Una correcta limpieza de los conductos textiles es fundamental para mantener la calidad del aire interior. Por ello, los <strong data-start=\"2839\" data-end=\"2862\">servicios FabricAir<\/strong> incluyen un programa de lavander\u00eda profesional que garantiza una higienizaci\u00f3n eficaz sin comprometer la integridad del material.<\/p>\n<p data-start=\"2994\" data-end=\"3216\">Nos encargamos del traslado, lavado y devoluci\u00f3n de los conductos. Este proceso conserva el color, estampado y propiedades mec\u00e1nicas originales, y permite reducir al m\u00ednimo el tiempo de inactividad del sistema.<\/p>\n<p>&nbsp;<\/p>\n<h2>An\u00e1lisis CFD personalizado<\/h2>\n<p data-start=\"3254\" data-end=\"3456\">Entre los <strong data-start=\"3264\" data-end=\"3287\">servicios FabricAir<\/strong> m\u00e1s valorados se encuentra el an\u00e1lisis CFD (Computational Fluid Dynamics), una herramienta que permite validar el comportamiento de la soluci\u00f3n antes de su instalaci\u00f3n.<\/p>\n<p data-start=\"3458\" data-end=\"3759\">A trav\u00e9s de simulaciones personalizadas, analizamos las condiciones reales del proyecto para demostrar que la propuesta de dise\u00f1o ofrece una difusi\u00f3n de aire eficiente, uniforme y sin corrientes molestas. Este servicio aporta seguridad t\u00e9cnica tanto al cliente final como a ingenier\u00edas y proyectistas.<\/p>\n","protected":false},"excerpt":{"rendered":"<p>Servicios FabricAir: soporte integral para un rendimiento duradero Los servicios FabricAir est\u00e1n dise\u00f1ados para acompa\u00f1ar al cliente en cada etapa del proyecto, desde el dise\u00f1o inicial hasta el mantenimiento y optimizaci\u00f3n continua de sus sistemas de conductos textiles. Nuestro compromiso con la calidad va m\u00e1s all\u00e1 del producto: ofrecemos un soporte t\u00e9cnico especializado que asegura [&hellip;]<\/p>\n","protected":false},"author":1,"featured_media":6281,"parent":0,"menu_order":34,"comment_status":"closed","ping_status":"closed","template":"","meta":{"_acf_changed":false,"inline_featured_image":false,"footnotes":""},"class_list":["post-75","page","type-page","status-publish","has-post-thumbnail","hentry"],"acf":[],"yoast_head":"<!-- This site is optimized with the Yoast SEO plugin v27.3 - https:\/\/yoast.com\/product\/yoast-seo-wordpress\/ -->\n<title>Servicios | Spain FabricAir<\/title>\n<meta name=\"description\" content=\"Conoce los servicios FabricAir: dise\u00f1o a medida, mantenimiento, reparaci\u00f3n, simulaciones CFD, lavander\u00eda y soporte t\u00e9cnico de por vida para cada instalaci\u00f3n.\" \/>\n<meta name=\"robots\" content=\"index, follow, max-snippet:-1, max-image-preview:large, max-video-preview:-1\" \/>\n<link rel=\"canonical\" href=\"https:\/\/www.fabricair.com\/es\/wp-json\/wp\/v2\/pages\/75\/\" \/>\n<meta property=\"og:locale\" content=\"en_US\" \/>\n<meta property=\"og:type\" content=\"article\" \/>\n<meta property=\"og:title\" content=\"Servicios FabricAir | Soporte t\u00e9cnico, mantenimiento y an\u00e1lisis CFD\" \/>\n<meta property=\"og:description\" content=\"Conoce los servicios FabricAir: dise\u00f1o a medida, mantenimiento, reparaci\u00f3n, simulaciones CFD, lavander\u00eda y soporte t\u00e9cnico de por vida para cada instalaci\u00f3n.\" \/>\n<meta property=\"og:url\" content=\"https:\/\/www.fabricair.com\/es\/servicios\/\" \/>\n<meta property=\"og:site_name\" content=\"Spain FabricAir\" \/>\n<meta property=\"article:modified_time\" content=\"2025-10-01T09:42:21+00:00\" \/>\n<meta property=\"og:image\" content=\"https:\/\/www.fabricair.com\/es\/wp-content\/uploads\/sites\/27\/2022\/04\/shutterstock_350762249-scaled.jpg\" \/>\n\t<meta property=\"og:image:width\" content=\"2560\" \/>\n\t<meta property=\"og:image:height\" content=\"1709\" \/>\n\t<meta property=\"og:image:type\" content=\"image\/jpeg\" \/>\n<meta name=\"twitter:card\" content=\"summary_large_image\" \/>\n<meta name=\"twitter:label1\" content=\"Est. reading time\" \/>\n\t<meta name=\"twitter:data1\" content=\"2 minutes\" \/>\n<script type=\"application\/ld+json\" class=\"yoast-schema-graph\">{\"@context\":\"https:\\\/\\\/schema.org\",\"@graph\":[{\"@type\":\"WebPage\",\"@id\":\"https:\\\/\\\/www.fabricair.com\\\/es\\\/servicios\\\/\",\"url\":\"https:\\\/\\\/www.fabricair.com\\\/es\\\/servicios\\\/\",\"name\":\"Servicios FabricAir | Soporte t\u00e9cnico, mantenimiento y an\u00e1lisis CFD\",\"isPartOf\":{\"@id\":\"https:\\\/\\\/www.fabricair.com\\\/es\\\/#website\"},\"primaryImageOfPage\":{\"@id\":\"https:\\\/\\\/www.fabricair.com\\\/es\\\/servicios\\\/#primaryimage\"},\"image\":{\"@id\":\"https:\\\/\\\/www.fabricair.com\\\/es\\\/servicios\\\/#primaryimage\"},\"thumbnailUrl\":\"https:\\\/\\\/www.fabricair.com\\\/es\\\/wp-content\\\/uploads\\\/sites\\\/27\\\/2022\\\/04\\\/shutterstock_350762249-scaled.jpg\",\"datePublished\":\"2022-02-04T07:56:24+00:00\",\"dateModified\":\"2025-10-01T09:42:21+00:00\",\"description\":\"Conoce los servicios FabricAir: dise\u00f1o a medida, mantenimiento, reparaci\u00f3n, simulaciones CFD, lavander\u00eda y soporte t\u00e9cnico de por vida para cada instalaci\u00f3n.\",\"breadcrumb\":{\"@id\":\"https:\\\/\\\/www.fabricair.com\\\/es\\\/servicios\\\/#breadcrumb\"},\"inLanguage\":\"en-US\",\"potentialAction\":[{\"@type\":\"ReadAction\",\"target\":[\"https:\\\/\\\/www.fabricair.com\\\/es\\\/servicios\\\/\"]}]},{\"@type\":\"ImageObject\",\"inLanguage\":\"en-US\",\"@id\":\"https:\\\/\\\/www.fabricair.com\\\/es\\\/servicios\\\/#primaryimage\",\"url\":\"https:\\\/\\\/www.fabricair.com\\\/es\\\/wp-content\\\/uploads\\\/sites\\\/27\\\/2022\\\/04\\\/shutterstock_350762249-scaled.jpg\",\"contentUrl\":\"https:\\\/\\\/www.fabricair.com\\\/es\\\/wp-content\\\/uploads\\\/sites\\\/27\\\/2022\\\/04\\\/shutterstock_350762249-scaled.jpg\",\"width\":2560,\"height\":1709,\"caption\":\"Los servicios FabricAir acompa\u00f1an cada proyecto de principio a fin, asegurando soluciones eficientes, personalizadas y duraderas.\"},{\"@type\":\"BreadcrumbList\",\"@id\":\"https:\\\/\\\/www.fabricair.com\\\/es\\\/servicios\\\/#breadcrumb\",\"itemListElement\":[{\"@type\":\"ListItem\",\"position\":1,\"name\":\"Home\",\"item\":\"https:\\\/\\\/www.fabricair.com\\\/es\\\/\"},{\"@type\":\"ListItem\",\"position\":2,\"name\":\"Servicios\"}]},{\"@type\":\"WebSite\",\"@id\":\"https:\\\/\\\/www.fabricair.com\\\/es\\\/#website\",\"url\":\"https:\\\/\\\/www.fabricair.com\\\/es\\\/\",\"name\":\"Spain FabricAir\",\"description\":\"\",\"publisher\":{\"@id\":\"https:\\\/\\\/www.fabricair.com\\\/es\\\/#organization\"},\"potentialAction\":[{\"@type\":\"SearchAction\",\"target\":{\"@type\":\"EntryPoint\",\"urlTemplate\":\"https:\\\/\\\/www.fabricair.com\\\/es\\\/?s={search_term_string}\"},\"query-input\":{\"@type\":\"PropertyValueSpecification\",\"valueRequired\":true,\"valueName\":\"search_term_string\"}}],\"inLanguage\":\"en-US\"},{\"@type\":\"Organization\",\"@id\":\"https:\\\/\\\/www.fabricair.com\\\/es\\\/#organization\",\"name\":\"Spain FabricAir\",\"url\":\"https:\\\/\\\/www.fabricair.com\\\/es\\\/\",\"logo\":{\"@type\":\"ImageObject\",\"inLanguage\":\"en-US\",\"@id\":\"https:\\\/\\\/www.fabricair.com\\\/es\\\/#\\\/schema\\\/logo\\\/image\\\/\",\"url\":\"https:\\\/\\\/www.fabricair.com\\\/es\\\/wp-content\\\/uploads\\\/sites\\\/27\\\/2024\\\/03\\\/A01-FabricAir-logo-blue.png\",\"contentUrl\":\"https:\\\/\\\/www.fabricair.com\\\/es\\\/wp-content\\\/uploads\\\/sites\\\/27\\\/2024\\\/03\\\/A01-FabricAir-logo-blue.png\",\"width\":2087,\"height\":366,\"caption\":\"Spain FabricAir\"},\"image\":{\"@id\":\"https:\\\/\\\/www.fabricair.com\\\/es\\\/#\\\/schema\\\/logo\\\/image\\\/\"},\"sameAs\":[\"https:\\\/\\\/www.linkedin.com\\\/company\\\/fabricair-a-s\\\/?originalSubdomain=es\"]}]}<\/script>\n<!-- \/ Yoast SEO plugin. -->","yoast_head_json":{"title":"Servicios | Spain FabricAir","description":"Conoce los servicios FabricAir: dise\u00f1o a medida, mantenimiento, reparaci\u00f3n, simulaciones CFD, lavander\u00eda y soporte t\u00e9cnico de por vida para cada instalaci\u00f3n.","robots":{"index":"index","follow":"follow","max-snippet":"max-snippet:-1","max-image-preview":"max-image-preview:large","max-video-preview":"max-video-preview:-1"},"canonical":"https:\/\/www.fabricair.com\/es\/wp-json\/wp\/v2\/pages\/75\/","og_locale":"en_US","og_type":"article","og_title":"Servicios FabricAir | Soporte t\u00e9cnico, mantenimiento y an\u00e1lisis CFD","og_description":"Conoce los servicios FabricAir: dise\u00f1o a medida, mantenimiento, reparaci\u00f3n, simulaciones CFD, lavander\u00eda y soporte t\u00e9cnico de por vida para cada instalaci\u00f3n.","og_url":"https:\/\/www.fabricair.com\/es\/servicios\/","og_site_name":"Spain FabricAir","article_modified_time":"2025-10-01T09:42:21+00:00","og_image":[{"width":2560,"height":1709,"url":"https:\/\/www.fabricair.com\/es\/wp-content\/uploads\/sites\/27\/2022\/04\/shutterstock_350762249-scaled.jpg","type":"image\/jpeg"}],"twitter_card":"summary_large_image","twitter_misc":{"Est. reading time":"2 minutes"},"schema":{"@context":"https:\/\/schema.org","@graph":[{"@type":"WebPage","@id":"https:\/\/www.fabricair.com\/es\/servicios\/","url":"https:\/\/www.fabricair.com\/es\/servicios\/","name":"Servicios FabricAir | Soporte t\u00e9cnico, mantenimiento y an\u00e1lisis CFD","isPartOf":{"@id":"https:\/\/www.fabricair.com\/es\/#website"},"primaryImageOfPage":{"@id":"https:\/\/www.fabricair.com\/es\/servicios\/#primaryimage"},"image":{"@id":"https:\/\/www.fabricair.com\/es\/servicios\/#primaryimage"},"thumbnailUrl":"https:\/\/www.fabricair.com\/es\/wp-content\/uploads\/sites\/27\/2022\/04\/shutterstock_350762249-scaled.jpg","datePublished":"2022-02-04T07:56:24+00:00","dateModified":"2025-10-01T09:42:21+00:00","description":"Conoce los servicios FabricAir: dise\u00f1o a medida, mantenimiento, reparaci\u00f3n, simulaciones CFD, lavander\u00eda y soporte t\u00e9cnico de por vida para cada instalaci\u00f3n.","breadcrumb":{"@id":"https:\/\/www.fabricair.com\/es\/servicios\/#breadcrumb"},"inLanguage":"en-US","potentialAction":[{"@type":"ReadAction","target":["https:\/\/www.fabricair.com\/es\/servicios\/"]}]},{"@type":"ImageObject","inLanguage":"en-US","@id":"https:\/\/www.fabricair.com\/es\/servicios\/#primaryimage","url":"https:\/\/www.fabricair.com\/es\/wp-content\/uploads\/sites\/27\/2022\/04\/shutterstock_350762249-scaled.jpg","contentUrl":"https:\/\/www.fabricair.com\/es\/wp-content\/uploads\/sites\/27\/2022\/04\/shutterstock_350762249-scaled.jpg","width":2560,"height":1709,"caption":"Los servicios FabricAir acompa\u00f1an cada proyecto de principio a fin, asegurando soluciones eficientes, personalizadas y duraderas."},{"@type":"BreadcrumbList","@id":"https:\/\/www.fabricair.com\/es\/servicios\/#breadcrumb","itemListElement":[{"@type":"ListItem","position":1,"name":"Home","item":"https:\/\/www.fabricair.com\/es\/"},{"@type":"ListItem","position":2,"name":"Servicios"}]},{"@type":"WebSite","@id":"https:\/\/www.fabricair.com\/es\/#website","url":"https:\/\/www.fabricair.com\/es\/","name":"Spain FabricAir","description":"","publisher":{"@id":"https:\/\/www.fabricair.com\/es\/#organization"},"potentialAction":[{"@type":"SearchAction","target":{"@type":"EntryPoint","urlTemplate":"https:\/\/www.fabricair.com\/es\/?s={search_term_string}"},"query-input":{"@type":"PropertyValueSpecification","valueRequired":true,"valueName":"search_term_string"}}],"inLanguage":"en-US"},{"@type":"Organization","@id":"https:\/\/www.fabricair.com\/es\/#organization","name":"Spain FabricAir","url":"https:\/\/www.fabricair.com\/es\/","logo":{"@type":"ImageObject","inLanguage":"en-US","@id":"https:\/\/www.fabricair.com\/es\/#\/schema\/logo\/image\/","url":"https:\/\/www.fabricair.com\/es\/wp-content\/uploads\/sites\/27\/2024\/03\/A01-FabricAir-logo-blue.png","contentUrl":"https:\/\/www.fabricair.com\/es\/wp-content\/uploads\/sites\/27\/2024\/03\/A01-FabricAir-logo-blue.png","width":2087,"height":366,"caption":"Spain FabricAir"},"image":{"@id":"https:\/\/www.fabricair.com\/es\/#\/schema\/logo\/image\/"},"sameAs":["https:\/\/www.linkedin.com\/company\/fabricair-a-s\/?originalSubdomain=es"]}]}},"_links":{"self":[{"href":"https:\/\/www.fabricair.com\/es\/wp-json\/wp\/v2\/pages\/75","targetHints":{"allow":["GET"]}}],"collection":[{"href":"https:\/\/www.fabricair.com\/es\/wp-json\/wp\/v2\/pages"}],"about":[{"href":"https:\/\/www.fabricair.com\/es\/wp-json\/wp\/v2\/types\/page"}],"author":[{"embeddable":true,"href":"https:\/\/www.fabricair.com\/es\/wp-json\/wp\/v2\/users\/1"}],"replies":[{"embeddable":true,"href":"https:\/\/www.fabricair.com\/es\/wp-json\/wp\/v2\/comments?post=75"}],"version-history":[{"count":52,"href":"https:\/\/www.fabricair.com\/es\/wp-json\/wp\/v2\/pages\/75\/revisions"}],"predecessor-version":[{"id":9119,"href":"https:\/\/www.fabricair.com\/es\/wp-json\/wp\/v2\/pages\/75\/revisions\/9119"}],"wp:featuredmedia":[{"embeddable":true,"href":"https:\/\/www.fabricair.com\/es\/wp-json\/wp\/v2\/media\/6281"}],"wp:attachment":[{"href":"https:\/\/www.fabricair.com\/es\/wp-json\/wp\/v2\/media?parent=75"}],"curies":[{"name":"wp","href":"https:\/\/api.w.org\/{rel}","templated":true}]}}