{"id":8164,"date":"2024-06-17T07:37:53","date_gmt":"2024-06-17T07:37:53","guid":{"rendered":"https:\/\/www.fabricair.com\/es\/?page_id=8164"},"modified":"2025-10-01T07:22:37","modified_gmt":"2025-10-01T07:22:37","slug":"arquitectos","status":"publish","type":"page","link":"https:\/\/www.fabricair.com\/es\/arquitectos\/","title":{"rendered":"Arquitectos"},"content":{"rendered":"<h1>HVAC dise\u00f1ado para arquitectos<\/h1>\n<h2>\u00bfQu\u00e9 es un conducto textil?<\/h2>\n<p>Los sistemas de conductos textiles FabricAir ofrecen un recurso HVAC dise\u00f1ado para arquitectos elegante y f\u00e1cil de instalar y mantener. Ya sea para proyectos nuevos o para renovaciones, los conductos textiles personalizados garantizan una calidad de aire interior \u00f3ptima con un flujo de aire espec\u00edficamente dise\u00f1ado para adaptarse a casi cualquier aplicaci\u00f3n. Esto no solo mejora el rendimiento, sino que tambi\u00e9n realza la est\u00e9tica del entorno.<\/p>\n<h2>\u00bfPor qu\u00e9 deber\u00edas elegir conductos textiles en lugar de metal? HVAC dise\u00f1ado para arquitectos<\/h2>\n<p>Los sistemas de aire mediante conductos textiles son un remedio hvac dise\u00f1ado para arquitectos que tienen varias ventajas sobre los conductos de metal tradicionales. A diferencia de los de metal, los conductos textiles no generan condensaci\u00f3n de forma natural, por lo que no necesitan aislamiento. Esto no solo ahorra tiempo y dinero en la instalaci\u00f3n, sino que tambi\u00e9n reduce los costes de material, transporte y almacenamiento. Adem\u00e1s, los conductos textiles promueven la higiene al prevenir problemas relacionados con la condensaci\u00f3n, como el crecimiento de bacterias y moho, y se pueden limpiar f\u00e1cilmente o incluso autoclavar. Tambi\u00e9n son una mejor opci\u00f3n para lugares donde el ruido es un problema, como bibliotecas y auditorios, gracias a sus propiedades \u00fanicas en t\u00e9rminos de sonido.<\/p>\n<h2>Descubre por qu\u00e9 m\u00e1s del 95% de nuestros clientes regresan<\/h2>\n<p>&#8220;Preferimos utilizar las soluciones de difusi\u00f3n FabricAir en lugar de conductos met\u00e1licos convencionales. Se integran a la perfecci\u00f3n y destacan en el dise\u00f1o. No solo a\u00f1aden estilo, sino que tambi\u00e9n generan una conversaci\u00f3n. Queremos que los clientes levanten la mirada y que los due\u00f1os de restaurantes tengan la oportunidad de personalizar su espacio. Recomendamos esta opci\u00f3n debido a su eficiencia y a las oportunidades \u00fanicas que ofrece en dise\u00f1o. No hay zonas con diferencias en temperatura ni condensaci\u00f3n como ocurre con los conductos de metal. Adem\u00e1s, hay una amplia variedad de colores disponibles. Sabemos que los espacios, especialmente los restaurantes, pueden ensuciarse, as\u00ed que les explicamos a nuestros clientes que estos conductos se pueden desabrochar f\u00e1cilmente, llevar a casa, lavar, secar y volver a colocar. Esto es algo que no se puede hacer con los conductos de metal&#8221;.<\/p>\n","protected":false},"excerpt":{"rendered":"<p>HVAC dise\u00f1ado para arquitectos \u00bfQu\u00e9 es un conducto textil? Los sistemas de conductos textiles FabricAir ofrecen un recurso HVAC dise\u00f1ado para arquitectos elegante y f\u00e1cil de instalar y mantener. Ya sea para proyectos nuevos o para renovaciones, los conductos textiles personalizados garantizan una calidad de aire interior \u00f3ptima con un flujo de aire espec\u00edficamente dise\u00f1ado [&hellip;]<\/p>\n","protected":false},"author":8,"featured_media":8165,"parent":0,"menu_order":0,"comment_status":"closed","ping_status":"closed","template":"","meta":{"_acf_changed":false,"inline_featured_image":false,"footnotes":""},"class_list":["post-8164","page","type-page","status-publish","has-post-thumbnail","hentry"],"acf":[],"yoast_head":"<!-- This site is optimized with the Yoast SEO plugin v27.3 - https:\/\/yoast.com\/product\/yoast-seo-wordpress\/ -->\n<title>Arquitectos | Spain FabricAir<\/title>\n<meta name=\"description\" content=\"Los sistemas de conductos textiles FabricAir ofrecen un recurso HVAC dise\u00f1ado para arquitectos elegante y f\u00e1cil de instalar y mantener.\" \/>\n<meta name=\"robots\" content=\"index, follow, max-snippet:-1, max-image-preview:large, max-video-preview:-1\" \/>\n<link rel=\"canonical\" href=\"https:\/\/www.fabricair.com\/es\/wp-json\/wp\/v2\/pages\/8164\/\" \/>\n<meta property=\"og:locale\" content=\"en_US\" \/>\n<meta property=\"og:type\" content=\"article\" \/>\n<meta property=\"og:title\" content=\"Arquitectos - Spain FabricAir\" \/>\n<meta property=\"og:description\" content=\"Los sistemas de conductos textiles FabricAir ofrecen un recurso HVAC dise\u00f1ado para arquitectos elegante y f\u00e1cil de instalar y mantener.\" \/>\n<meta property=\"og:url\" content=\"https:\/\/www.fabricair.com\/es\/arquitectos\/\" \/>\n<meta property=\"og:site_name\" content=\"Spain FabricAir\" \/>\n<meta property=\"article:modified_time\" content=\"2025-10-01T07:22:37+00:00\" \/>\n<meta property=\"og:image\" content=\"https:\/\/www.fabricair.com\/es\/wp-content\/uploads\/sites\/27\/2024\/01\/FabricAir-10-lrg-jpg.webp\" \/>\n\t<meta property=\"og:image:width\" content=\"1\" \/>\n\t<meta property=\"og:image:height\" content=\"1\" \/>\n\t<meta property=\"og:image:type\" content=\"image\/webp\" \/>\n<meta name=\"twitter:card\" content=\"summary_large_image\" \/>\n<meta name=\"twitter:label1\" content=\"Est. reading time\" \/>\n\t<meta name=\"twitter:data1\" content=\"2 minutes\" \/>\n<script type=\"application\/ld+json\" class=\"yoast-schema-graph\">{\"@context\":\"https:\\\/\\\/schema.org\",\"@graph\":[{\"@type\":\"WebPage\",\"@id\":\"https:\\\/\\\/www.fabricair.com\\\/es\\\/arquitectos\\\/\",\"url\":\"https:\\\/\\\/www.fabricair.com\\\/es\\\/arquitectos\\\/\",\"name\":\"Arquitectos - Spain FabricAir\",\"isPartOf\":{\"@id\":\"https:\\\/\\\/www.fabricair.com\\\/es\\\/#website\"},\"primaryImageOfPage\":{\"@id\":\"https:\\\/\\\/www.fabricair.com\\\/es\\\/arquitectos\\\/#primaryimage\"},\"image\":{\"@id\":\"https:\\\/\\\/www.fabricair.com\\\/es\\\/arquitectos\\\/#primaryimage\"},\"thumbnailUrl\":\"https:\\\/\\\/www.fabricair.com\\\/es\\\/wp-content\\\/uploads\\\/sites\\\/27\\\/2024\\\/01\\\/FabricAir-10-lrg-jpg.webp\",\"datePublished\":\"2024-06-17T07:37:53+00:00\",\"dateModified\":\"2025-10-01T07:22:37+00:00\",\"description\":\"Los sistemas de conductos textiles FabricAir ofrecen un recurso HVAC dise\u00f1ado para arquitectos elegante y f\u00e1cil de instalar y mantener.\",\"breadcrumb\":{\"@id\":\"https:\\\/\\\/www.fabricair.com\\\/es\\\/arquitectos\\\/#breadcrumb\"},\"inLanguage\":\"en-US\",\"potentialAction\":[{\"@type\":\"ReadAction\",\"target\":[\"https:\\\/\\\/www.fabricair.com\\\/es\\\/arquitectos\\\/\"]}]},{\"@type\":\"ImageObject\",\"inLanguage\":\"en-US\",\"@id\":\"https:\\\/\\\/www.fabricair.com\\\/es\\\/arquitectos\\\/#primaryimage\",\"url\":\"https:\\\/\\\/www.fabricair.com\\\/es\\\/wp-content\\\/uploads\\\/sites\\\/27\\\/2024\\\/01\\\/FabricAir-10-lrg-jpg.webp\",\"contentUrl\":\"https:\\\/\\\/www.fabricair.com\\\/es\\\/wp-content\\\/uploads\\\/sites\\\/27\\\/2024\\\/01\\\/FabricAir-10-lrg-jpg.webp\",\"caption\":\"hvac dise\u00f1ado para arquitectos, conductos para arquitectos\"},{\"@type\":\"BreadcrumbList\",\"@id\":\"https:\\\/\\\/www.fabricair.com\\\/es\\\/arquitectos\\\/#breadcrumb\",\"itemListElement\":[{\"@type\":\"ListItem\",\"position\":1,\"name\":\"Home\",\"item\":\"https:\\\/\\\/www.fabricair.com\\\/es\\\/\"},{\"@type\":\"ListItem\",\"position\":2,\"name\":\"Arquitectos\"}]},{\"@type\":\"WebSite\",\"@id\":\"https:\\\/\\\/www.fabricair.com\\\/es\\\/#website\",\"url\":\"https:\\\/\\\/www.fabricair.com\\\/es\\\/\",\"name\":\"Spain FabricAir\",\"description\":\"\",\"publisher\":{\"@id\":\"https:\\\/\\\/www.fabricair.com\\\/es\\\/#organization\"},\"potentialAction\":[{\"@type\":\"SearchAction\",\"target\":{\"@type\":\"EntryPoint\",\"urlTemplate\":\"https:\\\/\\\/www.fabricair.com\\\/es\\\/?s={search_term_string}\"},\"query-input\":{\"@type\":\"PropertyValueSpecification\",\"valueRequired\":true,\"valueName\":\"search_term_string\"}}],\"inLanguage\":\"en-US\"},{\"@type\":\"Organization\",\"@id\":\"https:\\\/\\\/www.fabricair.com\\\/es\\\/#organization\",\"name\":\"Spain FabricAir\",\"url\":\"https:\\\/\\\/www.fabricair.com\\\/es\\\/\",\"logo\":{\"@type\":\"ImageObject\",\"inLanguage\":\"en-US\",\"@id\":\"https:\\\/\\\/www.fabricair.com\\\/es\\\/#\\\/schema\\\/logo\\\/image\\\/\",\"url\":\"https:\\\/\\\/www.fabricair.com\\\/es\\\/wp-content\\\/uploads\\\/sites\\\/27\\\/2024\\\/03\\\/A01-FabricAir-logo-blue.png\",\"contentUrl\":\"https:\\\/\\\/www.fabricair.com\\\/es\\\/wp-content\\\/uploads\\\/sites\\\/27\\\/2024\\\/03\\\/A01-FabricAir-logo-blue.png\",\"width\":2087,\"height\":366,\"caption\":\"Spain FabricAir\"},\"image\":{\"@id\":\"https:\\\/\\\/www.fabricair.com\\\/es\\\/#\\\/schema\\\/logo\\\/image\\\/\"},\"sameAs\":[\"https:\\\/\\\/www.linkedin.com\\\/company\\\/fabricair-a-s\\\/?originalSubdomain=es\"]}]}<\/script>\n<!-- \/ Yoast SEO plugin. -->","yoast_head_json":{"title":"Arquitectos | Spain FabricAir","description":"Los sistemas de conductos textiles FabricAir ofrecen un recurso HVAC dise\u00f1ado para arquitectos elegante y f\u00e1cil de instalar y mantener.","robots":{"index":"index","follow":"follow","max-snippet":"max-snippet:-1","max-image-preview":"max-image-preview:large","max-video-preview":"max-video-preview:-1"},"canonical":"https:\/\/www.fabricair.com\/es\/wp-json\/wp\/v2\/pages\/8164\/","og_locale":"en_US","og_type":"article","og_title":"Arquitectos - Spain FabricAir","og_description":"Los sistemas de conductos textiles FabricAir ofrecen un recurso HVAC dise\u00f1ado para arquitectos elegante y f\u00e1cil de instalar y mantener.","og_url":"https:\/\/www.fabricair.com\/es\/arquitectos\/","og_site_name":"Spain FabricAir","article_modified_time":"2025-10-01T07:22:37+00:00","og_image":[{"url":"https:\/\/www.fabricair.com\/es\/wp-content\/uploads\/sites\/27\/2024\/01\/FabricAir-10-lrg-jpg.webp","width":1,"height":1,"type":"image\/webp"}],"twitter_card":"summary_large_image","twitter_misc":{"Est. reading time":"2 minutes"},"schema":{"@context":"https:\/\/schema.org","@graph":[{"@type":"WebPage","@id":"https:\/\/www.fabricair.com\/es\/arquitectos\/","url":"https:\/\/www.fabricair.com\/es\/arquitectos\/","name":"Arquitectos - Spain FabricAir","isPartOf":{"@id":"https:\/\/www.fabricair.com\/es\/#website"},"primaryImageOfPage":{"@id":"https:\/\/www.fabricair.com\/es\/arquitectos\/#primaryimage"},"image":{"@id":"https:\/\/www.fabricair.com\/es\/arquitectos\/#primaryimage"},"thumbnailUrl":"https:\/\/www.fabricair.com\/es\/wp-content\/uploads\/sites\/27\/2024\/01\/FabricAir-10-lrg-jpg.webp","datePublished":"2024-06-17T07:37:53+00:00","dateModified":"2025-10-01T07:22:37+00:00","description":"Los sistemas de conductos textiles FabricAir ofrecen un recurso HVAC dise\u00f1ado para arquitectos elegante y f\u00e1cil de instalar y mantener.","breadcrumb":{"@id":"https:\/\/www.fabricair.com\/es\/arquitectos\/#breadcrumb"},"inLanguage":"en-US","potentialAction":[{"@type":"ReadAction","target":["https:\/\/www.fabricair.com\/es\/arquitectos\/"]}]},{"@type":"ImageObject","inLanguage":"en-US","@id":"https:\/\/www.fabricair.com\/es\/arquitectos\/#primaryimage","url":"https:\/\/www.fabricair.com\/es\/wp-content\/uploads\/sites\/27\/2024\/01\/FabricAir-10-lrg-jpg.webp","contentUrl":"https:\/\/www.fabricair.com\/es\/wp-content\/uploads\/sites\/27\/2024\/01\/FabricAir-10-lrg-jpg.webp","caption":"hvac dise\u00f1ado para arquitectos, conductos para arquitectos"},{"@type":"BreadcrumbList","@id":"https:\/\/www.fabricair.com\/es\/arquitectos\/#breadcrumb","itemListElement":[{"@type":"ListItem","position":1,"name":"Home","item":"https:\/\/www.fabricair.com\/es\/"},{"@type":"ListItem","position":2,"name":"Arquitectos"}]},{"@type":"WebSite","@id":"https:\/\/www.fabricair.com\/es\/#website","url":"https:\/\/www.fabricair.com\/es\/","name":"Spain FabricAir","description":"","publisher":{"@id":"https:\/\/www.fabricair.com\/es\/#organization"},"potentialAction":[{"@type":"SearchAction","target":{"@type":"EntryPoint","urlTemplate":"https:\/\/www.fabricair.com\/es\/?s={search_term_string}"},"query-input":{"@type":"PropertyValueSpecification","valueRequired":true,"valueName":"search_term_string"}}],"inLanguage":"en-US"},{"@type":"Organization","@id":"https:\/\/www.fabricair.com\/es\/#organization","name":"Spain FabricAir","url":"https:\/\/www.fabricair.com\/es\/","logo":{"@type":"ImageObject","inLanguage":"en-US","@id":"https:\/\/www.fabricair.com\/es\/#\/schema\/logo\/image\/","url":"https:\/\/www.fabricair.com\/es\/wp-content\/uploads\/sites\/27\/2024\/03\/A01-FabricAir-logo-blue.png","contentUrl":"https:\/\/www.fabricair.com\/es\/wp-content\/uploads\/sites\/27\/2024\/03\/A01-FabricAir-logo-blue.png","width":2087,"height":366,"caption":"Spain FabricAir"},"image":{"@id":"https:\/\/www.fabricair.com\/es\/#\/schema\/logo\/image\/"},"sameAs":["https:\/\/www.linkedin.com\/company\/fabricair-a-s\/?originalSubdomain=es"]}]}},"_links":{"self":[{"href":"https:\/\/www.fabricair.com\/es\/wp-json\/wp\/v2\/pages\/8164","targetHints":{"allow":["GET"]}}],"collection":[{"href":"https:\/\/www.fabricair.com\/es\/wp-json\/wp\/v2\/pages"}],"about":[{"href":"https:\/\/www.fabricair.com\/es\/wp-json\/wp\/v2\/types\/page"}],"author":[{"embeddable":true,"href":"https:\/\/www.fabricair.com\/es\/wp-json\/wp\/v2\/users\/8"}],"replies":[{"embeddable":true,"href":"https:\/\/www.fabricair.com\/es\/wp-json\/wp\/v2\/comments?post=8164"}],"version-history":[{"count":10,"href":"https:\/\/www.fabricair.com\/es\/wp-json\/wp\/v2\/pages\/8164\/revisions"}],"predecessor-version":[{"id":9099,"href":"https:\/\/www.fabricair.com\/es\/wp-json\/wp\/v2\/pages\/8164\/revisions\/9099"}],"wp:featuredmedia":[{"embeddable":true,"href":"https:\/\/www.fabricair.com\/es\/wp-json\/wp\/v2\/media\/8165"}],"wp:attachment":[{"href":"https:\/\/www.fabricair.com\/es\/wp-json\/wp\/v2\/media?parent=8164"}],"curies":[{"name":"wp","href":"https:\/\/api.w.org\/{rel}","templated":true}]}}