{"id":8188,"date":"2024-01-23T07:49:38","date_gmt":"2024-01-23T07:49:38","guid":{"rendered":"https:\/\/www.fabricair.com\/es\/?page_id=8188"},"modified":"2025-09-30T07:32:05","modified_gmt":"2025-09-30T07:32:05","slug":"fabricair-pro-el-nuevo-add-in-para-revit","status":"publish","type":"page","link":"https:\/\/www.fabricair.com\/es\/fabricair-pro-el-nuevo-add-in-para-revit\/","title":{"rendered":"FabricAir PRO, el nuevo add-in para Revit"},"content":{"rendered":"<h1>Add-in para Revit, FabricAir PRO<\/h1>\n<p>FabricAir PRO act\u00faa como una superposici\u00f3n sobre la funcionalidad de Revit, simplificando el proceso de dise\u00f1o y asegurando que los dise\u00f1os se alineen con las especificaciones de FabricAir. Esta herramienta f\u00e1cil de usar ayuda a acelerar el proceso de dise\u00f1o de conductos textiles.<\/p>\n<p>FabricAir PRO se integra con los sistemas de FabricAir, resultando en una generaci\u00f3n de ofertas m\u00e1s r\u00e1pida y con menos revisiones.<\/p>\n<ul>\n<li>Una comunicaci\u00f3n clara lleva a generar ofertas m\u00e1s r\u00e1pidas.<\/li>\n<li>Reducci\u00f3n de errores.<\/li>\n<li>Mayor precisi\u00f3n del proyecto y amplia informaci\u00f3n en el archivo de Revit.<\/li>\n<\/ul>\n<h5>El complemento FabricAir PRO para Revit es compatible con las siguientes versiones de Autodesk Revit: 2021, 2022, 2023 y 2024.<\/h5>\n<h2>Dise\u00f1a sistemas HVAC innovadores con el nuevo add-in para Revit FabricAir PRO<\/h2>\n<p>FabricAir Pro es un servicio y herramienta add-in para Revit que ayuda a dise\u00f1ar y especificar sistemas textiles HVAC en el dise\u00f1o y construcci\u00f3n de edificios.<\/p>\n<p>&nbsp;<\/p>\n<h2>FabricAir Pro: Eleva tus dise\u00f1os HVAC<\/h2>\n<p>\u00a1FabricAir PRO es el mejor amigo del dise\u00f1ador HVAC, integrando sin problemas conductos textiles en los dise\u00f1os de Revit! Esta herramienta gratuita capacita a arquitectos, dise\u00f1adores e ingenieros para dise\u00f1ar soluciones innovadoras de difusi\u00f3n de aire sin la necesidad de periodos de aprendizaje o ajustes en el software. Esta completa soluci\u00f3n de software, con integraci\u00f3n profunda en Revit, permite comenzar a dise\u00f1ar sistemas HVAC textiles de manera m\u00e1s r\u00e1pida y con menos errores.<\/p>\n<p>&nbsp;<\/p>\n<h2>Ampl\u00eda tus capacidades de dise\u00f1o<\/h2>\n<p>&nbsp;<\/p>\n<h3>Adaptado al Textil<\/h3>\n<p>Nuestro equipo de expertos en ingenier\u00eda y dise\u00f1o se enorgullece de presentar nuestro nuevo y revolucionario complemento personalizado: un innovador &#8220;Add-in&#8221; dise\u00f1ado para simplificar y agilizar el proceso de dise\u00f1o de sistemas textiles para el suministro de aire en una amplia gama de aplicaciones y entornos.<\/p>\n<h3>Documentaci\u00f3n Precisa<\/h3>\n<p>Optimiza la eficiencia y la colaboraci\u00f3n al evitar errores y fortalecer la comunicaci\u00f3n entre todos los miembros del equipo involucrados en el proyecto.<\/p>\n<h3>R\u00e1pida generaci\u00f3n de ofertas<\/h3>\n<p>Mejora la comunicaci\u00f3n, lo que resulta en una generaci\u00f3n de ofertas m\u00e1s r\u00e1pida y con menos revisiones.<\/p>\n","protected":false},"excerpt":{"rendered":"<p>Add-in para Revit, FabricAir PRO FabricAir PRO act\u00faa como una superposici\u00f3n sobre la funcionalidad de Revit, simplificando el proceso de dise\u00f1o y asegurando que los dise\u00f1os se alineen con las especificaciones de FabricAir. Esta herramienta f\u00e1cil de usar ayuda a acelerar el proceso de dise\u00f1o de conductos textiles. FabricAir PRO se integra con los sistemas [&hellip;]<\/p>\n","protected":false},"author":8,"featured_media":8189,"parent":0,"menu_order":0,"comment_status":"closed","ping_status":"closed","template":"","meta":{"_acf_changed":false,"inline_featured_image":false,"footnotes":""},"class_list":["post-8188","page","type-page","status-publish","has-post-thumbnail","hentry"],"acf":[],"yoast_head":"<!-- This site is optimized with the Yoast SEO plugin v27.3 - https:\/\/yoast.com\/product\/yoast-seo-wordpress\/ -->\n<title>FabricAir PRO, el nuevo add-in para Revit | Spain FabricAir<\/title>\n<meta name=\"description\" content=\"FabricAir Pro es un servicio add-in para Revit que ayuda a dise\u00f1ar sistemas textiles HVAC en el dise\u00f1o y construcci\u00f3n de edificios.\" \/>\n<meta name=\"robots\" content=\"index, follow, max-snippet:-1, max-image-preview:large, max-video-preview:-1\" \/>\n<link rel=\"canonical\" href=\"https:\/\/www.fabricair.com\/es\/wp-json\/wp\/v2\/pages\/8188\/\" \/>\n<meta property=\"og:locale\" content=\"en_US\" \/>\n<meta property=\"og:type\" content=\"article\" \/>\n<meta property=\"og:title\" content=\"FabricAir PRO, el nuevo add-in para Revit - Spain FabricAir\" \/>\n<meta property=\"og:description\" content=\"FabricAir Pro es un servicio add-in para Revit que ayuda a dise\u00f1ar sistemas textiles HVAC en el dise\u00f1o y construcci\u00f3n de edificios.\" \/>\n<meta property=\"og:url\" content=\"https:\/\/www.fabricair.com\/es\/fabricair-pro-el-nuevo-add-in-para-revit\/\" \/>\n<meta property=\"og:site_name\" content=\"Spain FabricAir\" \/>\n<meta property=\"article:modified_time\" content=\"2025-09-30T07:32:05+00:00\" \/>\n<meta property=\"og:image\" content=\"https:\/\/www.fabricair.com\/es\/wp-content\/uploads\/sites\/27\/2024\/01\/shutterstock_1134534065.png\" \/>\n\t<meta property=\"og:image:width\" content=\"1440\" \/>\n\t<meta property=\"og:image:height\" content=\"712\" \/>\n\t<meta property=\"og:image:type\" content=\"image\/png\" \/>\n<meta name=\"twitter:card\" content=\"summary_large_image\" \/>\n<meta name=\"twitter:label1\" content=\"Est. reading time\" \/>\n\t<meta name=\"twitter:data1\" content=\"2 minutes\" \/>\n<script type=\"application\/ld+json\" class=\"yoast-schema-graph\">{\"@context\":\"https:\\\/\\\/schema.org\",\"@graph\":[{\"@type\":\"WebPage\",\"@id\":\"https:\\\/\\\/www.fabricair.com\\\/es\\\/fabricair-pro-el-nuevo-add-in-para-revit\\\/\",\"url\":\"https:\\\/\\\/www.fabricair.com\\\/es\\\/fabricair-pro-el-nuevo-add-in-para-revit\\\/\",\"name\":\"FabricAir PRO, el nuevo add-in para Revit - Spain FabricAir\",\"isPartOf\":{\"@id\":\"https:\\\/\\\/www.fabricair.com\\\/es\\\/#website\"},\"primaryImageOfPage\":{\"@id\":\"https:\\\/\\\/www.fabricair.com\\\/es\\\/fabricair-pro-el-nuevo-add-in-para-revit\\\/#primaryimage\"},\"image\":{\"@id\":\"https:\\\/\\\/www.fabricair.com\\\/es\\\/fabricair-pro-el-nuevo-add-in-para-revit\\\/#primaryimage\"},\"thumbnailUrl\":\"https:\\\/\\\/www.fabricair.com\\\/es\\\/wp-content\\\/uploads\\\/sites\\\/27\\\/2024\\\/01\\\/shutterstock_1134534065.png\",\"datePublished\":\"2024-01-23T07:49:38+00:00\",\"dateModified\":\"2025-09-30T07:32:05+00:00\",\"description\":\"FabricAir Pro es un servicio add-in para Revit que ayuda a dise\u00f1ar sistemas textiles HVAC en el dise\u00f1o y construcci\u00f3n de edificios.\",\"breadcrumb\":{\"@id\":\"https:\\\/\\\/www.fabricair.com\\\/es\\\/fabricair-pro-el-nuevo-add-in-para-revit\\\/#breadcrumb\"},\"inLanguage\":\"en-US\",\"potentialAction\":[{\"@type\":\"ReadAction\",\"target\":[\"https:\\\/\\\/www.fabricair.com\\\/es\\\/fabricair-pro-el-nuevo-add-in-para-revit\\\/\"]}]},{\"@type\":\"ImageObject\",\"inLanguage\":\"en-US\",\"@id\":\"https:\\\/\\\/www.fabricair.com\\\/es\\\/fabricair-pro-el-nuevo-add-in-para-revit\\\/#primaryimage\",\"url\":\"https:\\\/\\\/www.fabricair.com\\\/es\\\/wp-content\\\/uploads\\\/sites\\\/27\\\/2024\\\/01\\\/shutterstock_1134534065.png\",\"contentUrl\":\"https:\\\/\\\/www.fabricair.com\\\/es\\\/wp-content\\\/uploads\\\/sites\\\/27\\\/2024\\\/01\\\/shutterstock_1134534065.png\",\"width\":1440,\"height\":712,\"caption\":\"servicios fabricair\"},{\"@type\":\"BreadcrumbList\",\"@id\":\"https:\\\/\\\/www.fabricair.com\\\/es\\\/fabricair-pro-el-nuevo-add-in-para-revit\\\/#breadcrumb\",\"itemListElement\":[{\"@type\":\"ListItem\",\"position\":1,\"name\":\"Home\",\"item\":\"https:\\\/\\\/www.fabricair.com\\\/es\\\/\"},{\"@type\":\"ListItem\",\"position\":2,\"name\":\"FabricAir PRO, el nuevo add-in para Revit\"}]},{\"@type\":\"WebSite\",\"@id\":\"https:\\\/\\\/www.fabricair.com\\\/es\\\/#website\",\"url\":\"https:\\\/\\\/www.fabricair.com\\\/es\\\/\",\"name\":\"Spain FabricAir\",\"description\":\"\",\"publisher\":{\"@id\":\"https:\\\/\\\/www.fabricair.com\\\/es\\\/#organization\"},\"potentialAction\":[{\"@type\":\"SearchAction\",\"target\":{\"@type\":\"EntryPoint\",\"urlTemplate\":\"https:\\\/\\\/www.fabricair.com\\\/es\\\/?s={search_term_string}\"},\"query-input\":{\"@type\":\"PropertyValueSpecification\",\"valueRequired\":true,\"valueName\":\"search_term_string\"}}],\"inLanguage\":\"en-US\"},{\"@type\":\"Organization\",\"@id\":\"https:\\\/\\\/www.fabricair.com\\\/es\\\/#organization\",\"name\":\"Spain FabricAir\",\"url\":\"https:\\\/\\\/www.fabricair.com\\\/es\\\/\",\"logo\":{\"@type\":\"ImageObject\",\"inLanguage\":\"en-US\",\"@id\":\"https:\\\/\\\/www.fabricair.com\\\/es\\\/#\\\/schema\\\/logo\\\/image\\\/\",\"url\":\"https:\\\/\\\/www.fabricair.com\\\/es\\\/wp-content\\\/uploads\\\/sites\\\/27\\\/2024\\\/03\\\/A01-FabricAir-logo-blue.png\",\"contentUrl\":\"https:\\\/\\\/www.fabricair.com\\\/es\\\/wp-content\\\/uploads\\\/sites\\\/27\\\/2024\\\/03\\\/A01-FabricAir-logo-blue.png\",\"width\":2087,\"height\":366,\"caption\":\"Spain FabricAir\"},\"image\":{\"@id\":\"https:\\\/\\\/www.fabricair.com\\\/es\\\/#\\\/schema\\\/logo\\\/image\\\/\"},\"sameAs\":[\"https:\\\/\\\/www.linkedin.com\\\/company\\\/fabricair-a-s\\\/?originalSubdomain=es\"]}]}<\/script>\n<!-- \/ Yoast SEO plugin. -->","yoast_head_json":{"title":"FabricAir PRO, el nuevo add-in para Revit | Spain FabricAir","description":"FabricAir Pro es un servicio add-in para Revit que ayuda a dise\u00f1ar sistemas textiles HVAC en el dise\u00f1o y construcci\u00f3n de edificios.","robots":{"index":"index","follow":"follow","max-snippet":"max-snippet:-1","max-image-preview":"max-image-preview:large","max-video-preview":"max-video-preview:-1"},"canonical":"https:\/\/www.fabricair.com\/es\/wp-json\/wp\/v2\/pages\/8188\/","og_locale":"en_US","og_type":"article","og_title":"FabricAir PRO, el nuevo add-in para Revit - Spain FabricAir","og_description":"FabricAir Pro es un servicio add-in para Revit que ayuda a dise\u00f1ar sistemas textiles HVAC en el dise\u00f1o y construcci\u00f3n de edificios.","og_url":"https:\/\/www.fabricair.com\/es\/fabricair-pro-el-nuevo-add-in-para-revit\/","og_site_name":"Spain FabricAir","article_modified_time":"2025-09-30T07:32:05+00:00","og_image":[{"width":1440,"height":712,"url":"https:\/\/www.fabricair.com\/es\/wp-content\/uploads\/sites\/27\/2024\/01\/shutterstock_1134534065.png","type":"image\/png"}],"twitter_card":"summary_large_image","twitter_misc":{"Est. reading time":"2 minutes"},"schema":{"@context":"https:\/\/schema.org","@graph":[{"@type":"WebPage","@id":"https:\/\/www.fabricair.com\/es\/fabricair-pro-el-nuevo-add-in-para-revit\/","url":"https:\/\/www.fabricair.com\/es\/fabricair-pro-el-nuevo-add-in-para-revit\/","name":"FabricAir PRO, el nuevo add-in para Revit - Spain FabricAir","isPartOf":{"@id":"https:\/\/www.fabricair.com\/es\/#website"},"primaryImageOfPage":{"@id":"https:\/\/www.fabricair.com\/es\/fabricair-pro-el-nuevo-add-in-para-revit\/#primaryimage"},"image":{"@id":"https:\/\/www.fabricair.com\/es\/fabricair-pro-el-nuevo-add-in-para-revit\/#primaryimage"},"thumbnailUrl":"https:\/\/www.fabricair.com\/es\/wp-content\/uploads\/sites\/27\/2024\/01\/shutterstock_1134534065.png","datePublished":"2024-01-23T07:49:38+00:00","dateModified":"2025-09-30T07:32:05+00:00","description":"FabricAir Pro es un servicio add-in para Revit que ayuda a dise\u00f1ar sistemas textiles HVAC en el dise\u00f1o y construcci\u00f3n de edificios.","breadcrumb":{"@id":"https:\/\/www.fabricair.com\/es\/fabricair-pro-el-nuevo-add-in-para-revit\/#breadcrumb"},"inLanguage":"en-US","potentialAction":[{"@type":"ReadAction","target":["https:\/\/www.fabricair.com\/es\/fabricair-pro-el-nuevo-add-in-para-revit\/"]}]},{"@type":"ImageObject","inLanguage":"en-US","@id":"https:\/\/www.fabricair.com\/es\/fabricair-pro-el-nuevo-add-in-para-revit\/#primaryimage","url":"https:\/\/www.fabricair.com\/es\/wp-content\/uploads\/sites\/27\/2024\/01\/shutterstock_1134534065.png","contentUrl":"https:\/\/www.fabricair.com\/es\/wp-content\/uploads\/sites\/27\/2024\/01\/shutterstock_1134534065.png","width":1440,"height":712,"caption":"servicios fabricair"},{"@type":"BreadcrumbList","@id":"https:\/\/www.fabricair.com\/es\/fabricair-pro-el-nuevo-add-in-para-revit\/#breadcrumb","itemListElement":[{"@type":"ListItem","position":1,"name":"Home","item":"https:\/\/www.fabricair.com\/es\/"},{"@type":"ListItem","position":2,"name":"FabricAir PRO, el nuevo add-in para Revit"}]},{"@type":"WebSite","@id":"https:\/\/www.fabricair.com\/es\/#website","url":"https:\/\/www.fabricair.com\/es\/","name":"Spain FabricAir","description":"","publisher":{"@id":"https:\/\/www.fabricair.com\/es\/#organization"},"potentialAction":[{"@type":"SearchAction","target":{"@type":"EntryPoint","urlTemplate":"https:\/\/www.fabricair.com\/es\/?s={search_term_string}"},"query-input":{"@type":"PropertyValueSpecification","valueRequired":true,"valueName":"search_term_string"}}],"inLanguage":"en-US"},{"@type":"Organization","@id":"https:\/\/www.fabricair.com\/es\/#organization","name":"Spain FabricAir","url":"https:\/\/www.fabricair.com\/es\/","logo":{"@type":"ImageObject","inLanguage":"en-US","@id":"https:\/\/www.fabricair.com\/es\/#\/schema\/logo\/image\/","url":"https:\/\/www.fabricair.com\/es\/wp-content\/uploads\/sites\/27\/2024\/03\/A01-FabricAir-logo-blue.png","contentUrl":"https:\/\/www.fabricair.com\/es\/wp-content\/uploads\/sites\/27\/2024\/03\/A01-FabricAir-logo-blue.png","width":2087,"height":366,"caption":"Spain FabricAir"},"image":{"@id":"https:\/\/www.fabricair.com\/es\/#\/schema\/logo\/image\/"},"sameAs":["https:\/\/www.linkedin.com\/company\/fabricair-a-s\/?originalSubdomain=es"]}]}},"_links":{"self":[{"href":"https:\/\/www.fabricair.com\/es\/wp-json\/wp\/v2\/pages\/8188","targetHints":{"allow":["GET"]}}],"collection":[{"href":"https:\/\/www.fabricair.com\/es\/wp-json\/wp\/v2\/pages"}],"about":[{"href":"https:\/\/www.fabricair.com\/es\/wp-json\/wp\/v2\/types\/page"}],"author":[{"embeddable":true,"href":"https:\/\/www.fabricair.com\/es\/wp-json\/wp\/v2\/users\/8"}],"replies":[{"embeddable":true,"href":"https:\/\/www.fabricair.com\/es\/wp-json\/wp\/v2\/comments?post=8188"}],"version-history":[{"count":17,"href":"https:\/\/www.fabricair.com\/es\/wp-json\/wp\/v2\/pages\/8188\/revisions"}],"predecessor-version":[{"id":9089,"href":"https:\/\/www.fabricair.com\/es\/wp-json\/wp\/v2\/pages\/8188\/revisions\/9089"}],"wp:featuredmedia":[{"embeddable":true,"href":"https:\/\/www.fabricair.com\/es\/wp-json\/wp\/v2\/media\/8189"}],"wp:attachment":[{"href":"https:\/\/www.fabricair.com\/es\/wp-json\/wp\/v2\/media?parent=8188"}],"curies":[{"name":"wp","href":"https:\/\/api.w.org\/{rel}","templated":true}]}}