{"id":8553,"date":"2024-09-17T08:47:44","date_gmt":"2024-09-17T08:47:44","guid":{"rendered":"https:\/\/www.fabricair.com\/es\/?page_id=8553"},"modified":"2024-09-18T04:49:10","modified_gmt":"2024-09-18T04:49:10","slug":"documento-tecnico-para-arquitectos","status":"publish","type":"page","link":"https:\/\/www.fabricair.com\/es\/documento-tecnico-para-arquitectos\/","title":{"rendered":"Documento t\u00e9cnico para arquitectos"},"content":{"rendered":"<h1>Documento t\u00e9cnico para arquitectos<\/h1>\n<p>Si te interesan nuestros conductos textiles para arquitectos, descarga &#8220;HVAC para Arquitectos: 5 pasos para potenciar tus proyectos con conductos textiles&#8221; y descubre una opci\u00f3n que, adem\u00e1s de ser atractiva, te permite ahorrar dinero en comparaci\u00f3n con los sistemas convencionales de conductos de metal.<\/p>\n<p>Dentro encontrar\u00e1s:<br \/>\n\u25cf \u00bfPor qu\u00e9 deber\u00edas elegir textil?<br \/>\n\u25cf C\u00f3mo incorporar conductos de textiles en tu dise\u00f1o<br \/>\n\u25cf 5 consideraciones clave<br \/>\n\u25cf Recursos adicionales<\/p>\n<p>Los conductos textiles ofrecen una soluci\u00f3n innovadora y eficiente para la climatizaci\u00f3n de edificios. Con nuestro eBook &#8220;HVAC para Arquitectos: 5 pasos para potenciar tus proyectos con conductos textiles&#8221;, queremos proporcionarte la informaci\u00f3n necesaria para aprovechar al m\u00e1ximo esta tecnolog\u00eda en tus proyectos de dise\u00f1o.<\/p>\n<p>En este recurso, no solo aprender\u00e1s sobre las ventajas de los conductos textiles, sino que tambi\u00e9n descubrir\u00e1s c\u00f3mo integrarlos de manera efectiva en tus dise\u00f1os arquitect\u00f3nicos. Desde consideraciones clave hasta recursos adicionales, te ofrecemos una gu\u00eda completa para sacar el m\u00e1ximo provecho de esta opci\u00f3n atractiva y rentable.<\/p>\n<p>Los conductos textiles no solo son una opci\u00f3n est\u00e9tica, sino que tambi\u00e9n ofrecen beneficios econ\u00f3micos significativos en comparaci\u00f3n con los sistemas convencionales de conductos de metal. Con nuestra gu\u00eda, podr\u00e1s entender mejor por qu\u00e9 deber\u00edas considerar esta alternativa y c\u00f3mo incorporarla de manera efectiva en tus proyectos arquitect\u00f3nicos.<\/p>\n<p>Descarga nuestro eBook ahora y descubre c\u00f3mo los conductos textiles pueden transformar tus dise\u00f1os arquitect\u00f3nicos, proporcionando un sistema de climatizaci\u00f3n eficiente y atractivo que se adapta perfectamente a tus necesidades y las de tus clientes.<\/p>\n","protected":false},"excerpt":{"rendered":"<p>Documento t\u00e9cnico para arquitectos Si te interesan nuestros conductos textiles para arquitectos, descarga &#8220;HVAC para Arquitectos: 5 pasos para potenciar tus proyectos con conductos textiles&#8221; y descubre una opci\u00f3n que, adem\u00e1s de ser atractiva, te permite ahorrar dinero en comparaci\u00f3n con los sistemas convencionales de conductos de metal. Dentro encontrar\u00e1s: \u25cf \u00bfPor qu\u00e9 deber\u00edas elegir [&hellip;]<\/p>\n","protected":false},"author":12,"featured_media":8165,"parent":0,"menu_order":0,"comment_status":"closed","ping_status":"closed","template":"","meta":{"_acf_changed":false,"inline_featured_image":false,"footnotes":""},"class_list":["post-8553","page","type-page","status-publish","has-post-thumbnail","hentry"],"acf":[],"yoast_head":"<!-- This site is optimized with the Yoast SEO plugin v27.5 - https:\/\/yoast.com\/product\/yoast-seo-wordpress\/ -->\n<title>Documento t\u00e9cnico para arquitectos | Spain FabricAir<\/title>\n<meta name=\"description\" content=\"Descubre el futuro del HVAC con nuestros sistemas textiles para la difusi\u00f3n de aire. Aprende m\u00e1s en fabricair.com\/es\/arquitectos.\" \/>\n<meta name=\"robots\" content=\"index, follow, max-snippet:-1, max-image-preview:large, max-video-preview:-1\" \/>\n<link rel=\"canonical\" href=\"https:\/\/www.fabricair.com\/es\/wp-json\/wp\/v2\/pages\/8553\/\" \/>\n<meta property=\"og:locale\" content=\"en_US\" \/>\n<meta property=\"og:type\" content=\"article\" \/>\n<meta property=\"og:title\" content=\"Documento t\u00e9cnico para arquitectos - Spain FabricAir\" \/>\n<meta property=\"og:description\" content=\"Descubre el futuro del HVAC con nuestros sistemas textiles para la difusi\u00f3n de aire. Aprende m\u00e1s en fabricair.com\/es\/arquitectos.\" \/>\n<meta property=\"og:url\" content=\"https:\/\/www.fabricair.com\/es\/documento-tecnico-para-arquitectos\/\" \/>\n<meta property=\"og:site_name\" content=\"Spain FabricAir\" \/>\n<meta property=\"article:publisher\" content=\"https:\/\/www.facebook.com\/FabricAir\" \/>\n<meta property=\"article:modified_time\" content=\"2024-09-18T04:49:10+00:00\" \/>\n<meta property=\"og:image\" content=\"https:\/\/www.fabricair.com\/es\/wp-content\/uploads\/sites\/27\/2024\/01\/FabricAir-10-lrg-jpg.webp\" \/>\n\t<meta property=\"og:image:width\" content=\"1\" \/>\n\t<meta property=\"og:image:height\" content=\"1\" \/>\n\t<meta property=\"og:image:type\" content=\"image\/webp\" \/>\n<meta name=\"twitter:card\" content=\"summary_large_image\" \/>\n<meta name=\"twitter:site\" content=\"@FabricAir\" \/>\n<meta name=\"twitter:label1\" content=\"Est. reading time\" \/>\n\t<meta name=\"twitter:data1\" content=\"2 minutes\" \/>\n<script type=\"application\/ld+json\" class=\"yoast-schema-graph\">{\"@context\":\"https:\\\/\\\/schema.org\",\"@graph\":[{\"@type\":\"WebPage\",\"@id\":\"https:\\\/\\\/www.fabricair.com\\\/es\\\/documento-tecnico-para-arquitectos\\\/\",\"url\":\"https:\\\/\\\/www.fabricair.com\\\/es\\\/documento-tecnico-para-arquitectos\\\/\",\"name\":\"Documento t\u00e9cnico para arquitectos - Spain FabricAir\",\"isPartOf\":{\"@id\":\"https:\\\/\\\/www.fabricair.com\\\/es\\\/#website\"},\"primaryImageOfPage\":{\"@id\":\"https:\\\/\\\/www.fabricair.com\\\/es\\\/documento-tecnico-para-arquitectos\\\/#primaryimage\"},\"image\":{\"@id\":\"https:\\\/\\\/www.fabricair.com\\\/es\\\/documento-tecnico-para-arquitectos\\\/#primaryimage\"},\"thumbnailUrl\":\"https:\\\/\\\/www.fabricair.com\\\/es\\\/wp-content\\\/uploads\\\/sites\\\/27\\\/2024\\\/01\\\/FabricAir-10-lrg-jpg.webp\",\"datePublished\":\"2024-09-17T08:47:44+00:00\",\"dateModified\":\"2024-09-18T04:49:10+00:00\",\"description\":\"Descubre el futuro del HVAC con nuestros sistemas textiles para la difusi\u00f3n de aire. Aprende m\u00e1s en fabricair.com\\\/es\\\/arquitectos.\",\"breadcrumb\":{\"@id\":\"https:\\\/\\\/www.fabricair.com\\\/es\\\/documento-tecnico-para-arquitectos\\\/#breadcrumb\"},\"inLanguage\":\"es\",\"potentialAction\":[{\"@type\":\"ReadAction\",\"target\":[\"https:\\\/\\\/www.fabricair.com\\\/es\\\/documento-tecnico-para-arquitectos\\\/\"]}]},{\"@type\":\"ImageObject\",\"inLanguage\":\"es\",\"@id\":\"https:\\\/\\\/www.fabricair.com\\\/es\\\/documento-tecnico-para-arquitectos\\\/#primaryimage\",\"url\":\"https:\\\/\\\/www.fabricair.com\\\/es\\\/wp-content\\\/uploads\\\/sites\\\/27\\\/2024\\\/01\\\/FabricAir-10-lrg-jpg.webp\",\"contentUrl\":\"https:\\\/\\\/www.fabricair.com\\\/es\\\/wp-content\\\/uploads\\\/sites\\\/27\\\/2024\\\/01\\\/FabricAir-10-lrg-jpg.webp\",\"caption\":\"hvac dise\u00f1ado para arquitectos, conductos para arquitectos\"},{\"@type\":\"BreadcrumbList\",\"@id\":\"https:\\\/\\\/www.fabricair.com\\\/es\\\/documento-tecnico-para-arquitectos\\\/#breadcrumb\",\"itemListElement\":[{\"@type\":\"ListItem\",\"position\":1,\"name\":\"Home\",\"item\":\"https:\\\/\\\/www.fabricair.com\\\/es\\\/\"},{\"@type\":\"ListItem\",\"position\":2,\"name\":\"Documento t\u00e9cnico para arquitectos\"}]}]}<\/script>\n<!-- \/ Yoast SEO plugin. -->","yoast_head_json":{"title":"Documento t\u00e9cnico para arquitectos | Spain FabricAir","description":"Descubre el futuro del HVAC con nuestros sistemas textiles para la difusi\u00f3n de aire. Aprende m\u00e1s en fabricair.com\/es\/arquitectos.","robots":{"index":"index","follow":"follow","max-snippet":"max-snippet:-1","max-image-preview":"max-image-preview:large","max-video-preview":"max-video-preview:-1"},"canonical":"https:\/\/www.fabricair.com\/es\/wp-json\/wp\/v2\/pages\/8553\/","og_locale":"en_US","og_type":"article","og_title":"Documento t\u00e9cnico para arquitectos - Spain FabricAir","og_description":"Descubre el futuro del HVAC con nuestros sistemas textiles para la difusi\u00f3n de aire. Aprende m\u00e1s en fabricair.com\/es\/arquitectos.","og_url":"https:\/\/www.fabricair.com\/es\/documento-tecnico-para-arquitectos\/","og_site_name":"Spain FabricAir","article_publisher":"https:\/\/www.facebook.com\/FabricAir","article_modified_time":"2024-09-18T04:49:10+00:00","og_image":[{"url":"https:\/\/www.fabricair.com\/es\/wp-content\/uploads\/sites\/27\/2024\/01\/FabricAir-10-lrg-jpg.webp","width":1,"height":1,"type":"image\/webp"}],"twitter_card":"summary_large_image","twitter_site":"@FabricAir","twitter_misc":{"Est. reading time":"2 minutes"},"schema":{"@context":"https:\/\/schema.org","@graph":[{"@type":"WebPage","@id":"https:\/\/www.fabricair.com\/es\/documento-tecnico-para-arquitectos\/","url":"https:\/\/www.fabricair.com\/es\/documento-tecnico-para-arquitectos\/","name":"Documento t\u00e9cnico para arquitectos - Spain FabricAir","isPartOf":{"@id":"https:\/\/www.fabricair.com\/es\/#website"},"primaryImageOfPage":{"@id":"https:\/\/www.fabricair.com\/es\/documento-tecnico-para-arquitectos\/#primaryimage"},"image":{"@id":"https:\/\/www.fabricair.com\/es\/documento-tecnico-para-arquitectos\/#primaryimage"},"thumbnailUrl":"https:\/\/www.fabricair.com\/es\/wp-content\/uploads\/sites\/27\/2024\/01\/FabricAir-10-lrg-jpg.webp","datePublished":"2024-09-17T08:47:44+00:00","dateModified":"2024-09-18T04:49:10+00:00","description":"Descubre el futuro del HVAC con nuestros sistemas textiles para la difusi\u00f3n de aire. Aprende m\u00e1s en fabricair.com\/es\/arquitectos.","breadcrumb":{"@id":"https:\/\/www.fabricair.com\/es\/documento-tecnico-para-arquitectos\/#breadcrumb"},"inLanguage":"es","potentialAction":[{"@type":"ReadAction","target":["https:\/\/www.fabricair.com\/es\/documento-tecnico-para-arquitectos\/"]}]},{"@type":"ImageObject","inLanguage":"es","@id":"https:\/\/www.fabricair.com\/es\/documento-tecnico-para-arquitectos\/#primaryimage","url":"https:\/\/www.fabricair.com\/es\/wp-content\/uploads\/sites\/27\/2024\/01\/FabricAir-10-lrg-jpg.webp","contentUrl":"https:\/\/www.fabricair.com\/es\/wp-content\/uploads\/sites\/27\/2024\/01\/FabricAir-10-lrg-jpg.webp","caption":"hvac dise\u00f1ado para arquitectos, conductos para arquitectos"},{"@type":"BreadcrumbList","@id":"https:\/\/www.fabricair.com\/es\/documento-tecnico-para-arquitectos\/#breadcrumb","itemListElement":[{"@type":"ListItem","position":1,"name":"Home","item":"https:\/\/www.fabricair.com\/es\/"},{"@type":"ListItem","position":2,"name":"Documento t\u00e9cnico para arquitectos"}]}]}},"_links":{"self":[{"href":"https:\/\/www.fabricair.com\/es\/wp-json\/wp\/v2\/pages\/8553","targetHints":{"allow":["GET"]}}],"collection":[{"href":"https:\/\/www.fabricair.com\/es\/wp-json\/wp\/v2\/pages"}],"about":[{"href":"https:\/\/www.fabricair.com\/es\/wp-json\/wp\/v2\/types\/page"}],"author":[{"embeddable":true,"href":"https:\/\/www.fabricair.com\/es\/wp-json\/wp\/v2\/users\/12"}],"replies":[{"embeddable":true,"href":"https:\/\/www.fabricair.com\/es\/wp-json\/wp\/v2\/comments?post=8553"}],"version-history":[{"count":11,"href":"https:\/\/www.fabricair.com\/es\/wp-json\/wp\/v2\/pages\/8553\/revisions"}],"predecessor-version":[{"id":8576,"href":"https:\/\/www.fabricair.com\/es\/wp-json\/wp\/v2\/pages\/8553\/revisions\/8576"}],"wp:featuredmedia":[{"embeddable":true,"href":"https:\/\/www.fabricair.com\/es\/wp-json\/wp\/v2\/media\/8165"}],"wp:attachment":[{"href":"https:\/\/www.fabricair.com\/es\/wp-json\/wp\/v2\/media?parent=8553"}],"curies":[{"name":"wp","href":"https:\/\/api.w.org\/{rel}","templated":true}]}}