{"id":8588,"date":"2024-10-04T08:32:15","date_gmt":"2024-10-04T08:32:15","guid":{"rendered":"https:\/\/www.fabricair.com\/es\/?page_id=8588"},"modified":"2025-07-25T08:33:03","modified_gmt":"2025-07-25T08:33:03","slug":"servicio-de-lavanderia","status":"publish","type":"page","link":"https:\/\/www.fabricair.com\/es\/servicio-de-lavanderia\/","title":{"rendered":"Servicio de Lavander\u00eda"},"content":{"rendered":"<h1>Servicio de lavander\u00eda<\/h1>\n<h2><\/h2>\n<h2>Aire interior de calidad a trav\u00e9s del cuidado de tus conductos<\/h2>\n<p>La calidad del aire que respiramos, especialmente en espacios cerrados, tiene un impacto directo en nuestra salud, bienestar y rendimiento. Un mal mantenimiento de los conductos por los que pasa ese aire puede provocar acumulaciones de polvo, suciedad o part\u00edculas contaminantes. Si no se realiza una limpieza adecuada y regular de los conductos, o no se cuenta con un buen servicio de lavander\u00eda, los contaminantes se esparcen cada vez que se enciende el sistema, comprometiendo la calidad del aire.<\/p>\n<p>Nuestros conductos textiles, a diferencia de los convencionales met\u00e1licos, son f\u00e1ciles y r\u00e1pidos de montar y desmontar. Adem\u00e1s, pueden lavarse a m\u00e1quina. En FabricAir ofrecemos un servicio de lavander\u00eda certificado que garantiza la \u00f3ptima limpieza de los conductos sin alterar las propiedades del textil, prolongando la vida \u00fatil del sistema.<\/p>\n<p>&nbsp;<\/p>\n<h2>\u00a1Aprovecha nuestro servicio de lavander\u00eda!<\/h2>\n<div class=\"flex-shrink-0 flex flex-col relative items-end\">\n<div>\n<div class=\"pt-0\">\n<div class=\"gizmo-bot-avatar flex h-8 w-8 items-center justify-center overflow-hidden rounded-full\">\n<p>Ponte en contacto con nosotros para solicitar la limpieza de tus conductos textiles FabricAir. Simplemente env\u00eda los tramos que desees limpiar a nuestras instalaciones y nos encargaremos de lavarlos con un proceso certificado que garantiza una limpieza profunda sin afectar sus propiedades. Te los devolveremos listos para reinstalar en menos de una semana desde su recepci\u00f3n.<\/p>\n<p>Nuestro servicio de lavander\u00eda hace que el mantenimiento de tus conductos textiles sea a\u00fan m\u00e1s f\u00e1cil y sencillo. Mientras que los conductos met\u00e1licos son dif\u00edciles de desmontar y limpiar debido a su tama\u00f1o, geometr\u00eda y recovecos, los conductos textiles permiten un mantenimiento sin necesidad de equipo o personal especializado, lo que reduce el tiempo de inactividad y asegura un lavado \u00f3ptimo.<\/p>\n<p>&nbsp;<\/p>\n<\/div>\n<h3>Limpieza de conductos mediante un proceso de lavado certificado<\/h3>\n<p>Ofrecemos un servicio que garantiza la \u00f3ptima limpieza de los conductos sin alterar las propiedades del textil mediante productos testados, prolongando la vida \u00fatil del sistema<\/p>\n<h3>Mejora de la calidad de aire<\/h3>\n<p>Mantener los conductos limpios asegura un flujo de aire fresco y libre de contaminantes, cuidando la salud de las personas<\/p>\n<h3>Cumplimiento higi\u00e9nico<\/h3>\n<p>Nuestro servicio de lavander\u00eda asegura las condiciones higi\u00e9nicas requeridas en entornos con altos est\u00e1ndares de limpieza<\/p>\n<h3>Eficiencia del sistema<\/h3>\n<p>Los conductos limpios permiten un flujo de aire sin obstrucciones, facilitando la circulaci\u00f3n del aire por todo el espacio y mejorando el consumo energ\u00e9tico<\/p>\n<h3>Facilidad de montaje y desmontaje<\/h3>\n<p>Los conductos textiles pueden retirarse y volver a instalar f\u00e1cilmente en cuesti\u00f3n de minutos, sin necesidad de equipo especial y reduciendo al m\u00e1ximo el tiempo de inactividad<\/p>\n<h3>Ligereza y tama\u00f1o compacto<\/h3>\n<p>El peso ligero y material flexible de los condcutos textiles facilitan su manipulaci\u00f3n durante su mantenimiento, env\u00edo y lavado a m\u00e1quina<\/p>\n<\/div>\n<\/div>\n<\/div>\n","protected":false},"excerpt":{"rendered":"<p>Servicio de lavander\u00eda Aire interior de calidad a trav\u00e9s del cuidado de tus conductos La calidad del aire que respiramos, especialmente en espacios cerrados, tiene un impacto directo en nuestra salud, bienestar y rendimiento. Un mal mantenimiento de los conductos por los que pasa ese aire puede provocar acumulaciones de polvo, suciedad o part\u00edculas contaminantes. [&hellip;]<\/p>\n","protected":false},"author":12,"featured_media":7985,"parent":0,"menu_order":0,"comment_status":"closed","ping_status":"closed","template":"","meta":{"_acf_changed":false,"inline_featured_image":false,"footnotes":""},"class_list":["post-8588","page","type-page","status-publish","has-post-thumbnail","hentry"],"acf":[],"yoast_head":"<!-- This site is optimized with the Yoast SEO plugin v27.3 - https:\/\/yoast.com\/product\/yoast-seo-wordpress\/ -->\n<title>Servicio de Lavander\u00eda | Spain FabricAir<\/title>\n<meta name=\"description\" content=\"El servicio de lavander\u00eda FabricAir garantiza limpieza profesional, mantenimiento higi\u00e9nico y prolongaci\u00f3n de la vida \u00fatil de tus conductos textiles.\" \/>\n<meta name=\"robots\" content=\"index, follow, max-snippet:-1, max-image-preview:large, max-video-preview:-1\" \/>\n<link rel=\"canonical\" href=\"https:\/\/www.fabricair.com\/es\/wp-json\/wp\/v2\/pages\/8588\/\" \/>\n<meta property=\"og:locale\" content=\"en_US\" \/>\n<meta property=\"og:type\" content=\"article\" \/>\n<meta property=\"og:title\" content=\"Servicio de Lavander\u00eda | Conductos Textiles FabricAir\" \/>\n<meta property=\"og:description\" content=\"El servicio de lavander\u00eda FabricAir garantiza limpieza profesional, mantenimiento higi\u00e9nico y prolongaci\u00f3n de la vida \u00fatil de tus conductos textiles.\" \/>\n<meta property=\"og:url\" content=\"https:\/\/www.fabricair.com\/es\/servicio-de-lavanderia\/\" \/>\n<meta property=\"og:site_name\" content=\"Spain FabricAir\" \/>\n<meta property=\"article:modified_time\" content=\"2025-07-25T08:33:03+00:00\" \/>\n<meta property=\"og:image\" content=\"https:\/\/www.fabricair.com\/es\/wp-content\/uploads\/sites\/27\/2023\/10\/DSC8202-jpg.webp\" \/>\n\t<meta property=\"og:image:width\" content=\"1920\" \/>\n\t<meta property=\"og:image:height\" content=\"1080\" \/>\n\t<meta property=\"og:image:type\" content=\"image\/jpeg\" \/>\n<meta name=\"twitter:card\" content=\"summary_large_image\" \/>\n<meta name=\"twitter:label1\" content=\"Est. reading time\" \/>\n\t<meta name=\"twitter:data1\" content=\"3 minutes\" \/>\n<script type=\"application\/ld+json\" class=\"yoast-schema-graph\">{\"@context\":\"https:\\\/\\\/schema.org\",\"@graph\":[{\"@type\":\"WebPage\",\"@id\":\"https:\\\/\\\/www.fabricair.com\\\/es\\\/servicio-de-lavanderia\\\/\",\"url\":\"https:\\\/\\\/www.fabricair.com\\\/es\\\/servicio-de-lavanderia\\\/\",\"name\":\"Servicio de Lavander\u00eda | Conductos Textiles FabricAir\",\"isPartOf\":{\"@id\":\"https:\\\/\\\/www.fabricair.com\\\/es\\\/#website\"},\"primaryImageOfPage\":{\"@id\":\"https:\\\/\\\/www.fabricair.com\\\/es\\\/servicio-de-lavanderia\\\/#primaryimage\"},\"image\":{\"@id\":\"https:\\\/\\\/www.fabricair.com\\\/es\\\/servicio-de-lavanderia\\\/#primaryimage\"},\"thumbnailUrl\":\"https:\\\/\\\/www.fabricair.com\\\/es\\\/wp-content\\\/uploads\\\/sites\\\/27\\\/2023\\\/10\\\/DSC8202-jpg.webp\",\"datePublished\":\"2024-10-04T08:32:15+00:00\",\"dateModified\":\"2025-07-25T08:33:03+00:00\",\"description\":\"El servicio de lavander\u00eda FabricAir garantiza limpieza profesional, mantenimiento higi\u00e9nico y prolongaci\u00f3n de la vida \u00fatil de tus conductos textiles.\",\"breadcrumb\":{\"@id\":\"https:\\\/\\\/www.fabricair.com\\\/es\\\/servicio-de-lavanderia\\\/#breadcrumb\"},\"inLanguage\":\"en-US\",\"potentialAction\":[{\"@type\":\"ReadAction\",\"target\":[\"https:\\\/\\\/www.fabricair.com\\\/es\\\/servicio-de-lavanderia\\\/\"]}]},{\"@type\":\"ImageObject\",\"inLanguage\":\"en-US\",\"@id\":\"https:\\\/\\\/www.fabricair.com\\\/es\\\/servicio-de-lavanderia\\\/#primaryimage\",\"url\":\"https:\\\/\\\/www.fabricair.com\\\/es\\\/wp-content\\\/uploads\\\/sites\\\/27\\\/2023\\\/10\\\/DSC8202-jpg.webp\",\"contentUrl\":\"https:\\\/\\\/www.fabricair.com\\\/es\\\/wp-content\\\/uploads\\\/sites\\\/27\\\/2023\\\/10\\\/DSC8202-jpg.webp\",\"width\":1920,\"height\":1080,\"caption\":\"El servicio de lavander\u00eda FabricAir est\u00e1 dise\u00f1ado para mantener tus conductos textiles limpios, eficientes y en \u00f3ptimas condiciones higi\u00e9nicas.\"},{\"@type\":\"BreadcrumbList\",\"@id\":\"https:\\\/\\\/www.fabricair.com\\\/es\\\/servicio-de-lavanderia\\\/#breadcrumb\",\"itemListElement\":[{\"@type\":\"ListItem\",\"position\":1,\"name\":\"Home\",\"item\":\"https:\\\/\\\/www.fabricair.com\\\/es\\\/\"},{\"@type\":\"ListItem\",\"position\":2,\"name\":\"Servicio de Lavander\u00eda\"}]},{\"@type\":\"WebSite\",\"@id\":\"https:\\\/\\\/www.fabricair.com\\\/es\\\/#website\",\"url\":\"https:\\\/\\\/www.fabricair.com\\\/es\\\/\",\"name\":\"Spain FabricAir\",\"description\":\"\",\"publisher\":{\"@id\":\"https:\\\/\\\/www.fabricair.com\\\/es\\\/#organization\"},\"potentialAction\":[{\"@type\":\"SearchAction\",\"target\":{\"@type\":\"EntryPoint\",\"urlTemplate\":\"https:\\\/\\\/www.fabricair.com\\\/es\\\/?s={search_term_string}\"},\"query-input\":{\"@type\":\"PropertyValueSpecification\",\"valueRequired\":true,\"valueName\":\"search_term_string\"}}],\"inLanguage\":\"en-US\"},{\"@type\":\"Organization\",\"@id\":\"https:\\\/\\\/www.fabricair.com\\\/es\\\/#organization\",\"name\":\"Spain FabricAir\",\"url\":\"https:\\\/\\\/www.fabricair.com\\\/es\\\/\",\"logo\":{\"@type\":\"ImageObject\",\"inLanguage\":\"en-US\",\"@id\":\"https:\\\/\\\/www.fabricair.com\\\/es\\\/#\\\/schema\\\/logo\\\/image\\\/\",\"url\":\"https:\\\/\\\/www.fabricair.com\\\/es\\\/wp-content\\\/uploads\\\/sites\\\/27\\\/2024\\\/03\\\/A01-FabricAir-logo-blue.png\",\"contentUrl\":\"https:\\\/\\\/www.fabricair.com\\\/es\\\/wp-content\\\/uploads\\\/sites\\\/27\\\/2024\\\/03\\\/A01-FabricAir-logo-blue.png\",\"width\":2087,\"height\":366,\"caption\":\"Spain FabricAir\"},\"image\":{\"@id\":\"https:\\\/\\\/www.fabricair.com\\\/es\\\/#\\\/schema\\\/logo\\\/image\\\/\"},\"sameAs\":[\"https:\\\/\\\/www.linkedin.com\\\/company\\\/fabricair-a-s\\\/?originalSubdomain=es\"]}]}<\/script>\n<!-- \/ Yoast SEO plugin. -->","yoast_head_json":{"title":"Servicio de Lavander\u00eda | Spain FabricAir","description":"El servicio de lavander\u00eda FabricAir garantiza limpieza profesional, mantenimiento higi\u00e9nico y prolongaci\u00f3n de la vida \u00fatil de tus conductos textiles.","robots":{"index":"index","follow":"follow","max-snippet":"max-snippet:-1","max-image-preview":"max-image-preview:large","max-video-preview":"max-video-preview:-1"},"canonical":"https:\/\/www.fabricair.com\/es\/wp-json\/wp\/v2\/pages\/8588\/","og_locale":"en_US","og_type":"article","og_title":"Servicio de Lavander\u00eda | Conductos Textiles FabricAir","og_description":"El servicio de lavander\u00eda FabricAir garantiza limpieza profesional, mantenimiento higi\u00e9nico y prolongaci\u00f3n de la vida \u00fatil de tus conductos textiles.","og_url":"https:\/\/www.fabricair.com\/es\/servicio-de-lavanderia\/","og_site_name":"Spain FabricAir","article_modified_time":"2025-07-25T08:33:03+00:00","og_image":[{"width":1920,"height":1080,"url":"https:\/\/www.fabricair.com\/es\/wp-content\/uploads\/sites\/27\/2023\/10\/DSC8202-jpg.webp","type":"image\/jpeg"}],"twitter_card":"summary_large_image","twitter_misc":{"Est. reading time":"3 minutes"},"schema":{"@context":"https:\/\/schema.org","@graph":[{"@type":"WebPage","@id":"https:\/\/www.fabricair.com\/es\/servicio-de-lavanderia\/","url":"https:\/\/www.fabricair.com\/es\/servicio-de-lavanderia\/","name":"Servicio de Lavander\u00eda | Conductos Textiles FabricAir","isPartOf":{"@id":"https:\/\/www.fabricair.com\/es\/#website"},"primaryImageOfPage":{"@id":"https:\/\/www.fabricair.com\/es\/servicio-de-lavanderia\/#primaryimage"},"image":{"@id":"https:\/\/www.fabricair.com\/es\/servicio-de-lavanderia\/#primaryimage"},"thumbnailUrl":"https:\/\/www.fabricair.com\/es\/wp-content\/uploads\/sites\/27\/2023\/10\/DSC8202-jpg.webp","datePublished":"2024-10-04T08:32:15+00:00","dateModified":"2025-07-25T08:33:03+00:00","description":"El servicio de lavander\u00eda FabricAir garantiza limpieza profesional, mantenimiento higi\u00e9nico y prolongaci\u00f3n de la vida \u00fatil de tus conductos textiles.","breadcrumb":{"@id":"https:\/\/www.fabricair.com\/es\/servicio-de-lavanderia\/#breadcrumb"},"inLanguage":"en-US","potentialAction":[{"@type":"ReadAction","target":["https:\/\/www.fabricair.com\/es\/servicio-de-lavanderia\/"]}]},{"@type":"ImageObject","inLanguage":"en-US","@id":"https:\/\/www.fabricair.com\/es\/servicio-de-lavanderia\/#primaryimage","url":"https:\/\/www.fabricair.com\/es\/wp-content\/uploads\/sites\/27\/2023\/10\/DSC8202-jpg.webp","contentUrl":"https:\/\/www.fabricair.com\/es\/wp-content\/uploads\/sites\/27\/2023\/10\/DSC8202-jpg.webp","width":1920,"height":1080,"caption":"El servicio de lavander\u00eda FabricAir est\u00e1 dise\u00f1ado para mantener tus conductos textiles limpios, eficientes y en \u00f3ptimas condiciones higi\u00e9nicas."},{"@type":"BreadcrumbList","@id":"https:\/\/www.fabricair.com\/es\/servicio-de-lavanderia\/#breadcrumb","itemListElement":[{"@type":"ListItem","position":1,"name":"Home","item":"https:\/\/www.fabricair.com\/es\/"},{"@type":"ListItem","position":2,"name":"Servicio de Lavander\u00eda"}]},{"@type":"WebSite","@id":"https:\/\/www.fabricair.com\/es\/#website","url":"https:\/\/www.fabricair.com\/es\/","name":"Spain FabricAir","description":"","publisher":{"@id":"https:\/\/www.fabricair.com\/es\/#organization"},"potentialAction":[{"@type":"SearchAction","target":{"@type":"EntryPoint","urlTemplate":"https:\/\/www.fabricair.com\/es\/?s={search_term_string}"},"query-input":{"@type":"PropertyValueSpecification","valueRequired":true,"valueName":"search_term_string"}}],"inLanguage":"en-US"},{"@type":"Organization","@id":"https:\/\/www.fabricair.com\/es\/#organization","name":"Spain FabricAir","url":"https:\/\/www.fabricair.com\/es\/","logo":{"@type":"ImageObject","inLanguage":"en-US","@id":"https:\/\/www.fabricair.com\/es\/#\/schema\/logo\/image\/","url":"https:\/\/www.fabricair.com\/es\/wp-content\/uploads\/sites\/27\/2024\/03\/A01-FabricAir-logo-blue.png","contentUrl":"https:\/\/www.fabricair.com\/es\/wp-content\/uploads\/sites\/27\/2024\/03\/A01-FabricAir-logo-blue.png","width":2087,"height":366,"caption":"Spain FabricAir"},"image":{"@id":"https:\/\/www.fabricair.com\/es\/#\/schema\/logo\/image\/"},"sameAs":["https:\/\/www.linkedin.com\/company\/fabricair-a-s\/?originalSubdomain=es"]}]}},"_links":{"self":[{"href":"https:\/\/www.fabricair.com\/es\/wp-json\/wp\/v2\/pages\/8588","targetHints":{"allow":["GET"]}}],"collection":[{"href":"https:\/\/www.fabricair.com\/es\/wp-json\/wp\/v2\/pages"}],"about":[{"href":"https:\/\/www.fabricair.com\/es\/wp-json\/wp\/v2\/types\/page"}],"author":[{"embeddable":true,"href":"https:\/\/www.fabricair.com\/es\/wp-json\/wp\/v2\/users\/12"}],"replies":[{"embeddable":true,"href":"https:\/\/www.fabricair.com\/es\/wp-json\/wp\/v2\/comments?post=8588"}],"version-history":[{"count":38,"href":"https:\/\/www.fabricair.com\/es\/wp-json\/wp\/v2\/pages\/8588\/revisions"}],"predecessor-version":[{"id":8920,"href":"https:\/\/www.fabricair.com\/es\/wp-json\/wp\/v2\/pages\/8588\/revisions\/8920"}],"wp:featuredmedia":[{"embeddable":true,"href":"https:\/\/www.fabricair.com\/es\/wp-json\/wp\/v2\/media\/7985"}],"wp:attachment":[{"href":"https:\/\/www.fabricair.com\/es\/wp-json\/wp\/v2\/media?parent=8588"}],"curies":[{"name":"wp","href":"https:\/\/api.w.org\/{rel}","templated":true}]}}