{"id":8635,"date":"2024-10-25T21:50:26","date_gmt":"2024-10-25T21:50:26","guid":{"rendered":"https:\/\/www.fabricair.com\/es\/?page_id=8635"},"modified":"2026-01-21T08:17:05","modified_gmt":"2026-01-21T08:17:05","slug":"expo-acaire-2024-colombia","status":"publish","type":"page","link":"https:\/\/www.fabricair.com\/es\/galeria\/eventos-galeria\/expo-acaire-2024-colombia\/","title":{"rendered":"Expo Acaire 2024 en Colombia"},"content":{"rendered":"","protected":false},"excerpt":{"rendered":"","protected":false},"author":28,"featured_media":8636,"parent":2916,"menu_order":0,"comment_status":"closed","ping_status":"closed","template":"page-gallery.php","meta":{"_acf_changed":false,"inline_featured_image":false,"footnotes":""},"class_list":["post-8635","page","type-page","status-publish","has-post-thumbnail","hentry"],"acf":[],"yoast_head":"<!-- This site is optimized with the Yoast SEO plugin v27.3 - https:\/\/yoast.com\/product\/yoast-seo-wordpress\/ -->\n<title>Expo Acaire 2024 en Colombia | Spain FabricAir<\/title>\n<meta name=\"description\" content=\"Descubre las im\u00e1genes de la Expo Acaire 2024 en Colombia, donde nuestro equipo mostr\u00f3 nuestras soluciones innovadoras de climatizaci\u00f3n y distribuci\u00f3n de aire.\" \/>\n<meta name=\"robots\" content=\"noindex, follow\" \/>\n<meta property=\"og:locale\" content=\"en_US\" \/>\n<meta property=\"og:type\" content=\"article\" \/>\n<meta property=\"og:title\" content=\"Expo Acaire 2024 en Colombia - Spain FabricAir\" \/>\n<meta property=\"og:description\" content=\"Descubre las im\u00e1genes de la Expo Acaire 2024 en Colombia, donde nuestro equipo mostr\u00f3 nuestras soluciones innovadoras de climatizaci\u00f3n y distribuci\u00f3n de aire.\" \/>\n<meta property=\"og:url\" content=\"https:\/\/www.fabricair.com\/es\/galeria\/eventos-galeria\/expo-acaire-2024-colombia\/\" \/>\n<meta property=\"og:site_name\" content=\"Spain FabricAir\" \/>\n<meta property=\"article:modified_time\" content=\"2026-01-21T08:17:05+00:00\" \/>\n<meta property=\"og:image\" content=\"https:\/\/www.fabricair.com\/es\/wp-content\/uploads\/sites\/27\/2024\/10\/Expo-Acaire-2024-Colombia-4.jpeg\" \/>\n\t<meta property=\"og:image:width\" content=\"1600\" \/>\n\t<meta property=\"og:image:height\" content=\"1200\" \/>\n\t<meta property=\"og:image:type\" content=\"image\/jpeg\" \/>\n<meta name=\"twitter:card\" content=\"summary_large_image\" \/>\n<meta name=\"twitter:label1\" content=\"Est. reading time\" \/>\n\t<meta name=\"twitter:data1\" content=\"1 minute\" \/>\n<script type=\"application\/ld+json\" class=\"yoast-schema-graph\">{\"@context\":\"https:\\\/\\\/schema.org\",\"@graph\":[{\"@type\":\"WebPage\",\"@id\":\"https:\\\/\\\/www.fabricair.com\\\/es\\\/galeria\\\/eventos-galeria\\\/expo-acaire-2024-colombia\\\/\",\"url\":\"https:\\\/\\\/www.fabricair.com\\\/es\\\/galeria\\\/eventos-galeria\\\/expo-acaire-2024-colombia\\\/\",\"name\":\"Expo Acaire 2024 en Colombia - Spain FabricAir\",\"isPartOf\":{\"@id\":\"https:\\\/\\\/www.fabricair.com\\\/es\\\/#website\"},\"primaryImageOfPage\":{\"@id\":\"https:\\\/\\\/www.fabricair.com\\\/es\\\/galeria\\\/eventos-galeria\\\/expo-acaire-2024-colombia\\\/#primaryimage\"},\"image\":{\"@id\":\"https:\\\/\\\/www.fabricair.com\\\/es\\\/galeria\\\/eventos-galeria\\\/expo-acaire-2024-colombia\\\/#primaryimage\"},\"thumbnailUrl\":\"https:\\\/\\\/www.fabricair.com\\\/es\\\/wp-content\\\/uploads\\\/sites\\\/27\\\/2024\\\/10\\\/Expo-Acaire-2024-Colombia-4.jpeg\",\"datePublished\":\"2024-10-25T21:50:26+00:00\",\"dateModified\":\"2026-01-21T08:17:05+00:00\",\"description\":\"Descubre las im\u00e1genes de la Expo Acaire 2024 en Colombia, donde nuestro equipo mostr\u00f3 nuestras soluciones innovadoras de climatizaci\u00f3n y distribuci\u00f3n de aire.\",\"breadcrumb\":{\"@id\":\"https:\\\/\\\/www.fabricair.com\\\/es\\\/galeria\\\/eventos-galeria\\\/expo-acaire-2024-colombia\\\/#breadcrumb\"},\"inLanguage\":\"en-US\",\"potentialAction\":[{\"@type\":\"ReadAction\",\"target\":[\"https:\\\/\\\/www.fabricair.com\\\/es\\\/galeria\\\/eventos-galeria\\\/expo-acaire-2024-colombia\\\/\"]}]},{\"@type\":\"ImageObject\",\"inLanguage\":\"en-US\",\"@id\":\"https:\\\/\\\/www.fabricair.com\\\/es\\\/galeria\\\/eventos-galeria\\\/expo-acaire-2024-colombia\\\/#primaryimage\",\"url\":\"https:\\\/\\\/www.fabricair.com\\\/es\\\/wp-content\\\/uploads\\\/sites\\\/27\\\/2024\\\/10\\\/Expo-Acaire-2024-Colombia-4.jpeg\",\"contentUrl\":\"https:\\\/\\\/www.fabricair.com\\\/es\\\/wp-content\\\/uploads\\\/sites\\\/27\\\/2024\\\/10\\\/Expo-Acaire-2024-Colombia-4.jpeg\",\"width\":1600,\"height\":1200},{\"@type\":\"BreadcrumbList\",\"@id\":\"https:\\\/\\\/www.fabricair.com\\\/es\\\/galeria\\\/eventos-galeria\\\/expo-acaire-2024-colombia\\\/#breadcrumb\",\"itemListElement\":[{\"@type\":\"ListItem\",\"position\":1,\"name\":\"Home\",\"item\":\"https:\\\/\\\/www.fabricair.com\\\/es\\\/\"},{\"@type\":\"ListItem\",\"position\":2,\"name\":\"Galer\u00eda\",\"item\":\"https:\\\/\\\/www.fabricair.com\\\/es\\\/galeria\\\/\"},{\"@type\":\"ListItem\",\"position\":3,\"name\":\"Eventos\",\"item\":\"https:\\\/\\\/www.fabricair.com\\\/es\\\/galeria\\\/eventos-galeria\\\/\"},{\"@type\":\"ListItem\",\"position\":4,\"name\":\"Expo Acaire 2024 en Colombia\"}]},{\"@type\":\"WebSite\",\"@id\":\"https:\\\/\\\/www.fabricair.com\\\/es\\\/#website\",\"url\":\"https:\\\/\\\/www.fabricair.com\\\/es\\\/\",\"name\":\"Spain FabricAir\",\"description\":\"\",\"publisher\":{\"@id\":\"https:\\\/\\\/www.fabricair.com\\\/es\\\/#organization\"},\"potentialAction\":[{\"@type\":\"SearchAction\",\"target\":{\"@type\":\"EntryPoint\",\"urlTemplate\":\"https:\\\/\\\/www.fabricair.com\\\/es\\\/?s={search_term_string}\"},\"query-input\":{\"@type\":\"PropertyValueSpecification\",\"valueRequired\":true,\"valueName\":\"search_term_string\"}}],\"inLanguage\":\"en-US\"},{\"@type\":\"Organization\",\"@id\":\"https:\\\/\\\/www.fabricair.com\\\/es\\\/#organization\",\"name\":\"Spain FabricAir\",\"url\":\"https:\\\/\\\/www.fabricair.com\\\/es\\\/\",\"logo\":{\"@type\":\"ImageObject\",\"inLanguage\":\"en-US\",\"@id\":\"https:\\\/\\\/www.fabricair.com\\\/es\\\/#\\\/schema\\\/logo\\\/image\\\/\",\"url\":\"https:\\\/\\\/www.fabricair.com\\\/es\\\/wp-content\\\/uploads\\\/sites\\\/27\\\/2024\\\/03\\\/A01-FabricAir-logo-blue.png\",\"contentUrl\":\"https:\\\/\\\/www.fabricair.com\\\/es\\\/wp-content\\\/uploads\\\/sites\\\/27\\\/2024\\\/03\\\/A01-FabricAir-logo-blue.png\",\"width\":2087,\"height\":366,\"caption\":\"Spain FabricAir\"},\"image\":{\"@id\":\"https:\\\/\\\/www.fabricair.com\\\/es\\\/#\\\/schema\\\/logo\\\/image\\\/\"},\"sameAs\":[\"https:\\\/\\\/www.linkedin.com\\\/company\\\/fabricair-a-s\\\/?originalSubdomain=es\"]}]}<\/script>\n<!-- \/ Yoast SEO plugin. -->","yoast_head_json":{"title":"Expo Acaire 2024 en Colombia | Spain FabricAir","description":"Descubre las im\u00e1genes de la Expo Acaire 2024 en Colombia, donde nuestro equipo mostr\u00f3 nuestras soluciones innovadoras de climatizaci\u00f3n y distribuci\u00f3n de aire.","robots":{"index":"noindex","follow":"follow"},"og_locale":"en_US","og_type":"article","og_title":"Expo Acaire 2024 en Colombia - Spain FabricAir","og_description":"Descubre las im\u00e1genes de la Expo Acaire 2024 en Colombia, donde nuestro equipo mostr\u00f3 nuestras soluciones innovadoras de climatizaci\u00f3n y distribuci\u00f3n de aire.","og_url":"https:\/\/www.fabricair.com\/es\/galeria\/eventos-galeria\/expo-acaire-2024-colombia\/","og_site_name":"Spain FabricAir","article_modified_time":"2026-01-21T08:17:05+00:00","og_image":[{"width":1600,"height":1200,"url":"https:\/\/www.fabricair.com\/es\/wp-content\/uploads\/sites\/27\/2024\/10\/Expo-Acaire-2024-Colombia-4.jpeg","type":"image\/jpeg"}],"twitter_card":"summary_large_image","twitter_misc":{"Est. reading time":"1 minute"},"schema":{"@context":"https:\/\/schema.org","@graph":[{"@type":"WebPage","@id":"https:\/\/www.fabricair.com\/es\/galeria\/eventos-galeria\/expo-acaire-2024-colombia\/","url":"https:\/\/www.fabricair.com\/es\/galeria\/eventos-galeria\/expo-acaire-2024-colombia\/","name":"Expo Acaire 2024 en Colombia - Spain FabricAir","isPartOf":{"@id":"https:\/\/www.fabricair.com\/es\/#website"},"primaryImageOfPage":{"@id":"https:\/\/www.fabricair.com\/es\/galeria\/eventos-galeria\/expo-acaire-2024-colombia\/#primaryimage"},"image":{"@id":"https:\/\/www.fabricair.com\/es\/galeria\/eventos-galeria\/expo-acaire-2024-colombia\/#primaryimage"},"thumbnailUrl":"https:\/\/www.fabricair.com\/es\/wp-content\/uploads\/sites\/27\/2024\/10\/Expo-Acaire-2024-Colombia-4.jpeg","datePublished":"2024-10-25T21:50:26+00:00","dateModified":"2026-01-21T08:17:05+00:00","description":"Descubre las im\u00e1genes de la Expo Acaire 2024 en Colombia, donde nuestro equipo mostr\u00f3 nuestras soluciones innovadoras de climatizaci\u00f3n y distribuci\u00f3n de aire.","breadcrumb":{"@id":"https:\/\/www.fabricair.com\/es\/galeria\/eventos-galeria\/expo-acaire-2024-colombia\/#breadcrumb"},"inLanguage":"en-US","potentialAction":[{"@type":"ReadAction","target":["https:\/\/www.fabricair.com\/es\/galeria\/eventos-galeria\/expo-acaire-2024-colombia\/"]}]},{"@type":"ImageObject","inLanguage":"en-US","@id":"https:\/\/www.fabricair.com\/es\/galeria\/eventos-galeria\/expo-acaire-2024-colombia\/#primaryimage","url":"https:\/\/www.fabricair.com\/es\/wp-content\/uploads\/sites\/27\/2024\/10\/Expo-Acaire-2024-Colombia-4.jpeg","contentUrl":"https:\/\/www.fabricair.com\/es\/wp-content\/uploads\/sites\/27\/2024\/10\/Expo-Acaire-2024-Colombia-4.jpeg","width":1600,"height":1200},{"@type":"BreadcrumbList","@id":"https:\/\/www.fabricair.com\/es\/galeria\/eventos-galeria\/expo-acaire-2024-colombia\/#breadcrumb","itemListElement":[{"@type":"ListItem","position":1,"name":"Home","item":"https:\/\/www.fabricair.com\/es\/"},{"@type":"ListItem","position":2,"name":"Galer\u00eda","item":"https:\/\/www.fabricair.com\/es\/galeria\/"},{"@type":"ListItem","position":3,"name":"Eventos","item":"https:\/\/www.fabricair.com\/es\/galeria\/eventos-galeria\/"},{"@type":"ListItem","position":4,"name":"Expo Acaire 2024 en Colombia"}]},{"@type":"WebSite","@id":"https:\/\/www.fabricair.com\/es\/#website","url":"https:\/\/www.fabricair.com\/es\/","name":"Spain FabricAir","description":"","publisher":{"@id":"https:\/\/www.fabricair.com\/es\/#organization"},"potentialAction":[{"@type":"SearchAction","target":{"@type":"EntryPoint","urlTemplate":"https:\/\/www.fabricair.com\/es\/?s={search_term_string}"},"query-input":{"@type":"PropertyValueSpecification","valueRequired":true,"valueName":"search_term_string"}}],"inLanguage":"en-US"},{"@type":"Organization","@id":"https:\/\/www.fabricair.com\/es\/#organization","name":"Spain FabricAir","url":"https:\/\/www.fabricair.com\/es\/","logo":{"@type":"ImageObject","inLanguage":"en-US","@id":"https:\/\/www.fabricair.com\/es\/#\/schema\/logo\/image\/","url":"https:\/\/www.fabricair.com\/es\/wp-content\/uploads\/sites\/27\/2024\/03\/A01-FabricAir-logo-blue.png","contentUrl":"https:\/\/www.fabricair.com\/es\/wp-content\/uploads\/sites\/27\/2024\/03\/A01-FabricAir-logo-blue.png","width":2087,"height":366,"caption":"Spain FabricAir"},"image":{"@id":"https:\/\/www.fabricair.com\/es\/#\/schema\/logo\/image\/"},"sameAs":["https:\/\/www.linkedin.com\/company\/fabricair-a-s\/?originalSubdomain=es"]}]}},"_links":{"self":[{"href":"https:\/\/www.fabricair.com\/es\/wp-json\/wp\/v2\/pages\/8635","targetHints":{"allow":["GET"]}}],"collection":[{"href":"https:\/\/www.fabricair.com\/es\/wp-json\/wp\/v2\/pages"}],"about":[{"href":"https:\/\/www.fabricair.com\/es\/wp-json\/wp\/v2\/types\/page"}],"author":[{"embeddable":true,"href":"https:\/\/www.fabricair.com\/es\/wp-json\/wp\/v2\/users\/28"}],"replies":[{"embeddable":true,"href":"https:\/\/www.fabricair.com\/es\/wp-json\/wp\/v2\/comments?post=8635"}],"version-history":[{"count":2,"href":"https:\/\/www.fabricair.com\/es\/wp-json\/wp\/v2\/pages\/8635\/revisions"}],"predecessor-version":[{"id":9181,"href":"https:\/\/www.fabricair.com\/es\/wp-json\/wp\/v2\/pages\/8635\/revisions\/9181"}],"up":[{"embeddable":true,"href":"https:\/\/www.fabricair.com\/es\/wp-json\/wp\/v2\/pages\/2916"}],"wp:featuredmedia":[{"embeddable":true,"href":"https:\/\/www.fabricair.com\/es\/wp-json\/wp\/v2\/media\/8636"}],"wp:attachment":[{"href":"https:\/\/www.fabricair.com\/es\/wp-json\/wp\/v2\/media?parent=8635"}],"curies":[{"name":"wp","href":"https:\/\/api.w.org\/{rel}","templated":true}]}}