{"id":8684,"date":"2024-12-04T17:35:02","date_gmt":"2024-12-04T17:35:02","guid":{"rendered":"https:\/\/www.fabricair.com\/es\/?page_id=8684"},"modified":"2026-01-21T08:17:07","modified_gmt":"2026-01-21T08:17:07","slug":"mjbizcon-2024-us","status":"publish","type":"page","link":"https:\/\/www.fabricair.com\/es\/galeria\/eventos-galeria\/mjbizcon-2024-us\/","title":{"rendered":"MJBizCon 2024 en Las Vegas, Estados Unidos"},"content":{"rendered":"<article class=\"text-token-text-primary w-full focus:outline-none [--shadow-height:45px] has-data-writing-block:pointer-events-none has-data-writing-block:-mt-(--shadow-height) has-data-writing-block:pt-(--shadow-height) [&amp;:has([data-writing-block])&gt;*]:pointer-events-auto [content-visibility:auto] supports-[content-visibility:auto]:[contain-intrinsic-size:auto_100lvh] scroll-mt-[calc(var(--header-height)+min(200px,max(70px,20svh)))]\" dir=\"auto\" tabindex=\"-1\" data-turn-id=\"request-WEB:dd8f4b07-0b0b-46db-b7d6-dbe375e70343-21\" data-testid=\"conversation-turn-34\" data-scroll-anchor=\"true\" data-turn=\"assistant\">\n<div class=\"text-base my-auto mx-auto pb-10 [--thread-content-margin:--spacing(4)] thread-sm:[--thread-content-margin:--spacing(6)] thread-lg:[--thread-content-margin:--spacing(16)] px-(--thread-content-margin)\">\n<div class=\"[--thread-content-max-width:40rem] thread-lg:[--thread-content-max-width:48rem] mx-auto max-w-(--thread-content-max-width) flex-1 group\/turn-messages focus-visible:outline-hidden relative flex w-full min-w-0 flex-col agent-turn\" tabindex=\"-1\">\n<div class=\"flex max-w-full flex-col grow\">\n<div class=\"min-h-8 text-message relative flex w-full flex-col items-end gap-2 text-start break-words whitespace-normal [.text-message+&amp;]:mt-1\" dir=\"auto\" data-message-author-role=\"assistant\" data-message-id=\"e3bfbcab-d8a8-49e8-bf79-a147e8662e48\" data-message-model-slug=\"gpt-5-mini\">\n<div class=\"flex w-full flex-col gap-1 empty:hidden first:pt-[1px]\">\n<div class=\"markdown prose dark:prose-invert w-full break-words dark markdown-new-styling\">\n<p data-start=\"62\" data-end=\"140\" data-is-last-node=\"\" data-is-only-node=\"\">MJBizCon 2024 en Las Vegas, Estados Unidos<\/p>\n<\/div>\n<\/div>\n<\/div>\n<\/div>\n<\/div>\n<\/div>\n<\/article>\n","protected":false},"excerpt":{"rendered":"<p>MJBizCon 2024 en Las Vegas, Estados Unidos<\/p>\n","protected":false},"author":28,"featured_media":8685,"parent":2916,"menu_order":0,"comment_status":"closed","ping_status":"closed","template":"page-gallery.php","meta":{"_acf_changed":false,"inline_featured_image":false,"footnotes":""},"class_list":["post-8684","page","type-page","status-publish","has-post-thumbnail","hentry"],"acf":[],"yoast_head":"<!-- This site is optimized with the Yoast SEO plugin v27.3 - https:\/\/yoast.com\/product\/yoast-seo-wordpress\/ -->\n<title>MJBizCon 2024 en Las Vegas, Estados Unidos | Spain FabricAir<\/title>\n<meta name=\"description\" content=\"Descubre las im\u00e1genes del stand de FabricAir en la MJBizCon 2024 en Las Vegas, Nevada, donde nuestro equipo present\u00f3 nuestras soluciones integrales de climatizaci\u00f3n para cultivos.\" \/>\n<meta name=\"robots\" content=\"noindex, follow\" \/>\n<meta property=\"og:locale\" content=\"en_US\" \/>\n<meta property=\"og:type\" content=\"article\" \/>\n<meta property=\"og:title\" content=\"MJBizCon 2024 en Las Vegas, Estados Unidos - Spain FabricAir\" \/>\n<meta property=\"og:description\" content=\"Descubre las im\u00e1genes del stand de FabricAir en la MJBizCon 2024 en Las Vegas, Nevada, donde nuestro equipo present\u00f3 nuestras soluciones integrales de climatizaci\u00f3n para cultivos.\" \/>\n<meta property=\"og:url\" content=\"https:\/\/www.fabricair.com\/es\/galeria\/eventos-galeria\/mjbizcon-2024-us\/\" \/>\n<meta property=\"og:site_name\" content=\"Spain FabricAir\" \/>\n<meta property=\"article:modified_time\" content=\"2026-01-21T08:17:07+00:00\" \/>\n<meta property=\"og:image\" content=\"https:\/\/www.fabricair.com\/es\/wp-content\/uploads\/sites\/27\/2024\/12\/MJBizCon-US-3-2-1024x1024.png\" \/>\n\t<meta property=\"og:image:width\" content=\"1024\" \/>\n\t<meta property=\"og:image:height\" content=\"1024\" \/>\n\t<meta property=\"og:image:type\" content=\"image\/png\" \/>\n<meta name=\"twitter:card\" content=\"summary_large_image\" \/>\n<meta name=\"twitter:label1\" content=\"Est. reading time\" \/>\n\t<meta name=\"twitter:data1\" content=\"1 minute\" \/>\n<script type=\"application\/ld+json\" class=\"yoast-schema-graph\">{\"@context\":\"https:\\\/\\\/schema.org\",\"@graph\":[{\"@type\":\"WebPage\",\"@id\":\"https:\\\/\\\/www.fabricair.com\\\/es\\\/galeria\\\/eventos-galeria\\\/mjbizcon-2024-us\\\/\",\"url\":\"https:\\\/\\\/www.fabricair.com\\\/es\\\/galeria\\\/eventos-galeria\\\/mjbizcon-2024-us\\\/\",\"name\":\"MJBizCon 2024 en Las Vegas, Estados Unidos - Spain FabricAir\",\"isPartOf\":{\"@id\":\"https:\\\/\\\/www.fabricair.com\\\/es\\\/#website\"},\"primaryImageOfPage\":{\"@id\":\"https:\\\/\\\/www.fabricair.com\\\/es\\\/galeria\\\/eventos-galeria\\\/mjbizcon-2024-us\\\/#primaryimage\"},\"image\":{\"@id\":\"https:\\\/\\\/www.fabricair.com\\\/es\\\/galeria\\\/eventos-galeria\\\/mjbizcon-2024-us\\\/#primaryimage\"},\"thumbnailUrl\":\"https:\\\/\\\/www.fabricair.com\\\/es\\\/wp-content\\\/uploads\\\/sites\\\/27\\\/2024\\\/12\\\/MJBizCon-US-3-2.png\",\"datePublished\":\"2024-12-04T17:35:02+00:00\",\"dateModified\":\"2026-01-21T08:17:07+00:00\",\"description\":\"Descubre las im\u00e1genes del stand de FabricAir en la MJBizCon 2024 en Las Vegas, Nevada, donde nuestro equipo present\u00f3 nuestras soluciones integrales de climatizaci\u00f3n para cultivos.\",\"breadcrumb\":{\"@id\":\"https:\\\/\\\/www.fabricair.com\\\/es\\\/galeria\\\/eventos-galeria\\\/mjbizcon-2024-us\\\/#breadcrumb\"},\"inLanguage\":\"en-US\",\"potentialAction\":[{\"@type\":\"ReadAction\",\"target\":[\"https:\\\/\\\/www.fabricair.com\\\/es\\\/galeria\\\/eventos-galeria\\\/mjbizcon-2024-us\\\/\"]}]},{\"@type\":\"ImageObject\",\"inLanguage\":\"en-US\",\"@id\":\"https:\\\/\\\/www.fabricair.com\\\/es\\\/galeria\\\/eventos-galeria\\\/mjbizcon-2024-us\\\/#primaryimage\",\"url\":\"https:\\\/\\\/www.fabricair.com\\\/es\\\/wp-content\\\/uploads\\\/sites\\\/27\\\/2024\\\/12\\\/MJBizCon-US-3-2.png\",\"contentUrl\":\"https:\\\/\\\/www.fabricair.com\\\/es\\\/wp-content\\\/uploads\\\/sites\\\/27\\\/2024\\\/12\\\/MJBizCon-US-3-2.png\",\"width\":1772,\"height\":1772},{\"@type\":\"BreadcrumbList\",\"@id\":\"https:\\\/\\\/www.fabricair.com\\\/es\\\/galeria\\\/eventos-galeria\\\/mjbizcon-2024-us\\\/#breadcrumb\",\"itemListElement\":[{\"@type\":\"ListItem\",\"position\":1,\"name\":\"Home\",\"item\":\"https:\\\/\\\/www.fabricair.com\\\/es\\\/\"},{\"@type\":\"ListItem\",\"position\":2,\"name\":\"Galer\u00eda\",\"item\":\"https:\\\/\\\/www.fabricair.com\\\/es\\\/galeria\\\/\"},{\"@type\":\"ListItem\",\"position\":3,\"name\":\"Eventos\",\"item\":\"https:\\\/\\\/www.fabricair.com\\\/es\\\/galeria\\\/eventos-galeria\\\/\"},{\"@type\":\"ListItem\",\"position\":4,\"name\":\"MJBizCon 2024 en Las Vegas, Estados Unidos\"}]},{\"@type\":\"WebSite\",\"@id\":\"https:\\\/\\\/www.fabricair.com\\\/es\\\/#website\",\"url\":\"https:\\\/\\\/www.fabricair.com\\\/es\\\/\",\"name\":\"Spain FabricAir\",\"description\":\"\",\"publisher\":{\"@id\":\"https:\\\/\\\/www.fabricair.com\\\/es\\\/#organization\"},\"potentialAction\":[{\"@type\":\"SearchAction\",\"target\":{\"@type\":\"EntryPoint\",\"urlTemplate\":\"https:\\\/\\\/www.fabricair.com\\\/es\\\/?s={search_term_string}\"},\"query-input\":{\"@type\":\"PropertyValueSpecification\",\"valueRequired\":true,\"valueName\":\"search_term_string\"}}],\"inLanguage\":\"en-US\"},{\"@type\":\"Organization\",\"@id\":\"https:\\\/\\\/www.fabricair.com\\\/es\\\/#organization\",\"name\":\"Spain FabricAir\",\"url\":\"https:\\\/\\\/www.fabricair.com\\\/es\\\/\",\"logo\":{\"@type\":\"ImageObject\",\"inLanguage\":\"en-US\",\"@id\":\"https:\\\/\\\/www.fabricair.com\\\/es\\\/#\\\/schema\\\/logo\\\/image\\\/\",\"url\":\"https:\\\/\\\/www.fabricair.com\\\/es\\\/wp-content\\\/uploads\\\/sites\\\/27\\\/2024\\\/03\\\/A01-FabricAir-logo-blue.png\",\"contentUrl\":\"https:\\\/\\\/www.fabricair.com\\\/es\\\/wp-content\\\/uploads\\\/sites\\\/27\\\/2024\\\/03\\\/A01-FabricAir-logo-blue.png\",\"width\":2087,\"height\":366,\"caption\":\"Spain FabricAir\"},\"image\":{\"@id\":\"https:\\\/\\\/www.fabricair.com\\\/es\\\/#\\\/schema\\\/logo\\\/image\\\/\"},\"sameAs\":[\"https:\\\/\\\/www.linkedin.com\\\/company\\\/fabricair-a-s\\\/?originalSubdomain=es\"]}]}<\/script>\n<!-- \/ Yoast SEO plugin. -->","yoast_head_json":{"title":"MJBizCon 2024 en Las Vegas, Estados Unidos | Spain FabricAir","description":"Descubre las im\u00e1genes del stand de FabricAir en la MJBizCon 2024 en Las Vegas, Nevada, donde nuestro equipo present\u00f3 nuestras soluciones integrales de climatizaci\u00f3n para cultivos.","robots":{"index":"noindex","follow":"follow"},"og_locale":"en_US","og_type":"article","og_title":"MJBizCon 2024 en Las Vegas, Estados Unidos - Spain FabricAir","og_description":"Descubre las im\u00e1genes del stand de FabricAir en la MJBizCon 2024 en Las Vegas, Nevada, donde nuestro equipo present\u00f3 nuestras soluciones integrales de climatizaci\u00f3n para cultivos.","og_url":"https:\/\/www.fabricair.com\/es\/galeria\/eventos-galeria\/mjbizcon-2024-us\/","og_site_name":"Spain FabricAir","article_modified_time":"2026-01-21T08:17:07+00:00","og_image":[{"width":1024,"height":1024,"url":"https:\/\/www.fabricair.com\/es\/wp-content\/uploads\/sites\/27\/2024\/12\/MJBizCon-US-3-2-1024x1024.png","type":"image\/png"}],"twitter_card":"summary_large_image","twitter_misc":{"Est. reading time":"1 minute"},"schema":{"@context":"https:\/\/schema.org","@graph":[{"@type":"WebPage","@id":"https:\/\/www.fabricair.com\/es\/galeria\/eventos-galeria\/mjbizcon-2024-us\/","url":"https:\/\/www.fabricair.com\/es\/galeria\/eventos-galeria\/mjbizcon-2024-us\/","name":"MJBizCon 2024 en Las Vegas, Estados Unidos - Spain FabricAir","isPartOf":{"@id":"https:\/\/www.fabricair.com\/es\/#website"},"primaryImageOfPage":{"@id":"https:\/\/www.fabricair.com\/es\/galeria\/eventos-galeria\/mjbizcon-2024-us\/#primaryimage"},"image":{"@id":"https:\/\/www.fabricair.com\/es\/galeria\/eventos-galeria\/mjbizcon-2024-us\/#primaryimage"},"thumbnailUrl":"https:\/\/www.fabricair.com\/es\/wp-content\/uploads\/sites\/27\/2024\/12\/MJBizCon-US-3-2.png","datePublished":"2024-12-04T17:35:02+00:00","dateModified":"2026-01-21T08:17:07+00:00","description":"Descubre las im\u00e1genes del stand de FabricAir en la MJBizCon 2024 en Las Vegas, Nevada, donde nuestro equipo present\u00f3 nuestras soluciones integrales de climatizaci\u00f3n para cultivos.","breadcrumb":{"@id":"https:\/\/www.fabricair.com\/es\/galeria\/eventos-galeria\/mjbizcon-2024-us\/#breadcrumb"},"inLanguage":"en-US","potentialAction":[{"@type":"ReadAction","target":["https:\/\/www.fabricair.com\/es\/galeria\/eventos-galeria\/mjbizcon-2024-us\/"]}]},{"@type":"ImageObject","inLanguage":"en-US","@id":"https:\/\/www.fabricair.com\/es\/galeria\/eventos-galeria\/mjbizcon-2024-us\/#primaryimage","url":"https:\/\/www.fabricair.com\/es\/wp-content\/uploads\/sites\/27\/2024\/12\/MJBizCon-US-3-2.png","contentUrl":"https:\/\/www.fabricair.com\/es\/wp-content\/uploads\/sites\/27\/2024\/12\/MJBizCon-US-3-2.png","width":1772,"height":1772},{"@type":"BreadcrumbList","@id":"https:\/\/www.fabricair.com\/es\/galeria\/eventos-galeria\/mjbizcon-2024-us\/#breadcrumb","itemListElement":[{"@type":"ListItem","position":1,"name":"Home","item":"https:\/\/www.fabricair.com\/es\/"},{"@type":"ListItem","position":2,"name":"Galer\u00eda","item":"https:\/\/www.fabricair.com\/es\/galeria\/"},{"@type":"ListItem","position":3,"name":"Eventos","item":"https:\/\/www.fabricair.com\/es\/galeria\/eventos-galeria\/"},{"@type":"ListItem","position":4,"name":"MJBizCon 2024 en Las Vegas, Estados Unidos"}]},{"@type":"WebSite","@id":"https:\/\/www.fabricair.com\/es\/#website","url":"https:\/\/www.fabricair.com\/es\/","name":"Spain FabricAir","description":"","publisher":{"@id":"https:\/\/www.fabricair.com\/es\/#organization"},"potentialAction":[{"@type":"SearchAction","target":{"@type":"EntryPoint","urlTemplate":"https:\/\/www.fabricair.com\/es\/?s={search_term_string}"},"query-input":{"@type":"PropertyValueSpecification","valueRequired":true,"valueName":"search_term_string"}}],"inLanguage":"en-US"},{"@type":"Organization","@id":"https:\/\/www.fabricair.com\/es\/#organization","name":"Spain FabricAir","url":"https:\/\/www.fabricair.com\/es\/","logo":{"@type":"ImageObject","inLanguage":"en-US","@id":"https:\/\/www.fabricair.com\/es\/#\/schema\/logo\/image\/","url":"https:\/\/www.fabricair.com\/es\/wp-content\/uploads\/sites\/27\/2024\/03\/A01-FabricAir-logo-blue.png","contentUrl":"https:\/\/www.fabricair.com\/es\/wp-content\/uploads\/sites\/27\/2024\/03\/A01-FabricAir-logo-blue.png","width":2087,"height":366,"caption":"Spain FabricAir"},"image":{"@id":"https:\/\/www.fabricair.com\/es\/#\/schema\/logo\/image\/"},"sameAs":["https:\/\/www.linkedin.com\/company\/fabricair-a-s\/?originalSubdomain=es"]}]}},"_links":{"self":[{"href":"https:\/\/www.fabricair.com\/es\/wp-json\/wp\/v2\/pages\/8684","targetHints":{"allow":["GET"]}}],"collection":[{"href":"https:\/\/www.fabricair.com\/es\/wp-json\/wp\/v2\/pages"}],"about":[{"href":"https:\/\/www.fabricair.com\/es\/wp-json\/wp\/v2\/types\/page"}],"author":[{"embeddable":true,"href":"https:\/\/www.fabricair.com\/es\/wp-json\/wp\/v2\/users\/28"}],"replies":[{"embeddable":true,"href":"https:\/\/www.fabricair.com\/es\/wp-json\/wp\/v2\/comments?post=8684"}],"version-history":[{"count":2,"href":"https:\/\/www.fabricair.com\/es\/wp-json\/wp\/v2\/pages\/8684\/revisions"}],"predecessor-version":[{"id":9178,"href":"https:\/\/www.fabricair.com\/es\/wp-json\/wp\/v2\/pages\/8684\/revisions\/9178"}],"up":[{"embeddable":true,"href":"https:\/\/www.fabricair.com\/es\/wp-json\/wp\/v2\/pages\/2916"}],"wp:featuredmedia":[{"embeddable":true,"href":"https:\/\/www.fabricair.com\/es\/wp-json\/wp\/v2\/media\/8685"}],"wp:attachment":[{"href":"https:\/\/www.fabricair.com\/es\/wp-json\/wp\/v2\/media?parent=8684"}],"curies":[{"name":"wp","href":"https:\/\/api.w.org\/{rel}","templated":true}]}}