{"id":8954,"date":"2025-09-30T06:53:23","date_gmt":"2025-09-30T06:53:23","guid":{"rendered":"https:\/\/www.fabricair.com\/es\/?page_id=8954"},"modified":"2025-11-06T09:49:34","modified_gmt":"2025-11-06T09:49:34","slug":"instaladores","status":"publish","type":"page","link":"https:\/\/www.fabricair.com\/es\/instaladores\/","title":{"rendered":"Instaladores"},"content":{"rendered":"<h1 data-start=\"291\" data-end=\"358\">Ahorra tiempo y dinero con conductos textiles para instaladores<\/h1>\n<h2 data-start=\"360\" data-end=\"397\">\u00bfQu\u00e9 son los conductos textiles?<\/h2>\n<p data-start=\"398\" data-end=\"724\">Los sistemas de conductos textiles para instaladores est\u00e1n dise\u00f1ados a medida, son f\u00e1ciles de colocar y garantizan una calidad del aire interior ideal tanto en nuevas construcciones como en proyectos de renovaci\u00f3n. Gracias a un flujo de aire preciso, mejoran el rendimiento, el confort y la est\u00e9tica en cualquier aplicaci\u00f3n.<\/p>\n<h2 data-start=\"731\" data-end=\"793\"><\/h2>\n<h2 data-start=\"731\" data-end=\"793\">\u00bfPor qu\u00e9 elegir conductos textiles en lugar de met\u00e1licos?<\/h2>\n<p data-start=\"794\" data-end=\"954\">Frente a los conductos met\u00e1licos tradicionales, los <strong data-start=\"846\" data-end=\"886\">conductos textiles para instaladores<\/strong> ofrecen ventajas \u00fanicas que hacen la diferencia en cada proyecto:<\/p>\n<ul data-start=\"956\" data-end=\"1074\">\n<li data-start=\"956\" data-end=\"973\">\n<p data-start=\"958\" data-end=\"973\">Sin corrosi\u00f3n<\/p>\n<\/li>\n<li data-start=\"974\" data-end=\"1007\">\n<p data-start=\"976\" data-end=\"1007\">Instalaci\u00f3n r\u00e1pida y sencilla<\/p>\n<\/li>\n<li data-start=\"1008\" data-end=\"1041\">\n<p data-start=\"1010\" data-end=\"1041\">Bajo mantenimiento y lavables<\/p>\n<\/li>\n<li data-start=\"1042\" data-end=\"1074\">\n<p data-start=\"1044\" data-end=\"1074\">Distribuci\u00f3n de aire precisa<\/p>\n<\/li>\n<\/ul>\n<h2 data-start=\"1081\" data-end=\"1125\"><\/h2>\n<h2 data-start=\"1081\" data-end=\"1125\">Soluciones HVAC vers\u00e1tiles y eficientes<\/h2>\n<ul data-start=\"1126\" data-end=\"1701\">\n<li data-start=\"1126\" data-end=\"1222\">\n<p data-start=\"1128\" data-end=\"1222\"><strong data-start=\"1128\" data-end=\"1158\">Calidad del aire interior:<\/strong> Cumplen con normativas y est\u00e1ndares (ISO, UL y Oeko-Tex 100).<\/p>\n<\/li>\n<li data-start=\"1223\" data-end=\"1313\">\n<p data-start=\"1225\" data-end=\"1313\"><strong data-start=\"1225\" data-end=\"1256\">Prevenci\u00f3n de la corrosi\u00f3n:<\/strong> La condensaci\u00f3n no se forma en los tejidos permeables.<\/p>\n<\/li>\n<li data-start=\"1314\" data-end=\"1398\">\n<p data-start=\"1316\" data-end=\"1398\"><strong data-start=\"1316\" data-end=\"1344\">Garantizados y lavables:<\/strong> F\u00e1ciles de mantener y lavar, con garant\u00eda completa.<\/p>\n<\/li>\n<li data-start=\"1399\" data-end=\"1500\">\n<p data-start=\"1401\" data-end=\"1500\"><strong data-start=\"1401\" data-end=\"1435\">Opciones de dise\u00f1o vers\u00e1tiles:<\/strong> Perfiles y configuraciones que se adaptan a cualquier entorno.<\/p>\n<\/li>\n<li data-start=\"1501\" data-end=\"1593\">\n<p data-start=\"1503\" data-end=\"1593\"><strong data-start=\"1503\" data-end=\"1531\">Est\u00e9tica personalizable:<\/strong> Colores, estampados y logotipos para ajustarse a tu dise\u00f1o.<\/p>\n<\/li>\n<li data-start=\"1594\" data-end=\"1701\">\n<p data-start=\"1596\" data-end=\"1701\"><strong data-start=\"1596\" data-end=\"1619\">Retenci\u00f3n de forma:<\/strong> Mantienen la forma incluso sin flujo de aire gracias a All-In-One\u00ae o aros 360\u00b0.<\/p>\n<\/li>\n<\/ul>\n<h2 data-start=\"1708\" data-end=\"1740\"><\/h2>\n<h2 data-start=\"1708\" data-end=\"1740\">Testimonios de instaladores<\/h2>\n<p data-start=\"1741\" data-end=\"1802\">\u00a1Descubre por qu\u00e9 m\u00e1s del 95% de nuestros clientes vuelven!<\/p>\n<p data-start=\"1804\" data-end=\"1934\">\u201cLa instalaci\u00f3n es f\u00e1cil y sencilla, lo que permite desmontar, limpiar, secar y volver a instalar en un corto per\u00edodo de tiempo.<\/p>\n<p data-start=\"1936\" data-end=\"2038\">100% recomendable. Un trabajo simple, r\u00e1pido y limpio que siempre deja satisfecho al cliente final.\u201d<\/p>\n<p data-start=\"2040\" data-end=\"2081\">\u2014 <em data-start=\"2042\" data-end=\"2079\">Paco Baixauli, Gerente de Metalduct<\/em><\/p>\n<h2 data-start=\"2088\" data-end=\"2149\"><\/h2>\n<h2 data-start=\"2088\" data-end=\"2149\">Aplicaciones de los conductos textiles para instaladores<\/h2>\n<p data-start=\"2150\" data-end=\"2380\">Con el dise\u00f1o vers\u00e1til de los sistemas FabricAir, ofrecemos soluciones personalizadas para una amplia variedad de entornos: instalaciones deportivas, industriales, comerciales, p\u00fablicas, de cultivo, de ocio y de entretenimiento.<\/p>\n<p data-start=\"2382\" data-end=\"2520\">Ya sea para aplicaciones isot\u00e9rmicas, de calefacci\u00f3n, refrigeraci\u00f3n o combinadas, tenemos la soluci\u00f3n de aire inteligente que necesitas.<\/p>\n<h2 data-start=\"2527\" data-end=\"2558\"><\/h2>\n<h2 data-start=\"2527\" data-end=\"2558\">Recursos para instaladores<\/h2>\n<p data-start=\"2559\" data-end=\"2751\">Con m\u00e1s de 50 a\u00f1os de innovaci\u00f3n en la industria de la dispersi\u00f3n de aire y un equipo de expertos brindando soporte de clase mundial, FabricAir es la mejor elecci\u00f3n para tu pr\u00f3ximo proyecto.<\/p>\n<p data-start=\"2753\" data-end=\"2871\">Aqu\u00ed encontrar\u00e1s toda la informaci\u00f3n necesaria para instalar conductos textiles de forma r\u00e1pida, segura y eficiente.<\/p>\n","protected":false},"excerpt":{"rendered":"<p>Ahorra tiempo y dinero con conductos textiles para instaladores \u00bfQu\u00e9 son los conductos textiles? Los sistemas de conductos textiles para instaladores est\u00e1n dise\u00f1ados a medida, son f\u00e1ciles de colocar y garantizan una calidad del aire interior ideal tanto en nuevas construcciones como en proyectos de renovaci\u00f3n. Gracias a un flujo de aire preciso, mejoran el [&hellip;]<\/p>\n","protected":false},"author":12,"featured_media":8937,"parent":0,"menu_order":0,"comment_status":"closed","ping_status":"closed","template":"","meta":{"_acf_changed":false,"inline_featured_image":false,"footnotes":""},"class_list":["post-8954","page","type-page","status-publish","has-post-thumbnail","hentry"],"acf":[],"yoast_head":"<!-- This site is optimized with the Yoast SEO plugin v27.3 - https:\/\/yoast.com\/product\/yoast-seo-wordpress\/ -->\n<title>Instaladores | Spain FabricAir<\/title>\n<meta name=\"description\" content=\"Ahorra tiempo y dinero con conductos textiles para instaladores. Soluciones r\u00e1pidas, higi\u00e9nicas y eficientes para cualquier proyecto HVAC.\" \/>\n<meta name=\"robots\" content=\"index, follow, max-snippet:-1, max-image-preview:large, max-video-preview:-1\" \/>\n<link rel=\"canonical\" href=\"https:\/\/www.fabricair.com\/es\/wp-json\/wp\/v2\/pages\/8954\/\" \/>\n<meta property=\"og:locale\" content=\"en_US\" \/>\n<meta property=\"og:type\" content=\"article\" \/>\n<meta property=\"og:title\" content=\"Instaladores - FabricAir Espa\u00f1a\" \/>\n<meta property=\"og:description\" content=\"Ahorra tiempo y dinero con conductos textiles para instaladores. Soluciones r\u00e1pidas, higi\u00e9nicas y eficientes para cualquier proyecto HVAC.\" \/>\n<meta property=\"og:url\" content=\"https:\/\/www.fabricair.com\/es\/instaladores\/\" \/>\n<meta property=\"og:site_name\" content=\"Spain FabricAir\" \/>\n<meta property=\"article:modified_time\" content=\"2025-11-06T09:49:34+00:00\" \/>\n<meta property=\"og:image\" content=\"https:\/\/www.fabricair.com\/es\/wp-content\/uploads\/sites\/27\/2025\/08\/Fanair-Warehouse_ES-1-scaled-scaled.webp\" \/>\n\t<meta property=\"og:image:width\" content=\"2560\" \/>\n\t<meta property=\"og:image:height\" content=\"1920\" \/>\n\t<meta property=\"og:image:type\" content=\"image\/webp\" \/>\n<meta name=\"twitter:card\" content=\"summary_large_image\" \/>\n<meta name=\"twitter:label1\" content=\"Est. reading time\" \/>\n\t<meta name=\"twitter:data1\" content=\"2 minutes\" \/>\n<script type=\"application\/ld+json\" class=\"yoast-schema-graph\">{\"@context\":\"https:\\\/\\\/schema.org\",\"@graph\":[{\"@type\":\"WebPage\",\"@id\":\"https:\\\/\\\/www.fabricair.com\\\/es\\\/instaladores\\\/\",\"url\":\"https:\\\/\\\/www.fabricair.com\\\/es\\\/instaladores\\\/\",\"name\":\"Instaladores - FabricAir Espa\u00f1a\",\"isPartOf\":{\"@id\":\"https:\\\/\\\/www.fabricair.com\\\/es\\\/#website\"},\"primaryImageOfPage\":{\"@id\":\"https:\\\/\\\/www.fabricair.com\\\/es\\\/instaladores\\\/#primaryimage\"},\"image\":{\"@id\":\"https:\\\/\\\/www.fabricair.com\\\/es\\\/instaladores\\\/#primaryimage\"},\"thumbnailUrl\":\"https:\\\/\\\/www.fabricair.com\\\/es\\\/wp-content\\\/uploads\\\/sites\\\/27\\\/2025\\\/08\\\/Fanair-Warehouse_ES-1-scaled-scaled.webp\",\"datePublished\":\"2025-09-30T06:53:23+00:00\",\"dateModified\":\"2025-11-06T09:49:34+00:00\",\"description\":\"Ahorra tiempo y dinero con conductos textiles para instaladores. Soluciones r\u00e1pidas, higi\u00e9nicas y eficientes para cualquier proyecto HVAC.\",\"breadcrumb\":{\"@id\":\"https:\\\/\\\/www.fabricair.com\\\/es\\\/instaladores\\\/#breadcrumb\"},\"inLanguage\":\"en-US\",\"potentialAction\":[{\"@type\":\"ReadAction\",\"target\":[\"https:\\\/\\\/www.fabricair.com\\\/es\\\/instaladores\\\/\"]}]},{\"@type\":\"ImageObject\",\"inLanguage\":\"en-US\",\"@id\":\"https:\\\/\\\/www.fabricair.com\\\/es\\\/instaladores\\\/#primaryimage\",\"url\":\"https:\\\/\\\/www.fabricair.com\\\/es\\\/wp-content\\\/uploads\\\/sites\\\/27\\\/2025\\\/08\\\/Fanair-Warehouse_ES-1-scaled-scaled.webp\",\"contentUrl\":\"https:\\\/\\\/www.fabricair.com\\\/es\\\/wp-content\\\/uploads\\\/sites\\\/27\\\/2025\\\/08\\\/Fanair-Warehouse_ES-1-scaled-scaled.webp\",\"width\":2560,\"height\":1920,\"caption\":\"Conductos textiles para instaladores en proyectos HVAC industriales\"},{\"@type\":\"BreadcrumbList\",\"@id\":\"https:\\\/\\\/www.fabricair.com\\\/es\\\/instaladores\\\/#breadcrumb\",\"itemListElement\":[{\"@type\":\"ListItem\",\"position\":1,\"name\":\"Home\",\"item\":\"https:\\\/\\\/www.fabricair.com\\\/es\\\/\"},{\"@type\":\"ListItem\",\"position\":2,\"name\":\"Instaladores\"}]},{\"@type\":\"WebSite\",\"@id\":\"https:\\\/\\\/www.fabricair.com\\\/es\\\/#website\",\"url\":\"https:\\\/\\\/www.fabricair.com\\\/es\\\/\",\"name\":\"Spain FabricAir\",\"description\":\"\",\"publisher\":{\"@id\":\"https:\\\/\\\/www.fabricair.com\\\/es\\\/#organization\"},\"potentialAction\":[{\"@type\":\"SearchAction\",\"target\":{\"@type\":\"EntryPoint\",\"urlTemplate\":\"https:\\\/\\\/www.fabricair.com\\\/es\\\/?s={search_term_string}\"},\"query-input\":{\"@type\":\"PropertyValueSpecification\",\"valueRequired\":true,\"valueName\":\"search_term_string\"}}],\"inLanguage\":\"en-US\"},{\"@type\":\"Organization\",\"@id\":\"https:\\\/\\\/www.fabricair.com\\\/es\\\/#organization\",\"name\":\"Spain FabricAir\",\"url\":\"https:\\\/\\\/www.fabricair.com\\\/es\\\/\",\"logo\":{\"@type\":\"ImageObject\",\"inLanguage\":\"en-US\",\"@id\":\"https:\\\/\\\/www.fabricair.com\\\/es\\\/#\\\/schema\\\/logo\\\/image\\\/\",\"url\":\"https:\\\/\\\/www.fabricair.com\\\/es\\\/wp-content\\\/uploads\\\/sites\\\/27\\\/2024\\\/03\\\/A01-FabricAir-logo-blue.png\",\"contentUrl\":\"https:\\\/\\\/www.fabricair.com\\\/es\\\/wp-content\\\/uploads\\\/sites\\\/27\\\/2024\\\/03\\\/A01-FabricAir-logo-blue.png\",\"width\":2087,\"height\":366,\"caption\":\"Spain FabricAir\"},\"image\":{\"@id\":\"https:\\\/\\\/www.fabricair.com\\\/es\\\/#\\\/schema\\\/logo\\\/image\\\/\"},\"sameAs\":[\"https:\\\/\\\/www.linkedin.com\\\/company\\\/fabricair-a-s\\\/?originalSubdomain=es\"]}]}<\/script>\n<!-- \/ Yoast SEO plugin. -->","yoast_head_json":{"title":"Instaladores | Spain FabricAir","description":"Ahorra tiempo y dinero con conductos textiles para instaladores. Soluciones r\u00e1pidas, higi\u00e9nicas y eficientes para cualquier proyecto HVAC.","robots":{"index":"index","follow":"follow","max-snippet":"max-snippet:-1","max-image-preview":"max-image-preview:large","max-video-preview":"max-video-preview:-1"},"canonical":"https:\/\/www.fabricair.com\/es\/wp-json\/wp\/v2\/pages\/8954\/","og_locale":"en_US","og_type":"article","og_title":"Instaladores - FabricAir Espa\u00f1a","og_description":"Ahorra tiempo y dinero con conductos textiles para instaladores. Soluciones r\u00e1pidas, higi\u00e9nicas y eficientes para cualquier proyecto HVAC.","og_url":"https:\/\/www.fabricair.com\/es\/instaladores\/","og_site_name":"Spain FabricAir","article_modified_time":"2025-11-06T09:49:34+00:00","og_image":[{"width":2560,"height":1920,"url":"https:\/\/www.fabricair.com\/es\/wp-content\/uploads\/sites\/27\/2025\/08\/Fanair-Warehouse_ES-1-scaled-scaled.webp","type":"image\/webp"}],"twitter_card":"summary_large_image","twitter_misc":{"Est. reading time":"2 minutes"},"schema":{"@context":"https:\/\/schema.org","@graph":[{"@type":"WebPage","@id":"https:\/\/www.fabricair.com\/es\/instaladores\/","url":"https:\/\/www.fabricair.com\/es\/instaladores\/","name":"Instaladores - FabricAir Espa\u00f1a","isPartOf":{"@id":"https:\/\/www.fabricair.com\/es\/#website"},"primaryImageOfPage":{"@id":"https:\/\/www.fabricair.com\/es\/instaladores\/#primaryimage"},"image":{"@id":"https:\/\/www.fabricair.com\/es\/instaladores\/#primaryimage"},"thumbnailUrl":"https:\/\/www.fabricair.com\/es\/wp-content\/uploads\/sites\/27\/2025\/08\/Fanair-Warehouse_ES-1-scaled-scaled.webp","datePublished":"2025-09-30T06:53:23+00:00","dateModified":"2025-11-06T09:49:34+00:00","description":"Ahorra tiempo y dinero con conductos textiles para instaladores. Soluciones r\u00e1pidas, higi\u00e9nicas y eficientes para cualquier proyecto HVAC.","breadcrumb":{"@id":"https:\/\/www.fabricair.com\/es\/instaladores\/#breadcrumb"},"inLanguage":"en-US","potentialAction":[{"@type":"ReadAction","target":["https:\/\/www.fabricair.com\/es\/instaladores\/"]}]},{"@type":"ImageObject","inLanguage":"en-US","@id":"https:\/\/www.fabricair.com\/es\/instaladores\/#primaryimage","url":"https:\/\/www.fabricair.com\/es\/wp-content\/uploads\/sites\/27\/2025\/08\/Fanair-Warehouse_ES-1-scaled-scaled.webp","contentUrl":"https:\/\/www.fabricair.com\/es\/wp-content\/uploads\/sites\/27\/2025\/08\/Fanair-Warehouse_ES-1-scaled-scaled.webp","width":2560,"height":1920,"caption":"Conductos textiles para instaladores en proyectos HVAC industriales"},{"@type":"BreadcrumbList","@id":"https:\/\/www.fabricair.com\/es\/instaladores\/#breadcrumb","itemListElement":[{"@type":"ListItem","position":1,"name":"Home","item":"https:\/\/www.fabricair.com\/es\/"},{"@type":"ListItem","position":2,"name":"Instaladores"}]},{"@type":"WebSite","@id":"https:\/\/www.fabricair.com\/es\/#website","url":"https:\/\/www.fabricair.com\/es\/","name":"Spain FabricAir","description":"","publisher":{"@id":"https:\/\/www.fabricair.com\/es\/#organization"},"potentialAction":[{"@type":"SearchAction","target":{"@type":"EntryPoint","urlTemplate":"https:\/\/www.fabricair.com\/es\/?s={search_term_string}"},"query-input":{"@type":"PropertyValueSpecification","valueRequired":true,"valueName":"search_term_string"}}],"inLanguage":"en-US"},{"@type":"Organization","@id":"https:\/\/www.fabricair.com\/es\/#organization","name":"Spain FabricAir","url":"https:\/\/www.fabricair.com\/es\/","logo":{"@type":"ImageObject","inLanguage":"en-US","@id":"https:\/\/www.fabricair.com\/es\/#\/schema\/logo\/image\/","url":"https:\/\/www.fabricair.com\/es\/wp-content\/uploads\/sites\/27\/2024\/03\/A01-FabricAir-logo-blue.png","contentUrl":"https:\/\/www.fabricair.com\/es\/wp-content\/uploads\/sites\/27\/2024\/03\/A01-FabricAir-logo-blue.png","width":2087,"height":366,"caption":"Spain FabricAir"},"image":{"@id":"https:\/\/www.fabricair.com\/es\/#\/schema\/logo\/image\/"},"sameAs":["https:\/\/www.linkedin.com\/company\/fabricair-a-s\/?originalSubdomain=es"]}]}},"_links":{"self":[{"href":"https:\/\/www.fabricair.com\/es\/wp-json\/wp\/v2\/pages\/8954","targetHints":{"allow":["GET"]}}],"collection":[{"href":"https:\/\/www.fabricair.com\/es\/wp-json\/wp\/v2\/pages"}],"about":[{"href":"https:\/\/www.fabricair.com\/es\/wp-json\/wp\/v2\/types\/page"}],"author":[{"embeddable":true,"href":"https:\/\/www.fabricair.com\/es\/wp-json\/wp\/v2\/users\/12"}],"replies":[{"embeddable":true,"href":"https:\/\/www.fabricair.com\/es\/wp-json\/wp\/v2\/comments?post=8954"}],"version-history":[{"count":5,"href":"https:\/\/www.fabricair.com\/es\/wp-json\/wp\/v2\/pages\/8954\/revisions"}],"predecessor-version":[{"id":9214,"href":"https:\/\/www.fabricair.com\/es\/wp-json\/wp\/v2\/pages\/8954\/revisions\/9214"}],"wp:featuredmedia":[{"embeddable":true,"href":"https:\/\/www.fabricair.com\/es\/wp-json\/wp\/v2\/media\/8937"}],"wp:attachment":[{"href":"https:\/\/www.fabricair.com\/es\/wp-json\/wp\/v2\/media?parent=8954"}],"curies":[{"name":"wp","href":"https:\/\/api.w.org\/{rel}","templated":true}]}}