{"id":8994,"date":"2025-09-30T07:02:01","date_gmt":"2025-09-30T07:02:01","guid":{"rendered":"https:\/\/www.fabricair.com\/es\/?page_id=8994"},"modified":"2025-11-06T09:48:59","modified_gmt":"2025-11-06T09:48:59","slug":"ingenieros","status":"publish","type":"page","link":"https:\/\/www.fabricair.com\/es\/ingenieros\/","title":{"rendered":"Ingenieros"},"content":{"rendered":"<h1>Conductos textiles para ingenieros.<\/h1>\n<h2>Dise\u00f1ado con precisi\u00f3n. Con la confianza de los profesionales.<\/h2>\n<p>Desde la modelaci\u00f3n del flujo de aire hasta las certificaciones de materiales, cada aspecto de un sistema FabricAir est\u00e1 dise\u00f1ado para respaldar una ingenier\u00eda HVAC precisa. Accede a informaci\u00f3n t\u00e9cnica, herramientas de especificaci\u00f3n y ejemplos comprobados que ayudan a los ingenieros a dise\u00f1ar sistemas de distribuci\u00f3n de aire eficientes y conformes con la normativa utilizando conductos textiles.<\/p>\n<h3>Flexibilidad de dise\u00f1o<\/h3>\n<p>Soluciones dise\u00f1adas a medida para cualquier altura de techo, distribuci\u00f3n del edificio o limitaci\u00f3n de espacio.<\/p>\n<h3>Rendimiento predecible<\/h3>\n<p>Modelos de flujo de aire comprobados con an\u00e1lisis CFD disponibles para validaci\u00f3n y optimizaci\u00f3n.<\/p>\n<h3>Cumplimiento y certificaci\u00f3n<\/h3>\n<p>Los materiales cumplen con los est\u00e1ndares globales (EN, ISO, Oeko-Tex), con opciones para aplicaciones en salas limpias, retardantes al fuego y antiest\u00e1ticas.<\/p>\n<h3>Soporte experto<\/h3>\n<p>Asesoramiento personalizado desde el dise\u00f1o inicial hasta la instalaci\u00f3n, garantizando una experiencia de proyecto fluida y exitosa.<\/p>\n<p>&nbsp;<\/p>\n<h2>Soluciones Eficientes y Atractivas para Cada Aplicaci\u00f3n<\/h2>\n<ul>\n<li>Natatorios y piscinas<\/li>\n<li>Instalaciones deportivas<\/li>\n<li>Procesamiento de alimentos<\/li>\n<li>Instalaciones de cultivo<\/li>\n<li>Centros de datos<\/li>\n<li>Almacenes y centros de distribuci\u00f3n<\/li>\n<li>Laboratorios y salas limpias<\/li>\n<li>Oficinas y espacios p\u00fablico.<\/li>\n<\/ul>\n<p>&nbsp;<\/p>\n<h2>Componentes del sistema de conductos textiles<\/h2>\n<p>Cada soluci\u00f3n de FabricAir se compone de cuatro elementos clave \u2014tejidos, modelos de flujo, sistemas de suspensi\u00f3n y perfiles de conductos\u2014 combinados para cumplir con los requisitos exactos de caudal de aire, distribuci\u00f3n y est\u00e9tica de cualquier proyecto.<\/p>\n","protected":false},"excerpt":{"rendered":"<p>Conductos textiles para ingenieros. Dise\u00f1ado con precisi\u00f3n. Con la confianza de los profesionales. Desde la modelaci\u00f3n del flujo de aire hasta las certificaciones de materiales, cada aspecto de un sistema FabricAir est\u00e1 dise\u00f1ado para respaldar una ingenier\u00eda HVAC precisa. Accede a informaci\u00f3n t\u00e9cnica, herramientas de especificaci\u00f3n y ejemplos comprobados que ayudan a los ingenieros a [&hellip;]<\/p>\n","protected":false},"author":12,"featured_media":8937,"parent":0,"menu_order":0,"comment_status":"closed","ping_status":"closed","template":"","meta":{"_acf_changed":false,"inline_featured_image":false,"footnotes":""},"class_list":["post-8994","page","type-page","status-publish","has-post-thumbnail","hentry"],"acf":[],"yoast_head":"<!-- This site is optimized with the Yoast SEO plugin v27.3 - https:\/\/yoast.com\/product\/yoast-seo-wordpress\/ -->\n<title>Ingenieros | Spain FabricAir<\/title>\n<meta name=\"description\" content=\"Conductos textiles para Ingenieros: Aprende c\u00f3mo las soluciones de FabricAir ofrecen flexibilidad y rendimiento en proyectos complejos.\" \/>\n<meta name=\"robots\" content=\"index, follow, max-snippet:-1, max-image-preview:large, max-video-preview:-1\" \/>\n<link rel=\"canonical\" href=\"https:\/\/www.fabricair.com\/es\/wp-json\/wp\/v2\/pages\/8994\/\" \/>\n<meta property=\"og:locale\" content=\"en_US\" \/>\n<meta property=\"og:type\" content=\"article\" \/>\n<meta property=\"og:title\" content=\"Ingenieros - Spain FabricAir\" \/>\n<meta property=\"og:description\" content=\"Conductos textiles para Ingenieros: Aprende c\u00f3mo las soluciones de FabricAir ofrecen flexibilidad y rendimiento en proyectos complejos.\" \/>\n<meta property=\"og:url\" content=\"https:\/\/www.fabricair.com\/es\/ingenieros\/\" \/>\n<meta property=\"og:site_name\" content=\"Spain FabricAir\" \/>\n<meta property=\"article:modified_time\" content=\"2025-11-06T09:48:59+00:00\" \/>\n<meta property=\"og:image\" content=\"https:\/\/www.fabricair.com\/es\/wp-content\/uploads\/sites\/27\/2025\/08\/Fanair-Warehouse_ES-1-scaled-scaled.webp\" \/>\n\t<meta property=\"og:image:width\" content=\"2560\" \/>\n\t<meta property=\"og:image:height\" content=\"1920\" \/>\n\t<meta property=\"og:image:type\" content=\"image\/webp\" \/>\n<meta name=\"twitter:card\" content=\"summary_large_image\" \/>\n<meta name=\"twitter:label1\" content=\"Est. reading time\" \/>\n\t<meta name=\"twitter:data1\" content=\"2 minutes\" \/>\n<script type=\"application\/ld+json\" class=\"yoast-schema-graph\">{\"@context\":\"https:\\\/\\\/schema.org\",\"@graph\":[{\"@type\":\"WebPage\",\"@id\":\"https:\\\/\\\/www.fabricair.com\\\/es\\\/ingenieros\\\/\",\"url\":\"https:\\\/\\\/www.fabricair.com\\\/es\\\/ingenieros\\\/\",\"name\":\"Ingenieros - Spain FabricAir\",\"isPartOf\":{\"@id\":\"https:\\\/\\\/www.fabricair.com\\\/es\\\/#website\"},\"primaryImageOfPage\":{\"@id\":\"https:\\\/\\\/www.fabricair.com\\\/es\\\/ingenieros\\\/#primaryimage\"},\"image\":{\"@id\":\"https:\\\/\\\/www.fabricair.com\\\/es\\\/ingenieros\\\/#primaryimage\"},\"thumbnailUrl\":\"https:\\\/\\\/www.fabricair.com\\\/es\\\/wp-content\\\/uploads\\\/sites\\\/27\\\/2025\\\/08\\\/Fanair-Warehouse_ES-1-scaled-scaled.webp\",\"datePublished\":\"2025-09-30T07:02:01+00:00\",\"dateModified\":\"2025-11-06T09:48:59+00:00\",\"description\":\"Conductos textiles para Ingenieros: Aprende c\u00f3mo las soluciones de FabricAir ofrecen flexibilidad y rendimiento en proyectos complejos.\",\"breadcrumb\":{\"@id\":\"https:\\\/\\\/www.fabricair.com\\\/es\\\/ingenieros\\\/#breadcrumb\"},\"inLanguage\":\"en-US\",\"potentialAction\":[{\"@type\":\"ReadAction\",\"target\":[\"https:\\\/\\\/www.fabricair.com\\\/es\\\/ingenieros\\\/\"]}]},{\"@type\":\"ImageObject\",\"inLanguage\":\"en-US\",\"@id\":\"https:\\\/\\\/www.fabricair.com\\\/es\\\/ingenieros\\\/#primaryimage\",\"url\":\"https:\\\/\\\/www.fabricair.com\\\/es\\\/wp-content\\\/uploads\\\/sites\\\/27\\\/2025\\\/08\\\/Fanair-Warehouse_ES-1-scaled-scaled.webp\",\"contentUrl\":\"https:\\\/\\\/www.fabricair.com\\\/es\\\/wp-content\\\/uploads\\\/sites\\\/27\\\/2025\\\/08\\\/Fanair-Warehouse_ES-1-scaled-scaled.webp\",\"width\":2560,\"height\":1920,\"caption\":\"Conductos textiles para instaladores en proyectos HVAC industriales\"},{\"@type\":\"BreadcrumbList\",\"@id\":\"https:\\\/\\\/www.fabricair.com\\\/es\\\/ingenieros\\\/#breadcrumb\",\"itemListElement\":[{\"@type\":\"ListItem\",\"position\":1,\"name\":\"Home\",\"item\":\"https:\\\/\\\/www.fabricair.com\\\/es\\\/\"},{\"@type\":\"ListItem\",\"position\":2,\"name\":\"Ingenieros\"}]},{\"@type\":\"WebSite\",\"@id\":\"https:\\\/\\\/www.fabricair.com\\\/es\\\/#website\",\"url\":\"https:\\\/\\\/www.fabricair.com\\\/es\\\/\",\"name\":\"Spain FabricAir\",\"description\":\"\",\"publisher\":{\"@id\":\"https:\\\/\\\/www.fabricair.com\\\/es\\\/#organization\"},\"potentialAction\":[{\"@type\":\"SearchAction\",\"target\":{\"@type\":\"EntryPoint\",\"urlTemplate\":\"https:\\\/\\\/www.fabricair.com\\\/es\\\/?s={search_term_string}\"},\"query-input\":{\"@type\":\"PropertyValueSpecification\",\"valueRequired\":true,\"valueName\":\"search_term_string\"}}],\"inLanguage\":\"en-US\"},{\"@type\":\"Organization\",\"@id\":\"https:\\\/\\\/www.fabricair.com\\\/es\\\/#organization\",\"name\":\"Spain FabricAir\",\"url\":\"https:\\\/\\\/www.fabricair.com\\\/es\\\/\",\"logo\":{\"@type\":\"ImageObject\",\"inLanguage\":\"en-US\",\"@id\":\"https:\\\/\\\/www.fabricair.com\\\/es\\\/#\\\/schema\\\/logo\\\/image\\\/\",\"url\":\"https:\\\/\\\/www.fabricair.com\\\/es\\\/wp-content\\\/uploads\\\/sites\\\/27\\\/2024\\\/03\\\/A01-FabricAir-logo-blue.png\",\"contentUrl\":\"https:\\\/\\\/www.fabricair.com\\\/es\\\/wp-content\\\/uploads\\\/sites\\\/27\\\/2024\\\/03\\\/A01-FabricAir-logo-blue.png\",\"width\":2087,\"height\":366,\"caption\":\"Spain FabricAir\"},\"image\":{\"@id\":\"https:\\\/\\\/www.fabricair.com\\\/es\\\/#\\\/schema\\\/logo\\\/image\\\/\"},\"sameAs\":[\"https:\\\/\\\/www.linkedin.com\\\/company\\\/fabricair-a-s\\\/?originalSubdomain=es\"]}]}<\/script>\n<!-- \/ Yoast SEO plugin. -->","yoast_head_json":{"title":"Ingenieros | Spain FabricAir","description":"Conductos textiles para Ingenieros: Aprende c\u00f3mo las soluciones de FabricAir ofrecen flexibilidad y rendimiento en proyectos complejos.","robots":{"index":"index","follow":"follow","max-snippet":"max-snippet:-1","max-image-preview":"max-image-preview:large","max-video-preview":"max-video-preview:-1"},"canonical":"https:\/\/www.fabricair.com\/es\/wp-json\/wp\/v2\/pages\/8994\/","og_locale":"en_US","og_type":"article","og_title":"Ingenieros - Spain FabricAir","og_description":"Conductos textiles para Ingenieros: Aprende c\u00f3mo las soluciones de FabricAir ofrecen flexibilidad y rendimiento en proyectos complejos.","og_url":"https:\/\/www.fabricair.com\/es\/ingenieros\/","og_site_name":"Spain FabricAir","article_modified_time":"2025-11-06T09:48:59+00:00","og_image":[{"width":2560,"height":1920,"url":"https:\/\/www.fabricair.com\/es\/wp-content\/uploads\/sites\/27\/2025\/08\/Fanair-Warehouse_ES-1-scaled-scaled.webp","type":"image\/webp"}],"twitter_card":"summary_large_image","twitter_misc":{"Est. reading time":"2 minutes"},"schema":{"@context":"https:\/\/schema.org","@graph":[{"@type":"WebPage","@id":"https:\/\/www.fabricair.com\/es\/ingenieros\/","url":"https:\/\/www.fabricair.com\/es\/ingenieros\/","name":"Ingenieros - Spain FabricAir","isPartOf":{"@id":"https:\/\/www.fabricair.com\/es\/#website"},"primaryImageOfPage":{"@id":"https:\/\/www.fabricair.com\/es\/ingenieros\/#primaryimage"},"image":{"@id":"https:\/\/www.fabricair.com\/es\/ingenieros\/#primaryimage"},"thumbnailUrl":"https:\/\/www.fabricair.com\/es\/wp-content\/uploads\/sites\/27\/2025\/08\/Fanair-Warehouse_ES-1-scaled-scaled.webp","datePublished":"2025-09-30T07:02:01+00:00","dateModified":"2025-11-06T09:48:59+00:00","description":"Conductos textiles para Ingenieros: Aprende c\u00f3mo las soluciones de FabricAir ofrecen flexibilidad y rendimiento en proyectos complejos.","breadcrumb":{"@id":"https:\/\/www.fabricair.com\/es\/ingenieros\/#breadcrumb"},"inLanguage":"en-US","potentialAction":[{"@type":"ReadAction","target":["https:\/\/www.fabricair.com\/es\/ingenieros\/"]}]},{"@type":"ImageObject","inLanguage":"en-US","@id":"https:\/\/www.fabricair.com\/es\/ingenieros\/#primaryimage","url":"https:\/\/www.fabricair.com\/es\/wp-content\/uploads\/sites\/27\/2025\/08\/Fanair-Warehouse_ES-1-scaled-scaled.webp","contentUrl":"https:\/\/www.fabricair.com\/es\/wp-content\/uploads\/sites\/27\/2025\/08\/Fanair-Warehouse_ES-1-scaled-scaled.webp","width":2560,"height":1920,"caption":"Conductos textiles para instaladores en proyectos HVAC industriales"},{"@type":"BreadcrumbList","@id":"https:\/\/www.fabricair.com\/es\/ingenieros\/#breadcrumb","itemListElement":[{"@type":"ListItem","position":1,"name":"Home","item":"https:\/\/www.fabricair.com\/es\/"},{"@type":"ListItem","position":2,"name":"Ingenieros"}]},{"@type":"WebSite","@id":"https:\/\/www.fabricair.com\/es\/#website","url":"https:\/\/www.fabricair.com\/es\/","name":"Spain FabricAir","description":"","publisher":{"@id":"https:\/\/www.fabricair.com\/es\/#organization"},"potentialAction":[{"@type":"SearchAction","target":{"@type":"EntryPoint","urlTemplate":"https:\/\/www.fabricair.com\/es\/?s={search_term_string}"},"query-input":{"@type":"PropertyValueSpecification","valueRequired":true,"valueName":"search_term_string"}}],"inLanguage":"en-US"},{"@type":"Organization","@id":"https:\/\/www.fabricair.com\/es\/#organization","name":"Spain FabricAir","url":"https:\/\/www.fabricair.com\/es\/","logo":{"@type":"ImageObject","inLanguage":"en-US","@id":"https:\/\/www.fabricair.com\/es\/#\/schema\/logo\/image\/","url":"https:\/\/www.fabricair.com\/es\/wp-content\/uploads\/sites\/27\/2024\/03\/A01-FabricAir-logo-blue.png","contentUrl":"https:\/\/www.fabricair.com\/es\/wp-content\/uploads\/sites\/27\/2024\/03\/A01-FabricAir-logo-blue.png","width":2087,"height":366,"caption":"Spain FabricAir"},"image":{"@id":"https:\/\/www.fabricair.com\/es\/#\/schema\/logo\/image\/"},"sameAs":["https:\/\/www.linkedin.com\/company\/fabricair-a-s\/?originalSubdomain=es"]}]}},"_links":{"self":[{"href":"https:\/\/www.fabricair.com\/es\/wp-json\/wp\/v2\/pages\/8994","targetHints":{"allow":["GET"]}}],"collection":[{"href":"https:\/\/www.fabricair.com\/es\/wp-json\/wp\/v2\/pages"}],"about":[{"href":"https:\/\/www.fabricair.com\/es\/wp-json\/wp\/v2\/types\/page"}],"author":[{"embeddable":true,"href":"https:\/\/www.fabricair.com\/es\/wp-json\/wp\/v2\/users\/12"}],"replies":[{"embeddable":true,"href":"https:\/\/www.fabricair.com\/es\/wp-json\/wp\/v2\/comments?post=8994"}],"version-history":[{"count":5,"href":"https:\/\/www.fabricair.com\/es\/wp-json\/wp\/v2\/pages\/8994\/revisions"}],"predecessor-version":[{"id":9213,"href":"https:\/\/www.fabricair.com\/es\/wp-json\/wp\/v2\/pages\/8994\/revisions\/9213"}],"wp:featuredmedia":[{"embeddable":true,"href":"https:\/\/www.fabricair.com\/es\/wp-json\/wp\/v2\/media\/8937"}],"wp:attachment":[{"href":"https:\/\/www.fabricair.com\/es\/wp-json\/wp\/v2\/media?parent=8994"}],"curies":[{"name":"wp","href":"https:\/\/api.w.org\/{rel}","templated":true}]}}