{"id":9031,"date":"2025-10-07T08:01:15","date_gmt":"2025-10-07T08:01:15","guid":{"rendered":"https:\/\/www.fabricair.com\/es\/?page_id=9031"},"modified":"2025-10-07T08:01:15","modified_gmt":"2025-10-07T08:01:15","slug":"sostenibilidad","status":"publish","type":"page","link":"https:\/\/www.fabricair.com\/es\/acerca-de-fabricair\/sostenibilidad\/","title":{"rendered":"Sostenibilidad"},"content":{"rendered":"<p><strong data-start=\"80\" data-end=\"126\">Impulsando la circularidad y la innovaci\u00f3n<\/strong><\/p>\n<p>En FabricAir, la sostenibilidad no es solo un objetivo, es nuestra responsabilidad. Como l\u00edderes globales en soluciones HVAC, estamos comprometidos con la reducci\u00f3n de nuestro impacto ambiental, el avance hacia la circularidad y la transformaci\u00f3n del sector a trav\u00e9s de la innovaci\u00f3n sostenible.<\/p>\n<p>\u2714 Neutralidad clim\u00e1tica (Alcances 1 y 2) para 2027<\/p>\n<p>\u2714 Reducci\u00f3n del 60\u202f% en el consumo de agua para 2027<\/p>\n<p>\u2714 90\u202f% de materiales reciclados para 2027<\/p>\n<p>\u2714 Informes ESG en cumplimiento con la CSRD<\/p>\n<p>\u2714 Cero emisiones netas (Alcance 3) para 2030<\/p>\n<p>\u2714 Modelo circular completo \u201cfibra a fibra\u201d para 2030<\/p>\n<p>&nbsp;<\/p>\n<p><strong data-start=\"755\" data-end=\"781\">Nuestros objetivos ESG<\/strong><\/p>\n<p>Hemos establecido metas de sostenibilidad ambiciosas que definir\u00e1n nuestra forma de operar, fabricar e innovar.<\/p>\n<p><strong>Medioambiente<\/strong><\/p>\n<p data-start=\"927\" data-end=\"1268\">Estamos comprometidos con la reducci\u00f3n de nuestra huella ambiental mediante acciones clim\u00e1ticas, iniciativas de econom\u00eda circular y eficiencia en el uso de recursos. Nuestros objetivos clave incluyen alcanzar la <strong data-start=\"1139\" data-end=\"1196\">neutralidad clim\u00e1tica en los Alcances 1 y 2 para 2027<\/strong> y lograr <strong data-start=\"1206\" data-end=\"1267\">cero emisiones netas en toda la cadena de valor para 2030<\/strong>.<\/p>\n<p data-start=\"1270\" data-end=\"1642\">Estamos avanzando hacia el uso de <strong data-start=\"1304\" data-end=\"1340\">materiales reciclados en un 90\u202f%<\/strong>, <strong data-start=\"1342\" data-end=\"1386\">reduciendo el consumo de agua en un 60\u202f%<\/strong> e implantando el reciclaje \u201cfibra a fibra\u201d para crear un modelo de negocio completamente circular. Estas acciones est\u00e1n alineadas con los est\u00e1ndares internacionales de sostenibilidad y fomentan la innovaci\u00f3n en soluciones de tecnolog\u00eda limpia (cleantech).<\/p>\n<p><strong>Social <\/strong><\/p>\n<p data-start=\"1671\" data-end=\"1893\">Las personas est\u00e1n en el centro de nuestro camino hacia la sostenibilidad. En FabricAir estamos comprometidos con garantizar pr\u00e1cticas laborales justas, diversidad y participaci\u00f3n comunitaria en todas nuestras operaciones.<\/p>\n<p data-start=\"1895\" data-end=\"2280\">Apoyamos los derechos humanos y laborales internacionales, promovemos activamente la formaci\u00f3n de los empleados en sostenibilidad y reforzamos la responsabilidad de nuestros proveedores a trav\u00e9s de nuestro C\u00f3digo de Conducta. Fomentando una cultura de inclusi\u00f3n y responsabilidad compartida, estamos construyendo un futuro sostenible que beneficie tanto a las personas como al planeta.<\/p>\n<p><strong>Governanza<\/strong><\/p>\n<p data-start=\"2310\" data-end=\"2608\">Una gobernanza s\u00f3lida es la base de nuestra estrategia ESG. Operamos con integridad, cumpliendo con la <strong data-start=\"2413\" data-end=\"2490\">Directiva de Informaci\u00f3n sobre Sostenibilidad Corporativa de la UE (CSRD)<\/strong> y aplicando las mejores pr\u00e1cticas en <strong data-start=\"2528\" data-end=\"2607\">lucha contra la corrupci\u00f3n, conducta empresarial responsable e informes ESG<\/strong>.<\/p>\n<p data-start=\"2610\" data-end=\"2839\">Nuestro marco de gobernanza integra la sostenibilidad en los procesos de toma de decisiones, impulsa la transparencia en toda la cadena de suministro y refuerza nuestro compromiso con un liderazgo \u00e9tico en la industria cleantech.<\/p>\n<p><strong data-start=\"2849\" data-end=\"2895\">Plan de transici\u00f3n hacia la sostenibilidad<\/strong><\/p>\n<p data-start=\"2897\" data-end=\"3099\">Nuestra hoja de ruta ESG se basa en a\u00f1os de avances, estableciendo hitos claros para alcanzar la <strong data-start=\"2994\" data-end=\"3019\">neutralidad clim\u00e1tica<\/strong>, la <strong data-start=\"3024\" data-end=\"3040\">circularidad<\/strong> y unas <strong data-start=\"3048\" data-end=\"3098\">pr\u00e1cticas empresariales responsables para 2030<\/strong>.<\/p>\n<p data-start=\"3101\" data-end=\"3312\">Ya hemos sentado las bases mediante la creaci\u00f3n de un marco de gobernanza ESG, la publicaci\u00f3n de nuestra primera <strong data-start=\"3214\" data-end=\"3257\">Declaraci\u00f3n Ambiental de Producto (EPD)<\/strong> e integrado la sostenibilidad en nuestras operaciones.<\/p>\n<p data-start=\"3314\" data-end=\"3756\">Para 2027, alcanzaremos la <strong data-start=\"3341\" data-end=\"3388\">neutralidad clim\u00e1tica en los Alcances 1 y 2<\/strong>, utilizaremos un <strong data-start=\"3406\" data-end=\"3439\">90\u202f% de materiales reciclados<\/strong> y reduciremos el consumo de agua en un <strong data-start=\"3479\" data-end=\"3487\">60\u202f%<\/strong>. Para 2030, lograremos <strong data-start=\"3511\" data-end=\"3551\">emisiones netas cero en el Alcance 3<\/strong>, integraremos completamente el <strong data-start=\"3583\" data-end=\"3610\">reciclaje fibra a fibra<\/strong> y estableceremos un <strong data-start=\"3631\" data-end=\"3661\">modelo de negocio circular<\/strong> en todas las l\u00edneas de producto, marcando nuevos est\u00e1ndares de sostenibilidad en la industria.<\/p>\n<p><strong data-start=\"3766\" data-end=\"3812\">Un modelo de negocio circular y sostenible<\/strong><\/p>\n<p>La sostenibilidad va m\u00e1s all\u00e1 de reducir las emisiones: implica repensar c\u00f3mo dise\u00f1amos, utilizamos y reutilizamos los materiales para minimizar el impacto ambiental a lo largo de todo el ciclo de vida de nuestros productos.<\/p>\n<p><em><strong data-start=\"4258\" data-end=\"4303\">El futuro de la circularidad en FabricAir<\/strong><\/em><\/p>\n<ul>\n<li><strong data-start=\"4307\" data-end=\"4334\">Reciclaje fibra a fibra<\/strong>: Uso completamente circular de materiales para 2030.<\/li>\n<li><strong data-start=\"4392\" data-end=\"4416\">Sistemas de recogida<\/strong>: Desarrollo de infraestructuras para recuperar y reutilizar textiles FabricAir.<\/li>\n<li><strong data-start=\"4501\" data-end=\"4541\">Producci\u00f3n energ\u00e9ticamente eficiente<\/strong>: Reducci\u00f3n del consumo de energ\u00eda y agua en los procesos de fabricaci\u00f3n.<\/li>\n<\/ul>\n<h3 data-start=\"4621\" data-end=\"4671\"><strong data-start=\"4625\" data-end=\"4671\">Una visi\u00f3n clara hacia un futuro m\u00e1s verde<\/strong><\/h3>\n<p>&nbsp;<\/p>\n<p><strong>Recursos adicionales<\/strong><\/p>\n<table>\n<tbody>\n<tr>\n<td width=\"312\">La transparencia y la responsabilidad son pilares fundamentales en el camino hacia la sostenibilidad de FabricAir, por lo que ofrecemos recursos clave que describen nuestros compromisos, avances e impacto. Explora estos documentos para conocer m\u00e1s sobre nuestras pr\u00e1cticas empresariales \u00e9ticas, el rendimiento ESG y la sostenibilidad de nuestros productos.<\/td>\n<td width=\"312\">\n<ul>\n<li data-start=\"455\" data-end=\"476\">\n<p data-start=\"457\" data-end=\"476\">Informe anual<\/p>\n<\/li>\n<li data-start=\"477\" data-end=\"503\">\n<p data-start=\"479\" data-end=\"503\">C\u00f3digo de conducta<\/p>\n<\/li>\n<li data-start=\"504\" data-end=\"549\">\n<p data-start=\"506\" data-end=\"549\">Declaraci\u00f3n Ambiental de Producto (EPD)<\/p>\n<\/li>\n<\/ul>\n<\/td>\n<\/tr>\n<\/tbody>\n<\/table>\n<p>&nbsp;<\/p>\n<p><strong data-start=\"559\" data-end=\"574\">Explora m\u00e1s<\/strong><\/p>\n<table>\n<tbody>\n<tr>\n<td width=\"208\"><strong data-start=\"578\" data-end=\"595\">Caso pr\u00e1ctico<\/strong>: Soluciones sostenibles para entornos exigentes<\/td>\n<td width=\"208\">\n<ul>\n<li data-start=\"646\" data-end=\"699\">\n<p data-start=\"648\" data-end=\"699\"><strong data-start=\"648\" data-end=\"656\">Blog<\/strong>: C\u00f3mo maximizar la eficiencia energ\u00e9tica<\/p>\n<\/li>\n<\/ul>\n<\/td>\n<td width=\"208\">Producci\u00f3n energ\u00e9tica constante para parques e\u00f3licos<\/td>\n<\/tr>\n<\/tbody>\n<\/table>\n","protected":false},"excerpt":{"rendered":"<p>Impulsando la circularidad y la innovaci\u00f3n En FabricAir, la sostenibilidad no es solo un objetivo, es nuestra responsabilidad. Como l\u00edderes globales en soluciones HVAC, estamos comprometidos con la reducci\u00f3n de nuestro impacto ambiental, el avance hacia la circularidad y la transformaci\u00f3n del sector a trav\u00e9s de la innovaci\u00f3n sostenible. \u2714 Neutralidad clim\u00e1tica (Alcances 1 y [&hellip;]<\/p>\n","protected":false},"author":12,"featured_media":9032,"parent":1220,"menu_order":0,"comment_status":"closed","ping_status":"closed","template":"","meta":{"_acf_changed":false,"inline_featured_image":false,"footnotes":""},"class_list":["post-9031","page","type-page","status-publish","has-post-thumbnail","hentry"],"acf":[],"yoast_head":"<!-- This site is optimized with the Yoast SEO plugin v27.3 - https:\/\/yoast.com\/product\/yoast-seo-wordpress\/ -->\n<title>Sostenibilidad | Spain FabricAir<\/title>\n<meta name=\"description\" content=\"Descubre c\u00f3mo FabricAir est\u00e1 reduciendo emisiones, impulsando la responsabilidad social y fomentando la innovaci\u00f3n en tecnolog\u00eda limpia a trav\u00e9s de nuestras iniciativas ESG.\" \/>\n<meta name=\"robots\" content=\"index, follow, max-snippet:-1, max-image-preview:large, max-video-preview:-1\" \/>\n<link rel=\"canonical\" href=\"https:\/\/www.fabricair.com\/es\/wp-json\/wp\/v2\/pages\/9031\/\" \/>\n<meta property=\"og:locale\" content=\"en_US\" \/>\n<meta property=\"og:type\" content=\"article\" \/>\n<meta property=\"og:title\" content=\"Sostenibilidad - Spain FabricAir\" \/>\n<meta property=\"og:description\" content=\"Descubre c\u00f3mo FabricAir est\u00e1 reduciendo emisiones, impulsando la responsabilidad social y fomentando la innovaci\u00f3n en tecnolog\u00eda limpia a trav\u00e9s de nuestras iniciativas ESG.\" \/>\n<meta property=\"og:url\" content=\"https:\/\/www.fabricair.com\/es\/acerca-de-fabricair\/sostenibilidad\/\" \/>\n<meta property=\"og:site_name\" content=\"Spain FabricAir\" \/>\n<meta property=\"og:image\" content=\"https:\/\/www.fabricair.com\/es\/wp-content\/uploads\/sites\/27\/2025\/09\/Sustainability_FabricAir-scaled-e1712054978317.webp\" \/>\n\t<meta property=\"og:image:width\" content=\"2560\" \/>\n\t<meta property=\"og:image:height\" content=\"699\" \/>\n\t<meta property=\"og:image:type\" content=\"image\/webp\" \/>\n<meta name=\"twitter:card\" content=\"summary_large_image\" \/>\n<meta name=\"twitter:label1\" content=\"Est. reading time\" \/>\n\t<meta name=\"twitter:data1\" content=\"4 minutes\" \/>\n<script type=\"application\/ld+json\" class=\"yoast-schema-graph\">{\"@context\":\"https:\\\/\\\/schema.org\",\"@graph\":[{\"@type\":\"WebPage\",\"@id\":\"https:\\\/\\\/www.fabricair.com\\\/es\\\/acerca-de-fabricair\\\/sostenibilidad\\\/\",\"url\":\"https:\\\/\\\/www.fabricair.com\\\/es\\\/acerca-de-fabricair\\\/sostenibilidad\\\/\",\"name\":\"Sostenibilidad - Spain FabricAir\",\"isPartOf\":{\"@id\":\"https:\\\/\\\/www.fabricair.com\\\/es\\\/#website\"},\"primaryImageOfPage\":{\"@id\":\"https:\\\/\\\/www.fabricair.com\\\/es\\\/acerca-de-fabricair\\\/sostenibilidad\\\/#primaryimage\"},\"image\":{\"@id\":\"https:\\\/\\\/www.fabricair.com\\\/es\\\/acerca-de-fabricair\\\/sostenibilidad\\\/#primaryimage\"},\"thumbnailUrl\":\"https:\\\/\\\/www.fabricair.com\\\/es\\\/wp-content\\\/uploads\\\/sites\\\/27\\\/2025\\\/09\\\/Sustainability_FabricAir-scaled-e1712054978317.webp\",\"datePublished\":\"2025-10-07T08:01:15+00:00\",\"description\":\"Descubre c\u00f3mo FabricAir est\u00e1 reduciendo emisiones, impulsando la responsabilidad social y fomentando la innovaci\u00f3n en tecnolog\u00eda limpia a trav\u00e9s de nuestras iniciativas ESG.\",\"breadcrumb\":{\"@id\":\"https:\\\/\\\/www.fabricair.com\\\/es\\\/acerca-de-fabricair\\\/sostenibilidad\\\/#breadcrumb\"},\"inLanguage\":\"en-US\",\"potentialAction\":[{\"@type\":\"ReadAction\",\"target\":[\"https:\\\/\\\/www.fabricair.com\\\/es\\\/acerca-de-fabricair\\\/sostenibilidad\\\/\"]}]},{\"@type\":\"ImageObject\",\"inLanguage\":\"en-US\",\"@id\":\"https:\\\/\\\/www.fabricair.com\\\/es\\\/acerca-de-fabricair\\\/sostenibilidad\\\/#primaryimage\",\"url\":\"https:\\\/\\\/www.fabricair.com\\\/es\\\/wp-content\\\/uploads\\\/sites\\\/27\\\/2025\\\/09\\\/Sustainability_FabricAir-scaled-e1712054978317.webp\",\"contentUrl\":\"https:\\\/\\\/www.fabricair.com\\\/es\\\/wp-content\\\/uploads\\\/sites\\\/27\\\/2025\\\/09\\\/Sustainability_FabricAir-scaled-e1712054978317.webp\",\"width\":2560,\"height\":699},{\"@type\":\"BreadcrumbList\",\"@id\":\"https:\\\/\\\/www.fabricair.com\\\/es\\\/acerca-de-fabricair\\\/sostenibilidad\\\/#breadcrumb\",\"itemListElement\":[{\"@type\":\"ListItem\",\"position\":1,\"name\":\"Home\",\"item\":\"https:\\\/\\\/www.fabricair.com\\\/es\\\/\"},{\"@type\":\"ListItem\",\"position\":2,\"name\":\"Acerca de\",\"item\":\"https:\\\/\\\/www.fabricair.com\\\/es\\\/acerca-de-fabricair\\\/\"},{\"@type\":\"ListItem\",\"position\":3,\"name\":\"Sostenibilidad\"}]},{\"@type\":\"WebSite\",\"@id\":\"https:\\\/\\\/www.fabricair.com\\\/es\\\/#website\",\"url\":\"https:\\\/\\\/www.fabricair.com\\\/es\\\/\",\"name\":\"Spain FabricAir\",\"description\":\"\",\"publisher\":{\"@id\":\"https:\\\/\\\/www.fabricair.com\\\/es\\\/#organization\"},\"potentialAction\":[{\"@type\":\"SearchAction\",\"target\":{\"@type\":\"EntryPoint\",\"urlTemplate\":\"https:\\\/\\\/www.fabricair.com\\\/es\\\/?s={search_term_string}\"},\"query-input\":{\"@type\":\"PropertyValueSpecification\",\"valueRequired\":true,\"valueName\":\"search_term_string\"}}],\"inLanguage\":\"en-US\"},{\"@type\":\"Organization\",\"@id\":\"https:\\\/\\\/www.fabricair.com\\\/es\\\/#organization\",\"name\":\"Spain FabricAir\",\"url\":\"https:\\\/\\\/www.fabricair.com\\\/es\\\/\",\"logo\":{\"@type\":\"ImageObject\",\"inLanguage\":\"en-US\",\"@id\":\"https:\\\/\\\/www.fabricair.com\\\/es\\\/#\\\/schema\\\/logo\\\/image\\\/\",\"url\":\"https:\\\/\\\/www.fabricair.com\\\/es\\\/wp-content\\\/uploads\\\/sites\\\/27\\\/2024\\\/03\\\/A01-FabricAir-logo-blue.png\",\"contentUrl\":\"https:\\\/\\\/www.fabricair.com\\\/es\\\/wp-content\\\/uploads\\\/sites\\\/27\\\/2024\\\/03\\\/A01-FabricAir-logo-blue.png\",\"width\":2087,\"height\":366,\"caption\":\"Spain FabricAir\"},\"image\":{\"@id\":\"https:\\\/\\\/www.fabricair.com\\\/es\\\/#\\\/schema\\\/logo\\\/image\\\/\"},\"sameAs\":[\"https:\\\/\\\/www.linkedin.com\\\/company\\\/fabricair-a-s\\\/?originalSubdomain=es\"]}]}<\/script>\n<!-- \/ Yoast SEO plugin. -->","yoast_head_json":{"title":"Sostenibilidad | Spain FabricAir","description":"Descubre c\u00f3mo FabricAir est\u00e1 reduciendo emisiones, impulsando la responsabilidad social y fomentando la innovaci\u00f3n en tecnolog\u00eda limpia a trav\u00e9s de nuestras iniciativas ESG.","robots":{"index":"index","follow":"follow","max-snippet":"max-snippet:-1","max-image-preview":"max-image-preview:large","max-video-preview":"max-video-preview:-1"},"canonical":"https:\/\/www.fabricair.com\/es\/wp-json\/wp\/v2\/pages\/9031\/","og_locale":"en_US","og_type":"article","og_title":"Sostenibilidad - Spain FabricAir","og_description":"Descubre c\u00f3mo FabricAir est\u00e1 reduciendo emisiones, impulsando la responsabilidad social y fomentando la innovaci\u00f3n en tecnolog\u00eda limpia a trav\u00e9s de nuestras iniciativas ESG.","og_url":"https:\/\/www.fabricair.com\/es\/acerca-de-fabricair\/sostenibilidad\/","og_site_name":"Spain FabricAir","og_image":[{"width":2560,"height":699,"url":"https:\/\/www.fabricair.com\/es\/wp-content\/uploads\/sites\/27\/2025\/09\/Sustainability_FabricAir-scaled-e1712054978317.webp","type":"image\/webp"}],"twitter_card":"summary_large_image","twitter_misc":{"Est. reading time":"4 minutes"},"schema":{"@context":"https:\/\/schema.org","@graph":[{"@type":"WebPage","@id":"https:\/\/www.fabricair.com\/es\/acerca-de-fabricair\/sostenibilidad\/","url":"https:\/\/www.fabricair.com\/es\/acerca-de-fabricair\/sostenibilidad\/","name":"Sostenibilidad - Spain FabricAir","isPartOf":{"@id":"https:\/\/www.fabricair.com\/es\/#website"},"primaryImageOfPage":{"@id":"https:\/\/www.fabricair.com\/es\/acerca-de-fabricair\/sostenibilidad\/#primaryimage"},"image":{"@id":"https:\/\/www.fabricair.com\/es\/acerca-de-fabricair\/sostenibilidad\/#primaryimage"},"thumbnailUrl":"https:\/\/www.fabricair.com\/es\/wp-content\/uploads\/sites\/27\/2025\/09\/Sustainability_FabricAir-scaled-e1712054978317.webp","datePublished":"2025-10-07T08:01:15+00:00","description":"Descubre c\u00f3mo FabricAir est\u00e1 reduciendo emisiones, impulsando la responsabilidad social y fomentando la innovaci\u00f3n en tecnolog\u00eda limpia a trav\u00e9s de nuestras iniciativas ESG.","breadcrumb":{"@id":"https:\/\/www.fabricair.com\/es\/acerca-de-fabricair\/sostenibilidad\/#breadcrumb"},"inLanguage":"en-US","potentialAction":[{"@type":"ReadAction","target":["https:\/\/www.fabricair.com\/es\/acerca-de-fabricair\/sostenibilidad\/"]}]},{"@type":"ImageObject","inLanguage":"en-US","@id":"https:\/\/www.fabricair.com\/es\/acerca-de-fabricair\/sostenibilidad\/#primaryimage","url":"https:\/\/www.fabricair.com\/es\/wp-content\/uploads\/sites\/27\/2025\/09\/Sustainability_FabricAir-scaled-e1712054978317.webp","contentUrl":"https:\/\/www.fabricair.com\/es\/wp-content\/uploads\/sites\/27\/2025\/09\/Sustainability_FabricAir-scaled-e1712054978317.webp","width":2560,"height":699},{"@type":"BreadcrumbList","@id":"https:\/\/www.fabricair.com\/es\/acerca-de-fabricair\/sostenibilidad\/#breadcrumb","itemListElement":[{"@type":"ListItem","position":1,"name":"Home","item":"https:\/\/www.fabricair.com\/es\/"},{"@type":"ListItem","position":2,"name":"Acerca de","item":"https:\/\/www.fabricair.com\/es\/acerca-de-fabricair\/"},{"@type":"ListItem","position":3,"name":"Sostenibilidad"}]},{"@type":"WebSite","@id":"https:\/\/www.fabricair.com\/es\/#website","url":"https:\/\/www.fabricair.com\/es\/","name":"Spain FabricAir","description":"","publisher":{"@id":"https:\/\/www.fabricair.com\/es\/#organization"},"potentialAction":[{"@type":"SearchAction","target":{"@type":"EntryPoint","urlTemplate":"https:\/\/www.fabricair.com\/es\/?s={search_term_string}"},"query-input":{"@type":"PropertyValueSpecification","valueRequired":true,"valueName":"search_term_string"}}],"inLanguage":"en-US"},{"@type":"Organization","@id":"https:\/\/www.fabricair.com\/es\/#organization","name":"Spain FabricAir","url":"https:\/\/www.fabricair.com\/es\/","logo":{"@type":"ImageObject","inLanguage":"en-US","@id":"https:\/\/www.fabricair.com\/es\/#\/schema\/logo\/image\/","url":"https:\/\/www.fabricair.com\/es\/wp-content\/uploads\/sites\/27\/2024\/03\/A01-FabricAir-logo-blue.png","contentUrl":"https:\/\/www.fabricair.com\/es\/wp-content\/uploads\/sites\/27\/2024\/03\/A01-FabricAir-logo-blue.png","width":2087,"height":366,"caption":"Spain FabricAir"},"image":{"@id":"https:\/\/www.fabricair.com\/es\/#\/schema\/logo\/image\/"},"sameAs":["https:\/\/www.linkedin.com\/company\/fabricair-a-s\/?originalSubdomain=es"]}]}},"_links":{"self":[{"href":"https:\/\/www.fabricair.com\/es\/wp-json\/wp\/v2\/pages\/9031","targetHints":{"allow":["GET"]}}],"collection":[{"href":"https:\/\/www.fabricair.com\/es\/wp-json\/wp\/v2\/pages"}],"about":[{"href":"https:\/\/www.fabricair.com\/es\/wp-json\/wp\/v2\/types\/page"}],"author":[{"embeddable":true,"href":"https:\/\/www.fabricair.com\/es\/wp-json\/wp\/v2\/users\/12"}],"replies":[{"embeddable":true,"href":"https:\/\/www.fabricair.com\/es\/wp-json\/wp\/v2\/comments?post=9031"}],"version-history":[{"count":15,"href":"https:\/\/www.fabricair.com\/es\/wp-json\/wp\/v2\/pages\/9031\/revisions"}],"predecessor-version":[{"id":9149,"href":"https:\/\/www.fabricair.com\/es\/wp-json\/wp\/v2\/pages\/9031\/revisions\/9149"}],"up":[{"embeddable":true,"href":"https:\/\/www.fabricair.com\/es\/wp-json\/wp\/v2\/pages\/1220"}],"wp:featuredmedia":[{"embeddable":true,"href":"https:\/\/www.fabricair.com\/es\/wp-json\/wp\/v2\/media\/9032"}],"wp:attachment":[{"href":"https:\/\/www.fabricair.com\/es\/wp-json\/wp\/v2\/media?parent=9031"}],"curies":[{"name":"wp","href":"https:\/\/api.w.org\/{rel}","templated":true}]}}