{"id":9052,"date":"2025-10-07T08:01:31","date_gmt":"2025-10-07T08:01:31","guid":{"rendered":"https:\/\/www.fabricair.com\/es\/?page_id=9052"},"modified":"2025-10-07T11:09:29","modified_gmt":"2025-10-07T11:09:29","slug":"objetivos-ambientales","status":"publish","type":"page","link":"https:\/\/www.fabricair.com\/es\/objetivos-ambientales\/","title":{"rendered":"Medioambiente"},"content":{"rendered":"<h1><b>Medioambiente<\/b><\/h1>\n<p>&nbsp;<\/p>\n<h2>Nuestro <b>Compromiso con la Sostenibilidad Ambiental<\/b><\/h2>\n<p><i>Distribuci\u00f3n de Aire Innovadora para un Futuro m\u00e1s Limpio y Sostenible para el <b>medioambiente<\/b><\/i><\/p>\n<p>&nbsp;<\/p>\n<h3><b>Neutralidad Clim\u00e1tica para 2030<\/b><\/h3>\n<p>FabricAir se <b>compromete<\/b> a lograr la <b>neutralidad clim\u00e1tica para 2030<\/b>, reduciendo las emisiones y promoviendo la circularidad en todas nuestras operaciones y cadena de suministro. Nuestra estrategia est\u00e1 <b>alineada<\/b> con marcos de sostenibilidad internacionales, incluidos el <b>Pacto Verde Europeo<\/b>, la <b>CSRD<\/b> y los <b>Objetivos de Desarrollo Sostenible (ODS)<\/b> de la ONU. Nuestros esfuerzos de sostenibilidad se centran en la <b>eficiencia energ\u00e9tica<\/b>, la <b>conservaci\u00f3n de recursos<\/b> y la <b>reducci\u00f3n de emisiones<\/b>, asegurando un futuro m\u00e1s <b>limpio<\/b> y <b>verde<\/b> para el <b>medioambiente<\/b> y para las <b>generaciones venideras<\/b>.<\/p>\n<p>&nbsp;<\/p>\n<p>\u2714 <b>Cero Emisiones Netas para 2030<\/b> FabricAir persigue la neutralidad clim\u00e1tica para asegurar <b>cero emisiones netas para 2030<\/b>. Lograremos este objetivo de <b>reducir<\/b> las emisiones de nuestras operaciones, con un impacto positivo en el <b>medioambiente<\/b>, mediante la adopci\u00f3n de opciones de <b>energ\u00eda renovable<\/b> y la <b>mejora<\/b> de la eficiencia de nuestros procesos internos.<\/p>\n<p>\u2714 <b>Reciclaje Circular Fibra a Fibra para 2030<\/b> A trav\u00e9s de la gesti\u00f3n estrat\u00e9gica de residuos, el abastecimiento de <b>materiales reciclados (para 2027)<\/b> y la implementaci\u00f3n de un programa de <b>&#8220;devoluci\u00f3n&#8221;<\/b> para los sistemas que necesitan ser reemplazados, seremos completamente <b>Fibra2Fibra<\/b> para 2030, beneficiando al <b>medioambiente<\/b>.<\/p>\n<p>\u2714 <b>Reducci\u00f3n del 60% en el Consumo de Agua para 2027<\/b> Adem\u00e1s de <b>alinearnos<\/b> con las normas <b>ISO 14001<\/b> y la <b>CSRD (Directiva de Informes de Sostenibilidad Corporativa)<\/b> mediante la reducci\u00f3n del consumo de agua, tambi\u00e9n <b>reduciremos<\/b> las aguas residuales y el <b>impacto qu\u00edmico<\/b> en el <b>medioambiente<\/b>.<\/p>\n<p>\u2714 <b>Contenido Qu\u00edmico Reducido con Tejidos Certificados<\/b> Al <b>cumplir<\/b> con las normas <b>EU REACH<\/b> y <b>\u00d6kotex<\/b>, ayudamos a <b>prevenir<\/b> que los productos qu\u00edmicos <b>peligrosos<\/b> entren en la cadena de suministro, <b>protegiendo<\/b> tanto a las personas como al <b>medioambiente<\/b>.<\/p>\n<h2><\/h2>\n<h2>Plan de <b>Transici\u00f3n<\/b> de <b>Sostenibilidad<\/b><\/h2>\n<p>Nuestro plan de <b>transici\u00f3n ESG<\/b> describe <b>hitos claros<\/b> para reducir las <b>emisiones<\/b>, promover el <b>abastecimiento sostenible<\/b> e impulsar la <b>innovaci\u00f3n circular<\/b> en todas nuestras operaciones y cadena de suministro, con la finalidad de proteger el <b>medioambiente<\/b>.<\/p>\n<p>Ya hemos sentado las bases al establecer un marco de <b>gobernanza ESG<\/b>, publicar nuestra primera <b>Declaraci\u00f3n Ambiental de Producto (DAP)<\/b> e integrar la <b>sostenibilidad<\/b> en nuestras operaciones. Para <b>2027<\/b>, lograremos la <b>neutralidad clim\u00e1tica<\/b> en los Alcances 1 y 2, haremos la transici\u00f3n al <b>90% de materiales reciclados<\/b> y reduciremos el <b>consumo de agua en un 60%<\/b>. Para <b>2030<\/b>, alcanzaremos las <b>cero emisiones netas<\/b> en el Alcance 3, integraremos completamente el <b>reciclaje fibra a fibra<\/b> y estableceremos un <b>modelo de negocio circular<\/b> que fije nuevos est\u00e1ndares de sostenibilidad en la industria.<\/p>\n<p>&nbsp;<\/p>\n<p>&nbsp;<\/p>\n<p>&nbsp;<\/p>\n","protected":false},"excerpt":{"rendered":"<p>Medioambiente &nbsp; Nuestro Compromiso con la Sostenibilidad Ambiental Distribuci\u00f3n de Aire Innovadora para un Futuro m\u00e1s Limpio y Sostenible para el medioambiente &nbsp; Neutralidad Clim\u00e1tica para 2030 FabricAir se compromete a lograr la neutralidad clim\u00e1tica para 2030, reduciendo las emisiones y promoviendo la circularidad en todas nuestras operaciones y cadena de suministro. Nuestra estrategia est\u00e1 [&hellip;]<\/p>\n","protected":false},"author":12,"featured_media":9053,"parent":0,"menu_order":0,"comment_status":"closed","ping_status":"closed","template":"","meta":{"_acf_changed":false,"inline_featured_image":false,"footnotes":""},"class_list":["post-9052","page","type-page","status-publish","has-post-thumbnail","hentry"],"acf":[],"yoast_head":"<!-- This site is optimized with the Yoast SEO plugin v27.3 - https:\/\/yoast.com\/product\/yoast-seo-wordpress\/ -->\n<title>Medioambiente | Spain FabricAir<\/title>\n<meta name=\"description\" content=\"Reducir las emisiones, implementar la circularidad fibra a fibra, y optimizar la eficiencia energ\u00e9tica e h\u00eddrica para impulsar un futuro m\u00e1s sostenible para el medioambiente.\" \/>\n<meta name=\"robots\" content=\"index, follow, max-snippet:-1, max-image-preview:large, max-video-preview:-1\" \/>\n<link rel=\"canonical\" href=\"https:\/\/www.fabricair.com\/es\/wp-json\/wp\/v2\/pages\/9052\/\" \/>\n<meta property=\"og:locale\" content=\"en_US\" \/>\n<meta property=\"og:type\" content=\"article\" \/>\n<meta property=\"og:title\" content=\"Medioambiente - Spain FabricAir\" \/>\n<meta property=\"og:description\" content=\"Reducir las emisiones, implementar la circularidad fibra a fibra, y optimizar la eficiencia energ\u00e9tica e h\u00eddrica para impulsar un futuro m\u00e1s sostenible para el medioambiente.\" \/>\n<meta property=\"og:url\" content=\"https:\/\/www.fabricair.com\/es\/objetivos-ambientales\/\" \/>\n<meta property=\"og:site_name\" content=\"Spain FabricAir\" \/>\n<meta property=\"article:modified_time\" content=\"2025-10-07T11:09:29+00:00\" \/>\n<meta property=\"og:image\" content=\"https:\/\/www.fabricair.com\/es\/wp-content\/uploads\/sites\/27\/2025\/09\/dsc00432.jpg\" \/>\n\t<meta property=\"og:image:width\" content=\"1550\" \/>\n\t<meta property=\"og:image:height\" content=\"874\" \/>\n\t<meta property=\"og:image:type\" content=\"image\/jpeg\" \/>\n<meta name=\"twitter:card\" content=\"summary_large_image\" \/>\n<meta name=\"twitter:label1\" content=\"Est. reading time\" \/>\n\t<meta name=\"twitter:data1\" content=\"3 minutes\" \/>\n<script type=\"application\/ld+json\" class=\"yoast-schema-graph\">{\"@context\":\"https:\\\/\\\/schema.org\",\"@graph\":[{\"@type\":\"WebPage\",\"@id\":\"https:\\\/\\\/www.fabricair.com\\\/es\\\/objetivos-ambientales\\\/\",\"url\":\"https:\\\/\\\/www.fabricair.com\\\/es\\\/objetivos-ambientales\\\/\",\"name\":\"Medioambiente - Spain FabricAir\",\"isPartOf\":{\"@id\":\"https:\\\/\\\/www.fabricair.com\\\/es\\\/#website\"},\"primaryImageOfPage\":{\"@id\":\"https:\\\/\\\/www.fabricair.com\\\/es\\\/objetivos-ambientales\\\/#primaryimage\"},\"image\":{\"@id\":\"https:\\\/\\\/www.fabricair.com\\\/es\\\/objetivos-ambientales\\\/#primaryimage\"},\"thumbnailUrl\":\"https:\\\/\\\/www.fabricair.com\\\/es\\\/wp-content\\\/uploads\\\/sites\\\/27\\\/2025\\\/09\\\/dsc00432.jpg\",\"datePublished\":\"2025-10-07T08:01:31+00:00\",\"dateModified\":\"2025-10-07T11:09:29+00:00\",\"description\":\"Reducir las emisiones, implementar la circularidad fibra a fibra, y optimizar la eficiencia energ\u00e9tica e h\u00eddrica para impulsar un futuro m\u00e1s sostenible para el medioambiente.\",\"breadcrumb\":{\"@id\":\"https:\\\/\\\/www.fabricair.com\\\/es\\\/objetivos-ambientales\\\/#breadcrumb\"},\"inLanguage\":\"en-US\",\"potentialAction\":[{\"@type\":\"ReadAction\",\"target\":[\"https:\\\/\\\/www.fabricair.com\\\/es\\\/objetivos-ambientales\\\/\"]}]},{\"@type\":\"ImageObject\",\"inLanguage\":\"en-US\",\"@id\":\"https:\\\/\\\/www.fabricair.com\\\/es\\\/objetivos-ambientales\\\/#primaryimage\",\"url\":\"https:\\\/\\\/www.fabricair.com\\\/es\\\/wp-content\\\/uploads\\\/sites\\\/27\\\/2025\\\/09\\\/dsc00432.jpg\",\"contentUrl\":\"https:\\\/\\\/www.fabricair.com\\\/es\\\/wp-content\\\/uploads\\\/sites\\\/27\\\/2025\\\/09\\\/dsc00432.jpg\",\"width\":1550,\"height\":874},{\"@type\":\"BreadcrumbList\",\"@id\":\"https:\\\/\\\/www.fabricair.com\\\/es\\\/objetivos-ambientales\\\/#breadcrumb\",\"itemListElement\":[{\"@type\":\"ListItem\",\"position\":1,\"name\":\"Home\",\"item\":\"https:\\\/\\\/www.fabricair.com\\\/es\\\/\"},{\"@type\":\"ListItem\",\"position\":2,\"name\":\"Medioambiente\"}]},{\"@type\":\"WebSite\",\"@id\":\"https:\\\/\\\/www.fabricair.com\\\/es\\\/#website\",\"url\":\"https:\\\/\\\/www.fabricair.com\\\/es\\\/\",\"name\":\"Spain FabricAir\",\"description\":\"\",\"publisher\":{\"@id\":\"https:\\\/\\\/www.fabricair.com\\\/es\\\/#organization\"},\"potentialAction\":[{\"@type\":\"SearchAction\",\"target\":{\"@type\":\"EntryPoint\",\"urlTemplate\":\"https:\\\/\\\/www.fabricair.com\\\/es\\\/?s={search_term_string}\"},\"query-input\":{\"@type\":\"PropertyValueSpecification\",\"valueRequired\":true,\"valueName\":\"search_term_string\"}}],\"inLanguage\":\"en-US\"},{\"@type\":\"Organization\",\"@id\":\"https:\\\/\\\/www.fabricair.com\\\/es\\\/#organization\",\"name\":\"Spain FabricAir\",\"url\":\"https:\\\/\\\/www.fabricair.com\\\/es\\\/\",\"logo\":{\"@type\":\"ImageObject\",\"inLanguage\":\"en-US\",\"@id\":\"https:\\\/\\\/www.fabricair.com\\\/es\\\/#\\\/schema\\\/logo\\\/image\\\/\",\"url\":\"https:\\\/\\\/www.fabricair.com\\\/es\\\/wp-content\\\/uploads\\\/sites\\\/27\\\/2024\\\/03\\\/A01-FabricAir-logo-blue.png\",\"contentUrl\":\"https:\\\/\\\/www.fabricair.com\\\/es\\\/wp-content\\\/uploads\\\/sites\\\/27\\\/2024\\\/03\\\/A01-FabricAir-logo-blue.png\",\"width\":2087,\"height\":366,\"caption\":\"Spain FabricAir\"},\"image\":{\"@id\":\"https:\\\/\\\/www.fabricair.com\\\/es\\\/#\\\/schema\\\/logo\\\/image\\\/\"},\"sameAs\":[\"https:\\\/\\\/www.linkedin.com\\\/company\\\/fabricair-a-s\\\/?originalSubdomain=es\"]}]}<\/script>\n<!-- \/ Yoast SEO plugin. -->","yoast_head_json":{"title":"Medioambiente | Spain FabricAir","description":"Reducir las emisiones, implementar la circularidad fibra a fibra, y optimizar la eficiencia energ\u00e9tica e h\u00eddrica para impulsar un futuro m\u00e1s sostenible para el medioambiente.","robots":{"index":"index","follow":"follow","max-snippet":"max-snippet:-1","max-image-preview":"max-image-preview:large","max-video-preview":"max-video-preview:-1"},"canonical":"https:\/\/www.fabricair.com\/es\/wp-json\/wp\/v2\/pages\/9052\/","og_locale":"en_US","og_type":"article","og_title":"Medioambiente - Spain FabricAir","og_description":"Reducir las emisiones, implementar la circularidad fibra a fibra, y optimizar la eficiencia energ\u00e9tica e h\u00eddrica para impulsar un futuro m\u00e1s sostenible para el medioambiente.","og_url":"https:\/\/www.fabricair.com\/es\/objetivos-ambientales\/","og_site_name":"Spain FabricAir","article_modified_time":"2025-10-07T11:09:29+00:00","og_image":[{"width":1550,"height":874,"url":"https:\/\/www.fabricair.com\/es\/wp-content\/uploads\/sites\/27\/2025\/09\/dsc00432.jpg","type":"image\/jpeg"}],"twitter_card":"summary_large_image","twitter_misc":{"Est. reading time":"3 minutes"},"schema":{"@context":"https:\/\/schema.org","@graph":[{"@type":"WebPage","@id":"https:\/\/www.fabricair.com\/es\/objetivos-ambientales\/","url":"https:\/\/www.fabricair.com\/es\/objetivos-ambientales\/","name":"Medioambiente - Spain FabricAir","isPartOf":{"@id":"https:\/\/www.fabricair.com\/es\/#website"},"primaryImageOfPage":{"@id":"https:\/\/www.fabricair.com\/es\/objetivos-ambientales\/#primaryimage"},"image":{"@id":"https:\/\/www.fabricair.com\/es\/objetivos-ambientales\/#primaryimage"},"thumbnailUrl":"https:\/\/www.fabricair.com\/es\/wp-content\/uploads\/sites\/27\/2025\/09\/dsc00432.jpg","datePublished":"2025-10-07T08:01:31+00:00","dateModified":"2025-10-07T11:09:29+00:00","description":"Reducir las emisiones, implementar la circularidad fibra a fibra, y optimizar la eficiencia energ\u00e9tica e h\u00eddrica para impulsar un futuro m\u00e1s sostenible para el medioambiente.","breadcrumb":{"@id":"https:\/\/www.fabricair.com\/es\/objetivos-ambientales\/#breadcrumb"},"inLanguage":"en-US","potentialAction":[{"@type":"ReadAction","target":["https:\/\/www.fabricair.com\/es\/objetivos-ambientales\/"]}]},{"@type":"ImageObject","inLanguage":"en-US","@id":"https:\/\/www.fabricair.com\/es\/objetivos-ambientales\/#primaryimage","url":"https:\/\/www.fabricair.com\/es\/wp-content\/uploads\/sites\/27\/2025\/09\/dsc00432.jpg","contentUrl":"https:\/\/www.fabricair.com\/es\/wp-content\/uploads\/sites\/27\/2025\/09\/dsc00432.jpg","width":1550,"height":874},{"@type":"BreadcrumbList","@id":"https:\/\/www.fabricair.com\/es\/objetivos-ambientales\/#breadcrumb","itemListElement":[{"@type":"ListItem","position":1,"name":"Home","item":"https:\/\/www.fabricair.com\/es\/"},{"@type":"ListItem","position":2,"name":"Medioambiente"}]},{"@type":"WebSite","@id":"https:\/\/www.fabricair.com\/es\/#website","url":"https:\/\/www.fabricair.com\/es\/","name":"Spain FabricAir","description":"","publisher":{"@id":"https:\/\/www.fabricair.com\/es\/#organization"},"potentialAction":[{"@type":"SearchAction","target":{"@type":"EntryPoint","urlTemplate":"https:\/\/www.fabricair.com\/es\/?s={search_term_string}"},"query-input":{"@type":"PropertyValueSpecification","valueRequired":true,"valueName":"search_term_string"}}],"inLanguage":"en-US"},{"@type":"Organization","@id":"https:\/\/www.fabricair.com\/es\/#organization","name":"Spain FabricAir","url":"https:\/\/www.fabricair.com\/es\/","logo":{"@type":"ImageObject","inLanguage":"en-US","@id":"https:\/\/www.fabricair.com\/es\/#\/schema\/logo\/image\/","url":"https:\/\/www.fabricair.com\/es\/wp-content\/uploads\/sites\/27\/2024\/03\/A01-FabricAir-logo-blue.png","contentUrl":"https:\/\/www.fabricair.com\/es\/wp-content\/uploads\/sites\/27\/2024\/03\/A01-FabricAir-logo-blue.png","width":2087,"height":366,"caption":"Spain FabricAir"},"image":{"@id":"https:\/\/www.fabricair.com\/es\/#\/schema\/logo\/image\/"},"sameAs":["https:\/\/www.linkedin.com\/company\/fabricair-a-s\/?originalSubdomain=es"]}]}},"_links":{"self":[{"href":"https:\/\/www.fabricair.com\/es\/wp-json\/wp\/v2\/pages\/9052","targetHints":{"allow":["GET"]}}],"collection":[{"href":"https:\/\/www.fabricair.com\/es\/wp-json\/wp\/v2\/pages"}],"about":[{"href":"https:\/\/www.fabricair.com\/es\/wp-json\/wp\/v2\/types\/page"}],"author":[{"embeddable":true,"href":"https:\/\/www.fabricair.com\/es\/wp-json\/wp\/v2\/users\/12"}],"replies":[{"embeddable":true,"href":"https:\/\/www.fabricair.com\/es\/wp-json\/wp\/v2\/comments?post=9052"}],"version-history":[{"count":19,"href":"https:\/\/www.fabricair.com\/es\/wp-json\/wp\/v2\/pages\/9052\/revisions"}],"predecessor-version":[{"id":9154,"href":"https:\/\/www.fabricair.com\/es\/wp-json\/wp\/v2\/pages\/9052\/revisions\/9154"}],"wp:featuredmedia":[{"embeddable":true,"href":"https:\/\/www.fabricair.com\/es\/wp-json\/wp\/v2\/media\/9053"}],"wp:attachment":[{"href":"https:\/\/www.fabricair.com\/es\/wp-json\/wp\/v2\/media?parent=9052"}],"curies":[{"name":"wp","href":"https:\/\/api.w.org\/{rel}","templated":true}]}}