{"id":9060,"date":"2025-10-07T08:02:07","date_gmt":"2025-10-07T08:02:07","guid":{"rendered":"https:\/\/www.fabricair.com\/es\/?page_id=9060"},"modified":"2025-10-07T11:08:35","modified_gmt":"2025-10-07T11:08:35","slug":"gobernanza","status":"publish","type":"page","link":"https:\/\/www.fabricair.com\/es\/gobernanza\/","title":{"rendered":"Gobernanza"},"content":{"rendered":"<h1>Gobernanza<\/h1>\n<h2>Objetivos de <b>Gobernanza<\/b><\/h2>\n<p><b>Comprometidos<\/b> con el <b>cumplimiento<\/b>, la <b>transparencia<\/b> y las <b>pr\u00e1cticas comerciales \u00e9ticas<\/b><\/p>\n<p>&nbsp;<\/p>\n<h3><b>Comprometidos<\/b> con la <b>Gobernanza Responsable<\/b><\/h3>\n<p>La sostenibilidad es m\u00e1s que una tendencia en FabricAir: es parte del <b>fundamento<\/b> de c\u00f3mo hacemos negocios en todo el mundo. Hemos establecido objetivos de <b>Gobernanza<\/b> para asegurar el <b>cumplimiento<\/b>, la <b>transparencia<\/b> y el <b>liderazgo \u00e9tico<\/b> en la industria. Este compromiso significa que hemos establecido pol\u00edticas y reportes en nuestro <b>Informe Anual<\/b> y <b>C\u00f3digo de Conducta<\/b> sobre:<\/p>\n<ul>\n<li><b>Antisoborno<\/b><\/li>\n<li><b>Anticorrupci\u00f3n<\/b><\/li>\n<li><b>Influencia pol\u00edtica<\/b> y <i>lobbying<\/i> (cabildeo)<\/li>\n<li><b>Pr\u00e1cticas de pago<\/b><\/li>\n<\/ul>\n<p>&nbsp;<\/p>\n<h3><b>Marco de Gobernanza<\/b><\/h3>\n<p>Nuestra presentaci\u00f3n de informes de <b>Gobernanza<\/b> est\u00e1 <b>alineada<\/b> con la <b>Directiva de Informes de Sostenibilidad Corporativa (CSRD)<\/b> de la UE. Este enfoque <b>integral<\/b> garantiza que cada \u00e1rea de nuestro negocio impactada por la sostenibilidad est\u00e9 <b>documentada<\/b>, incluyendo nuestra estrategia, objetivos, productos y servicios, y las relaciones a lo largo de la cadena de valor.<\/p>\n<p>Esto incluye la <b>supervisi\u00f3n de la Junta Directiva<\/b> sobre el cumplimiento y la \u00e9tica <b>ESG<\/b>, <b>expertos ESG<\/b> que gu\u00edan la estrategia y la implementaci\u00f3n, y la <b>colaboraci\u00f3n multifuncional<\/b> para asegurar que la sostenibilidad est\u00e9 integrada en toda la empresa.<\/p>\n<p>&nbsp;<\/p>\n<h3><b>Informes y Cumplimiento<\/b><\/h3>\n<ul>\n<li><b>CSRD (Directiva de Informes de Sostenibilidad Corporativa)<\/b><\/li>\n<li><b>Normas Europeas de Informaci\u00f3n sobre Sostenibilidad (ESRS)<\/b><\/li>\n<li><b>Certificaci\u00f3n del Sistema de Gesti\u00f3n Ambiental ISO 14001<\/b><\/li>\n<li><b>Objetivos de Desarrollo Sostenible (ODS) de la ONU<\/b><\/li>\n<\/ul>\n<p>&nbsp;<\/p>\n<p>&nbsp;<\/p>\n","protected":false},"excerpt":{"rendered":"<p>Gobernanza Objetivos de Gobernanza Comprometidos con el cumplimiento, la transparencia y las pr\u00e1cticas comerciales \u00e9ticas &nbsp; Comprometidos con la Gobernanza Responsable La sostenibilidad es m\u00e1s que una tendencia en FabricAir: es parte del fundamento de c\u00f3mo hacemos negocios en todo el mundo. Hemos establecido objetivos de Gobernanza para asegurar el cumplimiento, la transparencia y el [&hellip;]<\/p>\n","protected":false},"author":12,"featured_media":9062,"parent":0,"menu_order":0,"comment_status":"closed","ping_status":"closed","template":"","meta":{"_acf_changed":false,"inline_featured_image":false,"footnotes":""},"class_list":["post-9060","page","type-page","status-publish","has-post-thumbnail","hentry"],"acf":[],"yoast_head":"<!-- This site is optimized with the Yoast SEO plugin v27.3 - https:\/\/yoast.com\/product\/yoast-seo-wordpress\/ -->\n<title>Gobernanza | Spain FabricAir<\/title>\n<meta name=\"description\" content=\"Nuestra Gobernanza ESG se alinea con la CSRD, las normas de informe ESG e ISO 14001, asegurando la rendici\u00f3n de cuentas en todas las iniciativas de sostenibilidad.\" \/>\n<meta name=\"robots\" content=\"index, follow, max-snippet:-1, max-image-preview:large, max-video-preview:-1\" \/>\n<link rel=\"canonical\" href=\"https:\/\/www.fabricair.com\/es\/wp-json\/wp\/v2\/pages\/9060\/\" \/>\n<meta property=\"og:locale\" content=\"en_US\" \/>\n<meta property=\"og:type\" content=\"article\" \/>\n<meta property=\"og:title\" content=\"Gobernanza - Spain FabricAir\" \/>\n<meta property=\"og:description\" content=\"Nuestra Gobernanza ESG se alinea con la CSRD, las normas de informe ESG e ISO 14001, asegurando la rendici\u00f3n de cuentas en todas las iniciativas de sostenibilidad.\" \/>\n<meta property=\"og:url\" content=\"https:\/\/www.fabricair.com\/es\/gobernanza\/\" \/>\n<meta property=\"og:site_name\" content=\"Spain FabricAir\" \/>\n<meta property=\"article:modified_time\" content=\"2025-10-07T11:08:35+00:00\" \/>\n<meta property=\"og:image\" content=\"https:\/\/www.fabricair.com\/es\/wp-content\/uploads\/sites\/27\/2025\/09\/G-Framework_1772x1772-1024x1024.png\" \/>\n\t<meta property=\"og:image:width\" content=\"1024\" \/>\n\t<meta property=\"og:image:height\" content=\"1024\" \/>\n\t<meta property=\"og:image:type\" content=\"image\/png\" \/>\n<meta name=\"twitter:card\" content=\"summary_large_image\" \/>\n<meta name=\"twitter:label1\" content=\"Est. reading time\" \/>\n\t<meta name=\"twitter:data1\" content=\"2 minutes\" \/>\n<script type=\"application\/ld+json\" class=\"yoast-schema-graph\">{\"@context\":\"https:\\\/\\\/schema.org\",\"@graph\":[{\"@type\":\"WebPage\",\"@id\":\"https:\\\/\\\/www.fabricair.com\\\/es\\\/gobernanza\\\/\",\"url\":\"https:\\\/\\\/www.fabricair.com\\\/es\\\/gobernanza\\\/\",\"name\":\"Gobernanza - Spain FabricAir\",\"isPartOf\":{\"@id\":\"https:\\\/\\\/www.fabricair.com\\\/es\\\/#website\"},\"primaryImageOfPage\":{\"@id\":\"https:\\\/\\\/www.fabricair.com\\\/es\\\/gobernanza\\\/#primaryimage\"},\"image\":{\"@id\":\"https:\\\/\\\/www.fabricair.com\\\/es\\\/gobernanza\\\/#primaryimage\"},\"thumbnailUrl\":\"https:\\\/\\\/www.fabricair.com\\\/es\\\/wp-content\\\/uploads\\\/sites\\\/27\\\/2025\\\/09\\\/G-Framework_1772x1772.png\",\"datePublished\":\"2025-10-07T08:02:07+00:00\",\"dateModified\":\"2025-10-07T11:08:35+00:00\",\"description\":\"Nuestra Gobernanza ESG se alinea con la CSRD, las normas de informe ESG e ISO 14001, asegurando la rendici\u00f3n de cuentas en todas las iniciativas de sostenibilidad.\",\"breadcrumb\":{\"@id\":\"https:\\\/\\\/www.fabricair.com\\\/es\\\/gobernanza\\\/#breadcrumb\"},\"inLanguage\":\"en-US\",\"potentialAction\":[{\"@type\":\"ReadAction\",\"target\":[\"https:\\\/\\\/www.fabricair.com\\\/es\\\/gobernanza\\\/\"]}]},{\"@type\":\"ImageObject\",\"inLanguage\":\"en-US\",\"@id\":\"https:\\\/\\\/www.fabricair.com\\\/es\\\/gobernanza\\\/#primaryimage\",\"url\":\"https:\\\/\\\/www.fabricair.com\\\/es\\\/wp-content\\\/uploads\\\/sites\\\/27\\\/2025\\\/09\\\/G-Framework_1772x1772.png\",\"contentUrl\":\"https:\\\/\\\/www.fabricair.com\\\/es\\\/wp-content\\\/uploads\\\/sites\\\/27\\\/2025\\\/09\\\/G-Framework_1772x1772.png\",\"width\":1772,\"height\":1772},{\"@type\":\"BreadcrumbList\",\"@id\":\"https:\\\/\\\/www.fabricair.com\\\/es\\\/gobernanza\\\/#breadcrumb\",\"itemListElement\":[{\"@type\":\"ListItem\",\"position\":1,\"name\":\"Home\",\"item\":\"https:\\\/\\\/www.fabricair.com\\\/es\\\/\"},{\"@type\":\"ListItem\",\"position\":2,\"name\":\"Gobernanza\"}]},{\"@type\":\"WebSite\",\"@id\":\"https:\\\/\\\/www.fabricair.com\\\/es\\\/#website\",\"url\":\"https:\\\/\\\/www.fabricair.com\\\/es\\\/\",\"name\":\"Spain FabricAir\",\"description\":\"\",\"publisher\":{\"@id\":\"https:\\\/\\\/www.fabricair.com\\\/es\\\/#organization\"},\"potentialAction\":[{\"@type\":\"SearchAction\",\"target\":{\"@type\":\"EntryPoint\",\"urlTemplate\":\"https:\\\/\\\/www.fabricair.com\\\/es\\\/?s={search_term_string}\"},\"query-input\":{\"@type\":\"PropertyValueSpecification\",\"valueRequired\":true,\"valueName\":\"search_term_string\"}}],\"inLanguage\":\"en-US\"},{\"@type\":\"Organization\",\"@id\":\"https:\\\/\\\/www.fabricair.com\\\/es\\\/#organization\",\"name\":\"Spain FabricAir\",\"url\":\"https:\\\/\\\/www.fabricair.com\\\/es\\\/\",\"logo\":{\"@type\":\"ImageObject\",\"inLanguage\":\"en-US\",\"@id\":\"https:\\\/\\\/www.fabricair.com\\\/es\\\/#\\\/schema\\\/logo\\\/image\\\/\",\"url\":\"https:\\\/\\\/www.fabricair.com\\\/es\\\/wp-content\\\/uploads\\\/sites\\\/27\\\/2024\\\/03\\\/A01-FabricAir-logo-blue.png\",\"contentUrl\":\"https:\\\/\\\/www.fabricair.com\\\/es\\\/wp-content\\\/uploads\\\/sites\\\/27\\\/2024\\\/03\\\/A01-FabricAir-logo-blue.png\",\"width\":2087,\"height\":366,\"caption\":\"Spain FabricAir\"},\"image\":{\"@id\":\"https:\\\/\\\/www.fabricair.com\\\/es\\\/#\\\/schema\\\/logo\\\/image\\\/\"},\"sameAs\":[\"https:\\\/\\\/www.linkedin.com\\\/company\\\/fabricair-a-s\\\/?originalSubdomain=es\"]}]}<\/script>\n<!-- \/ Yoast SEO plugin. -->","yoast_head_json":{"title":"Gobernanza | Spain FabricAir","description":"Nuestra Gobernanza ESG se alinea con la CSRD, las normas de informe ESG e ISO 14001, asegurando la rendici\u00f3n de cuentas en todas las iniciativas de sostenibilidad.","robots":{"index":"index","follow":"follow","max-snippet":"max-snippet:-1","max-image-preview":"max-image-preview:large","max-video-preview":"max-video-preview:-1"},"canonical":"https:\/\/www.fabricair.com\/es\/wp-json\/wp\/v2\/pages\/9060\/","og_locale":"en_US","og_type":"article","og_title":"Gobernanza - Spain FabricAir","og_description":"Nuestra Gobernanza ESG se alinea con la CSRD, las normas de informe ESG e ISO 14001, asegurando la rendici\u00f3n de cuentas en todas las iniciativas de sostenibilidad.","og_url":"https:\/\/www.fabricair.com\/es\/gobernanza\/","og_site_name":"Spain FabricAir","article_modified_time":"2025-10-07T11:08:35+00:00","og_image":[{"width":1024,"height":1024,"url":"https:\/\/www.fabricair.com\/es\/wp-content\/uploads\/sites\/27\/2025\/09\/G-Framework_1772x1772-1024x1024.png","type":"image\/png"}],"twitter_card":"summary_large_image","twitter_misc":{"Est. reading time":"2 minutes"},"schema":{"@context":"https:\/\/schema.org","@graph":[{"@type":"WebPage","@id":"https:\/\/www.fabricair.com\/es\/gobernanza\/","url":"https:\/\/www.fabricair.com\/es\/gobernanza\/","name":"Gobernanza - Spain FabricAir","isPartOf":{"@id":"https:\/\/www.fabricair.com\/es\/#website"},"primaryImageOfPage":{"@id":"https:\/\/www.fabricair.com\/es\/gobernanza\/#primaryimage"},"image":{"@id":"https:\/\/www.fabricair.com\/es\/gobernanza\/#primaryimage"},"thumbnailUrl":"https:\/\/www.fabricair.com\/es\/wp-content\/uploads\/sites\/27\/2025\/09\/G-Framework_1772x1772.png","datePublished":"2025-10-07T08:02:07+00:00","dateModified":"2025-10-07T11:08:35+00:00","description":"Nuestra Gobernanza ESG se alinea con la CSRD, las normas de informe ESG e ISO 14001, asegurando la rendici\u00f3n de cuentas en todas las iniciativas de sostenibilidad.","breadcrumb":{"@id":"https:\/\/www.fabricair.com\/es\/gobernanza\/#breadcrumb"},"inLanguage":"en-US","potentialAction":[{"@type":"ReadAction","target":["https:\/\/www.fabricair.com\/es\/gobernanza\/"]}]},{"@type":"ImageObject","inLanguage":"en-US","@id":"https:\/\/www.fabricair.com\/es\/gobernanza\/#primaryimage","url":"https:\/\/www.fabricair.com\/es\/wp-content\/uploads\/sites\/27\/2025\/09\/G-Framework_1772x1772.png","contentUrl":"https:\/\/www.fabricair.com\/es\/wp-content\/uploads\/sites\/27\/2025\/09\/G-Framework_1772x1772.png","width":1772,"height":1772},{"@type":"BreadcrumbList","@id":"https:\/\/www.fabricair.com\/es\/gobernanza\/#breadcrumb","itemListElement":[{"@type":"ListItem","position":1,"name":"Home","item":"https:\/\/www.fabricair.com\/es\/"},{"@type":"ListItem","position":2,"name":"Gobernanza"}]},{"@type":"WebSite","@id":"https:\/\/www.fabricair.com\/es\/#website","url":"https:\/\/www.fabricair.com\/es\/","name":"Spain FabricAir","description":"","publisher":{"@id":"https:\/\/www.fabricair.com\/es\/#organization"},"potentialAction":[{"@type":"SearchAction","target":{"@type":"EntryPoint","urlTemplate":"https:\/\/www.fabricair.com\/es\/?s={search_term_string}"},"query-input":{"@type":"PropertyValueSpecification","valueRequired":true,"valueName":"search_term_string"}}],"inLanguage":"en-US"},{"@type":"Organization","@id":"https:\/\/www.fabricair.com\/es\/#organization","name":"Spain FabricAir","url":"https:\/\/www.fabricair.com\/es\/","logo":{"@type":"ImageObject","inLanguage":"en-US","@id":"https:\/\/www.fabricair.com\/es\/#\/schema\/logo\/image\/","url":"https:\/\/www.fabricair.com\/es\/wp-content\/uploads\/sites\/27\/2024\/03\/A01-FabricAir-logo-blue.png","contentUrl":"https:\/\/www.fabricair.com\/es\/wp-content\/uploads\/sites\/27\/2024\/03\/A01-FabricAir-logo-blue.png","width":2087,"height":366,"caption":"Spain FabricAir"},"image":{"@id":"https:\/\/www.fabricair.com\/es\/#\/schema\/logo\/image\/"},"sameAs":["https:\/\/www.linkedin.com\/company\/fabricair-a-s\/?originalSubdomain=es"]}]}},"_links":{"self":[{"href":"https:\/\/www.fabricair.com\/es\/wp-json\/wp\/v2\/pages\/9060","targetHints":{"allow":["GET"]}}],"collection":[{"href":"https:\/\/www.fabricair.com\/es\/wp-json\/wp\/v2\/pages"}],"about":[{"href":"https:\/\/www.fabricair.com\/es\/wp-json\/wp\/v2\/types\/page"}],"author":[{"embeddable":true,"href":"https:\/\/www.fabricair.com\/es\/wp-json\/wp\/v2\/users\/12"}],"replies":[{"embeddable":true,"href":"https:\/\/www.fabricair.com\/es\/wp-json\/wp\/v2\/comments?post=9060"}],"version-history":[{"count":4,"href":"https:\/\/www.fabricair.com\/es\/wp-json\/wp\/v2\/pages\/9060\/revisions"}],"predecessor-version":[{"id":9153,"href":"https:\/\/www.fabricair.com\/es\/wp-json\/wp\/v2\/pages\/9060\/revisions\/9153"}],"wp:featuredmedia":[{"embeddable":true,"href":"https:\/\/www.fabricair.com\/es\/wp-json\/wp\/v2\/media\/9062"}],"wp:attachment":[{"href":"https:\/\/www.fabricair.com\/es\/wp-json\/wp\/v2\/media?parent=9060"}],"curies":[{"name":"wp","href":"https:\/\/api.w.org\/{rel}","templated":true}]}}