{"id":9143,"date":"2025-10-07T08:02:27","date_gmt":"2025-10-07T08:02:27","guid":{"rendered":"https:\/\/www.fabricair.com\/es\/?page_id=9143"},"modified":"2025-10-07T08:02:27","modified_gmt":"2025-10-07T08:02:27","slug":"politica-de-informantes","status":"publish","type":"page","link":"https:\/\/www.fabricair.com\/es\/politica-de-informantes\/","title":{"rendered":"Pol\u00edtica de Informantes"},"content":{"rendered":"<h1>Pol\u00edtica de Informantes<\/h1>\n<p><em>Fecha de Entrada en Vigor: 1 de diciembre de 2023<\/em><\/p>\n<p>&nbsp;<\/p>\n<h3>Objeto y Alcance<\/h3>\n<p>Esta Pol\u00edtica de Denunciantes (o Pol\u00edtica de Informantes) tiene como objeto fomentar la comunicaci\u00f3n de cualquier conducta no \u00e9tica, ilegal o inapropiada dentro de nuestra organizaci\u00f3n. La pol\u00edtica es aplicable a todos los empleados, contratistas, proveedores y otros socios externos asociados con nuestra organizaci\u00f3n en diversos pa\u00edses y continentes.<\/p>\n<p>&nbsp;<\/p>\n<h3>Mecanismo de Denuncia<\/h3>\n<p>Todas las denuncias de irregularidades deber\u00e1n presentarse a trav\u00e9s de nuestro <b>Sistema de Denuncias<\/b> (o <b>Canal de Denuncias<\/b>) designado. Esta <b>plataforma segura y confidencial<\/b> garantiza la protecci\u00f3n de los denunciantes y facilita la gesti\u00f3n eficiente de los informes.<\/p>\n<p>&nbsp;<\/p>\n<p>Acceda al Sistema de Denuncias \u00a0<a class=\"ng-star-inserted\" href=\"https:\/\/whistleblowersoftware.com\/secure\/FabricAir\" target=\"_blank\" rel=\"noopener\" data-hveid=\"0\" data-ved=\"0CAAQ_4QMahgKEwifrbLvyZGQAxUAAAAAHQAAAAAQ6wE\">https:\/\/whistleblowersoftware.com\/secure\/FabricAir<\/a><\/p>\n<p>Acceda al Sistema de Denuncias utilizando el c\u00f3digo QR.<\/p>\n<p>&nbsp;<\/p>\n<h3>C\u00f3mo Presentar una Denuncia<\/h3>\n<p>Al acceder al <b>Sistema de Denuncias<\/b>, lo primero que se le pedir\u00e1 es que elija su idioma preferido. A continuaci\u00f3n, encontrar\u00e1 una gu\u00eda sobre c\u00f3mo crear un informe y c\u00f3mo acceder y dar seguimiento al proceso de su denuncia en el sistema una vez que se presenta.<\/p>\n<p>La denuncia <b>debe ser por escrito<\/b>, y debe adjuntar todos los documentos pertinentes, si los hubiera.<\/p>\n<p>&nbsp;<\/p>\n<h3>Divulgaciones Protegidas<\/h3>\n<p>Esta pol\u00edtica <b>protege<\/b> a las personas que denuncian de <b>buena fe<\/b> cualquier violaci\u00f3n conocida o sospechada. La <b>represalia<\/b> contra los denunciantes est\u00e1 estrictamente <b>prohibida<\/b>, y quienes reporten violaciones no enfrentar\u00e1n consecuencias laborales adversas.<\/p>\n<p>&nbsp;<\/p>\n<h3>Tipos de Violaciones<\/h3>\n<p>Las denuncias pueden incluir, pero no se limitan a:<\/p>\n<ul>\n<li>Abuso de poder<\/li>\n<li>Actos de auditores<\/li>\n<li>Soborno<\/li>\n<li>Derecho de la competencia<\/li>\n<li>Conflicto de intereses<\/li>\n<li>Corrupci\u00f3n<\/li>\n<li>Fraude<\/li>\n<li>Lavado de dinero<\/li>\n<li>Fraude en la contrataci\u00f3n p\u00fablica (o fraude en las adquisiciones)<\/li>\n<li>Protecci\u00f3n de la infancia<\/li>\n<li>Derechos y protecci\u00f3n de las personas<\/li>\n<li>Explotaci\u00f3n, abuso o acoso sexual<\/li>\n<li>Terrorismo<\/li>\n<li>Conducta inaceptable<\/li>\n<\/ul>\n<p>&nbsp;<\/p>\n<h3>Proceso de Investigaci\u00f3n<\/h3>\n<p>Todas las preocupaciones reportadas ser\u00e1n investigadas <b>con prontitud y a fondo<\/b>. Las investigaciones se llevar\u00e1n a cabo de manera imparcial, y se mantendr\u00e1 la <b>confidencialidad<\/b> en la medida permitida por la ley. Los denunciantes ser\u00e1n informados del resultado de la investigaci\u00f3n, en la medida permitida por la ley.<\/p>\n<p>Palle J\u00f8rgensen, Presidente de la Junta Directiva, y Kirsten Sohnesen, Directora de Recursos Humanos (CHRO), han sido seleccionados para actuar como investigadores para FabricAir. Las denuncias pueden ser investigadas por ambos investigadores o por solo uno.<\/p>\n<p>&nbsp;<\/p>\n<h3>No Represalias<\/h3>\n<p>Cualquier forma de <b>represalia<\/b> contra las personas que reportan preocupaciones de buena fe est\u00e1 <b>estrictamente prohibida<\/b>. Cualquier empleado que se descubra que participa en acciones de represalia estar\u00e1 sujeto a medidas disciplinarias.<\/p>\n<p>&nbsp;<\/p>\n<h3>Concienciaci\u00f3n<\/h3>\n<p>Como parte del <b>proceso de incorporaci\u00f3n (onboarding)<\/b> para nuevos empleados, la organizaci\u00f3n se asegurar\u00e1 de que todos los empleados reciban informaci\u00f3n sobre la <b>Pol\u00edtica de Denunciantes<\/b>. Esto se transmitir\u00e1 a trav\u00e9s de materiales, y se distribuir\u00e1n recordatorios y actualizaciones peri\u00f3dicas para mantener una concienciaci\u00f3n continua entre los empleados existentes. Si bien no habr\u00e1 sesiones de formaci\u00f3n formal, la organizaci\u00f3n se compromete a mantener a todos los miembros del equipo informados sobre la Pol\u00edtica de Denunciantes como un aspecto integral de nuestro compromiso con la conducta \u00e9tica y la rendici\u00f3n de cuentas.<\/p>\n<p>&nbsp;<\/p>\n<h3>Revisi\u00f3n de la Pol\u00edtica<\/h3>\n<p>Esta pol\u00edtica ser\u00e1 <b>revisada y actualizada peri\u00f3dicamente<\/b> para garantizar su eficacia y cumplimiento con las leyes y regulaciones aplicables.<\/p>\n<p>&nbsp;<\/p>\n<h3>Informaci\u00f3n de Contacto<\/h3>\n<p>Para cualquier pregunta o informaci\u00f3n adicional sobre esta Pol\u00edtica de Denunciantes, por favor, contacte a:<\/p>\n<p>Directora de Recursos Humanos (CHRO) Kirsten Sohnesen kso@fabricair.com +45 5370 1215<\/p>\n<p>&nbsp;<\/p>\n<h3>Conclusi\u00f3n<\/h3>\n<p>Nuestra organizaci\u00f3n est\u00e1 comprometida con mantener los m\u00e1s altos est\u00e1ndares de integridad y comportamiento \u00e9tico. La Pol\u00edtica de Denunciantes subraya nuestra dedicaci\u00f3n a fomentar una <b>cultura de apertura y rendici\u00f3n de cuentas<\/b>. Se anima a cada individuo asociado con la organizaci\u00f3n a desempe\u00f1ar un papel en la defensa de estos principios.<\/p>\n","protected":false},"excerpt":{"rendered":"<p>Pol\u00edtica de Informantes Fecha de Entrada en Vigor: 1 de diciembre de 2023 &nbsp; Objeto y Alcance Esta Pol\u00edtica de Denunciantes (o Pol\u00edtica de Informantes) tiene como objeto fomentar la comunicaci\u00f3n de cualquier conducta no \u00e9tica, ilegal o inapropiada dentro de nuestra organizaci\u00f3n. La pol\u00edtica es aplicable a todos los empleados, contratistas, proveedores y otros [&hellip;]<\/p>\n","protected":false},"author":8,"featured_media":0,"parent":0,"menu_order":0,"comment_status":"closed","ping_status":"closed","template":"","meta":{"_acf_changed":false,"inline_featured_image":false,"footnotes":""},"class_list":["post-9143","page","type-page","status-publish","hentry"],"acf":[],"yoast_head":"<!-- This site is optimized with the Yoast SEO plugin v27.3 - https:\/\/yoast.com\/product\/yoast-seo-wordpress\/ -->\n<title>Pol\u00edtica de Informantes | Spain FabricAir<\/title>\n<meta name=\"description\" content=\"Conoce la Pol\u00edtica de Informantes de FabricAir. Reporta de forma segura y confidencial cualquier conducta inapropiada o ilegal. Garantizamos tu protecci\u00f3n.\" \/>\n<meta name=\"robots\" content=\"index, follow, max-snippet:-1, max-image-preview:large, max-video-preview:-1\" \/>\n<link rel=\"canonical\" href=\"https:\/\/www.fabricair.com\/es\/wp-json\/wp\/v2\/pages\/9143\/\" \/>\n<meta property=\"og:locale\" content=\"en_US\" \/>\n<meta property=\"og:type\" content=\"article\" \/>\n<meta property=\"og:title\" content=\"Pol\u00edtica de Informantes - Spain FabricAir\" \/>\n<meta property=\"og:description\" content=\"Conoce la Pol\u00edtica de Informantes de FabricAir. Reporta de forma segura y confidencial cualquier conducta inapropiada o ilegal. Garantizamos tu protecci\u00f3n.\" \/>\n<meta property=\"og:url\" content=\"https:\/\/www.fabricair.com\/es\/politica-de-informantes\/\" \/>\n<meta property=\"og:site_name\" content=\"Spain FabricAir\" \/>\n<meta name=\"twitter:card\" content=\"summary_large_image\" \/>\n<meta name=\"twitter:label1\" content=\"Est. reading time\" \/>\n\t<meta name=\"twitter:data1\" content=\"3 minutes\" \/>\n<script type=\"application\/ld+json\" class=\"yoast-schema-graph\">{\"@context\":\"https:\\\/\\\/schema.org\",\"@graph\":[{\"@type\":\"WebPage\",\"@id\":\"https:\\\/\\\/www.fabricair.com\\\/es\\\/politica-de-informantes\\\/\",\"url\":\"https:\\\/\\\/www.fabricair.com\\\/es\\\/politica-de-informantes\\\/\",\"name\":\"Pol\u00edtica de Informantes - Spain FabricAir\",\"isPartOf\":{\"@id\":\"https:\\\/\\\/www.fabricair.com\\\/es\\\/#website\"},\"datePublished\":\"2025-10-07T08:02:27+00:00\",\"description\":\"Conoce la Pol\u00edtica de Informantes de FabricAir. Reporta de forma segura y confidencial cualquier conducta inapropiada o ilegal. Garantizamos tu protecci\u00f3n.\",\"breadcrumb\":{\"@id\":\"https:\\\/\\\/www.fabricair.com\\\/es\\\/politica-de-informantes\\\/#breadcrumb\"},\"inLanguage\":\"en-US\",\"potentialAction\":[{\"@type\":\"ReadAction\",\"target\":[\"https:\\\/\\\/www.fabricair.com\\\/es\\\/politica-de-informantes\\\/\"]}]},{\"@type\":\"BreadcrumbList\",\"@id\":\"https:\\\/\\\/www.fabricair.com\\\/es\\\/politica-de-informantes\\\/#breadcrumb\",\"itemListElement\":[{\"@type\":\"ListItem\",\"position\":1,\"name\":\"Home\",\"item\":\"https:\\\/\\\/www.fabricair.com\\\/es\\\/\"},{\"@type\":\"ListItem\",\"position\":2,\"name\":\"Pol\u00edtica de Informantes\"}]},{\"@type\":\"WebSite\",\"@id\":\"https:\\\/\\\/www.fabricair.com\\\/es\\\/#website\",\"url\":\"https:\\\/\\\/www.fabricair.com\\\/es\\\/\",\"name\":\"Spain FabricAir\",\"description\":\"\",\"publisher\":{\"@id\":\"https:\\\/\\\/www.fabricair.com\\\/es\\\/#organization\"},\"potentialAction\":[{\"@type\":\"SearchAction\",\"target\":{\"@type\":\"EntryPoint\",\"urlTemplate\":\"https:\\\/\\\/www.fabricair.com\\\/es\\\/?s={search_term_string}\"},\"query-input\":{\"@type\":\"PropertyValueSpecification\",\"valueRequired\":true,\"valueName\":\"search_term_string\"}}],\"inLanguage\":\"en-US\"},{\"@type\":\"Organization\",\"@id\":\"https:\\\/\\\/www.fabricair.com\\\/es\\\/#organization\",\"name\":\"Spain FabricAir\",\"url\":\"https:\\\/\\\/www.fabricair.com\\\/es\\\/\",\"logo\":{\"@type\":\"ImageObject\",\"inLanguage\":\"en-US\",\"@id\":\"https:\\\/\\\/www.fabricair.com\\\/es\\\/#\\\/schema\\\/logo\\\/image\\\/\",\"url\":\"https:\\\/\\\/www.fabricair.com\\\/es\\\/wp-content\\\/uploads\\\/sites\\\/27\\\/2024\\\/03\\\/A01-FabricAir-logo-blue.png\",\"contentUrl\":\"https:\\\/\\\/www.fabricair.com\\\/es\\\/wp-content\\\/uploads\\\/sites\\\/27\\\/2024\\\/03\\\/A01-FabricAir-logo-blue.png\",\"width\":2087,\"height\":366,\"caption\":\"Spain FabricAir\"},\"image\":{\"@id\":\"https:\\\/\\\/www.fabricair.com\\\/es\\\/#\\\/schema\\\/logo\\\/image\\\/\"},\"sameAs\":[\"https:\\\/\\\/www.linkedin.com\\\/company\\\/fabricair-a-s\\\/?originalSubdomain=es\"]}]}<\/script>\n<!-- \/ Yoast SEO plugin. -->","yoast_head_json":{"title":"Pol\u00edtica de Informantes | Spain FabricAir","description":"Conoce la Pol\u00edtica de Informantes de FabricAir. Reporta de forma segura y confidencial cualquier conducta inapropiada o ilegal. Garantizamos tu protecci\u00f3n.","robots":{"index":"index","follow":"follow","max-snippet":"max-snippet:-1","max-image-preview":"max-image-preview:large","max-video-preview":"max-video-preview:-1"},"canonical":"https:\/\/www.fabricair.com\/es\/wp-json\/wp\/v2\/pages\/9143\/","og_locale":"en_US","og_type":"article","og_title":"Pol\u00edtica de Informantes - Spain FabricAir","og_description":"Conoce la Pol\u00edtica de Informantes de FabricAir. Reporta de forma segura y confidencial cualquier conducta inapropiada o ilegal. Garantizamos tu protecci\u00f3n.","og_url":"https:\/\/www.fabricair.com\/es\/politica-de-informantes\/","og_site_name":"Spain FabricAir","twitter_card":"summary_large_image","twitter_misc":{"Est. reading time":"3 minutes"},"schema":{"@context":"https:\/\/schema.org","@graph":[{"@type":"WebPage","@id":"https:\/\/www.fabricair.com\/es\/politica-de-informantes\/","url":"https:\/\/www.fabricair.com\/es\/politica-de-informantes\/","name":"Pol\u00edtica de Informantes - Spain FabricAir","isPartOf":{"@id":"https:\/\/www.fabricair.com\/es\/#website"},"datePublished":"2025-10-07T08:02:27+00:00","description":"Conoce la Pol\u00edtica de Informantes de FabricAir. Reporta de forma segura y confidencial cualquier conducta inapropiada o ilegal. Garantizamos tu protecci\u00f3n.","breadcrumb":{"@id":"https:\/\/www.fabricair.com\/es\/politica-de-informantes\/#breadcrumb"},"inLanguage":"en-US","potentialAction":[{"@type":"ReadAction","target":["https:\/\/www.fabricair.com\/es\/politica-de-informantes\/"]}]},{"@type":"BreadcrumbList","@id":"https:\/\/www.fabricair.com\/es\/politica-de-informantes\/#breadcrumb","itemListElement":[{"@type":"ListItem","position":1,"name":"Home","item":"https:\/\/www.fabricair.com\/es\/"},{"@type":"ListItem","position":2,"name":"Pol\u00edtica de Informantes"}]},{"@type":"WebSite","@id":"https:\/\/www.fabricair.com\/es\/#website","url":"https:\/\/www.fabricair.com\/es\/","name":"Spain FabricAir","description":"","publisher":{"@id":"https:\/\/www.fabricair.com\/es\/#organization"},"potentialAction":[{"@type":"SearchAction","target":{"@type":"EntryPoint","urlTemplate":"https:\/\/www.fabricair.com\/es\/?s={search_term_string}"},"query-input":{"@type":"PropertyValueSpecification","valueRequired":true,"valueName":"search_term_string"}}],"inLanguage":"en-US"},{"@type":"Organization","@id":"https:\/\/www.fabricair.com\/es\/#organization","name":"Spain FabricAir","url":"https:\/\/www.fabricair.com\/es\/","logo":{"@type":"ImageObject","inLanguage":"en-US","@id":"https:\/\/www.fabricair.com\/es\/#\/schema\/logo\/image\/","url":"https:\/\/www.fabricair.com\/es\/wp-content\/uploads\/sites\/27\/2024\/03\/A01-FabricAir-logo-blue.png","contentUrl":"https:\/\/www.fabricair.com\/es\/wp-content\/uploads\/sites\/27\/2024\/03\/A01-FabricAir-logo-blue.png","width":2087,"height":366,"caption":"Spain FabricAir"},"image":{"@id":"https:\/\/www.fabricair.com\/es\/#\/schema\/logo\/image\/"},"sameAs":["https:\/\/www.linkedin.com\/company\/fabricair-a-s\/?originalSubdomain=es"]}]}},"_links":{"self":[{"href":"https:\/\/www.fabricair.com\/es\/wp-json\/wp\/v2\/pages\/9143","targetHints":{"allow":["GET"]}}],"collection":[{"href":"https:\/\/www.fabricair.com\/es\/wp-json\/wp\/v2\/pages"}],"about":[{"href":"https:\/\/www.fabricair.com\/es\/wp-json\/wp\/v2\/types\/page"}],"author":[{"embeddable":true,"href":"https:\/\/www.fabricair.com\/es\/wp-json\/wp\/v2\/users\/8"}],"replies":[{"embeddable":true,"href":"https:\/\/www.fabricair.com\/es\/wp-json\/wp\/v2\/comments?post=9143"}],"version-history":[{"count":2,"href":"https:\/\/www.fabricair.com\/es\/wp-json\/wp\/v2\/pages\/9143\/revisions"}],"predecessor-version":[{"id":9147,"href":"https:\/\/www.fabricair.com\/es\/wp-json\/wp\/v2\/pages\/9143\/revisions\/9147"}],"wp:attachment":[{"href":"https:\/\/www.fabricair.com\/es\/wp-json\/wp\/v2\/media?parent=9143"}],"curies":[{"name":"wp","href":"https:\/\/api.w.org\/{rel}","templated":true}]}}