{"id":92,"date":"2022-02-04T08:37:28","date_gmt":"2022-02-04T08:37:28","guid":{"rendered":"https:\/\/fabricair.com\/es\/?page_id=92"},"modified":"2025-12-18T10:12:02","modified_gmt":"2025-12-18T10:12:02","slug":"productos","status":"publish","type":"page","link":"https:\/\/www.fabricair.com\/es\/productos\/","title":{"rendered":"Productos"},"content":{"rendered":"<h1 data-start=\"740\" data-end=\"788\">Soluciones vers\u00e1tiles<\/h1>\n<p>Los <strong data-start=\"794\" data-end=\"817\">productos FabricAir<\/strong> para la difusi\u00f3n de aire permiten una personalizaci\u00f3n casi infinita para crear sistemas de ventilaci\u00f3n adaptados a cualquier entorno. Combinamos funcionalidad y est\u00e9tica, ofreciendo formas, perfiles, transiciones y modelos de flujo que se integran perfectamente en la arquitectura del edificio.<\/p>\n<p>&nbsp;<\/p>\n<h2 data-start=\"1442\" data-end=\"1493\">Sistemas de conductos textiles a medida para cada necesidad<\/h2>\n<p>En FabricAir dise\u00f1amos <strong data-start=\"1518\" data-end=\"1557\">sistemas personalizados de difusi\u00f3n<\/strong> que optimizan el rendimiento del aire interior. Analizamos variables clave como el tama\u00f1o del espacio, el caudal de aire requerido, los requisitos est\u00e9ticos y la funcionalidad del sistema HVAC para ofrecer soluciones a medida con <strong data-start=\"1788\" data-end=\"1811\">productos FabricAir<\/strong> que combinan precisi\u00f3n y eficiencia.<\/p>\n<p>&nbsp;<\/p>\n<h2 data-start=\"1855\" data-end=\"1900\">Difusores de techo textiles: confort t\u00e9rmico sin corrientes<\/h2>\n<p>La gama de <strong data-start=\"1913\" data-end=\"1936\">productos FabricAir<\/strong> incluye sistemas de difusi\u00f3n textil desarrollados para garantizar el confort t\u00e9rmico sin generar corrientes molestas. Estos productos ofrecen una climatizaci\u00f3n suave y homog\u00e9nea, promoviendo el bienestar y la calidad del aire interior en todo tipo de espacios: desde oficinas hasta instalaciones deportivas o industriales.<\/p>\n<p>&nbsp;<\/p>\n<h2 data-start=\"2266\" data-end=\"2319\">Innovaci\u00f3n HVAC con productos especiales FabricAir<\/h2>\n<p data-start=\"2321\" data-end=\"2730\">Con m\u00e1s de 50 a\u00f1os de experiencia en el sector HVAC, en FabricAir comprendemos que cada proyecto tiene particularidades \u00fanicas. Por eso ofrecemos una l\u00ednea de <strong data-start=\"2480\" data-end=\"2514\">productos especiales<\/strong>, desarrollados para responder a retos t\u00e9cnicos espec\u00edficos con soluciones innovadoras, flexibles y fiables.<\/p>\n","protected":false},"excerpt":{"rendered":"<p>Soluciones vers\u00e1tiles Los productos FabricAir para la difusi\u00f3n de aire permiten una personalizaci\u00f3n casi infinita para crear sistemas de ventilaci\u00f3n adaptados a cualquier entorno. Combinamos funcionalidad y est\u00e9tica, ofreciendo formas, perfiles, transiciones y modelos de flujo que se integran perfectamente en la arquitectura del edificio. &nbsp; Sistemas de conductos textiles a medida para cada necesidad [&hellip;]<\/p>\n","protected":false},"author":1,"featured_media":5920,"parent":0,"menu_order":33,"comment_status":"closed","ping_status":"closed","template":"","meta":{"_acf_changed":false,"inline_featured_image":false,"footnotes":""},"class_list":["post-92","page","type-page","status-publish","has-post-thumbnail","hentry"],"acf":[],"yoast_head":"<!-- This site is optimized with the Yoast SEO plugin v27.3 - https:\/\/yoast.com\/product\/yoast-seo-wordpress\/ -->\n<title>Productos | Spain FabricAir<\/title>\n<meta name=\"description\" content=\"Los productos FabricAir para la difusi\u00f3n de aire se combinan en infinitas posibilidades de dise\u00f1o para crear soluciones de ventilaci\u00f3n ideales.\" \/>\n<meta name=\"robots\" content=\"index, follow, max-snippet:-1, max-image-preview:large, max-video-preview:-1\" \/>\n<link rel=\"canonical\" href=\"https:\/\/www.fabricair.com\/es\/wp-json\/wp\/v2\/pages\/92\/\" \/>\n<meta property=\"og:locale\" content=\"en_US\" \/>\n<meta property=\"og:type\" content=\"article\" \/>\n<meta property=\"og:title\" content=\"Productos FabricAir | Soluciones y conductos textiles a medida\" \/>\n<meta property=\"og:description\" content=\"Los productos FabricAir para la difusi\u00f3n de aire se combinan en infinitas posibilidades de dise\u00f1o para crear soluciones de ventilaci\u00f3n ideales.\" \/>\n<meta property=\"og:url\" content=\"https:\/\/www.fabricair.com\/es\/productos\/\" \/>\n<meta property=\"og:site_name\" content=\"Spain FabricAir\" \/>\n<meta property=\"article:modified_time\" content=\"2025-12-18T10:12:02+00:00\" \/>\n<meta property=\"og:image\" content=\"https:\/\/www.fabricair.com\/es\/wp-content\/uploads\/sites\/27\/2022\/04\/IMG_0652-scaled.jpg\" \/>\n\t<meta property=\"og:image:width\" content=\"2560\" \/>\n\t<meta property=\"og:image:height\" content=\"2560\" \/>\n\t<meta property=\"og:image:type\" content=\"image\/jpeg\" \/>\n<meta name=\"twitter:card\" content=\"summary_large_image\" \/>\n<meta name=\"twitter:label1\" content=\"Est. reading time\" \/>\n\t<meta name=\"twitter:data1\" content=\"2 minutes\" \/>\n<script type=\"application\/ld+json\" class=\"yoast-schema-graph\">{\"@context\":\"https:\\\/\\\/schema.org\",\"@graph\":[{\"@type\":\"WebPage\",\"@id\":\"https:\\\/\\\/www.fabricair.com\\\/es\\\/productos\\\/\",\"url\":\"https:\\\/\\\/www.fabricair.com\\\/es\\\/productos\\\/\",\"name\":\"Productos FabricAir | Soluciones y conductos textiles a medida\",\"isPartOf\":{\"@id\":\"https:\\\/\\\/www.fabricair.com\\\/es\\\/#website\"},\"primaryImageOfPage\":{\"@id\":\"https:\\\/\\\/www.fabricair.com\\\/es\\\/productos\\\/#primaryimage\"},\"image\":{\"@id\":\"https:\\\/\\\/www.fabricair.com\\\/es\\\/productos\\\/#primaryimage\"},\"thumbnailUrl\":\"https:\\\/\\\/www.fabricair.com\\\/es\\\/wp-content\\\/uploads\\\/sites\\\/27\\\/2022\\\/04\\\/IMG_0652-scaled.jpg\",\"datePublished\":\"2022-02-04T08:37:28+00:00\",\"dateModified\":\"2025-12-18T10:12:02+00:00\",\"description\":\"Los productos FabricAir para la difusi\u00f3n de aire se combinan en infinitas posibilidades de dise\u00f1o para crear soluciones de ventilaci\u00f3n ideales.\",\"breadcrumb\":{\"@id\":\"https:\\\/\\\/www.fabricair.com\\\/es\\\/productos\\\/#breadcrumb\"},\"inLanguage\":\"en-US\",\"potentialAction\":[{\"@type\":\"ReadAction\",\"target\":[\"https:\\\/\\\/www.fabricair.com\\\/es\\\/productos\\\/\"]}]},{\"@type\":\"ImageObject\",\"inLanguage\":\"en-US\",\"@id\":\"https:\\\/\\\/www.fabricair.com\\\/es\\\/productos\\\/#primaryimage\",\"url\":\"https:\\\/\\\/www.fabricair.com\\\/es\\\/wp-content\\\/uploads\\\/sites\\\/27\\\/2022\\\/04\\\/IMG_0652-scaled.jpg\",\"contentUrl\":\"https:\\\/\\\/www.fabricair.com\\\/es\\\/wp-content\\\/uploads\\\/sites\\\/27\\\/2022\\\/04\\\/IMG_0652-scaled.jpg\",\"width\":2560,\"height\":2560,\"caption\":\"Soluciones de productos FabricAir que combinan eficiencia y sostenibilidad en HVAC: menor consumo energ\u00e9tico, mayor rendimiento y respeto por el entorno.\"},{\"@type\":\"BreadcrumbList\",\"@id\":\"https:\\\/\\\/www.fabricair.com\\\/es\\\/productos\\\/#breadcrumb\",\"itemListElement\":[{\"@type\":\"ListItem\",\"position\":1,\"name\":\"Home\",\"item\":\"https:\\\/\\\/www.fabricair.com\\\/es\\\/\"},{\"@type\":\"ListItem\",\"position\":2,\"name\":\"Productos\"}]},{\"@type\":\"WebSite\",\"@id\":\"https:\\\/\\\/www.fabricair.com\\\/es\\\/#website\",\"url\":\"https:\\\/\\\/www.fabricair.com\\\/es\\\/\",\"name\":\"Spain FabricAir\",\"description\":\"\",\"publisher\":{\"@id\":\"https:\\\/\\\/www.fabricair.com\\\/es\\\/#organization\"},\"potentialAction\":[{\"@type\":\"SearchAction\",\"target\":{\"@type\":\"EntryPoint\",\"urlTemplate\":\"https:\\\/\\\/www.fabricair.com\\\/es\\\/?s={search_term_string}\"},\"query-input\":{\"@type\":\"PropertyValueSpecification\",\"valueRequired\":true,\"valueName\":\"search_term_string\"}}],\"inLanguage\":\"en-US\"},{\"@type\":\"Organization\",\"@id\":\"https:\\\/\\\/www.fabricair.com\\\/es\\\/#organization\",\"name\":\"Spain FabricAir\",\"url\":\"https:\\\/\\\/www.fabricair.com\\\/es\\\/\",\"logo\":{\"@type\":\"ImageObject\",\"inLanguage\":\"en-US\",\"@id\":\"https:\\\/\\\/www.fabricair.com\\\/es\\\/#\\\/schema\\\/logo\\\/image\\\/\",\"url\":\"https:\\\/\\\/www.fabricair.com\\\/es\\\/wp-content\\\/uploads\\\/sites\\\/27\\\/2024\\\/03\\\/A01-FabricAir-logo-blue.png\",\"contentUrl\":\"https:\\\/\\\/www.fabricair.com\\\/es\\\/wp-content\\\/uploads\\\/sites\\\/27\\\/2024\\\/03\\\/A01-FabricAir-logo-blue.png\",\"width\":2087,\"height\":366,\"caption\":\"Spain FabricAir\"},\"image\":{\"@id\":\"https:\\\/\\\/www.fabricair.com\\\/es\\\/#\\\/schema\\\/logo\\\/image\\\/\"},\"sameAs\":[\"https:\\\/\\\/www.linkedin.com\\\/company\\\/fabricair-a-s\\\/?originalSubdomain=es\"]}]}<\/script>\n<!-- \/ Yoast SEO plugin. -->","yoast_head_json":{"title":"Productos | Spain FabricAir","description":"Los productos FabricAir para la difusi\u00f3n de aire se combinan en infinitas posibilidades de dise\u00f1o para crear soluciones de ventilaci\u00f3n ideales.","robots":{"index":"index","follow":"follow","max-snippet":"max-snippet:-1","max-image-preview":"max-image-preview:large","max-video-preview":"max-video-preview:-1"},"canonical":"https:\/\/www.fabricair.com\/es\/wp-json\/wp\/v2\/pages\/92\/","og_locale":"en_US","og_type":"article","og_title":"Productos FabricAir | Soluciones y conductos textiles a medida","og_description":"Los productos FabricAir para la difusi\u00f3n de aire se combinan en infinitas posibilidades de dise\u00f1o para crear soluciones de ventilaci\u00f3n ideales.","og_url":"https:\/\/www.fabricair.com\/es\/productos\/","og_site_name":"Spain FabricAir","article_modified_time":"2025-12-18T10:12:02+00:00","og_image":[{"width":2560,"height":2560,"url":"https:\/\/www.fabricair.com\/es\/wp-content\/uploads\/sites\/27\/2022\/04\/IMG_0652-scaled.jpg","type":"image\/jpeg"}],"twitter_card":"summary_large_image","twitter_misc":{"Est. reading time":"2 minutes"},"schema":{"@context":"https:\/\/schema.org","@graph":[{"@type":"WebPage","@id":"https:\/\/www.fabricair.com\/es\/productos\/","url":"https:\/\/www.fabricair.com\/es\/productos\/","name":"Productos FabricAir | Soluciones y conductos textiles a medida","isPartOf":{"@id":"https:\/\/www.fabricair.com\/es\/#website"},"primaryImageOfPage":{"@id":"https:\/\/www.fabricair.com\/es\/productos\/#primaryimage"},"image":{"@id":"https:\/\/www.fabricair.com\/es\/productos\/#primaryimage"},"thumbnailUrl":"https:\/\/www.fabricair.com\/es\/wp-content\/uploads\/sites\/27\/2022\/04\/IMG_0652-scaled.jpg","datePublished":"2022-02-04T08:37:28+00:00","dateModified":"2025-12-18T10:12:02+00:00","description":"Los productos FabricAir para la difusi\u00f3n de aire se combinan en infinitas posibilidades de dise\u00f1o para crear soluciones de ventilaci\u00f3n ideales.","breadcrumb":{"@id":"https:\/\/www.fabricair.com\/es\/productos\/#breadcrumb"},"inLanguage":"en-US","potentialAction":[{"@type":"ReadAction","target":["https:\/\/www.fabricair.com\/es\/productos\/"]}]},{"@type":"ImageObject","inLanguage":"en-US","@id":"https:\/\/www.fabricair.com\/es\/productos\/#primaryimage","url":"https:\/\/www.fabricair.com\/es\/wp-content\/uploads\/sites\/27\/2022\/04\/IMG_0652-scaled.jpg","contentUrl":"https:\/\/www.fabricair.com\/es\/wp-content\/uploads\/sites\/27\/2022\/04\/IMG_0652-scaled.jpg","width":2560,"height":2560,"caption":"Soluciones de productos FabricAir que combinan eficiencia y sostenibilidad en HVAC: menor consumo energ\u00e9tico, mayor rendimiento y respeto por el entorno."},{"@type":"BreadcrumbList","@id":"https:\/\/www.fabricair.com\/es\/productos\/#breadcrumb","itemListElement":[{"@type":"ListItem","position":1,"name":"Home","item":"https:\/\/www.fabricair.com\/es\/"},{"@type":"ListItem","position":2,"name":"Productos"}]},{"@type":"WebSite","@id":"https:\/\/www.fabricair.com\/es\/#website","url":"https:\/\/www.fabricair.com\/es\/","name":"Spain FabricAir","description":"","publisher":{"@id":"https:\/\/www.fabricair.com\/es\/#organization"},"potentialAction":[{"@type":"SearchAction","target":{"@type":"EntryPoint","urlTemplate":"https:\/\/www.fabricair.com\/es\/?s={search_term_string}"},"query-input":{"@type":"PropertyValueSpecification","valueRequired":true,"valueName":"search_term_string"}}],"inLanguage":"en-US"},{"@type":"Organization","@id":"https:\/\/www.fabricair.com\/es\/#organization","name":"Spain FabricAir","url":"https:\/\/www.fabricair.com\/es\/","logo":{"@type":"ImageObject","inLanguage":"en-US","@id":"https:\/\/www.fabricair.com\/es\/#\/schema\/logo\/image\/","url":"https:\/\/www.fabricair.com\/es\/wp-content\/uploads\/sites\/27\/2024\/03\/A01-FabricAir-logo-blue.png","contentUrl":"https:\/\/www.fabricair.com\/es\/wp-content\/uploads\/sites\/27\/2024\/03\/A01-FabricAir-logo-blue.png","width":2087,"height":366,"caption":"Spain FabricAir"},"image":{"@id":"https:\/\/www.fabricair.com\/es\/#\/schema\/logo\/image\/"},"sameAs":["https:\/\/www.linkedin.com\/company\/fabricair-a-s\/?originalSubdomain=es"]}]}},"_links":{"self":[{"href":"https:\/\/www.fabricair.com\/es\/wp-json\/wp\/v2\/pages\/92","targetHints":{"allow":["GET"]}}],"collection":[{"href":"https:\/\/www.fabricair.com\/es\/wp-json\/wp\/v2\/pages"}],"about":[{"href":"https:\/\/www.fabricair.com\/es\/wp-json\/wp\/v2\/types\/page"}],"author":[{"embeddable":true,"href":"https:\/\/www.fabricair.com\/es\/wp-json\/wp\/v2\/users\/1"}],"replies":[{"embeddable":true,"href":"https:\/\/www.fabricair.com\/es\/wp-json\/wp\/v2\/comments?post=92"}],"version-history":[{"count":59,"href":"https:\/\/www.fabricair.com\/es\/wp-json\/wp\/v2\/pages\/92\/revisions"}],"predecessor-version":[{"id":9274,"href":"https:\/\/www.fabricair.com\/es\/wp-json\/wp\/v2\/pages\/92\/revisions\/9274"}],"wp:featuredmedia":[{"embeddable":true,"href":"https:\/\/www.fabricair.com\/es\/wp-json\/wp\/v2\/media\/5920"}],"wp:attachment":[{"href":"https:\/\/www.fabricair.com\/es\/wp-json\/wp\/v2\/media?parent=92"}],"curies":[{"name":"wp","href":"https:\/\/api.w.org\/{rel}","templated":true}]}}