{"id":2916,"date":"2022-03-30T08:16:56","date_gmt":"2022-03-30T08:16:56","guid":{"rendered":"https:\/\/fabricair.com\/fr\/?page_id=2916"},"modified":"2025-10-11T17:16:43","modified_gmt":"2025-10-11T17:16:43","slug":"galerie-des-evenements","status":"publish","type":"page","link":"https:\/\/www.fabricair.com\/fr\/galerie\/galerie-des-evenements\/","title":{"rendered":"\u00c9v\u00e9nements"},"content":{"rendered":"","protected":false},"excerpt":{"rendered":"","protected":false},"author":1,"featured_media":2791,"parent":2899,"menu_order":12,"comment_status":"closed","ping_status":"closed","template":"page-gallery.php","meta":{"_acf_changed":false,"inline_featured_image":false,"footnotes":""},"class_list":["post-2916","page","type-page","status-publish","has-post-thumbnail","hentry"],"acf":[],"yoast_head":"<!-- This site is optimized with the Yoast SEO plugin v27.3 - https:\/\/yoast.com\/product\/yoast-seo-wordpress\/ -->\n<title>\u00c9v\u00e9nements | France FabricAir<\/title>\n<meta name=\"description\" content=\"D\u00e9couvrez la galerie des \u00e9v\u00e9nements FabricAir : salons, conf\u00e9rences et d\u00e9monstrations de la gaine textile.\" \/>\n<meta name=\"robots\" content=\"index, follow, max-snippet:-1, max-image-preview:large, max-video-preview:-1\" \/>\n<link rel=\"canonical\" href=\"https:\/\/www.fabricair.com\/fr\/wp-json\/wp\/v2\/pages\/2916\/\" \/>\n<meta property=\"og:locale\" content=\"en_US\" \/>\n<meta property=\"og:type\" content=\"article\" \/>\n<meta property=\"og:title\" content=\"\u00c9v\u00e9nements - France FabricAir\" \/>\n<meta property=\"og:description\" content=\"D\u00e9couvrez la galerie des \u00e9v\u00e9nements FabricAir : salons, conf\u00e9rences et d\u00e9monstrations de la gaine textile.\" \/>\n<meta property=\"og:url\" content=\"https:\/\/www.fabricair.com\/fr\/galerie\/galerie-des-evenements\/\" \/>\n<meta property=\"og:site_name\" content=\"France FabricAir\" \/>\n<meta property=\"article:modified_time\" content=\"2025-10-11T17:16:43+00:00\" \/>\n<meta property=\"og:image\" content=\"https:\/\/www.fabricair.com\/fr\/wp-content\/uploads\/sites\/20\/2022\/03\/headway-F2KRf_QfCqw-unsplash-1-1.png\" \/>\n\t<meta property=\"og:image:width\" content=\"1440\" \/>\n\t<meta property=\"og:image:height\" content=\"480\" \/>\n\t<meta property=\"og:image:type\" content=\"image\/png\" \/>\n<meta name=\"twitter:card\" content=\"summary_large_image\" \/>\n<meta name=\"twitter:label1\" content=\"Est. reading time\" \/>\n\t<meta name=\"twitter:data1\" content=\"1 minute\" \/>\n<script type=\"application\/ld+json\" class=\"yoast-schema-graph\">{\"@context\":\"https:\\\/\\\/schema.org\",\"@graph\":[{\"@type\":\"WebPage\",\"@id\":\"https:\\\/\\\/www.fabricair.com\\\/fr\\\/galerie\\\/galerie-des-evenements\\\/\",\"url\":\"https:\\\/\\\/www.fabricair.com\\\/fr\\\/galerie\\\/galerie-des-evenements\\\/\",\"name\":\"\u00c9v\u00e9nements - France FabricAir\",\"isPartOf\":{\"@id\":\"https:\\\/\\\/www.fabricair.com\\\/fr\\\/#website\"},\"primaryImageOfPage\":{\"@id\":\"https:\\\/\\\/www.fabricair.com\\\/fr\\\/galerie\\\/galerie-des-evenements\\\/#primaryimage\"},\"image\":{\"@id\":\"https:\\\/\\\/www.fabricair.com\\\/fr\\\/galerie\\\/galerie-des-evenements\\\/#primaryimage\"},\"thumbnailUrl\":\"https:\\\/\\\/www.fabricair.com\\\/fr\\\/wp-content\\\/uploads\\\/sites\\\/20\\\/2022\\\/03\\\/headway-F2KRf_QfCqw-unsplash-1-1.png\",\"datePublished\":\"2022-03-30T08:16:56+00:00\",\"dateModified\":\"2025-10-11T17:16:43+00:00\",\"description\":\"D\u00e9couvrez la galerie des \u00e9v\u00e9nements FabricAir : salons, conf\u00e9rences et d\u00e9monstrations de la gaine textile.\",\"breadcrumb\":{\"@id\":\"https:\\\/\\\/www.fabricair.com\\\/fr\\\/galerie\\\/galerie-des-evenements\\\/#breadcrumb\"},\"inLanguage\":\"en-US\",\"potentialAction\":[{\"@type\":\"ReadAction\",\"target\":[\"https:\\\/\\\/www.fabricair.com\\\/fr\\\/galerie\\\/galerie-des-evenements\\\/\"]}]},{\"@type\":\"ImageObject\",\"inLanguage\":\"en-US\",\"@id\":\"https:\\\/\\\/www.fabricair.com\\\/fr\\\/galerie\\\/galerie-des-evenements\\\/#primaryimage\",\"url\":\"https:\\\/\\\/www.fabricair.com\\\/fr\\\/wp-content\\\/uploads\\\/sites\\\/20\\\/2022\\\/03\\\/headway-F2KRf_QfCqw-unsplash-1-1.png\",\"contentUrl\":\"https:\\\/\\\/www.fabricair.com\\\/fr\\\/wp-content\\\/uploads\\\/sites\\\/20\\\/2022\\\/03\\\/headway-F2KRf_QfCqw-unsplash-1-1.png\",\"width\":1440,\"height\":480},{\"@type\":\"BreadcrumbList\",\"@id\":\"https:\\\/\\\/www.fabricair.com\\\/fr\\\/galerie\\\/galerie-des-evenements\\\/#breadcrumb\",\"itemListElement\":[{\"@type\":\"ListItem\",\"position\":1,\"name\":\"Home\",\"item\":\"https:\\\/\\\/www.fabricair.com\\\/fr\\\/\"},{\"@type\":\"ListItem\",\"position\":2,\"name\":\"Galerie\",\"item\":\"https:\\\/\\\/www.fabricair.com\\\/fr\\\/galerie\\\/\"},{\"@type\":\"ListItem\",\"position\":3,\"name\":\"\u00c9v\u00e9nements\"}]},{\"@type\":\"WebSite\",\"@id\":\"https:\\\/\\\/www.fabricair.com\\\/fr\\\/#website\",\"url\":\"https:\\\/\\\/www.fabricair.com\\\/fr\\\/\",\"name\":\"France FabricAir\",\"description\":\"\",\"potentialAction\":[{\"@type\":\"SearchAction\",\"target\":{\"@type\":\"EntryPoint\",\"urlTemplate\":\"https:\\\/\\\/www.fabricair.com\\\/fr\\\/?s={search_term_string}\"},\"query-input\":{\"@type\":\"PropertyValueSpecification\",\"valueRequired\":true,\"valueName\":\"search_term_string\"}}],\"inLanguage\":\"en-US\"}]}<\/script>\n<!-- \/ Yoast SEO plugin. -->","yoast_head_json":{"title":"\u00c9v\u00e9nements | France FabricAir","description":"D\u00e9couvrez la galerie des \u00e9v\u00e9nements FabricAir : salons, conf\u00e9rences et d\u00e9monstrations de la gaine textile.","robots":{"index":"index","follow":"follow","max-snippet":"max-snippet:-1","max-image-preview":"max-image-preview:large","max-video-preview":"max-video-preview:-1"},"canonical":"https:\/\/www.fabricair.com\/fr\/wp-json\/wp\/v2\/pages\/2916\/","og_locale":"en_US","og_type":"article","og_title":"\u00c9v\u00e9nements - France FabricAir","og_description":"D\u00e9couvrez la galerie des \u00e9v\u00e9nements FabricAir : salons, conf\u00e9rences et d\u00e9monstrations de la gaine textile.","og_url":"https:\/\/www.fabricair.com\/fr\/galerie\/galerie-des-evenements\/","og_site_name":"France FabricAir","article_modified_time":"2025-10-11T17:16:43+00:00","og_image":[{"width":1440,"height":480,"url":"https:\/\/www.fabricair.com\/fr\/wp-content\/uploads\/sites\/20\/2022\/03\/headway-F2KRf_QfCqw-unsplash-1-1.png","type":"image\/png"}],"twitter_card":"summary_large_image","twitter_misc":{"Est. reading time":"1 minute"},"schema":{"@context":"https:\/\/schema.org","@graph":[{"@type":"WebPage","@id":"https:\/\/www.fabricair.com\/fr\/galerie\/galerie-des-evenements\/","url":"https:\/\/www.fabricair.com\/fr\/galerie\/galerie-des-evenements\/","name":"\u00c9v\u00e9nements - France FabricAir","isPartOf":{"@id":"https:\/\/www.fabricair.com\/fr\/#website"},"primaryImageOfPage":{"@id":"https:\/\/www.fabricair.com\/fr\/galerie\/galerie-des-evenements\/#primaryimage"},"image":{"@id":"https:\/\/www.fabricair.com\/fr\/galerie\/galerie-des-evenements\/#primaryimage"},"thumbnailUrl":"https:\/\/www.fabricair.com\/fr\/wp-content\/uploads\/sites\/20\/2022\/03\/headway-F2KRf_QfCqw-unsplash-1-1.png","datePublished":"2022-03-30T08:16:56+00:00","dateModified":"2025-10-11T17:16:43+00:00","description":"D\u00e9couvrez la galerie des \u00e9v\u00e9nements FabricAir : salons, conf\u00e9rences et d\u00e9monstrations de la gaine textile.","breadcrumb":{"@id":"https:\/\/www.fabricair.com\/fr\/galerie\/galerie-des-evenements\/#breadcrumb"},"inLanguage":"en-US","potentialAction":[{"@type":"ReadAction","target":["https:\/\/www.fabricair.com\/fr\/galerie\/galerie-des-evenements\/"]}]},{"@type":"ImageObject","inLanguage":"en-US","@id":"https:\/\/www.fabricair.com\/fr\/galerie\/galerie-des-evenements\/#primaryimage","url":"https:\/\/www.fabricair.com\/fr\/wp-content\/uploads\/sites\/20\/2022\/03\/headway-F2KRf_QfCqw-unsplash-1-1.png","contentUrl":"https:\/\/www.fabricair.com\/fr\/wp-content\/uploads\/sites\/20\/2022\/03\/headway-F2KRf_QfCqw-unsplash-1-1.png","width":1440,"height":480},{"@type":"BreadcrumbList","@id":"https:\/\/www.fabricair.com\/fr\/galerie\/galerie-des-evenements\/#breadcrumb","itemListElement":[{"@type":"ListItem","position":1,"name":"Home","item":"https:\/\/www.fabricair.com\/fr\/"},{"@type":"ListItem","position":2,"name":"Galerie","item":"https:\/\/www.fabricair.com\/fr\/galerie\/"},{"@type":"ListItem","position":3,"name":"\u00c9v\u00e9nements"}]},{"@type":"WebSite","@id":"https:\/\/www.fabricair.com\/fr\/#website","url":"https:\/\/www.fabricair.com\/fr\/","name":"France FabricAir","description":"","potentialAction":[{"@type":"SearchAction","target":{"@type":"EntryPoint","urlTemplate":"https:\/\/www.fabricair.com\/fr\/?s={search_term_string}"},"query-input":{"@type":"PropertyValueSpecification","valueRequired":true,"valueName":"search_term_string"}}],"inLanguage":"en-US"}]}},"_links":{"self":[{"href":"https:\/\/www.fabricair.com\/fr\/wp-json\/wp\/v2\/pages\/2916","targetHints":{"allow":["GET"]}}],"collection":[{"href":"https:\/\/www.fabricair.com\/fr\/wp-json\/wp\/v2\/pages"}],"about":[{"href":"https:\/\/www.fabricair.com\/fr\/wp-json\/wp\/v2\/types\/page"}],"author":[{"embeddable":true,"href":"https:\/\/www.fabricair.com\/fr\/wp-json\/wp\/v2\/users\/1"}],"replies":[{"embeddable":true,"href":"https:\/\/www.fabricair.com\/fr\/wp-json\/wp\/v2\/comments?post=2916"}],"version-history":[{"count":8,"href":"https:\/\/www.fabricair.com\/fr\/wp-json\/wp\/v2\/pages\/2916\/revisions"}],"predecessor-version":[{"id":7447,"href":"https:\/\/www.fabricair.com\/fr\/wp-json\/wp\/v2\/pages\/2916\/revisions\/7447"}],"up":[{"embeddable":true,"href":"https:\/\/www.fabricair.com\/fr\/wp-json\/wp\/v2\/pages\/2899"}],"wp:featuredmedia":[{"embeddable":true,"href":"https:\/\/www.fabricair.com\/fr\/wp-json\/wp\/v2\/media\/2791"}],"wp:attachment":[{"href":"https:\/\/www.fabricair.com\/fr\/wp-json\/wp\/v2\/media?parent=2916"}],"curies":[{"name":"wp","href":"https:\/\/api.w.org\/{rel}","templated":true}]}}