{"id":2996,"date":"2022-03-30T12:12:04","date_gmt":"2022-03-30T12:12:04","guid":{"rendered":"https:\/\/fabricair.com\/fr\/?page_id=2996"},"modified":"2026-01-21T07:50:54","modified_gmt":"2026-01-21T07:50:54","slug":"cr-climatization-y-refrigeration-in-spain","status":"publish","type":"page","link":"https:\/\/www.fabricair.com\/fr\/galerie\/galerie-des-evenements\/cr-climatization-y-refrigeration-in-spain\/","title":{"rendered":"C&amp;R Climatization Y Refrigeration in Spain, 2021"},"content":{"rendered":"","protected":false},"excerpt":{"rendered":"","protected":false},"author":1,"featured_media":2998,"parent":2916,"menu_order":16,"comment_status":"closed","ping_status":"closed","template":"page-gallery.php","meta":{"_acf_changed":false,"inline_featured_image":false,"footnotes":""},"class_list":["post-2996","page","type-page","status-publish","has-post-thumbnail","hentry"],"acf":[],"yoast_head":"<!-- This site is optimized with the Yoast SEO plugin v27.3 - https:\/\/yoast.com\/product\/yoast-seo-wordpress\/ -->\n<title>C&amp;R Climatization Y Refrigeration in Spain, 2021 | France FabricAir<\/title>\n<meta name=\"description\" content=\"FabricAir \u00e0 l\u2019exposition C&amp;R Climatization y Refrigeration : d\u00e9couvrez nos innovations pr\u00e9sent\u00e9es \u00e0 Madrid.\" \/>\n<meta name=\"robots\" content=\"noindex, follow\" \/>\n<meta property=\"og:locale\" content=\"en_US\" \/>\n<meta property=\"og:type\" content=\"article\" \/>\n<meta property=\"og:title\" content=\"C&amp;R Climatization Y Refrigeration in Spain, 2021 - France FabricAir\" \/>\n<meta property=\"og:description\" content=\"FabricAir \u00e0 l\u2019exposition C&amp;R Climatization y Refrigeration : d\u00e9couvrez nos innovations pr\u00e9sent\u00e9es \u00e0 Madrid.\" \/>\n<meta property=\"og:url\" content=\"https:\/\/www.fabricair.com\/fr\/galerie\/galerie-des-evenements\/cr-climatization-y-refrigeration-in-spain\/\" \/>\n<meta property=\"og:site_name\" content=\"France FabricAir\" \/>\n<meta property=\"article:modified_time\" content=\"2026-01-21T07:50:54+00:00\" \/>\n<meta property=\"og:image\" content=\"https:\/\/www.fabricair.com\/fr\/wp-content\/uploads\/sites\/20\/2022\/03\/FabricAir_CR_Spain_3.jpg\" \/>\n\t<meta property=\"og:image:width\" content=\"1000\" \/>\n\t<meta property=\"og:image:height\" content=\"552\" \/>\n\t<meta property=\"og:image:type\" content=\"image\/jpeg\" \/>\n<meta name=\"twitter:card\" content=\"summary_large_image\" \/>\n<meta name=\"twitter:label1\" content=\"Est. reading time\" \/>\n\t<meta name=\"twitter:data1\" content=\"1 minute\" \/>\n<script type=\"application\/ld+json\" class=\"yoast-schema-graph\">{\"@context\":\"https:\\\/\\\/schema.org\",\"@graph\":[{\"@type\":\"WebPage\",\"@id\":\"https:\\\/\\\/www.fabricair.com\\\/fr\\\/galerie\\\/galerie-des-evenements\\\/cr-climatization-y-refrigeration-in-spain\\\/\",\"url\":\"https:\\\/\\\/www.fabricair.com\\\/fr\\\/galerie\\\/galerie-des-evenements\\\/cr-climatization-y-refrigeration-in-spain\\\/\",\"name\":\"C&amp;R Climatization Y Refrigeration in Spain, 2021 - France FabricAir\",\"isPartOf\":{\"@id\":\"https:\\\/\\\/www.fabricair.com\\\/fr\\\/#website\"},\"primaryImageOfPage\":{\"@id\":\"https:\\\/\\\/www.fabricair.com\\\/fr\\\/galerie\\\/galerie-des-evenements\\\/cr-climatization-y-refrigeration-in-spain\\\/#primaryimage\"},\"image\":{\"@id\":\"https:\\\/\\\/www.fabricair.com\\\/fr\\\/galerie\\\/galerie-des-evenements\\\/cr-climatization-y-refrigeration-in-spain\\\/#primaryimage\"},\"thumbnailUrl\":\"https:\\\/\\\/www.fabricair.com\\\/fr\\\/wp-content\\\/uploads\\\/sites\\\/20\\\/2022\\\/03\\\/FabricAir_CR_Spain_3.jpg\",\"datePublished\":\"2022-03-30T12:12:04+00:00\",\"dateModified\":\"2026-01-21T07:50:54+00:00\",\"description\":\"FabricAir \u00e0 l\u2019exposition C&R Climatization y Refrigeration : d\u00e9couvrez nos innovations pr\u00e9sent\u00e9es \u00e0 Madrid.\",\"breadcrumb\":{\"@id\":\"https:\\\/\\\/www.fabricair.com\\\/fr\\\/galerie\\\/galerie-des-evenements\\\/cr-climatization-y-refrigeration-in-spain\\\/#breadcrumb\"},\"inLanguage\":\"en-US\",\"potentialAction\":[{\"@type\":\"ReadAction\",\"target\":[\"https:\\\/\\\/www.fabricair.com\\\/fr\\\/galerie\\\/galerie-des-evenements\\\/cr-climatization-y-refrigeration-in-spain\\\/\"]}]},{\"@type\":\"ImageObject\",\"inLanguage\":\"en-US\",\"@id\":\"https:\\\/\\\/www.fabricair.com\\\/fr\\\/galerie\\\/galerie-des-evenements\\\/cr-climatization-y-refrigeration-in-spain\\\/#primaryimage\",\"url\":\"https:\\\/\\\/www.fabricair.com\\\/fr\\\/wp-content\\\/uploads\\\/sites\\\/20\\\/2022\\\/03\\\/FabricAir_CR_Spain_3.jpg\",\"contentUrl\":\"https:\\\/\\\/www.fabricair.com\\\/fr\\\/wp-content\\\/uploads\\\/sites\\\/20\\\/2022\\\/03\\\/FabricAir_CR_Spain_3.jpg\",\"width\":1000,\"height\":552},{\"@type\":\"BreadcrumbList\",\"@id\":\"https:\\\/\\\/www.fabricair.com\\\/fr\\\/galerie\\\/galerie-des-evenements\\\/cr-climatization-y-refrigeration-in-spain\\\/#breadcrumb\",\"itemListElement\":[{\"@type\":\"ListItem\",\"position\":1,\"name\":\"Home\",\"item\":\"https:\\\/\\\/www.fabricair.com\\\/fr\\\/\"},{\"@type\":\"ListItem\",\"position\":2,\"name\":\"Galerie\",\"item\":\"https:\\\/\\\/www.fabricair.com\\\/fr\\\/galerie\\\/\"},{\"@type\":\"ListItem\",\"position\":3,\"name\":\"\u00c9v\u00e9nements\",\"item\":\"https:\\\/\\\/www.fabricair.com\\\/fr\\\/galerie\\\/galerie-des-evenements\\\/\"},{\"@type\":\"ListItem\",\"position\":4,\"name\":\"C&amp;R Climatization Y Refrigeration in Spain, 2021\"}]},{\"@type\":\"WebSite\",\"@id\":\"https:\\\/\\\/www.fabricair.com\\\/fr\\\/#website\",\"url\":\"https:\\\/\\\/www.fabricair.com\\\/fr\\\/\",\"name\":\"France FabricAir\",\"description\":\"\",\"potentialAction\":[{\"@type\":\"SearchAction\",\"target\":{\"@type\":\"EntryPoint\",\"urlTemplate\":\"https:\\\/\\\/www.fabricair.com\\\/fr\\\/?s={search_term_string}\"},\"query-input\":{\"@type\":\"PropertyValueSpecification\",\"valueRequired\":true,\"valueName\":\"search_term_string\"}}],\"inLanguage\":\"en-US\"}]}<\/script>\n<!-- \/ Yoast SEO plugin. -->","yoast_head_json":{"title":"C&amp;R Climatization Y Refrigeration in Spain, 2021 | France FabricAir","description":"FabricAir \u00e0 l\u2019exposition C&R Climatization y Refrigeration : d\u00e9couvrez nos innovations pr\u00e9sent\u00e9es \u00e0 Madrid.","robots":{"index":"noindex","follow":"follow"},"og_locale":"en_US","og_type":"article","og_title":"C&amp;R Climatization Y Refrigeration in Spain, 2021 - France FabricAir","og_description":"FabricAir \u00e0 l\u2019exposition C&R Climatization y Refrigeration : d\u00e9couvrez nos innovations pr\u00e9sent\u00e9es \u00e0 Madrid.","og_url":"https:\/\/www.fabricair.com\/fr\/galerie\/galerie-des-evenements\/cr-climatization-y-refrigeration-in-spain\/","og_site_name":"France FabricAir","article_modified_time":"2026-01-21T07:50:54+00:00","og_image":[{"width":1000,"height":552,"url":"https:\/\/www.fabricair.com\/fr\/wp-content\/uploads\/sites\/20\/2022\/03\/FabricAir_CR_Spain_3.jpg","type":"image\/jpeg"}],"twitter_card":"summary_large_image","twitter_misc":{"Est. reading time":"1 minute"},"schema":{"@context":"https:\/\/schema.org","@graph":[{"@type":"WebPage","@id":"https:\/\/www.fabricair.com\/fr\/galerie\/galerie-des-evenements\/cr-climatization-y-refrigeration-in-spain\/","url":"https:\/\/www.fabricair.com\/fr\/galerie\/galerie-des-evenements\/cr-climatization-y-refrigeration-in-spain\/","name":"C&amp;R Climatization Y Refrigeration in Spain, 2021 - France FabricAir","isPartOf":{"@id":"https:\/\/www.fabricair.com\/fr\/#website"},"primaryImageOfPage":{"@id":"https:\/\/www.fabricair.com\/fr\/galerie\/galerie-des-evenements\/cr-climatization-y-refrigeration-in-spain\/#primaryimage"},"image":{"@id":"https:\/\/www.fabricair.com\/fr\/galerie\/galerie-des-evenements\/cr-climatization-y-refrigeration-in-spain\/#primaryimage"},"thumbnailUrl":"https:\/\/www.fabricair.com\/fr\/wp-content\/uploads\/sites\/20\/2022\/03\/FabricAir_CR_Spain_3.jpg","datePublished":"2022-03-30T12:12:04+00:00","dateModified":"2026-01-21T07:50:54+00:00","description":"FabricAir \u00e0 l\u2019exposition C&R Climatization y Refrigeration : d\u00e9couvrez nos innovations pr\u00e9sent\u00e9es \u00e0 Madrid.","breadcrumb":{"@id":"https:\/\/www.fabricair.com\/fr\/galerie\/galerie-des-evenements\/cr-climatization-y-refrigeration-in-spain\/#breadcrumb"},"inLanguage":"en-US","potentialAction":[{"@type":"ReadAction","target":["https:\/\/www.fabricair.com\/fr\/galerie\/galerie-des-evenements\/cr-climatization-y-refrigeration-in-spain\/"]}]},{"@type":"ImageObject","inLanguage":"en-US","@id":"https:\/\/www.fabricair.com\/fr\/galerie\/galerie-des-evenements\/cr-climatization-y-refrigeration-in-spain\/#primaryimage","url":"https:\/\/www.fabricair.com\/fr\/wp-content\/uploads\/sites\/20\/2022\/03\/FabricAir_CR_Spain_3.jpg","contentUrl":"https:\/\/www.fabricair.com\/fr\/wp-content\/uploads\/sites\/20\/2022\/03\/FabricAir_CR_Spain_3.jpg","width":1000,"height":552},{"@type":"BreadcrumbList","@id":"https:\/\/www.fabricair.com\/fr\/galerie\/galerie-des-evenements\/cr-climatization-y-refrigeration-in-spain\/#breadcrumb","itemListElement":[{"@type":"ListItem","position":1,"name":"Home","item":"https:\/\/www.fabricair.com\/fr\/"},{"@type":"ListItem","position":2,"name":"Galerie","item":"https:\/\/www.fabricair.com\/fr\/galerie\/"},{"@type":"ListItem","position":3,"name":"\u00c9v\u00e9nements","item":"https:\/\/www.fabricair.com\/fr\/galerie\/galerie-des-evenements\/"},{"@type":"ListItem","position":4,"name":"C&amp;R Climatization Y Refrigeration in Spain, 2021"}]},{"@type":"WebSite","@id":"https:\/\/www.fabricair.com\/fr\/#website","url":"https:\/\/www.fabricair.com\/fr\/","name":"France FabricAir","description":"","potentialAction":[{"@type":"SearchAction","target":{"@type":"EntryPoint","urlTemplate":"https:\/\/www.fabricair.com\/fr\/?s={search_term_string}"},"query-input":{"@type":"PropertyValueSpecification","valueRequired":true,"valueName":"search_term_string"}}],"inLanguage":"en-US"}]}},"_links":{"self":[{"href":"https:\/\/www.fabricair.com\/fr\/wp-json\/wp\/v2\/pages\/2996","targetHints":{"allow":["GET"]}}],"collection":[{"href":"https:\/\/www.fabricair.com\/fr\/wp-json\/wp\/v2\/pages"}],"about":[{"href":"https:\/\/www.fabricair.com\/fr\/wp-json\/wp\/v2\/types\/page"}],"author":[{"embeddable":true,"href":"https:\/\/www.fabricair.com\/fr\/wp-json\/wp\/v2\/users\/1"}],"replies":[{"embeddable":true,"href":"https:\/\/www.fabricair.com\/fr\/wp-json\/wp\/v2\/comments?post=2996"}],"version-history":[{"count":3,"href":"https:\/\/www.fabricair.com\/fr\/wp-json\/wp\/v2\/pages\/2996\/revisions"}],"predecessor-version":[{"id":7694,"href":"https:\/\/www.fabricair.com\/fr\/wp-json\/wp\/v2\/pages\/2996\/revisions\/7694"}],"up":[{"embeddable":true,"href":"https:\/\/www.fabricair.com\/fr\/wp-json\/wp\/v2\/pages\/2916"}],"wp:featuredmedia":[{"embeddable":true,"href":"https:\/\/www.fabricair.com\/fr\/wp-json\/wp\/v2\/media\/2998"}],"wp:attachment":[{"href":"https:\/\/www.fabricair.com\/fr\/wp-json\/wp\/v2\/media?parent=2996"}],"curies":[{"name":"wp","href":"https:\/\/api.w.org\/{rel}","templated":true}]}}