{"id":1202,"date":"2022-03-18T13:21:38","date_gmt":"2022-03-18T13:21:38","guid":{"rendered":"https:\/\/fabricair.com\/lt\/?page_id=1202"},"modified":"2023-05-09T06:31:34","modified_gmt":"2023-05-09T06:31:34","slug":"pritaikymo-sritys","status":"publish","type":"page","link":"https:\/\/www.fabricair.com\/lt\/pritaikymo-sritys\/","title":{"rendered":"Pritaikymo sritys"},"content":{"rendered":"","protected":false},"excerpt":{"rendered":"","protected":false},"author":1,"featured_media":5872,"parent":0,"menu_order":31,"comment_status":"closed","ping_status":"closed","template":"","meta":{"_acf_changed":false,"inline_featured_image":false,"footnotes":""},"class_list":["post-1202","page","type-page","status-publish","has-post-thumbnail","hentry"],"acf":[],"yoast_head":"<!-- This site is optimized with the Yoast SEO plugin v27.5 - https:\/\/yoast.com\/product\/yoast-seo-wordpress\/ -->\n<title>Pritaikymo sritys | Lithuania FabricAir<\/title>\n<meta name=\"description\" content=\"Technologin\u0117 pa\u017eanga leid\u017eia mums kurti moderniausias oro paskirstymo ir sklaidos sistemas beveik visoms \u012fmanomoms pritaikymo sritims.\" \/>\n<meta name=\"robots\" content=\"index, follow, max-snippet:-1, max-image-preview:large, max-video-preview:-1\" \/>\n<link rel=\"canonical\" href=\"https:\/\/www.fabricair.com\/lt\/wp-json\/wp\/v2\/pages\/1202\/\" \/>\n<meta property=\"og:locale\" content=\"en_US\" \/>\n<meta property=\"og:type\" content=\"article\" \/>\n<meta property=\"og:title\" content=\"Pritaikymo sritys - Lithuania FabricAir\" \/>\n<meta property=\"og:description\" content=\"Technologin\u0117 pa\u017eanga leid\u017eia mums kurti moderniausias oro paskirstymo ir sklaidos sistemas beveik visoms \u012fmanomoms pritaikymo sritims.\" \/>\n<meta property=\"og:url\" content=\"https:\/\/www.fabricair.com\/lt\/pritaikymo-sritys\/\" \/>\n<meta property=\"og:site_name\" content=\"Lithuania FabricAir\" \/>\n<meta property=\"article:publisher\" content=\"https:\/\/www.facebook.com\/FabricAir\" \/>\n<meta property=\"article:modified_time\" content=\"2023-05-09T06:31:34+00:00\" \/>\n<meta property=\"og:image\" content=\"https:\/\/www.fabricair.com\/lt\/wp-content\/uploads\/sites\/22\/2022\/04\/FabricAir_wide_firestinephotography-Ji-Roz-Restaurant-26-1-1024x683.png\" \/>\n\t<meta property=\"og:image:width\" content=\"1024\" \/>\n\t<meta property=\"og:image:height\" content=\"683\" \/>\n\t<meta property=\"og:image:type\" content=\"image\/png\" \/>\n<meta name=\"twitter:card\" content=\"summary_large_image\" \/>\n<meta name=\"twitter:site\" content=\"@FabricAir\" \/>\n<script type=\"application\/ld+json\" class=\"yoast-schema-graph\">{\"@context\":\"https:\\\/\\\/schema.org\",\"@graph\":[{\"@type\":\"WebPage\",\"@id\":\"https:\\\/\\\/www.fabricair.com\\\/lt\\\/pritaikymo-sritys\\\/\",\"url\":\"https:\\\/\\\/www.fabricair.com\\\/lt\\\/pritaikymo-sritys\\\/\",\"name\":\"Pritaikymo sritys - Lithuania FabricAir\",\"isPartOf\":{\"@id\":\"https:\\\/\\\/www.fabricair.com\\\/lt\\\/#website\"},\"primaryImageOfPage\":{\"@id\":\"https:\\\/\\\/www.fabricair.com\\\/lt\\\/pritaikymo-sritys\\\/#primaryimage\"},\"image\":{\"@id\":\"https:\\\/\\\/www.fabricair.com\\\/lt\\\/pritaikymo-sritys\\\/#primaryimage\"},\"thumbnailUrl\":\"https:\\\/\\\/www.fabricair.com\\\/lt\\\/wp-content\\\/uploads\\\/sites\\\/22\\\/2022\\\/04\\\/FabricAir_wide_firestinephotography-Ji-Roz-Restaurant-26-1.png\",\"datePublished\":\"2022-03-18T13:21:38+00:00\",\"dateModified\":\"2023-05-09T06:31:34+00:00\",\"description\":\"Technologin\u0117 pa\u017eanga leid\u017eia mums kurti moderniausias oro paskirstymo ir sklaidos sistemas beveik visoms \u012fmanomoms pritaikymo sritims.\",\"breadcrumb\":{\"@id\":\"https:\\\/\\\/www.fabricair.com\\\/lt\\\/pritaikymo-sritys\\\/#breadcrumb\"},\"inLanguage\":\"lt\",\"potentialAction\":[{\"@type\":\"ReadAction\",\"target\":[\"https:\\\/\\\/www.fabricair.com\\\/lt\\\/pritaikymo-sritys\\\/\"]}]},{\"@type\":\"ImageObject\",\"inLanguage\":\"lt\",\"@id\":\"https:\\\/\\\/www.fabricair.com\\\/lt\\\/pritaikymo-sritys\\\/#primaryimage\",\"url\":\"https:\\\/\\\/www.fabricair.com\\\/lt\\\/wp-content\\\/uploads\\\/sites\\\/22\\\/2022\\\/04\\\/FabricAir_wide_firestinephotography-Ji-Roz-Restaurant-26-1.png\",\"contentUrl\":\"https:\\\/\\\/www.fabricair.com\\\/lt\\\/wp-content\\\/uploads\\\/sites\\\/22\\\/2022\\\/04\\\/FabricAir_wide_firestinephotography-Ji-Roz-Restaurant-26-1.png\",\"width\":1440,\"height\":960},{\"@type\":\"BreadcrumbList\",\"@id\":\"https:\\\/\\\/www.fabricair.com\\\/lt\\\/pritaikymo-sritys\\\/#breadcrumb\",\"itemListElement\":[{\"@type\":\"ListItem\",\"position\":1,\"name\":\"Home\",\"item\":\"https:\\\/\\\/www.fabricair.com\\\/lt\\\/\"},{\"@type\":\"ListItem\",\"position\":2,\"name\":\"Pritaikymo sritys\"}]}]}<\/script>\n<!-- \/ Yoast SEO plugin. -->","yoast_head_json":{"title":"Pritaikymo sritys | Lithuania FabricAir","description":"Technologin\u0117 pa\u017eanga leid\u017eia mums kurti moderniausias oro paskirstymo ir sklaidos sistemas beveik visoms \u012fmanomoms pritaikymo sritims.","robots":{"index":"index","follow":"follow","max-snippet":"max-snippet:-1","max-image-preview":"max-image-preview:large","max-video-preview":"max-video-preview:-1"},"canonical":"https:\/\/www.fabricair.com\/lt\/wp-json\/wp\/v2\/pages\/1202\/","og_locale":"en_US","og_type":"article","og_title":"Pritaikymo sritys - Lithuania FabricAir","og_description":"Technologin\u0117 pa\u017eanga leid\u017eia mums kurti moderniausias oro paskirstymo ir sklaidos sistemas beveik visoms \u012fmanomoms pritaikymo sritims.","og_url":"https:\/\/www.fabricair.com\/lt\/pritaikymo-sritys\/","og_site_name":"Lithuania FabricAir","article_publisher":"https:\/\/www.facebook.com\/FabricAir","article_modified_time":"2023-05-09T06:31:34+00:00","og_image":[{"width":1024,"height":683,"url":"https:\/\/www.fabricair.com\/lt\/wp-content\/uploads\/sites\/22\/2022\/04\/FabricAir_wide_firestinephotography-Ji-Roz-Restaurant-26-1-1024x683.png","type":"image\/png"}],"twitter_card":"summary_large_image","twitter_site":"@FabricAir","schema":{"@context":"https:\/\/schema.org","@graph":[{"@type":"WebPage","@id":"https:\/\/www.fabricair.com\/lt\/pritaikymo-sritys\/","url":"https:\/\/www.fabricair.com\/lt\/pritaikymo-sritys\/","name":"Pritaikymo sritys - Lithuania FabricAir","isPartOf":{"@id":"https:\/\/www.fabricair.com\/lt\/#website"},"primaryImageOfPage":{"@id":"https:\/\/www.fabricair.com\/lt\/pritaikymo-sritys\/#primaryimage"},"image":{"@id":"https:\/\/www.fabricair.com\/lt\/pritaikymo-sritys\/#primaryimage"},"thumbnailUrl":"https:\/\/www.fabricair.com\/lt\/wp-content\/uploads\/sites\/22\/2022\/04\/FabricAir_wide_firestinephotography-Ji-Roz-Restaurant-26-1.png","datePublished":"2022-03-18T13:21:38+00:00","dateModified":"2023-05-09T06:31:34+00:00","description":"Technologin\u0117 pa\u017eanga leid\u017eia mums kurti moderniausias oro paskirstymo ir sklaidos sistemas beveik visoms \u012fmanomoms pritaikymo sritims.","breadcrumb":{"@id":"https:\/\/www.fabricair.com\/lt\/pritaikymo-sritys\/#breadcrumb"},"inLanguage":"lt","potentialAction":[{"@type":"ReadAction","target":["https:\/\/www.fabricair.com\/lt\/pritaikymo-sritys\/"]}]},{"@type":"ImageObject","inLanguage":"lt","@id":"https:\/\/www.fabricair.com\/lt\/pritaikymo-sritys\/#primaryimage","url":"https:\/\/www.fabricair.com\/lt\/wp-content\/uploads\/sites\/22\/2022\/04\/FabricAir_wide_firestinephotography-Ji-Roz-Restaurant-26-1.png","contentUrl":"https:\/\/www.fabricair.com\/lt\/wp-content\/uploads\/sites\/22\/2022\/04\/FabricAir_wide_firestinephotography-Ji-Roz-Restaurant-26-1.png","width":1440,"height":960},{"@type":"BreadcrumbList","@id":"https:\/\/www.fabricair.com\/lt\/pritaikymo-sritys\/#breadcrumb","itemListElement":[{"@type":"ListItem","position":1,"name":"Home","item":"https:\/\/www.fabricair.com\/lt\/"},{"@type":"ListItem","position":2,"name":"Pritaikymo sritys"}]}]}},"_links":{"self":[{"href":"https:\/\/www.fabricair.com\/lt\/wp-json\/wp\/v2\/pages\/1202","targetHints":{"allow":["GET"]}}],"collection":[{"href":"https:\/\/www.fabricair.com\/lt\/wp-json\/wp\/v2\/pages"}],"about":[{"href":"https:\/\/www.fabricair.com\/lt\/wp-json\/wp\/v2\/types\/page"}],"author":[{"embeddable":true,"href":"https:\/\/www.fabricair.com\/lt\/wp-json\/wp\/v2\/users\/1"}],"replies":[{"embeddable":true,"href":"https:\/\/www.fabricair.com\/lt\/wp-json\/wp\/v2\/comments?post=1202"}],"version-history":[{"count":36,"href":"https:\/\/www.fabricair.com\/lt\/wp-json\/wp\/v2\/pages\/1202\/revisions"}],"predecessor-version":[{"id":7567,"href":"https:\/\/www.fabricair.com\/lt\/wp-json\/wp\/v2\/pages\/1202\/revisions\/7567"}],"wp:featuredmedia":[{"embeddable":true,"href":"https:\/\/www.fabricair.com\/lt\/wp-json\/wp\/v2\/media\/5872"}],"wp:attachment":[{"href":"https:\/\/www.fabricair.com\/lt\/wp-json\/wp\/v2\/media?parent=1202"}],"curies":[{"name":"wp","href":"https:\/\/api.w.org\/{rel}","templated":true}]}}