{"id":2425,"date":"2022-03-28T12:36:26","date_gmt":"2022-03-28T12:36:26","guid":{"rendered":"https:\/\/fabricair.com\/lt\/?page_id=2425"},"modified":"2022-09-07T08:24:25","modified_gmt":"2022-09-07T08:24:25","slug":"cfd","status":"publish","type":"page","link":"https:\/\/www.fabricair.com\/lt\/paslaugos\/cfd\/","title":{"rendered":"CFD"},"content":{"rendered":"<p>\u201eFabricAir\u201c <a href=\"https:\/\/www.fabricair.com\/lt\/paslaugos\/cfd\/\">CFD paslauga<\/a> yra geriausias b\u016bdas su\u017einoti j\u016bs\u0173 oro sklaidos sprendimo efektyvum\u0105.<\/p>\n<p>Kiekviena ataskaita ruo\u0161iama individualiai, i\u0161analizuojami konkret\u016bs poreikiai ir \u012fvertinami specifiniai poreikiai bei projekto s\u0105lygos.<\/p>\n<p>\u201e<a href=\"https:\/\/www.youtube.com\/user\/FabricAir\/videos\">FabricAir<\/a>\u201c CFD paslauga yra geriausias b\u016bdas oro sklaidos sprendimo efektyvumo demonstravimui. Kiekviena ataskaita ruo\u0161iama konkre\u010diam klientui, i\u0161analizavus specifinius poreikius ir \u012fvertinus visus reikalavimus bei projekto s\u0105lygas. CFD analiz\u0117 gali \u012frodyti, kad tinkamai in\u017einieri\u0173 suprojektuoti tekstiliniai ortakiai gali i\u0161taisyti bet kokias ventiliacijos problemas.<\/p>\n<p>FabricAir\u201c klientai i\u0161kart susiduria su m\u016bs\u0173 atsidavimu ypatingai auk\u0161tos kokyb\u0117s paslaugoms nuo pat pirmos akimirkos, kai susidomi m\u016bs\u0173 in\u017eineriniais sprendimais. Nesvarbu, ar naudojat\u0117s CFD analize ventiliacijos br\u0117\u017eini\u0173 patvirtinimui, ar naudojat\u0117s montavimo, prie\u017ei\u016bros ir kitomis paslaugomis, \u201eFabricAir\u201c yra visada pasiruo\u0161\u0119 u\u017etikrinti, kad sprendimai veikt\u0173 idealiai, net pra\u0117jus ne vieniems metams.<\/p>\n<p>Kiekvien\u0105 projekt\u0105 vertiname i\u0161 dviej\u0173 perspektyv\u0173. Pirma, i\u0161klausoma klient\u0105 ir sukuriame sprendim\u0105 pagal specifinius reikalavimus. Antra, esant poreikiui, galime pateikti rekomendacijas, kuri\u0105 galime pateikti i\u0161 m\u016bs\u0173 gausios, per daug met\u0173 sukauptos patirties \u012fvairiose srityse. Tuomet, galime sukurti konkre\u010diai j\u016bs\u0173 patalpoms pritaikyt\u0105 ir in\u017einieri\u0173 i\u0161tobulint\u0105 sprendim\u0105.<\/p>\n<p>\u201eFabricAir\u201c turi daugiau nei 20 met\u0173 patirt\u012f montuojant \u012frenginius. Kartu su patikimais partneriais ir auk\u0161tos kvalifikacijos montavimo komandomis galime \u012frengti savo tekstile pagr\u012fstus sprendimus bet kurioje vietoje per pus grei\u010diau nei \u012fprastas rangovas, o tai labai padeda sutaupyti laiko.<\/p>\n<p>Nors \u201eFabricAir\u201c ortakiams prie\u017ei\u016bros prakti\u0161kai nereikia, suprantame, kad kai kurios industrijos turi savo specifinius reikalavimus, priklausomai nuo vietini\u0173 \u012fstatym\u0173. Kai kuriais atvejais, pavyzd\u017eiui maisto apdirbimo ar auginimo pramon\u0117se, nuolatin\u0117 \u0160VOK sistem\u0173 prie\u017ei\u016bra ir j\u0173 valymas yra tiesiog privalomas. M\u016bs\u0173 komandos yra pasiruo\u0161usios atlikti esminius darbus, \u012fskaitant numontavim\u0105, i\u0161plovim\u0105 ir pakartotin\u012f montavim\u0105, visk\u0105 atliekant kuo \u012fmanoma grei\u010diau.<\/p>\n","protected":false},"excerpt":{"rendered":"<p>\u201eFabricAir\u201c CFD paslauga yra geriausias b\u016bdas su\u017einoti j\u016bs\u0173 oro sklaidos sprendimo efektyvum\u0105. Kiekviena ataskaita ruo\u0161iama individualiai, i\u0161analizuojami konkret\u016bs poreikiai ir \u012fvertinami specifiniai poreikiai bei projekto s\u0105lygos. \u201eFabricAir\u201c CFD paslauga yra geriausias b\u016bdas oro sklaidos sprendimo efektyvumo demonstravimui. Kiekviena ataskaita ruo\u0161iama konkre\u010diam klientui, i\u0161analizavus specifinius poreikius ir \u012fvertinus visus reikalavimus bei projekto s\u0105lygas. CFD analiz\u0117 gali [&hellip;]<\/p>\n","protected":false},"author":1,"featured_media":2426,"parent":75,"menu_order":30,"comment_status":"closed","ping_status":"closed","template":"","meta":{"_acf_changed":false,"inline_featured_image":false,"footnotes":""},"class_list":["post-2425","page","type-page","status-publish","has-post-thumbnail","hentry"],"acf":[],"yoast_head":"<!-- This site is optimized with the Yoast SEO plugin v27.3 - https:\/\/yoast.com\/product\/yoast-seo-wordpress\/ -->\n<title>CFD | Lithuania FabricAir<\/title>\n<meta name=\"description\" content=\"CFD analiz\u0117 gali \u012frodyti, kad tinkamai suprojektuoti tekstiliniai ortakiai gali i\u0161taisyti bet kokias ventiliacijos problemas.\" \/>\n<meta name=\"robots\" content=\"index, follow, max-snippet:-1, max-image-preview:large, max-video-preview:-1\" \/>\n<link rel=\"canonical\" href=\"https:\/\/www.fabricair.com\/lt\/wp-json\/wp\/v2\/pages\/2425\/\" \/>\n<meta property=\"og:locale\" content=\"en_US\" \/>\n<meta property=\"og:type\" content=\"article\" \/>\n<meta property=\"og:title\" content=\"CFD - Lithuania FabricAir\" \/>\n<meta property=\"og:description\" content=\"CFD analiz\u0117 gali \u012frodyti, kad tinkamai suprojektuoti tekstiliniai ortakiai gali i\u0161taisyti bet kokias ventiliacijos problemas.\" \/>\n<meta property=\"og:url\" content=\"https:\/\/www.fabricair.com\/lt\/paslaugos\/cfd\/\" \/>\n<meta property=\"og:site_name\" content=\"Lithuania FabricAir\" \/>\n<meta property=\"article:modified_time\" content=\"2022-09-07T08:24:25+00:00\" \/>\n<meta property=\"og:image\" content=\"https:\/\/www.fabricair.com\/lt\/wp-content\/uploads\/sites\/22\/2022\/03\/MG_0670-1.jpg\" \/>\n\t<meta property=\"og:image:width\" content=\"1000\" \/>\n\t<meta property=\"og:image:height\" content=\"667\" \/>\n\t<meta property=\"og:image:type\" content=\"image\/jpeg\" \/>\n<meta name=\"twitter:card\" content=\"summary_large_image\" \/>\n<meta name=\"twitter:label1\" content=\"Est. reading time\" \/>\n\t<meta name=\"twitter:data1\" content=\"2 minutes\" \/>\n<script type=\"application\/ld+json\" class=\"yoast-schema-graph\">{\"@context\":\"https:\\\/\\\/schema.org\",\"@graph\":[{\"@type\":\"WebPage\",\"@id\":\"https:\\\/\\\/www.fabricair.com\\\/lt\\\/paslaugos\\\/cfd\\\/\",\"url\":\"https:\\\/\\\/www.fabricair.com\\\/lt\\\/paslaugos\\\/cfd\\\/\",\"name\":\"CFD - Lithuania FabricAir\",\"isPartOf\":{\"@id\":\"https:\\\/\\\/www.fabricair.com\\\/lt\\\/#website\"},\"primaryImageOfPage\":{\"@id\":\"https:\\\/\\\/www.fabricair.com\\\/lt\\\/paslaugos\\\/cfd\\\/#primaryimage\"},\"image\":{\"@id\":\"https:\\\/\\\/www.fabricair.com\\\/lt\\\/paslaugos\\\/cfd\\\/#primaryimage\"},\"thumbnailUrl\":\"https:\\\/\\\/www.fabricair.com\\\/lt\\\/wp-content\\\/uploads\\\/sites\\\/22\\\/2022\\\/03\\\/MG_0670-1.jpg\",\"datePublished\":\"2022-03-28T12:36:26+00:00\",\"dateModified\":\"2022-09-07T08:24:25+00:00\",\"description\":\"CFD analiz\u0117 gali \u012frodyti, kad tinkamai suprojektuoti tekstiliniai ortakiai gali i\u0161taisyti bet kokias ventiliacijos problemas.\",\"breadcrumb\":{\"@id\":\"https:\\\/\\\/www.fabricair.com\\\/lt\\\/paslaugos\\\/cfd\\\/#breadcrumb\"},\"inLanguage\":\"en-US\",\"potentialAction\":[{\"@type\":\"ReadAction\",\"target\":[\"https:\\\/\\\/www.fabricair.com\\\/lt\\\/paslaugos\\\/cfd\\\/\"]}]},{\"@type\":\"ImageObject\",\"inLanguage\":\"en-US\",\"@id\":\"https:\\\/\\\/www.fabricair.com\\\/lt\\\/paslaugos\\\/cfd\\\/#primaryimage\",\"url\":\"https:\\\/\\\/www.fabricair.com\\\/lt\\\/wp-content\\\/uploads\\\/sites\\\/22\\\/2022\\\/03\\\/MG_0670-1.jpg\",\"contentUrl\":\"https:\\\/\\\/www.fabricair.com\\\/lt\\\/wp-content\\\/uploads\\\/sites\\\/22\\\/2022\\\/03\\\/MG_0670-1.jpg\",\"width\":1000,\"height\":667,\"caption\":\"FabricAir CFD service\"},{\"@type\":\"BreadcrumbList\",\"@id\":\"https:\\\/\\\/www.fabricair.com\\\/lt\\\/paslaugos\\\/cfd\\\/#breadcrumb\",\"itemListElement\":[{\"@type\":\"ListItem\",\"position\":1,\"name\":\"Home\",\"item\":\"https:\\\/\\\/www.fabricair.com\\\/lt\\\/\"},{\"@type\":\"ListItem\",\"position\":2,\"name\":\"Paslaugos\",\"item\":\"https:\\\/\\\/www.fabricair.com\\\/lt\\\/paslaugos\\\/\"},{\"@type\":\"ListItem\",\"position\":3,\"name\":\"CFD\"}]},{\"@type\":\"WebSite\",\"@id\":\"https:\\\/\\\/www.fabricair.com\\\/lt\\\/#website\",\"url\":\"https:\\\/\\\/www.fabricair.com\\\/lt\\\/\",\"name\":\"Lithuania FabricAir\",\"description\":\"\",\"potentialAction\":[{\"@type\":\"SearchAction\",\"target\":{\"@type\":\"EntryPoint\",\"urlTemplate\":\"https:\\\/\\\/www.fabricair.com\\\/lt\\\/?s={search_term_string}\"},\"query-input\":{\"@type\":\"PropertyValueSpecification\",\"valueRequired\":true,\"valueName\":\"search_term_string\"}}],\"inLanguage\":\"en-US\"}]}<\/script>\n<!-- \/ Yoast SEO plugin. -->","yoast_head_json":{"title":"CFD | Lithuania FabricAir","description":"CFD analiz\u0117 gali \u012frodyti, kad tinkamai suprojektuoti tekstiliniai ortakiai gali i\u0161taisyti bet kokias ventiliacijos problemas.","robots":{"index":"index","follow":"follow","max-snippet":"max-snippet:-1","max-image-preview":"max-image-preview:large","max-video-preview":"max-video-preview:-1"},"canonical":"https:\/\/www.fabricair.com\/lt\/wp-json\/wp\/v2\/pages\/2425\/","og_locale":"en_US","og_type":"article","og_title":"CFD - Lithuania FabricAir","og_description":"CFD analiz\u0117 gali \u012frodyti, kad tinkamai suprojektuoti tekstiliniai ortakiai gali i\u0161taisyti bet kokias ventiliacijos problemas.","og_url":"https:\/\/www.fabricair.com\/lt\/paslaugos\/cfd\/","og_site_name":"Lithuania FabricAir","article_modified_time":"2022-09-07T08:24:25+00:00","og_image":[{"width":1000,"height":667,"url":"https:\/\/www.fabricair.com\/lt\/wp-content\/uploads\/sites\/22\/2022\/03\/MG_0670-1.jpg","type":"image\/jpeg"}],"twitter_card":"summary_large_image","twitter_misc":{"Est. reading time":"2 minutes"},"schema":{"@context":"https:\/\/schema.org","@graph":[{"@type":"WebPage","@id":"https:\/\/www.fabricair.com\/lt\/paslaugos\/cfd\/","url":"https:\/\/www.fabricair.com\/lt\/paslaugos\/cfd\/","name":"CFD - Lithuania FabricAir","isPartOf":{"@id":"https:\/\/www.fabricair.com\/lt\/#website"},"primaryImageOfPage":{"@id":"https:\/\/www.fabricair.com\/lt\/paslaugos\/cfd\/#primaryimage"},"image":{"@id":"https:\/\/www.fabricair.com\/lt\/paslaugos\/cfd\/#primaryimage"},"thumbnailUrl":"https:\/\/www.fabricair.com\/lt\/wp-content\/uploads\/sites\/22\/2022\/03\/MG_0670-1.jpg","datePublished":"2022-03-28T12:36:26+00:00","dateModified":"2022-09-07T08:24:25+00:00","description":"CFD analiz\u0117 gali \u012frodyti, kad tinkamai suprojektuoti tekstiliniai ortakiai gali i\u0161taisyti bet kokias ventiliacijos problemas.","breadcrumb":{"@id":"https:\/\/www.fabricair.com\/lt\/paslaugos\/cfd\/#breadcrumb"},"inLanguage":"en-US","potentialAction":[{"@type":"ReadAction","target":["https:\/\/www.fabricair.com\/lt\/paslaugos\/cfd\/"]}]},{"@type":"ImageObject","inLanguage":"en-US","@id":"https:\/\/www.fabricair.com\/lt\/paslaugos\/cfd\/#primaryimage","url":"https:\/\/www.fabricair.com\/lt\/wp-content\/uploads\/sites\/22\/2022\/03\/MG_0670-1.jpg","contentUrl":"https:\/\/www.fabricair.com\/lt\/wp-content\/uploads\/sites\/22\/2022\/03\/MG_0670-1.jpg","width":1000,"height":667,"caption":"FabricAir CFD service"},{"@type":"BreadcrumbList","@id":"https:\/\/www.fabricair.com\/lt\/paslaugos\/cfd\/#breadcrumb","itemListElement":[{"@type":"ListItem","position":1,"name":"Home","item":"https:\/\/www.fabricair.com\/lt\/"},{"@type":"ListItem","position":2,"name":"Paslaugos","item":"https:\/\/www.fabricair.com\/lt\/paslaugos\/"},{"@type":"ListItem","position":3,"name":"CFD"}]},{"@type":"WebSite","@id":"https:\/\/www.fabricair.com\/lt\/#website","url":"https:\/\/www.fabricair.com\/lt\/","name":"Lithuania FabricAir","description":"","potentialAction":[{"@type":"SearchAction","target":{"@type":"EntryPoint","urlTemplate":"https:\/\/www.fabricair.com\/lt\/?s={search_term_string}"},"query-input":{"@type":"PropertyValueSpecification","valueRequired":true,"valueName":"search_term_string"}}],"inLanguage":"en-US"}]}},"_links":{"self":[{"href":"https:\/\/www.fabricair.com\/lt\/wp-json\/wp\/v2\/pages\/2425","targetHints":{"allow":["GET"]}}],"collection":[{"href":"https:\/\/www.fabricair.com\/lt\/wp-json\/wp\/v2\/pages"}],"about":[{"href":"https:\/\/www.fabricair.com\/lt\/wp-json\/wp\/v2\/types\/page"}],"author":[{"embeddable":true,"href":"https:\/\/www.fabricair.com\/lt\/wp-json\/wp\/v2\/users\/1"}],"replies":[{"embeddable":true,"href":"https:\/\/www.fabricair.com\/lt\/wp-json\/wp\/v2\/comments?post=2425"}],"version-history":[{"count":30,"href":"https:\/\/www.fabricair.com\/lt\/wp-json\/wp\/v2\/pages\/2425\/revisions"}],"predecessor-version":[{"id":7208,"href":"https:\/\/www.fabricair.com\/lt\/wp-json\/wp\/v2\/pages\/2425\/revisions\/7208"}],"up":[{"embeddable":true,"href":"https:\/\/www.fabricair.com\/lt\/wp-json\/wp\/v2\/pages\/75"}],"wp:featuredmedia":[{"embeddable":true,"href":"https:\/\/www.fabricair.com\/lt\/wp-json\/wp\/v2\/media\/2426"}],"wp:attachment":[{"href":"https:\/\/www.fabricair.com\/lt\/wp-json\/wp\/v2\/media?parent=2425"}],"curies":[{"name":"wp","href":"https:\/\/api.w.org\/{rel}","templated":true}]}}