{"id":2916,"date":"2022-03-30T08:16:56","date_gmt":"2022-03-30T08:16:56","guid":{"rendered":"https:\/\/fabricair.com\/lt\/?page_id=2916"},"modified":"2026-02-24T10:15:57","modified_gmt":"2026-02-24T10:15:57","slug":"renginiu-galerija","status":"publish","type":"page","link":"https:\/\/www.fabricair.com\/lt\/galerija\/renginiu-galerija\/","title":{"rendered":"Rengini\u0173 galerija"},"content":{"rendered":"","protected":false},"excerpt":{"rendered":"","protected":false},"author":1,"featured_media":2791,"parent":2899,"menu_order":12,"comment_status":"closed","ping_status":"closed","template":"page-gallery.php","meta":{"_acf_changed":false,"inline_featured_image":false,"footnotes":""},"class_list":["post-2916","page","type-page","status-publish","has-post-thumbnail","hentry"],"acf":[],"yoast_head":"<!-- This site is optimized with the Yoast SEO plugin v27.3 - https:\/\/yoast.com\/product\/yoast-seo-wordpress\/ -->\n<title>Rengini\u0173 galerija | Lithuania FabricAir<\/title>\n<meta name=\"description\" content=\"Rengini\u0173 galerija - \u010dia rasite Lietuvoje ir pasaulyje \u012fvykusi\u0173 rengini\u0173 fotoalbumus, kuriuose dalyvavo FabricAir komandos.\" \/>\n<meta name=\"robots\" content=\"index, follow, max-snippet:-1, max-image-preview:large, max-video-preview:-1\" \/>\n<link rel=\"canonical\" href=\"https:\/\/www.fabricair.com\/lt\/wp-json\/wp\/v2\/pages\/2916\/\" \/>\n<meta property=\"og:locale\" content=\"en_US\" \/>\n<meta property=\"og:type\" content=\"article\" \/>\n<meta property=\"og:title\" content=\"Rengini\u0173 galerija - Lithuania FabricAir\" \/>\n<meta property=\"og:description\" content=\"Rengini\u0173 galerija - \u010dia rasite Lietuvoje ir pasaulyje \u012fvykusi\u0173 rengini\u0173 fotoalbumus, kuriuose dalyvavo FabricAir komandos.\" \/>\n<meta property=\"og:url\" content=\"https:\/\/www.fabricair.com\/lt\/galerija\/renginiu-galerija\/\" \/>\n<meta property=\"og:site_name\" content=\"Lithuania FabricAir\" \/>\n<meta property=\"article:modified_time\" content=\"2026-02-24T10:15:57+00:00\" \/>\n<meta property=\"og:image\" content=\"https:\/\/www.fabricair.com\/lt\/wp-content\/uploads\/sites\/22\/2022\/03\/headway-F2KRf_QfCqw-unsplash-1-1.png\" \/>\n\t<meta property=\"og:image:width\" content=\"1440\" \/>\n\t<meta property=\"og:image:height\" content=\"480\" \/>\n\t<meta property=\"og:image:type\" content=\"image\/png\" \/>\n<meta name=\"twitter:card\" content=\"summary_large_image\" \/>\n<meta name=\"twitter:label1\" content=\"Est. reading time\" \/>\n\t<meta name=\"twitter:data1\" content=\"1 minute\" \/>\n<script type=\"application\/ld+json\" class=\"yoast-schema-graph\">{\"@context\":\"https:\\\/\\\/schema.org\",\"@graph\":[{\"@type\":\"WebPage\",\"@id\":\"https:\\\/\\\/www.fabricair.com\\\/lt\\\/galerija\\\/renginiu-galerija\\\/\",\"url\":\"https:\\\/\\\/www.fabricair.com\\\/lt\\\/galerija\\\/renginiu-galerija\\\/\",\"name\":\"Rengini\u0173 galerija - Lithuania FabricAir\",\"isPartOf\":{\"@id\":\"https:\\\/\\\/www.fabricair.com\\\/lt\\\/#website\"},\"primaryImageOfPage\":{\"@id\":\"https:\\\/\\\/www.fabricair.com\\\/lt\\\/galerija\\\/renginiu-galerija\\\/#primaryimage\"},\"image\":{\"@id\":\"https:\\\/\\\/www.fabricair.com\\\/lt\\\/galerija\\\/renginiu-galerija\\\/#primaryimage\"},\"thumbnailUrl\":\"https:\\\/\\\/www.fabricair.com\\\/lt\\\/wp-content\\\/uploads\\\/sites\\\/22\\\/2022\\\/03\\\/headway-F2KRf_QfCqw-unsplash-1-1.png\",\"datePublished\":\"2022-03-30T08:16:56+00:00\",\"dateModified\":\"2026-02-24T10:15:57+00:00\",\"description\":\"Rengini\u0173 galerija - \u010dia rasite Lietuvoje ir pasaulyje \u012fvykusi\u0173 rengini\u0173 fotoalbumus, kuriuose dalyvavo FabricAir komandos.\",\"breadcrumb\":{\"@id\":\"https:\\\/\\\/www.fabricair.com\\\/lt\\\/galerija\\\/renginiu-galerija\\\/#breadcrumb\"},\"inLanguage\":\"en-US\",\"potentialAction\":[{\"@type\":\"ReadAction\",\"target\":[\"https:\\\/\\\/www.fabricair.com\\\/lt\\\/galerija\\\/renginiu-galerija\\\/\"]}]},{\"@type\":\"ImageObject\",\"inLanguage\":\"en-US\",\"@id\":\"https:\\\/\\\/www.fabricair.com\\\/lt\\\/galerija\\\/renginiu-galerija\\\/#primaryimage\",\"url\":\"https:\\\/\\\/www.fabricair.com\\\/lt\\\/wp-content\\\/uploads\\\/sites\\\/22\\\/2022\\\/03\\\/headway-F2KRf_QfCqw-unsplash-1-1.png\",\"contentUrl\":\"https:\\\/\\\/www.fabricair.com\\\/lt\\\/wp-content\\\/uploads\\\/sites\\\/22\\\/2022\\\/03\\\/headway-F2KRf_QfCqw-unsplash-1-1.png\",\"width\":1440,\"height\":480},{\"@type\":\"BreadcrumbList\",\"@id\":\"https:\\\/\\\/www.fabricair.com\\\/lt\\\/galerija\\\/renginiu-galerija\\\/#breadcrumb\",\"itemListElement\":[{\"@type\":\"ListItem\",\"position\":1,\"name\":\"Home\",\"item\":\"https:\\\/\\\/www.fabricair.com\\\/lt\\\/\"},{\"@type\":\"ListItem\",\"position\":2,\"name\":\"Galerija\",\"item\":\"https:\\\/\\\/www.fabricair.com\\\/lt\\\/galerija\\\/\"},{\"@type\":\"ListItem\",\"position\":3,\"name\":\"Rengini\u0173 galerija\"}]},{\"@type\":\"WebSite\",\"@id\":\"https:\\\/\\\/www.fabricair.com\\\/lt\\\/#website\",\"url\":\"https:\\\/\\\/www.fabricair.com\\\/lt\\\/\",\"name\":\"Lithuania FabricAir\",\"description\":\"\",\"potentialAction\":[{\"@type\":\"SearchAction\",\"target\":{\"@type\":\"EntryPoint\",\"urlTemplate\":\"https:\\\/\\\/www.fabricair.com\\\/lt\\\/?s={search_term_string}\"},\"query-input\":{\"@type\":\"PropertyValueSpecification\",\"valueRequired\":true,\"valueName\":\"search_term_string\"}}],\"inLanguage\":\"en-US\"}]}<\/script>\n<!-- \/ Yoast SEO plugin. -->","yoast_head_json":{"title":"Rengini\u0173 galerija | Lithuania FabricAir","description":"Rengini\u0173 galerija - \u010dia rasite Lietuvoje ir pasaulyje \u012fvykusi\u0173 rengini\u0173 fotoalbumus, kuriuose dalyvavo FabricAir komandos.","robots":{"index":"index","follow":"follow","max-snippet":"max-snippet:-1","max-image-preview":"max-image-preview:large","max-video-preview":"max-video-preview:-1"},"canonical":"https:\/\/www.fabricair.com\/lt\/wp-json\/wp\/v2\/pages\/2916\/","og_locale":"en_US","og_type":"article","og_title":"Rengini\u0173 galerija - Lithuania FabricAir","og_description":"Rengini\u0173 galerija - \u010dia rasite Lietuvoje ir pasaulyje \u012fvykusi\u0173 rengini\u0173 fotoalbumus, kuriuose dalyvavo FabricAir komandos.","og_url":"https:\/\/www.fabricair.com\/lt\/galerija\/renginiu-galerija\/","og_site_name":"Lithuania FabricAir","article_modified_time":"2026-02-24T10:15:57+00:00","og_image":[{"width":1440,"height":480,"url":"https:\/\/www.fabricair.com\/lt\/wp-content\/uploads\/sites\/22\/2022\/03\/headway-F2KRf_QfCqw-unsplash-1-1.png","type":"image\/png"}],"twitter_card":"summary_large_image","twitter_misc":{"Est. reading time":"1 minute"},"schema":{"@context":"https:\/\/schema.org","@graph":[{"@type":"WebPage","@id":"https:\/\/www.fabricair.com\/lt\/galerija\/renginiu-galerija\/","url":"https:\/\/www.fabricair.com\/lt\/galerija\/renginiu-galerija\/","name":"Rengini\u0173 galerija - Lithuania FabricAir","isPartOf":{"@id":"https:\/\/www.fabricair.com\/lt\/#website"},"primaryImageOfPage":{"@id":"https:\/\/www.fabricair.com\/lt\/galerija\/renginiu-galerija\/#primaryimage"},"image":{"@id":"https:\/\/www.fabricair.com\/lt\/galerija\/renginiu-galerija\/#primaryimage"},"thumbnailUrl":"https:\/\/www.fabricair.com\/lt\/wp-content\/uploads\/sites\/22\/2022\/03\/headway-F2KRf_QfCqw-unsplash-1-1.png","datePublished":"2022-03-30T08:16:56+00:00","dateModified":"2026-02-24T10:15:57+00:00","description":"Rengini\u0173 galerija - \u010dia rasite Lietuvoje ir pasaulyje \u012fvykusi\u0173 rengini\u0173 fotoalbumus, kuriuose dalyvavo FabricAir komandos.","breadcrumb":{"@id":"https:\/\/www.fabricair.com\/lt\/galerija\/renginiu-galerija\/#breadcrumb"},"inLanguage":"en-US","potentialAction":[{"@type":"ReadAction","target":["https:\/\/www.fabricair.com\/lt\/galerija\/renginiu-galerija\/"]}]},{"@type":"ImageObject","inLanguage":"en-US","@id":"https:\/\/www.fabricair.com\/lt\/galerija\/renginiu-galerija\/#primaryimage","url":"https:\/\/www.fabricair.com\/lt\/wp-content\/uploads\/sites\/22\/2022\/03\/headway-F2KRf_QfCqw-unsplash-1-1.png","contentUrl":"https:\/\/www.fabricair.com\/lt\/wp-content\/uploads\/sites\/22\/2022\/03\/headway-F2KRf_QfCqw-unsplash-1-1.png","width":1440,"height":480},{"@type":"BreadcrumbList","@id":"https:\/\/www.fabricair.com\/lt\/galerija\/renginiu-galerija\/#breadcrumb","itemListElement":[{"@type":"ListItem","position":1,"name":"Home","item":"https:\/\/www.fabricair.com\/lt\/"},{"@type":"ListItem","position":2,"name":"Galerija","item":"https:\/\/www.fabricair.com\/lt\/galerija\/"},{"@type":"ListItem","position":3,"name":"Rengini\u0173 galerija"}]},{"@type":"WebSite","@id":"https:\/\/www.fabricair.com\/lt\/#website","url":"https:\/\/www.fabricair.com\/lt\/","name":"Lithuania FabricAir","description":"","potentialAction":[{"@type":"SearchAction","target":{"@type":"EntryPoint","urlTemplate":"https:\/\/www.fabricair.com\/lt\/?s={search_term_string}"},"query-input":{"@type":"PropertyValueSpecification","valueRequired":true,"valueName":"search_term_string"}}],"inLanguage":"en-US"}]}},"_links":{"self":[{"href":"https:\/\/www.fabricair.com\/lt\/wp-json\/wp\/v2\/pages\/2916","targetHints":{"allow":["GET"]}}],"collection":[{"href":"https:\/\/www.fabricair.com\/lt\/wp-json\/wp\/v2\/pages"}],"about":[{"href":"https:\/\/www.fabricair.com\/lt\/wp-json\/wp\/v2\/types\/page"}],"author":[{"embeddable":true,"href":"https:\/\/www.fabricair.com\/lt\/wp-json\/wp\/v2\/users\/1"}],"replies":[{"embeddable":true,"href":"https:\/\/www.fabricair.com\/lt\/wp-json\/wp\/v2\/comments?post=2916"}],"version-history":[{"count":27,"href":"https:\/\/www.fabricair.com\/lt\/wp-json\/wp\/v2\/pages\/2916\/revisions"}],"predecessor-version":[{"id":8437,"href":"https:\/\/www.fabricair.com\/lt\/wp-json\/wp\/v2\/pages\/2916\/revisions\/8437"}],"up":[{"embeddable":true,"href":"https:\/\/www.fabricair.com\/lt\/wp-json\/wp\/v2\/pages\/2899"}],"wp:featuredmedia":[{"embeddable":true,"href":"https:\/\/www.fabricair.com\/lt\/wp-json\/wp\/v2\/media\/2791"}],"wp:attachment":[{"href":"https:\/\/www.fabricair.com\/lt\/wp-json\/wp\/v2\/media?parent=2916"}],"curies":[{"name":"wp","href":"https:\/\/api.w.org\/{rel}","templated":true}]}}