{"id":3085,"date":"2022-03-30T13:15:36","date_gmt":"2022-03-30T13:15:36","guid":{"rendered":"https:\/\/fabricair.com\/lt\/?page_id=3085"},"modified":"2024-08-01T12:17:55","modified_gmt":"2024-08-01T12:17:55","slug":"tekstiliniai-ortakiai-ivairiose-pritaikymo-srityse","status":"publish","type":"page","link":"https:\/\/www.fabricair.com\/lt\/galerija\/vaizdo-irasu-galerija\/tekstiliniai-ortakiai-ivairiose-pritaikymo-srityse\/","title":{"rendered":"Tekstiliniai ortakiai \u012fvairiose pritaikymo srityse"},"content":{"rendered":"","protected":false},"excerpt":{"rendered":"","protected":false},"author":1,"featured_media":2574,"parent":2925,"menu_order":9,"comment_status":"closed","ping_status":"closed","template":"page-gallery.php","meta":{"_acf_changed":false,"inline_featured_image":false,"footnotes":""},"class_list":["post-3085","page","type-page","status-publish","has-post-thumbnail","hentry"],"acf":[],"yoast_head":"<!-- This site is optimized with the Yoast SEO plugin v27.3 - https:\/\/yoast.com\/product\/yoast-seo-wordpress\/ -->\n<title>Tekstiliniai ortakiai \u012fvairiose pritaikymo srityse | Lithuania FabricAir<\/title>\n<meta name=\"description\" content=\"Pasi\u017evalgykite po FabricAir vaizdo \u012fra\u0161\u0173 galerij\u0105 kaip tekstiliniai ortakiai \u012fsilieja \u012f aplink\u0105 \u012fvairiose pritaikymo srityse.\" \/>\n<meta name=\"robots\" content=\"index, follow, max-snippet:-1, max-image-preview:large, max-video-preview:-1\" \/>\n<link rel=\"canonical\" href=\"https:\/\/www.fabricair.com\/lt\/wp-json\/wp\/v2\/pages\/3085\/\" \/>\n<meta property=\"og:locale\" content=\"en_US\" \/>\n<meta property=\"og:type\" content=\"article\" \/>\n<meta property=\"og:title\" content=\"Tekstiliniai ortakiai \u012fvairiose pritaikymo srityse - Lithuania FabricAir\" \/>\n<meta property=\"og:description\" content=\"Pasi\u017evalgykite po FabricAir vaizdo \u012fra\u0161\u0173 galerij\u0105 kaip tekstiliniai ortakiai \u012fsilieja \u012f aplink\u0105 \u012fvairiose pritaikymo srityse.\" \/>\n<meta property=\"og:url\" content=\"https:\/\/www.fabricair.com\/lt\/galerija\/vaizdo-irasu-galerija\/tekstiliniai-ortakiai-ivairiose-pritaikymo-srityse\/\" \/>\n<meta property=\"og:site_name\" content=\"Lithuania FabricAir\" \/>\n<meta property=\"article:modified_time\" content=\"2024-08-01T12:17:55+00:00\" \/>\n<meta property=\"og:image\" content=\"https:\/\/www.fabricair.com\/lt\/wp-content\/uploads\/sites\/22\/2022\/03\/FabricAir_firestinephotography-Ji-Roz-Restaurant-21.jpg\" \/>\n\t<meta property=\"og:image:width\" content=\"1000\" \/>\n\t<meta property=\"og:image:height\" content=\"667\" \/>\n\t<meta property=\"og:image:type\" content=\"image\/jpeg\" \/>\n<meta name=\"twitter:card\" content=\"summary_large_image\" \/>\n<meta name=\"twitter:label1\" content=\"Est. reading time\" \/>\n\t<meta name=\"twitter:data1\" content=\"1 minute\" \/>\n<script type=\"application\/ld+json\" class=\"yoast-schema-graph\">{\"@context\":\"https:\\\/\\\/schema.org\",\"@graph\":[{\"@type\":\"WebPage\",\"@id\":\"https:\\\/\\\/www.fabricair.com\\\/lt\\\/galerija\\\/vaizdo-irasu-galerija\\\/tekstiliniai-ortakiai-ivairiose-pritaikymo-srityse\\\/\",\"url\":\"https:\\\/\\\/www.fabricair.com\\\/lt\\\/galerija\\\/vaizdo-irasu-galerija\\\/tekstiliniai-ortakiai-ivairiose-pritaikymo-srityse\\\/\",\"name\":\"Tekstiliniai ortakiai \u012fvairiose pritaikymo srityse - Lithuania FabricAir\",\"isPartOf\":{\"@id\":\"https:\\\/\\\/www.fabricair.com\\\/lt\\\/#website\"},\"primaryImageOfPage\":{\"@id\":\"https:\\\/\\\/www.fabricair.com\\\/lt\\\/galerija\\\/vaizdo-irasu-galerija\\\/tekstiliniai-ortakiai-ivairiose-pritaikymo-srityse\\\/#primaryimage\"},\"image\":{\"@id\":\"https:\\\/\\\/www.fabricair.com\\\/lt\\\/galerija\\\/vaizdo-irasu-galerija\\\/tekstiliniai-ortakiai-ivairiose-pritaikymo-srityse\\\/#primaryimage\"},\"thumbnailUrl\":\"https:\\\/\\\/www.fabricair.com\\\/lt\\\/wp-content\\\/uploads\\\/sites\\\/22\\\/2022\\\/03\\\/FabricAir_firestinephotography-Ji-Roz-Restaurant-21.jpg\",\"datePublished\":\"2022-03-30T13:15:36+00:00\",\"dateModified\":\"2024-08-01T12:17:55+00:00\",\"description\":\"Pasi\u017evalgykite po FabricAir vaizdo \u012fra\u0161\u0173 galerij\u0105 kaip tekstiliniai ortakiai \u012fsilieja \u012f aplink\u0105 \u012fvairiose pritaikymo srityse.\",\"breadcrumb\":{\"@id\":\"https:\\\/\\\/www.fabricair.com\\\/lt\\\/galerija\\\/vaizdo-irasu-galerija\\\/tekstiliniai-ortakiai-ivairiose-pritaikymo-srityse\\\/#breadcrumb\"},\"inLanguage\":\"en-US\",\"potentialAction\":[{\"@type\":\"ReadAction\",\"target\":[\"https:\\\/\\\/www.fabricair.com\\\/lt\\\/galerija\\\/vaizdo-irasu-galerija\\\/tekstiliniai-ortakiai-ivairiose-pritaikymo-srityse\\\/\"]}]},{\"@type\":\"ImageObject\",\"inLanguage\":\"en-US\",\"@id\":\"https:\\\/\\\/www.fabricair.com\\\/lt\\\/galerija\\\/vaizdo-irasu-galerija\\\/tekstiliniai-ortakiai-ivairiose-pritaikymo-srityse\\\/#primaryimage\",\"url\":\"https:\\\/\\\/www.fabricair.com\\\/lt\\\/wp-content\\\/uploads\\\/sites\\\/22\\\/2022\\\/03\\\/FabricAir_firestinephotography-Ji-Roz-Restaurant-21.jpg\",\"contentUrl\":\"https:\\\/\\\/www.fabricair.com\\\/lt\\\/wp-content\\\/uploads\\\/sites\\\/22\\\/2022\\\/03\\\/FabricAir_firestinephotography-Ji-Roz-Restaurant-21.jpg\",\"width\":1000,\"height\":667},{\"@type\":\"BreadcrumbList\",\"@id\":\"https:\\\/\\\/www.fabricair.com\\\/lt\\\/galerija\\\/vaizdo-irasu-galerija\\\/tekstiliniai-ortakiai-ivairiose-pritaikymo-srityse\\\/#breadcrumb\",\"itemListElement\":[{\"@type\":\"ListItem\",\"position\":1,\"name\":\"Home\",\"item\":\"https:\\\/\\\/www.fabricair.com\\\/lt\\\/\"},{\"@type\":\"ListItem\",\"position\":2,\"name\":\"Galerija\",\"item\":\"https:\\\/\\\/www.fabricair.com\\\/lt\\\/galerija\\\/\"},{\"@type\":\"ListItem\",\"position\":3,\"name\":\"Vaizdo \u012fra\u0161\u0173 galerija\",\"item\":\"https:\\\/\\\/www.fabricair.com\\\/lt\\\/galerija\\\/vaizdo-irasu-galerija\\\/\"},{\"@type\":\"ListItem\",\"position\":4,\"name\":\"Tekstiliniai ortakiai \u012fvairiose pritaikymo srityse\"}]},{\"@type\":\"WebSite\",\"@id\":\"https:\\\/\\\/www.fabricair.com\\\/lt\\\/#website\",\"url\":\"https:\\\/\\\/www.fabricair.com\\\/lt\\\/\",\"name\":\"Lithuania FabricAir\",\"description\":\"\",\"potentialAction\":[{\"@type\":\"SearchAction\",\"target\":{\"@type\":\"EntryPoint\",\"urlTemplate\":\"https:\\\/\\\/www.fabricair.com\\\/lt\\\/?s={search_term_string}\"},\"query-input\":{\"@type\":\"PropertyValueSpecification\",\"valueRequired\":true,\"valueName\":\"search_term_string\"}}],\"inLanguage\":\"en-US\"}]}<\/script>\n<!-- \/ Yoast SEO plugin. -->","yoast_head_json":{"title":"Tekstiliniai ortakiai \u012fvairiose pritaikymo srityse | Lithuania FabricAir","description":"Pasi\u017evalgykite po FabricAir vaizdo \u012fra\u0161\u0173 galerij\u0105 kaip tekstiliniai ortakiai \u012fsilieja \u012f aplink\u0105 \u012fvairiose pritaikymo srityse.","robots":{"index":"index","follow":"follow","max-snippet":"max-snippet:-1","max-image-preview":"max-image-preview:large","max-video-preview":"max-video-preview:-1"},"canonical":"https:\/\/www.fabricair.com\/lt\/wp-json\/wp\/v2\/pages\/3085\/","og_locale":"en_US","og_type":"article","og_title":"Tekstiliniai ortakiai \u012fvairiose pritaikymo srityse - Lithuania FabricAir","og_description":"Pasi\u017evalgykite po FabricAir vaizdo \u012fra\u0161\u0173 galerij\u0105 kaip tekstiliniai ortakiai \u012fsilieja \u012f aplink\u0105 \u012fvairiose pritaikymo srityse.","og_url":"https:\/\/www.fabricair.com\/lt\/galerija\/vaizdo-irasu-galerija\/tekstiliniai-ortakiai-ivairiose-pritaikymo-srityse\/","og_site_name":"Lithuania FabricAir","article_modified_time":"2024-08-01T12:17:55+00:00","og_image":[{"width":1000,"height":667,"url":"https:\/\/www.fabricair.com\/lt\/wp-content\/uploads\/sites\/22\/2022\/03\/FabricAir_firestinephotography-Ji-Roz-Restaurant-21.jpg","type":"image\/jpeg"}],"twitter_card":"summary_large_image","twitter_misc":{"Est. reading time":"1 minute"},"schema":{"@context":"https:\/\/schema.org","@graph":[{"@type":"WebPage","@id":"https:\/\/www.fabricair.com\/lt\/galerija\/vaizdo-irasu-galerija\/tekstiliniai-ortakiai-ivairiose-pritaikymo-srityse\/","url":"https:\/\/www.fabricair.com\/lt\/galerija\/vaizdo-irasu-galerija\/tekstiliniai-ortakiai-ivairiose-pritaikymo-srityse\/","name":"Tekstiliniai ortakiai \u012fvairiose pritaikymo srityse - Lithuania FabricAir","isPartOf":{"@id":"https:\/\/www.fabricair.com\/lt\/#website"},"primaryImageOfPage":{"@id":"https:\/\/www.fabricair.com\/lt\/galerija\/vaizdo-irasu-galerija\/tekstiliniai-ortakiai-ivairiose-pritaikymo-srityse\/#primaryimage"},"image":{"@id":"https:\/\/www.fabricair.com\/lt\/galerija\/vaizdo-irasu-galerija\/tekstiliniai-ortakiai-ivairiose-pritaikymo-srityse\/#primaryimage"},"thumbnailUrl":"https:\/\/www.fabricair.com\/lt\/wp-content\/uploads\/sites\/22\/2022\/03\/FabricAir_firestinephotography-Ji-Roz-Restaurant-21.jpg","datePublished":"2022-03-30T13:15:36+00:00","dateModified":"2024-08-01T12:17:55+00:00","description":"Pasi\u017evalgykite po FabricAir vaizdo \u012fra\u0161\u0173 galerij\u0105 kaip tekstiliniai ortakiai \u012fsilieja \u012f aplink\u0105 \u012fvairiose pritaikymo srityse.","breadcrumb":{"@id":"https:\/\/www.fabricair.com\/lt\/galerija\/vaizdo-irasu-galerija\/tekstiliniai-ortakiai-ivairiose-pritaikymo-srityse\/#breadcrumb"},"inLanguage":"en-US","potentialAction":[{"@type":"ReadAction","target":["https:\/\/www.fabricair.com\/lt\/galerija\/vaizdo-irasu-galerija\/tekstiliniai-ortakiai-ivairiose-pritaikymo-srityse\/"]}]},{"@type":"ImageObject","inLanguage":"en-US","@id":"https:\/\/www.fabricair.com\/lt\/galerija\/vaizdo-irasu-galerija\/tekstiliniai-ortakiai-ivairiose-pritaikymo-srityse\/#primaryimage","url":"https:\/\/www.fabricair.com\/lt\/wp-content\/uploads\/sites\/22\/2022\/03\/FabricAir_firestinephotography-Ji-Roz-Restaurant-21.jpg","contentUrl":"https:\/\/www.fabricair.com\/lt\/wp-content\/uploads\/sites\/22\/2022\/03\/FabricAir_firestinephotography-Ji-Roz-Restaurant-21.jpg","width":1000,"height":667},{"@type":"BreadcrumbList","@id":"https:\/\/www.fabricair.com\/lt\/galerija\/vaizdo-irasu-galerija\/tekstiliniai-ortakiai-ivairiose-pritaikymo-srityse\/#breadcrumb","itemListElement":[{"@type":"ListItem","position":1,"name":"Home","item":"https:\/\/www.fabricair.com\/lt\/"},{"@type":"ListItem","position":2,"name":"Galerija","item":"https:\/\/www.fabricair.com\/lt\/galerija\/"},{"@type":"ListItem","position":3,"name":"Vaizdo \u012fra\u0161\u0173 galerija","item":"https:\/\/www.fabricair.com\/lt\/galerija\/vaizdo-irasu-galerija\/"},{"@type":"ListItem","position":4,"name":"Tekstiliniai ortakiai \u012fvairiose pritaikymo srityse"}]},{"@type":"WebSite","@id":"https:\/\/www.fabricair.com\/lt\/#website","url":"https:\/\/www.fabricair.com\/lt\/","name":"Lithuania FabricAir","description":"","potentialAction":[{"@type":"SearchAction","target":{"@type":"EntryPoint","urlTemplate":"https:\/\/www.fabricair.com\/lt\/?s={search_term_string}"},"query-input":{"@type":"PropertyValueSpecification","valueRequired":true,"valueName":"search_term_string"}}],"inLanguage":"en-US"}]}},"_links":{"self":[{"href":"https:\/\/www.fabricair.com\/lt\/wp-json\/wp\/v2\/pages\/3085","targetHints":{"allow":["GET"]}}],"collection":[{"href":"https:\/\/www.fabricair.com\/lt\/wp-json\/wp\/v2\/pages"}],"about":[{"href":"https:\/\/www.fabricair.com\/lt\/wp-json\/wp\/v2\/types\/page"}],"author":[{"embeddable":true,"href":"https:\/\/www.fabricair.com\/lt\/wp-json\/wp\/v2\/users\/1"}],"replies":[{"embeddable":true,"href":"https:\/\/www.fabricair.com\/lt\/wp-json\/wp\/v2\/comments?post=3085"}],"version-history":[{"count":20,"href":"https:\/\/www.fabricair.com\/lt\/wp-json\/wp\/v2\/pages\/3085\/revisions"}],"predecessor-version":[{"id":8018,"href":"https:\/\/www.fabricair.com\/lt\/wp-json\/wp\/v2\/pages\/3085\/revisions\/8018"}],"up":[{"embeddable":true,"href":"https:\/\/www.fabricair.com\/lt\/wp-json\/wp\/v2\/pages\/2925"}],"wp:featuredmedia":[{"embeddable":true,"href":"https:\/\/www.fabricair.com\/lt\/wp-json\/wp\/v2\/media\/2574"}],"wp:attachment":[{"href":"https:\/\/www.fabricair.com\/lt\/wp-json\/wp\/v2\/media?parent=3085"}],"curies":[{"name":"wp","href":"https:\/\/api.w.org\/{rel}","templated":true}]}}