{"id":5,"date":"2022-02-03T09:48:33","date_gmt":"2022-02-03T09:48:33","guid":{"rendered":"https:\/\/fabricair.com\/lt\/?page_id=5"},"modified":"2026-03-10T06:25:44","modified_gmt":"2026-03-10T06:25:44","slug":"pasaulinis-tekstiliniu-ortakiu-gamintojas","status":"publish","type":"page","link":"https:\/\/www.fabricair.com\/lt\/","title":{"rendered":"Pasaulinis tekstilini\u0173 ortaki\u0173 gamintojas"},"content":{"rendered":"<p>\u201eFabricAir\u201c yra pasaulin\u0117 oro paskirstymo sprendim\u0173 i\u0161 audini\u0173 rinkos lyder\u0117, \u012fsik\u016brusi Danijoje. 1973 m. suk\u016brusi \u0161i\u0105 technologij\u0105, &#8220;FabricAir\u00ae&#8221; i\u0161augo \u012f pasaulin\u0119 bendrov\u0119, turin\u010di\u0105 dukterini\u0173 \u012fmoni\u0173 14 \u0161ali\u0173 ir platintoj\u0173 tinkl\u0105, kuris pasiekia klientus daugiau nei 120 \u0161ali\u0173.<\/p>\n<p>Esame \u0160VOK industrijos inovatoriai.\u00a0Nuo 1973 m. tobuliname savo technologij\u0105, vadovaudamiesi dviem paprastomis id\u0117jomis: padaryti j\u0105 geresn\u0119 ir paprastesn\u0119. M\u016bs\u0173 tekstil\u0117s pagrindu pagamintus oro sklaidos ir paskirstymo sprendimus lengva u\u017esakyti ir lengva \u012fdiegti, tod\u0117l daugiau kaip 95 % m\u016bs\u0173 klient\u0173 su mumis bendradarbiauja pakartotinai.<\/p>\n<p>Esame pasaulinis tekstilini\u0173 ortaki\u0173 gamintojas. Kuriame ir gaminame tekstil\u0117s pagrindu pagamintus oro sklaidos ir oro paskirstymo <a href=\"https:\/\/www.fabricair.com\/lt\/produktai\/\">sprendimus<\/a>, skirtus \u012fvairioms patalpoms ir skirtingoms <a href=\"https:\/\/www.fabricair.com\/lt\/pritaikymo-sritys\/\">pritaikymo sritims<\/a>.\u00a0Lankstus ir novatori\u0161kas darbo modelis bei organizacija leid\u017eia mums nuolat pl\u0117stis \u012f naujas rinkas. Nors esame pasaulin\u0117 \u012fmon\u0117, viskas, k\u0105 darome, yra orientuota \u012f vietines rinkas.<\/p>\n<p>Vis\u0105 gamybos proces\u0105 valdome savo patikimose gamybin\u0117se patalpose. Tai leid\u017eia mums tiekti gaminius, atitinkan\u010dius j\u016bs\u0173 gamini\u0173 saugos, funkcionalumo ir dizaino reikalavimus, u\u017e konkurencing\u0105 kain\u0105, u\u017etikrinant trumpiausi\u0105 laik\u0105 rinkoje.<\/p>\n<p><strong>Globalumas<\/strong>:<br \/>\nTur\u0117dami 15 dukterini\u0173 \u012fmoni\u0173 visame pasaulyje ir plat\u0173 partneri\u0173 tinkl\u0105, tiekiame savo gaminius \u012f 120 \u0161ali\u0173.<\/p>\n<p><strong>Inovatyvumas<\/strong>:<br \/>\nM\u016bs\u0173 tyrim\u0173 ir pl\u0117tros skyrius palaiko strateginius ry\u0161ius su universitetais ir akademin\u0117mis bendruomen\u0117mis, kad u\u017etikrintume, jog m\u016bs\u0173 \u012fsipareigojimas diegti naujoves \u0160VOK pramon\u0117je ir toliau klest\u0117t\u0173.<\/p>\n<p><strong>Patikimumas<\/strong>:<br \/>\nDaugiau nei 95% klient\u0173 su mumis bendradarbiauja pakartotinai.<\/p>\n<p>Kaip pasaulinis ortaki\u0173 gamintojas nuolat stengiam\u0117s kurti i\u0161skirtin\u0119 vert\u0119 savo klientams, ypa\u010d kai patalp\u0173 oro kokyb\u0117 tampa vis svarbesn\u0117 m\u016bs\u0173 kasdieniame gyvenime. Tur\u0117dami beveik 50 met\u0173 rinkos patirties ir gil\u0173 klient\u0173 poreiki\u0173 supratim\u0105, siekiame, kad m\u016bs\u0173 technologija b\u016bt\u0173 naudojama vis daugiau pramon\u0117s \u0161ak\u0173 visame pasaulyje.<\/p>\n<p><strong>Trumpiausias pristatymo laikas rinkoje:<\/strong><\/p>\n<p>*Standartinis pristatymo laikas \u2013 14 dien\u0173. 99.7% vis\u0173 u\u017esakym\u0173 atvyksta laiku.<\/p>\n<p>Pritaikymo galimyb\u0117s<\/p>\n<p>D\u0117l universalios &#8220;FabricAir&#8221; sistemos konstrukcijos si\u016blome in\u017einerinius, individualiai pritaikytus sprendimus \u012fvairioms \u012fstaigoms, \u012fskaitant sporto, pramonines, komercines, vie\u0161\u0105sias, auginimo, sporto, laisvalaikio ir pramog\u0173 patalpas. Nesvarbu, ar tai izoterminis, \u0161ildymo, v\u0117sinimo ar j\u0173 derinys, mes turime jums tinkam\u0105 i\u0161man\u0173j\u012f oro sprendim\u0105.<\/p>\n<p>Kyla klausim\u0173, kaip \u201eFabricAir\u201c gali jums pad\u0117ti su inovatyviomis oro sklaidos sistemomis? &#8211;\u00a0Susisiekite su ekspertu<\/p>\n","protected":false},"excerpt":{"rendered":"<p>\u201eFabricAir\u201c yra pasaulin\u0117 oro paskirstymo sprendim\u0173 i\u0161 audini\u0173 rinkos lyder\u0117, \u012fsik\u016brusi Danijoje. 1973 m. suk\u016brusi \u0161i\u0105 technologij\u0105, &#8220;FabricAir\u00ae&#8221; i\u0161augo \u012f pasaulin\u0119 bendrov\u0119, turin\u010di\u0105 dukterini\u0173 \u012fmoni\u0173 14 \u0161ali\u0173 ir platintoj\u0173 tinkl\u0105, kuris pasiekia klientus daugiau nei 120 \u0161ali\u0173. Esame \u0160VOK industrijos inovatoriai.\u00a0Nuo 1973 m. tobuliname savo technologij\u0105, vadovaudamiesi dviem paprastomis id\u0117jomis: padaryti j\u0105 geresn\u0119 ir paprastesn\u0119. [&hellip;]<\/p>\n","protected":false},"author":1,"featured_media":0,"parent":0,"menu_order":35,"comment_status":"closed","ping_status":"closed","template":"","meta":{"_acf_changed":false,"inline_featured_image":false,"footnotes":""},"class_list":["post-5","page","type-page","status-publish","hentry"],"acf":[],"yoast_head":"<!-- This site is optimized with the Yoast SEO plugin v27.3 - https:\/\/yoast.com\/product\/yoast-seo-wordpress\/ -->\n<title>Pasaulinis tekstilini\u0173 ortaki\u0173 gamintojas | Lithuania FabricAir<\/title>\n<meta name=\"description\" content=\"Esame tekstilini\u0173 ortaki\u0173 gamintojas. Kuriame ir gaminame tekstilinius oro sklaidos ir paskirstymo sprendimus \u012fvairiems pastatams.\" \/>\n<meta name=\"robots\" content=\"index, follow, max-snippet:-1, max-image-preview:large, max-video-preview:-1\" \/>\n<link rel=\"canonical\" href=\"https:\/\/www.fabricair.com\/lt\/wp-json\/wp\/v2\/pages\/5\/\" \/>\n<meta property=\"og:locale\" content=\"en_US\" \/>\n<meta property=\"og:type\" content=\"article\" \/>\n<meta property=\"og:title\" content=\"Pasaulinis tekstilini\u0173 ortaki\u0173 gamintojas - Lithuania FabricAir\" \/>\n<meta property=\"og:description\" content=\"Esame tekstilini\u0173 ortaki\u0173 gamintojas. Kuriame ir gaminame tekstilinius oro sklaidos ir paskirstymo sprendimus \u012fvairiems pastatams.\" \/>\n<meta property=\"og:url\" content=\"https:\/\/www.fabricair.com\/lt\/\" \/>\n<meta property=\"og:site_name\" content=\"Lithuania FabricAir\" \/>\n<meta property=\"article:modified_time\" content=\"2026-03-10T06:25:44+00:00\" \/>\n<meta name=\"twitter:card\" content=\"summary_large_image\" \/>\n<meta name=\"twitter:label1\" content=\"Est. reading time\" \/>\n\t<meta name=\"twitter:data1\" content=\"2 minutes\" \/>\n<script type=\"application\/ld+json\" class=\"yoast-schema-graph\">{\"@context\":\"https:\\\/\\\/schema.org\",\"@graph\":[{\"@type\":\"WebPage\",\"@id\":\"https:\\\/\\\/www.fabricair.com\\\/lt\\\/\",\"url\":\"https:\\\/\\\/www.fabricair.com\\\/lt\\\/\",\"name\":\"Pasaulinis tekstilini\u0173 ortaki\u0173 gamintojas - Lithuania FabricAir\",\"isPartOf\":{\"@id\":\"https:\\\/\\\/www.fabricair.com\\\/lt\\\/#website\"},\"datePublished\":\"2022-02-03T09:48:33+00:00\",\"dateModified\":\"2026-03-10T06:25:44+00:00\",\"description\":\"Esame tekstilini\u0173 ortaki\u0173 gamintojas. Kuriame ir gaminame tekstilinius oro sklaidos ir paskirstymo sprendimus \u012fvairiems pastatams.\",\"breadcrumb\":{\"@id\":\"https:\\\/\\\/www.fabricair.com\\\/lt\\\/#breadcrumb\"},\"inLanguage\":\"en-US\",\"potentialAction\":[{\"@type\":\"ReadAction\",\"target\":[\"https:\\\/\\\/www.fabricair.com\\\/lt\\\/\"]}]},{\"@type\":\"BreadcrumbList\",\"@id\":\"https:\\\/\\\/www.fabricair.com\\\/lt\\\/#breadcrumb\",\"itemListElement\":[{\"@type\":\"ListItem\",\"position\":1,\"name\":\"Home\",\"item\":\"https:\\\/\\\/www.fabricair.com\\\/lt\\\/\"},{\"@type\":\"ListItem\",\"position\":2,\"name\":\"Pasaulinis tekstilini\u0173 ortaki\u0173 gamintojas\"}]},{\"@type\":\"WebSite\",\"@id\":\"https:\\\/\\\/www.fabricair.com\\\/lt\\\/#website\",\"url\":\"https:\\\/\\\/www.fabricair.com\\\/lt\\\/\",\"name\":\"Lithuania FabricAir\",\"description\":\"\",\"potentialAction\":[{\"@type\":\"SearchAction\",\"target\":{\"@type\":\"EntryPoint\",\"urlTemplate\":\"https:\\\/\\\/www.fabricair.com\\\/lt\\\/?s={search_term_string}\"},\"query-input\":{\"@type\":\"PropertyValueSpecification\",\"valueRequired\":true,\"valueName\":\"search_term_string\"}}],\"inLanguage\":\"en-US\"}]}<\/script>\n<!-- \/ Yoast SEO plugin. -->","yoast_head_json":{"title":"Pasaulinis tekstilini\u0173 ortaki\u0173 gamintojas | Lithuania FabricAir","description":"Esame tekstilini\u0173 ortaki\u0173 gamintojas. Kuriame ir gaminame tekstilinius oro sklaidos ir paskirstymo sprendimus \u012fvairiems pastatams.","robots":{"index":"index","follow":"follow","max-snippet":"max-snippet:-1","max-image-preview":"max-image-preview:large","max-video-preview":"max-video-preview:-1"},"canonical":"https:\/\/www.fabricair.com\/lt\/wp-json\/wp\/v2\/pages\/5\/","og_locale":"en_US","og_type":"article","og_title":"Pasaulinis tekstilini\u0173 ortaki\u0173 gamintojas - Lithuania FabricAir","og_description":"Esame tekstilini\u0173 ortaki\u0173 gamintojas. Kuriame ir gaminame tekstilinius oro sklaidos ir paskirstymo sprendimus \u012fvairiems pastatams.","og_url":"https:\/\/www.fabricair.com\/lt\/","og_site_name":"Lithuania FabricAir","article_modified_time":"2026-03-10T06:25:44+00:00","twitter_card":"summary_large_image","twitter_misc":{"Est. reading time":"2 minutes"},"schema":{"@context":"https:\/\/schema.org","@graph":[{"@type":"WebPage","@id":"https:\/\/www.fabricair.com\/lt\/","url":"https:\/\/www.fabricair.com\/lt\/","name":"Pasaulinis tekstilini\u0173 ortaki\u0173 gamintojas - Lithuania FabricAir","isPartOf":{"@id":"https:\/\/www.fabricair.com\/lt\/#website"},"datePublished":"2022-02-03T09:48:33+00:00","dateModified":"2026-03-10T06:25:44+00:00","description":"Esame tekstilini\u0173 ortaki\u0173 gamintojas. Kuriame ir gaminame tekstilinius oro sklaidos ir paskirstymo sprendimus \u012fvairiems pastatams.","breadcrumb":{"@id":"https:\/\/www.fabricair.com\/lt\/#breadcrumb"},"inLanguage":"en-US","potentialAction":[{"@type":"ReadAction","target":["https:\/\/www.fabricair.com\/lt\/"]}]},{"@type":"BreadcrumbList","@id":"https:\/\/www.fabricair.com\/lt\/#breadcrumb","itemListElement":[{"@type":"ListItem","position":1,"name":"Home","item":"https:\/\/www.fabricair.com\/lt\/"},{"@type":"ListItem","position":2,"name":"Pasaulinis tekstilini\u0173 ortaki\u0173 gamintojas"}]},{"@type":"WebSite","@id":"https:\/\/www.fabricair.com\/lt\/#website","url":"https:\/\/www.fabricair.com\/lt\/","name":"Lithuania FabricAir","description":"","potentialAction":[{"@type":"SearchAction","target":{"@type":"EntryPoint","urlTemplate":"https:\/\/www.fabricair.com\/lt\/?s={search_term_string}"},"query-input":{"@type":"PropertyValueSpecification","valueRequired":true,"valueName":"search_term_string"}}],"inLanguage":"en-US"}]}},"_links":{"self":[{"href":"https:\/\/www.fabricair.com\/lt\/wp-json\/wp\/v2\/pages\/5","targetHints":{"allow":["GET"]}}],"collection":[{"href":"https:\/\/www.fabricair.com\/lt\/wp-json\/wp\/v2\/pages"}],"about":[{"href":"https:\/\/www.fabricair.com\/lt\/wp-json\/wp\/v2\/types\/page"}],"author":[{"embeddable":true,"href":"https:\/\/www.fabricair.com\/lt\/wp-json\/wp\/v2\/users\/1"}],"replies":[{"embeddable":true,"href":"https:\/\/www.fabricair.com\/lt\/wp-json\/wp\/v2\/comments?post=5"}],"version-history":[{"count":97,"href":"https:\/\/www.fabricair.com\/lt\/wp-json\/wp\/v2\/pages\/5\/revisions"}],"predecessor-version":[{"id":8473,"href":"https:\/\/www.fabricair.com\/lt\/wp-json\/wp\/v2\/pages\/5\/revisions\/8473"}],"wp:attachment":[{"href":"https:\/\/www.fabricair.com\/lt\/wp-json\/wp\/v2\/media?parent=5"}],"curies":[{"name":"wp","href":"https:\/\/api.w.org\/{rel}","templated":true}]}}