{"id":6737,"date":"2022-04-29T11:18:29","date_gmt":"2022-04-29T11:18:29","guid":{"rendered":"https:\/\/fabricair.com\/lt\/?page_id=6737"},"modified":"2024-01-05T06:57:14","modified_gmt":"2024-01-05T06:57:14","slug":"privatumo-politika","status":"publish","type":"page","link":"https:\/\/www.fabricair.com\/lt\/privatumo-politika\/","title":{"rendered":"Privatumo politika"},"content":{"rendered":"","protected":false},"excerpt":{"rendered":"","protected":false},"author":1,"featured_media":0,"parent":0,"menu_order":0,"comment_status":"closed","ping_status":"closed","template":"","meta":{"_acf_changed":false,"inline_featured_image":false,"footnotes":""},"class_list":["post-6737","page","type-page","status-publish","hentry"],"acf":[],"yoast_head":"<!-- This site is optimized with the Yoast SEO plugin v27.3 - https:\/\/yoast.com\/product\/yoast-seo-wordpress\/ -->\n<title>Privatumo politika | Lithuania FabricAir<\/title>\n<meta name=\"description\" content=\"Skiltyje Privatumo politika rasite i\u0161sami\u0105 informacij\u0105 aoie tai, kaip renkame ir naudojame surinktus asmens duomenis.\" \/>\n<meta name=\"robots\" content=\"index, follow, max-snippet:-1, max-image-preview:large, max-video-preview:-1\" \/>\n<link rel=\"canonical\" href=\"https:\/\/www.fabricair.com\/lt\/wp-json\/wp\/v2\/pages\/6737\/\" \/>\n<meta property=\"og:locale\" content=\"en_US\" \/>\n<meta property=\"og:type\" content=\"article\" \/>\n<meta property=\"og:title\" content=\"Privatumo politika - Lithuania FabricAir\" \/>\n<meta property=\"og:description\" content=\"Skiltyje Privatumo politika rasite i\u0161sami\u0105 informacij\u0105 aoie tai, kaip renkame ir naudojame surinktus asmens duomenis.\" \/>\n<meta property=\"og:url\" content=\"https:\/\/www.fabricair.com\/lt\/privatumo-politika\/\" \/>\n<meta property=\"og:site_name\" content=\"Lithuania FabricAir\" \/>\n<meta property=\"article:modified_time\" content=\"2024-01-05T06:57:14+00:00\" \/>\n<meta name=\"twitter:card\" content=\"summary_large_image\" \/>\n<script type=\"application\/ld+json\" class=\"yoast-schema-graph\">{\"@context\":\"https:\\\/\\\/schema.org\",\"@graph\":[{\"@type\":\"WebPage\",\"@id\":\"https:\\\/\\\/www.fabricair.com\\\/lt\\\/privatumo-politika\\\/\",\"url\":\"https:\\\/\\\/www.fabricair.com\\\/lt\\\/privatumo-politika\\\/\",\"name\":\"Privatumo politika - Lithuania FabricAir\",\"isPartOf\":{\"@id\":\"https:\\\/\\\/www.fabricair.com\\\/lt\\\/#website\"},\"datePublished\":\"2022-04-29T11:18:29+00:00\",\"dateModified\":\"2024-01-05T06:57:14+00:00\",\"description\":\"Skiltyje Privatumo politika rasite i\u0161sami\u0105 informacij\u0105 aoie tai, kaip renkame ir naudojame surinktus asmens duomenis.\",\"breadcrumb\":{\"@id\":\"https:\\\/\\\/www.fabricair.com\\\/lt\\\/privatumo-politika\\\/#breadcrumb\"},\"inLanguage\":\"en-US\",\"potentialAction\":[{\"@type\":\"ReadAction\",\"target\":[\"https:\\\/\\\/www.fabricair.com\\\/lt\\\/privatumo-politika\\\/\"]}]},{\"@type\":\"BreadcrumbList\",\"@id\":\"https:\\\/\\\/www.fabricair.com\\\/lt\\\/privatumo-politika\\\/#breadcrumb\",\"itemListElement\":[{\"@type\":\"ListItem\",\"position\":1,\"name\":\"Home\",\"item\":\"https:\\\/\\\/www.fabricair.com\\\/lt\\\/\"},{\"@type\":\"ListItem\",\"position\":2,\"name\":\"Privatumo politika\"}]},{\"@type\":\"WebSite\",\"@id\":\"https:\\\/\\\/www.fabricair.com\\\/lt\\\/#website\",\"url\":\"https:\\\/\\\/www.fabricair.com\\\/lt\\\/\",\"name\":\"Lithuania FabricAir\",\"description\":\"\",\"potentialAction\":[{\"@type\":\"SearchAction\",\"target\":{\"@type\":\"EntryPoint\",\"urlTemplate\":\"https:\\\/\\\/www.fabricair.com\\\/lt\\\/?s={search_term_string}\"},\"query-input\":{\"@type\":\"PropertyValueSpecification\",\"valueRequired\":true,\"valueName\":\"search_term_string\"}}],\"inLanguage\":\"en-US\"}]}<\/script>\n<!-- \/ Yoast SEO plugin. -->","yoast_head_json":{"title":"Privatumo politika | Lithuania FabricAir","description":"Skiltyje Privatumo politika rasite i\u0161sami\u0105 informacij\u0105 aoie tai, kaip renkame ir naudojame surinktus asmens duomenis.","robots":{"index":"index","follow":"follow","max-snippet":"max-snippet:-1","max-image-preview":"max-image-preview:large","max-video-preview":"max-video-preview:-1"},"canonical":"https:\/\/www.fabricair.com\/lt\/wp-json\/wp\/v2\/pages\/6737\/","og_locale":"en_US","og_type":"article","og_title":"Privatumo politika - Lithuania FabricAir","og_description":"Skiltyje Privatumo politika rasite i\u0161sami\u0105 informacij\u0105 aoie tai, kaip renkame ir naudojame surinktus asmens duomenis.","og_url":"https:\/\/www.fabricair.com\/lt\/privatumo-politika\/","og_site_name":"Lithuania FabricAir","article_modified_time":"2024-01-05T06:57:14+00:00","twitter_card":"summary_large_image","schema":{"@context":"https:\/\/schema.org","@graph":[{"@type":"WebPage","@id":"https:\/\/www.fabricair.com\/lt\/privatumo-politika\/","url":"https:\/\/www.fabricair.com\/lt\/privatumo-politika\/","name":"Privatumo politika - Lithuania FabricAir","isPartOf":{"@id":"https:\/\/www.fabricair.com\/lt\/#website"},"datePublished":"2022-04-29T11:18:29+00:00","dateModified":"2024-01-05T06:57:14+00:00","description":"Skiltyje Privatumo politika rasite i\u0161sami\u0105 informacij\u0105 aoie tai, kaip renkame ir naudojame surinktus asmens duomenis.","breadcrumb":{"@id":"https:\/\/www.fabricair.com\/lt\/privatumo-politika\/#breadcrumb"},"inLanguage":"en-US","potentialAction":[{"@type":"ReadAction","target":["https:\/\/www.fabricair.com\/lt\/privatumo-politika\/"]}]},{"@type":"BreadcrumbList","@id":"https:\/\/www.fabricair.com\/lt\/privatumo-politika\/#breadcrumb","itemListElement":[{"@type":"ListItem","position":1,"name":"Home","item":"https:\/\/www.fabricair.com\/lt\/"},{"@type":"ListItem","position":2,"name":"Privatumo politika"}]},{"@type":"WebSite","@id":"https:\/\/www.fabricair.com\/lt\/#website","url":"https:\/\/www.fabricair.com\/lt\/","name":"Lithuania FabricAir","description":"","potentialAction":[{"@type":"SearchAction","target":{"@type":"EntryPoint","urlTemplate":"https:\/\/www.fabricair.com\/lt\/?s={search_term_string}"},"query-input":{"@type":"PropertyValueSpecification","valueRequired":true,"valueName":"search_term_string"}}],"inLanguage":"en-US"}]}},"_links":{"self":[{"href":"https:\/\/www.fabricair.com\/lt\/wp-json\/wp\/v2\/pages\/6737","targetHints":{"allow":["GET"]}}],"collection":[{"href":"https:\/\/www.fabricair.com\/lt\/wp-json\/wp\/v2\/pages"}],"about":[{"href":"https:\/\/www.fabricair.com\/lt\/wp-json\/wp\/v2\/types\/page"}],"author":[{"embeddable":true,"href":"https:\/\/www.fabricair.com\/lt\/wp-json\/wp\/v2\/users\/1"}],"replies":[{"embeddable":true,"href":"https:\/\/www.fabricair.com\/lt\/wp-json\/wp\/v2\/comments?post=6737"}],"version-history":[{"count":6,"href":"https:\/\/www.fabricair.com\/lt\/wp-json\/wp\/v2\/pages\/6737\/revisions"}],"predecessor-version":[{"id":7842,"href":"https:\/\/www.fabricair.com\/lt\/wp-json\/wp\/v2\/pages\/6737\/revisions\/7842"}],"wp:attachment":[{"href":"https:\/\/www.fabricair.com\/lt\/wp-json\/wp\/v2\/media?parent=6737"}],"curies":[{"name":"wp","href":"https:\/\/api.w.org\/{rel}","templated":true}]}}