{"id":7317,"date":"2022-10-20T08:11:45","date_gmt":"2022-10-20T08:11:45","guid":{"rendered":"https:\/\/www.fabricair.com\/lt\/crh-in-china-2022\/"},"modified":"2026-01-21T07:59:06","modified_gmt":"2026-01-21T07:59:06","slug":"crh-paroda-kinijoje-2022","status":"publish","type":"page","link":"https:\/\/www.fabricair.com\/lt\/galerija\/renginiu-galerija\/crh-paroda-kinijoje-2022\/","title":{"rendered":"CRH paroda Kinijoje, 2022"},"content":{"rendered":"","protected":false},"excerpt":{"rendered":"","protected":false},"author":8,"featured_media":7318,"parent":2916,"menu_order":0,"comment_status":"closed","ping_status":"closed","template":"page-gallery.php","meta":{"_acf_changed":false,"inline_featured_image":false,"footnotes":""},"class_list":["post-7317","page","type-page","status-publish","has-post-thumbnail","hentry"],"acf":[],"yoast_head":"<!-- This site is optimized with the Yoast SEO plugin v27.3 - https:\/\/yoast.com\/product\/yoast-seo-wordpress\/ -->\n<title>CRH paroda Kinijoje, 2022 | Lithuania FabricAir<\/title>\n<meta name=\"description\" content=\"Per\u017ei\u016br\u0117kite CRH Kinija 2022 parodos galerij\u0105 \u2013 FabricAir ortaki\u0173 sistemos ir \u012fsimintiniausios parodos akimirkos.\" \/>\n<meta name=\"robots\" content=\"noindex, follow\" \/>\n<meta property=\"og:locale\" content=\"en_US\" \/>\n<meta property=\"og:type\" content=\"article\" \/>\n<meta property=\"og:title\" content=\"CRH paroda Kinijoje, 2022 - Lithuania FabricAir\" \/>\n<meta property=\"og:description\" content=\"Per\u017ei\u016br\u0117kite CRH Kinija 2022 parodos galerij\u0105 \u2013 FabricAir ortaki\u0173 sistemos ir \u012fsimintiniausios parodos akimirkos.\" \/>\n<meta property=\"og:url\" content=\"https:\/\/www.fabricair.com\/lt\/galerija\/renginiu-galerija\/crh-paroda-kinijoje-2022\/\" \/>\n<meta property=\"og:site_name\" content=\"Lithuania FabricAir\" \/>\n<meta property=\"article:modified_time\" content=\"2026-01-21T07:59:06+00:00\" \/>\n<meta property=\"og:image\" content=\"https:\/\/www.fabricair.com\/lt\/wp-content\/uploads\/sites\/22\/2022\/10\/CRH2022_8-jpg.webp\" \/>\n\t<meta property=\"og:image:width\" content=\"2000\" \/>\n\t<meta property=\"og:image:height\" content=\"1500\" \/>\n\t<meta property=\"og:image:type\" content=\"image\/jpeg\" \/>\n<meta name=\"twitter:card\" content=\"summary_large_image\" \/>\n<meta name=\"twitter:label1\" content=\"Est. reading time\" \/>\n\t<meta name=\"twitter:data1\" content=\"1 minute\" \/>\n<script type=\"application\/ld+json\" class=\"yoast-schema-graph\">{\"@context\":\"https:\\\/\\\/schema.org\",\"@graph\":[{\"@type\":\"WebPage\",\"@id\":\"https:\\\/\\\/www.fabricair.com\\\/lt\\\/galerija\\\/renginiu-galerija\\\/crh-paroda-kinijoje-2022\\\/\",\"url\":\"https:\\\/\\\/www.fabricair.com\\\/lt\\\/galerija\\\/renginiu-galerija\\\/crh-paroda-kinijoje-2022\\\/\",\"name\":\"CRH paroda Kinijoje, 2022 - Lithuania FabricAir\",\"isPartOf\":{\"@id\":\"https:\\\/\\\/www.fabricair.com\\\/lt\\\/#website\"},\"primaryImageOfPage\":{\"@id\":\"https:\\\/\\\/www.fabricair.com\\\/lt\\\/galerija\\\/renginiu-galerija\\\/crh-paroda-kinijoje-2022\\\/#primaryimage\"},\"image\":{\"@id\":\"https:\\\/\\\/www.fabricair.com\\\/lt\\\/galerija\\\/renginiu-galerija\\\/crh-paroda-kinijoje-2022\\\/#primaryimage\"},\"thumbnailUrl\":\"https:\\\/\\\/www.fabricair.com\\\/lt\\\/wp-content\\\/uploads\\\/sites\\\/22\\\/2022\\\/10\\\/CRH2022_8-jpg.webp\",\"datePublished\":\"2022-10-20T08:11:45+00:00\",\"dateModified\":\"2026-01-21T07:59:06+00:00\",\"description\":\"Per\u017ei\u016br\u0117kite CRH Kinija 2022 parodos galerij\u0105 \u2013 FabricAir ortaki\u0173 sistemos ir \u012fsimintiniausios parodos akimirkos.\",\"breadcrumb\":{\"@id\":\"https:\\\/\\\/www.fabricair.com\\\/lt\\\/galerija\\\/renginiu-galerija\\\/crh-paroda-kinijoje-2022\\\/#breadcrumb\"},\"inLanguage\":\"en-US\",\"potentialAction\":[{\"@type\":\"ReadAction\",\"target\":[\"https:\\\/\\\/www.fabricair.com\\\/lt\\\/galerija\\\/renginiu-galerija\\\/crh-paroda-kinijoje-2022\\\/\"]}]},{\"@type\":\"ImageObject\",\"inLanguage\":\"en-US\",\"@id\":\"https:\\\/\\\/www.fabricair.com\\\/lt\\\/galerija\\\/renginiu-galerija\\\/crh-paroda-kinijoje-2022\\\/#primaryimage\",\"url\":\"https:\\\/\\\/www.fabricair.com\\\/lt\\\/wp-content\\\/uploads\\\/sites\\\/22\\\/2022\\\/10\\\/CRH2022_8-jpg.webp\",\"contentUrl\":\"https:\\\/\\\/www.fabricair.com\\\/lt\\\/wp-content\\\/uploads\\\/sites\\\/22\\\/2022\\\/10\\\/CRH2022_8-jpg.webp\",\"width\":2000,\"height\":1500},{\"@type\":\"BreadcrumbList\",\"@id\":\"https:\\\/\\\/www.fabricair.com\\\/lt\\\/galerija\\\/renginiu-galerija\\\/crh-paroda-kinijoje-2022\\\/#breadcrumb\",\"itemListElement\":[{\"@type\":\"ListItem\",\"position\":1,\"name\":\"Home\",\"item\":\"https:\\\/\\\/www.fabricair.com\\\/lt\\\/\"},{\"@type\":\"ListItem\",\"position\":2,\"name\":\"Galerija\",\"item\":\"https:\\\/\\\/www.fabricair.com\\\/lt\\\/galerija\\\/\"},{\"@type\":\"ListItem\",\"position\":3,\"name\":\"Rengini\u0173 galerija\",\"item\":\"https:\\\/\\\/www.fabricair.com\\\/lt\\\/galerija\\\/renginiu-galerija\\\/\"},{\"@type\":\"ListItem\",\"position\":4,\"name\":\"CRH paroda Kinijoje, 2022\"}]},{\"@type\":\"WebSite\",\"@id\":\"https:\\\/\\\/www.fabricair.com\\\/lt\\\/#website\",\"url\":\"https:\\\/\\\/www.fabricair.com\\\/lt\\\/\",\"name\":\"Lithuania FabricAir\",\"description\":\"\",\"potentialAction\":[{\"@type\":\"SearchAction\",\"target\":{\"@type\":\"EntryPoint\",\"urlTemplate\":\"https:\\\/\\\/www.fabricair.com\\\/lt\\\/?s={search_term_string}\"},\"query-input\":{\"@type\":\"PropertyValueSpecification\",\"valueRequired\":true,\"valueName\":\"search_term_string\"}}],\"inLanguage\":\"en-US\"}]}<\/script>\n<!-- \/ Yoast SEO plugin. -->","yoast_head_json":{"title":"CRH paroda Kinijoje, 2022 | Lithuania FabricAir","description":"Per\u017ei\u016br\u0117kite CRH Kinija 2022 parodos galerij\u0105 \u2013 FabricAir ortaki\u0173 sistemos ir \u012fsimintiniausios parodos akimirkos.","robots":{"index":"noindex","follow":"follow"},"og_locale":"en_US","og_type":"article","og_title":"CRH paroda Kinijoje, 2022 - Lithuania FabricAir","og_description":"Per\u017ei\u016br\u0117kite CRH Kinija 2022 parodos galerij\u0105 \u2013 FabricAir ortaki\u0173 sistemos ir \u012fsimintiniausios parodos akimirkos.","og_url":"https:\/\/www.fabricair.com\/lt\/galerija\/renginiu-galerija\/crh-paroda-kinijoje-2022\/","og_site_name":"Lithuania FabricAir","article_modified_time":"2026-01-21T07:59:06+00:00","og_image":[{"width":2000,"height":1500,"url":"https:\/\/www.fabricair.com\/lt\/wp-content\/uploads\/sites\/22\/2022\/10\/CRH2022_8-jpg.webp","type":"image\/jpeg"}],"twitter_card":"summary_large_image","twitter_misc":{"Est. reading time":"1 minute"},"schema":{"@context":"https:\/\/schema.org","@graph":[{"@type":"WebPage","@id":"https:\/\/www.fabricair.com\/lt\/galerija\/renginiu-galerija\/crh-paroda-kinijoje-2022\/","url":"https:\/\/www.fabricair.com\/lt\/galerija\/renginiu-galerija\/crh-paroda-kinijoje-2022\/","name":"CRH paroda Kinijoje, 2022 - Lithuania FabricAir","isPartOf":{"@id":"https:\/\/www.fabricair.com\/lt\/#website"},"primaryImageOfPage":{"@id":"https:\/\/www.fabricair.com\/lt\/galerija\/renginiu-galerija\/crh-paroda-kinijoje-2022\/#primaryimage"},"image":{"@id":"https:\/\/www.fabricair.com\/lt\/galerija\/renginiu-galerija\/crh-paroda-kinijoje-2022\/#primaryimage"},"thumbnailUrl":"https:\/\/www.fabricair.com\/lt\/wp-content\/uploads\/sites\/22\/2022\/10\/CRH2022_8-jpg.webp","datePublished":"2022-10-20T08:11:45+00:00","dateModified":"2026-01-21T07:59:06+00:00","description":"Per\u017ei\u016br\u0117kite CRH Kinija 2022 parodos galerij\u0105 \u2013 FabricAir ortaki\u0173 sistemos ir \u012fsimintiniausios parodos akimirkos.","breadcrumb":{"@id":"https:\/\/www.fabricair.com\/lt\/galerija\/renginiu-galerija\/crh-paroda-kinijoje-2022\/#breadcrumb"},"inLanguage":"en-US","potentialAction":[{"@type":"ReadAction","target":["https:\/\/www.fabricair.com\/lt\/galerija\/renginiu-galerija\/crh-paroda-kinijoje-2022\/"]}]},{"@type":"ImageObject","inLanguage":"en-US","@id":"https:\/\/www.fabricair.com\/lt\/galerija\/renginiu-galerija\/crh-paroda-kinijoje-2022\/#primaryimage","url":"https:\/\/www.fabricair.com\/lt\/wp-content\/uploads\/sites\/22\/2022\/10\/CRH2022_8-jpg.webp","contentUrl":"https:\/\/www.fabricair.com\/lt\/wp-content\/uploads\/sites\/22\/2022\/10\/CRH2022_8-jpg.webp","width":2000,"height":1500},{"@type":"BreadcrumbList","@id":"https:\/\/www.fabricair.com\/lt\/galerija\/renginiu-galerija\/crh-paroda-kinijoje-2022\/#breadcrumb","itemListElement":[{"@type":"ListItem","position":1,"name":"Home","item":"https:\/\/www.fabricair.com\/lt\/"},{"@type":"ListItem","position":2,"name":"Galerija","item":"https:\/\/www.fabricair.com\/lt\/galerija\/"},{"@type":"ListItem","position":3,"name":"Rengini\u0173 galerija","item":"https:\/\/www.fabricair.com\/lt\/galerija\/renginiu-galerija\/"},{"@type":"ListItem","position":4,"name":"CRH paroda Kinijoje, 2022"}]},{"@type":"WebSite","@id":"https:\/\/www.fabricair.com\/lt\/#website","url":"https:\/\/www.fabricair.com\/lt\/","name":"Lithuania FabricAir","description":"","potentialAction":[{"@type":"SearchAction","target":{"@type":"EntryPoint","urlTemplate":"https:\/\/www.fabricair.com\/lt\/?s={search_term_string}"},"query-input":{"@type":"PropertyValueSpecification","valueRequired":true,"valueName":"search_term_string"}}],"inLanguage":"en-US"}]}},"_links":{"self":[{"href":"https:\/\/www.fabricair.com\/lt\/wp-json\/wp\/v2\/pages\/7317","targetHints":{"allow":["GET"]}}],"collection":[{"href":"https:\/\/www.fabricair.com\/lt\/wp-json\/wp\/v2\/pages"}],"about":[{"href":"https:\/\/www.fabricair.com\/lt\/wp-json\/wp\/v2\/types\/page"}],"author":[{"embeddable":true,"href":"https:\/\/www.fabricair.com\/lt\/wp-json\/wp\/v2\/users\/8"}],"replies":[{"embeddable":true,"href":"https:\/\/www.fabricair.com\/lt\/wp-json\/wp\/v2\/comments?post=7317"}],"version-history":[{"count":2,"href":"https:\/\/www.fabricair.com\/lt\/wp-json\/wp\/v2\/pages\/7317\/revisions"}],"predecessor-version":[{"id":7339,"href":"https:\/\/www.fabricair.com\/lt\/wp-json\/wp\/v2\/pages\/7317\/revisions\/7339"}],"up":[{"embeddable":true,"href":"https:\/\/www.fabricair.com\/lt\/wp-json\/wp\/v2\/pages\/2916"}],"wp:featuredmedia":[{"embeddable":true,"href":"https:\/\/www.fabricair.com\/lt\/wp-json\/wp\/v2\/media\/7318"}],"wp:attachment":[{"href":"https:\/\/www.fabricair.com\/lt\/wp-json\/wp\/v2\/media?parent=7317"}],"curies":[{"name":"wp","href":"https:\/\/api.w.org\/{rel}","templated":true}]}}