{"id":75,"date":"2022-02-04T07:56:24","date_gmt":"2022-02-04T07:56:24","guid":{"rendered":"https:\/\/fabricair.com\/lt\/?page_id=75"},"modified":"2025-10-29T21:11:56","modified_gmt":"2025-10-29T21:11:56","slug":"paslaugos","status":"publish","type":"page","link":"https:\/\/www.fabricair.com\/lt\/paslaugos\/","title":{"rendered":"Paslaugos"},"content":{"rendered":"<p>\u201eFabricAir\u201c klientai nuo pat pirmos akimirkos susiduria su m\u016bs\u0173 atsidavimu ypatingai auk\u0161tos kokyb\u0117s paslaugoms.<\/p>\n<p>Nesvarbu, ar naudojat\u0117s <a href=\"https:\/\/www.fabricair.com\/lt\/paslaugos\/cfd\/\">CFD analize<\/a> ventiliacijos br\u0117\u017eini\u0173 patvirtinimui, ar montavimo, prie\u017ei\u016bros ir kitomis paslaugomis, \u201eFabricAir\u201c yra visada pasiruo\u0161\u0119 u\u017etikrinti, kad sprendimai veikt\u0173 idealiai, net pra\u0117jus ne vieniems metams.<\/p>\n","protected":false},"excerpt":{"rendered":"<p>\u201eFabricAir\u201c klientai nuo pat pirmos akimirkos susiduria su m\u016bs\u0173 atsidavimu ypatingai auk\u0161tos kokyb\u0117s paslaugoms. Nesvarbu, ar naudojat\u0117s CFD analize ventiliacijos br\u0117\u017eini\u0173 patvirtinimui, ar montavimo, prie\u017ei\u016bros ir kitomis paslaugomis, \u201eFabricAir\u201c yra visada pasiruo\u0161\u0119 u\u017etikrinti, kad sprendimai veikt\u0173 idealiai, net pra\u0117jus ne vieniems metams.<\/p>\n","protected":false},"author":1,"featured_media":0,"parent":0,"menu_order":34,"comment_status":"closed","ping_status":"closed","template":"","meta":{"_acf_changed":false,"inline_featured_image":false,"footnotes":""},"class_list":["post-75","page","type-page","status-publish","hentry"],"acf":[],"yoast_head":"<!-- This site is optimized with the Yoast SEO plugin v27.3 - https:\/\/yoast.com\/product\/yoast-seo-wordpress\/ -->\n<title>Paslaugos | Lithuania FabricAir<\/title>\n<meta name=\"description\" content=\"M\u016bs\u0173 teikiamos paslaugos yra auk\u0161\u010diausios kokyb\u0117s. Esame pasiruo\u0161\u0119 u\u017etikrinti, kad sprendimai veikt\u0173 idealiai, net pra\u0117jus ne vieniems metams.\" \/>\n<meta name=\"robots\" content=\"index, follow, max-snippet:-1, max-image-preview:large, max-video-preview:-1\" \/>\n<link rel=\"canonical\" href=\"https:\/\/www.fabricair.com\/lt\/wp-json\/wp\/v2\/pages\/75\/\" \/>\n<meta property=\"og:locale\" content=\"en_US\" \/>\n<meta property=\"og:type\" content=\"article\" \/>\n<meta property=\"og:title\" content=\"Paslaugos - Lithuania FabricAir\" \/>\n<meta property=\"og:description\" content=\"M\u016bs\u0173 teikiamos paslaugos yra auk\u0161\u010diausios kokyb\u0117s. Esame pasiruo\u0161\u0119 u\u017etikrinti, kad sprendimai veikt\u0173 idealiai, net pra\u0117jus ne vieniems metams.\" \/>\n<meta property=\"og:url\" content=\"https:\/\/www.fabricair.com\/lt\/paslaugos\/\" \/>\n<meta property=\"og:site_name\" content=\"Lithuania FabricAir\" \/>\n<meta property=\"article:modified_time\" content=\"2025-10-29T21:11:56+00:00\" \/>\n<meta name=\"twitter:card\" content=\"summary_large_image\" \/>\n<meta name=\"twitter:label1\" content=\"Est. reading time\" \/>\n\t<meta name=\"twitter:data1\" content=\"1 minute\" \/>\n<script type=\"application\/ld+json\" class=\"yoast-schema-graph\">{\"@context\":\"https:\\\/\\\/schema.org\",\"@graph\":[{\"@type\":\"WebPage\",\"@id\":\"https:\\\/\\\/www.fabricair.com\\\/lt\\\/paslaugos\\\/\",\"url\":\"https:\\\/\\\/www.fabricair.com\\\/lt\\\/paslaugos\\\/\",\"name\":\"Paslaugos - Lithuania FabricAir\",\"isPartOf\":{\"@id\":\"https:\\\/\\\/www.fabricair.com\\\/lt\\\/#website\"},\"datePublished\":\"2022-02-04T07:56:24+00:00\",\"dateModified\":\"2025-10-29T21:11:56+00:00\",\"description\":\"M\u016bs\u0173 teikiamos paslaugos yra auk\u0161\u010diausios kokyb\u0117s. Esame pasiruo\u0161\u0119 u\u017etikrinti, kad sprendimai veikt\u0173 idealiai, net pra\u0117jus ne vieniems metams.\",\"breadcrumb\":{\"@id\":\"https:\\\/\\\/www.fabricair.com\\\/lt\\\/paslaugos\\\/#breadcrumb\"},\"inLanguage\":\"en-US\",\"potentialAction\":[{\"@type\":\"ReadAction\",\"target\":[\"https:\\\/\\\/www.fabricair.com\\\/lt\\\/paslaugos\\\/\"]}]},{\"@type\":\"BreadcrumbList\",\"@id\":\"https:\\\/\\\/www.fabricair.com\\\/lt\\\/paslaugos\\\/#breadcrumb\",\"itemListElement\":[{\"@type\":\"ListItem\",\"position\":1,\"name\":\"Home\",\"item\":\"https:\\\/\\\/www.fabricair.com\\\/lt\\\/\"},{\"@type\":\"ListItem\",\"position\":2,\"name\":\"Paslaugos\"}]},{\"@type\":\"WebSite\",\"@id\":\"https:\\\/\\\/www.fabricair.com\\\/lt\\\/#website\",\"url\":\"https:\\\/\\\/www.fabricair.com\\\/lt\\\/\",\"name\":\"Lithuania FabricAir\",\"description\":\"\",\"potentialAction\":[{\"@type\":\"SearchAction\",\"target\":{\"@type\":\"EntryPoint\",\"urlTemplate\":\"https:\\\/\\\/www.fabricair.com\\\/lt\\\/?s={search_term_string}\"},\"query-input\":{\"@type\":\"PropertyValueSpecification\",\"valueRequired\":true,\"valueName\":\"search_term_string\"}}],\"inLanguage\":\"en-US\"}]}<\/script>\n<!-- \/ Yoast SEO plugin. -->","yoast_head_json":{"title":"Paslaugos | Lithuania FabricAir","description":"M\u016bs\u0173 teikiamos paslaugos yra auk\u0161\u010diausios kokyb\u0117s. Esame pasiruo\u0161\u0119 u\u017etikrinti, kad sprendimai veikt\u0173 idealiai, net pra\u0117jus ne vieniems metams.","robots":{"index":"index","follow":"follow","max-snippet":"max-snippet:-1","max-image-preview":"max-image-preview:large","max-video-preview":"max-video-preview:-1"},"canonical":"https:\/\/www.fabricair.com\/lt\/wp-json\/wp\/v2\/pages\/75\/","og_locale":"en_US","og_type":"article","og_title":"Paslaugos - Lithuania FabricAir","og_description":"M\u016bs\u0173 teikiamos paslaugos yra auk\u0161\u010diausios kokyb\u0117s. Esame pasiruo\u0161\u0119 u\u017etikrinti, kad sprendimai veikt\u0173 idealiai, net pra\u0117jus ne vieniems metams.","og_url":"https:\/\/www.fabricair.com\/lt\/paslaugos\/","og_site_name":"Lithuania FabricAir","article_modified_time":"2025-10-29T21:11:56+00:00","twitter_card":"summary_large_image","twitter_misc":{"Est. reading time":"1 minute"},"schema":{"@context":"https:\/\/schema.org","@graph":[{"@type":"WebPage","@id":"https:\/\/www.fabricair.com\/lt\/paslaugos\/","url":"https:\/\/www.fabricair.com\/lt\/paslaugos\/","name":"Paslaugos - Lithuania FabricAir","isPartOf":{"@id":"https:\/\/www.fabricair.com\/lt\/#website"},"datePublished":"2022-02-04T07:56:24+00:00","dateModified":"2025-10-29T21:11:56+00:00","description":"M\u016bs\u0173 teikiamos paslaugos yra auk\u0161\u010diausios kokyb\u0117s. Esame pasiruo\u0161\u0119 u\u017etikrinti, kad sprendimai veikt\u0173 idealiai, net pra\u0117jus ne vieniems metams.","breadcrumb":{"@id":"https:\/\/www.fabricair.com\/lt\/paslaugos\/#breadcrumb"},"inLanguage":"en-US","potentialAction":[{"@type":"ReadAction","target":["https:\/\/www.fabricair.com\/lt\/paslaugos\/"]}]},{"@type":"BreadcrumbList","@id":"https:\/\/www.fabricair.com\/lt\/paslaugos\/#breadcrumb","itemListElement":[{"@type":"ListItem","position":1,"name":"Home","item":"https:\/\/www.fabricair.com\/lt\/"},{"@type":"ListItem","position":2,"name":"Paslaugos"}]},{"@type":"WebSite","@id":"https:\/\/www.fabricair.com\/lt\/#website","url":"https:\/\/www.fabricair.com\/lt\/","name":"Lithuania FabricAir","description":"","potentialAction":[{"@type":"SearchAction","target":{"@type":"EntryPoint","urlTemplate":"https:\/\/www.fabricair.com\/lt\/?s={search_term_string}"},"query-input":{"@type":"PropertyValueSpecification","valueRequired":true,"valueName":"search_term_string"}}],"inLanguage":"en-US"}]}},"_links":{"self":[{"href":"https:\/\/www.fabricair.com\/lt\/wp-json\/wp\/v2\/pages\/75","targetHints":{"allow":["GET"]}}],"collection":[{"href":"https:\/\/www.fabricair.com\/lt\/wp-json\/wp\/v2\/pages"}],"about":[{"href":"https:\/\/www.fabricair.com\/lt\/wp-json\/wp\/v2\/types\/page"}],"author":[{"embeddable":true,"href":"https:\/\/www.fabricair.com\/lt\/wp-json\/wp\/v2\/users\/1"}],"replies":[{"embeddable":true,"href":"https:\/\/www.fabricair.com\/lt\/wp-json\/wp\/v2\/comments?post=75"}],"version-history":[{"count":40,"href":"https:\/\/www.fabricair.com\/lt\/wp-json\/wp\/v2\/pages\/75\/revisions"}],"predecessor-version":[{"id":8296,"href":"https:\/\/www.fabricair.com\/lt\/wp-json\/wp\/v2\/pages\/75\/revisions\/8296"}],"wp:attachment":[{"href":"https:\/\/www.fabricair.com\/lt\/wp-json\/wp\/v2\/media?parent=75"}],"curies":[{"name":"wp","href":"https:\/\/api.w.org\/{rel}","templated":true}]}}