{"id":8100,"date":"2024-12-04T17:49:56","date_gmt":"2024-12-04T17:49:56","guid":{"rendered":"https:\/\/www.fabricair.com\/lt\/?page_id=8100"},"modified":"2026-01-21T07:59:17","modified_gmt":"2026-01-21T07:59:17","slug":"mjbizcon-2024-us","status":"publish","type":"page","link":"https:\/\/www.fabricair.com\/lt\/galerija\/renginiu-galerija\/mjbizcon-2024-us\/","title":{"rendered":"MJBizCon 2024, Las Vegas, US"},"content":{"rendered":"<p>MJBizCon 2024, Las Vegas, US<\/p>\n","protected":false},"excerpt":{"rendered":"<p>MJBizCon 2024, Las Vegas, US<\/p>\n","protected":false},"author":28,"featured_media":8101,"parent":2916,"menu_order":0,"comment_status":"closed","ping_status":"closed","template":"page-gallery.php","meta":{"_acf_changed":false,"inline_featured_image":false,"footnotes":""},"class_list":["post-8100","page","type-page","status-publish","has-post-thumbnail","hentry"],"acf":[],"yoast_head":"<!-- This site is optimized with the Yoast SEO plugin v27.3 - https:\/\/yoast.com\/product\/yoast-seo-wordpress\/ -->\n<title>MJBizCon 2024, Las Vegas, US | Lithuania FabricAir<\/title>\n<meta name=\"description\" content=\"FabricAir MJBizCon 2024 parodoje \u2013 inovatyvios ortaki\u0173 sistemos ir modern\u016bs sprendimai efektyviam patalp\u0173 v\u0117dinimui.\" \/>\n<meta name=\"robots\" content=\"noindex, follow\" \/>\n<meta property=\"og:locale\" content=\"en_US\" \/>\n<meta property=\"og:type\" content=\"article\" \/>\n<meta property=\"og:title\" content=\"MJBizCon 2024, Las Vegas, US - Lithuania FabricAir\" \/>\n<meta property=\"og:description\" content=\"FabricAir MJBizCon 2024 parodoje \u2013 inovatyvios ortaki\u0173 sistemos ir modern\u016bs sprendimai efektyviam patalp\u0173 v\u0117dinimui.\" \/>\n<meta property=\"og:url\" content=\"https:\/\/www.fabricair.com\/lt\/galerija\/renginiu-galerija\/mjbizcon-2024-us\/\" \/>\n<meta property=\"og:site_name\" content=\"Lithuania FabricAir\" \/>\n<meta property=\"article:modified_time\" content=\"2026-01-21T07:59:17+00:00\" \/>\n<meta property=\"og:image\" content=\"https:\/\/www.fabricair.com\/lt\/wp-content\/uploads\/sites\/22\/2024\/12\/MJBizCon-US-3-2-1024x1024.png\" \/>\n\t<meta property=\"og:image:width\" content=\"1024\" \/>\n\t<meta property=\"og:image:height\" content=\"1024\" \/>\n\t<meta property=\"og:image:type\" content=\"image\/png\" \/>\n<meta name=\"twitter:card\" content=\"summary_large_image\" \/>\n<meta name=\"twitter:label1\" content=\"Est. reading time\" \/>\n\t<meta name=\"twitter:data1\" content=\"1 minute\" \/>\n<script type=\"application\/ld+json\" class=\"yoast-schema-graph\">{\"@context\":\"https:\\\/\\\/schema.org\",\"@graph\":[{\"@type\":\"WebPage\",\"@id\":\"https:\\\/\\\/www.fabricair.com\\\/lt\\\/galerija\\\/renginiu-galerija\\\/mjbizcon-2024-us\\\/\",\"url\":\"https:\\\/\\\/www.fabricair.com\\\/lt\\\/galerija\\\/renginiu-galerija\\\/mjbizcon-2024-us\\\/\",\"name\":\"MJBizCon 2024, Las Vegas, US - Lithuania FabricAir\",\"isPartOf\":{\"@id\":\"https:\\\/\\\/www.fabricair.com\\\/lt\\\/#website\"},\"primaryImageOfPage\":{\"@id\":\"https:\\\/\\\/www.fabricair.com\\\/lt\\\/galerija\\\/renginiu-galerija\\\/mjbizcon-2024-us\\\/#primaryimage\"},\"image\":{\"@id\":\"https:\\\/\\\/www.fabricair.com\\\/lt\\\/galerija\\\/renginiu-galerija\\\/mjbizcon-2024-us\\\/#primaryimage\"},\"thumbnailUrl\":\"https:\\\/\\\/www.fabricair.com\\\/lt\\\/wp-content\\\/uploads\\\/sites\\\/22\\\/2024\\\/12\\\/MJBizCon-US-3-2.png\",\"datePublished\":\"2024-12-04T17:49:56+00:00\",\"dateModified\":\"2026-01-21T07:59:17+00:00\",\"description\":\"FabricAir MJBizCon 2024 parodoje \u2013 inovatyvios ortaki\u0173 sistemos ir modern\u016bs sprendimai efektyviam patalp\u0173 v\u0117dinimui.\",\"breadcrumb\":{\"@id\":\"https:\\\/\\\/www.fabricair.com\\\/lt\\\/galerija\\\/renginiu-galerija\\\/mjbizcon-2024-us\\\/#breadcrumb\"},\"inLanguage\":\"en-US\",\"potentialAction\":[{\"@type\":\"ReadAction\",\"target\":[\"https:\\\/\\\/www.fabricair.com\\\/lt\\\/galerija\\\/renginiu-galerija\\\/mjbizcon-2024-us\\\/\"]}]},{\"@type\":\"ImageObject\",\"inLanguage\":\"en-US\",\"@id\":\"https:\\\/\\\/www.fabricair.com\\\/lt\\\/galerija\\\/renginiu-galerija\\\/mjbizcon-2024-us\\\/#primaryimage\",\"url\":\"https:\\\/\\\/www.fabricair.com\\\/lt\\\/wp-content\\\/uploads\\\/sites\\\/22\\\/2024\\\/12\\\/MJBizCon-US-3-2.png\",\"contentUrl\":\"https:\\\/\\\/www.fabricair.com\\\/lt\\\/wp-content\\\/uploads\\\/sites\\\/22\\\/2024\\\/12\\\/MJBizCon-US-3-2.png\",\"width\":1772,\"height\":1772},{\"@type\":\"BreadcrumbList\",\"@id\":\"https:\\\/\\\/www.fabricair.com\\\/lt\\\/galerija\\\/renginiu-galerija\\\/mjbizcon-2024-us\\\/#breadcrumb\",\"itemListElement\":[{\"@type\":\"ListItem\",\"position\":1,\"name\":\"Home\",\"item\":\"https:\\\/\\\/www.fabricair.com\\\/lt\\\/\"},{\"@type\":\"ListItem\",\"position\":2,\"name\":\"Galerija\",\"item\":\"https:\\\/\\\/www.fabricair.com\\\/lt\\\/galerija\\\/\"},{\"@type\":\"ListItem\",\"position\":3,\"name\":\"Rengini\u0173 galerija\",\"item\":\"https:\\\/\\\/www.fabricair.com\\\/lt\\\/galerija\\\/renginiu-galerija\\\/\"},{\"@type\":\"ListItem\",\"position\":4,\"name\":\"MJBizCon 2024, Las Vegas, US\"}]},{\"@type\":\"WebSite\",\"@id\":\"https:\\\/\\\/www.fabricair.com\\\/lt\\\/#website\",\"url\":\"https:\\\/\\\/www.fabricair.com\\\/lt\\\/\",\"name\":\"Lithuania FabricAir\",\"description\":\"\",\"potentialAction\":[{\"@type\":\"SearchAction\",\"target\":{\"@type\":\"EntryPoint\",\"urlTemplate\":\"https:\\\/\\\/www.fabricair.com\\\/lt\\\/?s={search_term_string}\"},\"query-input\":{\"@type\":\"PropertyValueSpecification\",\"valueRequired\":true,\"valueName\":\"search_term_string\"}}],\"inLanguage\":\"en-US\"}]}<\/script>\n<!-- \/ Yoast SEO plugin. -->","yoast_head_json":{"title":"MJBizCon 2024, Las Vegas, US | Lithuania FabricAir","description":"FabricAir MJBizCon 2024 parodoje \u2013 inovatyvios ortaki\u0173 sistemos ir modern\u016bs sprendimai efektyviam patalp\u0173 v\u0117dinimui.","robots":{"index":"noindex","follow":"follow"},"og_locale":"en_US","og_type":"article","og_title":"MJBizCon 2024, Las Vegas, US - Lithuania FabricAir","og_description":"FabricAir MJBizCon 2024 parodoje \u2013 inovatyvios ortaki\u0173 sistemos ir modern\u016bs sprendimai efektyviam patalp\u0173 v\u0117dinimui.","og_url":"https:\/\/www.fabricair.com\/lt\/galerija\/renginiu-galerija\/mjbizcon-2024-us\/","og_site_name":"Lithuania FabricAir","article_modified_time":"2026-01-21T07:59:17+00:00","og_image":[{"width":1024,"height":1024,"url":"https:\/\/www.fabricair.com\/lt\/wp-content\/uploads\/sites\/22\/2024\/12\/MJBizCon-US-3-2-1024x1024.png","type":"image\/png"}],"twitter_card":"summary_large_image","twitter_misc":{"Est. reading time":"1 minute"},"schema":{"@context":"https:\/\/schema.org","@graph":[{"@type":"WebPage","@id":"https:\/\/www.fabricair.com\/lt\/galerija\/renginiu-galerija\/mjbizcon-2024-us\/","url":"https:\/\/www.fabricair.com\/lt\/galerija\/renginiu-galerija\/mjbizcon-2024-us\/","name":"MJBizCon 2024, Las Vegas, US - Lithuania FabricAir","isPartOf":{"@id":"https:\/\/www.fabricair.com\/lt\/#website"},"primaryImageOfPage":{"@id":"https:\/\/www.fabricair.com\/lt\/galerija\/renginiu-galerija\/mjbizcon-2024-us\/#primaryimage"},"image":{"@id":"https:\/\/www.fabricair.com\/lt\/galerija\/renginiu-galerija\/mjbizcon-2024-us\/#primaryimage"},"thumbnailUrl":"https:\/\/www.fabricair.com\/lt\/wp-content\/uploads\/sites\/22\/2024\/12\/MJBizCon-US-3-2.png","datePublished":"2024-12-04T17:49:56+00:00","dateModified":"2026-01-21T07:59:17+00:00","description":"FabricAir MJBizCon 2024 parodoje \u2013 inovatyvios ortaki\u0173 sistemos ir modern\u016bs sprendimai efektyviam patalp\u0173 v\u0117dinimui.","breadcrumb":{"@id":"https:\/\/www.fabricair.com\/lt\/galerija\/renginiu-galerija\/mjbizcon-2024-us\/#breadcrumb"},"inLanguage":"en-US","potentialAction":[{"@type":"ReadAction","target":["https:\/\/www.fabricair.com\/lt\/galerija\/renginiu-galerija\/mjbizcon-2024-us\/"]}]},{"@type":"ImageObject","inLanguage":"en-US","@id":"https:\/\/www.fabricair.com\/lt\/galerija\/renginiu-galerija\/mjbizcon-2024-us\/#primaryimage","url":"https:\/\/www.fabricair.com\/lt\/wp-content\/uploads\/sites\/22\/2024\/12\/MJBizCon-US-3-2.png","contentUrl":"https:\/\/www.fabricair.com\/lt\/wp-content\/uploads\/sites\/22\/2024\/12\/MJBizCon-US-3-2.png","width":1772,"height":1772},{"@type":"BreadcrumbList","@id":"https:\/\/www.fabricair.com\/lt\/galerija\/renginiu-galerija\/mjbizcon-2024-us\/#breadcrumb","itemListElement":[{"@type":"ListItem","position":1,"name":"Home","item":"https:\/\/www.fabricair.com\/lt\/"},{"@type":"ListItem","position":2,"name":"Galerija","item":"https:\/\/www.fabricair.com\/lt\/galerija\/"},{"@type":"ListItem","position":3,"name":"Rengini\u0173 galerija","item":"https:\/\/www.fabricair.com\/lt\/galerija\/renginiu-galerija\/"},{"@type":"ListItem","position":4,"name":"MJBizCon 2024, Las Vegas, US"}]},{"@type":"WebSite","@id":"https:\/\/www.fabricair.com\/lt\/#website","url":"https:\/\/www.fabricair.com\/lt\/","name":"Lithuania FabricAir","description":"","potentialAction":[{"@type":"SearchAction","target":{"@type":"EntryPoint","urlTemplate":"https:\/\/www.fabricair.com\/lt\/?s={search_term_string}"},"query-input":{"@type":"PropertyValueSpecification","valueRequired":true,"valueName":"search_term_string"}}],"inLanguage":"en-US"}]}},"_links":{"self":[{"href":"https:\/\/www.fabricair.com\/lt\/wp-json\/wp\/v2\/pages\/8100","targetHints":{"allow":["GET"]}}],"collection":[{"href":"https:\/\/www.fabricair.com\/lt\/wp-json\/wp\/v2\/pages"}],"about":[{"href":"https:\/\/www.fabricair.com\/lt\/wp-json\/wp\/v2\/types\/page"}],"author":[{"embeddable":true,"href":"https:\/\/www.fabricair.com\/lt\/wp-json\/wp\/v2\/users\/28"}],"replies":[{"embeddable":true,"href":"https:\/\/www.fabricair.com\/lt\/wp-json\/wp\/v2\/comments?post=8100"}],"version-history":[{"count":1,"href":"https:\/\/www.fabricair.com\/lt\/wp-json\/wp\/v2\/pages\/8100\/revisions"}],"predecessor-version":[{"id":8107,"href":"https:\/\/www.fabricair.com\/lt\/wp-json\/wp\/v2\/pages\/8100\/revisions\/8107"}],"up":[{"embeddable":true,"href":"https:\/\/www.fabricair.com\/lt\/wp-json\/wp\/v2\/pages\/2916"}],"wp:featuredmedia":[{"embeddable":true,"href":"https:\/\/www.fabricair.com\/lt\/wp-json\/wp\/v2\/media\/8101"}],"wp:attachment":[{"href":"https:\/\/www.fabricair.com\/lt\/wp-json\/wp\/v2\/media?parent=8100"}],"curies":[{"name":"wp","href":"https:\/\/api.w.org\/{rel}","templated":true}]}}