{"id":8178,"date":"2025-04-15T12:31:03","date_gmt":"2025-04-15T12:31:03","guid":{"rendered":"https:\/\/www.fabricair.com\/lt\/?page_id=8178"},"modified":"2026-01-21T07:59:20","modified_gmt":"2026-01-21T07:59:20","slug":"ic-forum-2025-vilnius-lithuania","status":"publish","type":"page","link":"https:\/\/www.fabricair.com\/lt\/galerija\/renginiu-galerija\/ic-forum-2025-vilnius-lithuania\/","title":{"rendered":"IC Forum 2025, Vilnius, Lithuania"},"content":{"rendered":"<p>IC Forum 2025, Vilnius, Lithuania<\/p>\n","protected":false},"excerpt":{"rendered":"<p>IC Forum 2025, Vilnius, Lithuania<\/p>\n","protected":false},"author":8,"featured_media":8170,"parent":2916,"menu_order":0,"comment_status":"closed","ping_status":"closed","template":"page-gallery.php","meta":{"_acf_changed":false,"inline_featured_image":false,"footnotes":""},"class_list":["post-8178","page","type-page","status-publish","has-post-thumbnail","hentry"],"acf":[],"yoast_head":"<!-- This site is optimized with the Yoast SEO plugin v27.3 - https:\/\/yoast.com\/product\/yoast-seo-wordpress\/ -->\n<title>IC Forum 2025, Vilnius, Lithuania | Lithuania FabricAir<\/title>\n<meta name=\"description\" content=\"IC-Forum 2025 Vilnius nuotrauk\u0173 galerija \u2013 \u012fsp\u016bdingos instaliacijos, inovatyv\u016bs ir k\u016brybi\u0161ki dizaino sprendimai\" \/>\n<meta name=\"robots\" content=\"noindex, follow\" \/>\n<meta property=\"og:locale\" content=\"en_US\" \/>\n<meta property=\"og:type\" content=\"article\" \/>\n<meta property=\"og:title\" content=\"IC Forum 2025, Vilnius, Lithuania - Lithuania FabricAir\" \/>\n<meta property=\"og:description\" content=\"IC-Forum 2025 Vilnius nuotrauk\u0173 galerija \u2013 \u012fsp\u016bdingos instaliacijos, inovatyv\u016bs ir k\u016brybi\u0161ki dizaino sprendimai\" \/>\n<meta property=\"og:url\" content=\"https:\/\/www.fabricair.com\/lt\/galerija\/renginiu-galerija\/ic-forum-2025-vilnius-lithuania\/\" \/>\n<meta property=\"og:site_name\" content=\"Lithuania FabricAir\" \/>\n<meta property=\"article:modified_time\" content=\"2026-01-21T07:59:20+00:00\" \/>\n<meta property=\"og:image\" content=\"https:\/\/www.fabricair.com\/lt\/wp-content\/uploads\/sites\/22\/2025\/04\/IC-Forum-2025-116.jpg\" \/>\n\t<meta property=\"og:image:width\" content=\"2048\" \/>\n\t<meta property=\"og:image:height\" content=\"1280\" \/>\n\t<meta property=\"og:image:type\" content=\"image\/jpeg\" \/>\n<meta name=\"twitter:card\" content=\"summary_large_image\" \/>\n<meta name=\"twitter:label1\" content=\"Est. reading time\" \/>\n\t<meta name=\"twitter:data1\" content=\"1 minute\" \/>\n<script type=\"application\/ld+json\" class=\"yoast-schema-graph\">{\"@context\":\"https:\\\/\\\/schema.org\",\"@graph\":[{\"@type\":\"WebPage\",\"@id\":\"https:\\\/\\\/www.fabricair.com\\\/lt\\\/galerija\\\/renginiu-galerija\\\/ic-forum-2025-vilnius-lithuania\\\/\",\"url\":\"https:\\\/\\\/www.fabricair.com\\\/lt\\\/galerija\\\/renginiu-galerija\\\/ic-forum-2025-vilnius-lithuania\\\/\",\"name\":\"IC Forum 2025, Vilnius, Lithuania - Lithuania FabricAir\",\"isPartOf\":{\"@id\":\"https:\\\/\\\/www.fabricair.com\\\/lt\\\/#website\"},\"primaryImageOfPage\":{\"@id\":\"https:\\\/\\\/www.fabricair.com\\\/lt\\\/galerija\\\/renginiu-galerija\\\/ic-forum-2025-vilnius-lithuania\\\/#primaryimage\"},\"image\":{\"@id\":\"https:\\\/\\\/www.fabricair.com\\\/lt\\\/galerija\\\/renginiu-galerija\\\/ic-forum-2025-vilnius-lithuania\\\/#primaryimage\"},\"thumbnailUrl\":\"https:\\\/\\\/www.fabricair.com\\\/lt\\\/wp-content\\\/uploads\\\/sites\\\/22\\\/2025\\\/04\\\/IC-Forum-2025-116.jpg\",\"datePublished\":\"2025-04-15T12:31:03+00:00\",\"dateModified\":\"2026-01-21T07:59:20+00:00\",\"description\":\"IC-Forum 2025 Vilnius nuotrauk\u0173 galerija \u2013 \u012fsp\u016bdingos instaliacijos, inovatyv\u016bs ir k\u016brybi\u0161ki dizaino sprendimai\",\"breadcrumb\":{\"@id\":\"https:\\\/\\\/www.fabricair.com\\\/lt\\\/galerija\\\/renginiu-galerija\\\/ic-forum-2025-vilnius-lithuania\\\/#breadcrumb\"},\"inLanguage\":\"en-US\",\"potentialAction\":[{\"@type\":\"ReadAction\",\"target\":[\"https:\\\/\\\/www.fabricair.com\\\/lt\\\/galerija\\\/renginiu-galerija\\\/ic-forum-2025-vilnius-lithuania\\\/\"]}]},{\"@type\":\"ImageObject\",\"inLanguage\":\"en-US\",\"@id\":\"https:\\\/\\\/www.fabricair.com\\\/lt\\\/galerija\\\/renginiu-galerija\\\/ic-forum-2025-vilnius-lithuania\\\/#primaryimage\",\"url\":\"https:\\\/\\\/www.fabricair.com\\\/lt\\\/wp-content\\\/uploads\\\/sites\\\/22\\\/2025\\\/04\\\/IC-Forum-2025-116.jpg\",\"contentUrl\":\"https:\\\/\\\/www.fabricair.com\\\/lt\\\/wp-content\\\/uploads\\\/sites\\\/22\\\/2025\\\/04\\\/IC-Forum-2025-116.jpg\",\"width\":2048,\"height\":1280},{\"@type\":\"BreadcrumbList\",\"@id\":\"https:\\\/\\\/www.fabricair.com\\\/lt\\\/galerija\\\/renginiu-galerija\\\/ic-forum-2025-vilnius-lithuania\\\/#breadcrumb\",\"itemListElement\":[{\"@type\":\"ListItem\",\"position\":1,\"name\":\"Home\",\"item\":\"https:\\\/\\\/www.fabricair.com\\\/lt\\\/\"},{\"@type\":\"ListItem\",\"position\":2,\"name\":\"Galerija\",\"item\":\"https:\\\/\\\/www.fabricair.com\\\/lt\\\/galerija\\\/\"},{\"@type\":\"ListItem\",\"position\":3,\"name\":\"Rengini\u0173 galerija\",\"item\":\"https:\\\/\\\/www.fabricair.com\\\/lt\\\/galerija\\\/renginiu-galerija\\\/\"},{\"@type\":\"ListItem\",\"position\":4,\"name\":\"IC Forum 2025, Vilnius, Lithuania\"}]},{\"@type\":\"WebSite\",\"@id\":\"https:\\\/\\\/www.fabricair.com\\\/lt\\\/#website\",\"url\":\"https:\\\/\\\/www.fabricair.com\\\/lt\\\/\",\"name\":\"Lithuania FabricAir\",\"description\":\"\",\"potentialAction\":[{\"@type\":\"SearchAction\",\"target\":{\"@type\":\"EntryPoint\",\"urlTemplate\":\"https:\\\/\\\/www.fabricair.com\\\/lt\\\/?s={search_term_string}\"},\"query-input\":{\"@type\":\"PropertyValueSpecification\",\"valueRequired\":true,\"valueName\":\"search_term_string\"}}],\"inLanguage\":\"en-US\"}]}<\/script>\n<!-- \/ Yoast SEO plugin. -->","yoast_head_json":{"title":"IC Forum 2025, Vilnius, Lithuania | Lithuania FabricAir","description":"IC-Forum 2025 Vilnius nuotrauk\u0173 galerija \u2013 \u012fsp\u016bdingos instaliacijos, inovatyv\u016bs ir k\u016brybi\u0161ki dizaino sprendimai","robots":{"index":"noindex","follow":"follow"},"og_locale":"en_US","og_type":"article","og_title":"IC Forum 2025, Vilnius, Lithuania - Lithuania FabricAir","og_description":"IC-Forum 2025 Vilnius nuotrauk\u0173 galerija \u2013 \u012fsp\u016bdingos instaliacijos, inovatyv\u016bs ir k\u016brybi\u0161ki dizaino sprendimai","og_url":"https:\/\/www.fabricair.com\/lt\/galerija\/renginiu-galerija\/ic-forum-2025-vilnius-lithuania\/","og_site_name":"Lithuania FabricAir","article_modified_time":"2026-01-21T07:59:20+00:00","og_image":[{"width":2048,"height":1280,"url":"https:\/\/www.fabricair.com\/lt\/wp-content\/uploads\/sites\/22\/2025\/04\/IC-Forum-2025-116.jpg","type":"image\/jpeg"}],"twitter_card":"summary_large_image","twitter_misc":{"Est. reading time":"1 minute"},"schema":{"@context":"https:\/\/schema.org","@graph":[{"@type":"WebPage","@id":"https:\/\/www.fabricair.com\/lt\/galerija\/renginiu-galerija\/ic-forum-2025-vilnius-lithuania\/","url":"https:\/\/www.fabricair.com\/lt\/galerija\/renginiu-galerija\/ic-forum-2025-vilnius-lithuania\/","name":"IC Forum 2025, Vilnius, Lithuania - Lithuania FabricAir","isPartOf":{"@id":"https:\/\/www.fabricair.com\/lt\/#website"},"primaryImageOfPage":{"@id":"https:\/\/www.fabricair.com\/lt\/galerija\/renginiu-galerija\/ic-forum-2025-vilnius-lithuania\/#primaryimage"},"image":{"@id":"https:\/\/www.fabricair.com\/lt\/galerija\/renginiu-galerija\/ic-forum-2025-vilnius-lithuania\/#primaryimage"},"thumbnailUrl":"https:\/\/www.fabricair.com\/lt\/wp-content\/uploads\/sites\/22\/2025\/04\/IC-Forum-2025-116.jpg","datePublished":"2025-04-15T12:31:03+00:00","dateModified":"2026-01-21T07:59:20+00:00","description":"IC-Forum 2025 Vilnius nuotrauk\u0173 galerija \u2013 \u012fsp\u016bdingos instaliacijos, inovatyv\u016bs ir k\u016brybi\u0161ki dizaino sprendimai","breadcrumb":{"@id":"https:\/\/www.fabricair.com\/lt\/galerija\/renginiu-galerija\/ic-forum-2025-vilnius-lithuania\/#breadcrumb"},"inLanguage":"en-US","potentialAction":[{"@type":"ReadAction","target":["https:\/\/www.fabricair.com\/lt\/galerija\/renginiu-galerija\/ic-forum-2025-vilnius-lithuania\/"]}]},{"@type":"ImageObject","inLanguage":"en-US","@id":"https:\/\/www.fabricair.com\/lt\/galerija\/renginiu-galerija\/ic-forum-2025-vilnius-lithuania\/#primaryimage","url":"https:\/\/www.fabricair.com\/lt\/wp-content\/uploads\/sites\/22\/2025\/04\/IC-Forum-2025-116.jpg","contentUrl":"https:\/\/www.fabricair.com\/lt\/wp-content\/uploads\/sites\/22\/2025\/04\/IC-Forum-2025-116.jpg","width":2048,"height":1280},{"@type":"BreadcrumbList","@id":"https:\/\/www.fabricair.com\/lt\/galerija\/renginiu-galerija\/ic-forum-2025-vilnius-lithuania\/#breadcrumb","itemListElement":[{"@type":"ListItem","position":1,"name":"Home","item":"https:\/\/www.fabricair.com\/lt\/"},{"@type":"ListItem","position":2,"name":"Galerija","item":"https:\/\/www.fabricair.com\/lt\/galerija\/"},{"@type":"ListItem","position":3,"name":"Rengini\u0173 galerija","item":"https:\/\/www.fabricair.com\/lt\/galerija\/renginiu-galerija\/"},{"@type":"ListItem","position":4,"name":"IC Forum 2025, Vilnius, Lithuania"}]},{"@type":"WebSite","@id":"https:\/\/www.fabricair.com\/lt\/#website","url":"https:\/\/www.fabricair.com\/lt\/","name":"Lithuania FabricAir","description":"","potentialAction":[{"@type":"SearchAction","target":{"@type":"EntryPoint","urlTemplate":"https:\/\/www.fabricair.com\/lt\/?s={search_term_string}"},"query-input":{"@type":"PropertyValueSpecification","valueRequired":true,"valueName":"search_term_string"}}],"inLanguage":"en-US"}]}},"_links":{"self":[{"href":"https:\/\/www.fabricair.com\/lt\/wp-json\/wp\/v2\/pages\/8178","targetHints":{"allow":["GET"]}}],"collection":[{"href":"https:\/\/www.fabricair.com\/lt\/wp-json\/wp\/v2\/pages"}],"about":[{"href":"https:\/\/www.fabricair.com\/lt\/wp-json\/wp\/v2\/types\/page"}],"author":[{"embeddable":true,"href":"https:\/\/www.fabricair.com\/lt\/wp-json\/wp\/v2\/users\/8"}],"replies":[{"embeddable":true,"href":"https:\/\/www.fabricair.com\/lt\/wp-json\/wp\/v2\/comments?post=8178"}],"version-history":[{"count":1,"href":"https:\/\/www.fabricair.com\/lt\/wp-json\/wp\/v2\/pages\/8178\/revisions"}],"predecessor-version":[{"id":8181,"href":"https:\/\/www.fabricair.com\/lt\/wp-json\/wp\/v2\/pages\/8178\/revisions\/8181"}],"up":[{"embeddable":true,"href":"https:\/\/www.fabricair.com\/lt\/wp-json\/wp\/v2\/pages\/2916"}],"wp:featuredmedia":[{"embeddable":true,"href":"https:\/\/www.fabricair.com\/lt\/wp-json\/wp\/v2\/media\/8170"}],"wp:attachment":[{"href":"https:\/\/www.fabricair.com\/lt\/wp-json\/wp\/v2\/media?parent=8178"}],"curies":[{"name":"wp","href":"https:\/\/api.w.org\/{rel}","templated":true}]}}