{"id":1202,"date":"2022-03-18T13:21:38","date_gmt":"2022-03-18T13:21:38","guid":{"rendered":"https:\/\/fabricair.com\/mx\/?page_id=1202"},"modified":"2025-09-26T02:58:07","modified_gmt":"2025-09-26T08:58:07","slug":"aplicaciones","status":"publish","type":"page","link":"https:\/\/www.fabricair.com\/mx\/aplicaciones\/","title":{"rendered":"Aplicaciones"},"content":{"rendered":"<p>Llevamos la difusi\u00f3n de aire a un nivel completamente nuevo con nuestras soluciones HVAC textiles. Los avances tecnol\u00f3gicos nos permiten dise\u00f1ar sistemas de difusi\u00f3n y distribuci\u00f3n de aire de \u00faltima generaci\u00f3n para casi todas las aplicaciones posibles, mejorar el rendimiento y complementar el dise\u00f1o interior.<\/p>\n<p>Debido a que las soluciones textiles evolucionaron originalmente a partir de aplicaciones industriales, las soluciones FabricAir est\u00e1n perfectamente dise\u00f1adas para este uso. Desde el procesamiento de alimentos hasta las salas blancas, nuestros sistemas basados \u200b\u200ben textil contribuyen a la salud y la comodidad de todos los ocupantes.<\/p>\n<p>Las soluciones textiles son una opci\u00f3n ideal para las instalaciones comerciales, ya que crean una comodidad inigualable y brindan un flujo de aire perfecto con un toque de estilo que se integra o mejora el dise\u00f1o interior.<\/p>\n<p>La salud y el confort son esenciales en instalaciones p\u00fablicas. FabricAir contribuye a estos atributos elevando la calidad del aire interior con sus soluciones textiles para la difusi\u00f3n de aire. Desde ductos de tela hasta difusores de techo, nuestros productos pueden satisfacer las necesidades de cualquier aplicaci\u00f3n.<\/p>\n<p>Ya sea que los ocupantes est\u00e9n haciendo ejercicio activamente o viendo una obra de teatro, nuestra gama de soluciones textiles para la difusi\u00f3n de aire est\u00e1 dise\u00f1ada para adaptarse a los requisitos espec\u00edficos del espacio, creando un ambiente perfecto y una comodidad sin igual.<\/p>\n","protected":false},"excerpt":{"rendered":"<p>Llevamos la difusi\u00f3n de aire a un nivel completamente nuevo con nuestras soluciones HVAC textiles. Los avances tecnol\u00f3gicos nos permiten dise\u00f1ar sistemas de difusi\u00f3n y distribuci\u00f3n de aire de \u00faltima generaci\u00f3n para casi todas las aplicaciones posibles, mejorar el rendimiento y complementar el dise\u00f1o interior. Debido a que las soluciones textiles evolucionaron originalmente a partir [&hellip;]<\/p>\n","protected":false},"author":1,"featured_media":5872,"parent":0,"menu_order":74,"comment_status":"closed","ping_status":"closed","template":"","meta":{"_acf_changed":false,"inline_featured_image":false,"footnotes":""},"class_list":["post-1202","page","type-page","status-publish","has-post-thumbnail","hentry"],"acf":[],"yoast_head":"<!-- This site is optimized with the Yoast SEO plugin v27.3 - https:\/\/yoast.com\/product\/yoast-seo-wordpress\/ -->\n<title>Aplicaciones | Mexico FabricAir<\/title>\n<meta name=\"description\" content=\"Soluciones a medida con sistemas de difusi\u00f3n de aire de \u00faltima generaci\u00f3n para casi todas las aplicaciones posibles.\" \/>\n<meta name=\"robots\" content=\"index, follow, max-snippet:-1, max-image-preview:large, max-video-preview:-1\" \/>\n<link rel=\"canonical\" href=\"https:\/\/www.fabricair.com\/mx\/wp-json\/wp\/v2\/pages\/1202\/\" \/>\n<meta property=\"og:locale\" content=\"en_US\" \/>\n<meta property=\"og:type\" content=\"article\" \/>\n<meta property=\"og:title\" content=\"Aplicaciones - Mexico FabricAir\" \/>\n<meta property=\"og:description\" content=\"Soluciones a medida con sistemas de difusi\u00f3n de aire de \u00faltima generaci\u00f3n para casi todas las aplicaciones posibles.\" \/>\n<meta property=\"og:url\" content=\"https:\/\/www.fabricair.com\/es\/aplicaciones\/\" \/>\n<meta property=\"og:site_name\" content=\"Mexico FabricAir\" \/>\n<meta property=\"article:modified_time\" content=\"2025-09-26T08:58:07+00:00\" \/>\n<meta property=\"og:image\" content=\"https:\/\/www.fabricair.com\/mx\/wp-content\/uploads\/sites\/31\/2022\/04\/FabricAir_wide_firestinephotography-Ji-Roz-Restaurant-26-1-1024x683.png\" \/>\n\t<meta property=\"og:image:width\" content=\"1024\" \/>\n\t<meta property=\"og:image:height\" content=\"683\" \/>\n\t<meta property=\"og:image:type\" content=\"image\/png\" \/>\n<meta name=\"twitter:card\" content=\"summary_large_image\" \/>\n<meta name=\"twitter:label1\" content=\"Est. reading time\" \/>\n\t<meta name=\"twitter:data1\" content=\"2 minutes\" \/>\n<script type=\"application\/ld+json\" class=\"yoast-schema-graph\">{\"@context\":\"https:\\\/\\\/schema.org\",\"@graph\":[{\"@type\":\"WebPage\",\"@id\":\"https:\\\/\\\/www.fabricair.com\\\/mx\\\/aplicaciones\\\/\",\"url\":\"https:\\\/\\\/www.fabricair.com\\\/es\\\/aplicaciones\\\/\",\"name\":\"Aplicaciones - Mexico FabricAir\",\"isPartOf\":{\"@id\":\"https:\\\/\\\/www.fabricair.com\\\/mx\\\/#website\"},\"primaryImageOfPage\":{\"@id\":\"https:\\\/\\\/www.fabricair.com\\\/es\\\/aplicaciones\\\/#primaryimage\"},\"image\":{\"@id\":\"https:\\\/\\\/www.fabricair.com\\\/es\\\/aplicaciones\\\/#primaryimage\"},\"thumbnailUrl\":\"https:\\\/\\\/www.fabricair.com\\\/mx\\\/wp-content\\\/uploads\\\/sites\\\/31\\\/2022\\\/04\\\/FabricAir_wide_firestinephotography-Ji-Roz-Restaurant-26-1.png\",\"datePublished\":\"2022-03-18T13:21:38+00:00\",\"dateModified\":\"2025-09-26T08:58:07+00:00\",\"description\":\"Soluciones a medida con sistemas de difusi\u00f3n de aire de \u00faltima generaci\u00f3n para casi todas las aplicaciones posibles.\",\"breadcrumb\":{\"@id\":\"https:\\\/\\\/www.fabricair.com\\\/es\\\/aplicaciones\\\/#breadcrumb\"},\"inLanguage\":\"en-US\",\"potentialAction\":[{\"@type\":\"ReadAction\",\"target\":[\"https:\\\/\\\/www.fabricair.com\\\/es\\\/aplicaciones\\\/\"]}]},{\"@type\":\"ImageObject\",\"inLanguage\":\"en-US\",\"@id\":\"https:\\\/\\\/www.fabricair.com\\\/es\\\/aplicaciones\\\/#primaryimage\",\"url\":\"https:\\\/\\\/www.fabricair.com\\\/mx\\\/wp-content\\\/uploads\\\/sites\\\/31\\\/2022\\\/04\\\/FabricAir_wide_firestinephotography-Ji-Roz-Restaurant-26-1.png\",\"contentUrl\":\"https:\\\/\\\/www.fabricair.com\\\/mx\\\/wp-content\\\/uploads\\\/sites\\\/31\\\/2022\\\/04\\\/FabricAir_wide_firestinephotography-Ji-Roz-Restaurant-26-1.png\",\"width\":1440,\"height\":960,\"caption\":\"Ducto textil FabricAir Aplicaciones\"},{\"@type\":\"BreadcrumbList\",\"@id\":\"https:\\\/\\\/www.fabricair.com\\\/es\\\/aplicaciones\\\/#breadcrumb\",\"itemListElement\":[{\"@type\":\"ListItem\",\"position\":1,\"name\":\"Home\",\"item\":\"https:\\\/\\\/www.fabricair.com\\\/mx\\\/\"},{\"@type\":\"ListItem\",\"position\":2,\"name\":\"Aplicaciones\"}]},{\"@type\":\"WebSite\",\"@id\":\"https:\\\/\\\/www.fabricair.com\\\/mx\\\/#website\",\"url\":\"https:\\\/\\\/www.fabricair.com\\\/mx\\\/\",\"name\":\"Mexico FabricAir\",\"description\":\"\",\"potentialAction\":[{\"@type\":\"SearchAction\",\"target\":{\"@type\":\"EntryPoint\",\"urlTemplate\":\"https:\\\/\\\/www.fabricair.com\\\/mx\\\/?s={search_term_string}\"},\"query-input\":{\"@type\":\"PropertyValueSpecification\",\"valueRequired\":true,\"valueName\":\"search_term_string\"}}],\"inLanguage\":\"en-US\"}]}<\/script>\n<!-- \/ Yoast SEO plugin. -->","yoast_head_json":{"title":"Aplicaciones | Mexico FabricAir","description":"Soluciones a medida con sistemas de difusi\u00f3n de aire de \u00faltima generaci\u00f3n para casi todas las aplicaciones posibles.","robots":{"index":"index","follow":"follow","max-snippet":"max-snippet:-1","max-image-preview":"max-image-preview:large","max-video-preview":"max-video-preview:-1"},"canonical":"https:\/\/www.fabricair.com\/mx\/wp-json\/wp\/v2\/pages\/1202\/","og_locale":"en_US","og_type":"article","og_title":"Aplicaciones - Mexico FabricAir","og_description":"Soluciones a medida con sistemas de difusi\u00f3n de aire de \u00faltima generaci\u00f3n para casi todas las aplicaciones posibles.","og_url":"https:\/\/www.fabricair.com\/es\/aplicaciones\/","og_site_name":"Mexico FabricAir","article_modified_time":"2025-09-26T08:58:07+00:00","og_image":[{"width":1024,"height":683,"url":"https:\/\/www.fabricair.com\/mx\/wp-content\/uploads\/sites\/31\/2022\/04\/FabricAir_wide_firestinephotography-Ji-Roz-Restaurant-26-1-1024x683.png","type":"image\/png"}],"twitter_card":"summary_large_image","twitter_misc":{"Est. reading time":"2 minutes"},"schema":{"@context":"https:\/\/schema.org","@graph":[{"@type":"WebPage","@id":"https:\/\/www.fabricair.com\/mx\/aplicaciones\/","url":"https:\/\/www.fabricair.com\/es\/aplicaciones\/","name":"Aplicaciones - Mexico FabricAir","isPartOf":{"@id":"https:\/\/www.fabricair.com\/mx\/#website"},"primaryImageOfPage":{"@id":"https:\/\/www.fabricair.com\/es\/aplicaciones\/#primaryimage"},"image":{"@id":"https:\/\/www.fabricair.com\/es\/aplicaciones\/#primaryimage"},"thumbnailUrl":"https:\/\/www.fabricair.com\/mx\/wp-content\/uploads\/sites\/31\/2022\/04\/FabricAir_wide_firestinephotography-Ji-Roz-Restaurant-26-1.png","datePublished":"2022-03-18T13:21:38+00:00","dateModified":"2025-09-26T08:58:07+00:00","description":"Soluciones a medida con sistemas de difusi\u00f3n de aire de \u00faltima generaci\u00f3n para casi todas las aplicaciones posibles.","breadcrumb":{"@id":"https:\/\/www.fabricair.com\/es\/aplicaciones\/#breadcrumb"},"inLanguage":"en-US","potentialAction":[{"@type":"ReadAction","target":["https:\/\/www.fabricair.com\/es\/aplicaciones\/"]}]},{"@type":"ImageObject","inLanguage":"en-US","@id":"https:\/\/www.fabricair.com\/es\/aplicaciones\/#primaryimage","url":"https:\/\/www.fabricair.com\/mx\/wp-content\/uploads\/sites\/31\/2022\/04\/FabricAir_wide_firestinephotography-Ji-Roz-Restaurant-26-1.png","contentUrl":"https:\/\/www.fabricair.com\/mx\/wp-content\/uploads\/sites\/31\/2022\/04\/FabricAir_wide_firestinephotography-Ji-Roz-Restaurant-26-1.png","width":1440,"height":960,"caption":"Ducto textil FabricAir Aplicaciones"},{"@type":"BreadcrumbList","@id":"https:\/\/www.fabricair.com\/es\/aplicaciones\/#breadcrumb","itemListElement":[{"@type":"ListItem","position":1,"name":"Home","item":"https:\/\/www.fabricair.com\/mx\/"},{"@type":"ListItem","position":2,"name":"Aplicaciones"}]},{"@type":"WebSite","@id":"https:\/\/www.fabricair.com\/mx\/#website","url":"https:\/\/www.fabricair.com\/mx\/","name":"Mexico FabricAir","description":"","potentialAction":[{"@type":"SearchAction","target":{"@type":"EntryPoint","urlTemplate":"https:\/\/www.fabricair.com\/mx\/?s={search_term_string}"},"query-input":{"@type":"PropertyValueSpecification","valueRequired":true,"valueName":"search_term_string"}}],"inLanguage":"en-US"}]}},"_links":{"self":[{"href":"https:\/\/www.fabricair.com\/mx\/wp-json\/wp\/v2\/pages\/1202","targetHints":{"allow":["GET"]}}],"collection":[{"href":"https:\/\/www.fabricair.com\/mx\/wp-json\/wp\/v2\/pages"}],"about":[{"href":"https:\/\/www.fabricair.com\/mx\/wp-json\/wp\/v2\/types\/page"}],"author":[{"embeddable":true,"href":"https:\/\/www.fabricair.com\/mx\/wp-json\/wp\/v2\/users\/1"}],"replies":[{"embeddable":true,"href":"https:\/\/www.fabricair.com\/mx\/wp-json\/wp\/v2\/comments?post=1202"}],"version-history":[{"count":52,"href":"https:\/\/www.fabricair.com\/mx\/wp-json\/wp\/v2\/pages\/1202\/revisions"}],"predecessor-version":[{"id":7519,"href":"https:\/\/www.fabricair.com\/mx\/wp-json\/wp\/v2\/pages\/1202\/revisions\/7519"}],"wp:featuredmedia":[{"embeddable":true,"href":"https:\/\/www.fabricair.com\/mx\/wp-json\/wp\/v2\/media\/5872"}],"wp:attachment":[{"href":"https:\/\/www.fabricair.com\/mx\/wp-json\/wp\/v2\/media?parent=1202"}],"curies":[{"name":"wp","href":"https:\/\/api.w.org\/{rel}","templated":true}]}}