{"id":1220,"date":"2022-03-28T13:14:37","date_gmt":"2022-03-28T13:14:37","guid":{"rendered":"https:\/\/fabricair.com\/mx\/?page_id=1220"},"modified":"2025-09-26T03:12:11","modified_gmt":"2025-09-26T09:12:11","slug":"acerca-de","status":"publish","type":"page","link":"https:\/\/www.fabricair.com\/mx\/acerca-de\/","title":{"rendered":"Acerca de"},"content":{"rendered":"<p>Acerca de FabricAir\u00ae, es l\u00edder del mercado mundial en soluciones para la difusi\u00f3n de aire basadas en textil con sede en Dinamarca. Desde la creaci\u00f3n de esta tecnolog\u00eda en 1973, FabricAir\u00ae ha crecido hasta convertirse en una empresa global con filiales en 18 pa\u00edses y una gran red de distribuidores que llegan a clientes en m\u00e1s de 120 pa\u00edses.<\/p>\n<p>Acerca de FabricAir\u00ae, nos esforzamos continuamente por crear un valor excepcional para nuestros clientes, especialmente a medida que la calidad del aire interior se vuelve m\u00e1s importante en nuestra vida diaria. Casi 50 a\u00f1os de experiencia en el mercado y una comprensi\u00f3n profunda de las necesidades de nuestros clientes nos gu\u00edan a medida que nos enfocamos en expandir el uso de nuestra tecnolog\u00eda a nivel mundial en una lista cada vez mayor de industrias.<\/p>\n<p>A medida que continuamos innovando en la industria HVAC, nuestros expertos en todo el mundo entienden que cada producto impacta a nuestros clientes y sus comunidades de manera distinta. Te invitamos a conocer a algunos de nuestros l\u00edderes intelectuales de FabricAir que est\u00e1n impulsando la industria.<\/p>\n<p><strong>Sistema de conductos<\/strong><\/p>\n<p>El sistema de conductos est\u00e1 dise\u00f1ado a medida para crear el ajuste ideal para los requisitos espec\u00edficos de cada aplicaci\u00f3n. A trav\u00e9s de a\u00f1os de extensa investigaci\u00f3n y trabajo, hemos acumulado una enorme experiencia en estas aplicaciones. Echa un vistazo a nuestras sugerencias para conseguir una perfecta difusi\u00f3n del aire en tus instalaciones.<\/p>\n<p><strong>Difusi\u00f3n de aire uniforme<\/strong><\/p>\n<p>Distribuye el aire de manera uniforme en todas las salas.<\/p>\n","protected":false},"excerpt":{"rendered":"<p>Acerca de FabricAir\u00ae, es l\u00edder del mercado mundial en soluciones para la difusi\u00f3n de aire basadas en textil con sede en Dinamarca. Desde la creaci\u00f3n de esta tecnolog\u00eda en 1973, FabricAir\u00ae ha crecido hasta convertirse en una empresa global con filiales en 18 pa\u00edses y una gran red de distribuidores que llegan a clientes en [&hellip;]<\/p>\n","protected":false},"author":1,"featured_media":2437,"parent":0,"menu_order":64,"comment_status":"closed","ping_status":"closed","template":"","meta":{"_acf_changed":false,"inline_featured_image":false,"footnotes":""},"class_list":["post-1220","page","type-page","status-publish","has-post-thumbnail","hentry"],"acf":[],"yoast_head":"<!-- This site is optimized with the Yoast SEO plugin v27.3 - https:\/\/yoast.com\/product\/yoast-seo-wordpress\/ -->\n<title>Acerca de | Mexico FabricAir<\/title>\n<meta name=\"description\" content=\"Conoce m\u00e1s acerca de FabricAir\u00ae. Somos el l\u00edder mundial en soluciones de difusi\u00f3n de aire textil de alta calidad, con sede en Dinamarca.\" \/>\n<meta name=\"robots\" content=\"index, follow, max-snippet:-1, max-image-preview:large, max-video-preview:-1\" \/>\n<link rel=\"canonical\" href=\"https:\/\/www.fabricair.com\/mx\/wp-json\/wp\/v2\/pages\/1220\/\" \/>\n<meta property=\"og:locale\" content=\"en_US\" \/>\n<meta property=\"og:type\" content=\"article\" \/>\n<meta property=\"og:title\" content=\"Acerca de - Mexico FabricAir\" \/>\n<meta property=\"og:description\" content=\"Conoce m\u00e1s acerca de FabricAir\u00ae. Somos el l\u00edder mundial en soluciones de difusi\u00f3n de aire textil de alta calidad, con sede en Dinamarca.\" \/>\n<meta property=\"og:url\" content=\"https:\/\/www.fabricair.com\/es\/acerca-de\/\" \/>\n<meta property=\"og:site_name\" content=\"Mexico FabricAir\" \/>\n<meta property=\"article:modified_time\" content=\"2025-09-26T09:12:11+00:00\" \/>\n<meta property=\"og:image\" content=\"https:\/\/www.fabricair.com\/mx\/wp-content\/uploads\/sites\/31\/2022\/03\/20200901_FabricAir_Bergsteen-Timber_004.jpg\" \/>\n\t<meta property=\"og:image:width\" content=\"1000\" \/>\n\t<meta property=\"og:image:height\" content=\"667\" \/>\n\t<meta property=\"og:image:type\" content=\"image\/jpeg\" \/>\n<meta name=\"twitter:card\" content=\"summary_large_image\" \/>\n<meta name=\"twitter:label1\" content=\"Est. reading time\" \/>\n\t<meta name=\"twitter:data1\" content=\"2 minutes\" \/>\n<script type=\"application\/ld+json\" class=\"yoast-schema-graph\">{\"@context\":\"https:\\\/\\\/schema.org\",\"@graph\":[{\"@type\":\"WebPage\",\"@id\":\"https:\\\/\\\/www.fabricair.com\\\/mx\\\/acerca-de\\\/\",\"url\":\"https:\\\/\\\/www.fabricair.com\\\/es\\\/acerca-de\\\/\",\"name\":\"Acerca de - Mexico FabricAir\",\"isPartOf\":{\"@id\":\"https:\\\/\\\/www.fabricair.com\\\/mx\\\/#website\"},\"primaryImageOfPage\":{\"@id\":\"https:\\\/\\\/www.fabricair.com\\\/es\\\/acerca-de\\\/#primaryimage\"},\"image\":{\"@id\":\"https:\\\/\\\/www.fabricair.com\\\/es\\\/acerca-de\\\/#primaryimage\"},\"thumbnailUrl\":\"https:\\\/\\\/www.fabricair.com\\\/mx\\\/wp-content\\\/uploads\\\/sites\\\/31\\\/2022\\\/03\\\/20200901_FabricAir_Bergsteen-Timber_004.jpg\",\"datePublished\":\"2022-03-28T13:14:37+00:00\",\"dateModified\":\"2025-09-26T09:12:11+00:00\",\"description\":\"Conoce m\u00e1s acerca de FabricAir\u00ae. Somos el l\u00edder mundial en soluciones de difusi\u00f3n de aire textil de alta calidad, con sede en Dinamarca.\",\"breadcrumb\":{\"@id\":\"https:\\\/\\\/www.fabricair.com\\\/es\\\/acerca-de\\\/#breadcrumb\"},\"inLanguage\":\"en-US\",\"potentialAction\":[{\"@type\":\"ReadAction\",\"target\":[\"https:\\\/\\\/www.fabricair.com\\\/es\\\/acerca-de\\\/\"]}]},{\"@type\":\"ImageObject\",\"inLanguage\":\"en-US\",\"@id\":\"https:\\\/\\\/www.fabricair.com\\\/es\\\/acerca-de\\\/#primaryimage\",\"url\":\"https:\\\/\\\/www.fabricair.com\\\/mx\\\/wp-content\\\/uploads\\\/sites\\\/31\\\/2022\\\/03\\\/20200901_FabricAir_Bergsteen-Timber_004.jpg\",\"contentUrl\":\"https:\\\/\\\/www.fabricair.com\\\/mx\\\/wp-content\\\/uploads\\\/sites\\\/31\\\/2022\\\/03\\\/20200901_FabricAir_Bergsteen-Timber_004.jpg\",\"width\":1000,\"height\":667,\"caption\":\"FabricAir ventilationssystemer, Bergsteen Timber Sandvadsvej 2 4600 K\u00bfge, Danmark \u00a9Thomas Arnbo Photojournalist Stationsvej 8, 1. 2791 Drag\u00bfr Denmark Ph: +45 307 307 47 Email: thomas@arnbo.dk Web: www.arnbo.dk\"},{\"@type\":\"BreadcrumbList\",\"@id\":\"https:\\\/\\\/www.fabricair.com\\\/es\\\/acerca-de\\\/#breadcrumb\",\"itemListElement\":[{\"@type\":\"ListItem\",\"position\":1,\"name\":\"Home\",\"item\":\"https:\\\/\\\/www.fabricair.com\\\/mx\\\/\"},{\"@type\":\"ListItem\",\"position\":2,\"name\":\"Acerca de\"}]},{\"@type\":\"WebSite\",\"@id\":\"https:\\\/\\\/www.fabricair.com\\\/mx\\\/#website\",\"url\":\"https:\\\/\\\/www.fabricair.com\\\/mx\\\/\",\"name\":\"Mexico FabricAir\",\"description\":\"\",\"potentialAction\":[{\"@type\":\"SearchAction\",\"target\":{\"@type\":\"EntryPoint\",\"urlTemplate\":\"https:\\\/\\\/www.fabricair.com\\\/mx\\\/?s={search_term_string}\"},\"query-input\":{\"@type\":\"PropertyValueSpecification\",\"valueRequired\":true,\"valueName\":\"search_term_string\"}}],\"inLanguage\":\"en-US\"}]}<\/script>\n<!-- \/ Yoast SEO plugin. -->","yoast_head_json":{"title":"Acerca de | Mexico FabricAir","description":"Conoce m\u00e1s acerca de FabricAir\u00ae. Somos el l\u00edder mundial en soluciones de difusi\u00f3n de aire textil de alta calidad, con sede en Dinamarca.","robots":{"index":"index","follow":"follow","max-snippet":"max-snippet:-1","max-image-preview":"max-image-preview:large","max-video-preview":"max-video-preview:-1"},"canonical":"https:\/\/www.fabricair.com\/mx\/wp-json\/wp\/v2\/pages\/1220\/","og_locale":"en_US","og_type":"article","og_title":"Acerca de - Mexico FabricAir","og_description":"Conoce m\u00e1s acerca de FabricAir\u00ae. Somos el l\u00edder mundial en soluciones de difusi\u00f3n de aire textil de alta calidad, con sede en Dinamarca.","og_url":"https:\/\/www.fabricair.com\/es\/acerca-de\/","og_site_name":"Mexico FabricAir","article_modified_time":"2025-09-26T09:12:11+00:00","og_image":[{"width":1000,"height":667,"url":"https:\/\/www.fabricair.com\/mx\/wp-content\/uploads\/sites\/31\/2022\/03\/20200901_FabricAir_Bergsteen-Timber_004.jpg","type":"image\/jpeg"}],"twitter_card":"summary_large_image","twitter_misc":{"Est. reading time":"2 minutes"},"schema":{"@context":"https:\/\/schema.org","@graph":[{"@type":"WebPage","@id":"https:\/\/www.fabricair.com\/mx\/acerca-de\/","url":"https:\/\/www.fabricair.com\/es\/acerca-de\/","name":"Acerca de - Mexico FabricAir","isPartOf":{"@id":"https:\/\/www.fabricair.com\/mx\/#website"},"primaryImageOfPage":{"@id":"https:\/\/www.fabricair.com\/es\/acerca-de\/#primaryimage"},"image":{"@id":"https:\/\/www.fabricair.com\/es\/acerca-de\/#primaryimage"},"thumbnailUrl":"https:\/\/www.fabricair.com\/mx\/wp-content\/uploads\/sites\/31\/2022\/03\/20200901_FabricAir_Bergsteen-Timber_004.jpg","datePublished":"2022-03-28T13:14:37+00:00","dateModified":"2025-09-26T09:12:11+00:00","description":"Conoce m\u00e1s acerca de FabricAir\u00ae. Somos el l\u00edder mundial en soluciones de difusi\u00f3n de aire textil de alta calidad, con sede en Dinamarca.","breadcrumb":{"@id":"https:\/\/www.fabricair.com\/es\/acerca-de\/#breadcrumb"},"inLanguage":"en-US","potentialAction":[{"@type":"ReadAction","target":["https:\/\/www.fabricair.com\/es\/acerca-de\/"]}]},{"@type":"ImageObject","inLanguage":"en-US","@id":"https:\/\/www.fabricair.com\/es\/acerca-de\/#primaryimage","url":"https:\/\/www.fabricair.com\/mx\/wp-content\/uploads\/sites\/31\/2022\/03\/20200901_FabricAir_Bergsteen-Timber_004.jpg","contentUrl":"https:\/\/www.fabricair.com\/mx\/wp-content\/uploads\/sites\/31\/2022\/03\/20200901_FabricAir_Bergsteen-Timber_004.jpg","width":1000,"height":667,"caption":"FabricAir ventilationssystemer, Bergsteen Timber Sandvadsvej 2 4600 K\u00bfge, Danmark \u00a9Thomas Arnbo Photojournalist Stationsvej 8, 1. 2791 Drag\u00bfr Denmark Ph: +45 307 307 47 Email: thomas@arnbo.dk Web: www.arnbo.dk"},{"@type":"BreadcrumbList","@id":"https:\/\/www.fabricair.com\/es\/acerca-de\/#breadcrumb","itemListElement":[{"@type":"ListItem","position":1,"name":"Home","item":"https:\/\/www.fabricair.com\/mx\/"},{"@type":"ListItem","position":2,"name":"Acerca de"}]},{"@type":"WebSite","@id":"https:\/\/www.fabricair.com\/mx\/#website","url":"https:\/\/www.fabricair.com\/mx\/","name":"Mexico FabricAir","description":"","potentialAction":[{"@type":"SearchAction","target":{"@type":"EntryPoint","urlTemplate":"https:\/\/www.fabricair.com\/mx\/?s={search_term_string}"},"query-input":{"@type":"PropertyValueSpecification","valueRequired":true,"valueName":"search_term_string"}}],"inLanguage":"en-US"}]}},"_links":{"self":[{"href":"https:\/\/www.fabricair.com\/mx\/wp-json\/wp\/v2\/pages\/1220","targetHints":{"allow":["GET"]}}],"collection":[{"href":"https:\/\/www.fabricair.com\/mx\/wp-json\/wp\/v2\/pages"}],"about":[{"href":"https:\/\/www.fabricair.com\/mx\/wp-json\/wp\/v2\/types\/page"}],"author":[{"embeddable":true,"href":"https:\/\/www.fabricair.com\/mx\/wp-json\/wp\/v2\/users\/1"}],"replies":[{"embeddable":true,"href":"https:\/\/www.fabricair.com\/mx\/wp-json\/wp\/v2\/comments?post=1220"}],"version-history":[{"count":43,"href":"https:\/\/www.fabricair.com\/mx\/wp-json\/wp\/v2\/pages\/1220\/revisions"}],"predecessor-version":[{"id":8359,"href":"https:\/\/www.fabricair.com\/mx\/wp-json\/wp\/v2\/pages\/1220\/revisions\/8359"}],"wp:featuredmedia":[{"embeddable":true,"href":"https:\/\/www.fabricair.com\/mx\/wp-json\/wp\/v2\/media\/2437"}],"wp:attachment":[{"href":"https:\/\/www.fabricair.com\/mx\/wp-json\/wp\/v2\/media?parent=1220"}],"curies":[{"name":"wp","href":"https:\/\/api.w.org\/{rel}","templated":true}]}}