{"id":2425,"date":"2022-03-28T12:36:26","date_gmt":"2022-03-28T12:36:26","guid":{"rendered":"https:\/\/fabricair.com\/mx\/?page_id=2425"},"modified":"2025-11-26T00:41:53","modified_gmt":"2025-11-26T06:41:53","slug":"cfd","status":"publish","type":"page","link":"https:\/\/www.fabricair.com\/mx\/servicios\/cfd\/","title":{"rendered":"CFD"},"content":{"rendered":"<p>El servicio FabricAir\u00ae CFD es la mejor manera de demostrar la eficiencia de la soluci\u00f3n para la difusi\u00f3n de aire.<\/p>\n<p>Cada informe se realiza a medida del cliente, analizando sus necesidades espec\u00edficas y teniendo en cuenta las requerimientos y condiciones espec\u00edficas del proyecto.<\/p>\n<p>Las aplicaciones m\u00e1s populares para el an\u00e1lisis CFD son:<\/p>\n<p><strong>Edificios de Oficinas<\/strong>. Por lo general, tienen muchas ventanas, equipos de oficina que generan calor y trabajadores que suman una carga de calor sustancial. El confort del aire es especialmente cr\u00edtico en las oficinas.<\/p>\n<p><strong>Instalaciones Deportivas y Almacenes<\/strong>. Tienen espacios volum\u00e9tricos inherentemente grandes y techos altos, lo que complica el dise\u00f1o de difusi\u00f3n de aire.<\/p>\n<p><strong>Instalaciones Acu\u00e1ticas<\/strong>. Son \u00fanicas debido a la psicrometr\u00eda: par\u00e1metro termodin\u00e1mico del aire h\u00famedo a una presi\u00f3n constante. Por lo general, tambi\u00e9n tienen techos bastante altos. Adem\u00e1s, se dice que las instalaciones acu\u00e1ticas pueden causar s\u00edntomas respiratorios en los nadadores debido a la acumulaci\u00f3n de cloraminas de gases nocivos en la superficie de la piscina. El an\u00e1lisis CFD puede ser invaluable para dise\u00f1ar suficiente velocidad de aire sobre la superficie de la piscina para mover las cloraminas hacia las entradas de aire de retorno, pero no lo suficiente cuando aumenta la tasa de evaporaci\u00f3n de la piscina.<\/p>\n<p>Con el servicio CFD, ofrecemos la mejor forma disponible de elegir los modelos de flujo correctos para el proyecto. A trav\u00e9s del an\u00e1lisis CFD podemos confirmar una soluci\u00f3n de ventilaci\u00f3n sin corrientes de aire, as\u00ed como demostrar las velocidades del aire en los lugares de inter\u00e9s y, si lo desea, tambi\u00e9n las temperaturas del aire.<\/p>\n<p>Al elegir entre las ofertas de estudio de CFD, es importante considerar los criterios de \u00e9xito y la complejidad del proyecto para determinar el nivel correcto de an\u00e1lisis. Hemos desarrollado \u00a0tres conceptos diferentes, que son:<\/p>\n<p>3D Essential: este es un informe que incluye detalles esenciales sobre flujos de aire con uno o dos modelos de flujo. Proporciona una representaci\u00f3n 3D del an\u00e1lisis de datos de una secci\u00f3n parcial del espacio acondicionado. El an\u00e1lisis se ejecuta como un caso isot\u00e9rmico, donde el aire de suministro es igual a la temperatura ambiente o con un \u0394T, que no se eval\u00faa.<\/p>\n<p>Est\u00e1ndar 3D: este informe proporciona mejores perspectivas para proyectos m\u00e1s complejos que involucran hasta tres modelos de flujo. El informe incluye un an\u00e1lisis m\u00e1s detallado con vistas de tres secciones para demostrar los aspectos de comodidad de los ocupantes en ubicaciones espec\u00edficas dentro del espacio acondicionado y una descripci\u00f3n general del movimiento del aire visto en todas las dimensiones. Esta imagen 3D CFD es ideal independientemente de la ubicaci\u00f3n del suministro de aire.<\/p>\n<p>3D Premium: este enfoque genera im\u00e1genes CFD avanzadas para proyectos complejos que requieren un mayor grado de personalizaci\u00f3n con hasta cuatro modelos de flujo y pueden incorporar condiciones de contorno espec\u00edficas. El informe incluye un an\u00e1lisis muy detallado con cinco cortes seccionales del espacio acondicionado. Estas vistas demuestran los aspectos de comodidad de los ocupantes en ubicaciones espec\u00edficas y brindan una descripci\u00f3n general del movimiento del aire visto en todas las dimensiones, independientemente de la complejidad de la habitaci\u00f3n.<\/p>\n<p>Ninguno de nuestros competidores ofrece un servicio equivalente al servicio FabricAir\u00ae CFD. Sus hojas de an\u00e1lisis, que contienen representaciones gr\u00e1ficas de sus modelos de flujo, corresponden a nuestras propias hojas de an\u00e1lisis y este es un producto completamente diferente al Servicio CFD de FabricAir\u00ae. Las hojas de an\u00e1lisis se utilizan para las cotizaciones; mientras que este Servicio FabricAir\u00ae CFD corresponde a los servicios prestados por consultor\u00edas.<\/p>\n","protected":false},"excerpt":{"rendered":"<p>El servicio FabricAir\u00ae CFD es la mejor manera de demostrar la eficiencia de la soluci\u00f3n para la difusi\u00f3n de aire. Cada informe se realiza a medida del cliente, analizando sus necesidades espec\u00edficas y teniendo en cuenta las requerimientos y condiciones espec\u00edficas del proyecto. Las aplicaciones m\u00e1s populares para el an\u00e1lisis CFD son: Edificios de Oficinas. [&hellip;]<\/p>\n","protected":false},"author":1,"featured_media":2426,"parent":75,"menu_order":78,"comment_status":"closed","ping_status":"closed","template":"","meta":{"_acf_changed":false,"inline_featured_image":false,"footnotes":""},"class_list":["post-2425","page","type-page","status-publish","has-post-thumbnail","hentry"],"acf":[],"yoast_head":"<!-- This site is optimized with the Yoast SEO plugin v27.3 - https:\/\/yoast.com\/product\/yoast-seo-wordpress\/ -->\n<title>CFD | Mexico FabricAir<\/title>\n<meta name=\"description\" content=\"Valida tu proyecto de difusi\u00f3n de aire con el servicio CFD (Din\u00e1mica de Fluidos Computacional) de FabricAir\u00ae. M\u00e1xima eficiencia demostrada.\" \/>\n<meta name=\"robots\" content=\"index, follow, max-snippet:-1, max-image-preview:large, max-video-preview:-1\" \/>\n<link rel=\"canonical\" href=\"https:\/\/www.fabricair.com\/mx\/wp-json\/wp\/v2\/pages\/2425\/\" \/>\n<meta property=\"og:locale\" content=\"en_US\" \/>\n<meta property=\"og:type\" content=\"article\" \/>\n<meta property=\"og:title\" content=\"CFD - Mexico FabricAir\" \/>\n<meta property=\"og:description\" content=\"Valida tu proyecto de difusi\u00f3n de aire con el servicio CFD (Din\u00e1mica de Fluidos Computacional) de FabricAir\u00ae. M\u00e1xima eficiencia demostrada.\" \/>\n<meta property=\"og:url\" content=\"https:\/\/www.fabricair.com\/es\/servicios\/cfd\/\" \/>\n<meta property=\"og:site_name\" content=\"Mexico FabricAir\" \/>\n<meta property=\"article:modified_time\" content=\"2025-11-26T06:41:53+00:00\" \/>\n<meta property=\"og:image\" content=\"https:\/\/www.fabricair.com\/mx\/wp-content\/uploads\/sites\/31\/2022\/03\/MG_0670-1.jpg\" \/>\n\t<meta property=\"og:image:width\" content=\"1000\" \/>\n\t<meta property=\"og:image:height\" content=\"667\" \/>\n\t<meta property=\"og:image:type\" content=\"image\/jpeg\" \/>\n<meta name=\"twitter:card\" content=\"summary_large_image\" \/>\n<meta name=\"twitter:label1\" content=\"Est. reading time\" \/>\n\t<meta name=\"twitter:data1\" content=\"3 minutes\" \/>\n<script type=\"application\/ld+json\" class=\"yoast-schema-graph\">{\"@context\":\"https:\\\/\\\/schema.org\",\"@graph\":[{\"@type\":\"WebPage\",\"@id\":\"https:\\\/\\\/www.fabricair.com\\\/mx\\\/servicios\\\/cfd\\\/\",\"url\":\"https:\\\/\\\/www.fabricair.com\\\/es\\\/servicios\\\/cfd\\\/\",\"name\":\"CFD - Mexico FabricAir\",\"isPartOf\":{\"@id\":\"https:\\\/\\\/www.fabricair.com\\\/mx\\\/#website\"},\"primaryImageOfPage\":{\"@id\":\"https:\\\/\\\/www.fabricair.com\\\/es\\\/servicios\\\/cfd\\\/#primaryimage\"},\"image\":{\"@id\":\"https:\\\/\\\/www.fabricair.com\\\/es\\\/servicios\\\/cfd\\\/#primaryimage\"},\"thumbnailUrl\":\"https:\\\/\\\/www.fabricair.com\\\/mx\\\/wp-content\\\/uploads\\\/sites\\\/31\\\/2022\\\/03\\\/MG_0670-1.jpg\",\"datePublished\":\"2022-03-28T12:36:26+00:00\",\"dateModified\":\"2025-11-26T06:41:53+00:00\",\"description\":\"Valida tu proyecto de difusi\u00f3n de aire con el servicio CFD (Din\u00e1mica de Fluidos Computacional) de FabricAir\u00ae. M\u00e1xima eficiencia demostrada.\",\"breadcrumb\":{\"@id\":\"https:\\\/\\\/www.fabricair.com\\\/es\\\/servicios\\\/cfd\\\/#breadcrumb\"},\"inLanguage\":\"en-US\",\"potentialAction\":[{\"@type\":\"ReadAction\",\"target\":[\"https:\\\/\\\/www.fabricair.com\\\/es\\\/servicios\\\/cfd\\\/\"]}]},{\"@type\":\"ImageObject\",\"inLanguage\":\"en-US\",\"@id\":\"https:\\\/\\\/www.fabricair.com\\\/es\\\/servicios\\\/cfd\\\/#primaryimage\",\"url\":\"https:\\\/\\\/www.fabricair.com\\\/mx\\\/wp-content\\\/uploads\\\/sites\\\/31\\\/2022\\\/03\\\/MG_0670-1.jpg\",\"contentUrl\":\"https:\\\/\\\/www.fabricair.com\\\/mx\\\/wp-content\\\/uploads\\\/sites\\\/31\\\/2022\\\/03\\\/MG_0670-1.jpg\",\"width\":1000,\"height\":667,\"caption\":\"CFD\"},{\"@type\":\"BreadcrumbList\",\"@id\":\"https:\\\/\\\/www.fabricair.com\\\/es\\\/servicios\\\/cfd\\\/#breadcrumb\",\"itemListElement\":[{\"@type\":\"ListItem\",\"position\":1,\"name\":\"Home\",\"item\":\"https:\\\/\\\/www.fabricair.com\\\/mx\\\/\"},{\"@type\":\"ListItem\",\"position\":2,\"name\":\"Servicios\",\"item\":\"https:\\\/\\\/www.fabricair.com\\\/mx\\\/servicios\\\/\"},{\"@type\":\"ListItem\",\"position\":3,\"name\":\"CFD\"}]},{\"@type\":\"WebSite\",\"@id\":\"https:\\\/\\\/www.fabricair.com\\\/mx\\\/#website\",\"url\":\"https:\\\/\\\/www.fabricair.com\\\/mx\\\/\",\"name\":\"Mexico FabricAir\",\"description\":\"\",\"potentialAction\":[{\"@type\":\"SearchAction\",\"target\":{\"@type\":\"EntryPoint\",\"urlTemplate\":\"https:\\\/\\\/www.fabricair.com\\\/mx\\\/?s={search_term_string}\"},\"query-input\":{\"@type\":\"PropertyValueSpecification\",\"valueRequired\":true,\"valueName\":\"search_term_string\"}}],\"inLanguage\":\"en-US\"}]}<\/script>\n<!-- \/ Yoast SEO plugin. -->","yoast_head_json":{"title":"CFD | Mexico FabricAir","description":"Valida tu proyecto de difusi\u00f3n de aire con el servicio CFD (Din\u00e1mica de Fluidos Computacional) de FabricAir\u00ae. M\u00e1xima eficiencia demostrada.","robots":{"index":"index","follow":"follow","max-snippet":"max-snippet:-1","max-image-preview":"max-image-preview:large","max-video-preview":"max-video-preview:-1"},"canonical":"https:\/\/www.fabricair.com\/mx\/wp-json\/wp\/v2\/pages\/2425\/","og_locale":"en_US","og_type":"article","og_title":"CFD - Mexico FabricAir","og_description":"Valida tu proyecto de difusi\u00f3n de aire con el servicio CFD (Din\u00e1mica de Fluidos Computacional) de FabricAir\u00ae. M\u00e1xima eficiencia demostrada.","og_url":"https:\/\/www.fabricair.com\/es\/servicios\/cfd\/","og_site_name":"Mexico FabricAir","article_modified_time":"2025-11-26T06:41:53+00:00","og_image":[{"width":1000,"height":667,"url":"https:\/\/www.fabricair.com\/mx\/wp-content\/uploads\/sites\/31\/2022\/03\/MG_0670-1.jpg","type":"image\/jpeg"}],"twitter_card":"summary_large_image","twitter_misc":{"Est. reading time":"3 minutes"},"schema":{"@context":"https:\/\/schema.org","@graph":[{"@type":"WebPage","@id":"https:\/\/www.fabricair.com\/mx\/servicios\/cfd\/","url":"https:\/\/www.fabricair.com\/es\/servicios\/cfd\/","name":"CFD - Mexico FabricAir","isPartOf":{"@id":"https:\/\/www.fabricair.com\/mx\/#website"},"primaryImageOfPage":{"@id":"https:\/\/www.fabricair.com\/es\/servicios\/cfd\/#primaryimage"},"image":{"@id":"https:\/\/www.fabricair.com\/es\/servicios\/cfd\/#primaryimage"},"thumbnailUrl":"https:\/\/www.fabricair.com\/mx\/wp-content\/uploads\/sites\/31\/2022\/03\/MG_0670-1.jpg","datePublished":"2022-03-28T12:36:26+00:00","dateModified":"2025-11-26T06:41:53+00:00","description":"Valida tu proyecto de difusi\u00f3n de aire con el servicio CFD (Din\u00e1mica de Fluidos Computacional) de FabricAir\u00ae. M\u00e1xima eficiencia demostrada.","breadcrumb":{"@id":"https:\/\/www.fabricair.com\/es\/servicios\/cfd\/#breadcrumb"},"inLanguage":"en-US","potentialAction":[{"@type":"ReadAction","target":["https:\/\/www.fabricair.com\/es\/servicios\/cfd\/"]}]},{"@type":"ImageObject","inLanguage":"en-US","@id":"https:\/\/www.fabricair.com\/es\/servicios\/cfd\/#primaryimage","url":"https:\/\/www.fabricair.com\/mx\/wp-content\/uploads\/sites\/31\/2022\/03\/MG_0670-1.jpg","contentUrl":"https:\/\/www.fabricair.com\/mx\/wp-content\/uploads\/sites\/31\/2022\/03\/MG_0670-1.jpg","width":1000,"height":667,"caption":"CFD"},{"@type":"BreadcrumbList","@id":"https:\/\/www.fabricair.com\/es\/servicios\/cfd\/#breadcrumb","itemListElement":[{"@type":"ListItem","position":1,"name":"Home","item":"https:\/\/www.fabricair.com\/mx\/"},{"@type":"ListItem","position":2,"name":"Servicios","item":"https:\/\/www.fabricair.com\/mx\/servicios\/"},{"@type":"ListItem","position":3,"name":"CFD"}]},{"@type":"WebSite","@id":"https:\/\/www.fabricair.com\/mx\/#website","url":"https:\/\/www.fabricair.com\/mx\/","name":"Mexico FabricAir","description":"","potentialAction":[{"@type":"SearchAction","target":{"@type":"EntryPoint","urlTemplate":"https:\/\/www.fabricair.com\/mx\/?s={search_term_string}"},"query-input":{"@type":"PropertyValueSpecification","valueRequired":true,"valueName":"search_term_string"}}],"inLanguage":"en-US"}]}},"_links":{"self":[{"href":"https:\/\/www.fabricair.com\/mx\/wp-json\/wp\/v2\/pages\/2425","targetHints":{"allow":["GET"]}}],"collection":[{"href":"https:\/\/www.fabricair.com\/mx\/wp-json\/wp\/v2\/pages"}],"about":[{"href":"https:\/\/www.fabricair.com\/mx\/wp-json\/wp\/v2\/types\/page"}],"author":[{"embeddable":true,"href":"https:\/\/www.fabricair.com\/mx\/wp-json\/wp\/v2\/users\/1"}],"replies":[{"embeddable":true,"href":"https:\/\/www.fabricair.com\/mx\/wp-json\/wp\/v2\/comments?post=2425"}],"version-history":[{"count":34,"href":"https:\/\/www.fabricair.com\/mx\/wp-json\/wp\/v2\/pages\/2425\/revisions"}],"predecessor-version":[{"id":8536,"href":"https:\/\/www.fabricair.com\/mx\/wp-json\/wp\/v2\/pages\/2425\/revisions\/8536"}],"up":[{"embeddable":true,"href":"https:\/\/www.fabricair.com\/mx\/wp-json\/wp\/v2\/pages\/75"}],"wp:featuredmedia":[{"embeddable":true,"href":"https:\/\/www.fabricair.com\/mx\/wp-json\/wp\/v2\/media\/2426"}],"wp:attachment":[{"href":"https:\/\/www.fabricair.com\/mx\/wp-json\/wp\/v2\/media?parent=2425"}],"curies":[{"name":"wp","href":"https:\/\/api.w.org\/{rel}","templated":true}]}}