{"id":2485,"date":"2022-03-28T14:38:00","date_gmt":"2022-03-28T14:38:00","guid":{"rendered":"https:\/\/fabricair.com\/mx\/?page_id=2485"},"modified":"2025-09-26T03:12:40","modified_gmt":"2025-09-26T09:12:40","slug":"historia","status":"publish","type":"page","link":"https:\/\/www.fabricair.com\/mx\/acerca-de\/historia\/","title":{"rendered":"Historia"},"content":{"rendered":"<p>FabricAir es la historia de c\u00f3mo una peque\u00f1a empresa, con sede en Dinamarca, crece hasta convertirse en l\u00edder mundial en la innovaci\u00f3n HVAC\/R, con clientes en todo el mundo y oficinas de ventas o distribuidores en las principales regiones.<\/p>\n<p>&#8220;Desde 1973, hemos hecho historia perfeccionado nuestra tecnolog\u00eda con dos ideas en mente: mejorarla y simplificarla. Nuestros sistemas son f\u00e1ciles de pedir y f\u00e1ciles de instalar, raz\u00f3n por la que nuestros clientes nos consideran que hacer negocio con nosotros es algo f\u00e1cil y confiable.&#8221;<\/p>\n<p>La era de los ductos textiles modernos comienza en Dinamarca como una colaboraci\u00f3n entre el Danish Meat Research Institute y una empresa dentro del Grupo Electrolux, llamada IPS Dansk Presenning A\/S, que fabricaba lonas. IPS Ventilation crece a partir de IPS Dansk Presenning y se convierte en una empresa independiente que, a lo largo de los a\u00f1os, se convierte en FabricAir tal como la conocemos hoy.<\/p>\n<p>Los ingenieros contin\u00faan explorando y refinando patrones de flujo de aire, tipos de telas y soluciones de suspensi\u00f3n. Se establece la nueva subsidiaria del Grupo Electrolux, IPS Ventilation A\/S, un precursor de FabricAir, para impulsar el proceso de desarrollo de productos. IPS Ventilations comienza su aventura de internacionalizaci\u00f3n a medida que la tecnolog\u00eda se introduce en nuevos mercados, incluido Estados Unidos, que est\u00e1 interesado en expandir el uso de ductos textiles m\u00e1s all\u00e1 de la refrigeraci\u00f3n en soluciones HVAC.<\/p>\n","protected":false},"excerpt":{"rendered":"<p>FabricAir es la historia de c\u00f3mo una peque\u00f1a empresa, con sede en Dinamarca, crece hasta convertirse en l\u00edder mundial en la innovaci\u00f3n HVAC\/R, con clientes en todo el mundo y oficinas de ventas o distribuidores en las principales regiones. &#8220;Desde 1973, hemos hecho historia perfeccionado nuestra tecnolog\u00eda con dos ideas en mente: mejorarla y simplificarla. [&hellip;]<\/p>\n","protected":false},"author":1,"featured_media":2486,"parent":1220,"menu_order":73,"comment_status":"closed","ping_status":"closed","template":"","meta":{"_acf_changed":false,"inline_featured_image":false,"footnotes":""},"class_list":["post-2485","page","type-page","status-publish","has-post-thumbnail","hentry"],"acf":[],"yoast_head":"<!-- This site is optimized with the Yoast SEO plugin v27.3 - https:\/\/yoast.com\/product\/yoast-seo-wordpress\/ -->\n<title>Historia | Mexico FabricAir<\/title>\n<meta name=\"description\" content=\"Conoce la historia de FabricAir: De una peque\u00f1a empresa en Dinamarca a l\u00edder mundial en la innovaci\u00f3n de soluciones HVAC textiles.\" \/>\n<meta name=\"robots\" content=\"index, follow, max-snippet:-1, max-image-preview:large, max-video-preview:-1\" \/>\n<link rel=\"canonical\" href=\"https:\/\/www.fabricair.com\/mx\/wp-json\/wp\/v2\/pages\/2485\/\" \/>\n<meta property=\"og:locale\" content=\"en_US\" \/>\n<meta property=\"og:type\" content=\"article\" \/>\n<meta property=\"og:title\" content=\"Historia - Mexico FabricAir\" \/>\n<meta property=\"og:description\" content=\"Conoce la historia de FabricAir: De una peque\u00f1a empresa en Dinamarca a l\u00edder mundial en la innovaci\u00f3n de soluciones HVAC textiles.\" \/>\n<meta property=\"og:url\" content=\"https:\/\/www.fabricair.com\/es\/acerca-de\/historia\/\" \/>\n<meta property=\"og:site_name\" content=\"Mexico FabricAir\" \/>\n<meta property=\"article:modified_time\" content=\"2025-09-26T09:12:40+00:00\" \/>\n<meta property=\"og:image\" content=\"https:\/\/www.fabricair.com\/mx\/wp-content\/uploads\/sites\/31\/2022\/03\/000017.jpg\" \/>\n\t<meta property=\"og:image:width\" content=\"1505\" \/>\n\t<meta property=\"og:image:height\" content=\"1484\" \/>\n\t<meta property=\"og:image:type\" content=\"image\/jpeg\" \/>\n<meta name=\"twitter:card\" content=\"summary_large_image\" \/>\n<meta name=\"twitter:label1\" content=\"Est. reading time\" \/>\n\t<meta name=\"twitter:data1\" content=\"2 minutes\" \/>\n<script type=\"application\/ld+json\" class=\"yoast-schema-graph\">{\"@context\":\"https:\\\/\\\/schema.org\",\"@graph\":[{\"@type\":\"WebPage\",\"@id\":\"https:\\\/\\\/www.fabricair.com\\\/mx\\\/acerca-de\\\/historia\\\/\",\"url\":\"https:\\\/\\\/www.fabricair.com\\\/es\\\/acerca-de\\\/historia\\\/\",\"name\":\"Historia - Mexico FabricAir\",\"isPartOf\":{\"@id\":\"https:\\\/\\\/www.fabricair.com\\\/mx\\\/#website\"},\"primaryImageOfPage\":{\"@id\":\"https:\\\/\\\/www.fabricair.com\\\/es\\\/acerca-de\\\/historia\\\/#primaryimage\"},\"image\":{\"@id\":\"https:\\\/\\\/www.fabricair.com\\\/es\\\/acerca-de\\\/historia\\\/#primaryimage\"},\"thumbnailUrl\":\"https:\\\/\\\/www.fabricair.com\\\/mx\\\/wp-content\\\/uploads\\\/sites\\\/31\\\/2022\\\/03\\\/000017.jpg\",\"datePublished\":\"2022-03-28T14:38:00+00:00\",\"dateModified\":\"2025-09-26T09:12:40+00:00\",\"description\":\"Conoce la historia de FabricAir: De una peque\u00f1a empresa en Dinamarca a l\u00edder mundial en la innovaci\u00f3n de soluciones HVAC textiles.\",\"breadcrumb\":{\"@id\":\"https:\\\/\\\/www.fabricair.com\\\/es\\\/acerca-de\\\/historia\\\/#breadcrumb\"},\"inLanguage\":\"en-US\",\"potentialAction\":[{\"@type\":\"ReadAction\",\"target\":[\"https:\\\/\\\/www.fabricair.com\\\/es\\\/acerca-de\\\/historia\\\/\"]}]},{\"@type\":\"ImageObject\",\"inLanguage\":\"en-US\",\"@id\":\"https:\\\/\\\/www.fabricair.com\\\/es\\\/acerca-de\\\/historia\\\/#primaryimage\",\"url\":\"https:\\\/\\\/www.fabricair.com\\\/mx\\\/wp-content\\\/uploads\\\/sites\\\/31\\\/2022\\\/03\\\/000017.jpg\",\"contentUrl\":\"https:\\\/\\\/www.fabricair.com\\\/mx\\\/wp-content\\\/uploads\\\/sites\\\/31\\\/2022\\\/03\\\/000017.jpg\",\"width\":1505,\"height\":1484,\"caption\":\"Historia\"},{\"@type\":\"BreadcrumbList\",\"@id\":\"https:\\\/\\\/www.fabricair.com\\\/es\\\/acerca-de\\\/historia\\\/#breadcrumb\",\"itemListElement\":[{\"@type\":\"ListItem\",\"position\":1,\"name\":\"Home\",\"item\":\"https:\\\/\\\/www.fabricair.com\\\/mx\\\/\"},{\"@type\":\"ListItem\",\"position\":2,\"name\":\"Acerca de\",\"item\":\"https:\\\/\\\/www.fabricair.com\\\/mx\\\/acerca-de\\\/\"},{\"@type\":\"ListItem\",\"position\":3,\"name\":\"Historia\"}]},{\"@type\":\"WebSite\",\"@id\":\"https:\\\/\\\/www.fabricair.com\\\/mx\\\/#website\",\"url\":\"https:\\\/\\\/www.fabricair.com\\\/mx\\\/\",\"name\":\"Mexico FabricAir\",\"description\":\"\",\"potentialAction\":[{\"@type\":\"SearchAction\",\"target\":{\"@type\":\"EntryPoint\",\"urlTemplate\":\"https:\\\/\\\/www.fabricair.com\\\/mx\\\/?s={search_term_string}\"},\"query-input\":{\"@type\":\"PropertyValueSpecification\",\"valueRequired\":true,\"valueName\":\"search_term_string\"}}],\"inLanguage\":\"en-US\"}]}<\/script>\n<!-- \/ Yoast SEO plugin. -->","yoast_head_json":{"title":"Historia | Mexico FabricAir","description":"Conoce la historia de FabricAir: De una peque\u00f1a empresa en Dinamarca a l\u00edder mundial en la innovaci\u00f3n de soluciones HVAC textiles.","robots":{"index":"index","follow":"follow","max-snippet":"max-snippet:-1","max-image-preview":"max-image-preview:large","max-video-preview":"max-video-preview:-1"},"canonical":"https:\/\/www.fabricair.com\/mx\/wp-json\/wp\/v2\/pages\/2485\/","og_locale":"en_US","og_type":"article","og_title":"Historia - Mexico FabricAir","og_description":"Conoce la historia de FabricAir: De una peque\u00f1a empresa en Dinamarca a l\u00edder mundial en la innovaci\u00f3n de soluciones HVAC textiles.","og_url":"https:\/\/www.fabricair.com\/es\/acerca-de\/historia\/","og_site_name":"Mexico FabricAir","article_modified_time":"2025-09-26T09:12:40+00:00","og_image":[{"width":1505,"height":1484,"url":"https:\/\/www.fabricair.com\/mx\/wp-content\/uploads\/sites\/31\/2022\/03\/000017.jpg","type":"image\/jpeg"}],"twitter_card":"summary_large_image","twitter_misc":{"Est. reading time":"2 minutes"},"schema":{"@context":"https:\/\/schema.org","@graph":[{"@type":"WebPage","@id":"https:\/\/www.fabricair.com\/mx\/acerca-de\/historia\/","url":"https:\/\/www.fabricair.com\/es\/acerca-de\/historia\/","name":"Historia - Mexico FabricAir","isPartOf":{"@id":"https:\/\/www.fabricair.com\/mx\/#website"},"primaryImageOfPage":{"@id":"https:\/\/www.fabricair.com\/es\/acerca-de\/historia\/#primaryimage"},"image":{"@id":"https:\/\/www.fabricair.com\/es\/acerca-de\/historia\/#primaryimage"},"thumbnailUrl":"https:\/\/www.fabricair.com\/mx\/wp-content\/uploads\/sites\/31\/2022\/03\/000017.jpg","datePublished":"2022-03-28T14:38:00+00:00","dateModified":"2025-09-26T09:12:40+00:00","description":"Conoce la historia de FabricAir: De una peque\u00f1a empresa en Dinamarca a l\u00edder mundial en la innovaci\u00f3n de soluciones HVAC textiles.","breadcrumb":{"@id":"https:\/\/www.fabricair.com\/es\/acerca-de\/historia\/#breadcrumb"},"inLanguage":"en-US","potentialAction":[{"@type":"ReadAction","target":["https:\/\/www.fabricair.com\/es\/acerca-de\/historia\/"]}]},{"@type":"ImageObject","inLanguage":"en-US","@id":"https:\/\/www.fabricair.com\/es\/acerca-de\/historia\/#primaryimage","url":"https:\/\/www.fabricair.com\/mx\/wp-content\/uploads\/sites\/31\/2022\/03\/000017.jpg","contentUrl":"https:\/\/www.fabricair.com\/mx\/wp-content\/uploads\/sites\/31\/2022\/03\/000017.jpg","width":1505,"height":1484,"caption":"Historia"},{"@type":"BreadcrumbList","@id":"https:\/\/www.fabricair.com\/es\/acerca-de\/historia\/#breadcrumb","itemListElement":[{"@type":"ListItem","position":1,"name":"Home","item":"https:\/\/www.fabricair.com\/mx\/"},{"@type":"ListItem","position":2,"name":"Acerca de","item":"https:\/\/www.fabricair.com\/mx\/acerca-de\/"},{"@type":"ListItem","position":3,"name":"Historia"}]},{"@type":"WebSite","@id":"https:\/\/www.fabricair.com\/mx\/#website","url":"https:\/\/www.fabricair.com\/mx\/","name":"Mexico FabricAir","description":"","potentialAction":[{"@type":"SearchAction","target":{"@type":"EntryPoint","urlTemplate":"https:\/\/www.fabricair.com\/mx\/?s={search_term_string}"},"query-input":{"@type":"PropertyValueSpecification","valueRequired":true,"valueName":"search_term_string"}}],"inLanguage":"en-US"}]}},"_links":{"self":[{"href":"https:\/\/www.fabricair.com\/mx\/wp-json\/wp\/v2\/pages\/2485","targetHints":{"allow":["GET"]}}],"collection":[{"href":"https:\/\/www.fabricair.com\/mx\/wp-json\/wp\/v2\/pages"}],"about":[{"href":"https:\/\/www.fabricair.com\/mx\/wp-json\/wp\/v2\/types\/page"}],"author":[{"embeddable":true,"href":"https:\/\/www.fabricair.com\/mx\/wp-json\/wp\/v2\/users\/1"}],"replies":[{"embeddable":true,"href":"https:\/\/www.fabricair.com\/mx\/wp-json\/wp\/v2\/comments?post=2485"}],"version-history":[{"count":42,"href":"https:\/\/www.fabricair.com\/mx\/wp-json\/wp\/v2\/pages\/2485\/revisions"}],"predecessor-version":[{"id":7691,"href":"https:\/\/www.fabricair.com\/mx\/wp-json\/wp\/v2\/pages\/2485\/revisions\/7691"}],"up":[{"embeddable":true,"href":"https:\/\/www.fabricair.com\/mx\/wp-json\/wp\/v2\/pages\/1220"}],"wp:featuredmedia":[{"embeddable":true,"href":"https:\/\/www.fabricair.com\/mx\/wp-json\/wp\/v2\/media\/2486"}],"wp:attachment":[{"href":"https:\/\/www.fabricair.com\/mx\/wp-json\/wp\/v2\/media?parent=2485"}],"curies":[{"name":"wp","href":"https:\/\/api.w.org\/{rel}","templated":true}]}}