{"id":2524,"date":"2022-03-28T16:48:26","date_gmt":"2022-03-28T16:48:26","guid":{"rendered":"https:\/\/fabricair.com\/mx\/?page_id=2524"},"modified":"2025-09-26T03:13:05","modified_gmt":"2025-09-26T09:13:05","slug":"innovaciones","status":"publish","type":"page","link":"https:\/\/www.fabricair.com\/mx\/acerca-de\/innovaciones\/","title":{"rendered":"Innovaciones"},"content":{"rendered":"<p>Gracias a las innovaciones FabricAir continuamos construyendo sobre nuestra historia de casi 50 a\u00f1os de innovaci\u00f3n en la industria HVAC a medida que ofrecemos productos y soluciones personalizados. Nuestra historia y experiencia nos posicionan como l\u00edderes de la industria hoy y ma\u00f1ana.<\/p>\n<p>Nos enfocamos en las personas, ya que centramos nuestros productos y servicios en mejorar sus vidas. Creamos tecnolog\u00edas innovadoras de distribuci\u00f3n y difusi\u00f3n de aire basadas en textiles que ayudan a brindar una calidad de aire ideal en edificios nuevos o mejorar los entornos existentes donde las personas trabajan, viven y juegan. En un mundo en constante desarrollo, exploramos oportunidades para cambiar la mentalidad existente demostrando las ventajas de las innovaciones en HVAC.<\/p>\n<p>FabricAir es el pionero de las soluciones textiles en la industria HVAC. Si bien la necesidad de soluciones innovadoras y alternativas para la difusi\u00f3n de aire surgi\u00f3 en un principio para las instalaciones de procesamiento de alimentos en 1973, no se detuvo all\u00ed. Desde el principio, nuestros fundadores y excepcionales ingenieros ampliaron sus l\u00edmites al producir soluciones personalizadas para diversas aplicaciones. Hoy en d\u00eda, las innovaciones textiles se instalan en pr\u00e1cticamente cualquier aplicaci\u00f3n, desde escuelas y edificios de oficinas hasta grandes almacenes industriales e instalaciones de fabricaci\u00f3n. Todos los d\u00edas, superamos los l\u00edmites para encontrar nuevos enfoques innovadores para la difusi\u00f3n de aire y formas de resolver problemas desafiantes.<\/p>\n","protected":false},"excerpt":{"rendered":"<p>Gracias a las innovaciones FabricAir continuamos construyendo sobre nuestra historia de casi 50 a\u00f1os de innovaci\u00f3n en la industria HVAC a medida que ofrecemos productos y soluciones personalizados. Nuestra historia y experiencia nos posicionan como l\u00edderes de la industria hoy y ma\u00f1ana. Nos enfocamos en las personas, ya que centramos nuestros productos y servicios en [&hellip;]<\/p>\n","protected":false},"author":1,"featured_media":2557,"parent":1220,"menu_order":72,"comment_status":"closed","ping_status":"closed","template":"","meta":{"_acf_changed":false,"inline_featured_image":false,"footnotes":""},"class_list":["post-2524","page","type-page","status-publish","has-post-thumbnail","hentry"],"acf":[],"yoast_head":"<!-- This site is optimized with the Yoast SEO plugin v27.3 - https:\/\/yoast.com\/product\/yoast-seo-wordpress\/ -->\n<title>Innovaciones | Mexico FabricAir<\/title>\n<meta name=\"description\" content=\"Continuamos liderando el sector HVAC. Gracias a nuestras innovaciones, nos basamos en casi 50 a\u00f1os de historia en difusi\u00f3n de aire textil.\" \/>\n<meta name=\"robots\" content=\"index, follow, max-snippet:-1, max-image-preview:large, max-video-preview:-1\" \/>\n<link rel=\"canonical\" href=\"https:\/\/www.fabricair.com\/mx\/wp-json\/wp\/v2\/pages\/2524\/\" \/>\n<meta property=\"og:locale\" content=\"en_US\" \/>\n<meta property=\"og:type\" content=\"article\" \/>\n<meta property=\"og:title\" content=\"Innovaciones - Mexico FabricAir\" \/>\n<meta property=\"og:description\" content=\"Continuamos liderando el sector HVAC. Gracias a nuestras innovaciones, nos basamos en casi 50 a\u00f1os de historia en difusi\u00f3n de aire textil.\" \/>\n<meta property=\"og:url\" content=\"https:\/\/www.fabricair.com\/es\/acerca-de\/innovaciones\/\" \/>\n<meta property=\"og:site_name\" content=\"Mexico FabricAir\" \/>\n<meta property=\"article:modified_time\" content=\"2025-09-26T09:13:05+00:00\" \/>\n<meta property=\"og:image\" content=\"https:\/\/www.fabricair.com\/mx\/wp-content\/uploads\/sites\/31\/2022\/03\/danfoss-001.jpg\" \/>\n\t<meta property=\"og:image:width\" content=\"1000\" \/>\n\t<meta property=\"og:image:height\" content=\"667\" \/>\n\t<meta property=\"og:image:type\" content=\"image\/jpeg\" \/>\n<meta name=\"twitter:card\" content=\"summary_large_image\" \/>\n<meta name=\"twitter:label1\" content=\"Est. reading time\" \/>\n\t<meta name=\"twitter:data1\" content=\"2 minutes\" \/>\n<script type=\"application\/ld+json\" class=\"yoast-schema-graph\">{\"@context\":\"https:\\\/\\\/schema.org\",\"@graph\":[{\"@type\":\"WebPage\",\"@id\":\"https:\\\/\\\/www.fabricair.com\\\/mx\\\/acerca-de\\\/innovaciones\\\/\",\"url\":\"https:\\\/\\\/www.fabricair.com\\\/es\\\/acerca-de\\\/innovaciones\\\/\",\"name\":\"Innovaciones - Mexico FabricAir\",\"isPartOf\":{\"@id\":\"https:\\\/\\\/www.fabricair.com\\\/mx\\\/#website\"},\"primaryImageOfPage\":{\"@id\":\"https:\\\/\\\/www.fabricair.com\\\/es\\\/acerca-de\\\/innovaciones\\\/#primaryimage\"},\"image\":{\"@id\":\"https:\\\/\\\/www.fabricair.com\\\/es\\\/acerca-de\\\/innovaciones\\\/#primaryimage\"},\"thumbnailUrl\":\"https:\\\/\\\/www.fabricair.com\\\/mx\\\/wp-content\\\/uploads\\\/sites\\\/31\\\/2022\\\/03\\\/danfoss-001.jpg\",\"datePublished\":\"2022-03-28T16:48:26+00:00\",\"dateModified\":\"2025-09-26T09:13:05+00:00\",\"description\":\"Continuamos liderando el sector HVAC. Gracias a nuestras innovaciones, nos basamos en casi 50 a\u00f1os de historia en difusi\u00f3n de aire textil.\",\"breadcrumb\":{\"@id\":\"https:\\\/\\\/www.fabricair.com\\\/es\\\/acerca-de\\\/innovaciones\\\/#breadcrumb\"},\"inLanguage\":\"en-US\",\"potentialAction\":[{\"@type\":\"ReadAction\",\"target\":[\"https:\\\/\\\/www.fabricair.com\\\/es\\\/acerca-de\\\/innovaciones\\\/\"]}]},{\"@type\":\"ImageObject\",\"inLanguage\":\"en-US\",\"@id\":\"https:\\\/\\\/www.fabricair.com\\\/es\\\/acerca-de\\\/innovaciones\\\/#primaryimage\",\"url\":\"https:\\\/\\\/www.fabricair.com\\\/mx\\\/wp-content\\\/uploads\\\/sites\\\/31\\\/2022\\\/03\\\/danfoss-001.jpg\",\"contentUrl\":\"https:\\\/\\\/www.fabricair.com\\\/mx\\\/wp-content\\\/uploads\\\/sites\\\/31\\\/2022\\\/03\\\/danfoss-001.jpg\",\"width\":1000,\"height\":667,\"caption\":\"https:\\\/\\\/www.fabricair.com\\\/en\\\/case_study\\\/danfoss-nordborg-denmark\"},{\"@type\":\"BreadcrumbList\",\"@id\":\"https:\\\/\\\/www.fabricair.com\\\/es\\\/acerca-de\\\/innovaciones\\\/#breadcrumb\",\"itemListElement\":[{\"@type\":\"ListItem\",\"position\":1,\"name\":\"Home\",\"item\":\"https:\\\/\\\/www.fabricair.com\\\/mx\\\/\"},{\"@type\":\"ListItem\",\"position\":2,\"name\":\"Acerca de\",\"item\":\"https:\\\/\\\/www.fabricair.com\\\/mx\\\/acerca-de\\\/\"},{\"@type\":\"ListItem\",\"position\":3,\"name\":\"Innovaciones\"}]},{\"@type\":\"WebSite\",\"@id\":\"https:\\\/\\\/www.fabricair.com\\\/mx\\\/#website\",\"url\":\"https:\\\/\\\/www.fabricair.com\\\/mx\\\/\",\"name\":\"Mexico FabricAir\",\"description\":\"\",\"potentialAction\":[{\"@type\":\"SearchAction\",\"target\":{\"@type\":\"EntryPoint\",\"urlTemplate\":\"https:\\\/\\\/www.fabricair.com\\\/mx\\\/?s={search_term_string}\"},\"query-input\":{\"@type\":\"PropertyValueSpecification\",\"valueRequired\":true,\"valueName\":\"search_term_string\"}}],\"inLanguage\":\"en-US\"}]}<\/script>\n<!-- \/ Yoast SEO plugin. -->","yoast_head_json":{"title":"Innovaciones | Mexico FabricAir","description":"Continuamos liderando el sector HVAC. Gracias a nuestras innovaciones, nos basamos en casi 50 a\u00f1os de historia en difusi\u00f3n de aire textil.","robots":{"index":"index","follow":"follow","max-snippet":"max-snippet:-1","max-image-preview":"max-image-preview:large","max-video-preview":"max-video-preview:-1"},"canonical":"https:\/\/www.fabricair.com\/mx\/wp-json\/wp\/v2\/pages\/2524\/","og_locale":"en_US","og_type":"article","og_title":"Innovaciones - Mexico FabricAir","og_description":"Continuamos liderando el sector HVAC. Gracias a nuestras innovaciones, nos basamos en casi 50 a\u00f1os de historia en difusi\u00f3n de aire textil.","og_url":"https:\/\/www.fabricair.com\/es\/acerca-de\/innovaciones\/","og_site_name":"Mexico FabricAir","article_modified_time":"2025-09-26T09:13:05+00:00","og_image":[{"width":1000,"height":667,"url":"https:\/\/www.fabricair.com\/mx\/wp-content\/uploads\/sites\/31\/2022\/03\/danfoss-001.jpg","type":"image\/jpeg"}],"twitter_card":"summary_large_image","twitter_misc":{"Est. reading time":"2 minutes"},"schema":{"@context":"https:\/\/schema.org","@graph":[{"@type":"WebPage","@id":"https:\/\/www.fabricair.com\/mx\/acerca-de\/innovaciones\/","url":"https:\/\/www.fabricair.com\/es\/acerca-de\/innovaciones\/","name":"Innovaciones - Mexico FabricAir","isPartOf":{"@id":"https:\/\/www.fabricair.com\/mx\/#website"},"primaryImageOfPage":{"@id":"https:\/\/www.fabricair.com\/es\/acerca-de\/innovaciones\/#primaryimage"},"image":{"@id":"https:\/\/www.fabricair.com\/es\/acerca-de\/innovaciones\/#primaryimage"},"thumbnailUrl":"https:\/\/www.fabricair.com\/mx\/wp-content\/uploads\/sites\/31\/2022\/03\/danfoss-001.jpg","datePublished":"2022-03-28T16:48:26+00:00","dateModified":"2025-09-26T09:13:05+00:00","description":"Continuamos liderando el sector HVAC. Gracias a nuestras innovaciones, nos basamos en casi 50 a\u00f1os de historia en difusi\u00f3n de aire textil.","breadcrumb":{"@id":"https:\/\/www.fabricair.com\/es\/acerca-de\/innovaciones\/#breadcrumb"},"inLanguage":"en-US","potentialAction":[{"@type":"ReadAction","target":["https:\/\/www.fabricair.com\/es\/acerca-de\/innovaciones\/"]}]},{"@type":"ImageObject","inLanguage":"en-US","@id":"https:\/\/www.fabricair.com\/es\/acerca-de\/innovaciones\/#primaryimage","url":"https:\/\/www.fabricair.com\/mx\/wp-content\/uploads\/sites\/31\/2022\/03\/danfoss-001.jpg","contentUrl":"https:\/\/www.fabricair.com\/mx\/wp-content\/uploads\/sites\/31\/2022\/03\/danfoss-001.jpg","width":1000,"height":667,"caption":"https:\/\/www.fabricair.com\/en\/case_study\/danfoss-nordborg-denmark"},{"@type":"BreadcrumbList","@id":"https:\/\/www.fabricair.com\/es\/acerca-de\/innovaciones\/#breadcrumb","itemListElement":[{"@type":"ListItem","position":1,"name":"Home","item":"https:\/\/www.fabricair.com\/mx\/"},{"@type":"ListItem","position":2,"name":"Acerca de","item":"https:\/\/www.fabricair.com\/mx\/acerca-de\/"},{"@type":"ListItem","position":3,"name":"Innovaciones"}]},{"@type":"WebSite","@id":"https:\/\/www.fabricair.com\/mx\/#website","url":"https:\/\/www.fabricair.com\/mx\/","name":"Mexico FabricAir","description":"","potentialAction":[{"@type":"SearchAction","target":{"@type":"EntryPoint","urlTemplate":"https:\/\/www.fabricair.com\/mx\/?s={search_term_string}"},"query-input":{"@type":"PropertyValueSpecification","valueRequired":true,"valueName":"search_term_string"}}],"inLanguage":"en-US"}]}},"_links":{"self":[{"href":"https:\/\/www.fabricair.com\/mx\/wp-json\/wp\/v2\/pages\/2524","targetHints":{"allow":["GET"]}}],"collection":[{"href":"https:\/\/www.fabricair.com\/mx\/wp-json\/wp\/v2\/pages"}],"about":[{"href":"https:\/\/www.fabricair.com\/mx\/wp-json\/wp\/v2\/types\/page"}],"author":[{"embeddable":true,"href":"https:\/\/www.fabricair.com\/mx\/wp-json\/wp\/v2\/users\/1"}],"replies":[{"embeddable":true,"href":"https:\/\/www.fabricair.com\/mx\/wp-json\/wp\/v2\/comments?post=2524"}],"version-history":[{"count":22,"href":"https:\/\/www.fabricair.com\/mx\/wp-json\/wp\/v2\/pages\/2524\/revisions"}],"predecessor-version":[{"id":7417,"href":"https:\/\/www.fabricair.com\/mx\/wp-json\/wp\/v2\/pages\/2524\/revisions\/7417"}],"up":[{"embeddable":true,"href":"https:\/\/www.fabricair.com\/mx\/wp-json\/wp\/v2\/pages\/1220"}],"wp:featuredmedia":[{"embeddable":true,"href":"https:\/\/www.fabricair.com\/mx\/wp-json\/wp\/v2\/media\/2557"}],"wp:attachment":[{"href":"https:\/\/www.fabricair.com\/mx\/wp-json\/wp\/v2\/media?parent=2524"}],"curies":[{"name":"wp","href":"https:\/\/api.w.org\/{rel}","templated":true}]}}