{"id":6812,"date":"2022-04-29T11:48:34","date_gmt":"2022-04-29T11:48:34","guid":{"rendered":"https:\/\/fabricair.com\/mx\/?page_id=6812"},"modified":"2024-01-05T06:40:08","modified_gmt":"2024-01-05T06:40:08","slug":"politica-de-privacidad","status":"publish","type":"page","link":"https:\/\/www.fabricair.com\/mx\/politica-de-privacidad\/","title":{"rendered":"Pol\u00edtica de Privacidad"},"content":{"rendered":"<h4>Queremos que se sienta c\u00f3modo con nuestra pol\u00edtica de privacidad y las medidas de seguridad que tomamos para proteger su informaci\u00f3n personal.<\/h4>\n<h4>Pol\u00edtica de Protecci\u00f3n de Datos<\/h4>\n<p>FabricAir reconoce la importancia de proteger cualquier informaci\u00f3n personal que podamos recibir de quienes se relacionan con nuestra empresa, productos y servicios. Para cumplir con la ley del Reglamento General de Protecci\u00f3n de Datos (GDPR), hemos tomado medidas para profundizar en nuestro compromiso con la privacidad de los datos para garantizar que mantenemos una seguridad<\/p>\n<p>Para obtener m\u00e1s informaci\u00f3n sobre c\u00f3mo recopilamos y utilizamos los datos, consulte nuestra Pol\u00edtica de Privacidad a continuaci\u00f3n.<\/p>\n<h4>Pol\u00edtica de Privacidad<\/h4>\n<p>FabricAir respeta su privacidad. Queremos que se sienta c\u00f3modo con nuestra pol\u00edtica de privacidad y las medidas de seguridad que tomamos para proteger su informaci\u00f3n personal.<\/p>\n<p>Si usted proporciona informaci\u00f3n personal a FabricAir, la trataremos de acuerdo con esta pol\u00edtica, por lo que le animamos a que la lea.<\/p>\n<p>Somos conscientes de nuestra responsabilidad ante la sociedad en general y ante nuestros clientes individuales y visitantes del sitio web. Respetamos la privacidad de los datos personales y las preocupaciones que los individuos puedan tener sobre el uso de sus datos. En los casos en los que recogemos y utilizamos datos personales (nombre, direcci\u00f3n, informaci\u00f3n de contacto), aplicamos las mejores pr\u00e1cticas, como el doble opt-in, etc.<\/p>\n<h4>Recogida de datos \u2013 cu\u00e1ndo, d\u00f3nde, qu\u00e9 y por qu\u00e9:<\/h4>\n<p><em>Sitio Web<\/em><\/p>\n<p>Al utilizar el sitio web de FabricAir, usted da su consentimiento para que FabricAir recopile y utilice su informaci\u00f3n seg\u00fan lo establecido en esta pol\u00edtica.<\/p>\n<p>Utilizamos cookies en nuestro sitio web. Podemos recopilar informaci\u00f3n de identificaci\u00f3n personal, como el nombre, el cargo, la empresa, la direcci\u00f3n, la direcci\u00f3n de correo electr\u00f3nico, los n\u00fameros de tel\u00e9fono, etc. cuando un visitante se registra o entrega dicha informaci\u00f3n en el sitio web, por ejemplo, al suscribirse a nuestros boletines de noticias o al solicitar m\u00e1s informaci\u00f3n sobre nuevos productos. FabricAir no requiere esta informaci\u00f3n para obtener acceso a cualquier parte del sitio web que est\u00e9 abierta al p\u00fablico.<\/p>\n<p>No compartimos los datos de las cookies, ni el comportamiento de los usuarios, con ning\u00fan tercero, excepto con Google Analytics (v\u00e9ase m\u00e1s abajo). Tampoco permitimos el uso de cookies de terceros (cookies que son creadas, gestionadas y analizadas por una entidad independiente, que posiblemente presta alg\u00fan servicio a la organizaci\u00f3n que aloja el sitio web) en nuestro sitio web.<\/p>\n<p><em>Google Analytics<\/em><br \/>\nWhen you visit www.fabricair.com we use a third-party service, Google Analytics collects standard internet log information and details about behavior patterns. We do this to get insights that will help us improve the visitor experience, e.g. the number of visitors to the various parts of the site tells us which topics our audiences might want to know more about. This information is only processed in a way which does not identify anyone. We do not make, and do not allow Google to make, any attempt to find out the identities of those visiting our website.<\/p>\n<p><em>Redes Sociales<\/em><br \/>\nUtilizamos los canales est\u00e1ndar de las redes sociales, incluidos LinkedIn, Facebook, Twitter, Vimeo, YouTube, Xing y WeChat. Estos medios tienen sus propias pol\u00edticas de protecci\u00f3n de datos, que le recomendamos que lea. Estos medios pueden tener herramientas anal\u00edticas incorporadas, que utilizamos para mejorar la experiencia de los visitantes.<\/p>\n<p><em>Boletines de noticias<\/em><\/p>\n<p>Utilizamos la plataforma de automatizaci\u00f3n de marketing Force24 para enviar nuestros boletines a todo el mundo. Force24 cuenta con su propia pol\u00edtica de privacidad que le recomendamos leer: <a href=\"https:\/\/force24.com\/privacy\">Force24 Ltd Privacy policy<\/a>. A trav\u00e9s de la plataforma Force24, recopilamos estad\u00edsticas sobre la apertura y los clics de los correos electr\u00f3nicos utilizando tecnolog\u00edas est\u00e1ndar del sector que nos ayudan a supervisar y mejorar el contenido de nuestros boletines. Por favor, lea la informaci\u00f3n detallada sobre cookies&amp;tracking de Force24.<\/p>\n<p>Las listas de suscripci\u00f3n a los boletines contienen informaci\u00f3n personal identificable, como el nombre, el cargo, el nombre de la empresa, la direcci\u00f3n de la empresa, la direcci\u00f3n de correo electr\u00f3nico, los n\u00fameros de tel\u00e9fono y el punto de contacto. Puede darse de baja utilizando el enlace que aparece en el pie de p\u00e1gina de cualquiera de nuestros boletines.<br \/>\nNo alquilamos ni intercambiamos listas de correo electr\u00f3nico con otras organizaciones y empresas.<\/p>\n<p><em>Recursos humanos y procedimientos de solicitud<\/em><\/p>\n<p>En relaci\u00f3n con las ofertas de empleo, solicitamos solicitudes y curr\u00edculos a los posibles candidatos. \u00c9stos contendr\u00e1n todos los datos que el solicitante decida proporcionar. En la medida en que el solicitante siga nuestro procedimiento de solicitud enviando la solicitud y el curr\u00edculum por correo electr\u00f3nico, claramente marcado con un n\u00famero de trabajo \u00fanico, a nuestra direcci\u00f3n de correo electr\u00f3nico espec\u00edfica para el trabajo, s\u00f3lo podr\u00e1n acceder a la solicitud el Director de Contrataci\u00f3n, el personal de RRHH pertinente y nuestro Director General, de forma confidencial.<\/p>\n<p>Conservamos las solicitudes y los curr\u00edculos hasta 6 meses despu\u00e9s de que se cubra la vacante, momento en el que se elimina el buz\u00f3n de trabajo, incluidos todos los correos electr\u00f3nicos y los archivos adjuntos.<\/p>\n<p><em>Informaci\u00f3n comercial profesional<\/em><\/p>\n<p>En el desarrollo de nuestra actividad diaria, podemos recibir datos de contacto personales de contactos comerciales potenciales y existentes y de partes interesadas, por ejemplo, mediante el intercambio de tarjetas de visita. Esta informaci\u00f3n se almacena en nuestros sistemas CRM y ERP.<\/p>\n<p>Es posible que terceros autorizados necesiten acceder a algunos de sus datos personales. Por ejemplo, si FabricAir necesita enviarle un producto, tenemos que compartir su nombre y direcci\u00f3n con una empresa de transporte.<\/p>\n<p>No damos permiso para que dichos terceros utilicen su informaci\u00f3n personal. FabricAir no comparte su informaci\u00f3n personal con terceros a menos que usted nos d\u00e9 permiso para hacerlo. No alquilamos ni intercambiamos listas de contactos con otras organizaciones y empresas.<\/p>\n<p>Si ha aceptado recibir comunicaciones de marketing, los datos de contacto tambi\u00e9n se utilizar\u00e1n para ponerse en contacto con usted con este fin. Consulte nuestras Condiciones de venta y entrega.<\/p>\n<h4>Gesti\u00f3n de Cookies<\/h4>\n<p>FabricAir y sus proveedores externos establecen y utilizan cookies y tecnolog\u00edas similares para almacenar y gestionar las preferencias del usuario, ofrecer publicidad dirigida, habilitar contenidos y recopilar datos anal\u00edticos y de uso, por ejemplo, el uso de cookies y otras tecnolog\u00edas de seguimiento es est\u00e1ndar en todos los sitios web y aplicaciones a trav\u00e9s de los cuales se recopila informaci\u00f3n sobre sus actividades en l\u00ednea a trav\u00e9s de aplicaciones, sitios web u otros servicios.<\/p>\n<p>Usted puede gestionar las cookies del sitio web en la configuraci\u00f3n de su navegador, y siempre tiene la opci\u00f3n de cambiar esta configuraci\u00f3n aceptando, rechazando o eliminando las cookies.<\/p>\n<p>Si opta por cambiar la configuraci\u00f3n, es posible que algunas funciones y caracter\u00edsticas no funcionen como es debido.<\/p>\n<p>La configuraci\u00f3n de todos los navegadores es ligeramente diferente, por lo que, para gestionar las cookies, deber\u00e1 consultar la configuraci\u00f3n pertinente de su navegador.<\/p>\n<h4>Acceso y actualizaci\u00f3n de la informaci\u00f3n personal de los usuarios registrados<\/h4>\n<p>De acuerdo con el GDPR, usted tiene derecho a ver, modificar o eliminar cualquier informaci\u00f3n personal que podamos tener.<\/p>\n<p>Nos gustar\u00eda que nos ayudara a garantizar que la informaci\u00f3n personal que nos proporciona es correcta y est\u00e1 actualizada. Si ha proporcionado a FabricAir cualquier informaci\u00f3n personal, le animamos a que nos notifique cualquier cambio en su nombre, direcci\u00f3n, empresa, n\u00famero de tel\u00e9fono o correo electr\u00f3nico.<\/p>\n<p>Para ello, p\u00f3ngase en contacto con info@fabricair.com.<\/p>\n<h4>Cambios en esta pol\u00edtica<\/h4>\n<p>Nos reservamos el derecho unilateral de actualizar, modificar, cambiar y alterar nuestra pol\u00edtica de privacidad. Todas estas actualizaciones, modificaciones, cambios y alteraciones son vinculantes para todos los usuarios y navegantes del sitio web de FabricAir y se publicar\u00e1n aqu\u00ed.<\/p>\n<h4>Para los boletines electr\u00f3nicos<\/h4>\n<p>FabricAir trata su informaci\u00f3n con respeto. Puede actualizar su informaci\u00f3n o darse de baja en cualquier momento utilizando el enlace que aparece en el pie de p\u00e1gina de cualquier bolet\u00edn que reciba de nosotros, o poni\u00e9ndose en contacto con nosotros en info@fabricair.com.<\/p>\n","protected":false},"excerpt":{"rendered":"<p>Queremos que se sienta c\u00f3modo con nuestra pol\u00edtica de privacidad y las medidas de seguridad que tomamos para proteger su informaci\u00f3n personal. Pol\u00edtica de Protecci\u00f3n de Datos FabricAir reconoce la importancia de proteger cualquier informaci\u00f3n personal que podamos recibir de quienes se relacionan con nuestra empresa, productos y servicios. Para cumplir con la ley del [&hellip;]<\/p>\n","protected":false},"author":1,"featured_media":6511,"parent":0,"menu_order":7,"comment_status":"closed","ping_status":"closed","template":"","meta":{"_acf_changed":false,"inline_featured_image":false,"footnotes":""},"class_list":["post-6812","page","type-page","status-publish","has-post-thumbnail","hentry"],"acf":[],"yoast_head":"<!-- This site is optimized with the Yoast SEO plugin v27.3 - https:\/\/yoast.com\/product\/yoast-seo-wordpress\/ -->\n<title>Pol\u00edtica de Privacidad | Mexico FabricAir<\/title>\n<meta name=\"description\" content=\"Queremos que se sienta c\u00f3modo con nuestra pol\u00edtica de privacidad y las medidas de seguridad que tomamos para proteger tu informaci\u00f3n.\" \/>\n<meta name=\"robots\" content=\"index, follow, max-snippet:-1, max-image-preview:large, max-video-preview:-1\" \/>\n<link rel=\"canonical\" href=\"https:\/\/www.fabricair.com\/mx\/wp-json\/wp\/v2\/pages\/6812\/\" \/>\n<meta property=\"og:locale\" content=\"en_US\" \/>\n<meta property=\"og:type\" content=\"article\" \/>\n<meta property=\"og:title\" content=\"Pol\u00edtica de Privacidad - Mexico FabricAir\" \/>\n<meta property=\"og:description\" content=\"Queremos que se sienta c\u00f3modo con nuestra pol\u00edtica de privacidad y las medidas de seguridad que tomamos para proteger tu informaci\u00f3n.\" \/>\n<meta property=\"og:url\" content=\"https:\/\/www.fabricair.com\/es\/politica-de-privacidad\/\" \/>\n<meta property=\"og:site_name\" content=\"Mexico FabricAir\" \/>\n<meta property=\"article:modified_time\" content=\"2024-01-05T06:40:08+00:00\" \/>\n<meta property=\"og:image\" content=\"https:\/\/www.fabricair.com\/mx\/wp-content\/uploads\/sites\/31\/2022\/04\/red-dot-map_shutterstock_2.png\" \/>\n\t<meta property=\"og:image:width\" content=\"1440\" \/>\n\t<meta property=\"og:image:height\" content=\"392\" \/>\n\t<meta property=\"og:image:type\" content=\"image\/png\" \/>\n<meta name=\"twitter:card\" content=\"summary_large_image\" \/>\n<meta name=\"twitter:label1\" content=\"Est. reading time\" \/>\n\t<meta name=\"twitter:data1\" content=\"6 minutes\" \/>\n<script type=\"application\/ld+json\" class=\"yoast-schema-graph\">{\"@context\":\"https:\\\/\\\/schema.org\",\"@graph\":[{\"@type\":\"WebPage\",\"@id\":\"https:\\\/\\\/www.fabricair.com\\\/mx\\\/politica-de-privacidad\\\/\",\"url\":\"https:\\\/\\\/www.fabricair.com\\\/es\\\/politica-de-privacidad\\\/\",\"name\":\"Pol\u00edtica de Privacidad - Mexico FabricAir\",\"isPartOf\":{\"@id\":\"https:\\\/\\\/www.fabricair.com\\\/mx\\\/#website\"},\"primaryImageOfPage\":{\"@id\":\"https:\\\/\\\/www.fabricair.com\\\/es\\\/politica-de-privacidad\\\/#primaryimage\"},\"image\":{\"@id\":\"https:\\\/\\\/www.fabricair.com\\\/es\\\/politica-de-privacidad\\\/#primaryimage\"},\"thumbnailUrl\":\"https:\\\/\\\/www.fabricair.com\\\/mx\\\/wp-content\\\/uploads\\\/sites\\\/31\\\/2022\\\/04\\\/red-dot-map_shutterstock_2.png\",\"datePublished\":\"2022-04-29T11:48:34+00:00\",\"dateModified\":\"2024-01-05T06:40:08+00:00\",\"description\":\"Queremos que se sienta c\u00f3modo con nuestra pol\u00edtica de privacidad y las medidas de seguridad que tomamos para proteger tu informaci\u00f3n.\",\"breadcrumb\":{\"@id\":\"https:\\\/\\\/www.fabricair.com\\\/es\\\/politica-de-privacidad\\\/#breadcrumb\"},\"inLanguage\":\"en-US\",\"potentialAction\":[{\"@type\":\"ReadAction\",\"target\":[\"https:\\\/\\\/www.fabricair.com\\\/es\\\/politica-de-privacidad\\\/\"]}]},{\"@type\":\"ImageObject\",\"inLanguage\":\"en-US\",\"@id\":\"https:\\\/\\\/www.fabricair.com\\\/es\\\/politica-de-privacidad\\\/#primaryimage\",\"url\":\"https:\\\/\\\/www.fabricair.com\\\/mx\\\/wp-content\\\/uploads\\\/sites\\\/31\\\/2022\\\/04\\\/red-dot-map_shutterstock_2.png\",\"contentUrl\":\"https:\\\/\\\/www.fabricair.com\\\/mx\\\/wp-content\\\/uploads\\\/sites\\\/31\\\/2022\\\/04\\\/red-dot-map_shutterstock_2.png\",\"width\":1440,\"height\":392,\"caption\":\"Politica de informacion\"},{\"@type\":\"BreadcrumbList\",\"@id\":\"https:\\\/\\\/www.fabricair.com\\\/es\\\/politica-de-privacidad\\\/#breadcrumb\",\"itemListElement\":[{\"@type\":\"ListItem\",\"position\":1,\"name\":\"Home\",\"item\":\"https:\\\/\\\/www.fabricair.com\\\/mx\\\/\"},{\"@type\":\"ListItem\",\"position\":2,\"name\":\"Pol\u00edtica de Privacidad\"}]},{\"@type\":\"WebSite\",\"@id\":\"https:\\\/\\\/www.fabricair.com\\\/mx\\\/#website\",\"url\":\"https:\\\/\\\/www.fabricair.com\\\/mx\\\/\",\"name\":\"Mexico FabricAir\",\"description\":\"\",\"potentialAction\":[{\"@type\":\"SearchAction\",\"target\":{\"@type\":\"EntryPoint\",\"urlTemplate\":\"https:\\\/\\\/www.fabricair.com\\\/mx\\\/?s={search_term_string}\"},\"query-input\":{\"@type\":\"PropertyValueSpecification\",\"valueRequired\":true,\"valueName\":\"search_term_string\"}}],\"inLanguage\":\"en-US\"}]}<\/script>\n<!-- \/ Yoast SEO plugin. -->","yoast_head_json":{"title":"Pol\u00edtica de Privacidad | Mexico FabricAir","description":"Queremos que se sienta c\u00f3modo con nuestra pol\u00edtica de privacidad y las medidas de seguridad que tomamos para proteger tu informaci\u00f3n.","robots":{"index":"index","follow":"follow","max-snippet":"max-snippet:-1","max-image-preview":"max-image-preview:large","max-video-preview":"max-video-preview:-1"},"canonical":"https:\/\/www.fabricair.com\/mx\/wp-json\/wp\/v2\/pages\/6812\/","og_locale":"en_US","og_type":"article","og_title":"Pol\u00edtica de Privacidad - Mexico FabricAir","og_description":"Queremos que se sienta c\u00f3modo con nuestra pol\u00edtica de privacidad y las medidas de seguridad que tomamos para proteger tu informaci\u00f3n.","og_url":"https:\/\/www.fabricair.com\/es\/politica-de-privacidad\/","og_site_name":"Mexico FabricAir","article_modified_time":"2024-01-05T06:40:08+00:00","og_image":[{"width":1440,"height":392,"url":"https:\/\/www.fabricair.com\/mx\/wp-content\/uploads\/sites\/31\/2022\/04\/red-dot-map_shutterstock_2.png","type":"image\/png"}],"twitter_card":"summary_large_image","twitter_misc":{"Est. reading time":"6 minutes"},"schema":{"@context":"https:\/\/schema.org","@graph":[{"@type":"WebPage","@id":"https:\/\/www.fabricair.com\/mx\/politica-de-privacidad\/","url":"https:\/\/www.fabricair.com\/es\/politica-de-privacidad\/","name":"Pol\u00edtica de Privacidad - Mexico FabricAir","isPartOf":{"@id":"https:\/\/www.fabricair.com\/mx\/#website"},"primaryImageOfPage":{"@id":"https:\/\/www.fabricair.com\/es\/politica-de-privacidad\/#primaryimage"},"image":{"@id":"https:\/\/www.fabricair.com\/es\/politica-de-privacidad\/#primaryimage"},"thumbnailUrl":"https:\/\/www.fabricair.com\/mx\/wp-content\/uploads\/sites\/31\/2022\/04\/red-dot-map_shutterstock_2.png","datePublished":"2022-04-29T11:48:34+00:00","dateModified":"2024-01-05T06:40:08+00:00","description":"Queremos que se sienta c\u00f3modo con nuestra pol\u00edtica de privacidad y las medidas de seguridad que tomamos para proteger tu informaci\u00f3n.","breadcrumb":{"@id":"https:\/\/www.fabricair.com\/es\/politica-de-privacidad\/#breadcrumb"},"inLanguage":"en-US","potentialAction":[{"@type":"ReadAction","target":["https:\/\/www.fabricair.com\/es\/politica-de-privacidad\/"]}]},{"@type":"ImageObject","inLanguage":"en-US","@id":"https:\/\/www.fabricair.com\/es\/politica-de-privacidad\/#primaryimage","url":"https:\/\/www.fabricair.com\/mx\/wp-content\/uploads\/sites\/31\/2022\/04\/red-dot-map_shutterstock_2.png","contentUrl":"https:\/\/www.fabricair.com\/mx\/wp-content\/uploads\/sites\/31\/2022\/04\/red-dot-map_shutterstock_2.png","width":1440,"height":392,"caption":"Politica de informacion"},{"@type":"BreadcrumbList","@id":"https:\/\/www.fabricair.com\/es\/politica-de-privacidad\/#breadcrumb","itemListElement":[{"@type":"ListItem","position":1,"name":"Home","item":"https:\/\/www.fabricair.com\/mx\/"},{"@type":"ListItem","position":2,"name":"Pol\u00edtica de Privacidad"}]},{"@type":"WebSite","@id":"https:\/\/www.fabricair.com\/mx\/#website","url":"https:\/\/www.fabricair.com\/mx\/","name":"Mexico FabricAir","description":"","potentialAction":[{"@type":"SearchAction","target":{"@type":"EntryPoint","urlTemplate":"https:\/\/www.fabricair.com\/mx\/?s={search_term_string}"},"query-input":{"@type":"PropertyValueSpecification","valueRequired":true,"valueName":"search_term_string"}}],"inLanguage":"en-US"}]}},"_links":{"self":[{"href":"https:\/\/www.fabricair.com\/mx\/wp-json\/wp\/v2\/pages\/6812","targetHints":{"allow":["GET"]}}],"collection":[{"href":"https:\/\/www.fabricair.com\/mx\/wp-json\/wp\/v2\/pages"}],"about":[{"href":"https:\/\/www.fabricair.com\/mx\/wp-json\/wp\/v2\/types\/page"}],"author":[{"embeddable":true,"href":"https:\/\/www.fabricair.com\/mx\/wp-json\/wp\/v2\/users\/1"}],"replies":[{"embeddable":true,"href":"https:\/\/www.fabricair.com\/mx\/wp-json\/wp\/v2\/comments?post=6812"}],"version-history":[{"count":6,"href":"https:\/\/www.fabricair.com\/mx\/wp-json\/wp\/v2\/pages\/6812\/revisions"}],"predecessor-version":[{"id":7744,"href":"https:\/\/www.fabricair.com\/mx\/wp-json\/wp\/v2\/pages\/6812\/revisions\/7744"}],"wp:featuredmedia":[{"embeddable":true,"href":"https:\/\/www.fabricair.com\/mx\/wp-json\/wp\/v2\/media\/6511"}],"wp:attachment":[{"href":"https:\/\/www.fabricair.com\/mx\/wp-json\/wp\/v2\/media?parent=6812"}],"curies":[{"name":"wp","href":"https:\/\/api.w.org\/{rel}","templated":true}]}}