{"id":75,"date":"2022-02-04T07:56:24","date_gmt":"2022-02-04T07:56:24","guid":{"rendered":"https:\/\/fabricair.com\/mx\/?page_id=75"},"modified":"2026-01-30T02:45:14","modified_gmt":"2026-01-30T08:45:14","slug":"servicios","status":"publish","type":"page","link":"https:\/\/www.fabricair.com\/mx\/servicios\/","title":{"rendered":"Servicios"},"content":{"rendered":"<p>Los clientes de FabricAir\u00ae pueden comprobar nuestro compromiso con los servicios de calidad desde el primer momento en que utilizan nuestras soluciones. Ya sea utilizando el an\u00e1lisis CFD de FabricAir\u00ae para confirmar los dise\u00f1os de ventilaci\u00f3n o aprovechando los acuerdos de servicio de instalaci\u00f3n, mantenimiento y atenci\u00f3n posterior, en FabricAir\u00ae estamos listos para garantizar que nuestros productos cumplan con las expectativas del cliente a\u00f1o tras a\u00f1o.<\/p>\n<p>En FabricAir abordamos cada proyecto de dos maneras. Primero, escuchamos a nuestros clientes y dise\u00f1amos una soluci\u00f3n de acuerdo con sus requisitos. En segundo lugar, si lo solicita, podemos brindarle nuestra recomendaci\u00f3n, basada en muchos a\u00f1os de experiencia en diferentes aplicaciones. Luego, dise\u00f1amos una soluci\u00f3n a la medida que nuestros ingenieros creen que ser\u00e1 la mejor opci\u00f3n para la instalaci\u00f3n.<\/p>\n<p>FabricAir\u00ae cuenta con m\u00e1s de 20 a\u00f1os de experiencia en instalaci\u00f3n de llave en mano. Junto con nuestros socios de confianza y equipos de instalaci\u00f3n altamente calificados, podemos instalar nuestras soluciones textiles en cualquier sitio en la mitad del tiempo que le tomar\u00eda a un contratista regular, lo que contribuye significativamente a la eficiencia del tiempo.<\/p>\n<p>Aunque los ductos FabricAir\u00ae requieren un mantenimiento y cuidado posterior m\u00ednimo o, entendemos que algunas industrias dictan el mantenimiento de acuerdo con las regulaciones locales. En algunas aplicaciones, como el procesamiento de alimentos o las instalaciones de cultivo en interiores, es necesario limpiar el sistema HVAC de acuerdo con las reglamentaciones. Nuestros equipos est\u00e1n listos para brindar un servicio de llave en mano que incluye la desinstalaci\u00f3n, limpieza y reinstalaci\u00f3n de los sistemas lo antes posible.<\/p>\n<p>El servicio FabricAir\u00ae CFD es la mejor manera de demostrar la eficiencia de las soluciones de difusi\u00f3n de aire. Cada informe se realiza a medida del cliente, analizando sus necesidades espec\u00edficas y teniendo en cuenta los requisitos y condiciones espec\u00edficas del proyecto. Un an\u00e1lisis CFD puede demostrar que un ducto de tela con la ingenier\u00eda correcta solucionar\u00e1 cualquier problema de ventilaci\u00f3n.<\/p>\n<p>En FabricAir contamos con la experiencia y el conocimiento para guiarte a trav\u00e9s de tu proyecto.<\/p>\n","protected":false},"excerpt":{"rendered":"<p>Los clientes de FabricAir\u00ae pueden comprobar nuestro compromiso con los servicios de calidad desde el primer momento en que utilizan nuestras soluciones. Ya sea utilizando el an\u00e1lisis CFD de FabricAir\u00ae para confirmar los dise\u00f1os de ventilaci\u00f3n o aprovechando los acuerdos de servicio de instalaci\u00f3n, mantenimiento y atenci\u00f3n posterior, en FabricAir\u00ae estamos listos para garantizar que [&hellip;]<\/p>\n","protected":false},"author":1,"featured_media":6281,"parent":0,"menu_order":77,"comment_status":"closed","ping_status":"closed","template":"","meta":{"_acf_changed":false,"inline_featured_image":false,"footnotes":""},"class_list":["post-75","page","type-page","status-publish","has-post-thumbnail","hentry"],"acf":[],"yoast_head":"<!-- This site is optimized with the Yoast SEO plugin v27.3 - https:\/\/yoast.com\/product\/yoast-seo-wordpress\/ -->\n<title>Servicios | Mexico FabricAir<\/title>\n<meta name=\"description\" content=\"Compromiso total con los servicios de calidad. Compru\u00e9balo al usar nuestras soluciones: soporte y asistencia de primera desde el inicio.\" \/>\n<meta name=\"robots\" content=\"index, follow, max-snippet:-1, max-image-preview:large, max-video-preview:-1\" \/>\n<link rel=\"canonical\" href=\"https:\/\/www.fabricair.com\/mx\/wp-json\/wp\/v2\/pages\/75\/\" \/>\n<meta property=\"og:locale\" content=\"en_US\" \/>\n<meta property=\"og:type\" content=\"article\" \/>\n<meta property=\"og:title\" content=\"Servicios - Mexico FabricAir\" \/>\n<meta property=\"og:description\" content=\"Compromiso total con los servicios de calidad. Compru\u00e9balo al usar nuestras soluciones: soporte y asistencia de primera desde el inicio.\" \/>\n<meta property=\"og:url\" content=\"https:\/\/www.fabricair.com\/es\/servicios\/\" \/>\n<meta property=\"og:site_name\" content=\"Mexico FabricAir\" \/>\n<meta property=\"article:modified_time\" content=\"2026-01-30T08:45:14+00:00\" \/>\n<meta property=\"og:image\" content=\"https:\/\/www.fabricair.com\/mx\/wp-content\/uploads\/sites\/31\/2022\/04\/shutterstock_350762249-scaled.jpg\" \/>\n\t<meta property=\"og:image:width\" content=\"2560\" \/>\n\t<meta property=\"og:image:height\" content=\"1709\" \/>\n\t<meta property=\"og:image:type\" content=\"image\/jpeg\" \/>\n<meta name=\"twitter:card\" content=\"summary_large_image\" \/>\n<meta name=\"twitter:label1\" content=\"Est. reading time\" \/>\n\t<meta name=\"twitter:data1\" content=\"2 minutes\" \/>\n<script type=\"application\/ld+json\" class=\"yoast-schema-graph\">{\"@context\":\"https:\\\/\\\/schema.org\",\"@graph\":[{\"@type\":\"WebPage\",\"@id\":\"https:\\\/\\\/www.fabricair.com\\\/mx\\\/servicios\\\/\",\"url\":\"https:\\\/\\\/www.fabricair.com\\\/es\\\/servicios\\\/\",\"name\":\"Servicios - Mexico FabricAir\",\"isPartOf\":{\"@id\":\"https:\\\/\\\/www.fabricair.com\\\/mx\\\/#website\"},\"primaryImageOfPage\":{\"@id\":\"https:\\\/\\\/www.fabricair.com\\\/es\\\/servicios\\\/#primaryimage\"},\"image\":{\"@id\":\"https:\\\/\\\/www.fabricair.com\\\/es\\\/servicios\\\/#primaryimage\"},\"thumbnailUrl\":\"https:\\\/\\\/www.fabricair.com\\\/mx\\\/wp-content\\\/uploads\\\/sites\\\/31\\\/2022\\\/04\\\/shutterstock_350762249-scaled.jpg\",\"datePublished\":\"2022-02-04T07:56:24+00:00\",\"dateModified\":\"2026-01-30T08:45:14+00:00\",\"description\":\"Compromiso total con los servicios de calidad. Compru\u00e9balo al usar nuestras soluciones: soporte y asistencia de primera desde el inicio.\",\"breadcrumb\":{\"@id\":\"https:\\\/\\\/www.fabricair.com\\\/es\\\/servicios\\\/#breadcrumb\"},\"inLanguage\":\"en-US\",\"potentialAction\":[{\"@type\":\"ReadAction\",\"target\":[\"https:\\\/\\\/www.fabricair.com\\\/es\\\/servicios\\\/\"]}]},{\"@type\":\"ImageObject\",\"inLanguage\":\"en-US\",\"@id\":\"https:\\\/\\\/www.fabricair.com\\\/es\\\/servicios\\\/#primaryimage\",\"url\":\"https:\\\/\\\/www.fabricair.com\\\/mx\\\/wp-content\\\/uploads\\\/sites\\\/31\\\/2022\\\/04\\\/shutterstock_350762249-scaled.jpg\",\"contentUrl\":\"https:\\\/\\\/www.fabricair.com\\\/mx\\\/wp-content\\\/uploads\\\/sites\\\/31\\\/2022\\\/04\\\/shutterstock_350762249-scaled.jpg\",\"width\":2560,\"height\":1709,\"caption\":\"Servicios\"},{\"@type\":\"BreadcrumbList\",\"@id\":\"https:\\\/\\\/www.fabricair.com\\\/es\\\/servicios\\\/#breadcrumb\",\"itemListElement\":[{\"@type\":\"ListItem\",\"position\":1,\"name\":\"Home\",\"item\":\"https:\\\/\\\/www.fabricair.com\\\/mx\\\/\"},{\"@type\":\"ListItem\",\"position\":2,\"name\":\"Servicios\"}]},{\"@type\":\"WebSite\",\"@id\":\"https:\\\/\\\/www.fabricair.com\\\/mx\\\/#website\",\"url\":\"https:\\\/\\\/www.fabricair.com\\\/mx\\\/\",\"name\":\"Mexico FabricAir\",\"description\":\"\",\"potentialAction\":[{\"@type\":\"SearchAction\",\"target\":{\"@type\":\"EntryPoint\",\"urlTemplate\":\"https:\\\/\\\/www.fabricair.com\\\/mx\\\/?s={search_term_string}\"},\"query-input\":{\"@type\":\"PropertyValueSpecification\",\"valueRequired\":true,\"valueName\":\"search_term_string\"}}],\"inLanguage\":\"en-US\"}]}<\/script>\n<!-- \/ Yoast SEO plugin. -->","yoast_head_json":{"title":"Servicios | Mexico FabricAir","description":"Compromiso total con los servicios de calidad. Compru\u00e9balo al usar nuestras soluciones: soporte y asistencia de primera desde el inicio.","robots":{"index":"index","follow":"follow","max-snippet":"max-snippet:-1","max-image-preview":"max-image-preview:large","max-video-preview":"max-video-preview:-1"},"canonical":"https:\/\/www.fabricair.com\/mx\/wp-json\/wp\/v2\/pages\/75\/","og_locale":"en_US","og_type":"article","og_title":"Servicios - Mexico FabricAir","og_description":"Compromiso total con los servicios de calidad. Compru\u00e9balo al usar nuestras soluciones: soporte y asistencia de primera desde el inicio.","og_url":"https:\/\/www.fabricair.com\/es\/servicios\/","og_site_name":"Mexico FabricAir","article_modified_time":"2026-01-30T08:45:14+00:00","og_image":[{"width":2560,"height":1709,"url":"https:\/\/www.fabricair.com\/mx\/wp-content\/uploads\/sites\/31\/2022\/04\/shutterstock_350762249-scaled.jpg","type":"image\/jpeg"}],"twitter_card":"summary_large_image","twitter_misc":{"Est. reading time":"2 minutes"},"schema":{"@context":"https:\/\/schema.org","@graph":[{"@type":"WebPage","@id":"https:\/\/www.fabricair.com\/mx\/servicios\/","url":"https:\/\/www.fabricair.com\/es\/servicios\/","name":"Servicios - Mexico FabricAir","isPartOf":{"@id":"https:\/\/www.fabricair.com\/mx\/#website"},"primaryImageOfPage":{"@id":"https:\/\/www.fabricair.com\/es\/servicios\/#primaryimage"},"image":{"@id":"https:\/\/www.fabricair.com\/es\/servicios\/#primaryimage"},"thumbnailUrl":"https:\/\/www.fabricair.com\/mx\/wp-content\/uploads\/sites\/31\/2022\/04\/shutterstock_350762249-scaled.jpg","datePublished":"2022-02-04T07:56:24+00:00","dateModified":"2026-01-30T08:45:14+00:00","description":"Compromiso total con los servicios de calidad. Compru\u00e9balo al usar nuestras soluciones: soporte y asistencia de primera desde el inicio.","breadcrumb":{"@id":"https:\/\/www.fabricair.com\/es\/servicios\/#breadcrumb"},"inLanguage":"en-US","potentialAction":[{"@type":"ReadAction","target":["https:\/\/www.fabricair.com\/es\/servicios\/"]}]},{"@type":"ImageObject","inLanguage":"en-US","@id":"https:\/\/www.fabricair.com\/es\/servicios\/#primaryimage","url":"https:\/\/www.fabricair.com\/mx\/wp-content\/uploads\/sites\/31\/2022\/04\/shutterstock_350762249-scaled.jpg","contentUrl":"https:\/\/www.fabricair.com\/mx\/wp-content\/uploads\/sites\/31\/2022\/04\/shutterstock_350762249-scaled.jpg","width":2560,"height":1709,"caption":"Servicios"},{"@type":"BreadcrumbList","@id":"https:\/\/www.fabricair.com\/es\/servicios\/#breadcrumb","itemListElement":[{"@type":"ListItem","position":1,"name":"Home","item":"https:\/\/www.fabricair.com\/mx\/"},{"@type":"ListItem","position":2,"name":"Servicios"}]},{"@type":"WebSite","@id":"https:\/\/www.fabricair.com\/mx\/#website","url":"https:\/\/www.fabricair.com\/mx\/","name":"Mexico FabricAir","description":"","potentialAction":[{"@type":"SearchAction","target":{"@type":"EntryPoint","urlTemplate":"https:\/\/www.fabricair.com\/mx\/?s={search_term_string}"},"query-input":{"@type":"PropertyValueSpecification","valueRequired":true,"valueName":"search_term_string"}}],"inLanguage":"en-US"}]}},"_links":{"self":[{"href":"https:\/\/www.fabricair.com\/mx\/wp-json\/wp\/v2\/pages\/75","targetHints":{"allow":["GET"]}}],"collection":[{"href":"https:\/\/www.fabricair.com\/mx\/wp-json\/wp\/v2\/pages"}],"about":[{"href":"https:\/\/www.fabricair.com\/mx\/wp-json\/wp\/v2\/types\/page"}],"author":[{"embeddable":true,"href":"https:\/\/www.fabricair.com\/mx\/wp-json\/wp\/v2\/users\/1"}],"replies":[{"embeddable":true,"href":"https:\/\/www.fabricair.com\/mx\/wp-json\/wp\/v2\/comments?post=75"}],"version-history":[{"count":44,"href":"https:\/\/www.fabricair.com\/mx\/wp-json\/wp\/v2\/pages\/75\/revisions"}],"predecessor-version":[{"id":8648,"href":"https:\/\/www.fabricair.com\/mx\/wp-json\/wp\/v2\/pages\/75\/revisions\/8648"}],"wp:featuredmedia":[{"embeddable":true,"href":"https:\/\/www.fabricair.com\/mx\/wp-json\/wp\/v2\/media\/6281"}],"wp:attachment":[{"href":"https:\/\/www.fabricair.com\/mx\/wp-json\/wp\/v2\/media?parent=75"}],"curies":[{"name":"wp","href":"https:\/\/api.w.org\/{rel}","templated":true}]}}